{"id":2345,"date":"2024-06-17T07:49:48","date_gmt":"2024-06-17T07:49:48","guid":{"rendered":"https:\/\/lysinterfilter.com\/?post_type=product&#038;p=2345"},"modified":"2026-02-02T08:49:05","modified_gmt":"2026-02-02T08:49:05","slug":"hydrophilic-frits","status":"publish","type":"product","link":"https:\/\/lysinterfilter.com\/vi\/manufacturer\/hydrophilic-frits\/","title":{"rendered":"Frits \u01b0a n\u01b0\u1edbc"},"content":{"rendered":"<div class=\"row\"  id=\"row-511190808\">\n\n\t<div id=\"col-919043105\" class=\"col small-12 large-12\"  >\n\t\t\t\t<div class=\"col-inner\"  >\n\t\t\t\n\t\t\t\n<h2>Chi ti\u1ebft s\u1ea3n ph\u1ea9m<\/h2>\n<h4><strong>Gi\u1edbi thi\u1ec7u:<\/strong><\/h4>\n<p>Frit \u01b0a n\u01b0\u1edbc \u0111\u01b0\u1ee3c l\u00e0m t\u1eeb v\u1eadt li\u1ec7u PE c\u00f3 tr\u1ecdng l\u01b0\u1ee3ng ph\u00e2n t\u1eed si\u00eau cao k\u1ef5 n\u01b0\u1edbc (UHMW-PE) v\u1edbi quy tr\u00ecnh thi\u00eau k\u1ebft ti\u00ean ti\u1ebfn c\u1ee7a ch\u00fang t\u00f4i, sau \u0111\u00f3 \u0111\u01b0\u1ee3c bi\u1ebfn \u0111\u1ed5i \u0111\u1ec3 c\u00f3 b\u1ec1 m\u1eb7t \u01b0a n\u01b0\u1edbc.<\/p>\n<h4><strong>B\u1ea1n c\u00f3 th\u1ec3 ch\u1ecdn frit b\u1eb1ng c\u00e1ch:<\/strong><\/h4>\n<p>\u0110\u1ed9 d\u00e0y: 1,6 mm (1\/16\u2032); 2,5 mm (1\/10\u2032), c\u00f3 th\u1ec3 t\u00f9y ch\u1ec9nh \u0111\u1ed9 d\u00e0y kh\u00e1c.<\/p>\n<p>K\u00edch th\u01b0\u1edbc l\u1ed7 ch\u00e2n l\u00f4ng: 50 um, c\u00f3 th\u1ec3 t\u00f9y ch\u1ec9nh k\u00edch th\u01b0\u1edbc l\u1ed7 ch\u00e2n l\u00f4ng kh\u00e1c.<\/p>\n<p>\u0110\u01b0\u1eddng k\u00ednh: nh\u01b0 th\u1ec3 hi\u1ec7n trong b\u1ea3ng th\u00f4ng tin \u0111\u1eb7t h\u00e0ng sau.<\/p>\n\t<div id=\"text-3074001125\" class=\"text\">\n\t\t\n<h3><strong>\u1ea2nh:<\/strong><\/h3>\n\t\t\n<style>\n#text-3074001125 {\n  text-align: left;\n}\n<\/style>\n\t<\/div>\n\t\n\t<div class=\"img has-hover x md-x lg-x y md-y lg-y\" id=\"image_446696574\">\n\t\t\t\t\t\t\t\t<div class=\"img-inner dark\" >\n\t\t\t\t\t\t\t\t\t\n\t\t\t\t\t<\/div>\n\t\t\t\t\t\t\t\t\n<style>\n#image_446696574 {\n  width: 100%;\n}\n<\/style>\n\t<\/div>\n\t\n<h3><strong>Th\u00f4ng tin \u0111\u1eb7t h\u00e0ng:<\/strong><\/h3>\n<div style=\"overflow: auto;\">\n\t\t<\/div>\n\t\t\t\t\t<\/div>\n\n\t\n\n\t<div id=\"col-254928311\" class=\"col small-12 large-12\"  >\n\t\t\t\t<div class=\"col-inner\"  >\n\t\t\t\n\t\t\t\n<p>\u1ee8ng d\u1ee5ng<\/p>\n\t<div class=\"img has-hover x md-x lg-x y md-y lg-y\" id=\"image_1529556249\">\n\t\t\t\t\t\t\t\t<div class=\"img-inner dark\" >\n\t\t\t<img loading=\"lazy\" decoding=\"async\" width=\"750\" height=\"350\" src=\"https:\/\/lysinterfilter.com\/wp-content\/uploads\/2024\/06\/Application.webp\" class=\"attachment-original size-original\" alt=\"\" srcset=\"https:\/\/lysinterfilter.com\/wp-content\/uploads\/2024\/06\/Application.webp 750w, https:\/\/lysinterfilter.com\/wp-content\/uploads\/2024\/06\/Application-300x140.webp 300w, https:\/\/lysinterfilter.com\/wp-content\/uploads\/2024\/06\/Application-18x8.webp 18w, https:\/\/lysinterfilter.com\/wp-content\/uploads\/2024\/06\/Application-600x280.webp 600w\" sizes=\"auto, (max-width: 750px) 100vw, 750px\" \/>\t\t\t\t\t\t\n\t\t\t\t\t<\/div>\n\t\t\t\t\t\t\t\t\n<style>\n#image_1529556249 {\n  width: 100%;\n}\n<\/style>\n\t<\/div>\n\t\n<p>A.Pharmaceutical Industry(1)Large infusion of water, pharmaceutical intermediates decarbonizationfiltration; fermentation broth, oral liquid(2)Powder activated carbon with decolorization filter(medicinal liquidglucose,antibiotics,synthetic medicine,preparation,Chinese herbal medicineliquid,etd.)(3)Injection liquid(4)Injection air filter(5)Injection washing bottle water(6)Medical liquor filtrationB.Chemical Industry(1)Aluminum hydroxide filtering and washing(2)Palladium catalyst filtering and washing(3)Phosphor filtering and washing(4)Zinc carbonate filtering(5)Sodium carbonate solution filtration(6)Barium sulfate filtering and washing(7)Cadmium sulfide filtering and washingC.Chemical fiber &amp; textile industry(1)Acid bath filtration(2)Sulfur and acrylic acid purification filtration(3)Silk water precifion filtrationD.Light industry and food industry(1)Syrup filtration(2)Drink filtration(3)Wine and white spirit filtration(4)Vegetable oil precision filtration(5)Essential oil filtration(6)Mineral water filtrationE.Machinery and Oil industry(1)Plating solution filtration(2)Internal combustion engine cleaning fluid precision filtration(3)Oil field washing filtration(4)Electrical industry ultra-pure water equipmentF.Waste water treatment(1)Heavy mental hydroxide waste water treatment(2)Mix-ture heavy metals waste water treatment(3)Chemical waste water treatment(4)Ceramic waste water treatment(5)Aluminum-containing waste water treatment(6)Other waste water treatment<\/p>\n\t\t<\/div>\n\t\t\t\t\t<\/div>\n\n\t\n\n\t<div id=\"col-1010266445\" class=\"col small-12 large-12\"  >\n\t\t\t\t<div class=\"col-inner\"  >\n\t\t\t\n\t\t\t\n<p>Ch\u1ee9ng nh\u1eadn<\/p>\n\t<div class=\"img has-hover x md-x lg-x y md-y lg-y\" id=\"image_2021041136\">\n\t\t\t\t\t\t\t\t<div class=\"img-inner dark\" >\n\t\t\t<img loading=\"lazy\" decoding=\"async\" width=\"750\" height=\"450\" src=\"https:\/\/lysinterfilter.com\/wp-content\/uploads\/2024\/06\/Certifications.webp\" class=\"attachment-original size-original\" alt=\"\" srcset=\"https:\/\/lysinterfilter.com\/wp-content\/uploads\/2024\/06\/Certifications.webp 750w, https:\/\/lysinterfilter.com\/wp-content\/uploads\/2024\/06\/Certifications-300x180.webp 300w, https:\/\/lysinterfilter.com\/wp-content\/uploads\/2024\/06\/Certifications-18x12.webp 18w, https:\/\/lysinterfilter.com\/wp-content\/uploads\/2024\/06\/Certifications-600x360.webp 600w\" sizes=\"auto, (max-width: 750px) 100vw, 750px\" \/>\t\t\t\t\t\t\n\t\t\t\t\t<\/div>\n\t\t\t\t\t\t\t\t\n<style>\n#image_2021041136 {\n  width: 100%;\n}\n<\/style>\n\t<\/div>\n\t\n\t\t<\/div>\n\t\t\t\t\t<\/div>\n\n\t\n<\/div>\n<table border=\"\u201d1\u2033\" width=\"\u201d3000px\u201d\" align=\"\u201dcenter\u201d\">\n<tbody>\n<tr class=\"firstRow\">\n<th>M\u00e8o #<\/th>\n<th>T\u00ean s\u1ea3n ph\u1ea9m<\/th>\n<th>\u0110\u01b0\u1eddng k\u00ednh<\/th>\n<th>\u0110\u1ed9 d\u00e0y<\/th>\n<th>K\u00edch th\u01b0\u1edbc l\u1ed7 ch\u00e2n l\u00f4ng<\/th>\n<th>S\u1ed1 l\u01b0\u1ee3ng<\/th>\n<\/tr>\n<tr>\n<td>LY-LF014-12-20<\/td>\n<td>Frits \u01b0a n\u01b0\u1edbc<\/td>\n<td>1,4mm<\/td>\n<td>1,2mm<\/td>\n<td>20 um<\/td>\n<td>1.000\/g\u00f3i<\/td>\n<\/tr>\n<tr>\n<td>LY-LF016-16-50<\/td>\n<td>Frits \u01b0a n\u01b0\u1edbc<\/td>\n<td>1,6mm<\/td>\n<td>1,6mm<\/td>\n<td>50 um<\/td>\n<td>1.000\/g\u00f3i<\/td>\n<\/tr>\n<tr>\n<td>LY-LF025-16-50<\/td>\n<td>Frits \u01b0a n\u01b0\u1edbc<\/td>\n<td>2,5mm<\/td>\n<td>1,6mm<\/td>\n<td>50 um<\/td>\n<td>1.000\/g\u00f3i<\/td>\n<\/tr>\n<tr>\n<td>LY-LF040-16-50<\/td>\n<td>Frits \u01b0a n\u01b0\u1edbc<\/td>\n<td>4,0mm<\/td>\n<td>1,6mm<\/td>\n<td>50 um<\/td>\n<td>1.000\/g\u00f3i<\/td>\n<\/tr>\n<tr>\n<td>LY-LF048-32-05<\/td>\n<td>Frits \u01b0a n\u01b0\u1edbc<\/td>\n<td>4,8mm<\/td>\n<td>3,2mm<\/td>\n<td>5 um<\/td>\n<td>1.000\/g\u00f3i<\/td>\n<\/tr>\n<tr>\n<td>LY-LF058-16-50<\/td>\n<td>Frits \u01b0a n\u01b0\u1edbc<\/td>\n<td>5,8mm<\/td>\n<td>1,6mm<\/td>\n<td>50 um<\/td>\n<td>1.000\/g\u00f3i<\/td>\n<\/tr>\n<tr>\n<td>LY-LF066-16-02<\/td>\n<td>Frits \u01b0a n\u01b0\u1edbc<\/td>\n<td>6,6mm<\/td>\n<td>1,6mm<\/td>\n<td>2 um<\/td>\n<td>1.000\/g\u00f3i<\/td>\n<\/tr>\n<tr>\n<td>LY-LF066-16-50<\/td>\n<td>Frits \u01b0a n\u01b0\u1edbc<\/td>\n<td>6,6mm<\/td>\n<td>1,6mm<\/td>\n<td>50 um<\/td>\n<td>1.000\/g\u00f3i<\/td>\n<\/tr>\n<tr>\n<td>LY-LF072-16-50<\/td>\n<td>Frits \u01b0a n\u01b0\u1edbc<\/td>\n<td>7,2mm<\/td>\n<td>1,6mm<\/td>\n<td>50 um<\/td>\n<td>1.000\/g\u00f3i<\/td>\n<\/tr>\n<tr>\n<td>LY-LF074-16-20<\/td>\n<td>Frits \u01b0a n\u01b0\u1edbc<\/td>\n<td>7,4mm<\/td>\n<td>1,6mm<\/td>\n<td>20 um<\/td>\n<td>1.000\/g\u00f3i<\/td>\n<\/tr>\n<tr>\n<td>LY-LF074-16-50<\/td>\n<td>Frits \u01b0a n\u01b0\u1edbc<\/td>\n<td>7,4mm<\/td>\n<td>1,6mm<\/td>\n<td>50 um<\/td>\n<td>1.000\/g\u00f3i<\/td>\n<\/tr>\n<tr>\n<td>LY-LF080-16-50<\/td>\n<td>Frits \u01b0a n\u01b0\u1edbc<\/td>\n<td>8,0mm<\/td>\n<td>1,6mm<\/td>\n<td>50 um<\/td>\n<td>1.000\/g\u00f3i<\/td>\n<\/tr>\n<tr>\n<td>LY-LF090-16-50<\/td>\n<td>Frits \u01b0a n\u01b0\u1edbc<\/td>\n<td>9,0mm<\/td>\n<td>1,6mm<\/td>\n<td>50 um<\/td>\n<td>1.000\/g\u00f3i<\/td>\n<\/tr>\n<tr>\n<td>LY-LF091-16-50<\/td>\n<td>Frits \u01b0a n\u01b0\u1edbc<\/td>\n<td>9,1mm<\/td>\n<td>1,6mm<\/td>\n<td>50 um<\/td>\n<td>1.000\/g\u00f3i<\/td>\n<\/tr>\n<tr>\n<td>LY-LF093-16-50<\/td>\n<td>Frits \u01b0a n\u01b0\u1edbc<\/td>\n<td>9,3mm<\/td>\n<td>1,6mm<\/td>\n<td>50 um<\/td>\n<td>1.000\/g\u00f3i<\/td>\n<\/tr>\n<tr>\n<td>LY-LF125-16-50<\/td>\n<td>Frits \u01b0a n\u01b0\u1edbc<\/td>\n<td>12,5mm<\/td>\n<td>1,6mm<\/td>\n<td>50 um<\/td>\n<td>1.000\/g\u00f3i<\/td>\n<\/tr>\n<tr>\n<td>LY-LF127-16-50<\/td>\n<td>Frits \u01b0a n\u01b0\u1edbc<\/td>\n<td>12,7mm<\/td>\n<td>1,6mm<\/td>\n<td>50 um<\/td>\n<td>1.000\/g\u00f3i<\/td>\n<\/tr>\n<tr>\n<td>LY-LF130-16-50<\/td>\n<td>Frits \u01b0a n\u01b0\u1edbc<\/td>\n<td>13,0mm<\/td>\n<td>1,6mm<\/td>\n<td>50 um<\/td>\n<td>1.000\/g\u00f3i<\/td>\n<\/tr>\n<tr>\n<td>LY-LF151-16-50<\/td>\n<td>Frits \u01b0a n\u01b0\u1edbc<\/td>\n<td>15,1mm<\/td>\n<td>1,6mm<\/td>\n<td>50 um<\/td>\n<td>1.000\/g\u00f3i<\/td>\n<\/tr>\n<tr>\n<td>LY-LF197-16-50<\/td>\n<td>Frits \u01b0a n\u01b0\u1edbc<\/td>\n<td>19,7mm<\/td>\n<td>1,6mm<\/td>\n<td>50 um<\/td>\n<td>1.000\/g\u00f3i<\/td>\n<\/tr>\n<tr>\n<td>LY-LF228-16-50<\/td>\n<td>Frits \u01b0a n\u01b0\u1edbc<\/td>\n<td>22,8mm<\/td>\n<td>1,6mm<\/td>\n<td>50 um<\/td>\n<td>1.000\/g\u00f3i<\/td>\n<\/tr>\n<tr>\n<td>LY-LF236-16-50<\/td>\n<td>Frits \u01b0a n\u01b0\u1edbc<\/td>\n<td>23,6mm<\/td>\n<td>1,6mm<\/td>\n<td>50 um<\/td>\n<td>1.000\/g\u00f3i<\/td>\n<\/tr>\n<tr>\n<td>LY-LF273-25-50<\/td>\n<td>Frits \u01b0a n\u01b0\u1edbc<\/td>\n<td>27,3mm<\/td>\n<td>2,5mm<\/td>\n<td>50 um<\/td>\n<td>1.000\/g\u00f3i<\/td>\n<\/tr>\n<tr>\n<td>LY-LF292-16-50<\/td>\n<td>Frits \u01b0a n\u01b0\u1edbc<\/td>\n<td>29,2mm<\/td>\n<td>1,6mm<\/td>\n<td>50 um<\/td>\n<td>1.000\/g\u00f3i<\/td>\n<\/tr>\n<tr>\n<td>LY-LF296-25-50<\/td>\n<td>Frits \u01b0a n\u01b0\u1edbc<\/td>\n<td>29,6mm<\/td>\n<td>2,5mm<\/td>\n<td>50 um<\/td>\n<td>1.000\/g\u00f3i<\/td>\n<\/tr>\n<tr>\n<td>LY-LF495-16-50<\/td>\n<td>Frits \u01b0a n\u01b0\u1edbc<\/td>\n<td>49,5mm<\/td>\n<td>1,6mm<\/td>\n<td>50 um<\/td>\n<td>1.000\/g\u00f3i<\/td>\n<\/tr>\n<tr>\n<td>LY-LF510-16-50<\/td>\n<td>Frits \u01b0a n\u01b0\u1edbc<\/td>\n<td>51,0mm<\/td>\n<td>1,6mm<\/td>\n<td>50 um<\/td>\n<td>1.000\/g\u00f3i<\/td>\n<\/tr>\n<\/tbody>\n<\/table>\n<\/div>","protected":false},"excerpt":{"rendered":"<ul>\n<li>MOQ\uff1a<span id=\"dr_show_hits_179\">1 C\u00c1I<\/span><\/li>\n<li>T\u00f9y ch\u1ec9nh\uff1a\u0110\u00e3 ch\u1ea5p nh\u1eadn<\/li>\n<li>Brand\uff1aOEM<\/li>\n<li>Th\u1eddi gian giao h\u00e0ng: Trong v\u00f2ng 7 ng\u00e0y<\/li>\n<li>Ch\u1ee9ng nh\u1eadn: CE; ISO 9001<\/li>\n<li>G\u1eedi Email:<\/li>\n<li><a href=\"mailto:info@lysinterfilter.com\">info@lysinterfilter.com<\/a><\/li>\n<\/ul>","protected":false},"featured_media":2647,"template":"","meta":[],"product_brand":[],"product_cat":[41],"product_tag":[],"class_list":{"0":"post-2345","1":"product","2":"type-product","3":"status-publish","4":"has-post-thumbnail","6":"product_cat-laboratory-filter","8":"first","9":"instock","10":"shipping-taxable","11":"product-type-simple"},"yoast_head":"<!-- This site is optimized with the Yoast SEO plugin v27.2 - https:\/\/yoast.com\/product\/yoast-seo-wordpress\/ -->\n<title>Hydrophilic Frits - Porous Plastic Filter Manufacturer China<\/title>\n<meta name=\"description\" content=\"Explore our premium hydrophilic frits, designed for efficient liquid filtration and uniform flow in various applications. Ideal for laboratories and industrial use, our frits ensure reliable performance and exceptional durability.\" \/>\n<meta name=\"robots\" content=\"index, follow, max-snippet:-1, max-image-preview:large, max-video-preview:-1\" \/>\n<link rel=\"canonical\" href=\"https:\/\/lysinterfilter.com\/vi\/manufacturer\/hydrophilic-frits\/\" \/>\n<meta property=\"og:locale\" content=\"vi_VN\" \/>\n<meta property=\"og:type\" content=\"article\" \/>\n<meta property=\"og:title\" content=\"Hydrophilic Frits - Porous Plastic Filter Manufacturer China\" \/>\n<meta property=\"og:description\" content=\"Explore our premium hydrophilic frits, designed for efficient liquid filtration and uniform flow in various applications. Ideal for laboratories and industrial use, our frits ensure reliable performance and exceptional durability.\" \/>\n<meta property=\"og:url\" content=\"https:\/\/lysinterfilter.com\/vi\/manufacturer\/hydrophilic-frits\/\" \/>\n<meta property=\"og:site_name\" content=\"Porous Plastic Filter Manufacturer China\" \/>\n<meta property=\"article:modified_time\" content=\"2026-02-02T08:49:05+00:00\" \/>\n<meta property=\"og:image\" content=\"https:\/\/lysinterfilter.com\/wp-content\/uploads\/2024\/06\/pe103.jpg\" \/>\n\t<meta property=\"og:image:width\" content=\"1024\" \/>\n\t<meta property=\"og:image:height\" content=\"898\" \/>\n\t<meta property=\"og:image:type\" content=\"image\/jpeg\" \/>\n<meta name=\"twitter:card\" content=\"summary_large_image\" \/>\n<meta name=\"twitter:label1\" content=\"\u01af\u1edbc t\u00ednh th\u1eddi gian \u0111\u1ecdc\" \/>\n\t<meta name=\"twitter:data1\" content=\"3 ph\u00fat\" \/>\n<script type=\"application\/ld+json\" class=\"yoast-schema-graph\">{\"@context\":\"https:\/\/schema.org\",\"@graph\":[{\"@type\":\"WebPage\",\"@id\":\"https:\/\/lysinterfilter.com\/manufacturer\/hydrophilic-frits\/\",\"url\":\"https:\/\/lysinterfilter.com\/manufacturer\/hydrophilic-frits\/\",\"name\":\"Hydrophilic Frits - Porous Plastic Filter Manufacturer China\",\"isPartOf\":{\"@id\":\"https:\/\/lysinterfilter.com\/#website\"},\"primaryImageOfPage\":{\"@id\":\"https:\/\/lysinterfilter.com\/manufacturer\/hydrophilic-frits\/#primaryimage\"},\"image\":{\"@id\":\"https:\/\/lysinterfilter.com\/manufacturer\/hydrophilic-frits\/#primaryimage\"},\"thumbnailUrl\":\"https:\/\/lysinterfilter.com\/wp-content\/uploads\/2024\/06\/pe103.jpg\",\"datePublished\":\"2024-06-17T07:49:48+00:00\",\"dateModified\":\"2026-02-02T08:49:05+00:00\",\"description\":\"Explore our premium hydrophilic frits, designed for efficient liquid filtration and uniform flow in various applications. Ideal for laboratories and industrial use, our frits ensure reliable performance and exceptional durability.\",\"breadcrumb\":{\"@id\":\"https:\/\/lysinterfilter.com\/manufacturer\/hydrophilic-frits\/#breadcrumb\"},\"inLanguage\":\"vi\",\"potentialAction\":[{\"@type\":\"ReadAction\",\"target\":[\"https:\/\/lysinterfilter.com\/manufacturer\/hydrophilic-frits\/\"]}]},{\"@type\":\"ImageObject\",\"inLanguage\":\"vi\",\"@id\":\"https:\/\/lysinterfilter.com\/manufacturer\/hydrophilic-frits\/#primaryimage\",\"url\":\"https:\/\/lysinterfilter.com\/wp-content\/uploads\/2024\/06\/pe103.jpg\",\"contentUrl\":\"https:\/\/lysinterfilter.com\/wp-content\/uploads\/2024\/06\/pe103.jpg\",\"width\":1024,\"height\":898,\"caption\":\"{\\\"data\\\":{\\\"pictureId\\\":\\\"6fecab1b880442deba48ddfe2beb7ff8\\\",\\\"appversion\\\":\\\"14.0.0\\\",\\\"stickerId\\\":\\\"\\\",\\\"filterId\\\":\\\"\\\",\\\"infoStickerId\\\":\\\"\\\",\\\"imageEffectId\\\":\\\"\\\",\\\"playId\\\":\\\"\\\",\\\"activityName\\\":\\\"\\\",\\\"os\\\":\\\"android\\\",\\\"product\\\":\\\"retouch\\\",\\\"originAppId\\\":\\\"2515\\\",\\\"exportType\\\":\\\"\\\",\\\"editType\\\":\\\"\\\",\\\"alias\\\":\\\"\\\",\\\"enterFrom\\\":\\\"enter_launch\\\",\\\"capability_key\\\":[\\\"erase\\\"],\\\"capability_extra_v2\\\":{\\\"erase\\\":[{\\\"panel\\\":\\\"eliminatePen\\\"}]},\\\"effect_type\\\":\\\"tool\\\",\\\"effect_id\\\":\\\"erase\\\"},\\\"source_type\\\":\\\"douyin_beauty_me\\\"}\"},{\"@type\":\"BreadcrumbList\",\"@id\":\"https:\/\/lysinterfilter.com\/manufacturer\/hydrophilic-frits\/#breadcrumb\",\"itemListElement\":[{\"@type\":\"ListItem\",\"position\":1,\"name\":\"Home\",\"item\":\"https:\/\/lysinterfilter.com\/\"},{\"@type\":\"ListItem\",\"position\":2,\"name\":\"Products\",\"item\":\"https:\/\/lysinterfilter.com\/shop\/\"},{\"@type\":\"ListItem\",\"position\":3,\"name\":\"Hydrophilic Frits\"}]},{\"@type\":\"WebSite\",\"@id\":\"https:\/\/lysinterfilter.com\/#website\",\"url\":\"https:\/\/lysinterfilter.com\/\",\"name\":\"Porous Plastic Filter Manufacturer China\",\"description\":\"\",\"potentialAction\":[{\"@type\":\"SearchAction\",\"target\":{\"@type\":\"EntryPoint\",\"urlTemplate\":\"https:\/\/lysinterfilter.com\/?s={search_term_string}\"},\"query-input\":{\"@type\":\"PropertyValueSpecification\",\"valueRequired\":true,\"valueName\":\"search_term_string\"}}],\"inLanguage\":\"vi\"}]}<\/script>\n<!-- \/ Yoast SEO plugin. -->","yoast_head_json":{"title":"Hydrophilic Frits - Porous Plastic Filter Manufacturer China","description":"Kh\u00e1m ph\u00e1 c\u00e1c lo\u1ea1i frit \u01b0a n\u01b0\u1edbc cao c\u1ea5p c\u1ee7a ch\u00fang t\u00f4i, \u0111\u01b0\u1ee3c thi\u1ebft k\u1ebf \u0111\u1ec3 l\u1ecdc ch\u1ea5t l\u1ecfng hi\u1ec7u qu\u1ea3 v\u00e0 l\u01b0u l\u01b0\u1ee3ng \u0111\u1ed3ng \u0111\u1ec1u trong nhi\u1ec1u \u1ee9ng d\u1ee5ng kh\u00e1c nhau. L\u00fd t\u01b0\u1edfng cho ph\u00f2ng th\u00ed nghi\u1ec7m v\u00e0 s\u1eed d\u1ee5ng trong c\u00f4ng nghi\u1ec7p, frit c\u1ee7a ch\u00fang t\u00f4i \u0111\u1ea3m b\u1ea3o hi\u1ec7u su\u1ea5t \u0111\u00e1ng tin c\u1eady v\u00e0 \u0111\u1ed9 b\u1ec1n v\u01b0\u1ee3t tr\u1ed9i.","robots":{"index":"index","follow":"follow","max-snippet":"max-snippet:-1","max-image-preview":"max-image-preview:large","max-video-preview":"max-video-preview:-1"},"canonical":"https:\/\/lysinterfilter.com\/vi\/manufacturer\/hydrophilic-frits\/","og_locale":"vi_VN","og_type":"article","og_title":"Hydrophilic Frits - Porous Plastic Filter Manufacturer China","og_description":"Explore our premium hydrophilic frits, designed for efficient liquid filtration and uniform flow in various applications. Ideal for laboratories and industrial use, our frits ensure reliable performance and exceptional durability.","og_url":"https:\/\/lysinterfilter.com\/vi\/manufacturer\/hydrophilic-frits\/","og_site_name":"Porous Plastic Filter Manufacturer China","article_modified_time":"2026-02-02T08:49:05+00:00","og_image":[{"width":1024,"height":898,"url":"https:\/\/lysinterfilter.com\/wp-content\/uploads\/2024\/06\/pe103.jpg","type":"image\/jpeg"}],"twitter_card":"summary_large_image","twitter_misc":{"\u01af\u1edbc t\u00ednh th\u1eddi gian \u0111\u1ecdc":"3 ph\u00fat"},"schema":{"@context":"https:\/\/schema.org","@graph":[{"@type":"WebPage","@id":"https:\/\/lysinterfilter.com\/manufacturer\/hydrophilic-frits\/","url":"https:\/\/lysinterfilter.com\/manufacturer\/hydrophilic-frits\/","name":"Hydrophilic Frits - Porous Plastic Filter Manufacturer China","isPartOf":{"@id":"https:\/\/lysinterfilter.com\/#website"},"primaryImageOfPage":{"@id":"https:\/\/lysinterfilter.com\/manufacturer\/hydrophilic-frits\/#primaryimage"},"image":{"@id":"https:\/\/lysinterfilter.com\/manufacturer\/hydrophilic-frits\/#primaryimage"},"thumbnailUrl":"https:\/\/lysinterfilter.com\/wp-content\/uploads\/2024\/06\/pe103.jpg","datePublished":"2024-06-17T07:49:48+00:00","dateModified":"2026-02-02T08:49:05+00:00","description":"Kh\u00e1m ph\u00e1 c\u00e1c lo\u1ea1i frit \u01b0a n\u01b0\u1edbc cao c\u1ea5p c\u1ee7a ch\u00fang t\u00f4i, \u0111\u01b0\u1ee3c thi\u1ebft k\u1ebf \u0111\u1ec3 l\u1ecdc ch\u1ea5t l\u1ecfng hi\u1ec7u qu\u1ea3 v\u00e0 l\u01b0u l\u01b0\u1ee3ng \u0111\u1ed3ng \u0111\u1ec1u trong nhi\u1ec1u \u1ee9ng d\u1ee5ng kh\u00e1c nhau. L\u00fd t\u01b0\u1edfng cho ph\u00f2ng th\u00ed nghi\u1ec7m v\u00e0 s\u1eed d\u1ee5ng trong c\u00f4ng nghi\u1ec7p, frit c\u1ee7a ch\u00fang t\u00f4i \u0111\u1ea3m b\u1ea3o hi\u1ec7u su\u1ea5t \u0111\u00e1ng tin c\u1eady v\u00e0 \u0111\u1ed9 b\u1ec1n v\u01b0\u1ee3t tr\u1ed9i.","breadcrumb":{"@id":"https:\/\/lysinterfilter.com\/manufacturer\/hydrophilic-frits\/#breadcrumb"},"inLanguage":"vi","potentialAction":[{"@type":"ReadAction","target":["https:\/\/lysinterfilter.com\/manufacturer\/hydrophilic-frits\/"]}]},{"@type":"ImageObject","inLanguage":"vi","@id":"https:\/\/lysinterfilter.com\/manufacturer\/hydrophilic-frits\/#primaryimage","url":"https:\/\/lysinterfilter.com\/wp-content\/uploads\/2024\/06\/pe103.jpg","contentUrl":"https:\/\/lysinterfilter.com\/wp-content\/uploads\/2024\/06\/pe103.jpg","width":1024,"height":898,"caption":"{\"data\":{\"pictureId\":\"6fecab1b880442deba48ddfe2beb7ff8\",\"appversion\":\"14.0.0\",\"stickerId\":\"\",\"filterId\":\"\",\"infoStickerId\":\"\",\"imageEffectId\":\"\",\"playId\":\"\",\"activityName\":\"\",\"os\":\"android\",\"product\":\"retouch\",\"originAppId\":\"2515\",\"exportType\":\"\",\"editType\":\"\",\"alias\":\"\",\"enterFrom\":\"enter_launch\",\"capability_key\":[\"erase\"],\"capability_extra_v2\":{\"erase\":[{\"panel\":\"eliminatePen\"}]},\"effect_type\":\"tool\",\"effect_id\":\"erase\"},\"source_type\":\"douyin_beauty_me\"}"},{"@type":"BreadcrumbList","@id":"https:\/\/lysinterfilter.com\/manufacturer\/hydrophilic-frits\/#breadcrumb","itemListElement":[{"@type":"ListItem","position":1,"name":"Home","item":"https:\/\/lysinterfilter.com\/"},{"@type":"ListItem","position":2,"name":"Products","item":"https:\/\/lysinterfilter.com\/shop\/"},{"@type":"ListItem","position":3,"name":"Hydrophilic Frits"}]},{"@type":"WebSite","@id":"https:\/\/lysinterfilter.com\/#website","url":"https:\/\/lysinterfilter.com\/","name":"Porous Plastic Filter Manufacturer China","description":"","potentialAction":[{"@type":"SearchAction","target":{"@type":"EntryPoint","urlTemplate":"https:\/\/lysinterfilter.com\/?s={search_term_string}"},"query-input":{"@type":"PropertyValueSpecification","valueRequired":true,"valueName":"search_term_string"}}],"inLanguage":"vi"}]}},"_links":{"self":[{"href":"https:\/\/lysinterfilter.com\/vi\/wp-json\/wp\/v2\/product\/2345","targetHints":{"allow":["GET"]}}],"collection":[{"href":"https:\/\/lysinterfilter.com\/vi\/wp-json\/wp\/v2\/product"}],"about":[{"href":"https:\/\/lysinterfilter.com\/vi\/wp-json\/wp\/v2\/types\/product"}],"wp:featuredmedia":[{"embeddable":true,"href":"https:\/\/lysinterfilter.com\/vi\/wp-json\/wp\/v2\/media\/2647"}],"wp:attachment":[{"href":"https:\/\/lysinterfilter.com\/vi\/wp-json\/wp\/v2\/media?parent=2345"}],"wp:term":[{"taxonomy":"product_brand","embeddable":true,"href":"https:\/\/lysinterfilter.com\/vi\/wp-json\/wp\/v2\/product_brand?post=2345"},{"taxonomy":"product_cat","embeddable":true,"href":"https:\/\/lysinterfilter.com\/vi\/wp-json\/wp\/v2\/product_cat?post=2345"},{"taxonomy":"product_tag","embeddable":true,"href":"https:\/\/lysinterfilter.com\/vi\/wp-json\/wp\/v2\/product_tag?post=2345"}],"curies":[{"name":"wp","href":"https:\/\/api.w.org\/{rel}","templated":true}]}}