{"id":2335,"date":"2024-06-17T06:46:48","date_gmt":"2024-06-17T06:46:48","guid":{"rendered":"https:\/\/lysinterfilter.com\/?post_type=product&#038;p=2335"},"modified":"2026-02-02T10:10:58","modified_gmt":"2026-02-02T10:10:58","slug":"dual-layered-filters-for-pipette-tips","status":"publish","type":"product","link":"https:\/\/lysinterfilter.com\/vi\/manufacturer\/dual-layered-filters-for-pipette-tips\/","title":{"rendered":"\u0110\u1ea7u l\u1ecdc Pipet hai l\u1edbp"},"content":{"rendered":"<div class=\"row\"  id=\"row-306985309\">\n\n\t<div id=\"col-677509313\" class=\"col small-12 large-12\"  >\n\t\t\t\t<div class=\"col-inner\"  >\n\t\t\t\n\t\t\t\n<h2>Chi ti\u1ebft s\u1ea3n ph\u1ea9m<\/h2>\n<h4>Gi\u1edbi thi\u1ec7u:<\/h4>\n<p>1) B\u1ed9 l\u1ecdc \u0111\u01b0\u1ee3c l\u00e0m b\u1eb1ng UHMW-PE, \u0111\u01b0\u1ee3c x\u1eed l\u00fd b\u1eb1ng ph\u01b0\u01a1ng ph\u00e1p th\u1ee7 c\u00f4ng \u0111\u1ed9c \u0111\u00e1o, c\u00f3 t\u00ednh k\u1ef5 n\u01b0\u1edbc, c\u00f3 kh\u1ea3 n\u0103ng ng\u0103n ch\u1eb7n s\u1ef1 l\u00e2y nhi\u1ec5m ch\u00e9o gi\u1eefa c\u00e1c m\u1eabu, gi\u1ea3m thi\u1ec3u h\u01b0 h\u1ecfng.<\/p>\n<p>2) DNase\/RNase t\u1ef1 do, ch\u1ea5t \u1ee9c ch\u1ebf PCR t\u1ef1 do<br \/>\nDNase\/RNase t\u1ef1 do, ch\u1ea5t \u1ee9c ch\u1ebf PCR t\u1ef1 do l\u00e0 y\u00eau c\u1ea7u c\u01a1 b\u1ea3n c\u1ee7a b\u1ed9 l\u1ecdc 4Tip\u00ae, c\u00f3 th\u1ec3 \u0111\u01b0\u1ee3c s\u1eed d\u1ee5ng cho h\u1ea7u h\u1ebft c\u00e1c th\u00ed nghi\u1ec7m c\u00f4ng ngh\u1ec7 kh\u00e1c nhau, bao g\u1ed3m chi\u1ebft xu\u1ea5t PCR\/RNA\/DNA, ph\u00e2n t\u00edch protein, ph\u00e1t hi\u1ec7n vi-r\u00fat v\u00e0 x\u00e9t nghi\u1ec7m m\u00e1u, v.v.<br \/>\n3) B\u1ed9 l\u1ecdc k\u00e9p, Kh\u1ea3 n\u0103ng ch\u1eb7n k\u00e9p<br \/>\nB\u1ed9 l\u1ecdc k\u00e9p bao g\u1ed3m hai l\u1edbp c\u00f3 k\u00edch th\u01b0\u1edbc l\u1ed7 ch\u00e2n l\u00f4ng kh\u00e1c nhau, k\u00edch th\u01b0\u1edbc l\u1ed7 ch\u00e2n l\u00f4ng c\u1ee7a b\u1ed9 l\u1ecdc xanh tr\u00ean c\u00f9ng l\u00e0 5um, k\u00edch th\u01b0\u1edbc l\u1ed7 ch\u00e2n l\u00f4ng c\u1ee7a b\u1ed9 l\u1ecdc d\u01b0\u1edbi c\u00f9ng l\u00e0 10um. B\u1ed9 l\u1ecdc k\u00e9p c\u00f3 kh\u1ea3 n\u0103ng ch\u1eb7n k\u00e9p, c\u00f3 th\u1ec3 ch\u1eb7n c\u00e1c h\u1ea1t v\u00e0 ph\u00e2n t\u1eed tri\u1ec7t \u0111\u1ec3 h\u01a1n.<\/p>\n\t<div id=\"text-1098051208\" class=\"text\">\n\t\t\n<h3><strong>\u1ea2nh:<\/strong><\/h3>\n\t\t\n<style>\n#text-1098051208 {\n  text-align: left;\n}\n<\/style>\n\t<\/div>\n\t\n\t<div class=\"img has-hover x md-x lg-x y md-y lg-y\" id=\"image_308972426\">\n\t\t\t\t\t\t\t\t<div class=\"img-inner dark\" >\n\t\t\t<img loading=\"lazy\" decoding=\"async\" width=\"2048\" height=\"2048\" src=\"https:\/\/lysinterfilter.com\/wp-content\/uploads\/2024\/06\/PE106.jpg\" class=\"attachment-original size-original\" alt=\"\" srcset=\"https:\/\/lysinterfilter.com\/wp-content\/uploads\/2024\/06\/PE106.jpg 2048w, https:\/\/lysinterfilter.com\/wp-content\/uploads\/2024\/06\/PE106-300x300.jpg 300w, https:\/\/lysinterfilter.com\/wp-content\/uploads\/2024\/06\/PE106-1024x1024.jpg 1024w, https:\/\/lysinterfilter.com\/wp-content\/uploads\/2024\/06\/PE106-150x150.jpg 150w, https:\/\/lysinterfilter.com\/wp-content\/uploads\/2024\/06\/PE106-768x768.jpg 768w, https:\/\/lysinterfilter.com\/wp-content\/uploads\/2024\/06\/PE106-1536x1536.jpg 1536w, https:\/\/lysinterfilter.com\/wp-content\/uploads\/2024\/06\/PE106-12x12.jpg 12w, https:\/\/lysinterfilter.com\/wp-content\/uploads\/2024\/06\/PE106-600x600.jpg 600w, https:\/\/lysinterfilter.com\/wp-content\/uploads\/2024\/06\/PE106-100x100.jpg 100w\" sizes=\"auto, (max-width: 2048px) 100vw, 2048px\" \/>\t\t\t\t\t\t\n\t\t\t\t\t<\/div>\n\t\t\t\t\t\t\t\t\n<style>\n#image_308972426 {\n  width: 100%;\n}\n<\/style>\n\t<\/div>\n\t\n\t<div id=\"text-743637758\" class=\"text\">\n\t\t\n<h3><strong>Th\u00f4ng tin \u0111\u1eb7t h\u00e0ng:<\/strong><\/h3>\n<div style=\"overflow: auto;\">\n<table border=\"\u201d1\u2033\" width=\"\u201d3000px\u201d\" align=\"\u201dcenter\u201d\">\n<tbody>\n<tr style=\"background-color: #f2f2f2;\">\n<th style=\"border: 1px solid #dddddd; padding: 8px;\">M\u00e8o.KH\u00d4NG<\/th>\n<th style=\"border: 1px solid #dddddd; padding: 8px;\">\u0110\u01b0\u1eddng k\u00ednh\uff08mm\uff09<\/th>\n<th style=\"border: 1px solid #dddddd; padding: 8px;\">\u0110\u1ed9 d\u00e0y (mm)<\/th>\n<th style=\"border: 1px solid #dddddd; padding: 8px;\">L\u1ed7 ch\u00e2n l\u00f4ng (\u03bcm)<\/th>\n<th style=\"border: 1px solid #dddddd; padding: 8px;\">S\u1eed d\u1ee5ng<\/th>\n<th style=\"border: 1px solid #dddddd; padding: 8px;\">B\u01b0u ki\u1ec7n<\/th>\n<\/tr>\n<tr style=\"background-color: #f2f2f2;\">\n<td style=\"border: 1px solid #dddddd; padding: 8px;\">LY-DF10-18-35<\/td>\n<td style=\"border: 1px solid #dddddd; padding: 8px;\">1.8<\/td>\n<td style=\"border: 1px solid #dddddd; padding: 8px;\">3.5<\/td>\n<td style=\"border: 1px solid #dddddd; padding: 8px;\">10<\/td>\n<td style=\"border: 1px solid #dddddd; padding: 8px;\">\u0110\u1ea7u tip 10\u03bcl<\/td>\n<td style=\"border: 1px solid #dddddd; padding: 8px;\">10.000 chi\u1ebfc\/g\u00f3i<\/td>\n<\/tr>\n<tr>\n<td style=\"border: 1px solid #dddddd; padding: 8px;\">LY-DF200-47-35<\/td>\n<td style=\"border: 1px solid #dddddd; padding: 8px;\">4.7<\/td>\n<td style=\"border: 1px solid #dddddd; padding: 8px;\">3.5<\/td>\n<td style=\"border: 1px solid #dddddd; padding: 8px;\">10<\/td>\n<td style=\"border: 1px solid #dddddd; padding: 8px;\">\u0110\u1ea7u tip 200\u03bcl<\/td>\n<td style=\"border: 1px solid #dddddd; padding: 8px;\">100 C\u00c1I\/H\u1ed9p<\/td>\n<\/tr>\n<tr style=\"background-color: #f2f2f2;\">\n<td style=\"border: 1px solid #dddddd; padding: 8px;\">LY-DF1000-71-40<\/td>\n<td style=\"border: 1px solid #dddddd; padding: 8px;\">7.1<\/td>\n<td style=\"border: 1px solid #dddddd; padding: 8px;\">4<\/td>\n<td style=\"border: 1px solid #dddddd; padding: 8px;\">10<\/td>\n<td style=\"border: 1px solid #dddddd; padding: 8px;\">\u0110\u1ea7u tip 1000\u03bcl<\/td>\n<td style=\"border: 1px solid #dddddd; padding: 8px;\">100 C\u00c1I\/H\u1ed9p<\/td>\n<\/tr>\n<tr>\n<td style=\"border: 1px solid #dddddd; padding: 8px;\">T\u00f9y ch\u1ec9nh<\/td>\n<td style=\"border: 1px solid #dddddd; padding: 8px;\"><\/td>\n<td style=\"border: 1px solid #dddddd; padding: 8px;\"><\/td>\n<td style=\"border: 1px solid #dddddd; padding: 8px;\"><\/td>\n<td style=\"border: 1px solid #dddddd; padding: 8px;\"><\/td>\n<td style=\"border: 1px solid #dddddd; padding: 8px;\"><\/td>\n<\/tr>\n<\/tbody>\n<\/table>\n<\/div>\n\t\t\n<style>\n#text-743637758 {\n  text-align: left;\n}\n<\/style>\n\t<\/div>\n\t\n\t\t<\/div>\n\t\t\t\t\t<\/div>\n\n\t\n\n\t<div id=\"col-1438951134\" class=\"col small-12 large-12\"  >\n\t\t\t\t<div class=\"col-inner\"  >\n\t\t\t\n\t\t\t\n<h2>\u1ee8ng d\u1ee5ng<\/h2>\n<p>A.Ng\u00e0nh c\u00f4ng nghi\u1ec7p d\u01b0\u1ee3c ph\u1ea9m<\/p>\n<p>(1) Truy\u1ec1n n\u01b0\u1edbc l\u1edbn, kh\u1eed cacbon trung gian d\u01b0\u1ee3c ph\u1ea9m<\/p>\n<p>l\u1ecdc; d\u1ecbch l\u00ean men, d\u1ecbch u\u1ed1ng<\/p>\n<p>(2)B\u1ed9t than ho\u1ea1t t\u00ednh c\u00f3 b\u1ed9 l\u1ecdc kh\u1eed m\u00e0u (dung d\u1ecbch thu\u1ed1c)<\/p>\n<p>glucose,kh\u00e1ng sinh,thu\u1ed1c t\u1ed5ng h\u1ee3p,ch\u1ebf ph\u1ea9m,thu\u1ed1c th\u1ea3o d\u01b0\u1ee3c Trung Qu\u1ed1c<\/p>\n<p>ch\u1ea5t l\u1ecfng, etd.)<\/p>\n<p>(3)Ch\u1ea5t l\u1ecfng ti\u00eam<\/p>\n<p>(4)B\u1ed9 l\u1ecdc kh\u00ed phun<\/p>\n<p>(5)N\u01b0\u1edbc r\u1eeda b\u00ecnh ti\u00eam<\/p>\n<p>(6)L\u1ecdc r\u01b0\u1ee3u y t\u1ebf<\/p>\n<p>B.C\u00f4ng nghi\u1ec7p h\u00f3a ch\u1ea5t<\/p>\n<p>(1) L\u1ecdc v\u00e0 r\u1eeda nh\u00f4m hi\u0111roxit<\/p>\n<p>(2) L\u1ecdc v\u00e0 r\u1eeda ch\u1ea5t x\u00fac t\u00e1c paladi<\/p>\n<p>(3)L\u1ecdc v\u00e0 r\u1eeda ph\u1ed1t pho<\/p>\n<p>(4)L\u1ecdc k\u1ebdm cacbonat<\/p>\n<p>(5)L\u1ecdc dung d\u1ecbch natri cacbonat<\/p>\n<p>(6)L\u1ecdc v\u00e0 r\u1eeda bari sunfat<\/p>\n<p>(7)L\u1ecdc v\u00e0 r\u1eeda cadmium sulfide<\/p>\n<p>C.C\u00f4ng nghi\u1ec7p s\u1ee3i h\u00f3a h\u1ecdc v\u00e0 d\u1ec7t may<\/p>\n<p>(1)L\u1ecdc b\u1ed3n axit<\/p>\n<p>(2) L\u1ecdc tinh ch\u1ebf l\u01b0u hu\u1ef3nh v\u00e0 axit acrylic<\/p>\n<p>(3)L\u1ecdc n\u01b0\u1edbc l\u1ee5a ch\u00ednh x\u00e1c<\/p>\n<p>D.C\u00f4ng nghi\u1ec7p nh\u1eb9 v\u00e0 c\u00f4ng nghi\u1ec7p th\u1ef1c ph\u1ea9m<\/p>\n<p>(1)L\u1ecdc xi-r\u00f4<\/p>\n<p>(2)L\u1ecdc \u0111\u1ed3 u\u1ed1ng<\/p>\n<p>(3)L\u1ecdc r\u01b0\u1ee3u v\u00e0 r\u01b0\u1ee3u tr\u1eafng<\/p>\n<p>(4)L\u1ecdc d\u1ea7u th\u1ef1c v\u1eadt ch\u00ednh x\u00e1c<\/p>\n<p>(5)L\u1ecdc tinh d\u1ea7u<\/p>\n<p>(6)L\u1ecdc n\u01b0\u1edbc kho\u00e1ng<\/p>\n<p>E. Ng\u00e0nh c\u00f4ng nghi\u1ec7p m\u00e1y m\u00f3c v\u00e0 d\u1ea7u kh\u00ed<\/p>\n<p>(1)L\u1ecdc dung d\u1ecbch m\u1ea1<\/p>\n<p>(2) L\u1ecdc ch\u00ednh x\u00e1c ch\u1ea5t l\u1ecfng l\u00e0m s\u1ea1ch \u0111\u1ed9ng c\u01a1 \u0111\u1ed1t trong<\/p>\n<p>(3)L\u1ecdc r\u1eeda m\u1ecf d\u1ea7u<\/p>\n<p>(4)Thi\u1ebft b\u1ecb n\u01b0\u1edbc si\u00eau tinh khi\u1ebft ng\u00e0nh \u0111i\u1ec7n<\/p>\n<p>F. X\u1eed l\u00fd n\u01b0\u1edbc th\u1ea3i<\/p>\n<p>(1)X\u1eed l\u00fd n\u01b0\u1edbc th\u1ea3i c\u00f3 ch\u1ee9a hydroxit n\u1eb7ng<\/p>\n<p>(2) X\u1eed l\u00fd n\u01b0\u1edbc th\u1ea3i kim lo\u1ea1i n\u1eb7ng h\u1ed7n h\u1ee3p<\/p>\n<p>(3)X\u1eed l\u00fd n\u01b0\u1edbc th\u1ea3i b\u1eb1ng h\u00f3a ch\u1ea5t<\/p>\n<p>(4)X\u1eed l\u00fd n\u01b0\u1edbc th\u1ea3i g\u1ed1m s\u1ee9<\/p>\n<p>(5)X\u1eed l\u00fd n\u01b0\u1edbc th\u1ea3i c\u00f3 ch\u1ee9a nh\u00f4m<\/p>\n<p>(6)X\u1eed l\u00fd n\u01b0\u1edbc th\u1ea3i kh\u00e1c<\/p>\n\t\t<\/div>\n\t\t\t\t\t<\/div>\n\n\t\n\n\t<div id=\"col-330115219\" class=\"col small-12 large-12\"  >\n\t\t\t\t<div class=\"col-inner\"  >\n\t\t\t\n\t\t\t\n<h2>Ch\u1ee9ng nh\u1eadn<\/h2>\n\t<div class=\"img has-hover x md-x lg-x y md-y lg-y\" id=\"image_969915960\">\n\t\t\t\t\t\t\t\t<div class=\"img-inner dark\" >\n\t\t\t<img loading=\"lazy\" decoding=\"async\" width=\"750\" height=\"450\" src=\"https:\/\/lysinterfilter.com\/wp-content\/uploads\/2024\/06\/Certifications.webp\" class=\"attachment-original size-original\" alt=\"\" srcset=\"https:\/\/lysinterfilter.com\/wp-content\/uploads\/2024\/06\/Certifications.webp 750w, https:\/\/lysinterfilter.com\/wp-content\/uploads\/2024\/06\/Certifications-300x180.webp 300w, https:\/\/lysinterfilter.com\/wp-content\/uploads\/2024\/06\/Certifications-18x12.webp 18w, https:\/\/lysinterfilter.com\/wp-content\/uploads\/2024\/06\/Certifications-600x360.webp 600w\" sizes=\"auto, (max-width: 750px) 100vw, 750px\" \/>\t\t\t\t\t\t\n\t\t\t\t\t<\/div>\n\t\t\t\t\t\t\t\t\n<style>\n#image_969915960 {\n  width: 100%;\n}\n<\/style>\n\t<\/div>\n\t\n\t\t<\/div>\n\t\t\t\t\t<\/div>\n\n\t\n<\/div>","protected":false},"excerpt":{"rendered":"<ul>\n<li>MOQ\uff1a<span id=\"dr_show_hits_179\">1 C\u00c1I<\/span><\/li>\n<li>T\u00f9y ch\u1ec9nh\uff1a\u0110\u00e3 ch\u1ea5p nh\u1eadn<\/li>\n<li>Brand\uff1aOEM<\/li>\n<li>Th\u1eddi gian giao h\u00e0ng: Trong v\u00f2ng 7 ng\u00e0y<\/li>\n<li>Ch\u1ee9ng nh\u1eadn: CE; ISO 9001<\/li>\n<li>G\u1eedi Email:<\/li>\n<li><a href=\"mailto:info@lysinterfilter.com\">info@lysinterfilter.com<\/a><\/li>\n<\/ul>","protected":false},"featured_media":2651,"template":"","meta":[],"product_brand":[],"product_cat":[41],"product_tag":[],"class_list":{"0":"post-2335","1":"product","2":"type-product","3":"status-publish","4":"has-post-thumbnail","6":"product_cat-laboratory-filter","8":"first","9":"instock","10":"shipping-taxable","11":"product-type-simple"},"yoast_head":"<!-- This site is optimized with the Yoast SEO plugin v27.2 - https:\/\/yoast.com\/product\/yoast-seo-wordpress\/ -->\n<title>Dual-Layered Filter Pipette Tips - Porous Plastic Filter Manufacturer China<\/title>\n<meta name=\"description\" content=\"Achieve precise and contamination-free liquid handling with our filter pipette tips. Engineered for accuracy and reliability, our tips ensure optimal performance in critical laboratory applications. Explore our range for consistent and dependable results\" \/>\n<meta name=\"robots\" content=\"index, follow, max-snippet:-1, max-image-preview:large, max-video-preview:-1\" \/>\n<link rel=\"canonical\" href=\"https:\/\/lysinterfilter.com\/vi\/manufacturer\/dual-layered-filters-for-pipette-tips\/\" \/>\n<meta property=\"og:locale\" content=\"vi_VN\" \/>\n<meta property=\"og:type\" content=\"article\" \/>\n<meta property=\"og:title\" content=\"Dual-Layered Filter Pipette Tips - Porous Plastic Filter Manufacturer China\" \/>\n<meta property=\"og:description\" content=\"Achieve precise and contamination-free liquid handling with our filter pipette tips. Engineered for accuracy and reliability, our tips ensure optimal performance in critical laboratory applications. Explore our range for consistent and dependable results\" \/>\n<meta property=\"og:url\" content=\"https:\/\/lysinterfilter.com\/vi\/manufacturer\/dual-layered-filters-for-pipette-tips\/\" \/>\n<meta property=\"og:site_name\" content=\"Porous Plastic Filter Manufacturer China\" \/>\n<meta property=\"article:modified_time\" content=\"2026-02-02T10:10:58+00:00\" \/>\n<meta property=\"og:image\" content=\"https:\/\/lysinterfilter.com\/wp-content\/uploads\/2024\/06\/PE106.jpg\" \/>\n\t<meta property=\"og:image:width\" content=\"2048\" \/>\n\t<meta property=\"og:image:height\" content=\"2048\" \/>\n\t<meta property=\"og:image:type\" content=\"image\/jpeg\" \/>\n<meta name=\"twitter:card\" content=\"summary_large_image\" \/>\n<meta name=\"twitter:label1\" content=\"\u01af\u1edbc t\u00ednh th\u1eddi gian \u0111\u1ecdc\" \/>\n\t<meta name=\"twitter:data1\" content=\"2 ph\u00fat\" \/>\n<script type=\"application\/ld+json\" class=\"yoast-schema-graph\">{\"@context\":\"https:\/\/schema.org\",\"@graph\":[{\"@type\":\"WebPage\",\"@id\":\"https:\/\/lysinterfilter.com\/manufacturer\/dual-layered-filters-for-pipette-tips\/\",\"url\":\"https:\/\/lysinterfilter.com\/manufacturer\/dual-layered-filters-for-pipette-tips\/\",\"name\":\"Dual-Layered Filter Pipette Tips - Porous Plastic Filter Manufacturer China\",\"isPartOf\":{\"@id\":\"https:\/\/lysinterfilter.com\/#website\"},\"primaryImageOfPage\":{\"@id\":\"https:\/\/lysinterfilter.com\/manufacturer\/dual-layered-filters-for-pipette-tips\/#primaryimage\"},\"image\":{\"@id\":\"https:\/\/lysinterfilter.com\/manufacturer\/dual-layered-filters-for-pipette-tips\/#primaryimage\"},\"thumbnailUrl\":\"https:\/\/lysinterfilter.com\/wp-content\/uploads\/2024\/06\/PE106.jpg\",\"datePublished\":\"2024-06-17T06:46:48+00:00\",\"dateModified\":\"2026-02-02T10:10:58+00:00\",\"description\":\"Achieve precise and contamination-free liquid handling with our filter pipette tips. Engineered for accuracy and reliability, our tips ensure optimal performance in critical laboratory applications. Explore our range for consistent and dependable results\",\"breadcrumb\":{\"@id\":\"https:\/\/lysinterfilter.com\/manufacturer\/dual-layered-filters-for-pipette-tips\/#breadcrumb\"},\"inLanguage\":\"vi\",\"potentialAction\":[{\"@type\":\"ReadAction\",\"target\":[\"https:\/\/lysinterfilter.com\/manufacturer\/dual-layered-filters-for-pipette-tips\/\"]}]},{\"@type\":\"ImageObject\",\"inLanguage\":\"vi\",\"@id\":\"https:\/\/lysinterfilter.com\/manufacturer\/dual-layered-filters-for-pipette-tips\/#primaryimage\",\"url\":\"https:\/\/lysinterfilter.com\/wp-content\/uploads\/2024\/06\/PE106.jpg\",\"contentUrl\":\"https:\/\/lysinterfilter.com\/wp-content\/uploads\/2024\/06\/PE106.jpg\",\"width\":2048,\"height\":2048,\"caption\":\"{\\\"data\\\":{\\\"pictureId\\\":\\\"3e23cde36e964eb8ac7b2dfacdf48345\\\",\\\"appversion\\\":\\\"14.0.0\\\",\\\"stickerId\\\":\\\"\\\",\\\"filterId\\\":\\\"\\\",\\\"infoStickerId\\\":\\\"\\\",\\\"imageEffectId\\\":\\\"\\\",\\\"playId\\\":\\\"\\\",\\\"activityName\\\":\\\"\\\",\\\"os\\\":\\\"android\\\",\\\"product\\\":\\\"retouch\\\",\\\"originAppId\\\":\\\"2515\\\",\\\"exportType\\\":\\\"\\\",\\\"editType\\\":\\\"\\\",\\\"alias\\\":\\\"lDhRcyBRF1NbFUwkDveSXgIsD72ScMOJ7EzinENH+IxKMiXYuG9X8Rpbcm45P3Qov\/qO\/CERrNVnV+Qjbj1oXOA7aTQAPrZTTEt3ehaF0tM8CHXqNbSjWCyhhugszZURBXagG5DcPV+PRUGm+zS6Hf66qgHrEPEs2jNB1rlPLAPrS1FSm5VJsCI52UnpTB26JhdzuuueZaUICHLrFCQRaUGhqTs4cHj\/t\/ldvAw2NmnmNNBloLpmCsU+HixUhuLld\/8PqniGjY+0YCCnYKrIhcaTz\/2RlEm0yD\/q94rlwj8J+sWzgHTcRb0+QFSStmXwGLCjxfBHCZbeFTTe624bLw==\\\",\\\"enterFrom\\\":\\\"enter_launch\\\",\\\"capability_key\\\":[\\\"erase\\\"],\\\"capability_extra_v2\\\":{\\\"erase\\\":[{\\\"panel\\\":\\\"magic_eliminate\\\"}]},\\\"effect_type\\\":\\\"tool\\\",\\\"effect_id\\\":\\\"erase\\\"},\\\"source_type\\\":\\\"douyin_beauty_me\\\"}\"},{\"@type\":\"BreadcrumbList\",\"@id\":\"https:\/\/lysinterfilter.com\/manufacturer\/dual-layered-filters-for-pipette-tips\/#breadcrumb\",\"itemListElement\":[{\"@type\":\"ListItem\",\"position\":1,\"name\":\"Home\",\"item\":\"https:\/\/lysinterfilter.com\/\"},{\"@type\":\"ListItem\",\"position\":2,\"name\":\"Products\",\"item\":\"https:\/\/lysinterfilter.com\/shop\/\"},{\"@type\":\"ListItem\",\"position\":3,\"name\":\"Dual-Layered Filter Pipette Tips\"}]},{\"@type\":\"WebSite\",\"@id\":\"https:\/\/lysinterfilter.com\/#website\",\"url\":\"https:\/\/lysinterfilter.com\/\",\"name\":\"Porous Plastic Filter Manufacturer China\",\"description\":\"\",\"potentialAction\":[{\"@type\":\"SearchAction\",\"target\":{\"@type\":\"EntryPoint\",\"urlTemplate\":\"https:\/\/lysinterfilter.com\/?s={search_term_string}\"},\"query-input\":{\"@type\":\"PropertyValueSpecification\",\"valueRequired\":true,\"valueName\":\"search_term_string\"}}],\"inLanguage\":\"vi\"}]}<\/script>\n<!-- \/ Yoast SEO plugin. -->","yoast_head_json":{"title":"Dual-Layered Filter Pipette Tips - Porous Plastic Filter Manufacturer China","description":"\u0110\u1ea1t \u0111\u01b0\u1ee3c kh\u1ea3 n\u0103ng x\u1eed l\u00fd ch\u1ea5t l\u1ecfng ch\u00ednh x\u00e1c v\u00e0 kh\u00f4ng b\u1ecb nhi\u1ec5m b\u1ea9n v\u1edbi \u0111\u1ea7u tip pipet l\u1ecdc c\u1ee7a ch\u00fang t\u00f4i. \u0110\u01b0\u1ee3c thi\u1ebft k\u1ebf \u0111\u1ec3 c\u00f3 \u0111\u1ed9 ch\u00ednh x\u00e1c v\u00e0 \u0111\u1ed9 tin c\u1eady, \u0111\u1ea7u tip c\u1ee7a ch\u00fang t\u00f4i \u0111\u1ea3m b\u1ea3o hi\u1ec7u su\u1ea5t t\u1ed1i \u01b0u trong c\u00e1c \u1ee9ng d\u1ee5ng quan tr\u1ecdng trong ph\u00f2ng th\u00ed nghi\u1ec7m. Kh\u00e1m ph\u00e1 ph\u1ea1m vi c\u1ee7a ch\u00fang t\u00f4i \u0111\u1ec3 c\u00f3 k\u1ebft qu\u1ea3 nh\u1ea5t qu\u00e1n v\u00e0 \u0111\u00e1ng tin c\u1eady","robots":{"index":"index","follow":"follow","max-snippet":"max-snippet:-1","max-image-preview":"max-image-preview:large","max-video-preview":"max-video-preview:-1"},"canonical":"https:\/\/lysinterfilter.com\/vi\/manufacturer\/dual-layered-filters-for-pipette-tips\/","og_locale":"vi_VN","og_type":"article","og_title":"Dual-Layered Filter Pipette Tips - Porous Plastic Filter Manufacturer China","og_description":"Achieve precise and contamination-free liquid handling with our filter pipette tips. Engineered for accuracy and reliability, our tips ensure optimal performance in critical laboratory applications. Explore our range for consistent and dependable results","og_url":"https:\/\/lysinterfilter.com\/vi\/manufacturer\/dual-layered-filters-for-pipette-tips\/","og_site_name":"Porous Plastic Filter Manufacturer China","article_modified_time":"2026-02-02T10:10:58+00:00","og_image":[{"width":2048,"height":2048,"url":"https:\/\/lysinterfilter.com\/wp-content\/uploads\/2024\/06\/PE106.jpg","type":"image\/jpeg"}],"twitter_card":"summary_large_image","twitter_misc":{"\u01af\u1edbc t\u00ednh th\u1eddi gian \u0111\u1ecdc":"2 ph\u00fat"},"schema":{"@context":"https:\/\/schema.org","@graph":[{"@type":"WebPage","@id":"https:\/\/lysinterfilter.com\/manufacturer\/dual-layered-filters-for-pipette-tips\/","url":"https:\/\/lysinterfilter.com\/manufacturer\/dual-layered-filters-for-pipette-tips\/","name":"Dual-Layered Filter Pipette Tips - Porous Plastic Filter Manufacturer China","isPartOf":{"@id":"https:\/\/lysinterfilter.com\/#website"},"primaryImageOfPage":{"@id":"https:\/\/lysinterfilter.com\/manufacturer\/dual-layered-filters-for-pipette-tips\/#primaryimage"},"image":{"@id":"https:\/\/lysinterfilter.com\/manufacturer\/dual-layered-filters-for-pipette-tips\/#primaryimage"},"thumbnailUrl":"https:\/\/lysinterfilter.com\/wp-content\/uploads\/2024\/06\/PE106.jpg","datePublished":"2024-06-17T06:46:48+00:00","dateModified":"2026-02-02T10:10:58+00:00","description":"\u0110\u1ea1t \u0111\u01b0\u1ee3c kh\u1ea3 n\u0103ng x\u1eed l\u00fd ch\u1ea5t l\u1ecfng ch\u00ednh x\u00e1c v\u00e0 kh\u00f4ng b\u1ecb nhi\u1ec5m b\u1ea9n v\u1edbi \u0111\u1ea7u tip pipet l\u1ecdc c\u1ee7a ch\u00fang t\u00f4i. \u0110\u01b0\u1ee3c thi\u1ebft k\u1ebf \u0111\u1ec3 c\u00f3 \u0111\u1ed9 ch\u00ednh x\u00e1c v\u00e0 \u0111\u1ed9 tin c\u1eady, \u0111\u1ea7u tip c\u1ee7a ch\u00fang t\u00f4i \u0111\u1ea3m b\u1ea3o hi\u1ec7u su\u1ea5t t\u1ed1i \u01b0u trong c\u00e1c \u1ee9ng d\u1ee5ng quan tr\u1ecdng trong ph\u00f2ng th\u00ed nghi\u1ec7m. Kh\u00e1m ph\u00e1 ph\u1ea1m vi c\u1ee7a ch\u00fang t\u00f4i \u0111\u1ec3 c\u00f3 k\u1ebft qu\u1ea3 nh\u1ea5t qu\u00e1n v\u00e0 \u0111\u00e1ng tin c\u1eady","breadcrumb":{"@id":"https:\/\/lysinterfilter.com\/manufacturer\/dual-layered-filters-for-pipette-tips\/#breadcrumb"},"inLanguage":"vi","potentialAction":[{"@type":"ReadAction","target":["https:\/\/lysinterfilter.com\/manufacturer\/dual-layered-filters-for-pipette-tips\/"]}]},{"@type":"ImageObject","inLanguage":"vi","@id":"https:\/\/lysinterfilter.com\/manufacturer\/dual-layered-filters-for-pipette-tips\/#primaryimage","url":"https:\/\/lysinterfilter.com\/wp-content\/uploads\/2024\/06\/PE106.jpg","contentUrl":"https:\/\/lysinterfilter.com\/wp-content\/uploads\/2024\/06\/PE106.jpg","width":2048,"height":2048,"caption":"{\"data\":{\"pictureId\":\"3e23cde36e964eb8ac7b2dfacdf48345\",\"appversion\":\"14.0.0\",\"stickerId\":\"\",\"filterId\":\"\",\"infoStickerId\":\"\",\"imageEffectId\":\"\",\"playId\":\"\",\"activityName\":\"\",\"os\":\"android\",\"product\":\"retouch\",\"originAppId\":\"2515\",\"exportType\":\"\",\"editType\":\"\",\"alias\":\"lDhRcyBRF1NbFUwkDveSXgIsD72ScMOJ7EzinENH+IxKMiXYuG9X8Rpbcm45P3Qov\/qO\/CERrNVnV+Qjbj1oXOA7aTQAPrZTTEt3ehaF0tM8CHXqNbSjWCyhhugszZURBXagG5DcPV+PRUGm+zS6Hf66qgHrEPEs2jNB1rlPLAPrS1FSm5VJsCI52UnpTB26JhdzuuueZaUICHLrFCQRaUGhqTs4cHj\/t\/ldvAw2NmnmNNBloLpmCsU+HixUhuLld\/8PqniGjY+0YCCnYKrIhcaTz\/2RlEm0yD\/q94rlwj8J+sWzgHTcRb0+QFSStmXwGLCjxfBHCZbeFTTe624bLw==\",\"enterFrom\":\"enter_launch\",\"capability_key\":[\"erase\"],\"capability_extra_v2\":{\"erase\":[{\"panel\":\"magic_eliminate\"}]},\"effect_type\":\"tool\",\"effect_id\":\"erase\"},\"source_type\":\"douyin_beauty_me\"}"},{"@type":"BreadcrumbList","@id":"https:\/\/lysinterfilter.com\/manufacturer\/dual-layered-filters-for-pipette-tips\/#breadcrumb","itemListElement":[{"@type":"ListItem","position":1,"name":"Home","item":"https:\/\/lysinterfilter.com\/"},{"@type":"ListItem","position":2,"name":"Products","item":"https:\/\/lysinterfilter.com\/shop\/"},{"@type":"ListItem","position":3,"name":"Dual-Layered Filter Pipette Tips"}]},{"@type":"WebSite","@id":"https:\/\/lysinterfilter.com\/#website","url":"https:\/\/lysinterfilter.com\/","name":"Porous Plastic Filter Manufacturer China","description":"","potentialAction":[{"@type":"SearchAction","target":{"@type":"EntryPoint","urlTemplate":"https:\/\/lysinterfilter.com\/?s={search_term_string}"},"query-input":{"@type":"PropertyValueSpecification","valueRequired":true,"valueName":"search_term_string"}}],"inLanguage":"vi"}]}},"_links":{"self":[{"href":"https:\/\/lysinterfilter.com\/vi\/wp-json\/wp\/v2\/product\/2335","targetHints":{"allow":["GET"]}}],"collection":[{"href":"https:\/\/lysinterfilter.com\/vi\/wp-json\/wp\/v2\/product"}],"about":[{"href":"https:\/\/lysinterfilter.com\/vi\/wp-json\/wp\/v2\/types\/product"}],"wp:featuredmedia":[{"embeddable":true,"href":"https:\/\/lysinterfilter.com\/vi\/wp-json\/wp\/v2\/media\/2651"}],"wp:attachment":[{"href":"https:\/\/lysinterfilter.com\/vi\/wp-json\/wp\/v2\/media?parent=2335"}],"wp:term":[{"taxonomy":"product_brand","embeddable":true,"href":"https:\/\/lysinterfilter.com\/vi\/wp-json\/wp\/v2\/product_brand?post=2335"},{"taxonomy":"product_cat","embeddable":true,"href":"https:\/\/lysinterfilter.com\/vi\/wp-json\/wp\/v2\/product_cat?post=2335"},{"taxonomy":"product_tag","embeddable":true,"href":"https:\/\/lysinterfilter.com\/vi\/wp-json\/wp\/v2\/product_tag?post=2335"}],"curies":[{"name":"wp","href":"https:\/\/api.w.org\/{rel}","templated":true}]}}