{"id":2077,"date":"2024-06-12T07:37:59","date_gmt":"2024-06-12T07:37:59","guid":{"rendered":"https:\/\/lysinterfilter.com\/?post_type=product&#038;p=2077"},"modified":"2026-03-02T02:12:22","modified_gmt":"2026-03-02T02:12:22","slug":"sintered-ptfe-filter","status":"publish","type":"product","link":"https:\/\/lysinterfilter.com\/vi\/manufacturer\/sintered-ptfe-filter\/","title":{"rendered":"B\u1ed9 l\u1ecdc PTFE thi\u00eau k\u1ebft"},"content":{"rendered":"<div class=\"row\"  id=\"row-1384427463\">\n\n\t<div id=\"col-102396935\" class=\"col small-12 large-12\"  >\n\t\t\t\t<div class=\"col-inner\"  >\n\t\t\t\n\t\t\t\n<h2>Chi ti\u1ebft s\u1ea3n ph\u1ea9m<\/h2>\n<h4><strong>Gi\u1edbi thi\u1ec7u:<\/strong><\/h4>\n<p>B\u1ed9 l\u1ecdc PTFE thi\u00eau k\u1ebft \u0111\u01b0\u1ee3c l\u00e0m b\u1eb1ng nguy\u00ean li\u1ec7u polytetrafluoroethylene ph\u00e2n t\u1eed c\u1ef1c cao, \u0111\u01b0\u1ee3c thi\u00eau k\u1ebft \u1edf nhi\u1ec7t \u0111\u1ed9 cao v\u00e0 \u00e1p su\u1ea5t cao. B\u1ec1 m\u1eb7t c\u1ee7a ph\u1ea7n t\u1eed l\u1ecdc m\u1ecbn, \u0111\u1ed9 b\u1ec1n cao, \u0111\u1ed9 d\u1ebbo dai t\u1ed1t, kh\u00f4ng c\u00f3 b\u1ed9t r\u01a1i ra v\u00e0 c\u1ef1c k\u1ef3 \u1ed5n \u0111\u1ecbnh \u0111\u1ed1i v\u1edbi t\u1ea5t c\u1ea3 c\u00e1c ch\u1ea5t h\u00f3a h\u1ecdc. \u0110\u1ed9 x\u1ed1p c\u1ee7a ph\u1ea7n t\u1eed l\u1ecdc v\u1eadt li\u1ec7u cao t\u1edbi 50% v\u00e0 ph\u00e2n b\u1ed1 k\u00edch th\u01b0\u1edbc l\u1ed7 r\u1ed7ng \u0111\u1ed3ng \u0111\u1ec1u. Ph\u1ea7n t\u1eed l\u1ecdc c\u00f3 kh\u1ea3 n\u0103ng ch\u1ed1ng l\u1ea1i axit m\u1ea1nh, ki\u1ec1m m\u1ea1nh, \u0103n m\u00f2n h\u00f3a h\u1ecdc, &quot;\u00f4z\u00f4n&quot; v\u00e0 nhi\u1ec1u dung m\u00f4i kh\u00e1c nhau v\u00e0 c\u00f3 th\u1ec3 ch\u1ecbu \u0111\u01b0\u1ee3c nhi\u1ec7t \u0111\u1ed9 cao l\u00ean \u0111\u1ebfn 200 \u00b0 C. N\u00f3 \u0111\u01b0\u1ee3c s\u1eed d\u1ee5ng r\u1ed9ng r\u00e3i trong kh\u00ed nhi\u1ec7t \u0111\u1ed9 cao V\u00e0 l\u1ecdc c\u00e1c ph\u01b0\u01a1ng ti\u1ec7n nh\u01b0 ch\u1ea5t l\u1ecfng h\u00f3a h\u1ecdc.<\/p>\n<h4>\u00a0<strong>L\u1ee3i th\u1ebf:<\/strong><\/h4>\n<p>V\u1eadt li\u1ec7u: polytetrafluoroethylene ph\u00e2n t\u1eed c\u1ef1c cao<br \/>\nC\u00f4ng d\u1ee5ng: Th\u00edch h\u1ee3p cho axit m\u1ea1nh, ki\u1ec1m m\u1ea1nh, nhi\u1ec7t \u0111\u1ed9 cao, \u0103n m\u00f2n h\u00f3a h\u1ecdc<br \/>\nPh\u1ea1m vi \u1ee9ng d\u1ee5ng: ph\u1ed5 bi\u1ebfn cho kh\u00f4ng kh\u00ed, n\u01b0\u1edbc, thu\u1ed1c l\u1ecfng v\u00e0 d\u1ea7u<br \/>\n\u00c1p su\u1ea5t n\u01b0\u1edbc th\u00f4: 7 (MPA)<br \/>\nCh\u00eanh l\u1ec7ch \u00e1p su\u1ea5t l\u00e0m vi\u1ec7c: 5 (MPA)<br \/>\n\u0110\u1ed9 ch\u00ednh x\u00e1c l\u1ecdc: 0,2-50 (um)<br \/>\nNhi\u1ec7t \u0111\u1ed9 l\u00e0m vi\u1ec7c: \u2264200\u00b0C (\u00b0C)<\/p>\n<h4><strong>\u0110\u1eb7c \u0111i\u1ec3m k\u1ef9 thu\u1eadt:\u00a0\u00a0<\/strong><\/h4>\n<p>\u0110\u01b0\u1eddng k\u00ednh: 10 20 25 30 35 40 45 50 60 (mm)<br \/>\nChi\u1ec1u d\u00e0i: 5\u2033 10\u2033 20\u2033 30\u2033 40\u2033<br \/>\n\u0110\u1ed9 ch\u00ednh x\u00e1c l\u1ecdc: 0,2um -50um<\/p>\n\t<div id=\"text-3004282582\" class=\"text\">\n\t\t\n<h3><strong>\u1ea2nh:<\/strong><\/h3>\n\t\t\n<style>\n#text-3004282582 {\n  text-align: left;\n}\n<\/style>\n\t<\/div>\n\t\n\t<div class=\"img has-hover x md-x lg-x y md-y lg-y\" id=\"image_1805676027\">\n\t\t\t\t\t\t\t\t<div class=\"img-inner dark\" >\n\t\t\t<img loading=\"lazy\" decoding=\"async\" width=\"1024\" height=\"600\" src=\"https:\/\/lysinterfilter.com\/wp-content\/uploads\/2026\/03\/99.jpg\" class=\"attachment-original size-original\" alt=\"\" srcset=\"https:\/\/lysinterfilter.com\/wp-content\/uploads\/2026\/03\/99.jpg 1024w, https:\/\/lysinterfilter.com\/wp-content\/uploads\/2026\/03\/99-300x176.jpg 300w, https:\/\/lysinterfilter.com\/wp-content\/uploads\/2026\/03\/99-768x450.jpg 768w, https:\/\/lysinterfilter.com\/wp-content\/uploads\/2026\/03\/99-18x12.jpg 18w, https:\/\/lysinterfilter.com\/wp-content\/uploads\/2026\/03\/99-600x352.jpg 600w\" sizes=\"auto, (max-width: 1024px) 100vw, 1024px\" \/>\t\t\t\t\t\t\n\t\t\t\t\t<\/div>\n\t\t\t\t\t\t\t\t\n<style>\n#image_1805676027 {\n  width: 100%;\n}\n<\/style>\n\t<\/div>\n\t\n\t\t<\/div>\n\t\t\t\t\t<\/div>\n\n\t\n\n\t<div id=\"col-396456496\" class=\"col small-12 large-12\"  >\n\t\t\t\t<div class=\"col-inner\"  >\n\t\t\t\n\t\t\t\n<h2>\u1ee8ng d\u1ee5ng<\/h2>\n\t<div class=\"img has-hover x md-x lg-x y md-y lg-y\" id=\"image_1507624681\">\n\t\t\t\t\t\t\t\t<div class=\"img-inner dark\" >\n\t\t\t<img loading=\"lazy\" decoding=\"async\" width=\"750\" height=\"350\" src=\"https:\/\/lysinterfilter.com\/wp-content\/uploads\/2024\/06\/Application.webp\" class=\"attachment-original size-original\" alt=\"\" srcset=\"https:\/\/lysinterfilter.com\/wp-content\/uploads\/2024\/06\/Application.webp 750w, https:\/\/lysinterfilter.com\/wp-content\/uploads\/2024\/06\/Application-300x140.webp 300w, https:\/\/lysinterfilter.com\/wp-content\/uploads\/2024\/06\/Application-18x8.webp 18w, https:\/\/lysinterfilter.com\/wp-content\/uploads\/2024\/06\/Application-600x280.webp 600w\" sizes=\"auto, (max-width: 750px) 100vw, 750px\" \/>\t\t\t\t\t\t\n\t\t\t\t\t<\/div>\n\t\t\t\t\t\t\t\t\n<style>\n#image_1507624681 {\n  width: 100%;\n}\n<\/style>\n\t<\/div>\n\t\n<p>A.Ng\u00e0nh c\u00f4ng nghi\u1ec7p d\u01b0\u1ee3c ph\u1ea9m<\/p>\n<p>(1) Truy\u1ec1n n\u01b0\u1edbc l\u1edbn, kh\u1eed cacbon trung gian d\u01b0\u1ee3c ph\u1ea9m<\/p>\n<p>l\u1ecdc; d\u1ecbch l\u00ean men, d\u1ecbch u\u1ed1ng<\/p>\n<p>(2)B\u1ed9t than ho\u1ea1t t\u00ednh c\u00f3 b\u1ed9 l\u1ecdc kh\u1eed m\u00e0u (dung d\u1ecbch thu\u1ed1c)<\/p>\n<p>glucose,kh\u00e1ng sinh,thu\u1ed1c t\u1ed5ng h\u1ee3p,ch\u1ebf ph\u1ea9m,thu\u1ed1c th\u1ea3o d\u01b0\u1ee3c Trung Qu\u1ed1c<\/p>\n<p>ch\u1ea5t l\u1ecfng, etd.)<\/p>\n<p>(3)Ch\u1ea5t l\u1ecfng ti\u00eam<\/p>\n<p>(4)B\u1ed9 l\u1ecdc kh\u00ed phun<\/p>\n<p>(5)N\u01b0\u1edbc r\u1eeda b\u00ecnh ti\u00eam<\/p>\n<p>(6)L\u1ecdc r\u01b0\u1ee3u y t\u1ebf<\/p>\n<p>B.C\u00f4ng nghi\u1ec7p h\u00f3a ch\u1ea5t<\/p>\n<p>(1) L\u1ecdc v\u00e0 r\u1eeda nh\u00f4m hi\u0111roxit<\/p>\n<p>(2) L\u1ecdc v\u00e0 r\u1eeda ch\u1ea5t x\u00fac t\u00e1c paladi<\/p>\n<p>(3)L\u1ecdc v\u00e0 r\u1eeda ph\u1ed1t pho<\/p>\n<p>(4)L\u1ecdc k\u1ebdm cacbonat<\/p>\n<p>(5)L\u1ecdc dung d\u1ecbch natri cacbonat<\/p>\n<p>(6)L\u1ecdc v\u00e0 r\u1eeda bari sunfat<\/p>\n<p>(7)L\u1ecdc v\u00e0 r\u1eeda cadmium sulfide<\/p>\n<p>C.C\u00f4ng nghi\u1ec7p s\u1ee3i h\u00f3a h\u1ecdc v\u00e0 d\u1ec7t may<\/p>\n<p>(1)L\u1ecdc b\u1ed3n axit<\/p>\n<p>(2) L\u1ecdc tinh ch\u1ebf l\u01b0u hu\u1ef3nh v\u00e0 axit acrylic<\/p>\n<p>(3)L\u1ecdc n\u01b0\u1edbc l\u1ee5a ch\u00ednh x\u00e1c<\/p>\n<p>D.C\u00f4ng nghi\u1ec7p nh\u1eb9 v\u00e0 c\u00f4ng nghi\u1ec7p th\u1ef1c ph\u1ea9m<\/p>\n<p>(1)L\u1ecdc xi-r\u00f4<\/p>\n<p>(2)L\u1ecdc \u0111\u1ed3 u\u1ed1ng<\/p>\n<p>(3)L\u1ecdc r\u01b0\u1ee3u v\u00e0 r\u01b0\u1ee3u tr\u1eafng<\/p>\n<p>(4)L\u1ecdc d\u1ea7u th\u1ef1c v\u1eadt ch\u00ednh x\u00e1c<\/p>\n<p>(5)L\u1ecdc tinh d\u1ea7u<\/p>\n<p>(6)L\u1ecdc n\u01b0\u1edbc kho\u00e1ng<\/p>\n<p>E. Ng\u00e0nh c\u00f4ng nghi\u1ec7p m\u00e1y m\u00f3c v\u00e0 d\u1ea7u kh\u00ed<\/p>\n<p>(1)L\u1ecdc dung d\u1ecbch m\u1ea1<\/p>\n<p>(2) L\u1ecdc ch\u00ednh x\u00e1c ch\u1ea5t l\u1ecfng l\u00e0m s\u1ea1ch \u0111\u1ed9ng c\u01a1 \u0111\u1ed1t trong<\/p>\n<p>(3)L\u1ecdc r\u1eeda m\u1ecf d\u1ea7u<\/p>\n<p>(4)Thi\u1ebft b\u1ecb n\u01b0\u1edbc si\u00eau tinh khi\u1ebft ng\u00e0nh \u0111i\u1ec7n<\/p>\n<p>F. X\u1eed l\u00fd n\u01b0\u1edbc th\u1ea3i<\/p>\n<p>(1)X\u1eed l\u00fd n\u01b0\u1edbc th\u1ea3i c\u00f3 ch\u1ee9a hydroxit n\u1eb7ng<\/p>\n<p>(2) X\u1eed l\u00fd n\u01b0\u1edbc th\u1ea3i kim lo\u1ea1i n\u1eb7ng h\u1ed7n h\u1ee3p<\/p>\n<p>(3)X\u1eed l\u00fd n\u01b0\u1edbc th\u1ea3i b\u1eb1ng h\u00f3a ch\u1ea5t<\/p>\n<p>(4)X\u1eed l\u00fd n\u01b0\u1edbc th\u1ea3i g\u1ed1m s\u1ee9<\/p>\n<p>(5)X\u1eed l\u00fd n\u01b0\u1edbc th\u1ea3i c\u00f3 ch\u1ee9a nh\u00f4m<\/p>\n<p>(6)X\u1eed l\u00fd n\u01b0\u1edbc th\u1ea3i kh\u00e1c<\/p>\n\t\t<\/div>\n\t\t\t\t\t<\/div>\n\n\t\n\n\t<div id=\"col-1084068898\" class=\"col small-12 large-12\"  >\n\t\t\t\t<div class=\"col-inner\"  >\n\t\t\t\n\t\t\t\n<h2>Ch\u1ee9ng nh\u1eadn<\/h2>\n\t<div class=\"img has-hover x md-x lg-x y md-y lg-y\" id=\"image_424422097\">\n\t\t\t\t\t\t\t\t<div class=\"img-inner dark\" >\n\t\t\t<img loading=\"lazy\" decoding=\"async\" width=\"750\" height=\"450\" src=\"https:\/\/lysinterfilter.com\/wp-content\/uploads\/2024\/06\/Certifications.webp\" class=\"attachment-original size-original\" alt=\"\" srcset=\"https:\/\/lysinterfilter.com\/wp-content\/uploads\/2024\/06\/Certifications.webp 750w, https:\/\/lysinterfilter.com\/wp-content\/uploads\/2024\/06\/Certifications-300x180.webp 300w, https:\/\/lysinterfilter.com\/wp-content\/uploads\/2024\/06\/Certifications-18x12.webp 18w, https:\/\/lysinterfilter.com\/wp-content\/uploads\/2024\/06\/Certifications-600x360.webp 600w\" sizes=\"auto, (max-width: 750px) 100vw, 750px\" \/>\t\t\t\t\t\t\n\t\t\t\t\t<\/div>\n\t\t\t\t\t\t\t\t\n<style>\n#image_424422097 {\n  width: 100%;\n}\n<\/style>\n\t<\/div>\n\t\n\t\t<\/div>\n\t\t\t\t\t<\/div>\n\n\t\n<\/div>","protected":false},"excerpt":{"rendered":"<ul>\n<li>MOQ\uff1a<span id=\"dr_show_hits_179\">1 C\u00c1I<\/span><\/li>\n<li>T\u00f9y ch\u1ec9nh\uff1a\u0110\u00e3 ch\u1ea5p nh\u1eadn<\/li>\n<li>Brand\uff1aOEM<\/li>\n<li>Th\u1eddi gian giao h\u00e0ng: Trong v\u00f2ng 7 ng\u00e0y<\/li>\n<li>Ch\u1ee9ng nh\u1eadn: CE; ISO 9001<\/li>\n<li>G\u1eedi Email:<\/li>\n<li><a href=\"mailto:info@lysinterfilter.com\">info@lysinterfilter.com<\/a><\/li>\n<\/ul>","protected":false},"featured_media":2667,"template":"","meta":[],"product_brand":[],"product_cat":[42],"product_tag":[],"class_list":{"0":"post-2077","1":"product","2":"type-product","3":"status-publish","4":"has-post-thumbnail","6":"product_cat-ptfe-sintered-filter-cartridges","8":"first","9":"instock","10":"shipping-taxable","11":"product-type-simple"},"yoast_head":"<!-- This site is optimized with the Yoast SEO plugin v27.2 - https:\/\/yoast.com\/product\/yoast-seo-wordpress\/ -->\n<title>Sintered ptfe filter - Porous Plastic Filter Manufacturer China<\/title>\n<meta name=\"description\" content=\"Experience superior filtration with our sintered PTFE filters. Engineered for exceptional chemical resistance and durability, these filters provide reliable performance in demanding applications. Choose our PTFE filters for high-quality, efficient filtration.\" \/>\n<meta name=\"robots\" content=\"index, follow, max-snippet:-1, max-image-preview:large, max-video-preview:-1\" \/>\n<link rel=\"canonical\" href=\"https:\/\/lysinterfilter.com\/vi\/manufacturer\/sintered-ptfe-filter\/\" \/>\n<meta property=\"og:locale\" content=\"vi_VN\" \/>\n<meta property=\"og:type\" content=\"article\" \/>\n<meta property=\"og:title\" content=\"Sintered ptfe filter - Porous Plastic Filter Manufacturer China\" \/>\n<meta property=\"og:description\" content=\"Experience superior filtration with our sintered PTFE filters. Engineered for exceptional chemical resistance and durability, these filters provide reliable performance in demanding applications. Choose our PTFE filters for high-quality, efficient filtration.\" \/>\n<meta property=\"og:url\" content=\"https:\/\/lysinterfilter.com\/vi\/manufacturer\/sintered-ptfe-filter\/\" \/>\n<meta property=\"og:site_name\" content=\"Porous Plastic Filter Manufacturer China\" \/>\n<meta property=\"article:modified_time\" content=\"2026-03-02T02:12:22+00:00\" \/>\n<meta property=\"og:image\" content=\"https:\/\/lysinterfilter.com\/wp-content\/uploads\/2024\/06\/ptfe.jpg\" \/>\n\t<meta property=\"og:image:width\" content=\"1024\" \/>\n\t<meta property=\"og:image:height\" content=\"902\" \/>\n\t<meta property=\"og:image:type\" content=\"image\/jpeg\" \/>\n<meta name=\"twitter:card\" content=\"summary_large_image\" \/>\n<meta name=\"twitter:label1\" content=\"\u01af\u1edbc t\u00ednh th\u1eddi gian \u0111\u1ecdc\" \/>\n\t<meta name=\"twitter:data1\" content=\"2 ph\u00fat\" \/>\n<script type=\"application\/ld+json\" class=\"yoast-schema-graph\">{\"@context\":\"https:\/\/schema.org\",\"@graph\":[{\"@type\":\"WebPage\",\"@id\":\"https:\/\/lysinterfilter.com\/manufacturer\/sintered-ptfe-filter\/\",\"url\":\"https:\/\/lysinterfilter.com\/manufacturer\/sintered-ptfe-filter\/\",\"name\":\"Sintered ptfe filter - Porous Plastic Filter Manufacturer China\",\"isPartOf\":{\"@id\":\"https:\/\/lysinterfilter.com\/#website\"},\"primaryImageOfPage\":{\"@id\":\"https:\/\/lysinterfilter.com\/manufacturer\/sintered-ptfe-filter\/#primaryimage\"},\"image\":{\"@id\":\"https:\/\/lysinterfilter.com\/manufacturer\/sintered-ptfe-filter\/#primaryimage\"},\"thumbnailUrl\":\"https:\/\/lysinterfilter.com\/wp-content\/uploads\/2024\/06\/ptfe.jpg\",\"datePublished\":\"2024-06-12T07:37:59+00:00\",\"dateModified\":\"2026-03-02T02:12:22+00:00\",\"description\":\"Experience superior filtration with our sintered PTFE filters. Engineered for exceptional chemical resistance and durability, these filters provide reliable performance in demanding applications. Choose our PTFE filters for high-quality, efficient filtration.\",\"breadcrumb\":{\"@id\":\"https:\/\/lysinterfilter.com\/manufacturer\/sintered-ptfe-filter\/#breadcrumb\"},\"inLanguage\":\"vi\",\"potentialAction\":[{\"@type\":\"ReadAction\",\"target\":[\"https:\/\/lysinterfilter.com\/manufacturer\/sintered-ptfe-filter\/\"]}]},{\"@type\":\"ImageObject\",\"inLanguage\":\"vi\",\"@id\":\"https:\/\/lysinterfilter.com\/manufacturer\/sintered-ptfe-filter\/#primaryimage\",\"url\":\"https:\/\/lysinterfilter.com\/wp-content\/uploads\/2024\/06\/ptfe.jpg\",\"contentUrl\":\"https:\/\/lysinterfilter.com\/wp-content\/uploads\/2024\/06\/ptfe.jpg\",\"width\":1024,\"height\":902,\"caption\":\"{\\\"data\\\":{\\\"pictureId\\\":\\\"22286d90e45a479381e6d624e0c95c9c\\\",\\\"appversion\\\":\\\"14.0.0\\\",\\\"stickerId\\\":\\\"\\\",\\\"filterId\\\":\\\"\\\",\\\"infoStickerId\\\":\\\"\\\",\\\"imageEffectId\\\":\\\"\\\",\\\"playId\\\":\\\"\\\",\\\"activityName\\\":\\\"\\\",\\\"os\\\":\\\"android\\\",\\\"product\\\":\\\"retouch\\\",\\\"originAppId\\\":\\\"2515\\\",\\\"exportType\\\":\\\"\\\",\\\"editType\\\":\\\"\\\",\\\"alias\\\":\\\"VS9DpSw9gqS4Jpb71Fnap1XywdiFAjCz92KjNdO+SvFKIcu9JVK7iXVld0bAVUrNIghtAusIVBnNsSiVKCOjOrMRT5nprZJYp4gOyHIws\/5YwOb2sR4H44F11qv0U7iAKJPtuG1uT1e5kBinJa9vD2iBI4GDnY0Qbbfmeh9pX4Z31r29TXdpBQa+Lgw3NASVyWgjeSXlNaoBGp6huXp5s\/DiAy9xJn6y6U1b21MTXRv9NZar7I088WwPFl9yYdrs5u3nBFUZz3DfhON3+l0S35ps8sfI9XDMo0NXxAL0n\/RnrXgR6PCXmEKDZe204qigFvNIuUSQD9mCy\/fNLdMMHA==\\\",\\\"enterFrom\\\":\\\"enter_launch\\\",\\\"capability_key\\\":[\\\"erase\\\"],\\\"capability_extra_v2\\\":{\\\"erase\\\":[{\\\"panel\\\":\\\"eliminatePen\\\"}]},\\\"effect_type\\\":\\\"tool\\\",\\\"effect_id\\\":\\\"erase\\\"},\\\"source_type\\\":\\\"douyin_beauty_me\\\"}\"},{\"@type\":\"BreadcrumbList\",\"@id\":\"https:\/\/lysinterfilter.com\/manufacturer\/sintered-ptfe-filter\/#breadcrumb\",\"itemListElement\":[{\"@type\":\"ListItem\",\"position\":1,\"name\":\"Home\",\"item\":\"https:\/\/lysinterfilter.com\/\"},{\"@type\":\"ListItem\",\"position\":2,\"name\":\"Products\",\"item\":\"https:\/\/lysinterfilter.com\/shop\/\"},{\"@type\":\"ListItem\",\"position\":3,\"name\":\"Sintered ptfe filter\"}]},{\"@type\":\"WebSite\",\"@id\":\"https:\/\/lysinterfilter.com\/#website\",\"url\":\"https:\/\/lysinterfilter.com\/\",\"name\":\"Porous Plastic Filter Manufacturer China\",\"description\":\"\",\"potentialAction\":[{\"@type\":\"SearchAction\",\"target\":{\"@type\":\"EntryPoint\",\"urlTemplate\":\"https:\/\/lysinterfilter.com\/?s={search_term_string}\"},\"query-input\":{\"@type\":\"PropertyValueSpecification\",\"valueRequired\":true,\"valueName\":\"search_term_string\"}}],\"inLanguage\":\"vi\"}]}<\/script>\n<!-- \/ Yoast SEO plugin. -->","yoast_head_json":{"title":"Sintered ptfe filter - Porous Plastic Filter Manufacturer China","description":"Tr\u1ea3i nghi\u1ec7m kh\u1ea3 n\u0103ng l\u1ecdc v\u01b0\u1ee3t tr\u1ed9i v\u1edbi b\u1ed9 l\u1ecdc PTFE thi\u00eau k\u1ebft c\u1ee7a ch\u00fang t\u00f4i. \u0110\u01b0\u1ee3c thi\u1ebft k\u1ebf \u0111\u1ec3 c\u00f3 kh\u1ea3 n\u0103ng ch\u1ed1ng h\u00f3a ch\u1ea5t v\u00e0 \u0111\u1ed9 b\u1ec1n v\u01b0\u1ee3t tr\u1ed9i, c\u00e1c b\u1ed9 l\u1ecdc n\u00e0y cung c\u1ea5p hi\u1ec7u su\u1ea5t \u0111\u00e1ng tin c\u1eady trong c\u00e1c \u1ee9ng d\u1ee5ng \u0111\u00f2i h\u1ecfi kh\u1eaft khe. H\u00e3y ch\u1ecdn b\u1ed9 l\u1ecdc PTFE c\u1ee7a ch\u00fang t\u00f4i \u0111\u1ec3 c\u00f3 kh\u1ea3 n\u0103ng l\u1ecdc hi\u1ec7u qu\u1ea3, ch\u1ea5t l\u01b0\u1ee3ng cao.","robots":{"index":"index","follow":"follow","max-snippet":"max-snippet:-1","max-image-preview":"max-image-preview:large","max-video-preview":"max-video-preview:-1"},"canonical":"https:\/\/lysinterfilter.com\/vi\/manufacturer\/sintered-ptfe-filter\/","og_locale":"vi_VN","og_type":"article","og_title":"Sintered ptfe filter - Porous Plastic Filter Manufacturer China","og_description":"Experience superior filtration with our sintered PTFE filters. Engineered for exceptional chemical resistance and durability, these filters provide reliable performance in demanding applications. Choose our PTFE filters for high-quality, efficient filtration.","og_url":"https:\/\/lysinterfilter.com\/vi\/manufacturer\/sintered-ptfe-filter\/","og_site_name":"Porous Plastic Filter Manufacturer China","article_modified_time":"2026-03-02T02:12:22+00:00","og_image":[{"width":1024,"height":902,"url":"https:\/\/lysinterfilter.com\/wp-content\/uploads\/2024\/06\/ptfe.jpg","type":"image\/jpeg"}],"twitter_card":"summary_large_image","twitter_misc":{"\u01af\u1edbc t\u00ednh th\u1eddi gian \u0111\u1ecdc":"2 ph\u00fat"},"schema":{"@context":"https:\/\/schema.org","@graph":[{"@type":"WebPage","@id":"https:\/\/lysinterfilter.com\/manufacturer\/sintered-ptfe-filter\/","url":"https:\/\/lysinterfilter.com\/manufacturer\/sintered-ptfe-filter\/","name":"Sintered ptfe filter - Porous Plastic Filter Manufacturer China","isPartOf":{"@id":"https:\/\/lysinterfilter.com\/#website"},"primaryImageOfPage":{"@id":"https:\/\/lysinterfilter.com\/manufacturer\/sintered-ptfe-filter\/#primaryimage"},"image":{"@id":"https:\/\/lysinterfilter.com\/manufacturer\/sintered-ptfe-filter\/#primaryimage"},"thumbnailUrl":"https:\/\/lysinterfilter.com\/wp-content\/uploads\/2024\/06\/ptfe.jpg","datePublished":"2024-06-12T07:37:59+00:00","dateModified":"2026-03-02T02:12:22+00:00","description":"Tr\u1ea3i nghi\u1ec7m kh\u1ea3 n\u0103ng l\u1ecdc v\u01b0\u1ee3t tr\u1ed9i v\u1edbi b\u1ed9 l\u1ecdc PTFE thi\u00eau k\u1ebft c\u1ee7a ch\u00fang t\u00f4i. \u0110\u01b0\u1ee3c thi\u1ebft k\u1ebf \u0111\u1ec3 c\u00f3 kh\u1ea3 n\u0103ng ch\u1ed1ng h\u00f3a ch\u1ea5t v\u00e0 \u0111\u1ed9 b\u1ec1n v\u01b0\u1ee3t tr\u1ed9i, c\u00e1c b\u1ed9 l\u1ecdc n\u00e0y cung c\u1ea5p hi\u1ec7u su\u1ea5t \u0111\u00e1ng tin c\u1eady trong c\u00e1c \u1ee9ng d\u1ee5ng \u0111\u00f2i h\u1ecfi kh\u1eaft khe. H\u00e3y ch\u1ecdn b\u1ed9 l\u1ecdc PTFE c\u1ee7a ch\u00fang t\u00f4i \u0111\u1ec3 c\u00f3 kh\u1ea3 n\u0103ng l\u1ecdc hi\u1ec7u qu\u1ea3, ch\u1ea5t l\u01b0\u1ee3ng cao.","breadcrumb":{"@id":"https:\/\/lysinterfilter.com\/manufacturer\/sintered-ptfe-filter\/#breadcrumb"},"inLanguage":"vi","potentialAction":[{"@type":"ReadAction","target":["https:\/\/lysinterfilter.com\/manufacturer\/sintered-ptfe-filter\/"]}]},{"@type":"ImageObject","inLanguage":"vi","@id":"https:\/\/lysinterfilter.com\/manufacturer\/sintered-ptfe-filter\/#primaryimage","url":"https:\/\/lysinterfilter.com\/wp-content\/uploads\/2024\/06\/ptfe.jpg","contentUrl":"https:\/\/lysinterfilter.com\/wp-content\/uploads\/2024\/06\/ptfe.jpg","width":1024,"height":902,"caption":"{\"data\":{\"pictureId\":\"22286d90e45a479381e6d624e0c95c9c\",\"appversion\":\"14.0.0\",\"stickerId\":\"\",\"filterId\":\"\",\"infoStickerId\":\"\",\"imageEffectId\":\"\",\"playId\":\"\",\"activityName\":\"\",\"os\":\"android\",\"product\":\"retouch\",\"originAppId\":\"2515\",\"exportType\":\"\",\"editType\":\"\",\"alias\":\"VS9DpSw9gqS4Jpb71Fnap1XywdiFAjCz92KjNdO+SvFKIcu9JVK7iXVld0bAVUrNIghtAusIVBnNsSiVKCOjOrMRT5nprZJYp4gOyHIws\/5YwOb2sR4H44F11qv0U7iAKJPtuG1uT1e5kBinJa9vD2iBI4GDnY0Qbbfmeh9pX4Z31r29TXdpBQa+Lgw3NASVyWgjeSXlNaoBGp6huXp5s\/DiAy9xJn6y6U1b21MTXRv9NZar7I088WwPFl9yYdrs5u3nBFUZz3DfhON3+l0S35ps8sfI9XDMo0NXxAL0n\/RnrXgR6PCXmEKDZe204qigFvNIuUSQD9mCy\/fNLdMMHA==\",\"enterFrom\":\"enter_launch\",\"capability_key\":[\"erase\"],\"capability_extra_v2\":{\"erase\":[{\"panel\":\"eliminatePen\"}]},\"effect_type\":\"tool\",\"effect_id\":\"erase\"},\"source_type\":\"douyin_beauty_me\"}"},{"@type":"BreadcrumbList","@id":"https:\/\/lysinterfilter.com\/manufacturer\/sintered-ptfe-filter\/#breadcrumb","itemListElement":[{"@type":"ListItem","position":1,"name":"Home","item":"https:\/\/lysinterfilter.com\/"},{"@type":"ListItem","position":2,"name":"Products","item":"https:\/\/lysinterfilter.com\/shop\/"},{"@type":"ListItem","position":3,"name":"Sintered ptfe filter"}]},{"@type":"WebSite","@id":"https:\/\/lysinterfilter.com\/#website","url":"https:\/\/lysinterfilter.com\/","name":"Porous Plastic Filter Manufacturer China","description":"","potentialAction":[{"@type":"SearchAction","target":{"@type":"EntryPoint","urlTemplate":"https:\/\/lysinterfilter.com\/?s={search_term_string}"},"query-input":{"@type":"PropertyValueSpecification","valueRequired":true,"valueName":"search_term_string"}}],"inLanguage":"vi"}]}},"_links":{"self":[{"href":"https:\/\/lysinterfilter.com\/vi\/wp-json\/wp\/v2\/product\/2077","targetHints":{"allow":["GET"]}}],"collection":[{"href":"https:\/\/lysinterfilter.com\/vi\/wp-json\/wp\/v2\/product"}],"about":[{"href":"https:\/\/lysinterfilter.com\/vi\/wp-json\/wp\/v2\/types\/product"}],"wp:featuredmedia":[{"embeddable":true,"href":"https:\/\/lysinterfilter.com\/vi\/wp-json\/wp\/v2\/media\/2667"}],"wp:attachment":[{"href":"https:\/\/lysinterfilter.com\/vi\/wp-json\/wp\/v2\/media?parent=2077"}],"wp:term":[{"taxonomy":"product_brand","embeddable":true,"href":"https:\/\/lysinterfilter.com\/vi\/wp-json\/wp\/v2\/product_brand?post=2077"},{"taxonomy":"product_cat","embeddable":true,"href":"https:\/\/lysinterfilter.com\/vi\/wp-json\/wp\/v2\/product_cat?post=2077"},{"taxonomy":"product_tag","embeddable":true,"href":"https:\/\/lysinterfilter.com\/vi\/wp-json\/wp\/v2\/product_tag?post=2077"}],"curies":[{"name":"wp","href":"https:\/\/api.w.org\/{rel}","templated":true}]}}