{"id":2066,"date":"2024-06-12T07:28:58","date_gmt":"2024-06-12T07:28:58","guid":{"rendered":"https:\/\/lysinterfilter.com\/?post_type=product&#038;p=2066"},"modified":"2026-02-27T06:26:36","modified_gmt":"2026-02-27T06:26:36","slug":"factory-price-porous-plastic-sintered-pa-membrane-filter-with-screw-connector","status":"publish","type":"product","link":"https:\/\/lysinterfilter.com\/vi\/manufacturer\/factory-price-porous-plastic-sintered-pa-membrane-filter-with-screw-connector\/","title":{"rendered":"Gi\u00e1 xu\u1ea5t x\u01b0\u1edfng B\u1ed9 l\u1ecdc PA thi\u00eau k\u1ebft b\u1eb1ng nh\u1ef1a x\u1ed1p c\u00f3 \u0111\u1ea7u n\u1ed1i v\u00edt"},"content":{"rendered":"<div class=\"row\"  id=\"row-1425440215\">\n\n\t<div id=\"col-2090002645\" class=\"col small-12 large-12\"  >\n\t\t\t\t<div class=\"col-inner\"  >\n\t\t\t\n\t\t\t\n<h2>Chi ti\u1ebft s\u1ea3n ph\u1ea9m<\/h2>\n<h4><strong>Gi\u1edbi thi\u1ec7u:<\/strong><\/h4>\n<p>L\u00f5i l\u1ecdc thi\u00eau k\u1ebft PA \u0111\u01b0\u1ee3c l\u00e0m t\u1eeb polyethylene ph\u00e2n t\u1eed cao ch\u1ea5t l\u01b0\u1ee3ng cao l\u00e0m nguy\u00ean li\u1ec7u ch\u00ednh v\u00e0 s\u1ee3i carbon th\u00f4ng qua c\u00f4ng th\u1ee9c thi\u00eau k\u1ebft khoa h\u1ecdc. C\u1ea5u tr\u00fac nh\u1ecf g\u1ecdn, ch\u1eafc ch\u1eafn, tr\u1ecdng l\u01b0\u1ee3ng nh\u1eb9, c\u00f3 th\u1ec3 ch\u1ecbu \u0111\u01b0\u1ee3c \u00e1p su\u1ea5t l\u1ecdc cao, kh\u00f4ng \u0111\u1ed9c h\u1ea1i v\u00e0 kh\u00f4ng v\u1ecb, c\u00f3 kh\u1ea3 n\u0103ng ch\u1ed1ng \u0103n m\u00f2n t\u1ed1t \u0111\u1ed1i v\u1edbi dung m\u00f4i axit v\u00e0 ki\u1ec1m.<\/p>\n<h4><strong>L\u1ee3i th\u1ebf:<\/strong><\/h4>\n<p>1. Ch\u1ecbu \u0111\u01b0\u1ee3c s\u1ef1 \u0103n m\u00f2n c\u1ee7a axit m\u1ea1nh v\u00e0 ki\u1ec1m m\u1ea1nh, ch\u1ecbu \u0111\u01b0\u1ee3c s\u1ef1 h\u00f2a tan c\u1ee7a dung m\u00f4i h\u1eefu c\u01a1;<br \/>\n2. \u0110\u1ed9 b\u1ec1n v\u00e0 kh\u1ea3 n\u0103ng ch\u1ed1ng m\u00e0i m\u00f2n tuy\u1ec7t v\u1eddi \u0111\u1ea3m b\u1ea3o tu\u1ed5i th\u1ecd c\u1ee7a s\u1ea3n ph\u1ea9m;<br \/>\n3. B\u1ec1 m\u1eb7t c\u1ee7a \u00e1nh s\u00e1ng b\u00ean ngo\u00e0i l\u00e0m cho t\u1ea1p ch\u1ea5t kh\u00f3 b\u00e1m d\u00ednh;<br \/>\n4. H\u1ec7 th\u1ed1ng x\u1ea3 ng\u01b0\u1ee3c v\u00e0 x\u1ea3 ng\u01b0\u1ee3c d\u1ec5 d\u00e0ng t\u00e1i s\u1eed d\u1ee5ng;<br \/>\n5. \u0110\u1ed9 b\u1ec1n t\u1ed1t, l\u00f5i l\u1ecdc kh\u00f4ng d\u1ec5 b\u1ecb v\u1ee1;<br \/>\n6. Kh\u00f4ng c\u00f3 hi\u1ec7n t\u01b0\u1ee3ng \u0111\u1eadp, kh\u1ea3 n\u0103ng ch\u1ecbu \u00e1p l\u1ef1c m\u1ea1nh.<\/p>\n<h4><strong>\u0110\u1eb7c \u0111i\u1ec3m k\u1ef9 thu\u1eadt:\u00a0\u00a0<\/strong><\/h4>\n<p>\u0110\u01b0\u1eddng k\u00ednh: \u222e20\u222e25\u222e30\u222e35\u222e38\u222e45\u222e50\u222e60<br \/>\nK\u00edch th\u01b0\u1edbc \u0111\u1ea7u n\u1ed1i: M20-M22-M24-M26-M30<br \/>\nV\u1eadt li\u1ec7u kh\u1edbp n\u1ed1i: polypropylene, th\u00e9p kh\u00f4ng g\u1ec9 316<br \/>\nChi\u1ec1u d\u00e0i: 5\u203310\u203320\u203330\u203340\u203360\u203380\u2033<br \/>\n\u0110\u1ed9 ch\u00ednh x\u00e1c l\u1ecdc: 0,5um-100um<\/p>\n\t<div id=\"text-2676073588\" class=\"text\">\n\t\t\n<h3><strong>\u1ea2nh:<\/strong><\/h3>\n\t\t\n<style>\n#text-2676073588 {\n  text-align: left;\n}\n<\/style>\n\t<\/div>\n\t\n\t<div class=\"img has-hover x md-x lg-x y md-y lg-y\" id=\"image_1649218201\">\n\t\t\t\t\t\t\t\t<div class=\"img-inner dark\" >\n\t\t\t<img loading=\"lazy\" decoding=\"async\" width=\"1024\" height=\"600\" src=\"https:\/\/lysinterfilter.com\/wp-content\/uploads\/2026\/02\/paa4.jpg\" class=\"attachment-original size-original\" alt=\"\" srcset=\"https:\/\/lysinterfilter.com\/wp-content\/uploads\/2026\/02\/paa4.jpg 1024w, https:\/\/lysinterfilter.com\/wp-content\/uploads\/2026\/02\/paa4-300x176.jpg 300w, https:\/\/lysinterfilter.com\/wp-content\/uploads\/2026\/02\/paa4-768x450.jpg 768w, https:\/\/lysinterfilter.com\/wp-content\/uploads\/2026\/02\/paa4-18x12.jpg 18w, https:\/\/lysinterfilter.com\/wp-content\/uploads\/2026\/02\/paa4-600x352.jpg 600w\" sizes=\"auto, (max-width: 1024px) 100vw, 1024px\" \/>\t\t\t\t\t\t\n\t\t\t\t\t<\/div>\n\t\t\t\t\t\t\t\t\n<style>\n#image_1649218201 {\n  width: 100%;\n}\n<\/style>\n\t<\/div>\n\t\n\t\t<\/div>\n\t\t\t\t\t<\/div>\n\n\t\n\n\t<div id=\"col-1177138783\" class=\"col small-12 large-12\"  >\n\t\t\t\t<div class=\"col-inner\"  >\n\t\t\t\n\t\t\t\n<h2>\u1ee8ng d\u1ee5ng<\/h2>\n\t<div class=\"img has-hover x md-x lg-x y md-y lg-y\" id=\"image_186189259\">\n\t\t\t\t\t\t\t\t<div class=\"img-inner dark\" >\n\t\t\t<img loading=\"lazy\" decoding=\"async\" width=\"750\" height=\"350\" src=\"https:\/\/lysinterfilter.com\/wp-content\/uploads\/2024\/06\/Application.webp\" class=\"attachment-original size-original\" alt=\"\" srcset=\"https:\/\/lysinterfilter.com\/wp-content\/uploads\/2024\/06\/Application.webp 750w, https:\/\/lysinterfilter.com\/wp-content\/uploads\/2024\/06\/Application-300x140.webp 300w, https:\/\/lysinterfilter.com\/wp-content\/uploads\/2024\/06\/Application-18x8.webp 18w, https:\/\/lysinterfilter.com\/wp-content\/uploads\/2024\/06\/Application-600x280.webp 600w\" sizes=\"auto, (max-width: 750px) 100vw, 750px\" \/>\t\t\t\t\t\t\n\t\t\t\t\t<\/div>\n\t\t\t\t\t\t\t\t\n<style>\n#image_186189259 {\n  width: 100%;\n}\n<\/style>\n\t<\/div>\n\t\n<p>A.Ng\u00e0nh c\u00f4ng nghi\u1ec7p d\u01b0\u1ee3c ph\u1ea9m<\/p>\n<p>(1) Truy\u1ec1n n\u01b0\u1edbc l\u1edbn, kh\u1eed cacbon trung gian d\u01b0\u1ee3c ph\u1ea9m<\/p>\n<p>l\u1ecdc; d\u1ecbch l\u00ean men, d\u1ecbch u\u1ed1ng<\/p>\n<p>(2)B\u1ed9t than ho\u1ea1t t\u00ednh c\u00f3 b\u1ed9 l\u1ecdc kh\u1eed m\u00e0u (dung d\u1ecbch thu\u1ed1c)<\/p>\n<p>glucose,kh\u00e1ng sinh,thu\u1ed1c t\u1ed5ng h\u1ee3p,ch\u1ebf ph\u1ea9m,thu\u1ed1c th\u1ea3o d\u01b0\u1ee3c Trung Qu\u1ed1c<\/p>\n<p>ch\u1ea5t l\u1ecfng, etd.)<\/p>\n<p>(3)Ch\u1ea5t l\u1ecfng ti\u00eam<\/p>\n<p>(4)B\u1ed9 l\u1ecdc kh\u00ed phun<\/p>\n<p>(5)N\u01b0\u1edbc r\u1eeda b\u00ecnh ti\u00eam<\/p>\n<p>(6)L\u1ecdc r\u01b0\u1ee3u y t\u1ebf<\/p>\n<p>B.C\u00f4ng nghi\u1ec7p h\u00f3a ch\u1ea5t<\/p>\n<p>(1) L\u1ecdc v\u00e0 r\u1eeda nh\u00f4m hi\u0111roxit<\/p>\n<p>(2) L\u1ecdc v\u00e0 r\u1eeda ch\u1ea5t x\u00fac t\u00e1c paladi<\/p>\n<p>(3)L\u1ecdc v\u00e0 r\u1eeda ph\u1ed1t pho<\/p>\n<p>(4)L\u1ecdc k\u1ebdm cacbonat<\/p>\n<p>(5)L\u1ecdc dung d\u1ecbch natri cacbonat<\/p>\n<p>(6)L\u1ecdc v\u00e0 r\u1eeda bari sunfat<\/p>\n<p>(7)L\u1ecdc v\u00e0 r\u1eeda cadmium sulfide<\/p>\n<p>C.C\u00f4ng nghi\u1ec7p s\u1ee3i h\u00f3a h\u1ecdc v\u00e0 d\u1ec7t may<\/p>\n<p>(1)L\u1ecdc b\u1ed3n axit<\/p>\n<p>(2) L\u1ecdc tinh ch\u1ebf l\u01b0u hu\u1ef3nh v\u00e0 axit acrylic<\/p>\n<p>(3)L\u1ecdc n\u01b0\u1edbc l\u1ee5a ch\u00ednh x\u00e1c<\/p>\n<p>D.C\u00f4ng nghi\u1ec7p nh\u1eb9 v\u00e0 c\u00f4ng nghi\u1ec7p th\u1ef1c ph\u1ea9m<\/p>\n<p>(1)L\u1ecdc xi-r\u00f4<\/p>\n<p>(2)L\u1ecdc \u0111\u1ed3 u\u1ed1ng<\/p>\n<p>(3)L\u1ecdc r\u01b0\u1ee3u v\u00e0 r\u01b0\u1ee3u tr\u1eafng<\/p>\n<p>(4)L\u1ecdc d\u1ea7u th\u1ef1c v\u1eadt ch\u00ednh x\u00e1c<\/p>\n<p>(5)L\u1ecdc tinh d\u1ea7u<\/p>\n<p>(6)L\u1ecdc n\u01b0\u1edbc kho\u00e1ng<\/p>\n<p>E. Ng\u00e0nh c\u00f4ng nghi\u1ec7p m\u00e1y m\u00f3c v\u00e0 d\u1ea7u kh\u00ed<\/p>\n<p>(1)L\u1ecdc dung d\u1ecbch m\u1ea1<\/p>\n<p>(2) L\u1ecdc ch\u00ednh x\u00e1c ch\u1ea5t l\u1ecfng l\u00e0m s\u1ea1ch \u0111\u1ed9ng c\u01a1 \u0111\u1ed1t trong<\/p>\n<p>(3)L\u1ecdc r\u1eeda m\u1ecf d\u1ea7u<\/p>\n<p>(4)Thi\u1ebft b\u1ecb n\u01b0\u1edbc si\u00eau tinh khi\u1ebft ng\u00e0nh \u0111i\u1ec7n<\/p>\n<p>F. X\u1eed l\u00fd n\u01b0\u1edbc th\u1ea3i<\/p>\n<p>(1)X\u1eed l\u00fd n\u01b0\u1edbc th\u1ea3i c\u00f3 ch\u1ee9a hydroxit n\u1eb7ng<\/p>\n<p>(2) X\u1eed l\u00fd n\u01b0\u1edbc th\u1ea3i kim lo\u1ea1i n\u1eb7ng h\u1ed7n h\u1ee3p<\/p>\n<p>(3)X\u1eed l\u00fd n\u01b0\u1edbc th\u1ea3i b\u1eb1ng h\u00f3a ch\u1ea5t<\/p>\n<p>(4)X\u1eed l\u00fd n\u01b0\u1edbc th\u1ea3i g\u1ed1m s\u1ee9<\/p>\n<p>(5)X\u1eed l\u00fd n\u01b0\u1edbc th\u1ea3i c\u00f3 ch\u1ee9a nh\u00f4m<\/p>\n<p>(6)X\u1eed l\u00fd n\u01b0\u1edbc th\u1ea3i kh\u00e1c<\/p>\n\t\t<\/div>\n\t\t\t\t\t<\/div>\n\n\t\n\n\t<div id=\"col-491949902\" class=\"col small-12 large-12\"  >\n\t\t\t\t<div class=\"col-inner\"  >\n\t\t\t\n\t\t\t\n<h2>Ch\u1ee9ng nh\u1eadn<\/h2>\n\t<div class=\"img has-hover x md-x lg-x y md-y lg-y\" id=\"image_1995223747\">\n\t\t\t\t\t\t\t\t<div class=\"img-inner dark\" >\n\t\t\t<img loading=\"lazy\" decoding=\"async\" width=\"750\" height=\"450\" src=\"https:\/\/lysinterfilter.com\/wp-content\/uploads\/2024\/06\/Certifications.webp\" class=\"attachment-original size-original\" alt=\"\" srcset=\"https:\/\/lysinterfilter.com\/wp-content\/uploads\/2024\/06\/Certifications.webp 750w, https:\/\/lysinterfilter.com\/wp-content\/uploads\/2024\/06\/Certifications-300x180.webp 300w, https:\/\/lysinterfilter.com\/wp-content\/uploads\/2024\/06\/Certifications-18x12.webp 18w, https:\/\/lysinterfilter.com\/wp-content\/uploads\/2024\/06\/Certifications-600x360.webp 600w\" sizes=\"auto, (max-width: 750px) 100vw, 750px\" \/>\t\t\t\t\t\t\n\t\t\t\t\t<\/div>\n\t\t\t\t\t\t\t\t\n<style>\n#image_1995223747 {\n  width: 100%;\n}\n<\/style>\n\t<\/div>\n\t\n\t\t<\/div>\n\t\t\t\t\t<\/div>\n\n\t\n<\/div>","protected":false},"excerpt":{"rendered":"<ul>\n<li>MOQ\uff1a<span id=\"dr_show_hits_179\">1 C\u00c1I<\/span><\/li>\n<li>T\u00f9y ch\u1ec9nh\uff1a\u0110\u00e3 ch\u1ea5p nh\u1eadn<\/li>\n<li>Brand\uff1aOEM<\/li>\n<li>Th\u1eddi gian giao h\u00e0ng: Trong v\u00f2ng 7 ng\u00e0y<\/li>\n<li>Ch\u1ee9ng nh\u1eadn: CE; ISO 9001<\/li>\n<li>G\u1eedi Email:<\/li>\n<li><a href=\"mailto:info@lysinterfilter.com\">info@lysinterfilter.com<\/a><\/li>\n<\/ul>","protected":false},"featured_media":2662,"template":"","meta":[],"product_brand":[],"product_cat":[43],"product_tag":[],"class_list":{"0":"post-2066","1":"product","2":"type-product","3":"status-publish","4":"has-post-thumbnail","6":"product_cat-pa-sintered-filter-cartridge","8":"first","9":"instock","10":"shipping-taxable","11":"product-type-simple"},"yoast_head":"<!-- This site is optimized with the Yoast SEO plugin v27.2 - https:\/\/yoast.com\/product\/yoast-seo-wordpress\/ -->\n<title>Factory Price Porous Plastic Sintered PA Filter with screw connector - Porous Plastic Filter Manufacturer China<\/title>\n<meta name=\"description\" content=\"Discover the efficiency of our PA filters. Engineered for durability and superior performance, these filters provide reliable filtration for various applications. Choose our PA filters for high-quality and effective contaminant removal.\" \/>\n<meta name=\"robots\" content=\"index, follow, max-snippet:-1, max-image-preview:large, max-video-preview:-1\" \/>\n<link rel=\"canonical\" href=\"https:\/\/lysinterfilter.com\/vi\/manufacturer\/factory-price-porous-plastic-sintered-pa-membrane-filter-with-screw-connector\/\" \/>\n<meta property=\"og:locale\" content=\"vi_VN\" \/>\n<meta property=\"og:type\" content=\"article\" \/>\n<meta property=\"og:title\" content=\"Factory Price Porous Plastic Sintered PA Filter with screw connector - Porous Plastic Filter Manufacturer China\" \/>\n<meta property=\"og:description\" content=\"Discover the efficiency of our PA filters. Engineered for durability and superior performance, these filters provide reliable filtration for various applications. Choose our PA filters for high-quality and effective contaminant removal.\" \/>\n<meta property=\"og:url\" content=\"https:\/\/lysinterfilter.com\/vi\/manufacturer\/factory-price-porous-plastic-sintered-pa-membrane-filter-with-screw-connector\/\" \/>\n<meta property=\"og:site_name\" content=\"Porous Plastic Filter Manufacturer China\" \/>\n<meta property=\"article:modified_time\" content=\"2026-02-27T06:26:36+00:00\" \/>\n<meta property=\"og:image\" content=\"https:\/\/lysinterfilter.com\/wp-content\/uploads\/2024\/06\/paa.jpg\" \/>\n\t<meta property=\"og:image:width\" content=\"1024\" \/>\n\t<meta property=\"og:image:height\" content=\"902\" \/>\n\t<meta property=\"og:image:type\" content=\"image\/jpeg\" \/>\n<meta name=\"twitter:card\" content=\"summary_large_image\" \/>\n<meta name=\"twitter:label1\" content=\"\u01af\u1edbc t\u00ednh th\u1eddi gian \u0111\u1ecdc\" \/>\n\t<meta name=\"twitter:data1\" content=\"2 ph\u00fat\" \/>\n<script type=\"application\/ld+json\" class=\"yoast-schema-graph\">{\"@context\":\"https:\/\/schema.org\",\"@graph\":[{\"@type\":\"WebPage\",\"@id\":\"https:\/\/lysinterfilter.com\/manufacturer\/factory-price-porous-plastic-sintered-pa-membrane-filter-with-screw-connector\/\",\"url\":\"https:\/\/lysinterfilter.com\/manufacturer\/factory-price-porous-plastic-sintered-pa-membrane-filter-with-screw-connector\/\",\"name\":\"Factory Price Porous Plastic Sintered PA Filter with screw connector - Porous Plastic Filter Manufacturer China\",\"isPartOf\":{\"@id\":\"https:\/\/lysinterfilter.com\/#website\"},\"primaryImageOfPage\":{\"@id\":\"https:\/\/lysinterfilter.com\/manufacturer\/factory-price-porous-plastic-sintered-pa-membrane-filter-with-screw-connector\/#primaryimage\"},\"image\":{\"@id\":\"https:\/\/lysinterfilter.com\/manufacturer\/factory-price-porous-plastic-sintered-pa-membrane-filter-with-screw-connector\/#primaryimage\"},\"thumbnailUrl\":\"https:\/\/lysinterfilter.com\/wp-content\/uploads\/2024\/06\/paa.jpg\",\"datePublished\":\"2024-06-12T07:28:58+00:00\",\"dateModified\":\"2026-02-27T06:26:36+00:00\",\"description\":\"Discover the efficiency of our PA filters. Engineered for durability and superior performance, these filters provide reliable filtration for various applications. Choose our PA filters for high-quality and effective contaminant removal.\",\"breadcrumb\":{\"@id\":\"https:\/\/lysinterfilter.com\/manufacturer\/factory-price-porous-plastic-sintered-pa-membrane-filter-with-screw-connector\/#breadcrumb\"},\"inLanguage\":\"vi\",\"potentialAction\":[{\"@type\":\"ReadAction\",\"target\":[\"https:\/\/lysinterfilter.com\/manufacturer\/factory-price-porous-plastic-sintered-pa-membrane-filter-with-screw-connector\/\"]}]},{\"@type\":\"ImageObject\",\"inLanguage\":\"vi\",\"@id\":\"https:\/\/lysinterfilter.com\/manufacturer\/factory-price-porous-plastic-sintered-pa-membrane-filter-with-screw-connector\/#primaryimage\",\"url\":\"https:\/\/lysinterfilter.com\/wp-content\/uploads\/2024\/06\/paa.jpg\",\"contentUrl\":\"https:\/\/lysinterfilter.com\/wp-content\/uploads\/2024\/06\/paa.jpg\",\"width\":1024,\"height\":902,\"caption\":\"{\\\"data\\\":{\\\"pictureId\\\":\\\"5960cd75038c47639d2dcd968f3ac9b2\\\",\\\"appversion\\\":\\\"14.0.0\\\",\\\"stickerId\\\":\\\"\\\",\\\"filterId\\\":\\\"\\\",\\\"infoStickerId\\\":\\\"\\\",\\\"imageEffectId\\\":\\\"\\\",\\\"playId\\\":\\\"\\\",\\\"activityName\\\":\\\"\\\",\\\"os\\\":\\\"android\\\",\\\"product\\\":\\\"retouch\\\",\\\"originAppId\\\":\\\"2515\\\",\\\"exportType\\\":\\\"\\\",\\\"editType\\\":\\\"\\\",\\\"alias\\\":\\\"ccQ6nHZKEKCSnAPj2B+oeSnh6cpfcONySoecApXskDd1JpjDMrHeKQY45ddtDF72wevufyA055xQH2vkryoBxTe02VwMqEO1pq8lu7UJ9XZGW11Imql16qKR3qLYoEb3NgG9NstNlKxZfxiYlUWHuQGkSAeGi17nVSX2Py1NqdAG1e81W\/1cAhmBTpxw7e9ET7yqDY7I\/xgyFwLdo9A5JnSUbGWVfQU5Im\/ixueFYYcat8ki18sgSNeRex7fhKzdoDw7s1fWe84eV9YsXZ4SZCO\/lHnMFgUMvXNt3UBDOZX3ijdzvyJek+HddSevWQ4RIbM4s2016auHZyvzMXp7yg==\\\",\\\"enterFrom\\\":\\\"enter_launch\\\",\\\"capability_key\\\":[\\\"erase\\\"],\\\"capability_extra_v2\\\":{\\\"erase\\\":[{\\\"panel\\\":\\\"magic_eliminate\\\"}]},\\\"effect_type\\\":\\\"tool\\\",\\\"effect_id\\\":\\\"erase\\\"},\\\"source_type\\\":\\\"douyin_beauty_me\\\"}\"},{\"@type\":\"BreadcrumbList\",\"@id\":\"https:\/\/lysinterfilter.com\/manufacturer\/factory-price-porous-plastic-sintered-pa-membrane-filter-with-screw-connector\/#breadcrumb\",\"itemListElement\":[{\"@type\":\"ListItem\",\"position\":1,\"name\":\"Home\",\"item\":\"https:\/\/lysinterfilter.com\/\"},{\"@type\":\"ListItem\",\"position\":2,\"name\":\"Products\",\"item\":\"https:\/\/lysinterfilter.com\/shop\/\"},{\"@type\":\"ListItem\",\"position\":3,\"name\":\"Factory Price Porous Plastic Sintered PA Filter with screw connector\"}]},{\"@type\":\"WebSite\",\"@id\":\"https:\/\/lysinterfilter.com\/#website\",\"url\":\"https:\/\/lysinterfilter.com\/\",\"name\":\"Porous Plastic Filter Manufacturer China\",\"description\":\"\",\"potentialAction\":[{\"@type\":\"SearchAction\",\"target\":{\"@type\":\"EntryPoint\",\"urlTemplate\":\"https:\/\/lysinterfilter.com\/?s={search_term_string}\"},\"query-input\":{\"@type\":\"PropertyValueSpecification\",\"valueRequired\":true,\"valueName\":\"search_term_string\"}}],\"inLanguage\":\"vi\"}]}<\/script>\n<!-- \/ Yoast SEO plugin. -->","yoast_head_json":{"title":"Factory Price Porous Plastic Sintered PA Filter with screw connector - Porous Plastic Filter Manufacturer China","description":"Kh\u00e1m ph\u00e1 hi\u1ec7u qu\u1ea3 c\u1ee7a b\u1ed9 l\u1ecdc PA c\u1ee7a ch\u00fang t\u00f4i. \u0110\u01b0\u1ee3c thi\u1ebft k\u1ebf \u0111\u1ec3 c\u00f3 \u0111\u1ed9 b\u1ec1n v\u00e0 hi\u1ec7u su\u1ea5t v\u01b0\u1ee3t tr\u1ed9i, c\u00e1c b\u1ed9 l\u1ecdc n\u00e0y cung c\u1ea5p kh\u1ea3 n\u0103ng l\u1ecdc \u0111\u00e1ng tin c\u1eady cho nhi\u1ec1u \u1ee9ng d\u1ee5ng kh\u00e1c nhau. H\u00e3y ch\u1ecdn b\u1ed9 l\u1ecdc PA c\u1ee7a ch\u00fang t\u00f4i \u0111\u1ec3 lo\u1ea1i b\u1ecf ch\u1ea5t g\u00e2y \u00f4 nhi\u1ec5m hi\u1ec7u qu\u1ea3 v\u00e0 ch\u1ea5t l\u01b0\u1ee3ng cao.","robots":{"index":"index","follow":"follow","max-snippet":"max-snippet:-1","max-image-preview":"max-image-preview:large","max-video-preview":"max-video-preview:-1"},"canonical":"https:\/\/lysinterfilter.com\/vi\/manufacturer\/factory-price-porous-plastic-sintered-pa-membrane-filter-with-screw-connector\/","og_locale":"vi_VN","og_type":"article","og_title":"Factory Price Porous Plastic Sintered PA Filter with screw connector - Porous Plastic Filter Manufacturer China","og_description":"Discover the efficiency of our PA filters. Engineered for durability and superior performance, these filters provide reliable filtration for various applications. Choose our PA filters for high-quality and effective contaminant removal.","og_url":"https:\/\/lysinterfilter.com\/vi\/manufacturer\/factory-price-porous-plastic-sintered-pa-membrane-filter-with-screw-connector\/","og_site_name":"Porous Plastic Filter Manufacturer China","article_modified_time":"2026-02-27T06:26:36+00:00","og_image":[{"width":1024,"height":902,"url":"https:\/\/lysinterfilter.com\/wp-content\/uploads\/2024\/06\/paa.jpg","type":"image\/jpeg"}],"twitter_card":"summary_large_image","twitter_misc":{"\u01af\u1edbc t\u00ednh th\u1eddi gian \u0111\u1ecdc":"2 ph\u00fat"},"schema":{"@context":"https:\/\/schema.org","@graph":[{"@type":"WebPage","@id":"https:\/\/lysinterfilter.com\/manufacturer\/factory-price-porous-plastic-sintered-pa-membrane-filter-with-screw-connector\/","url":"https:\/\/lysinterfilter.com\/manufacturer\/factory-price-porous-plastic-sintered-pa-membrane-filter-with-screw-connector\/","name":"Factory Price Porous Plastic Sintered PA Filter with screw connector - Porous Plastic Filter Manufacturer China","isPartOf":{"@id":"https:\/\/lysinterfilter.com\/#website"},"primaryImageOfPage":{"@id":"https:\/\/lysinterfilter.com\/manufacturer\/factory-price-porous-plastic-sintered-pa-membrane-filter-with-screw-connector\/#primaryimage"},"image":{"@id":"https:\/\/lysinterfilter.com\/manufacturer\/factory-price-porous-plastic-sintered-pa-membrane-filter-with-screw-connector\/#primaryimage"},"thumbnailUrl":"https:\/\/lysinterfilter.com\/wp-content\/uploads\/2024\/06\/paa.jpg","datePublished":"2024-06-12T07:28:58+00:00","dateModified":"2026-02-27T06:26:36+00:00","description":"Kh\u00e1m ph\u00e1 hi\u1ec7u qu\u1ea3 c\u1ee7a b\u1ed9 l\u1ecdc PA c\u1ee7a ch\u00fang t\u00f4i. \u0110\u01b0\u1ee3c thi\u1ebft k\u1ebf \u0111\u1ec3 c\u00f3 \u0111\u1ed9 b\u1ec1n v\u00e0 hi\u1ec7u su\u1ea5t v\u01b0\u1ee3t tr\u1ed9i, c\u00e1c b\u1ed9 l\u1ecdc n\u00e0y cung c\u1ea5p kh\u1ea3 n\u0103ng l\u1ecdc \u0111\u00e1ng tin c\u1eady cho nhi\u1ec1u \u1ee9ng d\u1ee5ng kh\u00e1c nhau. H\u00e3y ch\u1ecdn b\u1ed9 l\u1ecdc PA c\u1ee7a ch\u00fang t\u00f4i \u0111\u1ec3 lo\u1ea1i b\u1ecf ch\u1ea5t g\u00e2y \u00f4 nhi\u1ec5m hi\u1ec7u qu\u1ea3 v\u00e0 ch\u1ea5t l\u01b0\u1ee3ng cao.","breadcrumb":{"@id":"https:\/\/lysinterfilter.com\/manufacturer\/factory-price-porous-plastic-sintered-pa-membrane-filter-with-screw-connector\/#breadcrumb"},"inLanguage":"vi","potentialAction":[{"@type":"ReadAction","target":["https:\/\/lysinterfilter.com\/manufacturer\/factory-price-porous-plastic-sintered-pa-membrane-filter-with-screw-connector\/"]}]},{"@type":"ImageObject","inLanguage":"vi","@id":"https:\/\/lysinterfilter.com\/manufacturer\/factory-price-porous-plastic-sintered-pa-membrane-filter-with-screw-connector\/#primaryimage","url":"https:\/\/lysinterfilter.com\/wp-content\/uploads\/2024\/06\/paa.jpg","contentUrl":"https:\/\/lysinterfilter.com\/wp-content\/uploads\/2024\/06\/paa.jpg","width":1024,"height":902,"caption":"{\"data\":{\"pictureId\":\"5960cd75038c47639d2dcd968f3ac9b2\",\"appversion\":\"14.0.0\",\"stickerId\":\"\",\"filterId\":\"\",\"infoStickerId\":\"\",\"imageEffectId\":\"\",\"playId\":\"\",\"activityName\":\"\",\"os\":\"android\",\"product\":\"retouch\",\"originAppId\":\"2515\",\"exportType\":\"\",\"editType\":\"\",\"alias\":\"ccQ6nHZKEKCSnAPj2B+oeSnh6cpfcONySoecApXskDd1JpjDMrHeKQY45ddtDF72wevufyA055xQH2vkryoBxTe02VwMqEO1pq8lu7UJ9XZGW11Imql16qKR3qLYoEb3NgG9NstNlKxZfxiYlUWHuQGkSAeGi17nVSX2Py1NqdAG1e81W\/1cAhmBTpxw7e9ET7yqDY7I\/xgyFwLdo9A5JnSUbGWVfQU5Im\/ixueFYYcat8ki18sgSNeRex7fhKzdoDw7s1fWe84eV9YsXZ4SZCO\/lHnMFgUMvXNt3UBDOZX3ijdzvyJek+HddSevWQ4RIbM4s2016auHZyvzMXp7yg==\",\"enterFrom\":\"enter_launch\",\"capability_key\":[\"erase\"],\"capability_extra_v2\":{\"erase\":[{\"panel\":\"magic_eliminate\"}]},\"effect_type\":\"tool\",\"effect_id\":\"erase\"},\"source_type\":\"douyin_beauty_me\"}"},{"@type":"BreadcrumbList","@id":"https:\/\/lysinterfilter.com\/manufacturer\/factory-price-porous-plastic-sintered-pa-membrane-filter-with-screw-connector\/#breadcrumb","itemListElement":[{"@type":"ListItem","position":1,"name":"Home","item":"https:\/\/lysinterfilter.com\/"},{"@type":"ListItem","position":2,"name":"Products","item":"https:\/\/lysinterfilter.com\/shop\/"},{"@type":"ListItem","position":3,"name":"Factory Price Porous Plastic Sintered PA Filter with screw connector"}]},{"@type":"WebSite","@id":"https:\/\/lysinterfilter.com\/#website","url":"https:\/\/lysinterfilter.com\/","name":"Porous Plastic Filter Manufacturer China","description":"","potentialAction":[{"@type":"SearchAction","target":{"@type":"EntryPoint","urlTemplate":"https:\/\/lysinterfilter.com\/?s={search_term_string}"},"query-input":{"@type":"PropertyValueSpecification","valueRequired":true,"valueName":"search_term_string"}}],"inLanguage":"vi"}]}},"_links":{"self":[{"href":"https:\/\/lysinterfilter.com\/vi\/wp-json\/wp\/v2\/product\/2066","targetHints":{"allow":["GET"]}}],"collection":[{"href":"https:\/\/lysinterfilter.com\/vi\/wp-json\/wp\/v2\/product"}],"about":[{"href":"https:\/\/lysinterfilter.com\/vi\/wp-json\/wp\/v2\/types\/product"}],"wp:featuredmedia":[{"embeddable":true,"href":"https:\/\/lysinterfilter.com\/vi\/wp-json\/wp\/v2\/media\/2662"}],"wp:attachment":[{"href":"https:\/\/lysinterfilter.com\/vi\/wp-json\/wp\/v2\/media?parent=2066"}],"wp:term":[{"taxonomy":"product_brand","embeddable":true,"href":"https:\/\/lysinterfilter.com\/vi\/wp-json\/wp\/v2\/product_brand?post=2066"},{"taxonomy":"product_cat","embeddable":true,"href":"https:\/\/lysinterfilter.com\/vi\/wp-json\/wp\/v2\/product_cat?post=2066"},{"taxonomy":"product_tag","embeddable":true,"href":"https:\/\/lysinterfilter.com\/vi\/wp-json\/wp\/v2\/product_tag?post=2066"}],"curies":[{"name":"wp","href":"https:\/\/api.w.org\/{rel}","templated":true}]}}