{"id":2035,"date":"2024-06-11T08:47:16","date_gmt":"2024-06-11T08:47:16","guid":{"rendered":"https:\/\/lysinterfilter.com\/?post_type=product&#038;p=2035"},"modified":"2026-02-28T06:13:46","modified_gmt":"2026-02-28T06:13:46","slug":"self-sealing-filter","status":"publish","type":"product","link":"https:\/\/lysinterfilter.com\/vi\/manufacturer\/self-sealing-filter\/","title":{"rendered":"B\u1ed9 l\u1ecdc t\u1ef1 ni\u00eam phong cho m\u00e1y l\u1ea5y m\u1eabu m\u00e1u \u0111\u1ed9ng m\u1ea1ch"},"content":{"rendered":"<div class=\"row\"  id=\"row-1036657769\">\n\n\t<div id=\"col-700329964\" class=\"col small-12 large-12\"  >\n\t\t\t\t<div class=\"col-inner\"  >\n\t\t\t\n\t\t\t\n<h2>Chi ti\u1ebft s\u1ea3n ph\u1ea9m<\/h2>\n<h4><strong>Gi\u1edbi thi\u1ec7u:<\/strong><\/h4>\n<p>Trong l\u1ea5y m\u1eabu m\u00e1u t\u1ea1i ph\u00f2ng kh\u00e1m, c\u00e1c b\u1ed9 l\u1ecdc t\u1ef1 h\u00e0n k\u00edn ho\u1ea1t \u0111\u1ed9ng v\u1edbi m\u00e1y l\u1ea5y m\u1eabu m\u00e1u \u0111\u1ed9ng m\u1ea1ch c\u00f3 th\u1ec3 \u0111\u01a1n gi\u1ea3n h\u00f3a quy tr\u00ecnh l\u1ea5y m\u1eabu m\u00e1u, ng\u0103n kh\u00f4ng kh\u00ed ti\u1ebfp x\u00fac v\u1edbi m\u1eabu m\u00e1u v\u00e0 tr\u00e1nh trao \u0111\u1ed5i kh\u00ed gi\u1eefa kh\u00f4ng kh\u00ed v\u00e0 m\u00e1u.<\/p>\n<h4>\u0110\u1eb7c tr\u01b0ng:<\/h4>\n<p>\u0110\u01b0\u1ee3c l\u00e0m b\u1eb1ng v\u1eadt li\u1ec7u UHMW-PE si\u00eau tinh khi\u1ebft, kh\u00f4ng c\u00f3 kh\u1ea3 n\u0103ng k\u1ebft d\u00ednh h\u1ed3ng c\u1ea7u, kh\u00f4ng c\u00f3 ch\u1ea5t h\u00f3a d\u1ebbo c\u00f3 th\u1ec3 r\u00f2 r\u1ec9 c\u00f3 th\u1ec3 \u1ea3nh h\u01b0\u1edfng \u0111\u1ebfn k\u1ebft qu\u1ea3 x\u00e9t nghi\u1ec7m.<br \/>\n\u0110\u01a1n gi\u1ea3n h\u00f3a quy tr\u00ecnh l\u1ea5y m\u1eabu m\u00e1u, tr\u00e1nh trao \u0111\u1ed5i kh\u00ed gi\u1eefa kh\u00f4ng kh\u00ed v\u00e0 m\u00e1u.<\/p>\n<div class=\"row row-small align-equal\"  id=\"row-1088068909\">\n\n\t<div id=\"col-381035556\" class=\"col medium-6 small-12 large-6\"  >\n\t\t\t\t<div class=\"col-inner box-shadow-1\"  >\n\t\t\t\n\t\t\t\n\t<div class=\"box has-hover   has-hover box-text-bottom\" >\n\n\t\t<div class=\"box-image\" >\n\t\t\t\t\t\t<div class=\"\" >\n\t\t\t\t<img loading=\"lazy\" decoding=\"async\" width=\"400\" height=\"210\" src=\"https:\/\/lysinterfilter.com\/wp-content\/uploads\/2024\/06\/88.webp\" class=\"attachment-original size-original\" alt=\"\" srcset=\"https:\/\/lysinterfilter.com\/wp-content\/uploads\/2024\/06\/88.webp 400w, https:\/\/lysinterfilter.com\/wp-content\/uploads\/2024\/06\/88-300x158.webp 300w, https:\/\/lysinterfilter.com\/wp-content\/uploads\/2024\/06\/88-18x9.webp 18w\" sizes=\"auto, (max-width: 400px) 100vw, 400px\" \/>\t\t\t\t\t\t\t\t\t\t\t<\/div>\n\t\t\t\t\t<\/div>\n\n\t\t<div class=\"box-text text-center\" >\n\t\t\t<div class=\"box-text-inner\">\n\t\t\t\t\n\t<div id=\"text-3600470755\" class=\"text\">\n\t\t\n<p>K\u00edch th\u01b0\u1edbc Tycal (cho CF25-45)<br \/>\n\t\t\n<style>\n#text-3600470755 {\n  text-align: center;\n}\n<\/style>\n\t<\/div>\n\t\n\t\t\t<\/div>\n\t\t<\/div>\n\t<\/div>\n\t\n\t\t<\/div>\n\t\t\t\t\n<style>\n#col-381035556 > .col-inner {\n  padding: 10px 10px 10px 10px;\n}\n<\/style>\n\t<\/div>\n\n\t\n<\/div>\n<h3><strong>\u1ea2nh:<\/strong><\/h3>\n\t<div class=\"img has-hover x md-x lg-x y md-y lg-y\" id=\"image_803009725\">\n\t\t\t\t\t\t\t\t<div class=\"img-inner dark\" >\n\t\t\t<img loading=\"lazy\" decoding=\"async\" width=\"1024\" height=\"898\" src=\"https:\/\/lysinterfilter.com\/wp-content\/uploads\/2024\/06\/bf.jpg\" class=\"attachment-original size-original\" alt=\"\" srcset=\"https:\/\/lysinterfilter.com\/wp-content\/uploads\/2024\/06\/bf.jpg 1024w, https:\/\/lysinterfilter.com\/wp-content\/uploads\/2024\/06\/bf-300x263.jpg 300w, https:\/\/lysinterfilter.com\/wp-content\/uploads\/2024\/06\/bf-768x674.jpg 768w, https:\/\/lysinterfilter.com\/wp-content\/uploads\/2024\/06\/bf-14x12.jpg 14w, https:\/\/lysinterfilter.com\/wp-content\/uploads\/2024\/06\/bf-600x526.jpg 600w\" sizes=\"auto, (max-width: 1024px) 100vw, 1024px\" \/>\t\t\t\t\t\t\n\t\t\t\t\t<\/div>\n\t\t\t\t\t\t\t\t\n<style>\n#image_803009725 {\n  width: 100%;\n}\n<\/style>\n\t<\/div>\n\t\n<h3><strong>Th\u00f4ng tin \u0111\u1eb7t h\u00e0ng:<\/strong><\/h3>\n<div style=\"overflow: auto;\">\n<div style=\"overflow: auto;\">\n<div style=\"overflow: auto;\">\n<div style=\"overflow: auto;\">\n<table border=\"\u201d1\u2033\" width=\"\u201d3000px\u201d\" align=\"\u201dcenter\u201d\">\n<tbody>\n<tr style=\"background-color: #f2f2f2;\">\n<th style=\"border: 1px solid #dddddd; padding: 8px;\">M\u00e8o #<\/th>\n<th style=\"border: 1px solid #dddddd; padding: 8px;\">\u0110\u01b0\u1eddng k\u00ednh<\/th>\n<th style=\"border: 1px solid #dddddd; padding: 8px;\">\u0110\u1ed9 d\u00e0y<\/th>\n<th style=\"border: 1px solid #dddddd; padding: 8px;\">C\u00e1ch s\u1eed d\u1ee5ng<\/th>\n<th style=\"border: 1px solid #dddddd; padding: 8px;\">S\u1ed1 l\u01b0\u1ee3ng<\/th>\n<\/tr>\n<tr style=\"background-color: #f2f2f2;\">\n<td style=\"border: 1px solid #dddddd; padding: 8px;\">LY-CF25-45<\/td>\n<td style=\"border: 1px solid #dddddd; padding: 8px;\">2,5mm<\/td>\n<td style=\"border: 1px solid #dddddd; padding: 8px;\">4,5mm<\/td>\n<td style=\"border: 1px solid #dddddd; padding: 8px;\">\u0110\u1ed1i v\u1edbi m\u00e1y l\u1ea5y m\u1eabu m\u00e1u \u0111\u1ed9ng m\u1ea1ch<\/td>\n<td style=\"border: 1px solid #dddddd; padding: 8px;\">10.000 C\u00c1I\/H\u1ed9p<\/td>\n<\/tr>\n<tr>\n<td style=\"border: 1px solid #dddddd; padding: 8px;\">B\u1ed9 l\u1ecdc t\u00f9y ch\u1ec9nh<\/td>\n<\/tr>\n<\/tbody>\n<\/table>\n<\/div>\n<\/div>\n<\/div>\n<\/div>\n\t\t<\/div>\n\t\t\t\t\t<\/div>\n\n\t\n\n\t<div id=\"col-1177864546\" class=\"col small-12 large-12\"  >\n\t\t\t\t<div class=\"col-inner\"  >\n\t\t\t\n\t\t\t\n<h2>\u1ee8ng d\u1ee5ng<\/h2>\n\t<div class=\"img has-hover x md-x lg-x y md-y lg-y\" id=\"image_513069691\">\n\t\t\t\t\t\t\t\t<div class=\"img-inner dark\" >\n\t\t\t<img loading=\"lazy\" decoding=\"async\" width=\"750\" height=\"350\" src=\"https:\/\/lysinterfilter.com\/wp-content\/uploads\/2024\/06\/Application.webp\" class=\"attachment-original size-original\" alt=\"\" srcset=\"https:\/\/lysinterfilter.com\/wp-content\/uploads\/2024\/06\/Application.webp 750w, https:\/\/lysinterfilter.com\/wp-content\/uploads\/2024\/06\/Application-300x140.webp 300w, https:\/\/lysinterfilter.com\/wp-content\/uploads\/2024\/06\/Application-18x8.webp 18w, https:\/\/lysinterfilter.com\/wp-content\/uploads\/2024\/06\/Application-600x280.webp 600w\" sizes=\"auto, (max-width: 750px) 100vw, 750px\" \/>\t\t\t\t\t\t\n\t\t\t\t\t<\/div>\n\t\t\t\t\t\t\t\t\n<style>\n#image_513069691 {\n  width: 100%;\n}\n<\/style>\n\t<\/div>\n\t\n<p>A.Ng\u00e0nh c\u00f4ng nghi\u1ec7p d\u01b0\u1ee3c ph\u1ea9m<\/p>\n<p>(1) Truy\u1ec1n n\u01b0\u1edbc l\u1edbn, kh\u1eed cacbon trung gian d\u01b0\u1ee3c ph\u1ea9m<\/p>\n<p>l\u1ecdc; d\u1ecbch l\u00ean men, d\u1ecbch u\u1ed1ng<\/p>\n<p>(2)B\u1ed9t than ho\u1ea1t t\u00ednh c\u00f3 b\u1ed9 l\u1ecdc kh\u1eed m\u00e0u (dung d\u1ecbch thu\u1ed1c)<\/p>\n<p>glucose,kh\u00e1ng sinh,thu\u1ed1c t\u1ed5ng h\u1ee3p,ch\u1ebf ph\u1ea9m,thu\u1ed1c th\u1ea3o d\u01b0\u1ee3c Trung Qu\u1ed1c<\/p>\n<p>ch\u1ea5t l\u1ecfng, etd.)<\/p>\n<p>(3)Ch\u1ea5t l\u1ecfng ti\u00eam<\/p>\n<p>(4)B\u1ed9 l\u1ecdc kh\u00ed phun<\/p>\n<p>(5)N\u01b0\u1edbc r\u1eeda b\u00ecnh ti\u00eam<\/p>\n<p>(6)L\u1ecdc r\u01b0\u1ee3u y t\u1ebf<\/p>\n<p>B.C\u00f4ng nghi\u1ec7p h\u00f3a ch\u1ea5t<\/p>\n<p>(1) L\u1ecdc v\u00e0 r\u1eeda nh\u00f4m hi\u0111roxit<\/p>\n<p>(2) L\u1ecdc v\u00e0 r\u1eeda ch\u1ea5t x\u00fac t\u00e1c paladi<\/p>\n<p>(3)L\u1ecdc v\u00e0 r\u1eeda ph\u1ed1t pho<\/p>\n<p>(4)L\u1ecdc k\u1ebdm cacbonat<\/p>\n<p>(5)L\u1ecdc dung d\u1ecbch natri cacbonat<\/p>\n<p>(6)L\u1ecdc v\u00e0 r\u1eeda bari sunfat<\/p>\n<p>(7)L\u1ecdc v\u00e0 r\u1eeda cadmium sulfide<\/p>\n<p>C.C\u00f4ng nghi\u1ec7p s\u1ee3i h\u00f3a h\u1ecdc v\u00e0 d\u1ec7t may<\/p>\n<p>(1)L\u1ecdc b\u1ed3n axit<\/p>\n<p>(2) L\u1ecdc tinh ch\u1ebf l\u01b0u hu\u1ef3nh v\u00e0 axit acrylic<\/p>\n<p>(3)L\u1ecdc n\u01b0\u1edbc l\u1ee5a ch\u00ednh x\u00e1c<\/p>\n<p>D.C\u00f4ng nghi\u1ec7p nh\u1eb9 v\u00e0 c\u00f4ng nghi\u1ec7p th\u1ef1c ph\u1ea9m<\/p>\n<p>(1)L\u1ecdc xi-r\u00f4<\/p>\n<p>(2)L\u1ecdc \u0111\u1ed3 u\u1ed1ng<\/p>\n<p>(3)L\u1ecdc r\u01b0\u1ee3u v\u00e0 r\u01b0\u1ee3u tr\u1eafng<\/p>\n<p>(4)L\u1ecdc d\u1ea7u th\u1ef1c v\u1eadt ch\u00ednh x\u00e1c<\/p>\n<p>(5)L\u1ecdc tinh d\u1ea7u<\/p>\n<p>(6)L\u1ecdc n\u01b0\u1edbc kho\u00e1ng<\/p>\n<p>E. Ng\u00e0nh c\u00f4ng nghi\u1ec7p m\u00e1y m\u00f3c v\u00e0 d\u1ea7u kh\u00ed<\/p>\n<p>(1)L\u1ecdc dung d\u1ecbch m\u1ea1<\/p>\n<p>(2) L\u1ecdc ch\u00ednh x\u00e1c ch\u1ea5t l\u1ecfng l\u00e0m s\u1ea1ch \u0111\u1ed9ng c\u01a1 \u0111\u1ed1t trong<\/p>\n<p>(3)L\u1ecdc r\u1eeda m\u1ecf d\u1ea7u<\/p>\n<p>(4)Thi\u1ebft b\u1ecb n\u01b0\u1edbc si\u00eau tinh khi\u1ebft ng\u00e0nh \u0111i\u1ec7n<\/p>\n<p>F. X\u1eed l\u00fd n\u01b0\u1edbc th\u1ea3i<\/p>\n<p>(1)X\u1eed l\u00fd n\u01b0\u1edbc th\u1ea3i c\u00f3 ch\u1ee9a hydroxit n\u1eb7ng<\/p>\n<p>(2) X\u1eed l\u00fd n\u01b0\u1edbc th\u1ea3i kim lo\u1ea1i n\u1eb7ng h\u1ed7n h\u1ee3p<\/p>\n<p>(3)X\u1eed l\u00fd n\u01b0\u1edbc th\u1ea3i b\u1eb1ng h\u00f3a ch\u1ea5t<\/p>\n<p>(4)X\u1eed l\u00fd n\u01b0\u1edbc th\u1ea3i g\u1ed1m s\u1ee9<\/p>\n<p>(5)X\u1eed l\u00fd n\u01b0\u1edbc th\u1ea3i c\u00f3 ch\u1ee9a nh\u00f4m<\/p>\n<p>(6)X\u1eed l\u00fd n\u01b0\u1edbc th\u1ea3i kh\u00e1c<\/p>\n\t\t<\/div>\n\t\t\t\t\t<\/div>\n\n\t\n\n\t<div id=\"col-1813532246\" class=\"col small-12 large-12\"  >\n\t\t\t\t<div class=\"col-inner\"  >\n\t\t\t\n\t\t\t\n<h2>Ch\u1ee9ng nh\u1eadn<\/h2>\n\t<div class=\"img has-hover x md-x lg-x y md-y lg-y\" id=\"image_1992567740\">\n\t\t\t\t\t\t\t\t<div class=\"img-inner dark\" >\n\t\t\t<img loading=\"lazy\" decoding=\"async\" width=\"750\" height=\"450\" src=\"https:\/\/lysinterfilter.com\/wp-content\/uploads\/2024\/06\/Certifications.webp\" class=\"attachment-original size-original\" alt=\"\" srcset=\"https:\/\/lysinterfilter.com\/wp-content\/uploads\/2024\/06\/Certifications.webp 750w, https:\/\/lysinterfilter.com\/wp-content\/uploads\/2024\/06\/Certifications-300x180.webp 300w, https:\/\/lysinterfilter.com\/wp-content\/uploads\/2024\/06\/Certifications-18x12.webp 18w, https:\/\/lysinterfilter.com\/wp-content\/uploads\/2024\/06\/Certifications-600x360.webp 600w\" sizes=\"auto, (max-width: 750px) 100vw, 750px\" \/>\t\t\t\t\t\t\n\t\t\t\t\t<\/div>\n\t\t\t\t\t\t\t\t\n<style>\n#image_1992567740 {\n  width: 100%;\n}\n<\/style>\n\t<\/div>\n\t\n\t\t<\/div>\n\t\t\t\t\t<\/div>\n\n\t\n<\/div>","protected":false},"excerpt":{"rendered":"<ul>\n<li>MOQ\uff1a<span id=\"dr_show_hits_179\">1 C\u00c1I<\/span><\/li>\n<li>T\u00f9y ch\u1ec9nh\uff1a\u0110\u00e3 ch\u1ea5p nh\u1eadn<\/li>\n<li>Brand\uff1aOEM<\/li>\n<li>Th\u1eddi gian giao h\u00e0ng: Trong v\u00f2ng 7 ng\u00e0y<\/li>\n<li>Ch\u1ee9ng nh\u1eadn: CE; ISO 9001<\/li>\n<li>G\u1eedi Email:<\/li>\n<li><a href=\"mailto:info@lysinterfilter.com\">info@lysinterfilter.com<\/a><\/li>\n<\/ul>","protected":false},"featured_media":2690,"template":"","meta":[],"product_brand":[],"product_cat":[40],"product_tag":[],"class_list":{"0":"post-2035","1":"product","2":"type-product","3":"status-publish","4":"has-post-thumbnail","6":"product_cat-medical-filters","8":"first","9":"instock","10":"shipping-taxable","11":"product-type-simple"},"yoast_head":"<!-- This site is optimized with the Yoast SEO plugin v27.2 - https:\/\/yoast.com\/product\/yoast-seo-wordpress\/ -->\n<title>Self-Sealing Filter for Arterial Blood Samplers - Porous Plastic Filter Manufacturer China<\/title>\n<meta name=\"description\" content=\"Discover the benefits of our self-sealing filters, designed for easy installation and superior filtration. Ensure airtight seals and reliable performance in various applications with our innovative self-sealing filters. Choose quality and convenience today.\" \/>\n<meta name=\"robots\" content=\"index, follow, max-snippet:-1, max-image-preview:large, max-video-preview:-1\" \/>\n<link rel=\"canonical\" href=\"https:\/\/lysinterfilter.com\/vi\/manufacturer\/self-sealing-filter\/\" \/>\n<meta property=\"og:locale\" content=\"vi_VN\" \/>\n<meta property=\"og:type\" content=\"article\" \/>\n<meta property=\"og:title\" content=\"Self-Sealing Filter for Arterial Blood Samplers - Porous Plastic Filter Manufacturer China\" \/>\n<meta property=\"og:description\" content=\"Discover the benefits of our self-sealing filters, designed for easy installation and superior filtration. Ensure airtight seals and reliable performance in various applications with our innovative self-sealing filters. Choose quality and convenience today.\" \/>\n<meta property=\"og:url\" content=\"https:\/\/lysinterfilter.com\/vi\/manufacturer\/self-sealing-filter\/\" \/>\n<meta property=\"og:site_name\" content=\"Porous Plastic Filter Manufacturer China\" \/>\n<meta property=\"article:modified_time\" content=\"2026-02-28T06:13:46+00:00\" \/>\n<meta property=\"og:image\" content=\"https:\/\/lysinterfilter.com\/wp-content\/uploads\/2024\/06\/bf.jpg\" \/>\n\t<meta property=\"og:image:width\" content=\"1024\" \/>\n\t<meta property=\"og:image:height\" content=\"898\" \/>\n\t<meta property=\"og:image:type\" content=\"image\/jpeg\" \/>\n<meta name=\"twitter:card\" content=\"summary_large_image\" \/>\n<meta name=\"twitter:label1\" content=\"\u01af\u1edbc t\u00ednh th\u1eddi gian \u0111\u1ecdc\" \/>\n\t<meta name=\"twitter:data1\" content=\"2 ph\u00fat\" \/>\n<script type=\"application\/ld+json\" class=\"yoast-schema-graph\">{\"@context\":\"https:\/\/schema.org\",\"@graph\":[{\"@type\":\"WebPage\",\"@id\":\"https:\/\/lysinterfilter.com\/manufacturer\/self-sealing-filter\/\",\"url\":\"https:\/\/lysinterfilter.com\/manufacturer\/self-sealing-filter\/\",\"name\":\"Self-Sealing Filter for Arterial Blood Samplers - Porous Plastic Filter Manufacturer China\",\"isPartOf\":{\"@id\":\"https:\/\/lysinterfilter.com\/#website\"},\"primaryImageOfPage\":{\"@id\":\"https:\/\/lysinterfilter.com\/manufacturer\/self-sealing-filter\/#primaryimage\"},\"image\":{\"@id\":\"https:\/\/lysinterfilter.com\/manufacturer\/self-sealing-filter\/#primaryimage\"},\"thumbnailUrl\":\"https:\/\/lysinterfilter.com\/wp-content\/uploads\/2024\/06\/bf.jpg\",\"datePublished\":\"2024-06-11T08:47:16+00:00\",\"dateModified\":\"2026-02-28T06:13:46+00:00\",\"description\":\"Discover the benefits of our self-sealing filters, designed for easy installation and superior filtration. Ensure airtight seals and reliable performance in various applications with our innovative self-sealing filters. Choose quality and convenience today.\",\"breadcrumb\":{\"@id\":\"https:\/\/lysinterfilter.com\/manufacturer\/self-sealing-filter\/#breadcrumb\"},\"inLanguage\":\"vi\",\"potentialAction\":[{\"@type\":\"ReadAction\",\"target\":[\"https:\/\/lysinterfilter.com\/manufacturer\/self-sealing-filter\/\"]}]},{\"@type\":\"ImageObject\",\"inLanguage\":\"vi\",\"@id\":\"https:\/\/lysinterfilter.com\/manufacturer\/self-sealing-filter\/#primaryimage\",\"url\":\"https:\/\/lysinterfilter.com\/wp-content\/uploads\/2024\/06\/bf.jpg\",\"contentUrl\":\"https:\/\/lysinterfilter.com\/wp-content\/uploads\/2024\/06\/bf.jpg\",\"width\":1024,\"height\":898,\"caption\":\"{\\\"data\\\":{\\\"pictureId\\\":\\\"9f116a5459f14422bda2d5796dc3590a\\\",\\\"appversion\\\":\\\"14.0.0\\\",\\\"stickerId\\\":\\\"\\\",\\\"filterId\\\":\\\"\\\",\\\"infoStickerId\\\":\\\"\\\",\\\"imageEffectId\\\":\\\"\\\",\\\"playId\\\":\\\"\\\",\\\"activityName\\\":\\\"\\\",\\\"os\\\":\\\"android\\\",\\\"product\\\":\\\"retouch\\\",\\\"originAppId\\\":\\\"2515\\\",\\\"exportType\\\":\\\"\\\",\\\"editType\\\":\\\"\\\",\\\"alias\\\":\\\"\\\",\\\"enterFrom\\\":\\\"enter_launch\\\",\\\"capability_key\\\":[\\\"erase\\\"],\\\"capability_extra_v2\\\":{\\\"erase\\\":[{\\\"panel\\\":\\\"eliminatePen\\\"}]},\\\"effect_type\\\":\\\"tool\\\",\\\"effect_id\\\":\\\"erase\\\"},\\\"source_type\\\":\\\"douyin_beauty_me\\\"}\"},{\"@type\":\"BreadcrumbList\",\"@id\":\"https:\/\/lysinterfilter.com\/manufacturer\/self-sealing-filter\/#breadcrumb\",\"itemListElement\":[{\"@type\":\"ListItem\",\"position\":1,\"name\":\"Home\",\"item\":\"https:\/\/lysinterfilter.com\/\"},{\"@type\":\"ListItem\",\"position\":2,\"name\":\"Products\",\"item\":\"https:\/\/lysinterfilter.com\/shop\/\"},{\"@type\":\"ListItem\",\"position\":3,\"name\":\"Self-Sealing Filter for Arterial Blood Samplers\"}]},{\"@type\":\"WebSite\",\"@id\":\"https:\/\/lysinterfilter.com\/#website\",\"url\":\"https:\/\/lysinterfilter.com\/\",\"name\":\"Porous Plastic Filter Manufacturer China\",\"description\":\"\",\"potentialAction\":[{\"@type\":\"SearchAction\",\"target\":{\"@type\":\"EntryPoint\",\"urlTemplate\":\"https:\/\/lysinterfilter.com\/?s={search_term_string}\"},\"query-input\":{\"@type\":\"PropertyValueSpecification\",\"valueRequired\":true,\"valueName\":\"search_term_string\"}}],\"inLanguage\":\"vi\"}]}<\/script>\n<!-- \/ Yoast SEO plugin. -->","yoast_head_json":{"title":"Self-Sealing Filter for Arterial Blood Samplers - Porous Plastic Filter Manufacturer China","description":"Kh\u00e1m ph\u00e1 nh\u1eefng l\u1ee3i \u00edch c\u1ee7a b\u1ed9 l\u1ecdc t\u1ef1 h\u00e0n k\u00edn c\u1ee7a ch\u00fang t\u00f4i, \u0111\u01b0\u1ee3c thi\u1ebft k\u1ebf \u0111\u1ec3 l\u1eafp \u0111\u1eb7t d\u1ec5 d\u00e0ng v\u00e0 l\u1ecdc v\u01b0\u1ee3t tr\u1ed9i. \u0110\u1ea3m b\u1ea3o \u0111\u1ed9 k\u00edn kh\u00ed v\u00e0 hi\u1ec7u su\u1ea5t \u0111\u00e1ng tin c\u1eady trong nhi\u1ec1u \u1ee9ng d\u1ee5ng kh\u00e1c nhau v\u1edbi b\u1ed9 l\u1ecdc t\u1ef1 h\u00e0n k\u00edn s\u00e1ng t\u1ea1o c\u1ee7a ch\u00fang t\u00f4i. H\u00e3y ch\u1ecdn ch\u1ea5t l\u01b0\u1ee3ng v\u00e0 s\u1ef1 ti\u1ec7n l\u1ee3i ngay h\u00f4m nay.","robots":{"index":"index","follow":"follow","max-snippet":"max-snippet:-1","max-image-preview":"max-image-preview:large","max-video-preview":"max-video-preview:-1"},"canonical":"https:\/\/lysinterfilter.com\/vi\/manufacturer\/self-sealing-filter\/","og_locale":"vi_VN","og_type":"article","og_title":"Self-Sealing Filter for Arterial Blood Samplers - Porous Plastic Filter Manufacturer China","og_description":"Discover the benefits of our self-sealing filters, designed for easy installation and superior filtration. Ensure airtight seals and reliable performance in various applications with our innovative self-sealing filters. Choose quality and convenience today.","og_url":"https:\/\/lysinterfilter.com\/vi\/manufacturer\/self-sealing-filter\/","og_site_name":"Porous Plastic Filter Manufacturer China","article_modified_time":"2026-02-28T06:13:46+00:00","og_image":[{"width":1024,"height":898,"url":"https:\/\/lysinterfilter.com\/wp-content\/uploads\/2024\/06\/bf.jpg","type":"image\/jpeg"}],"twitter_card":"summary_large_image","twitter_misc":{"\u01af\u1edbc t\u00ednh th\u1eddi gian \u0111\u1ecdc":"2 ph\u00fat"},"schema":{"@context":"https:\/\/schema.org","@graph":[{"@type":"WebPage","@id":"https:\/\/lysinterfilter.com\/manufacturer\/self-sealing-filter\/","url":"https:\/\/lysinterfilter.com\/manufacturer\/self-sealing-filter\/","name":"Self-Sealing Filter for Arterial Blood Samplers - Porous Plastic Filter Manufacturer China","isPartOf":{"@id":"https:\/\/lysinterfilter.com\/#website"},"primaryImageOfPage":{"@id":"https:\/\/lysinterfilter.com\/manufacturer\/self-sealing-filter\/#primaryimage"},"image":{"@id":"https:\/\/lysinterfilter.com\/manufacturer\/self-sealing-filter\/#primaryimage"},"thumbnailUrl":"https:\/\/lysinterfilter.com\/wp-content\/uploads\/2024\/06\/bf.jpg","datePublished":"2024-06-11T08:47:16+00:00","dateModified":"2026-02-28T06:13:46+00:00","description":"Kh\u00e1m ph\u00e1 nh\u1eefng l\u1ee3i \u00edch c\u1ee7a b\u1ed9 l\u1ecdc t\u1ef1 h\u00e0n k\u00edn c\u1ee7a ch\u00fang t\u00f4i, \u0111\u01b0\u1ee3c thi\u1ebft k\u1ebf \u0111\u1ec3 l\u1eafp \u0111\u1eb7t d\u1ec5 d\u00e0ng v\u00e0 l\u1ecdc v\u01b0\u1ee3t tr\u1ed9i. \u0110\u1ea3m b\u1ea3o \u0111\u1ed9 k\u00edn kh\u00ed v\u00e0 hi\u1ec7u su\u1ea5t \u0111\u00e1ng tin c\u1eady trong nhi\u1ec1u \u1ee9ng d\u1ee5ng kh\u00e1c nhau v\u1edbi b\u1ed9 l\u1ecdc t\u1ef1 h\u00e0n k\u00edn s\u00e1ng t\u1ea1o c\u1ee7a ch\u00fang t\u00f4i. H\u00e3y ch\u1ecdn ch\u1ea5t l\u01b0\u1ee3ng v\u00e0 s\u1ef1 ti\u1ec7n l\u1ee3i ngay h\u00f4m nay.","breadcrumb":{"@id":"https:\/\/lysinterfilter.com\/manufacturer\/self-sealing-filter\/#breadcrumb"},"inLanguage":"vi","potentialAction":[{"@type":"ReadAction","target":["https:\/\/lysinterfilter.com\/manufacturer\/self-sealing-filter\/"]}]},{"@type":"ImageObject","inLanguage":"vi","@id":"https:\/\/lysinterfilter.com\/manufacturer\/self-sealing-filter\/#primaryimage","url":"https:\/\/lysinterfilter.com\/wp-content\/uploads\/2024\/06\/bf.jpg","contentUrl":"https:\/\/lysinterfilter.com\/wp-content\/uploads\/2024\/06\/bf.jpg","width":1024,"height":898,"caption":"{\"data\":{\"pictureId\":\"9f116a5459f14422bda2d5796dc3590a\",\"appversion\":\"14.0.0\",\"stickerId\":\"\",\"filterId\":\"\",\"infoStickerId\":\"\",\"imageEffectId\":\"\",\"playId\":\"\",\"activityName\":\"\",\"os\":\"android\",\"product\":\"retouch\",\"originAppId\":\"2515\",\"exportType\":\"\",\"editType\":\"\",\"alias\":\"\",\"enterFrom\":\"enter_launch\",\"capability_key\":[\"erase\"],\"capability_extra_v2\":{\"erase\":[{\"panel\":\"eliminatePen\"}]},\"effect_type\":\"tool\",\"effect_id\":\"erase\"},\"source_type\":\"douyin_beauty_me\"}"},{"@type":"BreadcrumbList","@id":"https:\/\/lysinterfilter.com\/manufacturer\/self-sealing-filter\/#breadcrumb","itemListElement":[{"@type":"ListItem","position":1,"name":"Home","item":"https:\/\/lysinterfilter.com\/"},{"@type":"ListItem","position":2,"name":"Products","item":"https:\/\/lysinterfilter.com\/shop\/"},{"@type":"ListItem","position":3,"name":"Self-Sealing Filter for Arterial Blood Samplers"}]},{"@type":"WebSite","@id":"https:\/\/lysinterfilter.com\/#website","url":"https:\/\/lysinterfilter.com\/","name":"Porous Plastic Filter Manufacturer China","description":"","potentialAction":[{"@type":"SearchAction","target":{"@type":"EntryPoint","urlTemplate":"https:\/\/lysinterfilter.com\/?s={search_term_string}"},"query-input":{"@type":"PropertyValueSpecification","valueRequired":true,"valueName":"search_term_string"}}],"inLanguage":"vi"}]}},"_links":{"self":[{"href":"https:\/\/lysinterfilter.com\/vi\/wp-json\/wp\/v2\/product\/2035","targetHints":{"allow":["GET"]}}],"collection":[{"href":"https:\/\/lysinterfilter.com\/vi\/wp-json\/wp\/v2\/product"}],"about":[{"href":"https:\/\/lysinterfilter.com\/vi\/wp-json\/wp\/v2\/types\/product"}],"wp:featuredmedia":[{"embeddable":true,"href":"https:\/\/lysinterfilter.com\/vi\/wp-json\/wp\/v2\/media\/2690"}],"wp:attachment":[{"href":"https:\/\/lysinterfilter.com\/vi\/wp-json\/wp\/v2\/media?parent=2035"}],"wp:term":[{"taxonomy":"product_brand","embeddable":true,"href":"https:\/\/lysinterfilter.com\/vi\/wp-json\/wp\/v2\/product_brand?post=2035"},{"taxonomy":"product_cat","embeddable":true,"href":"https:\/\/lysinterfilter.com\/vi\/wp-json\/wp\/v2\/product_cat?post=2035"},{"taxonomy":"product_tag","embeddable":true,"href":"https:\/\/lysinterfilter.com\/vi\/wp-json\/wp\/v2\/product_tag?post=2035"}],"curies":[{"name":"wp","href":"https:\/\/api.w.org\/{rel}","templated":true}]}}