{"id":2015,"date":"2024-06-11T07:53:04","date_gmt":"2024-06-11T07:53:04","guid":{"rendered":"https:\/\/lysinterfilter.com\/?post_type=product&#038;p=2015"},"modified":"2026-02-28T07:07:29","modified_gmt":"2026-02-28T07:07:29","slug":"self-sealing-filters-for-suction-canisters-liners","status":"publish","type":"product","link":"https:\/\/lysinterfilter.com\/vi\/manufacturer\/self-sealing-filters-for-suction-canisters-liners\/","title":{"rendered":"B\u1ed9 l\u1ecdc t\u1ef1 ni\u00eam phong cho h\u1ed9p h\u00fat \/ \u1ed1ng l\u00f3t"},"content":{"rendered":"<div class=\"row\"  id=\"row-1768999519\">\n\n\t<div id=\"col-362353460\" class=\"col small-12 large-12\"  >\n\t\t\t\t<div class=\"col-inner\"  >\n\t\t\t\n\t\t\t\n<h2>Chi ti\u1ebft s\u1ea3n ph\u1ea9m<\/h2>\n<h3><strong>Gi\u1edbi thi\u1ec7u:<\/strong><\/h3>\n<p>B\u00ecnh h\u00fat\/\u1ed1ng l\u00f3t \u0111\u00e3 \u0111\u01b0\u1ee3c s\u1eed d\u1ee5ng r\u1ed9ng r\u00e3i trong vi\u1ec7c x\u1eed l\u00fd v\u00e0 ti\u00eau h\u1ee7y ch\u1ea5t th\u1ea3i t\u1ea1i c\u00e1c b\u1ec7nh vi\u1ec7n. Kh\u00f4ng kh\u00ed \u0111\u01b0\u1ee3c th\u1ea3i ra t\u1ef1 do qua c\u00e1c b\u1ed9 l\u1ecdc t\u1ef1 h\u00e0n k\u00edn, cho ph\u00e9p thu gom ch\u1ea5t th\u1ea3i l\u1ecfng v\u00e0o b\u00ecnh h\u00fat. Khi ti\u1ebfp x\u00fac v\u1edbi ch\u1ea5t th\u1ea3i l\u1ecfng, c\u00e1c b\u1ed9 l\u1ecdc t\u1ef1 h\u00e0n k\u00edn s\u1ebd \u0111\u01b0\u1ee3c h\u00e0n k\u00edn ngay l\u1eadp t\u1ee9c (hi\u1ec7u \u1ee9ng t\u1ef1 h\u00e0n k\u00edn) v\u00e0 ng\u0103n ch\u1ea5t th\u1ea3i l\u1ecfng tr\u00e0n ra ngo\u00e0i, b\u1ea3o v\u1ec7 thi\u1ebft b\u1ecb y t\u1ebf v\u00e0 m\u00f4i tr\u01b0\u1eddng xung quanh kh\u00f4ng b\u1ecb \u00f4 nhi\u1ec5m.<\/p>\n<h3><strong>\u0110\u1eb7c tr\u01b0ng:\u00a0\u00a0<\/strong><\/h3>\n<p>\u00c1p su\u1ea5t l\u00e0m vi\u1ec7c &gt; 50 kPa, t\u01b0\u01a1ng \u0111\u01b0\u01a1ng v\u1edbi \u00e1p su\u1ea5t c\u1ee7a 5-10 m n\u01b0\u1edbc<\/p>\n<p>Ki\u1ec3m tra ch\u1ea5t l\u01b0\u1ee3ng nghi\u00eam ng\u1eb7t, tu\u00e2n th\u1ee7 c\u00e1c y\u00eau c\u1ea7u y t\u1ebf<\/p>\n<div class=\"row row-small\"  id=\"row-376243811\">\n\n\t<div id=\"col-1291813475\" class=\"col medium-5 small-12 large-5\"  >\n\t\t\t\t<div class=\"col-inner\"  >\n\t\t\t\n\t\t\t\n\t<div class=\"box has-hover   has-hover box-text-bottom\" >\n\n\t\t<div class=\"box-image\" >\n\t\t\t\t\t\t<div class=\"\" >\n\t\t\t\t<img loading=\"lazy\" decoding=\"async\" width=\"300\" height=\"210\" src=\"https:\/\/lysinterfilter.com\/wp-content\/uploads\/2024\/06\/80.webp\" class=\"attachment-original size-original\" alt=\"\" srcset=\"https:\/\/lysinterfilter.com\/wp-content\/uploads\/2024\/06\/80.webp 300w, https:\/\/lysinterfilter.com\/wp-content\/uploads\/2024\/06\/80-18x12.webp 18w\" sizes=\"auto, (max-width: 300px) 100vw, 300px\" \/>\t\t\t\t\t\t\t\t\t\t\t<\/div>\n\t\t\t\t\t<\/div>\n\n\t\t<div class=\"box-text text-center\" >\n\t\t\t<div class=\"box-text-inner\">\n\t\t\t\t\n<p><strong>\u00a0 K\u00edch th\u01b0\u1edbc ti\u00eau chu\u1ea9n (cho IPA252)<\/strong><\/p>\n\t\t\t<\/div>\n\t\t<\/div>\n\t<\/div>\n\t\n\t\t<\/div>\n\t\t\t\t\t<\/div>\n\n\t\n\n\t<div id=\"col-1468723171\" class=\"col medium-7 small-12 large-7\"  >\n\t\t\t\t<div class=\"col-inner\"  >\n\t\t\t\n\t\t\t\n\t<div class=\"box has-hover   has-hover box-text-bottom\" >\n\n\t\t<div class=\"box-image\" >\n\t\t\t\t\t\t<div class=\"\" >\n\t\t\t\t<img loading=\"lazy\" decoding=\"async\" width=\"484\" height=\"210\" src=\"https:\/\/lysinterfilter.com\/wp-content\/uploads\/2024\/06\/81.webp\" class=\"attachment-original size-original\" alt=\"\" srcset=\"https:\/\/lysinterfilter.com\/wp-content\/uploads\/2024\/06\/81.webp 484w, https:\/\/lysinterfilter.com\/wp-content\/uploads\/2024\/06\/81-300x130.webp 300w, https:\/\/lysinterfilter.com\/wp-content\/uploads\/2024\/06\/81-18x8.webp 18w\" sizes=\"auto, (max-width: 484px) 100vw, 484px\" \/>\t\t\t\t\t\t\t\t\t\t\t<\/div>\n\t\t\t\t\t<\/div>\n\n\t\t<div class=\"box-text text-center\" >\n\t\t\t<div class=\"box-text-inner\">\n\t\t\t\t\n\t<div id=\"text-1902012425\" class=\"text\">\n\t\t\n<p>B\u1ed9 l\u1ecdc th\u00f4ng th\u01b0\u1eddng cho b\u00ecnh h\u00fat: LY-IPA160-245-X, LY-IPA190-292-X, LY-IPA252, LY-IPA276 (t\u1eeb tr\u00e1i sang ph\u1ea3i)<br \/>\n\t\t\n<style>\n#text-1902012425 {\n  text-align: left;\n}\n<\/style>\n\t<\/div>\n\t\n\t\t\t<\/div>\n\t\t<\/div>\n\t<\/div>\n\t\n\t\t<\/div>\n\t\t\t\t\t<\/div>\n\n\t\n<\/div>\n<h3><strong>\u1ea2nh:<\/strong><\/h3>\n\t<div class=\"img has-hover x md-x lg-x y md-y lg-y\" id=\"image_1424069068\">\n\t\t\t\t\t\t\t\t<div class=\"img-inner dark\" >\n\t\t\t<img loading=\"lazy\" decoding=\"async\" width=\"1024\" height=\"600\" src=\"https:\/\/lysinterfilter.com\/wp-content\/uploads\/2026\/02\/es4.jpg\" class=\"attachment-original size-original\" alt=\"\" srcset=\"https:\/\/lysinterfilter.com\/wp-content\/uploads\/2026\/02\/es4.jpg 1024w, https:\/\/lysinterfilter.com\/wp-content\/uploads\/2026\/02\/es4-300x176.jpg 300w, https:\/\/lysinterfilter.com\/wp-content\/uploads\/2026\/02\/es4-768x450.jpg 768w, https:\/\/lysinterfilter.com\/wp-content\/uploads\/2026\/02\/es4-18x12.jpg 18w, https:\/\/lysinterfilter.com\/wp-content\/uploads\/2026\/02\/es4-600x352.jpg 600w\" sizes=\"auto, (max-width: 1024px) 100vw, 1024px\" \/>\t\t\t\t\t\t\n\t\t\t\t\t<\/div>\n\t\t\t\t\t\t\t\t\n<style>\n#image_1424069068 {\n  width: 100%;\n}\n<\/style>\n\t<\/div>\n\t\n<h3><strong>Th\u00f4ng tin \u0111\u1eb7t h\u00e0ng:<\/strong><\/h3>\n<div style=\"overflow: auto;\">\n\t\t<\/div>\n\t\t\t\t\t<\/div>\n\n\t\n\n\t<div id=\"col-1497540674\" class=\"col small-12 large-12\"  >\n\t\t\t\t<div class=\"col-inner\"  >\n\t\t\t\n\t\t\t\n<p>\u1ee8ng d\u1ee5ng<\/p>\n\t<div class=\"img has-hover x md-x lg-x y md-y lg-y\" id=\"image_248576030\">\n\t\t\t\t\t\t\t\t<div class=\"img-inner dark\" >\n\t\t\t<img loading=\"lazy\" decoding=\"async\" width=\"750\" height=\"350\" src=\"https:\/\/lysinterfilter.com\/wp-content\/uploads\/2024\/06\/Application.webp\" class=\"attachment-original size-original\" alt=\"\" srcset=\"https:\/\/lysinterfilter.com\/wp-content\/uploads\/2024\/06\/Application.webp 750w, https:\/\/lysinterfilter.com\/wp-content\/uploads\/2024\/06\/Application-300x140.webp 300w, https:\/\/lysinterfilter.com\/wp-content\/uploads\/2024\/06\/Application-18x8.webp 18w, https:\/\/lysinterfilter.com\/wp-content\/uploads\/2024\/06\/Application-600x280.webp 600w\" sizes=\"auto, (max-width: 750px) 100vw, 750px\" \/>\t\t\t\t\t\t\n\t\t\t\t\t<\/div>\n\t\t\t\t\t\t\t\t\n<style>\n#image_248576030 {\n  width: 100%;\n}\n<\/style>\n\t<\/div>\n\t\n<p>A.Pharmaceutical Industry\u00a0 \u00a0(1)Large infusion of water, pharmaceutical intermediates decarbonizationfiltration; fermentation broth, oral liquid\u00a0 \u00a0(2)Powder activated carbon with decolorization filter(medicinal liquidglucose,antibiotics,synthetic medicine,preparation,Chinese herbal medicineliquid,etd.)\u00a0 \u00a0(3)Injection liquid\u00a0 \u00a0(4)Injection air filter\u00a0 \u00a0(5)Injection washing bottle water\u00a0 \u00a0(6)Medical liquor filtrationB.Chemical Industry\u00a0 \u00a0(1)Aluminum hydroxide filtering and washing\u00a0 \u00a0(2)Palladium catalyst filtering and washing\u00a0 \u00a0(3)Phosphor filtering and washing\u00a0 \u00a0(4)Zinc carbonate filtering\u00a0 \u00a0(5)Sodium carbonate solution filtration\u00a0 \u00a0(6)Barium sulfate filtering and washing\u00a0 \u00a0(7)Cadmium sulfide filtering and washingC.Chemical fiber &amp; textile industry\u00a0 \u00a0(1)Acid bath filtration\u00a0 \u00a0(2)Sulfur and acrylic acid purification filtration\u00a0 \u00a0(3)Silk water precifion filtrationD.Light industry and food industry\u00a0 \u00a0(1)Syrup filtration\u00a0 \u00a0(2)Drink filtration\u00a0 \u00a0(3)Wine and white spirit filtration\u00a0 \u00a0(4)Vegetable oil precision filtration\u00a0 \u00a0(5)Essential oil filtration\u00a0 \u00a0(6)Mineral water filtrationE.Machinery and Oil industry\u00a0 \u00a0(1)Plating solution filtration\u00a0 \u00a0(2)Internal combustion engine cleaning fluid precision filtration\u00a0 \u00a0(3)Oil field washing filtration\u00a0 \u00a0(4)Electrical industry ultra-pure water equipmentF.Waste water treatment\u00a0 \u00a0(1)Heavy mental hydroxide waste water treatment\u00a0 \u00a0(2)Mix-ture heavy metals waste water treatment\u00a0 \u00a0(3)Chemical waste water treatment\u00a0 \u00a0(4)Ceramic waste water treatment\u00a0 \u00a0(5)Aluminum-containing waste water treatment\u00a0 \u00a0(6)Other waste water treatment\u00a0<\/p>\n\t\t<\/div>\n\t\t\t\t\t<\/div>\n\n\t\n\n\t<div id=\"col-1827168642\" class=\"col small-12 large-12\"  >\n\t\t\t\t<div class=\"col-inner\"  >\n\t\t\t\n\t\t\t\n<p>Ch\u1ee9ng nh\u1eadn<\/p>\n\t<div class=\"img has-hover x md-x lg-x y md-y lg-y\" id=\"image_1309076369\">\n\t\t\t\t\t\t\t\t<div class=\"img-inner dark\" >\n\t\t\t<img loading=\"lazy\" decoding=\"async\" width=\"750\" height=\"450\" src=\"https:\/\/lysinterfilter.com\/wp-content\/uploads\/2024\/06\/Certifications.webp\" class=\"attachment-original size-original\" alt=\"\" srcset=\"https:\/\/lysinterfilter.com\/wp-content\/uploads\/2024\/06\/Certifications.webp 750w, https:\/\/lysinterfilter.com\/wp-content\/uploads\/2024\/06\/Certifications-300x180.webp 300w, https:\/\/lysinterfilter.com\/wp-content\/uploads\/2024\/06\/Certifications-18x12.webp 18w, https:\/\/lysinterfilter.com\/wp-content\/uploads\/2024\/06\/Certifications-600x360.webp 600w\" sizes=\"auto, (max-width: 750px) 100vw, 750px\" \/>\t\t\t\t\t\t\n\t\t\t\t\t<\/div>\n\t\t\t\t\t\t\t\t\n<style>\n#image_1309076369 {\n  width: 100%;\n}\n<\/style>\n\t<\/div>\n\t\n\t\t<\/div>\n\t\t\t\t\t<\/div>\n\n\t\n<\/div>\n<table border=\"\u201d1\u2033\" width=\"\u201d3000px\u201d\" align=\"\u201dcenter\u201d\">\n<tbody>\n<tr style=\"background-color: #f2f2f2;\">\n<th style=\"border: 1px solid #dddddd; padding: 8px;\">Con m\u00e8o.<\/th>\n<th style=\"border: 1px solid #dddddd; padding: 8px;\">\u0110\u1ea0I H\u1eccC<\/th>\n<th style=\"border: 1px solid #dddddd; padding: 8px;\">NH\u1eacN D\u1ea0NG<\/th>\n<th style=\"border: 1px solid #dddddd; padding: 8px;\">Chi\u1ec1u cao<\/th>\n<th style=\"border: 1px solid #dddddd; padding: 8px;\">\u0110\u01b0\u1eddng k\u00ednh khoang<\/th>\n<th style=\"border: 1px solid #dddddd; padding: 8px;\">\u0110\u1ed9 s\u00e2u c\u1ee7a khoang<\/th>\n<th style=\"border: 1px solid #dddddd; padding: 8px;\">S\u1ed1 l\u01b0\u1ee3ng<\/th>\n<\/tr>\n<tr style=\"background-color: #f2f2f2;\">\n<td style=\"border: 1px solid #dddddd; padding: 8px;\">LY-IPA160-245-X<\/td>\n<td style=\"border: 1px solid #dddddd; padding: 8px;\">16mm<\/td>\n<td style=\"border: 1px solid #dddddd; padding: 8px;\">10mm<\/td>\n<td style=\"border: 1px solid #dddddd; padding: 8px;\">25mm<\/td>\n<td style=\"border: 1px solid #dddddd; padding: 8px;\">14,5mm<\/td>\n<td style=\"border: 1px solid #dddddd; padding: 8px;\">21mm<\/td>\n<td style=\"border: 1px solid #dddddd; padding: 8px;\">200 C\u00e1i\/H\u1ed9p<\/td>\n<\/tr>\n<tr>\n<td style=\"border: 1px solid #dddddd; padding: 8px;\">LY-IPA190-292-X<\/td>\n<td style=\"border: 1px solid #dddddd; padding: 8px;\">19mm<\/td>\n<td style=\"border: 1px solid #dddddd; padding: 8px;\">15mm<\/td>\n<td style=\"border: 1px solid #dddddd; padding: 8px;\">29mm<\/td>\n<td style=\"border: 1px solid #dddddd; padding: 8px;\">15mm<\/td>\n<td style=\"border: 1px solid #dddddd; padding: 8px;\">25mm<\/td>\n<td style=\"border: 1px solid #dddddd; padding: 8px;\">100 C\u00c1I\/H\u1ed9p<\/td>\n<\/tr>\n<tr style=\"background-color: #f2f2f2;\">\n<td style=\"border: 1px solid #dddddd; padding: 8px;\">LY-IPA252<\/td>\n<td style=\"border: 1px solid #dddddd; padding: 8px;\">20mm<\/td>\n<td style=\"border: 1px solid #dddddd; padding: 8px;\">13mm<\/td>\n<td style=\"border: 1px solid #dddddd; padding: 8px;\">25mm<\/td>\n<td style=\"border: 1px solid #dddddd; padding: 8px;\">18mm<\/td>\n<td style=\"border: 1px solid #dddddd; padding: 8px;\">21mm<\/td>\n<td style=\"border: 1px solid #dddddd; padding: 8px;\">100 C\u00c1I\/H\u1ed9p<\/td>\n<\/tr>\n<tr>\n<td style=\"border: 1px solid #dddddd; padding: 8px;\">LY-IPA276<\/td>\n<td style=\"border: 1px solid #dddddd; padding: 8px;\">16mm<\/td>\n<td style=\"border: 1px solid #dddddd; padding: 8px;\">10mm<\/td>\n<td style=\"border: 1px solid #dddddd; padding: 8px;\">25mm<\/td>\n<td style=\"border: 1px solid #dddddd; padding: 8px;\">14mm<\/td>\n<td style=\"border: 1px solid #dddddd; padding: 8px;\">21mm<\/td>\n<td style=\"border: 1px solid #dddddd; padding: 8px;\">100 C\u00c1I\/H\u1ed9p<\/td>\n<\/tr>\n<\/tbody>\n<\/table>\n<\/div>","protected":false},"excerpt":{"rendered":"<ul>\n<li>MOQ\uff1a<span id=\"dr_show_hits_179\">1 C\u00c1I<\/span><\/li>\n<li>T\u00f9y ch\u1ec9nh\uff1a\u0110\u00e3 ch\u1ea5p nh\u1eadn<\/li>\n<li>Brand\uff1aOEM<\/li>\n<li>Th\u1eddi gian giao h\u00e0ng: Trong v\u00f2ng 7 ng\u00e0y<\/li>\n<li>Ch\u1ee9ng nh\u1eadn: CE; ISO 9001<\/li>\n<li>G\u1eedi Email:<\/li>\n<li><a href=\"mailto:info@lysinterfilter.com\">info@lysinterfilter.com<\/a><\/li>\n<\/ul>","protected":false},"featured_media":2697,"template":"","meta":[],"product_brand":[],"product_cat":[40],"product_tag":[],"class_list":{"0":"post-2015","1":"product","2":"type-product","3":"status-publish","4":"has-post-thumbnail","6":"product_cat-medical-filters","8":"first","9":"instock","10":"shipping-taxable","11":"product-type-simple"},"yoast_head":"<!-- This site is optimized with the Yoast SEO plugin v27.2 - https:\/\/yoast.com\/product\/yoast-seo-wordpress\/ -->\n<title>Self-Sealing Filters for Suction Canisters \/ Liners - Porous Plastic Filter Manufacturer China<\/title>\n<meta name=\"description\" content=\"Enhance safety and efficiency with our self-sealing filters for suction canisters. Designed to provide airtight seals and superior filtration, Trust our advanced filters for optimal protection and convenience.\" \/>\n<meta name=\"robots\" content=\"index, follow, max-snippet:-1, max-image-preview:large, max-video-preview:-1\" \/>\n<link rel=\"canonical\" href=\"https:\/\/lysinterfilter.com\/vi\/manufacturer\/self-sealing-filters-for-suction-canisters-liners\/\" \/>\n<meta property=\"og:locale\" content=\"vi_VN\" \/>\n<meta property=\"og:type\" content=\"article\" \/>\n<meta property=\"og:title\" content=\"Self-Sealing Filters for Suction Canisters \/ Liners - Porous Plastic Filter Manufacturer China\" \/>\n<meta property=\"og:description\" content=\"Enhance safety and efficiency with our self-sealing filters for suction canisters. Designed to provide airtight seals and superior filtration, Trust our advanced filters for optimal protection and convenience.\" \/>\n<meta property=\"og:url\" content=\"https:\/\/lysinterfilter.com\/vi\/manufacturer\/self-sealing-filters-for-suction-canisters-liners\/\" \/>\n<meta property=\"og:site_name\" content=\"Porous Plastic Filter Manufacturer China\" \/>\n<meta property=\"article:modified_time\" content=\"2026-02-28T07:07:29+00:00\" \/>\n<meta property=\"og:image\" content=\"https:\/\/lysinterfilter.com\/wp-content\/uploads\/2024\/06\/es.jpg\" \/>\n\t<meta property=\"og:image:width\" content=\"1024\" \/>\n\t<meta property=\"og:image:height\" content=\"902\" \/>\n\t<meta property=\"og:image:type\" content=\"image\/jpeg\" \/>\n<meta name=\"twitter:card\" content=\"summary_large_image\" \/>\n<meta name=\"twitter:label1\" content=\"\u01af\u1edbc t\u00ednh th\u1eddi gian \u0111\u1ecdc\" \/>\n\t<meta name=\"twitter:data1\" content=\"2 ph\u00fat\" \/>\n<script type=\"application\/ld+json\" class=\"yoast-schema-graph\">{\"@context\":\"https:\/\/schema.org\",\"@graph\":[{\"@type\":\"WebPage\",\"@id\":\"https:\/\/lysinterfilter.com\/manufacturer\/self-sealing-filters-for-suction-canisters-liners\/\",\"url\":\"https:\/\/lysinterfilter.com\/manufacturer\/self-sealing-filters-for-suction-canisters-liners\/\",\"name\":\"Self-Sealing Filters for Suction Canisters \/ Liners - Porous Plastic Filter Manufacturer China\",\"isPartOf\":{\"@id\":\"https:\/\/lysinterfilter.com\/#website\"},\"primaryImageOfPage\":{\"@id\":\"https:\/\/lysinterfilter.com\/manufacturer\/self-sealing-filters-for-suction-canisters-liners\/#primaryimage\"},\"image\":{\"@id\":\"https:\/\/lysinterfilter.com\/manufacturer\/self-sealing-filters-for-suction-canisters-liners\/#primaryimage\"},\"thumbnailUrl\":\"https:\/\/lysinterfilter.com\/wp-content\/uploads\/2024\/06\/es.jpg\",\"datePublished\":\"2024-06-11T07:53:04+00:00\",\"dateModified\":\"2026-02-28T07:07:29+00:00\",\"description\":\"Enhance safety and efficiency with our self-sealing filters for suction canisters. Designed to provide airtight seals and superior filtration, Trust our advanced filters for optimal protection and convenience.\",\"breadcrumb\":{\"@id\":\"https:\/\/lysinterfilter.com\/manufacturer\/self-sealing-filters-for-suction-canisters-liners\/#breadcrumb\"},\"inLanguage\":\"vi\",\"potentialAction\":[{\"@type\":\"ReadAction\",\"target\":[\"https:\/\/lysinterfilter.com\/manufacturer\/self-sealing-filters-for-suction-canisters-liners\/\"]}]},{\"@type\":\"ImageObject\",\"inLanguage\":\"vi\",\"@id\":\"https:\/\/lysinterfilter.com\/manufacturer\/self-sealing-filters-for-suction-canisters-liners\/#primaryimage\",\"url\":\"https:\/\/lysinterfilter.com\/wp-content\/uploads\/2024\/06\/es.jpg\",\"contentUrl\":\"https:\/\/lysinterfilter.com\/wp-content\/uploads\/2024\/06\/es.jpg\",\"width\":1024,\"height\":902,\"caption\":\"{\\\"data\\\":{\\\"pictureId\\\":\\\"4e1d849e8a0e46c59dc9e6fa3198593b\\\",\\\"appversion\\\":\\\"14.0.0\\\",\\\"stickerId\\\":\\\"\\\",\\\"filterId\\\":\\\"\\\",\\\"infoStickerId\\\":\\\"\\\",\\\"imageEffectId\\\":\\\"\\\",\\\"playId\\\":\\\"\\\",\\\"activityName\\\":\\\"\\\",\\\"os\\\":\\\"android\\\",\\\"product\\\":\\\"retouch\\\",\\\"originAppId\\\":\\\"2515\\\",\\\"exportType\\\":\\\"\\\",\\\"editType\\\":\\\"\\\",\\\"alias\\\":\\\"\\\",\\\"enterFrom\\\":\\\"enter_launch\\\",\\\"capability_key\\\":[\\\"erase\\\"],\\\"capability_extra_v2\\\":{\\\"erase\\\":[{\\\"panel\\\":\\\"eliminatePen\\\"}]},\\\"effect_type\\\":\\\"tool\\\",\\\"effect_id\\\":\\\"erase\\\"},\\\"source_type\\\":\\\"douyin_beauty_me\\\"}\"},{\"@type\":\"BreadcrumbList\",\"@id\":\"https:\/\/lysinterfilter.com\/manufacturer\/self-sealing-filters-for-suction-canisters-liners\/#breadcrumb\",\"itemListElement\":[{\"@type\":\"ListItem\",\"position\":1,\"name\":\"Home\",\"item\":\"https:\/\/lysinterfilter.com\/\"},{\"@type\":\"ListItem\",\"position\":2,\"name\":\"Products\",\"item\":\"https:\/\/lysinterfilter.com\/shop\/\"},{\"@type\":\"ListItem\",\"position\":3,\"name\":\"Self-Sealing Filters for Suction Canisters \/ Liners\"}]},{\"@type\":\"WebSite\",\"@id\":\"https:\/\/lysinterfilter.com\/#website\",\"url\":\"https:\/\/lysinterfilter.com\/\",\"name\":\"Porous Plastic Filter Manufacturer China\",\"description\":\"\",\"potentialAction\":[{\"@type\":\"SearchAction\",\"target\":{\"@type\":\"EntryPoint\",\"urlTemplate\":\"https:\/\/lysinterfilter.com\/?s={search_term_string}\"},\"query-input\":{\"@type\":\"PropertyValueSpecification\",\"valueRequired\":true,\"valueName\":\"search_term_string\"}}],\"inLanguage\":\"vi\"}]}<\/script>\n<!-- \/ Yoast SEO plugin. -->","yoast_head_json":{"title":"Self-Sealing Filters for Suction Canisters \/ Liners - Porous Plastic Filter Manufacturer China","description":"T\u0103ng c\u01b0\u1eddng t\u00ednh an to\u00e0n v\u00e0 hi\u1ec7u qu\u1ea3 v\u1edbi b\u1ed9 l\u1ecdc t\u1ef1 h\u00e0n k\u00edn c\u1ee7a ch\u00fang t\u00f4i d\u00e0nh cho b\u00ecnh h\u00fat. \u0110\u01b0\u1ee3c thi\u1ebft k\u1ebf \u0111\u1ec3 cung c\u1ea5p l\u1edbp \u0111\u1ec7m k\u00edn kh\u00ed v\u00e0 kh\u1ea3 n\u0103ng l\u1ecdc v\u01b0\u1ee3t tr\u1ed9i, h\u00e3y tin t\u01b0\u1edfng v\u00e0o b\u1ed9 l\u1ecdc ti\u00ean ti\u1ebfn c\u1ee7a ch\u00fang t\u00f4i \u0111\u1ec3 c\u00f3 \u0111\u01b0\u1ee3c s\u1ef1 b\u1ea3o v\u1ec7 v\u00e0 ti\u1ec7n l\u1ee3i t\u1ed1i \u01b0u.","robots":{"index":"index","follow":"follow","max-snippet":"max-snippet:-1","max-image-preview":"max-image-preview:large","max-video-preview":"max-video-preview:-1"},"canonical":"https:\/\/lysinterfilter.com\/vi\/manufacturer\/self-sealing-filters-for-suction-canisters-liners\/","og_locale":"vi_VN","og_type":"article","og_title":"Self-Sealing Filters for Suction Canisters \/ Liners - Porous Plastic Filter Manufacturer China","og_description":"Enhance safety and efficiency with our self-sealing filters for suction canisters. Designed to provide airtight seals and superior filtration, Trust our advanced filters for optimal protection and convenience.","og_url":"https:\/\/lysinterfilter.com\/vi\/manufacturer\/self-sealing-filters-for-suction-canisters-liners\/","og_site_name":"Porous Plastic Filter Manufacturer China","article_modified_time":"2026-02-28T07:07:29+00:00","og_image":[{"width":1024,"height":902,"url":"https:\/\/lysinterfilter.com\/wp-content\/uploads\/2024\/06\/es.jpg","type":"image\/jpeg"}],"twitter_card":"summary_large_image","twitter_misc":{"\u01af\u1edbc t\u00ednh th\u1eddi gian \u0111\u1ecdc":"2 ph\u00fat"},"schema":{"@context":"https:\/\/schema.org","@graph":[{"@type":"WebPage","@id":"https:\/\/lysinterfilter.com\/manufacturer\/self-sealing-filters-for-suction-canisters-liners\/","url":"https:\/\/lysinterfilter.com\/manufacturer\/self-sealing-filters-for-suction-canisters-liners\/","name":"Self-Sealing Filters for Suction Canisters \/ Liners - Porous Plastic Filter Manufacturer China","isPartOf":{"@id":"https:\/\/lysinterfilter.com\/#website"},"primaryImageOfPage":{"@id":"https:\/\/lysinterfilter.com\/manufacturer\/self-sealing-filters-for-suction-canisters-liners\/#primaryimage"},"image":{"@id":"https:\/\/lysinterfilter.com\/manufacturer\/self-sealing-filters-for-suction-canisters-liners\/#primaryimage"},"thumbnailUrl":"https:\/\/lysinterfilter.com\/wp-content\/uploads\/2024\/06\/es.jpg","datePublished":"2024-06-11T07:53:04+00:00","dateModified":"2026-02-28T07:07:29+00:00","description":"T\u0103ng c\u01b0\u1eddng t\u00ednh an to\u00e0n v\u00e0 hi\u1ec7u qu\u1ea3 v\u1edbi b\u1ed9 l\u1ecdc t\u1ef1 h\u00e0n k\u00edn c\u1ee7a ch\u00fang t\u00f4i d\u00e0nh cho b\u00ecnh h\u00fat. \u0110\u01b0\u1ee3c thi\u1ebft k\u1ebf \u0111\u1ec3 cung c\u1ea5p l\u1edbp \u0111\u1ec7m k\u00edn kh\u00ed v\u00e0 kh\u1ea3 n\u0103ng l\u1ecdc v\u01b0\u1ee3t tr\u1ed9i, h\u00e3y tin t\u01b0\u1edfng v\u00e0o b\u1ed9 l\u1ecdc ti\u00ean ti\u1ebfn c\u1ee7a ch\u00fang t\u00f4i \u0111\u1ec3 c\u00f3 \u0111\u01b0\u1ee3c s\u1ef1 b\u1ea3o v\u1ec7 v\u00e0 ti\u1ec7n l\u1ee3i t\u1ed1i \u01b0u.","breadcrumb":{"@id":"https:\/\/lysinterfilter.com\/manufacturer\/self-sealing-filters-for-suction-canisters-liners\/#breadcrumb"},"inLanguage":"vi","potentialAction":[{"@type":"ReadAction","target":["https:\/\/lysinterfilter.com\/manufacturer\/self-sealing-filters-for-suction-canisters-liners\/"]}]},{"@type":"ImageObject","inLanguage":"vi","@id":"https:\/\/lysinterfilter.com\/manufacturer\/self-sealing-filters-for-suction-canisters-liners\/#primaryimage","url":"https:\/\/lysinterfilter.com\/wp-content\/uploads\/2024\/06\/es.jpg","contentUrl":"https:\/\/lysinterfilter.com\/wp-content\/uploads\/2024\/06\/es.jpg","width":1024,"height":902,"caption":"{\"data\":{\"pictureId\":\"4e1d849e8a0e46c59dc9e6fa3198593b\",\"appversion\":\"14.0.0\",\"stickerId\":\"\",\"filterId\":\"\",\"infoStickerId\":\"\",\"imageEffectId\":\"\",\"playId\":\"\",\"activityName\":\"\",\"os\":\"android\",\"product\":\"retouch\",\"originAppId\":\"2515\",\"exportType\":\"\",\"editType\":\"\",\"alias\":\"\",\"enterFrom\":\"enter_launch\",\"capability_key\":[\"erase\"],\"capability_extra_v2\":{\"erase\":[{\"panel\":\"eliminatePen\"}]},\"effect_type\":\"tool\",\"effect_id\":\"erase\"},\"source_type\":\"douyin_beauty_me\"}"},{"@type":"BreadcrumbList","@id":"https:\/\/lysinterfilter.com\/manufacturer\/self-sealing-filters-for-suction-canisters-liners\/#breadcrumb","itemListElement":[{"@type":"ListItem","position":1,"name":"Home","item":"https:\/\/lysinterfilter.com\/"},{"@type":"ListItem","position":2,"name":"Products","item":"https:\/\/lysinterfilter.com\/shop\/"},{"@type":"ListItem","position":3,"name":"Self-Sealing Filters for Suction Canisters \/ Liners"}]},{"@type":"WebSite","@id":"https:\/\/lysinterfilter.com\/#website","url":"https:\/\/lysinterfilter.com\/","name":"Porous Plastic Filter Manufacturer China","description":"","potentialAction":[{"@type":"SearchAction","target":{"@type":"EntryPoint","urlTemplate":"https:\/\/lysinterfilter.com\/?s={search_term_string}"},"query-input":{"@type":"PropertyValueSpecification","valueRequired":true,"valueName":"search_term_string"}}],"inLanguage":"vi"}]}},"_links":{"self":[{"href":"https:\/\/lysinterfilter.com\/vi\/wp-json\/wp\/v2\/product\/2015","targetHints":{"allow":["GET"]}}],"collection":[{"href":"https:\/\/lysinterfilter.com\/vi\/wp-json\/wp\/v2\/product"}],"about":[{"href":"https:\/\/lysinterfilter.com\/vi\/wp-json\/wp\/v2\/types\/product"}],"wp:featuredmedia":[{"embeddable":true,"href":"https:\/\/lysinterfilter.com\/vi\/wp-json\/wp\/v2\/media\/2697"}],"wp:attachment":[{"href":"https:\/\/lysinterfilter.com\/vi\/wp-json\/wp\/v2\/media?parent=2015"}],"wp:term":[{"taxonomy":"product_brand","embeddable":true,"href":"https:\/\/lysinterfilter.com\/vi\/wp-json\/wp\/v2\/product_brand?post=2015"},{"taxonomy":"product_cat","embeddable":true,"href":"https:\/\/lysinterfilter.com\/vi\/wp-json\/wp\/v2\/product_cat?post=2015"},{"taxonomy":"product_tag","embeddable":true,"href":"https:\/\/lysinterfilter.com\/vi\/wp-json\/wp\/v2\/product_tag?post=2015"}],"curies":[{"name":"wp","href":"https:\/\/api.w.org\/{rel}","templated":true}]}}