{"id":1991,"date":"2024-06-11T07:11:26","date_gmt":"2024-06-11T07:11:26","guid":{"rendered":"https:\/\/lysinterfilter.com\/?post_type=product&#038;p=1991"},"modified":"2026-02-28T09:04:22","modified_gmt":"2026-02-28T09:04:22","slug":"pe-sintered-plate","status":"publish","type":"product","link":"https:\/\/lysinterfilter.com\/vi\/manufacturer\/pe-sintered-plate\/","title":{"rendered":"T\u1ea5m thi\u00eau k\u1ebft PE, \u0111\u0129a thi\u00eau k\u1ebft PE"},"content":{"rendered":"<div class=\"row\"  id=\"row-1579047974\">\n\n\t<div id=\"col-1849055928\" class=\"col small-12 large-12\"  >\n\t\t\t\t<div class=\"col-inner\"  >\n\t\t\t\n\t\t\t\n<h3>Chi ti\u1ebft s\u1ea3n ph\u1ea9m<\/h3>\n<p>T\u1ea5m l\u01b0u h\u00f3a v\u00e0 t\u1ea5m l\u1ecdc \u0111\u01b0\u1ee3c l\u00e0m b\u1eb1ng v\u1eadt li\u1ec7u polyethylene ho\u1eb7c polypropylene c\u00f3 tr\u1ecdng l\u01b0\u1ee3ng ph\u00e2n t\u1eed c\u1ef1c cao<\/p>\n<p>th\u00f4ng qua qu\u00e1 tr\u00ecnh thi\u00eau k\u1ebft \u1edf nhi\u1ec7t \u0111\u1ed9 cao v\u00e0 \u00e1p su\u1ea5t cao, c\u00f3 hai h\u00ecnh d\u1ea1ng: tr\u00f2n, vu\u00f4ng ho\u1eb7c c\u00e1c h\u00ecnh d\u1ea1ng kh\u00e1c.<\/p>\n<p>Ch\u00fang c\u00f3 th\u1ec3 \u0111\u01b0\u1ee3c t\u00f9y ch\u1ec9nh theo y\u00eau c\u1ea7u c\u1ee7a kh\u00e1ch h\u00e0ng. V\u00ec h\u00ecnh d\u1ea1ng c\u1ed1 \u0111\u1ecbnh (t\u1ef1 do l\u1ef1a ch\u1ecdn) v\u00e0 \u0111\u1ed3ng nh\u1ea5t<\/p>\n<p>k\u00edch th\u01b0\u1edbc l\u1ed7 r\u1ed7ng, n\u00f3 th\u01b0\u1eddng \u0111\u01b0\u1ee3c s\u1eed d\u1ee5ng nh\u01b0 m\u1ed9t t\u1ea5m ph\u00e2n ph\u1ed1i kh\u00ed trong c\u00e1c ho\u1ea1t \u0111\u1ed9ng b\u1ed9t. N\u00f3 \u0111\u00f3ng vai tr\u00f2 quy\u1ebft \u0111\u1ecbnh trong vi\u1ec7c ki\u1ec3m so\u00e1t<\/p>\n<p>ph\u00e2n ph\u1ed1i kh\u00ed, truy\u1ec1n t\u1ea3i v\u00e0 l\u01b0u h\u00f3a v\u1eadt li\u1ec7u d\u1ea1ng b\u1ed9t, v\u00e0 \u0111\u01b0\u1ee3c s\u1eed d\u1ee5ng trong c\u00e1c quy tr\u00ecnh c\u00f4ng nghi\u1ec7p. N\u00f3 c\u00f3<\/p>\n<p>ph\u1ea1m vi \u1ee9ng d\u1ee5ng r\u1ea5t r\u1ed9ng; n\u00f3 \u0111\u01b0\u1ee3c s\u1eed d\u1ee5ng nh\u01b0 m\u1ed9t t\u1ea5m h\u1ed7 tr\u1ee3 \u0111\u1ec3 ph\u00e2n t\u00e1n c\u00e1c ch\u1ea5t r\u1eafn x\u1ed1p trong qu\u00e1 tr\u00ecnh t\u00e1ch l\u1ecfng-r\u1eafn (c\u1ed9t trao \u0111\u1ed5i ion, c\u1ed9t s\u1eafc k\u00fd, v.v.). Ngo\u00e0i ra, v\u1eadt li\u1ec7u composite polyme c\u00f3<\/p>\n<p>\u0111\u1eb7c \u0111i\u1ec3m c\u1ee7a \u0111i\u1ec7n \u00e1p ch\u1ed1ng t\u0129nh \u0111i\u1ec7n, v\u00ec v\u1eady t\u1ea5m l\u1ecdc c\u0169ng \u0111\u01b0\u1ee3c s\u1eed d\u1ee5ng r\u1ed9ng r\u00e3i trong phun b\u1ed9t t\u0129nh \u0111i\u1ec7n, th\u00f9ng m\u00e1y ph\u00e1t t\u0129nh \u0111i\u1ec7n v\u00e0 thi\u1ebft b\u1ecb t\u1ea7ng s\u00f4i. B\u1ec1 m\u1eb7t c\u1ee7a t\u1ea5m l\u1ecdc \u0111\u01b0\u1ee3c phun l\u1edbp ph\u1ee7 PTFE,<\/p>\n<p>th\u00e2m nh\u1eadp v\u00e0o ma tr\u1eadn c\u1ee7a t\u1ea5m l\u1ecdc polyme v\u00e0 t\u1ea1o th\u00e0nh m\u1ed9t c\u1ea5u tr\u00fac vi x\u1ed1p si\u00eau m\u1ecbn v\u1edbi n\u00f3, do \u0111\u00f3<\/p>\n<p>t\u1ea5m l\u1ecdc c\u00f3 \u0111\u1ed9 \u1ed5n \u0111\u1ecbnh h\u00f3a h\u1ecdc t\u1ed1t, di\u1ec7n t\u00edch l\u1ecdc l\u1edbn, \u0111\u1ed9 ch\u00ednh x\u00e1c l\u1ed7 ch\u00e2n l\u00f4ng cao, ph\u00e2n ph\u1ed1i lu\u1ed3ng kh\u00ed \u0111\u1ed3ng \u0111\u1ec1u v\u00e0<\/p>\n<p>T\u1ed5n th\u1ea5t \u0111i\u1ec7n tr\u1edf th\u1ea5p. K\u00edch th\u01b0\u1edbc nh\u1ecf, hi\u1ec7u su\u1ea5t ph\u00e2n ph\u1ed1i kh\u00ed l\u01b0u l\u01b0\u1ee3ng cao, v.v.<\/p>\n\t\t<\/div>\n\t\t\t\t\t<\/div>\n\n\t\n\n\t<div id=\"col-441115811\" class=\"col small-12 large-12\"  >\n\t\t\t\t<div class=\"col-inner\"  >\n\t\t\t\n\t\t\t\n<h3><strong>HI\u1ec6U SU\u1ea4T S\u1ea2N PH\u1ea8M<\/strong><\/h3>\n<p>Ph\u00e2n b\u1ed1 \u0111\u1ed3ng \u0111\u1ec1u k\u00edch th\u01b0\u1edbc l\u1ed7 l\u1ecdc, t\u00ednh l\u01b0u \u0111\u1ed9ng t\u1ed1t, ch\u1ed1ng axit m\u1ea1nh,<\/p>\n<p>ki\u1ec1m, mu\u1ed1i v\u00e0 h\u1ea7u h\u1ebft c\u00e1c dung m\u00f4i h\u1eefu c\u01a1, d\u1ec5 r\u1eeda ng\u01b0\u1ee3c, t\u00e1i sinh cao<\/p>\n<p>hi\u1ec7u qu\u1ea3.<\/p>\n<p>Kh\u1ea3 n\u0103ng ch\u1ecbu nhi\u1ec7t c\u1ee7a v\u1eadt li\u1ec7u PE l\u00e0 80\u00b0C v\u00e0 nhi\u1ec7t \u0111\u1ed9<\/p>\n<p>kh\u1ea3 n\u0103ng ch\u1ecbu nhi\u1ec7t c\u1ee7a v\u1eadt li\u1ec7u PA l\u00e0 120\u00b0C. N\u00f3 kh\u00f4ng \u0111\u1ed9c h\u1ea1i, kh\u00f4ng v\u1ecb v\u00e0 kh\u00f4ng c\u00f3<\/p>\n<p>r\u1ee5ng trung b\u00ecnh. N\u00f3 c\u00f3 \u0111\u1eb7c t\u00ednh c\u01a1 h\u1ecdc tuy\u1ec7t v\u1eddi v\u00e0 kh\u00f4ng d\u1ec5 d\u00e0ng \u0111\u1ec3<\/p>\n<p>thi\u1ec7t h\u1ea1i. Nguy\u00ean li\u1ec7u th\u00f4 \u0111\u00e1p \u1ee9ng c\u00e1c y\u00eau c\u1ea7u c\u1ee7a GMP v\u00e0 FDA, kh\u00f4ng<\/p>\n<p>kh\u00f4ng s\u1eed d\u1ee5ng ch\u1ea5t k\u1ebft d\u00ednh v\u00e0 c\u00f3 kh\u1ea3 n\u0103ng t\u01b0\u01a1ng th\u00edch h\u00f3a h\u1ecdc r\u1ed9ng.<\/p>\n\t\t<\/div>\n\t\t\t\t\t<\/div>\n\n\t\n\n\t<div id=\"col-1110525112\" class=\"col small-12 large-12\"  >\n\t\t\t\t<div class=\"col-inner\"  >\n\t\t\t\n\t\t\t\n<h3><strong>TH\u00d4NG S\u1ed0 K\u1ef8 THU\u1eacT<\/strong><\/h3>\n<p>Nhi\u1ec7t \u0111\u1ed9 l\u00e0m vi\u1ec7c: PE\u226480\u00b0C<\/p>\n<p>\u00c1p su\u1ea5t l\u00e0m vi\u1ec7c: 0.1MPa-0.6MPa<\/p>\n<p>\u0110\u1ed9 ch\u00ednh x\u00e1c l\u1ecdc: 0,2\u03bcm-100\u03bcm<\/p>\n\t\t<\/div>\n\t\t\t\t\t<\/div>\n\n\t\n\n\t<div id=\"col-391581712\" class=\"col small-12 large-12\"  >\n\t\t\t\t<div class=\"col-inner\"  >\n\t\t\t\n\t\t\t\n<h3><strong>\u1ea2nh:<\/strong><\/h3>\n\t<div class=\"img has-hover x md-x lg-x y md-y lg-y\" id=\"image_1376827396\">\n\t\t\t\t\t\t\t\t<div class=\"img-inner dark\" >\n\t\t\t<img loading=\"lazy\" decoding=\"async\" width=\"1024\" height=\"600\" src=\"https:\/\/lysinterfilter.com\/wp-content\/uploads\/2024\/06\/dic10.jpg\" class=\"attachment-original size-original\" alt=\"\" srcset=\"https:\/\/lysinterfilter.com\/wp-content\/uploads\/2024\/06\/dic10.jpg 1024w, https:\/\/lysinterfilter.com\/wp-content\/uploads\/2024\/06\/dic10-300x176.jpg 300w, https:\/\/lysinterfilter.com\/wp-content\/uploads\/2024\/06\/dic10-768x450.jpg 768w, https:\/\/lysinterfilter.com\/wp-content\/uploads\/2024\/06\/dic10-18x12.jpg 18w, https:\/\/lysinterfilter.com\/wp-content\/uploads\/2024\/06\/dic10-600x352.jpg 600w\" sizes=\"auto, (max-width: 1024px) 100vw, 1024px\" \/>\t\t\t\t\t\t\n\t\t\t\t\t<\/div>\n\t\t\t\t\t\t\t\t\n<style>\n#image_1376827396 {\n  width: 100%;\n}\n<\/style>\n\t<\/div>\n\t\n<p><strong>*\u0110\u1eb7c \u0111i\u1ec3m k\u1ef9 thu\u1eadt hi\u1ec7n t\u1ea1i<\/strong><\/p>\n\t<div class=\"img has-hover x md-x lg-x y md-y lg-y\" id=\"image_673057427\">\n\t\t\t\t\t\t\t\t<div class=\"img-inner dark\" >\n\t\t\t<img loading=\"lazy\" decoding=\"async\" width=\"1008\" height=\"303\" src=\"https:\/\/lysinterfilter.com\/wp-content\/uploads\/2024\/06\/67.webp\" class=\"attachment-original size-original\" alt=\"\" srcset=\"https:\/\/lysinterfilter.com\/wp-content\/uploads\/2024\/06\/67.webp 1008w, https:\/\/lysinterfilter.com\/wp-content\/uploads\/2024\/06\/67-300x90.webp 300w, https:\/\/lysinterfilter.com\/wp-content\/uploads\/2024\/06\/67-768x231.webp 768w, https:\/\/lysinterfilter.com\/wp-content\/uploads\/2024\/06\/67-18x5.webp 18w, https:\/\/lysinterfilter.com\/wp-content\/uploads\/2024\/06\/67-600x180.webp 600w\" sizes=\"auto, (max-width: 1008px) 100vw, 1008px\" \/>\t\t\t\t\t\t\n\t\t\t\t\t<\/div>\n\t\t\t\t\t\t\t\t\n<style>\n#image_673057427 {\n  width: 100%;\n}\n<\/style>\n\t<\/div>\n\t\n\t\t<\/div>\n\t\t\t\t\t<\/div>\n\n\t\n\n\t<div id=\"col-1739817941\" class=\"col small-12 large-12\"  >\n\t\t\t\t<div class=\"col-inner\"  >\n\t\t\t\n\t\t\t\n<h3>\u1ee8ng d\u1ee5ng<\/h3>\n\t<div class=\"img has-hover x md-x lg-x y md-y lg-y\" id=\"image_717942285\">\n\t\t\t\t\t\t\t\t<div class=\"img-inner dark\" >\n\t\t\t<img loading=\"lazy\" decoding=\"async\" width=\"750\" height=\"350\" src=\"https:\/\/lysinterfilter.com\/wp-content\/uploads\/2024\/06\/Application.webp\" class=\"attachment-original size-original\" alt=\"\" srcset=\"https:\/\/lysinterfilter.com\/wp-content\/uploads\/2024\/06\/Application.webp 750w, https:\/\/lysinterfilter.com\/wp-content\/uploads\/2024\/06\/Application-300x140.webp 300w, https:\/\/lysinterfilter.com\/wp-content\/uploads\/2024\/06\/Application-18x8.webp 18w, https:\/\/lysinterfilter.com\/wp-content\/uploads\/2024\/06\/Application-600x280.webp 600w\" sizes=\"auto, (max-width: 750px) 100vw, 750px\" \/>\t\t\t\t\t\t\n\t\t\t\t\t<\/div>\n\t\t\t\t\t\t\t\t\n<style>\n#image_717942285 {\n  width: 100%;\n}\n<\/style>\n\t<\/div>\n\t\n<p>A.Ng\u00e0nh c\u00f4ng nghi\u1ec7p d\u01b0\u1ee3c ph\u1ea9m<\/p>\n<p>(1) Truy\u1ec1n d\u1ecbch l\u1edbn n\u01b0\u1edbc, l\u1ecdc kh\u1eed cacbon trung gian d\u01b0\u1ee3c ph\u1ea9m; d\u1ecbch l\u00ean men, d\u1ecbch u\u1ed1ng<\/p>\n<p>(2) Than ho\u1ea1t t\u00ednh d\u1ea1ng b\u1ed9t c\u00f3 b\u1ed9 l\u1ecdc kh\u1eed m\u00e0u (thu\u1ed1c d\u1ea1ng l\u1ecfng glucose, kh\u00e1ng sinh, thu\u1ed1c t\u1ed5ng h\u1ee3p, ch\u1ebf ph\u1ea9m, thu\u1ed1c th\u1ea3o d\u01b0\u1ee3c Trung Qu\u1ed1c d\u1ea1ng l\u1ecfng, v.v.)<\/p>\n<p>(3)Ch\u1ea5t l\u1ecfng ti\u00eam<\/p>\n<p>(4)B\u1ed9 l\u1ecdc kh\u00ed phun<\/p>\n<p>(5)N\u01b0\u1edbc r\u1eeda b\u00ecnh ti\u00eam<\/p>\n<p>(6)L\u1ecdc r\u01b0\u1ee3u y t\u1ebf<\/p>\n<p>B.C\u00f4ng nghi\u1ec7p h\u00f3a ch\u1ea5t<\/p>\n<p>(1) L\u1ecdc v\u00e0 r\u1eeda nh\u00f4m hi\u0111roxit<\/p>\n<p>(2) L\u1ecdc v\u00e0 r\u1eeda ch\u1ea5t x\u00fac t\u00e1c paladi<\/p>\n<p>(3)L\u1ecdc v\u00e0 r\u1eeda ph\u1ed1t pho<\/p>\n<p>(4)L\u1ecdc k\u1ebdm cacbonat<\/p>\n<p>(5)L\u1ecdc dung d\u1ecbch natri cacbonat<\/p>\n<p>(6)L\u1ecdc v\u00e0 r\u1eeda bari sunfat<\/p>\n<p>(7)L\u1ecdc v\u00e0 r\u1eeda cadmium sulfide<\/p>\n<p>C.C\u00f4ng nghi\u1ec7p s\u1ee3i h\u00f3a h\u1ecdc v\u00e0 d\u1ec7t may<\/p>\n<p>(1)L\u1ecdc b\u1ed3n axit<\/p>\n<p>(2) L\u1ecdc tinh ch\u1ebf l\u01b0u hu\u1ef3nh v\u00e0 axit acrylic<\/p>\n<p>(3)L\u1ecdc n\u01b0\u1edbc l\u1ee5a ch\u00ednh x\u00e1c<\/p>\n<p>D.C\u00f4ng nghi\u1ec7p nh\u1eb9 v\u00e0 c\u00f4ng nghi\u1ec7p th\u1ef1c ph\u1ea9m<\/p>\n<p>(1)L\u1ecdc xi-r\u00f4<\/p>\n<p>(2)L\u1ecdc \u0111\u1ed3 u\u1ed1ng<\/p>\n<p>(3)L\u1ecdc r\u01b0\u1ee3u v\u00e0 r\u01b0\u1ee3u tr\u1eafng<\/p>\n<p>(4)L\u1ecdc d\u1ea7u th\u1ef1c v\u1eadt ch\u00ednh x\u00e1c<\/p>\n<p>(5)L\u1ecdc tinh d\u1ea7u<\/p>\n<p>(6)L\u1ecdc n\u01b0\u1edbc kho\u00e1ng<\/p>\n<p>E. Ng\u00e0nh c\u00f4ng nghi\u1ec7p m\u00e1y m\u00f3c v\u00e0 d\u1ea7u kh\u00ed<\/p>\n<p>(1)L\u1ecdc dung d\u1ecbch m\u1ea1<\/p>\n<p>(2) L\u1ecdc ch\u00ednh x\u00e1c ch\u1ea5t l\u1ecfng l\u00e0m s\u1ea1ch \u0111\u1ed9ng c\u01a1 \u0111\u1ed1t trong<\/p>\n<p>(3)L\u1ecdc r\u1eeda m\u1ecf d\u1ea7u<\/p>\n<p>(4)Thi\u1ebft b\u1ecb n\u01b0\u1edbc si\u00eau tinh khi\u1ebft ng\u00e0nh \u0111i\u1ec7n<\/p>\n<p>F. X\u1eed l\u00fd n\u01b0\u1edbc th\u1ea3i<\/p>\n<p>(1)X\u1eed l\u00fd n\u01b0\u1edbc th\u1ea3i c\u00f3 ch\u1ee9a hydroxit n\u1eb7ng<\/p>\n<p>(2) X\u1eed l\u00fd n\u01b0\u1edbc th\u1ea3i kim lo\u1ea1i n\u1eb7ng h\u1ed7n h\u1ee3p<\/p>\n<p>(3)X\u1eed l\u00fd n\u01b0\u1edbc th\u1ea3i b\u1eb1ng h\u00f3a ch\u1ea5t<\/p>\n<p>(4)X\u1eed l\u00fd n\u01b0\u1edbc th\u1ea3i g\u1ed1m s\u1ee9<\/p>\n<p>(5)X\u1eed l\u00fd n\u01b0\u1edbc th\u1ea3i c\u00f3 ch\u1ee9a nh\u00f4m<\/p>\n<p>(6)X\u1eed l\u00fd n\u01b0\u1edbc th\u1ea3i kh\u00e1c<\/p>\n\t\t<\/div>\n\t\t\t\t\t<\/div>\n\n\t\n\n\t<div id=\"col-682091706\" class=\"col small-12 large-12\"  >\n\t\t\t\t<div class=\"col-inner\"  >\n\t\t\t\n\t\t\t\n<h3>Ch\u1ee9ng nh\u1eadn<\/h3>\n\t<div class=\"img has-hover x md-x lg-x y md-y lg-y\" id=\"image_184957129\">\n\t\t\t\t\t\t\t\t<div class=\"img-inner dark\" >\n\t\t\t<img loading=\"lazy\" decoding=\"async\" width=\"750\" height=\"450\" src=\"https:\/\/lysinterfilter.com\/wp-content\/uploads\/2024\/06\/Certifications.webp\" class=\"attachment-original size-original\" alt=\"\" srcset=\"https:\/\/lysinterfilter.com\/wp-content\/uploads\/2024\/06\/Certifications.webp 750w, https:\/\/lysinterfilter.com\/wp-content\/uploads\/2024\/06\/Certifications-300x180.webp 300w, https:\/\/lysinterfilter.com\/wp-content\/uploads\/2024\/06\/Certifications-18x12.webp 18w, https:\/\/lysinterfilter.com\/wp-content\/uploads\/2024\/06\/Certifications-600x360.webp 600w\" sizes=\"auto, (max-width: 750px) 100vw, 750px\" \/>\t\t\t\t\t\t\n\t\t\t\t\t<\/div>\n\t\t\t\t\t\t\t\t\n<style>\n#image_184957129 {\n  width: 100%;\n}\n<\/style>\n\t<\/div>\n\t\n\t\t<\/div>\n\t\t\t\t\t<\/div>\n\n\t\n<\/div>","protected":false},"excerpt":{"rendered":"<ul>\n<li>MOQ\uff1a<span id=\"dr_show_hits_179\">1 C\u00c1I<\/span><\/li>\n<li>T\u00f9y ch\u1ec9nh\uff1a\u0110\u00e3 ch\u1ea5p nh\u1eadn<\/li>\n<li>Brand\uff1aOEM<\/li>\n<li>Th\u1eddi gian giao h\u00e0ng: Trong v\u00f2ng 7 ng\u00e0y<\/li>\n<li>Ch\u1ee9ng nh\u1eadn: CE; ISO 9001<\/li>\n<li>G\u1eedi Email:<\/li>\n<li><a href=\"mailto:info@lysinterfilter.com\">info@lysinterfilter.com<\/a><\/li>\n<\/ul>","protected":false},"featured_media":2713,"template":"","meta":[],"product_brand":[],"product_cat":[15],"product_tag":[],"class_list":{"0":"post-1991","1":"product","2":"type-product","3":"status-publish","4":"has-post-thumbnail","6":"product_cat-pe-sintered-industrialapplication","8":"first","9":"instock","10":"shipping-taxable","11":"product-type-simple"},"yoast_head":"<!-- This site is optimized with the Yoast SEO plugin v27.2 - https:\/\/yoast.com\/product\/yoast-seo-wordpress\/ -->\n<title>PE sintered plate, PE sintered disc - Porous Plastic Filter Manufacturer China<\/title>\n<meta name=\"description\" content=\"Experience superior durability and performance with our PE sintered plates. Ideal for filtration and separation in various industrial applications, these high-quality plates ensure efficient and reliable results. Choose our PE sintered plates for optimal efficiency and long-lasting service.\" \/>\n<meta name=\"robots\" content=\"index, follow, max-snippet:-1, max-image-preview:large, max-video-preview:-1\" \/>\n<link rel=\"canonical\" href=\"https:\/\/lysinterfilter.com\/vi\/manufacturer\/pe-sintered-plate\/\" \/>\n<meta property=\"og:locale\" content=\"vi_VN\" \/>\n<meta property=\"og:type\" content=\"article\" \/>\n<meta property=\"og:title\" content=\"PE sintered plate, PE sintered disc - Porous Plastic Filter Manufacturer China\" \/>\n<meta property=\"og:description\" content=\"Experience superior durability and performance with our PE sintered plates. Ideal for filtration and separation in various industrial applications, these high-quality plates ensure efficient and reliable results. Choose our PE sintered plates for optimal efficiency and long-lasting service.\" \/>\n<meta property=\"og:url\" content=\"https:\/\/lysinterfilter.com\/vi\/manufacturer\/pe-sintered-plate\/\" \/>\n<meta property=\"og:site_name\" content=\"Porous Plastic Filter Manufacturer China\" \/>\n<meta property=\"article:modified_time\" content=\"2026-02-28T09:04:22+00:00\" \/>\n<meta property=\"og:image\" content=\"https:\/\/lysinterfilter.com\/wp-content\/uploads\/2024\/06\/dic1.jpg\" \/>\n\t<meta property=\"og:image:width\" content=\"1024\" \/>\n\t<meta property=\"og:image:height\" content=\"902\" \/>\n\t<meta property=\"og:image:type\" content=\"image\/jpeg\" \/>\n<meta name=\"twitter:card\" content=\"summary_large_image\" \/>\n<meta name=\"twitter:label1\" content=\"\u01af\u1edbc t\u00ednh th\u1eddi gian \u0111\u1ecdc\" \/>\n\t<meta name=\"twitter:data1\" content=\"3 ph\u00fat\" \/>\n<script type=\"application\/ld+json\" class=\"yoast-schema-graph\">{\"@context\":\"https:\/\/schema.org\",\"@graph\":[{\"@type\":\"WebPage\",\"@id\":\"https:\/\/lysinterfilter.com\/manufacturer\/pe-sintered-plate\/\",\"url\":\"https:\/\/lysinterfilter.com\/manufacturer\/pe-sintered-plate\/\",\"name\":\"PE sintered plate, PE sintered disc - Porous Plastic Filter Manufacturer China\",\"isPartOf\":{\"@id\":\"https:\/\/lysinterfilter.com\/#website\"},\"primaryImageOfPage\":{\"@id\":\"https:\/\/lysinterfilter.com\/manufacturer\/pe-sintered-plate\/#primaryimage\"},\"image\":{\"@id\":\"https:\/\/lysinterfilter.com\/manufacturer\/pe-sintered-plate\/#primaryimage\"},\"thumbnailUrl\":\"https:\/\/lysinterfilter.com\/wp-content\/uploads\/2024\/06\/dic1.jpg\",\"datePublished\":\"2024-06-11T07:11:26+00:00\",\"dateModified\":\"2026-02-28T09:04:22+00:00\",\"description\":\"Experience superior durability and performance with our PE sintered plates. Ideal for filtration and separation in various industrial applications, these high-quality plates ensure efficient and reliable results. Choose our PE sintered plates for optimal efficiency and long-lasting service.\",\"breadcrumb\":{\"@id\":\"https:\/\/lysinterfilter.com\/manufacturer\/pe-sintered-plate\/#breadcrumb\"},\"inLanguage\":\"vi\",\"potentialAction\":[{\"@type\":\"ReadAction\",\"target\":[\"https:\/\/lysinterfilter.com\/manufacturer\/pe-sintered-plate\/\"]}]},{\"@type\":\"ImageObject\",\"inLanguage\":\"vi\",\"@id\":\"https:\/\/lysinterfilter.com\/manufacturer\/pe-sintered-plate\/#primaryimage\",\"url\":\"https:\/\/lysinterfilter.com\/wp-content\/uploads\/2024\/06\/dic1.jpg\",\"contentUrl\":\"https:\/\/lysinterfilter.com\/wp-content\/uploads\/2024\/06\/dic1.jpg\",\"width\":1024,\"height\":902,\"caption\":\"{\\\"data\\\":{\\\"pictureId\\\":\\\"4ea74dfb3d59407080120df6afe971e0\\\",\\\"appversion\\\":\\\"14.0.0\\\",\\\"stickerId\\\":\\\"\\\",\\\"filterId\\\":\\\"\\\",\\\"infoStickerId\\\":\\\"\\\",\\\"imageEffectId\\\":\\\"\\\",\\\"playId\\\":\\\"\\\",\\\"activityName\\\":\\\"\\\",\\\"os\\\":\\\"android\\\",\\\"product\\\":\\\"retouch\\\",\\\"originAppId\\\":\\\"2515\\\",\\\"exportType\\\":\\\"\\\",\\\"editType\\\":\\\"\\\",\\\"alias\\\":\\\"\\\",\\\"enterFrom\\\":\\\"enter_launch\\\",\\\"capability_key\\\":[\\\"erase\\\"],\\\"capability_extra_v2\\\":{\\\"erase\\\":[{\\\"panel\\\":\\\"eliminatePen\\\"}]},\\\"effect_type\\\":\\\"tool\\\",\\\"effect_id\\\":\\\"erase\\\"},\\\"source_type\\\":\\\"douyin_beauty_me\\\"}\"},{\"@type\":\"BreadcrumbList\",\"@id\":\"https:\/\/lysinterfilter.com\/manufacturer\/pe-sintered-plate\/#breadcrumb\",\"itemListElement\":[{\"@type\":\"ListItem\",\"position\":1,\"name\":\"Home\",\"item\":\"https:\/\/lysinterfilter.com\/\"},{\"@type\":\"ListItem\",\"position\":2,\"name\":\"Products\",\"item\":\"https:\/\/lysinterfilter.com\/shop\/\"},{\"@type\":\"ListItem\",\"position\":3,\"name\":\"PE sintered plate, PE sintered disc\"}]},{\"@type\":\"WebSite\",\"@id\":\"https:\/\/lysinterfilter.com\/#website\",\"url\":\"https:\/\/lysinterfilter.com\/\",\"name\":\"Porous Plastic Filter Manufacturer China\",\"description\":\"\",\"potentialAction\":[{\"@type\":\"SearchAction\",\"target\":{\"@type\":\"EntryPoint\",\"urlTemplate\":\"https:\/\/lysinterfilter.com\/?s={search_term_string}\"},\"query-input\":{\"@type\":\"PropertyValueSpecification\",\"valueRequired\":true,\"valueName\":\"search_term_string\"}}],\"inLanguage\":\"vi\"}]}<\/script>\n<!-- \/ Yoast SEO plugin. -->","yoast_head_json":{"title":"PE sintered plate, PE sintered disc - Porous Plastic Filter Manufacturer China","description":"Tr\u1ea3i nghi\u1ec7m \u0111\u1ed9 b\u1ec1n v\u00e0 hi\u1ec7u su\u1ea5t v\u01b0\u1ee3t tr\u1ed9i v\u1edbi t\u1ea5m thi\u00eau k\u1ebft PE c\u1ee7a ch\u00fang t\u00f4i. L\u00fd t\u01b0\u1edfng cho vi\u1ec7c l\u1ecdc v\u00e0 t\u00e1ch trong nhi\u1ec1u \u1ee9ng d\u1ee5ng c\u00f4ng nghi\u1ec7p kh\u00e1c nhau, nh\u1eefng t\u1ea5m ch\u1ea5t l\u01b0\u1ee3ng cao n\u00e0y \u0111\u1ea3m b\u1ea3o k\u1ebft qu\u1ea3 hi\u1ec7u qu\u1ea3 v\u00e0 \u0111\u00e1ng tin c\u1eady. H\u00e3y ch\u1ecdn t\u1ea5m thi\u00eau k\u1ebft PE c\u1ee7a ch\u00fang t\u00f4i \u0111\u1ec3 c\u00f3 hi\u1ec7u qu\u1ea3 t\u1ed1i \u01b0u v\u00e0 d\u1ecbch v\u1ee5 l\u00e2u d\u00e0i.","robots":{"index":"index","follow":"follow","max-snippet":"max-snippet:-1","max-image-preview":"max-image-preview:large","max-video-preview":"max-video-preview:-1"},"canonical":"https:\/\/lysinterfilter.com\/vi\/manufacturer\/pe-sintered-plate\/","og_locale":"vi_VN","og_type":"article","og_title":"PE sintered plate, PE sintered disc - Porous Plastic Filter Manufacturer China","og_description":"Experience superior durability and performance with our PE sintered plates. Ideal for filtration and separation in various industrial applications, these high-quality plates ensure efficient and reliable results. Choose our PE sintered plates for optimal efficiency and long-lasting service.","og_url":"https:\/\/lysinterfilter.com\/vi\/manufacturer\/pe-sintered-plate\/","og_site_name":"Porous Plastic Filter Manufacturer China","article_modified_time":"2026-02-28T09:04:22+00:00","og_image":[{"width":1024,"height":902,"url":"https:\/\/lysinterfilter.com\/wp-content\/uploads\/2024\/06\/dic1.jpg","type":"image\/jpeg"}],"twitter_card":"summary_large_image","twitter_misc":{"\u01af\u1edbc t\u00ednh th\u1eddi gian \u0111\u1ecdc":"3 ph\u00fat"},"schema":{"@context":"https:\/\/schema.org","@graph":[{"@type":"WebPage","@id":"https:\/\/lysinterfilter.com\/manufacturer\/pe-sintered-plate\/","url":"https:\/\/lysinterfilter.com\/manufacturer\/pe-sintered-plate\/","name":"PE sintered plate, PE sintered disc - Porous Plastic Filter Manufacturer China","isPartOf":{"@id":"https:\/\/lysinterfilter.com\/#website"},"primaryImageOfPage":{"@id":"https:\/\/lysinterfilter.com\/manufacturer\/pe-sintered-plate\/#primaryimage"},"image":{"@id":"https:\/\/lysinterfilter.com\/manufacturer\/pe-sintered-plate\/#primaryimage"},"thumbnailUrl":"https:\/\/lysinterfilter.com\/wp-content\/uploads\/2024\/06\/dic1.jpg","datePublished":"2024-06-11T07:11:26+00:00","dateModified":"2026-02-28T09:04:22+00:00","description":"Tr\u1ea3i nghi\u1ec7m \u0111\u1ed9 b\u1ec1n v\u00e0 hi\u1ec7u su\u1ea5t v\u01b0\u1ee3t tr\u1ed9i v\u1edbi t\u1ea5m thi\u00eau k\u1ebft PE c\u1ee7a ch\u00fang t\u00f4i. L\u00fd t\u01b0\u1edfng cho vi\u1ec7c l\u1ecdc v\u00e0 t\u00e1ch trong nhi\u1ec1u \u1ee9ng d\u1ee5ng c\u00f4ng nghi\u1ec7p kh\u00e1c nhau, nh\u1eefng t\u1ea5m ch\u1ea5t l\u01b0\u1ee3ng cao n\u00e0y \u0111\u1ea3m b\u1ea3o k\u1ebft qu\u1ea3 hi\u1ec7u qu\u1ea3 v\u00e0 \u0111\u00e1ng tin c\u1eady. H\u00e3y ch\u1ecdn t\u1ea5m thi\u00eau k\u1ebft PE c\u1ee7a ch\u00fang t\u00f4i \u0111\u1ec3 c\u00f3 hi\u1ec7u qu\u1ea3 t\u1ed1i \u01b0u v\u00e0 d\u1ecbch v\u1ee5 l\u00e2u d\u00e0i.","breadcrumb":{"@id":"https:\/\/lysinterfilter.com\/manufacturer\/pe-sintered-plate\/#breadcrumb"},"inLanguage":"vi","potentialAction":[{"@type":"ReadAction","target":["https:\/\/lysinterfilter.com\/manufacturer\/pe-sintered-plate\/"]}]},{"@type":"ImageObject","inLanguage":"vi","@id":"https:\/\/lysinterfilter.com\/manufacturer\/pe-sintered-plate\/#primaryimage","url":"https:\/\/lysinterfilter.com\/wp-content\/uploads\/2024\/06\/dic1.jpg","contentUrl":"https:\/\/lysinterfilter.com\/wp-content\/uploads\/2024\/06\/dic1.jpg","width":1024,"height":902,"caption":"{\"data\":{\"pictureId\":\"4ea74dfb3d59407080120df6afe971e0\",\"appversion\":\"14.0.0\",\"stickerId\":\"\",\"filterId\":\"\",\"infoStickerId\":\"\",\"imageEffectId\":\"\",\"playId\":\"\",\"activityName\":\"\",\"os\":\"android\",\"product\":\"retouch\",\"originAppId\":\"2515\",\"exportType\":\"\",\"editType\":\"\",\"alias\":\"\",\"enterFrom\":\"enter_launch\",\"capability_key\":[\"erase\"],\"capability_extra_v2\":{\"erase\":[{\"panel\":\"eliminatePen\"}]},\"effect_type\":\"tool\",\"effect_id\":\"erase\"},\"source_type\":\"douyin_beauty_me\"}"},{"@type":"BreadcrumbList","@id":"https:\/\/lysinterfilter.com\/manufacturer\/pe-sintered-plate\/#breadcrumb","itemListElement":[{"@type":"ListItem","position":1,"name":"Home","item":"https:\/\/lysinterfilter.com\/"},{"@type":"ListItem","position":2,"name":"Products","item":"https:\/\/lysinterfilter.com\/shop\/"},{"@type":"ListItem","position":3,"name":"PE sintered plate, PE sintered disc"}]},{"@type":"WebSite","@id":"https:\/\/lysinterfilter.com\/#website","url":"https:\/\/lysinterfilter.com\/","name":"Porous Plastic Filter Manufacturer China","description":"","potentialAction":[{"@type":"SearchAction","target":{"@type":"EntryPoint","urlTemplate":"https:\/\/lysinterfilter.com\/?s={search_term_string}"},"query-input":{"@type":"PropertyValueSpecification","valueRequired":true,"valueName":"search_term_string"}}],"inLanguage":"vi"}]}},"_links":{"self":[{"href":"https:\/\/lysinterfilter.com\/vi\/wp-json\/wp\/v2\/product\/1991","targetHints":{"allow":["GET"]}}],"collection":[{"href":"https:\/\/lysinterfilter.com\/vi\/wp-json\/wp\/v2\/product"}],"about":[{"href":"https:\/\/lysinterfilter.com\/vi\/wp-json\/wp\/v2\/types\/product"}],"wp:featuredmedia":[{"embeddable":true,"href":"https:\/\/lysinterfilter.com\/vi\/wp-json\/wp\/v2\/media\/2713"}],"wp:attachment":[{"href":"https:\/\/lysinterfilter.com\/vi\/wp-json\/wp\/v2\/media?parent=1991"}],"wp:term":[{"taxonomy":"product_brand","embeddable":true,"href":"https:\/\/lysinterfilter.com\/vi\/wp-json\/wp\/v2\/product_brand?post=1991"},{"taxonomy":"product_cat","embeddable":true,"href":"https:\/\/lysinterfilter.com\/vi\/wp-json\/wp\/v2\/product_cat?post=1991"},{"taxonomy":"product_tag","embeddable":true,"href":"https:\/\/lysinterfilter.com\/vi\/wp-json\/wp\/v2\/product_tag?post=1991"}],"curies":[{"name":"wp","href":"https:\/\/api.w.org\/{rel}","templated":true}]}}