{"id":1983,"date":"2024-06-11T06:59:32","date_gmt":"2024-06-11T06:59:32","guid":{"rendered":"https:\/\/lysinterfilter.com\/?post_type=product&#038;p=1983"},"modified":"2026-03-03T08:26:16","modified_gmt":"2026-03-03T08:26:16","slug":"battery-explosion-proof-disc","status":"publish","type":"product","link":"https:\/\/lysinterfilter.com\/vi\/manufacturer\/battery-explosion-proof-disc\/","title":{"rendered":"\u0110\u0129a ch\u1ed1ng ch\u00e1y n\u1ed5 pin"},"content":{"rendered":"<div class=\"row\"  id=\"row-310398078\">\n\n\t<div id=\"col-2002507529\" class=\"col small-12 large-12\"  >\n\t\t\t\t<div class=\"col-inner\"  >\n\t\t\t\n\t\t\t\n<h3><strong>PRODUCT DESCRIPTION<\/strong><\/h3>\n<p>Battery explosion-proof plate is strictly in accordance with the People&#8217;s Republic of China mechanical industry<\/p>\n<p>standard JB\/T13623-2019 lead-acid battery exhaust, gas filter device technical specifications. Products with PE or<\/p>\n<p>PP powder sintered without scientific ratio, with high strength, uniform aperture, good air permeability and so on.<\/p>\n\t\t<\/div>\n\t\t\t\t\t<\/div>\n\n\t\n\n\t<div id=\"col-1371615769\" class=\"col small-12 large-12\"  >\n\t\t\t\t<div class=\"col-inner\"  >\n\t\t\t\n\t\t\t\n<h3><strong>HI\u1ec6U SU\u1ea4T S\u1ea2N PH\u1ea8M<\/strong><\/h3>\n<p>The main indicators of the battery air filter are air permeability, hydrophobicity, and acid resistance. The main function of air permeability is that no air pressure will be generated during the charging process of the battery. The air<\/p>\n<p>filter will release the gas through its own micropores to prevent the battery from exploding. Hydrophobicity means<\/p>\n<p>that water droplets drop on the surface of the air filter to form a ball, which cannot be deformed in one minute and<\/p>\n<p>cannot penetrate into the air filter.<\/p>\n\t\t<\/div>\n\t\t\t\t\t<\/div>\n\n\t\n\n\t<div id=\"col-1466830047\" class=\"col small-12 large-12\"  >\n\t\t\t\t<div class=\"col-inner\"  >\n\t\t\t\n\t\t\t\n<h3><strong>TH\u00d4NG S\u1ed0 K\u1ef8 THU\u1eacT<\/strong><\/h3>\n<p>Working temperature:PE\/PP\u226480\u00b0C<\/p>\n<p>Working pressure: 0.1Mpa-0.6Mpa<\/p>\n<p>Filtration precision:10\u03bcm-30\u03bcm<\/p>\n\t\t<\/div>\n\t\t\t\t\t<\/div>\n\n\t\n\n\t<div id=\"col-880287619\" class=\"col small-12 large-12\"  >\n\t\t\t\t<div class=\"col-inner\"  >\n\t\t\t\n\t\t\t\n<h3><strong>\u1ea2nh:<\/strong><\/h3>\n\t<div class=\"img has-hover x md-x lg-x y md-y lg-y\" id=\"image_281909548\">\n\t\t\t\t\t\t\t\t<div class=\"img-inner dark\" >\n\t\t\t<img loading=\"lazy\" decoding=\"async\" width=\"1024\" height=\"600\" src=\"https:\/\/lysinterfilter.com\/wp-content\/uploads\/2026\/02\/dic9.jpg\" class=\"attachment-original size-original\" alt=\"\" srcset=\"https:\/\/lysinterfilter.com\/wp-content\/uploads\/2026\/02\/dic9.jpg 1024w, https:\/\/lysinterfilter.com\/wp-content\/uploads\/2026\/02\/dic9-300x176.jpg 300w, https:\/\/lysinterfilter.com\/wp-content\/uploads\/2026\/02\/dic9-768x450.jpg 768w, https:\/\/lysinterfilter.com\/wp-content\/uploads\/2026\/02\/dic9-18x12.jpg 18w, https:\/\/lysinterfilter.com\/wp-content\/uploads\/2026\/02\/dic9-600x352.jpg 600w\" sizes=\"auto, (max-width: 1024px) 100vw, 1024px\" \/>\t\t\t\t\t\t\n\t\t\t\t\t<\/div>\n\t\t\t\t\t\t\t\t\n<style>\n#image_281909548 {\n  width: 100%;\n}\n<\/style>\n\t<\/div>\n\t\n<p><strong>Air filter \/ explosion-proof sheet specifications:<\/strong><\/p>\n\t<div class=\"img has-hover x md-x lg-x y md-y lg-y\" id=\"image_1809442451\">\n\t\t\t\t\t\t\t\t<div class=\"img-inner dark\" >\n\t\t\t<img loading=\"lazy\" decoding=\"async\" width=\"1024\" height=\"436\" src=\"https:\/\/lysinterfilter.com\/wp-content\/uploads\/2026\/03\/table.jpg\" class=\"attachment-original size-original\" alt=\"\" srcset=\"https:\/\/lysinterfilter.com\/wp-content\/uploads\/2026\/03\/table.jpg 1024w, https:\/\/lysinterfilter.com\/wp-content\/uploads\/2026\/03\/table-300x128.jpg 300w, https:\/\/lysinterfilter.com\/wp-content\/uploads\/2026\/03\/table-768x327.jpg 768w, https:\/\/lysinterfilter.com\/wp-content\/uploads\/2026\/03\/table-18x8.jpg 18w, https:\/\/lysinterfilter.com\/wp-content\/uploads\/2026\/03\/table-600x255.jpg 600w\" sizes=\"auto, (max-width: 1024px) 100vw, 1024px\" \/>\t\t\t\t\t\t\n\t\t\t\t\t<\/div>\n\t\t\t\t\t\t\t\t\n<style>\n#image_1809442451 {\n  width: 100%;\n}\n<\/style>\n\t<\/div>\n\t\n<p><span style=\"color: #ed1c24;\"><strong>*Nhi\u1ec1u th\u00f4ng s\u1ed1 k\u1ef9 thu\u1eadt v\u00e0 ki\u1ec3u d\u00e1ng c\u00f3 th\u1ec3 cung c\u1ea5p t\u00f9y ch\u1ec9nh kh\u00f4ng theo ti\u00eau chu\u1ea9n.<\/strong><\/span><\/p>\n\t\t<\/div>\n\t\t\t\t\t<\/div>\n\n\t\n\n\t<div id=\"col-593046667\" class=\"col small-12 large-12\"  >\n\t\t\t\t<div class=\"col-inner\"  >\n\t\t\t\n\t\t\t\n<h3>\u1ee8ng d\u1ee5ng<\/h3>\n\t<div class=\"img has-hover x md-x lg-x y md-y lg-y\" id=\"image_911472506\">\n\t\t\t\t\t\t\t\t<div class=\"img-inner dark\" >\n\t\t\t<img loading=\"lazy\" decoding=\"async\" width=\"730\" height=\"504\" src=\"https:\/\/lysinterfilter.com\/wp-content\/uploads\/2024\/06\/62.webp\" class=\"attachment-original size-original\" alt=\"\" srcset=\"https:\/\/lysinterfilter.com\/wp-content\/uploads\/2024\/06\/62.webp 730w, https:\/\/lysinterfilter.com\/wp-content\/uploads\/2024\/06\/62-300x207.webp 300w, https:\/\/lysinterfilter.com\/wp-content\/uploads\/2024\/06\/62-18x12.webp 18w, https:\/\/lysinterfilter.com\/wp-content\/uploads\/2024\/06\/62-600x414.webp 600w\" sizes=\"auto, (max-width: 730px) 100vw, 730px\" \/>\t\t\t\t\t\t\n\t\t\t\t\t<\/div>\n\t\t\t\t\t\t\t\t\n<style>\n#image_911472506 {\n  width: 100%;\n}\n<\/style>\n\t<\/div>\n\t\n\t\t<\/div>\n\t\t\t\t\t<\/div>\n\n\t\n\n\t<div id=\"col-1003531174\" class=\"col small-12 large-12\"  >\n\t\t\t\t<div class=\"col-inner\"  >\n\t\t\t\n\t\t\t\n<h3>Ch\u1ee9ng nh\u1eadn<\/h3>\n\t<div class=\"img has-hover x md-x lg-x y md-y lg-y\" id=\"image_1519979180\">\n\t\t\t\t\t\t\t\t<div class=\"img-inner dark\" >\n\t\t\t<img loading=\"lazy\" decoding=\"async\" width=\"750\" height=\"450\" src=\"https:\/\/lysinterfilter.com\/wp-content\/uploads\/2024\/06\/Certifications.webp\" class=\"attachment-original size-original\" alt=\"\" srcset=\"https:\/\/lysinterfilter.com\/wp-content\/uploads\/2024\/06\/Certifications.webp 750w, https:\/\/lysinterfilter.com\/wp-content\/uploads\/2024\/06\/Certifications-300x180.webp 300w, https:\/\/lysinterfilter.com\/wp-content\/uploads\/2024\/06\/Certifications-18x12.webp 18w, https:\/\/lysinterfilter.com\/wp-content\/uploads\/2024\/06\/Certifications-600x360.webp 600w\" sizes=\"auto, (max-width: 750px) 100vw, 750px\" \/>\t\t\t\t\t\t\n\t\t\t\t\t<\/div>\n\t\t\t\t\t\t\t\t\n<style>\n#image_1519979180 {\n  width: 100%;\n}\n<\/style>\n\t<\/div>\n\t\n\t\t<\/div>\n\t\t\t\t\t<\/div>\n\n\t\n<\/div>","protected":false},"excerpt":{"rendered":"<ul>\n<li>MOQ\uff1a<span id=\"dr_show_hits_179\">1 C\u00c1I<\/span><\/li>\n<li>T\u00f9y ch\u1ec9nh\uff1a\u0110\u00e3 ch\u1ea5p nh\u1eadn<\/li>\n<li>Brand\uff1aOEM<\/li>\n<li>Th\u1eddi gian giao h\u00e0ng: Trong v\u00f2ng 7 ng\u00e0y<\/li>\n<li>Ch\u1ee9ng nh\u1eadn: CE; ISO 9001<\/li>\n<li>G\u1eedi Email:<\/li>\n<li><a href=\"mailto:info@lysinterfilter.com\">info@lysinterfilter.com<\/a><\/li>\n<\/ul>","protected":false},"featured_media":2717,"template":"","meta":[],"product_brand":[],"product_cat":[15],"product_tag":[],"class_list":{"0":"post-1983","1":"product","2":"type-product","3":"status-publish","4":"has-post-thumbnail","6":"product_cat-pe-sintered-industrialapplication","8":"first","9":"instock","10":"shipping-taxable","11":"product-type-simple"},"yoast_head":"<!-- This site is optimized with the Yoast SEO plugin v27.2 - https:\/\/yoast.com\/product\/yoast-seo-wordpress\/ -->\n<title>Battery explosion-proof disc - Porous Plastic Filter Manufacturer China<\/title>\n<meta name=\"description\" content=\"Ensure safety and reliability with our battery explosion-proof discs. Designed to prevent hazardous explosions, these high-quality discs offer superior protection for batteries in various applications. Trust our explosion-proof discs for optimal safety and peace of mind.\" \/>\n<meta name=\"robots\" content=\"index, follow, max-snippet:-1, max-image-preview:large, max-video-preview:-1\" \/>\n<link rel=\"canonical\" href=\"https:\/\/lysinterfilter.com\/vi\/manufacturer\/battery-explosion-proof-disc\/\" \/>\n<meta property=\"og:locale\" content=\"vi_VN\" \/>\n<meta property=\"og:type\" content=\"article\" \/>\n<meta property=\"og:title\" content=\"Battery explosion-proof disc - Porous Plastic Filter Manufacturer China\" \/>\n<meta property=\"og:description\" content=\"Ensure safety and reliability with our battery explosion-proof discs. Designed to prevent hazardous explosions, these high-quality discs offer superior protection for batteries in various applications. Trust our explosion-proof discs for optimal safety and peace of mind.\" \/>\n<meta property=\"og:url\" content=\"https:\/\/lysinterfilter.com\/vi\/manufacturer\/battery-explosion-proof-disc\/\" \/>\n<meta property=\"og:site_name\" content=\"Porous Plastic Filter Manufacturer China\" \/>\n<meta property=\"article:modified_time\" content=\"2026-03-03T08:26:16+00:00\" \/>\n<meta property=\"og:image\" content=\"https:\/\/lysinterfilter.com\/wp-content\/uploads\/2024\/06\/dic5.jpg\" \/>\n\t<meta property=\"og:image:width\" content=\"1024\" \/>\n\t<meta property=\"og:image:height\" content=\"1024\" \/>\n\t<meta property=\"og:image:type\" content=\"image\/jpeg\" \/>\n<meta name=\"twitter:card\" content=\"summary_large_image\" \/>\n<meta name=\"twitter:label1\" content=\"\u01af\u1edbc t\u00ednh th\u1eddi gian \u0111\u1ecdc\" \/>\n\t<meta name=\"twitter:data1\" content=\"2 ph\u00fat\" \/>\n<script type=\"application\/ld+json\" class=\"yoast-schema-graph\">{\"@context\":\"https:\/\/schema.org\",\"@graph\":[{\"@type\":\"WebPage\",\"@id\":\"https:\/\/lysinterfilter.com\/manufacturer\/battery-explosion-proof-disc\/\",\"url\":\"https:\/\/lysinterfilter.com\/manufacturer\/battery-explosion-proof-disc\/\",\"name\":\"Battery explosion-proof disc - Porous Plastic Filter Manufacturer China\",\"isPartOf\":{\"@id\":\"https:\/\/lysinterfilter.com\/#website\"},\"primaryImageOfPage\":{\"@id\":\"https:\/\/lysinterfilter.com\/manufacturer\/battery-explosion-proof-disc\/#primaryimage\"},\"image\":{\"@id\":\"https:\/\/lysinterfilter.com\/manufacturer\/battery-explosion-proof-disc\/#primaryimage\"},\"thumbnailUrl\":\"https:\/\/lysinterfilter.com\/wp-content\/uploads\/2024\/06\/dic5.jpg\",\"datePublished\":\"2024-06-11T06:59:32+00:00\",\"dateModified\":\"2026-03-03T08:26:16+00:00\",\"description\":\"Ensure safety and reliability with our battery explosion-proof discs. Designed to prevent hazardous explosions, these high-quality discs offer superior protection for batteries in various applications. Trust our explosion-proof discs for optimal safety and peace of mind.\",\"breadcrumb\":{\"@id\":\"https:\/\/lysinterfilter.com\/manufacturer\/battery-explosion-proof-disc\/#breadcrumb\"},\"inLanguage\":\"vi\",\"potentialAction\":[{\"@type\":\"ReadAction\",\"target\":[\"https:\/\/lysinterfilter.com\/manufacturer\/battery-explosion-proof-disc\/\"]}]},{\"@type\":\"ImageObject\",\"inLanguage\":\"vi\",\"@id\":\"https:\/\/lysinterfilter.com\/manufacturer\/battery-explosion-proof-disc\/#primaryimage\",\"url\":\"https:\/\/lysinterfilter.com\/wp-content\/uploads\/2024\/06\/dic5.jpg\",\"contentUrl\":\"https:\/\/lysinterfilter.com\/wp-content\/uploads\/2024\/06\/dic5.jpg\",\"width\":1024,\"height\":1024,\"caption\":\"{\\\"data\\\":{\\\"pictureId\\\":\\\"cafc8b27d37342268029c9d4359424a6\\\",\\\"appversion\\\":\\\"14.0.0\\\",\\\"stickerId\\\":\\\"\\\",\\\"filterId\\\":\\\"\\\",\\\"infoStickerId\\\":\\\"\\\",\\\"imageEffectId\\\":\\\"\\\",\\\"playId\\\":\\\"\\\",\\\"activityName\\\":\\\"\\\",\\\"os\\\":\\\"android\\\",\\\"product\\\":\\\"retouch\\\",\\\"originAppId\\\":\\\"2515\\\",\\\"exportType\\\":\\\"\\\",\\\"editType\\\":\\\"\\\",\\\"alias\\\":\\\"\\\",\\\"enterFrom\\\":\\\"enter_launch\\\",\\\"capability_key\\\":[\\\"erase\\\"],\\\"capability_extra_v2\\\":{\\\"erase\\\":[{\\\"panel\\\":\\\"eliminatePen\\\"}]},\\\"effect_type\\\":\\\"tool\\\",\\\"effect_id\\\":\\\"erase\\\"},\\\"source_type\\\":\\\"douyin_beauty_me\\\"}\"},{\"@type\":\"BreadcrumbList\",\"@id\":\"https:\/\/lysinterfilter.com\/manufacturer\/battery-explosion-proof-disc\/#breadcrumb\",\"itemListElement\":[{\"@type\":\"ListItem\",\"position\":1,\"name\":\"Home\",\"item\":\"https:\/\/lysinterfilter.com\/\"},{\"@type\":\"ListItem\",\"position\":2,\"name\":\"Products\",\"item\":\"https:\/\/lysinterfilter.com\/shop\/\"},{\"@type\":\"ListItem\",\"position\":3,\"name\":\"Battery explosion-proof disc\"}]},{\"@type\":\"WebSite\",\"@id\":\"https:\/\/lysinterfilter.com\/#website\",\"url\":\"https:\/\/lysinterfilter.com\/\",\"name\":\"Porous Plastic Filter Manufacturer China\",\"description\":\"\",\"potentialAction\":[{\"@type\":\"SearchAction\",\"target\":{\"@type\":\"EntryPoint\",\"urlTemplate\":\"https:\/\/lysinterfilter.com\/?s={search_term_string}\"},\"query-input\":{\"@type\":\"PropertyValueSpecification\",\"valueRequired\":true,\"valueName\":\"search_term_string\"}}],\"inLanguage\":\"vi\"}]}<\/script>\n<!-- \/ Yoast SEO plugin. -->","yoast_head_json":{"title":"Battery explosion-proof disc - Porous Plastic Filter Manufacturer China","description":"Ensure safety and reliability with our battery explosion-proof discs. Designed to prevent hazardous explosions, these high-quality discs offer superior protection for batteries in various applications. Trust our explosion-proof discs for optimal safety and peace of mind.","robots":{"index":"index","follow":"follow","max-snippet":"max-snippet:-1","max-image-preview":"max-image-preview:large","max-video-preview":"max-video-preview:-1"},"canonical":"https:\/\/lysinterfilter.com\/vi\/manufacturer\/battery-explosion-proof-disc\/","og_locale":"vi_VN","og_type":"article","og_title":"Battery explosion-proof disc - Porous Plastic Filter Manufacturer China","og_description":"Ensure safety and reliability with our battery explosion-proof discs. Designed to prevent hazardous explosions, these high-quality discs offer superior protection for batteries in various applications. Trust our explosion-proof discs for optimal safety and peace of mind.","og_url":"https:\/\/lysinterfilter.com\/vi\/manufacturer\/battery-explosion-proof-disc\/","og_site_name":"Porous Plastic Filter Manufacturer China","article_modified_time":"2026-03-03T08:26:16+00:00","og_image":[{"width":1024,"height":1024,"url":"https:\/\/lysinterfilter.com\/wp-content\/uploads\/2024\/06\/dic5.jpg","type":"image\/jpeg"}],"twitter_card":"summary_large_image","twitter_misc":{"\u01af\u1edbc t\u00ednh th\u1eddi gian \u0111\u1ecdc":"2 ph\u00fat"},"schema":{"@context":"https:\/\/schema.org","@graph":[{"@type":"WebPage","@id":"https:\/\/lysinterfilter.com\/manufacturer\/battery-explosion-proof-disc\/","url":"https:\/\/lysinterfilter.com\/manufacturer\/battery-explosion-proof-disc\/","name":"Battery explosion-proof disc - Porous Plastic Filter Manufacturer China","isPartOf":{"@id":"https:\/\/lysinterfilter.com\/#website"},"primaryImageOfPage":{"@id":"https:\/\/lysinterfilter.com\/manufacturer\/battery-explosion-proof-disc\/#primaryimage"},"image":{"@id":"https:\/\/lysinterfilter.com\/manufacturer\/battery-explosion-proof-disc\/#primaryimage"},"thumbnailUrl":"https:\/\/lysinterfilter.com\/wp-content\/uploads\/2024\/06\/dic5.jpg","datePublished":"2024-06-11T06:59:32+00:00","dateModified":"2026-03-03T08:26:16+00:00","description":"Ensure safety and reliability with our battery explosion-proof discs. Designed to prevent hazardous explosions, these high-quality discs offer superior protection for batteries in various applications. Trust our explosion-proof discs for optimal safety and peace of mind.","breadcrumb":{"@id":"https:\/\/lysinterfilter.com\/manufacturer\/battery-explosion-proof-disc\/#breadcrumb"},"inLanguage":"vi","potentialAction":[{"@type":"ReadAction","target":["https:\/\/lysinterfilter.com\/manufacturer\/battery-explosion-proof-disc\/"]}]},{"@type":"ImageObject","inLanguage":"vi","@id":"https:\/\/lysinterfilter.com\/manufacturer\/battery-explosion-proof-disc\/#primaryimage","url":"https:\/\/lysinterfilter.com\/wp-content\/uploads\/2024\/06\/dic5.jpg","contentUrl":"https:\/\/lysinterfilter.com\/wp-content\/uploads\/2024\/06\/dic5.jpg","width":1024,"height":1024,"caption":"{\"data\":{\"pictureId\":\"cafc8b27d37342268029c9d4359424a6\",\"appversion\":\"14.0.0\",\"stickerId\":\"\",\"filterId\":\"\",\"infoStickerId\":\"\",\"imageEffectId\":\"\",\"playId\":\"\",\"activityName\":\"\",\"os\":\"android\",\"product\":\"retouch\",\"originAppId\":\"2515\",\"exportType\":\"\",\"editType\":\"\",\"alias\":\"\",\"enterFrom\":\"enter_launch\",\"capability_key\":[\"erase\"],\"capability_extra_v2\":{\"erase\":[{\"panel\":\"eliminatePen\"}]},\"effect_type\":\"tool\",\"effect_id\":\"erase\"},\"source_type\":\"douyin_beauty_me\"}"},{"@type":"BreadcrumbList","@id":"https:\/\/lysinterfilter.com\/manufacturer\/battery-explosion-proof-disc\/#breadcrumb","itemListElement":[{"@type":"ListItem","position":1,"name":"Home","item":"https:\/\/lysinterfilter.com\/"},{"@type":"ListItem","position":2,"name":"Products","item":"https:\/\/lysinterfilter.com\/shop\/"},{"@type":"ListItem","position":3,"name":"Battery explosion-proof disc"}]},{"@type":"WebSite","@id":"https:\/\/lysinterfilter.com\/#website","url":"https:\/\/lysinterfilter.com\/","name":"Porous Plastic Filter Manufacturer China","description":"","potentialAction":[{"@type":"SearchAction","target":{"@type":"EntryPoint","urlTemplate":"https:\/\/lysinterfilter.com\/?s={search_term_string}"},"query-input":{"@type":"PropertyValueSpecification","valueRequired":true,"valueName":"search_term_string"}}],"inLanguage":"vi"}]}},"_links":{"self":[{"href":"https:\/\/lysinterfilter.com\/vi\/wp-json\/wp\/v2\/product\/1983","targetHints":{"allow":["GET"]}}],"collection":[{"href":"https:\/\/lysinterfilter.com\/vi\/wp-json\/wp\/v2\/product"}],"about":[{"href":"https:\/\/lysinterfilter.com\/vi\/wp-json\/wp\/v2\/types\/product"}],"wp:featuredmedia":[{"embeddable":true,"href":"https:\/\/lysinterfilter.com\/vi\/wp-json\/wp\/v2\/media\/2717"}],"wp:attachment":[{"href":"https:\/\/lysinterfilter.com\/vi\/wp-json\/wp\/v2\/media?parent=1983"}],"wp:term":[{"taxonomy":"product_brand","embeddable":true,"href":"https:\/\/lysinterfilter.com\/vi\/wp-json\/wp\/v2\/product_brand?post=1983"},{"taxonomy":"product_cat","embeddable":true,"href":"https:\/\/lysinterfilter.com\/vi\/wp-json\/wp\/v2\/product_cat?post=1983"},{"taxonomy":"product_tag","embeddable":true,"href":"https:\/\/lysinterfilter.com\/vi\/wp-json\/wp\/v2\/product_tag?post=1983"}],"curies":[{"name":"wp","href":"https:\/\/api.w.org\/{rel}","templated":true}]}}