{"id":2345,"date":"2024-06-17T07:49:48","date_gmt":"2024-06-17T07:49:48","guid":{"rendered":"https:\/\/lysinterfilter.com\/?post_type=product&#038;p=2345"},"modified":"2026-02-02T08:49:05","modified_gmt":"2026-02-02T08:49:05","slug":"hydrophilic-frits","status":"publish","type":"product","link":"https:\/\/lysinterfilter.com\/tr\/manufacturer\/hydrophilic-frits\/","title":{"rendered":"Hidrofilik Fritler"},"content":{"rendered":"<div class=\"row\"  id=\"row-1220810247\">\n\n\t<div id=\"col-624721974\" class=\"col small-12 large-12\"  >\n\t\t\t\t<div class=\"col-inner\"  >\n\t\t\t\n\t\t\t\n<h2>\u00dcr\u00fcn detaylar\u0131<\/h2>\n<h4><strong>Girii\u015f:<\/strong><\/h4>\n<p>Hidrofilik fritler, ileri sinterleme prosesimizle hidrofobik ultra y\u00fcksek molek\u00fcl a\u011f\u0131rl\u0131kl\u0131 PE (UHMW-PE) malzemeden \u00fcretilir ve daha sonra hidrofilik bir y\u00fczey \u00f6zelli\u011fine sahip olacak \u015fekilde modifiye edilir.<\/p>\n<h4><strong>Fritleri \u015fu \u015fekilde se\u00e7ebilirsiniz:<\/strong><\/h4>\n<p>Kal\u0131nl\u0131k: 1,6 mm (1\/16\u2032); 2,5 mm (1\/10\u2032), di\u011fer kal\u0131nl\u0131klar \u00f6zelle\u015ftirilebilir.<\/p>\n<p>G\u00f6zenek boyutu: 50 um, di\u011fer g\u00f6zenek boyutlar\u0131 \u00f6zelle\u015ftirilebilir.<\/p>\n<p>\u00c7ap: A\u015fa\u011f\u0131daki sipari\u015f bilgi tablosunda g\u00f6sterildi\u011fi gibidir.<\/p>\n\t<div id=\"text-1745653564\" class=\"text\">\n\t\t\n<h3><strong>Foto\u011fraflar:<\/strong><\/h3>\n\t\t\n<style>\n#text-1745653564 {\n  text-align: left;\n}\n<\/style>\n\t<\/div>\n\t\n\t<div class=\"img has-hover x md-x lg-x y md-y lg-y\" id=\"image_1920096503\">\n\t\t\t\t\t\t\t\t<div class=\"img-inner dark\" >\n\t\t\t\t\t\t\t\t\t\n\t\t\t\t\t<\/div>\n\t\t\t\t\t\t\t\t\n<style>\n#image_1920096503 {\n  width: 100%;\n}\n<\/style>\n\t<\/div>\n\t\n<h3><strong>Sipari\u015f bilgisi:<\/strong><\/h3>\n<div style=\"overflow: auto;\">\n\t\t<\/div>\n\t\t\t\t\t<\/div>\n\n\t\n\n\t<div id=\"col-596470412\" class=\"col small-12 large-12\"  >\n\t\t\t\t<div class=\"col-inner\"  >\n\t\t\t\n\t\t\t\n<p>Ba\u015fvuru<\/p>\n\t<div class=\"img has-hover x md-x lg-x y md-y lg-y\" id=\"image_1351824502\">\n\t\t\t\t\t\t\t\t<div class=\"img-inner dark\" >\n\t\t\t<img loading=\"lazy\" decoding=\"async\" width=\"750\" height=\"350\" src=\"https:\/\/lysinterfilter.com\/wp-content\/uploads\/2024\/06\/Application.webp\" class=\"attachment-original size-original\" alt=\"\" srcset=\"https:\/\/lysinterfilter.com\/wp-content\/uploads\/2024\/06\/Application.webp 750w, https:\/\/lysinterfilter.com\/wp-content\/uploads\/2024\/06\/Application-300x140.webp 300w, https:\/\/lysinterfilter.com\/wp-content\/uploads\/2024\/06\/Application-18x8.webp 18w, https:\/\/lysinterfilter.com\/wp-content\/uploads\/2024\/06\/Application-600x280.webp 600w\" sizes=\"auto, (max-width: 750px) 100vw, 750px\" \/>\t\t\t\t\t\t\n\t\t\t\t\t<\/div>\n\t\t\t\t\t\t\t\t\n<style>\n#image_1351824502 {\n  width: 100%;\n}\n<\/style>\n\t<\/div>\n\t\n<p>A.Pharmaceutical Industry(1)Large infusion of water, pharmaceutical intermediates decarbonizationfiltration; fermentation broth, oral liquid(2)Powder activated carbon with decolorization filter(medicinal liquidglucose,antibiotics,synthetic medicine,preparation,Chinese herbal medicineliquid,etd.)(3)Injection liquid(4)Injection air filter(5)Injection washing bottle water(6)Medical liquor filtrationB.Chemical Industry(1)Aluminum hydroxide filtering and washing(2)Palladium catalyst filtering and washing(3)Phosphor filtering and washing(4)Zinc carbonate filtering(5)Sodium carbonate solution filtration(6)Barium sulfate filtering and washing(7)Cadmium sulfide filtering and washingC.Chemical fiber &amp; textile industry(1)Acid bath filtration(2)Sulfur and acrylic acid purification filtration(3)Silk water precifion filtrationD.Light industry and food industry(1)Syrup filtration(2)Drink filtration(3)Wine and white spirit filtration(4)Vegetable oil precision filtration(5)Essential oil filtration(6)Mineral water filtrationE.Machinery and Oil industry(1)Plating solution filtration(2)Internal combustion engine cleaning fluid precision filtration(3)Oil field washing filtration(4)Electrical industry ultra-pure water equipmentF.Waste water treatment(1)Heavy mental hydroxide waste water treatment(2)Mix-ture heavy metals waste water treatment(3)Chemical waste water treatment(4)Ceramic waste water treatment(5)Aluminum-containing waste water treatment(6)Other waste water treatment<\/p>\n\t\t<\/div>\n\t\t\t\t\t<\/div>\n\n\t\n\n\t<div id=\"col-1171294506\" class=\"col small-12 large-12\"  >\n\t\t\t\t<div class=\"col-inner\"  >\n\t\t\t\n\t\t\t\n<p>Sertifikalar<\/p>\n\t<div class=\"img has-hover x md-x lg-x y md-y lg-y\" id=\"image_1246973862\">\n\t\t\t\t\t\t\t\t<div class=\"img-inner dark\" >\n\t\t\t<img loading=\"lazy\" decoding=\"async\" width=\"750\" height=\"450\" src=\"https:\/\/lysinterfilter.com\/wp-content\/uploads\/2024\/06\/Certifications.webp\" class=\"attachment-original size-original\" alt=\"\" srcset=\"https:\/\/lysinterfilter.com\/wp-content\/uploads\/2024\/06\/Certifications.webp 750w, https:\/\/lysinterfilter.com\/wp-content\/uploads\/2024\/06\/Certifications-300x180.webp 300w, https:\/\/lysinterfilter.com\/wp-content\/uploads\/2024\/06\/Certifications-18x12.webp 18w, https:\/\/lysinterfilter.com\/wp-content\/uploads\/2024\/06\/Certifications-600x360.webp 600w\" sizes=\"auto, (max-width: 750px) 100vw, 750px\" \/>\t\t\t\t\t\t\n\t\t\t\t\t<\/div>\n\t\t\t\t\t\t\t\t\n<style>\n#image_1246973862 {\n  width: 100%;\n}\n<\/style>\n\t<\/div>\n\t\n\t\t<\/div>\n\t\t\t\t\t<\/div>\n\n\t\n<\/div>\n<table border=\"\u201d1\u2033\" width=\"\u201d3000px\u201d\" align=\"\u201dcenter\u201d\">\n<tbody>\n<tr class=\"firstRow\">\n<th>Kedi. #<\/th>\n<th>\u00dcr\u00fcn Ad\u0131<\/th>\n<th>\u00c7ap<\/th>\n<th>Kal\u0131nl\u0131k<\/th>\n<th>G\u00f6zenek Boyutu<\/th>\n<th>Adet.<\/th>\n<\/tr>\n<tr>\n<td>LY-LF014-12-20<\/td>\n<td>Hidrofilik Fritler<\/td>\n<td>1,4 mm<\/td>\n<td>1,2 mm<\/td>\n<td>20 um<\/td>\n<td>1.000\/PAKET<\/td>\n<\/tr>\n<tr>\n<td>LY-LF016-16-50<\/td>\n<td>Hidrofilik Fritler<\/td>\n<td>1,6 mm<\/td>\n<td>1,6 mm<\/td>\n<td>50 um<\/td>\n<td>1.000\/PAKET<\/td>\n<\/tr>\n<tr>\n<td>LY-LF025-16-50<\/td>\n<td>Hidrofilik Fritler<\/td>\n<td>2,5 mm<\/td>\n<td>1,6 mm<\/td>\n<td>50 um<\/td>\n<td>1.000\/PAKET<\/td>\n<\/tr>\n<tr>\n<td>LY-LF040-16-50<\/td>\n<td>Hidrofilik Fritler<\/td>\n<td>4,0 mm<\/td>\n<td>1,6 mm<\/td>\n<td>50 um<\/td>\n<td>1.000\/PAKET<\/td>\n<\/tr>\n<tr>\n<td>LY-LF048-32-05<\/td>\n<td>Hidrofilik Fritler<\/td>\n<td>4,8 mm<\/td>\n<td>3,2 mm<\/td>\n<td>5 um<\/td>\n<td>1.000\/PAKET<\/td>\n<\/tr>\n<tr>\n<td>LY-LF058-16-50<\/td>\n<td>Hidrofilik Fritler<\/td>\n<td>5,8 mm<\/td>\n<td>1,6 mm<\/td>\n<td>50 um<\/td>\n<td>1.000\/PAKET<\/td>\n<\/tr>\n<tr>\n<td>LY-LF066-16-02<\/td>\n<td>Hidrofilik Fritler<\/td>\n<td>6,6 mm<\/td>\n<td>1,6 mm<\/td>\n<td>2 um<\/td>\n<td>1.000\/PAKET<\/td>\n<\/tr>\n<tr>\n<td>LY-LF066-16-50<\/td>\n<td>Hidrofilik Fritler<\/td>\n<td>6,6 mm<\/td>\n<td>1,6 mm<\/td>\n<td>50 um<\/td>\n<td>1.000\/PAKET<\/td>\n<\/tr>\n<tr>\n<td>LY-LF072-16-50<\/td>\n<td>Hidrofilik Fritler<\/td>\n<td>7,2 mm<\/td>\n<td>1,6 mm<\/td>\n<td>50 um<\/td>\n<td>1.000\/PAKET<\/td>\n<\/tr>\n<tr>\n<td>LY-LF074-16-20<\/td>\n<td>Hidrofilik Fritler<\/td>\n<td>7,4 mm<\/td>\n<td>1,6 mm<\/td>\n<td>20 um<\/td>\n<td>1.000\/PAKET<\/td>\n<\/tr>\n<tr>\n<td>LY-LF074-16-50<\/td>\n<td>Hidrofilik Fritler<\/td>\n<td>7,4 mm<\/td>\n<td>1,6 mm<\/td>\n<td>50 um<\/td>\n<td>1.000\/PAKET<\/td>\n<\/tr>\n<tr>\n<td>LY-LF080-16-50<\/td>\n<td>Hidrofilik Fritler<\/td>\n<td>8,0 mm<\/td>\n<td>1,6 mm<\/td>\n<td>50 um<\/td>\n<td>1.000\/PAKET<\/td>\n<\/tr>\n<tr>\n<td>LY-LF090-16-50<\/td>\n<td>Hidrofilik Fritler<\/td>\n<td>9,0 mm<\/td>\n<td>1,6 mm<\/td>\n<td>50 um<\/td>\n<td>1.000\/PAKET<\/td>\n<\/tr>\n<tr>\n<td>LY-LF091-16-50<\/td>\n<td>Hidrofilik Fritler<\/td>\n<td>9,1 mm<\/td>\n<td>1,6 mm<\/td>\n<td>50 um<\/td>\n<td>1.000\/PAKET<\/td>\n<\/tr>\n<tr>\n<td>LY-LF093-16-50<\/td>\n<td>Hidrofilik Fritler<\/td>\n<td>9,3 mm<\/td>\n<td>1,6 mm<\/td>\n<td>50 um<\/td>\n<td>1.000\/PAKET<\/td>\n<\/tr>\n<tr>\n<td>LY-LF125-16-50<\/td>\n<td>Hidrofilik Fritler<\/td>\n<td>12,5 mm<\/td>\n<td>1,6 mm<\/td>\n<td>50 um<\/td>\n<td>1.000\/PAKET<\/td>\n<\/tr>\n<tr>\n<td>LY-LF127-16-50<\/td>\n<td>Hidrofilik Fritler<\/td>\n<td>12,7 mm<\/td>\n<td>1,6 mm<\/td>\n<td>50 um<\/td>\n<td>1.000\/PAKET<\/td>\n<\/tr>\n<tr>\n<td>LY-LF130-16-50<\/td>\n<td>Hidrofilik Fritler<\/td>\n<td>13,0 mm<\/td>\n<td>1,6 mm<\/td>\n<td>50 um<\/td>\n<td>1.000\/PAKET<\/td>\n<\/tr>\n<tr>\n<td>LY-LF151-16-50<\/td>\n<td>Hidrofilik Fritler<\/td>\n<td>15,1 mm<\/td>\n<td>1,6 mm<\/td>\n<td>50 um<\/td>\n<td>1.000\/PAKET<\/td>\n<\/tr>\n<tr>\n<td>LY-LF197-16-50<\/td>\n<td>Hidrofilik Fritler<\/td>\n<td>19,7 mm<\/td>\n<td>1,6 mm<\/td>\n<td>50 um<\/td>\n<td>1.000\/PAKET<\/td>\n<\/tr>\n<tr>\n<td>LY-LF228-16-50<\/td>\n<td>Hidrofilik Fritler<\/td>\n<td>22,8 mm<\/td>\n<td>1,6 mm<\/td>\n<td>50 um<\/td>\n<td>1.000\/PAKET<\/td>\n<\/tr>\n<tr>\n<td>LY-LF236-16-50<\/td>\n<td>Hidrofilik Fritler<\/td>\n<td>23,6 mm<\/td>\n<td>1,6 mm<\/td>\n<td>50 um<\/td>\n<td>1.000\/PAKET<\/td>\n<\/tr>\n<tr>\n<td>LY-LF273-25-50<\/td>\n<td>Hidrofilik Fritler<\/td>\n<td>27,3 mm<\/td>\n<td>2,5 mm<\/td>\n<td>50 um<\/td>\n<td>1.000\/PAKET<\/td>\n<\/tr>\n<tr>\n<td>LY-LF292-16-50<\/td>\n<td>Hidrofilik Fritler<\/td>\n<td>29,2 mm<\/td>\n<td>1,6 mm<\/td>\n<td>50 um<\/td>\n<td>1.000\/PAKET<\/td>\n<\/tr>\n<tr>\n<td>LY-LF296-25-50<\/td>\n<td>Hidrofilik Fritler<\/td>\n<td>29,6 mm<\/td>\n<td>2,5 mm<\/td>\n<td>50 um<\/td>\n<td>1.000\/PAKET<\/td>\n<\/tr>\n<tr>\n<td>LY-LF495-16-50<\/td>\n<td>Hidrofilik Fritler<\/td>\n<td>49,5 mm<\/td>\n<td>1,6 mm<\/td>\n<td>50 um<\/td>\n<td>1.000\/PAKET<\/td>\n<\/tr>\n<tr>\n<td>LY-LF510-16-50<\/td>\n<td>Hidrofilik Fritler<\/td>\n<td>51,0 mm<\/td>\n<td>1,6 mm<\/td>\n<td>50 um<\/td>\n<td>1.000\/PAKET<\/td>\n<\/tr>\n<\/tbody>\n<\/table>\n<\/div>","protected":false},"excerpt":{"rendered":"<ul>\n<li>Minimum Sipari\u015f Adedi\uff1a<span id=\"dr_show_hits_179\">1 ADET<\/span><\/li>\n<li>\u00d6zelle\u015ftirilmi\u015f\uff1aKabul Edildi<\/li>\n<li>Brand\uff1aOEM<\/li>\n<li>Teslimat S\u00fcresi: 7 g\u00fcn i\u00e7inde<\/li>\n<li>Sertifikasyon\uff1aCE;ISO 9001<\/li>\n<li>E-posta G\u00f6nder:<\/li>\n<li><a href=\"mailto:info@lysinterfilter.com\">info@lysinterfilter.com<\/a><\/li>\n<\/ul>","protected":false},"featured_media":2647,"template":"","meta":[],"product_brand":[],"product_cat":[41],"product_tag":[],"class_list":{"0":"post-2345","1":"product","2":"type-product","3":"status-publish","4":"has-post-thumbnail","6":"product_cat-laboratory-filter","8":"first","9":"instock","10":"shipping-taxable","11":"product-type-simple"},"yoast_head":"<!-- This site is optimized with the Yoast SEO plugin v27.2 - https:\/\/yoast.com\/product\/yoast-seo-wordpress\/ -->\n<title>Hydrophilic Frits - Porous Plastic Filter Manufacturer China<\/title>\n<meta name=\"description\" content=\"Explore our premium hydrophilic frits, designed for efficient liquid filtration and uniform flow in various applications. Ideal for laboratories and industrial use, our frits ensure reliable performance and exceptional durability.\" \/>\n<meta name=\"robots\" content=\"index, follow, max-snippet:-1, max-image-preview:large, max-video-preview:-1\" \/>\n<link rel=\"canonical\" href=\"https:\/\/lysinterfilter.com\/tr\/manufacturer\/hydrophilic-frits\/\" \/>\n<meta property=\"og:locale\" content=\"tr_TR\" \/>\n<meta property=\"og:type\" content=\"article\" \/>\n<meta property=\"og:title\" content=\"Hydrophilic Frits - Porous Plastic Filter Manufacturer China\" \/>\n<meta property=\"og:description\" content=\"Explore our premium hydrophilic frits, designed for efficient liquid filtration and uniform flow in various applications. Ideal for laboratories and industrial use, our frits ensure reliable performance and exceptional durability.\" \/>\n<meta property=\"og:url\" content=\"https:\/\/lysinterfilter.com\/tr\/manufacturer\/hydrophilic-frits\/\" \/>\n<meta property=\"og:site_name\" content=\"Porous Plastic Filter Manufacturer China\" \/>\n<meta property=\"article:modified_time\" content=\"2026-02-02T08:49:05+00:00\" \/>\n<meta property=\"og:image\" content=\"https:\/\/lysinterfilter.com\/wp-content\/uploads\/2024\/06\/pe103.jpg\" \/>\n\t<meta property=\"og:image:width\" content=\"1024\" \/>\n\t<meta property=\"og:image:height\" content=\"898\" \/>\n\t<meta property=\"og:image:type\" content=\"image\/jpeg\" \/>\n<meta name=\"twitter:card\" content=\"summary_large_image\" \/>\n<meta name=\"twitter:label1\" content=\"Tahmini okuma s\u00fcresi\" \/>\n\t<meta name=\"twitter:data1\" content=\"3 dakika\" \/>\n<script type=\"application\/ld+json\" class=\"yoast-schema-graph\">{\"@context\":\"https:\/\/schema.org\",\"@graph\":[{\"@type\":\"WebPage\",\"@id\":\"https:\/\/lysinterfilter.com\/manufacturer\/hydrophilic-frits\/\",\"url\":\"https:\/\/lysinterfilter.com\/manufacturer\/hydrophilic-frits\/\",\"name\":\"Hydrophilic Frits - Porous Plastic Filter Manufacturer China\",\"isPartOf\":{\"@id\":\"https:\/\/lysinterfilter.com\/#website\"},\"primaryImageOfPage\":{\"@id\":\"https:\/\/lysinterfilter.com\/manufacturer\/hydrophilic-frits\/#primaryimage\"},\"image\":{\"@id\":\"https:\/\/lysinterfilter.com\/manufacturer\/hydrophilic-frits\/#primaryimage\"},\"thumbnailUrl\":\"https:\/\/lysinterfilter.com\/wp-content\/uploads\/2024\/06\/pe103.jpg\",\"datePublished\":\"2024-06-17T07:49:48+00:00\",\"dateModified\":\"2026-02-02T08:49:05+00:00\",\"description\":\"Explore our premium hydrophilic frits, designed for efficient liquid filtration and uniform flow in various applications. Ideal for laboratories and industrial use, our frits ensure reliable performance and exceptional durability.\",\"breadcrumb\":{\"@id\":\"https:\/\/lysinterfilter.com\/manufacturer\/hydrophilic-frits\/#breadcrumb\"},\"inLanguage\":\"tr\",\"potentialAction\":[{\"@type\":\"ReadAction\",\"target\":[\"https:\/\/lysinterfilter.com\/manufacturer\/hydrophilic-frits\/\"]}]},{\"@type\":\"ImageObject\",\"inLanguage\":\"tr\",\"@id\":\"https:\/\/lysinterfilter.com\/manufacturer\/hydrophilic-frits\/#primaryimage\",\"url\":\"https:\/\/lysinterfilter.com\/wp-content\/uploads\/2024\/06\/pe103.jpg\",\"contentUrl\":\"https:\/\/lysinterfilter.com\/wp-content\/uploads\/2024\/06\/pe103.jpg\",\"width\":1024,\"height\":898,\"caption\":\"{\\\"data\\\":{\\\"pictureId\\\":\\\"6fecab1b880442deba48ddfe2beb7ff8\\\",\\\"appversion\\\":\\\"14.0.0\\\",\\\"stickerId\\\":\\\"\\\",\\\"filterId\\\":\\\"\\\",\\\"infoStickerId\\\":\\\"\\\",\\\"imageEffectId\\\":\\\"\\\",\\\"playId\\\":\\\"\\\",\\\"activityName\\\":\\\"\\\",\\\"os\\\":\\\"android\\\",\\\"product\\\":\\\"retouch\\\",\\\"originAppId\\\":\\\"2515\\\",\\\"exportType\\\":\\\"\\\",\\\"editType\\\":\\\"\\\",\\\"alias\\\":\\\"\\\",\\\"enterFrom\\\":\\\"enter_launch\\\",\\\"capability_key\\\":[\\\"erase\\\"],\\\"capability_extra_v2\\\":{\\\"erase\\\":[{\\\"panel\\\":\\\"eliminatePen\\\"}]},\\\"effect_type\\\":\\\"tool\\\",\\\"effect_id\\\":\\\"erase\\\"},\\\"source_type\\\":\\\"douyin_beauty_me\\\"}\"},{\"@type\":\"BreadcrumbList\",\"@id\":\"https:\/\/lysinterfilter.com\/manufacturer\/hydrophilic-frits\/#breadcrumb\",\"itemListElement\":[{\"@type\":\"ListItem\",\"position\":1,\"name\":\"Home\",\"item\":\"https:\/\/lysinterfilter.com\/\"},{\"@type\":\"ListItem\",\"position\":2,\"name\":\"Products\",\"item\":\"https:\/\/lysinterfilter.com\/shop\/\"},{\"@type\":\"ListItem\",\"position\":3,\"name\":\"Hydrophilic Frits\"}]},{\"@type\":\"WebSite\",\"@id\":\"https:\/\/lysinterfilter.com\/#website\",\"url\":\"https:\/\/lysinterfilter.com\/\",\"name\":\"Porous Plastic Filter Manufacturer China\",\"description\":\"\",\"potentialAction\":[{\"@type\":\"SearchAction\",\"target\":{\"@type\":\"EntryPoint\",\"urlTemplate\":\"https:\/\/lysinterfilter.com\/?s={search_term_string}\"},\"query-input\":{\"@type\":\"PropertyValueSpecification\",\"valueRequired\":true,\"valueName\":\"search_term_string\"}}],\"inLanguage\":\"tr\"}]}<\/script>\n<!-- \/ Yoast SEO plugin. -->","yoast_head_json":{"title":"Hydrophilic Frits - Porous Plastic Filter Manufacturer China","description":"\u00c7e\u015fitli uygulamalarda verimli s\u0131v\u0131 filtrasyonu ve d\u00fczg\u00fcn ak\u0131\u015f i\u00e7in tasarlanm\u0131\u015f birinci s\u0131n\u0131f hidrofilik fritlerimizi ke\u015ffedin. Laboratuvarlar ve end\u00fcstriyel kullan\u0131m i\u00e7in ideal olan fritlerimiz g\u00fcvenilir performans ve ola\u011fan\u00fcst\u00fc dayan\u0131kl\u0131l\u0131k sa\u011flar.","robots":{"index":"index","follow":"follow","max-snippet":"max-snippet:-1","max-image-preview":"max-image-preview:large","max-video-preview":"max-video-preview:-1"},"canonical":"https:\/\/lysinterfilter.com\/tr\/manufacturer\/hydrophilic-frits\/","og_locale":"tr_TR","og_type":"article","og_title":"Hydrophilic Frits - Porous Plastic Filter Manufacturer China","og_description":"Explore our premium hydrophilic frits, designed for efficient liquid filtration and uniform flow in various applications. Ideal for laboratories and industrial use, our frits ensure reliable performance and exceptional durability.","og_url":"https:\/\/lysinterfilter.com\/tr\/manufacturer\/hydrophilic-frits\/","og_site_name":"Porous Plastic Filter Manufacturer China","article_modified_time":"2026-02-02T08:49:05+00:00","og_image":[{"width":1024,"height":898,"url":"https:\/\/lysinterfilter.com\/wp-content\/uploads\/2024\/06\/pe103.jpg","type":"image\/jpeg"}],"twitter_card":"summary_large_image","twitter_misc":{"Tahmini okuma s\u00fcresi":"3 dakika"},"schema":{"@context":"https:\/\/schema.org","@graph":[{"@type":"WebPage","@id":"https:\/\/lysinterfilter.com\/manufacturer\/hydrophilic-frits\/","url":"https:\/\/lysinterfilter.com\/manufacturer\/hydrophilic-frits\/","name":"Hydrophilic Frits - Porous Plastic Filter Manufacturer China","isPartOf":{"@id":"https:\/\/lysinterfilter.com\/#website"},"primaryImageOfPage":{"@id":"https:\/\/lysinterfilter.com\/manufacturer\/hydrophilic-frits\/#primaryimage"},"image":{"@id":"https:\/\/lysinterfilter.com\/manufacturer\/hydrophilic-frits\/#primaryimage"},"thumbnailUrl":"https:\/\/lysinterfilter.com\/wp-content\/uploads\/2024\/06\/pe103.jpg","datePublished":"2024-06-17T07:49:48+00:00","dateModified":"2026-02-02T08:49:05+00:00","description":"\u00c7e\u015fitli uygulamalarda verimli s\u0131v\u0131 filtrasyonu ve d\u00fczg\u00fcn ak\u0131\u015f i\u00e7in tasarlanm\u0131\u015f birinci s\u0131n\u0131f hidrofilik fritlerimizi ke\u015ffedin. Laboratuvarlar ve end\u00fcstriyel kullan\u0131m i\u00e7in ideal olan fritlerimiz g\u00fcvenilir performans ve ola\u011fan\u00fcst\u00fc dayan\u0131kl\u0131l\u0131k sa\u011flar.","breadcrumb":{"@id":"https:\/\/lysinterfilter.com\/manufacturer\/hydrophilic-frits\/#breadcrumb"},"inLanguage":"tr","potentialAction":[{"@type":"ReadAction","target":["https:\/\/lysinterfilter.com\/manufacturer\/hydrophilic-frits\/"]}]},{"@type":"ImageObject","inLanguage":"tr","@id":"https:\/\/lysinterfilter.com\/manufacturer\/hydrophilic-frits\/#primaryimage","url":"https:\/\/lysinterfilter.com\/wp-content\/uploads\/2024\/06\/pe103.jpg","contentUrl":"https:\/\/lysinterfilter.com\/wp-content\/uploads\/2024\/06\/pe103.jpg","width":1024,"height":898,"caption":"{\"data\":{\"pictureId\":\"6fecab1b880442deba48ddfe2beb7ff8\",\"appversion\":\"14.0.0\",\"stickerId\":\"\",\"filterId\":\"\",\"infoStickerId\":\"\",\"imageEffectId\":\"\",\"playId\":\"\",\"activityName\":\"\",\"os\":\"android\",\"product\":\"retouch\",\"originAppId\":\"2515\",\"exportType\":\"\",\"editType\":\"\",\"alias\":\"\",\"enterFrom\":\"enter_launch\",\"capability_key\":[\"erase\"],\"capability_extra_v2\":{\"erase\":[{\"panel\":\"eliminatePen\"}]},\"effect_type\":\"tool\",\"effect_id\":\"erase\"},\"source_type\":\"douyin_beauty_me\"}"},{"@type":"BreadcrumbList","@id":"https:\/\/lysinterfilter.com\/manufacturer\/hydrophilic-frits\/#breadcrumb","itemListElement":[{"@type":"ListItem","position":1,"name":"Home","item":"https:\/\/lysinterfilter.com\/"},{"@type":"ListItem","position":2,"name":"Products","item":"https:\/\/lysinterfilter.com\/shop\/"},{"@type":"ListItem","position":3,"name":"Hydrophilic Frits"}]},{"@type":"WebSite","@id":"https:\/\/lysinterfilter.com\/#website","url":"https:\/\/lysinterfilter.com\/","name":"Porous Plastic Filter Manufacturer China","description":"","potentialAction":[{"@type":"SearchAction","target":{"@type":"EntryPoint","urlTemplate":"https:\/\/lysinterfilter.com\/?s={search_term_string}"},"query-input":{"@type":"PropertyValueSpecification","valueRequired":true,"valueName":"search_term_string"}}],"inLanguage":"tr"}]}},"_links":{"self":[{"href":"https:\/\/lysinterfilter.com\/tr\/wp-json\/wp\/v2\/product\/2345","targetHints":{"allow":["GET"]}}],"collection":[{"href":"https:\/\/lysinterfilter.com\/tr\/wp-json\/wp\/v2\/product"}],"about":[{"href":"https:\/\/lysinterfilter.com\/tr\/wp-json\/wp\/v2\/types\/product"}],"wp:featuredmedia":[{"embeddable":true,"href":"https:\/\/lysinterfilter.com\/tr\/wp-json\/wp\/v2\/media\/2647"}],"wp:attachment":[{"href":"https:\/\/lysinterfilter.com\/tr\/wp-json\/wp\/v2\/media?parent=2345"}],"wp:term":[{"taxonomy":"product_brand","embeddable":true,"href":"https:\/\/lysinterfilter.com\/tr\/wp-json\/wp\/v2\/product_brand?post=2345"},{"taxonomy":"product_cat","embeddable":true,"href":"https:\/\/lysinterfilter.com\/tr\/wp-json\/wp\/v2\/product_cat?post=2345"},{"taxonomy":"product_tag","embeddable":true,"href":"https:\/\/lysinterfilter.com\/tr\/wp-json\/wp\/v2\/product_tag?post=2345"}],"curies":[{"name":"wp","href":"https:\/\/api.w.org\/{rel}","templated":true}]}}