{"id":2337,"date":"2024-06-17T06:56:39","date_gmt":"2024-06-17T06:56:39","guid":{"rendered":"https:\/\/lysinterfilter.com\/?post_type=product&#038;p=2337"},"modified":"2026-02-02T10:02:40","modified_gmt":"2026-02-02T10:02:40","slug":"activated-carbon-filters-for-pipette-tip","status":"publish","type":"product","link":"https:\/\/lysinterfilter.com\/tr\/manufacturer\/activated-carbon-filters-for-pipette-tip\/","title":{"rendered":"Aktif Karbon Filtreli Pipet U\u00e7lar\u0131"},"content":{"rendered":"<div class=\"row\"  id=\"row-876445953\">\n\n\t<div id=\"col-214240667\" class=\"col small-12 large-12\"  >\n\t\t\t\t<div class=\"col-inner\"  >\n\t\t\t\n\t\t\t\n<h2>\u00dcr\u00fcn detaylar\u0131<\/h2>\n<h4><strong>Girii\u015f:<\/strong><\/h4>\n<p>Aktif Karbon, Daha G\u00fc\u00e7l\u00fc Blokaj Yetene\u011fi<br \/>\nUHWM-PE y\u00fczeyinde, baz\u0131 aktif karbon par\u00e7ac\u0131klar\u0131 sabitlendi. Pipet u\u00e7lar\u0131 i\u00e7in aktif karbon filtre sadece aerosolleri engellemekle kalmaz, ayn\u0131 zamanda biyomolek\u00fcl\u00fcn aktivitesini de daha iyi bloke edebilir.<\/p>\n\t<div id=\"text-1180077461\" class=\"text\">\n\t\t\n<h3><strong>Foto\u011fraflar:<\/strong><\/h3>\n\t\t\n<style>\n#text-1180077461 {\n  text-align: left;\n}\n<\/style>\n\t<\/div>\n\t\n\t<div class=\"img has-hover x md-x lg-x y md-y lg-y\" id=\"image_283100938\">\n\t\t\t\t\t\t\t\t<div class=\"img-inner dark\" >\n\t\t\t<img loading=\"lazy\" decoding=\"async\" width=\"1024\" height=\"898\" src=\"https:\/\/lysinterfilter.com\/wp-content\/uploads\/2024\/06\/PE105.jpg\" class=\"attachment-original size-original\" alt=\"\" srcset=\"https:\/\/lysinterfilter.com\/wp-content\/uploads\/2024\/06\/PE105.jpg 1024w, https:\/\/lysinterfilter.com\/wp-content\/uploads\/2024\/06\/PE105-300x263.jpg 300w, https:\/\/lysinterfilter.com\/wp-content\/uploads\/2024\/06\/PE105-768x674.jpg 768w, https:\/\/lysinterfilter.com\/wp-content\/uploads\/2024\/06\/PE105-14x12.jpg 14w, https:\/\/lysinterfilter.com\/wp-content\/uploads\/2024\/06\/PE105-600x526.jpg 600w\" sizes=\"auto, (max-width: 1024px) 100vw, 1024px\" \/>\t\t\t\t\t\t\n\t\t\t\t\t<\/div>\n\t\t\t\t\t\t\t\t\n<style>\n#image_283100938 {\n  width: 100%;\n}\n<\/style>\n\t<\/div>\n\t\n\t<div id=\"text-396974806\" class=\"text\">\n\t\t\n<h3><strong>Sipari\u015f bilgisi:<\/strong><\/h3>\n<div style=\"overflow: auto;\">\n<table border=\"\u201d1\u2033\" width=\"\u201d3000px\u201d\" align=\"\u201dcenter\u201d\">\n<tbody>\n<tr style=\"background-color: #f2f2f2;\">\n<th style=\"border: 1px solid #dddddd; padding: 8px;\">Kedi. #<\/th>\n<th style=\"border: 1px solid #dddddd; padding: 8px;\">\u00c7ap (mm)<\/th>\n<th style=\"border: 1px solid #dddddd; padding: 8px;\">Kal\u0131nl\u0131k(mm)<\/th>\n<th style=\"border: 1px solid #dddddd; padding: 8px;\">G\u00f6zenek boyutu (\u03bcm)<\/th>\n<th style=\"border: 1px solid #dddddd; padding: 8px;\">Kullan\u0131m<\/th>\n<th style=\"border: 1px solid #dddddd; padding: 8px;\">Adet.<\/th>\n<\/tr>\n<tr style=\"background-color: #f2f2f2;\">\n<td style=\"border: 1px solid #dddddd; padding: 8px;\">LY-AF10-18-35<\/td>\n<td style=\"border: 1px solid #dddddd; padding: 8px;\">1.8<\/td>\n<td style=\"border: 1px solid #dddddd; padding: 8px;\">3.5<\/td>\n<td style=\"border: 1px solid #dddddd; padding: 8px;\">10<\/td>\n<td style=\"border: 1px solid #dddddd; padding: 8px;\">10\u03bcl u\u00e7lar<\/td>\n<td style=\"border: 1px solid #dddddd; padding: 8px;\">10.000 adet\/paket<\/td>\n<\/tr>\n<tr>\n<td style=\"border: 1px solid #dddddd; padding: 8px;\">LY-DF200-47-35<\/td>\n<td style=\"border: 1px solid #dddddd; padding: 8px;\">4.7<\/td>\n<td style=\"border: 1px solid #dddddd; padding: 8px;\">3.5<\/td>\n<td style=\"border: 1px solid #dddddd; padding: 8px;\">10<\/td>\n<td style=\"border: 1px solid #dddddd; padding: 8px;\">200\u03bcl u\u00e7lar<\/td>\n<td style=\"border: 1px solid #dddddd; padding: 8px;\">100 ADET\/Kutu<\/td>\n<\/tr>\n<tr style=\"background-color: #f2f2f2;\">\n<td style=\"border: 1px solid #dddddd; padding: 8px;\">LY-DF1000-71-40<\/td>\n<td style=\"border: 1px solid #dddddd; padding: 8px;\">7.1<\/td>\n<td style=\"border: 1px solid #dddddd; padding: 8px;\">4<\/td>\n<td style=\"border: 1px solid #dddddd; padding: 8px;\">10<\/td>\n<td style=\"border: 1px solid #dddddd; padding: 8px;\">1000\u03bcl u\u00e7lar<\/td>\n<td style=\"border: 1px solid #dddddd; padding: 8px;\">100 ADET\/Kutu<\/td>\n<\/tr>\n<tr>\n<td style=\"border: 1px solid #dddddd; padding: 8px;\">\u00d6zelle\u015ftirilmi\u015f<\/td>\n<td style=\"border: 1px solid #dddddd; padding: 8px;\">1-10<\/td>\n<td style=\"border: 1px solid #dddddd; padding: 8px;\">3.2\/3.5\/4.0<\/td>\n<td style=\"border: 1px solid #dddddd; padding: 8px;\">5\/10<\/td>\n<td style=\"border: 1px solid #dddddd; padding: 8px;\"><\/td>\n<td style=\"border: 1px solid #dddddd; padding: 8px;\"><\/td>\n<\/tr>\n<\/tbody>\n<\/table>\n<\/div>\n\t\t\n<style>\n#text-396974806 {\n  text-align: left;\n}\n<\/style>\n\t<\/div>\n\t\n\t\t<\/div>\n\t\t\t\t\t<\/div>\n\n\t\n\n\t<div id=\"col-263405459\" class=\"col small-12 large-12\"  >\n\t\t\t\t<div class=\"col-inner\"  >\n\t\t\t\n\t\t\t\n<h2>Ba\u015fvuru<\/h2>\n\t<div class=\"img has-hover x md-x lg-x y md-y lg-y\" id=\"image_1197346340\">\n\t\t\t\t\t\t\t\t<div class=\"img-inner dark\" >\n\t\t\t<img loading=\"lazy\" decoding=\"async\" width=\"750\" height=\"350\" src=\"https:\/\/lysinterfilter.com\/wp-content\/uploads\/2024\/06\/Application.webp\" class=\"attachment-original size-original\" alt=\"\" srcset=\"https:\/\/lysinterfilter.com\/wp-content\/uploads\/2024\/06\/Application.webp 750w, https:\/\/lysinterfilter.com\/wp-content\/uploads\/2024\/06\/Application-300x140.webp 300w, https:\/\/lysinterfilter.com\/wp-content\/uploads\/2024\/06\/Application-18x8.webp 18w, https:\/\/lysinterfilter.com\/wp-content\/uploads\/2024\/06\/Application-600x280.webp 600w\" sizes=\"auto, (max-width: 750px) 100vw, 750px\" \/>\t\t\t\t\t\t\n\t\t\t\t\t<\/div>\n\t\t\t\t\t\t\t\t\n<style>\n#image_1197346340 {\n  width: 100%;\n}\n<\/style>\n\t<\/div>\n\t\n<p>A.\u0130la\u00e7 End\u00fcstrisi<\/p>\n<p>(1) B\u00fcy\u00fck miktarda su inf\u00fczyonu, farmas\u00f6tik ara maddelerin karbondan ar\u0131nd\u0131r\u0131lmas\u0131<\/p>\n<p>filtrasyon; fermantasyon suyu, a\u011f\u0131z s\u0131v\u0131s\u0131<\/p>\n<p>(2) Renk giderici filtreli toz aktif karbon (t\u0131bbi s\u0131v\u0131)<\/p>\n<p>glikoz,antibiyotikler,sentetik ila\u00e7,haz\u0131rl\u0131k,\u00c7in bitkisel ilac\u0131<\/p>\n<p>s\u0131v\u0131,vb.)<\/p>\n<p>(3)Enjeksiyon s\u0131v\u0131s\u0131<\/p>\n<p>(4)Enjeksiyon hava filtresi<\/p>\n<p>(5)Enjeksiyon y\u0131kama \u015fi\u015fesi suyu<\/p>\n<p>(6)T\u0131bbi s\u0131v\u0131 filtrasyonu<\/p>\n<p>B.Kimya End\u00fcstrisi<\/p>\n<p>(1)Al\u00fcminyum hidroksit filtreleme ve y\u0131kama<\/p>\n<p>(2)Paladyum kataliz\u00f6r filtreleme ve y\u0131kama<\/p>\n<p>(3)Fosfor filtreleme ve y\u0131kama<\/p>\n<p>(4)\u00c7inko karbonat filtreleme<\/p>\n<p>(5)Sodyum karbonat \u00e7\u00f6zeltisi filtrasyonu<\/p>\n<p>(6)Baryum s\u00fclfat filtreleme ve y\u0131kama<\/p>\n<p>(7)Kadmiyum s\u00fclf\u00fcr filtreleme ve y\u0131kama<\/p>\n<p>C.Kimyasal elyaf ve tekstil end\u00fcstrisi<\/p>\n<p>(1)Asit banyosu filtrasyonu<\/p>\n<p>(2)K\u00fck\u00fcrt ve akrilik asit ar\u0131tma filtrasyonu<\/p>\n<p>(3)\u0130pek suyu hassas filtrasyonu<\/p>\n<p>D.Hafif sanayi ve g\u0131da sanayi<\/p>\n<p>(1)\u015eurup filtrasyonu<\/p>\n<p>(2)\u0130\u00e7ecek filtreleme<\/p>\n<p>(3)\u015earap ve beyaz ispirto filtrasyonu<\/p>\n<p>(4)Bitkisel ya\u011f hassas filtrasyonu<\/p>\n<p>(5)Esansiyel ya\u011f filtrasyonu<\/p>\n<p>(6)Mineral suyu filtrasyonu<\/p>\n<p>E.Makine ve Petrol Sanayi<\/p>\n<p>(1) Kaplama \u00e7\u00f6zeltisi filtrasyonu<\/p>\n<p>(2)\u0130\u00e7ten yanmal\u0131 motor temizleme s\u0131v\u0131s\u0131 hassas filtrasyonu<\/p>\n<p>(3)Petrol sahas\u0131 y\u0131kama filtrasyonu<\/p>\n<p>(4)Elektrik end\u00fcstrisi ultra saf su ekipman\u0131<\/p>\n<p>F.At\u0131k su ar\u0131t\u0131m\u0131<\/p>\n<p>(1)A\u011f\u0131r zihinsel hidroksit at\u0131k su ar\u0131t\u0131m\u0131<\/p>\n<p>(2)Kar\u0131\u015f\u0131m a\u011f\u0131r metal at\u0131k su ar\u0131t\u0131m\u0131<\/p>\n<p>(3)Kimyasal at\u0131k su ar\u0131t\u0131m\u0131<\/p>\n<p>(4)Seramik at\u0131k su ar\u0131t\u0131m\u0131<\/p>\n<p>(5)Al\u00fcminyum i\u00e7eren at\u0131k su ar\u0131t\u0131m\u0131<\/p>\n<p>(6)Di\u011fer at\u0131k su ar\u0131tma<\/p>\n\t\t<\/div>\n\t\t\t\t\t<\/div>\n\n\t\n\n\t<div id=\"col-2113115560\" class=\"col small-12 large-12\"  >\n\t\t\t\t<div class=\"col-inner\"  >\n\t\t\t\n\t\t\t\n<h2>Sertifikalar<\/h2>\n\t<div class=\"img has-hover x md-x lg-x y md-y lg-y\" id=\"image_338304166\">\n\t\t\t\t\t\t\t\t<div class=\"img-inner dark\" >\n\t\t\t<img loading=\"lazy\" decoding=\"async\" width=\"750\" height=\"450\" src=\"https:\/\/lysinterfilter.com\/wp-content\/uploads\/2024\/06\/Certifications.webp\" class=\"attachment-original size-original\" alt=\"\" srcset=\"https:\/\/lysinterfilter.com\/wp-content\/uploads\/2024\/06\/Certifications.webp 750w, https:\/\/lysinterfilter.com\/wp-content\/uploads\/2024\/06\/Certifications-300x180.webp 300w, https:\/\/lysinterfilter.com\/wp-content\/uploads\/2024\/06\/Certifications-18x12.webp 18w, https:\/\/lysinterfilter.com\/wp-content\/uploads\/2024\/06\/Certifications-600x360.webp 600w\" sizes=\"auto, (max-width: 750px) 100vw, 750px\" \/>\t\t\t\t\t\t\n\t\t\t\t\t<\/div>\n\t\t\t\t\t\t\t\t\n<style>\n#image_338304166 {\n  width: 100%;\n}\n<\/style>\n\t<\/div>\n\t\n\t\t<\/div>\n\t\t\t\t\t<\/div>\n\n\t\n<\/div>","protected":false},"excerpt":{"rendered":"<ul>\n<li>Minimum Sipari\u015f Adedi\uff1a<span id=\"dr_show_hits_179\">1 ADET<\/span><\/li>\n<li>\u00d6zelle\u015ftirilmi\u015f\uff1aKabul Edildi<\/li>\n<li>Brand\uff1aOEM<\/li>\n<li>Teslimat S\u00fcresi: 7 g\u00fcn i\u00e7inde<\/li>\n<li>Sertifikasyon\uff1aCE;ISO 9001<\/li>\n<li>E-posta G\u00f6nder:<\/li>\n<li><a href=\"mailto:info@lysinterfilter.com\">info@lysinterfilter.com<\/a><\/li>\n<\/ul>","protected":false},"featured_media":2650,"template":"","meta":[],"product_brand":[],"product_cat":[41],"product_tag":[],"class_list":{"0":"post-2337","1":"product","2":"type-product","3":"status-publish","4":"has-post-thumbnail","6":"product_cat-laboratory-filter","8":"first","9":"instock","10":"shipping-taxable","11":"product-type-simple"},"yoast_head":"<!-- This site is optimized with the Yoast SEO plugin v27.2 - https:\/\/yoast.com\/product\/yoast-seo-wordpress\/ -->\n<title>Activated Carbon Filtered Pipette Tips - Porous Plastic Filter Manufacturer China<\/title>\n<meta name=\"description\" content=\"Enhance your lab&#039;s precision with our activated carbon filters for pipette tips. Designed to eliminate contaminants and ensure accurate results, our filters provide superior performance and reliability for critical laboratory applications.&quot;\" \/>\n<meta name=\"robots\" content=\"index, follow, max-snippet:-1, max-image-preview:large, max-video-preview:-1\" \/>\n<link rel=\"canonical\" href=\"https:\/\/lysinterfilter.com\/tr\/manufacturer\/activated-carbon-filters-for-pipette-tip\/\" \/>\n<meta property=\"og:locale\" content=\"tr_TR\" \/>\n<meta property=\"og:type\" content=\"article\" \/>\n<meta property=\"og:title\" content=\"Activated Carbon Filtered Pipette Tips - Porous Plastic Filter Manufacturer China\" \/>\n<meta property=\"og:description\" content=\"Enhance your lab&#039;s precision with our activated carbon filters for pipette tips. Designed to eliminate contaminants and ensure accurate results, our filters provide superior performance and reliability for critical laboratory applications.&quot;\" \/>\n<meta property=\"og:url\" content=\"https:\/\/lysinterfilter.com\/tr\/manufacturer\/activated-carbon-filters-for-pipette-tip\/\" \/>\n<meta property=\"og:site_name\" content=\"Porous Plastic Filter Manufacturer China\" \/>\n<meta property=\"article:modified_time\" content=\"2026-02-02T10:02:40+00:00\" \/>\n<meta property=\"og:image\" content=\"https:\/\/lysinterfilter.com\/wp-content\/uploads\/2024\/06\/PE105.jpg\" \/>\n\t<meta property=\"og:image:width\" content=\"1024\" \/>\n\t<meta property=\"og:image:height\" content=\"898\" \/>\n\t<meta property=\"og:image:type\" content=\"image\/jpeg\" \/>\n<meta name=\"twitter:card\" content=\"summary_large_image\" \/>\n<meta name=\"twitter:label1\" content=\"Tahmini okuma s\u00fcresi\" \/>\n\t<meta name=\"twitter:data1\" content=\"2 dakika\" \/>\n<script type=\"application\/ld+json\" class=\"yoast-schema-graph\">{\"@context\":\"https:\/\/schema.org\",\"@graph\":[{\"@type\":\"WebPage\",\"@id\":\"https:\/\/lysinterfilter.com\/manufacturer\/activated-carbon-filters-for-pipette-tip\/\",\"url\":\"https:\/\/lysinterfilter.com\/manufacturer\/activated-carbon-filters-for-pipette-tip\/\",\"name\":\"Activated Carbon Filtered Pipette Tips - Porous Plastic Filter Manufacturer China\",\"isPartOf\":{\"@id\":\"https:\/\/lysinterfilter.com\/#website\"},\"primaryImageOfPage\":{\"@id\":\"https:\/\/lysinterfilter.com\/manufacturer\/activated-carbon-filters-for-pipette-tip\/#primaryimage\"},\"image\":{\"@id\":\"https:\/\/lysinterfilter.com\/manufacturer\/activated-carbon-filters-for-pipette-tip\/#primaryimage\"},\"thumbnailUrl\":\"https:\/\/lysinterfilter.com\/wp-content\/uploads\/2024\/06\/PE105.jpg\",\"datePublished\":\"2024-06-17T06:56:39+00:00\",\"dateModified\":\"2026-02-02T10:02:40+00:00\",\"description\":\"Enhance your lab's precision with our activated carbon filters for pipette tips. Designed to eliminate contaminants and ensure accurate results, our filters provide superior performance and reliability for critical laboratory applications.\\\"\",\"breadcrumb\":{\"@id\":\"https:\/\/lysinterfilter.com\/manufacturer\/activated-carbon-filters-for-pipette-tip\/#breadcrumb\"},\"inLanguage\":\"tr\",\"potentialAction\":[{\"@type\":\"ReadAction\",\"target\":[\"https:\/\/lysinterfilter.com\/manufacturer\/activated-carbon-filters-for-pipette-tip\/\"]}]},{\"@type\":\"ImageObject\",\"inLanguage\":\"tr\",\"@id\":\"https:\/\/lysinterfilter.com\/manufacturer\/activated-carbon-filters-for-pipette-tip\/#primaryimage\",\"url\":\"https:\/\/lysinterfilter.com\/wp-content\/uploads\/2024\/06\/PE105.jpg\",\"contentUrl\":\"https:\/\/lysinterfilter.com\/wp-content\/uploads\/2024\/06\/PE105.jpg\",\"width\":1024,\"height\":898,\"caption\":\"{\\\"data\\\":{\\\"pictureId\\\":\\\"e8ea09279e2a4afcbf6825a86fe7c10d\\\",\\\"appversion\\\":\\\"14.0.0\\\",\\\"stickerId\\\":\\\"\\\",\\\"filterId\\\":\\\"\\\",\\\"infoStickerId\\\":\\\"\\\",\\\"imageEffectId\\\":\\\"\\\",\\\"playId\\\":\\\"\\\",\\\"activityName\\\":\\\"\\\",\\\"os\\\":\\\"android\\\",\\\"product\\\":\\\"retouch\\\",\\\"originAppId\\\":\\\"2515\\\",\\\"exportType\\\":\\\"\\\",\\\"editType\\\":\\\"\\\",\\\"alias\\\":\\\"VW3JsoPHEdEcA9Dqz2m24c0jMFDsp6Qr\/YVqRP0+4DbGmEzwYv1aaY6oHwi\/Hu9iYb63iwwWF\/h5q9V1upPmI7y706vkUofmqddI7ZWkursXUnwl1Pb0kQTBy9bMG7JAhtLG+3I3SXNb8wiMIHSqOjMG49aHVoAPDKXivtCe80GXoSNpgu1juZu9TXn0bkwV5ZTBPTFrJUkdNIBCy13GmjvkOXjoLpBZ5oVa7OpKN5stnBYSzolbyQB+CFVYRNN7NQEl5gbwWaw8AQOSWnSBW1OuzK\/YwAOJOr8q6Fm8+Sg5ej36ySp8627aIeN9Y86MsKf1sLH\/a1aNmKL1gzGqmg==\\\",\\\"enterFrom\\\":\\\"enter_launch\\\",\\\"capability_key\\\":[\\\"erase\\\"],\\\"capability_extra_v2\\\":{\\\"erase\\\":[{\\\"panel\\\":\\\"eliminatePen\\\"}]},\\\"effect_type\\\":\\\"tool\\\",\\\"effect_id\\\":\\\"erase\\\"},\\\"source_type\\\":\\\"douyin_beauty_me\\\"}\"},{\"@type\":\"BreadcrumbList\",\"@id\":\"https:\/\/lysinterfilter.com\/manufacturer\/activated-carbon-filters-for-pipette-tip\/#breadcrumb\",\"itemListElement\":[{\"@type\":\"ListItem\",\"position\":1,\"name\":\"Home\",\"item\":\"https:\/\/lysinterfilter.com\/\"},{\"@type\":\"ListItem\",\"position\":2,\"name\":\"Products\",\"item\":\"https:\/\/lysinterfilter.com\/shop\/\"},{\"@type\":\"ListItem\",\"position\":3,\"name\":\"Activated Carbon Filtered Pipette Tips\"}]},{\"@type\":\"WebSite\",\"@id\":\"https:\/\/lysinterfilter.com\/#website\",\"url\":\"https:\/\/lysinterfilter.com\/\",\"name\":\"Porous Plastic Filter Manufacturer China\",\"description\":\"\",\"potentialAction\":[{\"@type\":\"SearchAction\",\"target\":{\"@type\":\"EntryPoint\",\"urlTemplate\":\"https:\/\/lysinterfilter.com\/?s={search_term_string}\"},\"query-input\":{\"@type\":\"PropertyValueSpecification\",\"valueRequired\":true,\"valueName\":\"search_term_string\"}}],\"inLanguage\":\"tr\"}]}<\/script>\n<!-- \/ Yoast SEO plugin. -->","yoast_head_json":{"title":"Activated Carbon Filtered Pipette Tips - Porous Plastic Filter Manufacturer China","description":"Pipet u\u00e7lar\u0131 i\u00e7in aktif karbon filtrelerimizle laboratuvar\u0131n\u0131z\u0131n hassasiyetini art\u0131r\u0131n. Kirleticileri ortadan kald\u0131rmak ve do\u011fru sonu\u00e7lar\u0131 garantilemek i\u00e7in tasarlanan filtrelerimiz, kritik laboratuvar uygulamalar\u0131 i\u00e7in \u00fcst\u00fcn performans ve g\u00fcvenilirlik sa\u011flar.&quot;","robots":{"index":"index","follow":"follow","max-snippet":"max-snippet:-1","max-image-preview":"max-image-preview:large","max-video-preview":"max-video-preview:-1"},"canonical":"https:\/\/lysinterfilter.com\/tr\/manufacturer\/activated-carbon-filters-for-pipette-tip\/","og_locale":"tr_TR","og_type":"article","og_title":"Activated Carbon Filtered Pipette Tips - Porous Plastic Filter Manufacturer China","og_description":"Enhance your lab's precision with our activated carbon filters for pipette tips. Designed to eliminate contaminants and ensure accurate results, our filters provide superior performance and reliability for critical laboratory applications.\"","og_url":"https:\/\/lysinterfilter.com\/tr\/manufacturer\/activated-carbon-filters-for-pipette-tip\/","og_site_name":"Porous Plastic Filter Manufacturer China","article_modified_time":"2026-02-02T10:02:40+00:00","og_image":[{"width":1024,"height":898,"url":"https:\/\/lysinterfilter.com\/wp-content\/uploads\/2024\/06\/PE105.jpg","type":"image\/jpeg"}],"twitter_card":"summary_large_image","twitter_misc":{"Tahmini okuma s\u00fcresi":"2 dakika"},"schema":{"@context":"https:\/\/schema.org","@graph":[{"@type":"WebPage","@id":"https:\/\/lysinterfilter.com\/manufacturer\/activated-carbon-filters-for-pipette-tip\/","url":"https:\/\/lysinterfilter.com\/manufacturer\/activated-carbon-filters-for-pipette-tip\/","name":"Activated Carbon Filtered Pipette Tips - Porous Plastic Filter Manufacturer China","isPartOf":{"@id":"https:\/\/lysinterfilter.com\/#website"},"primaryImageOfPage":{"@id":"https:\/\/lysinterfilter.com\/manufacturer\/activated-carbon-filters-for-pipette-tip\/#primaryimage"},"image":{"@id":"https:\/\/lysinterfilter.com\/manufacturer\/activated-carbon-filters-for-pipette-tip\/#primaryimage"},"thumbnailUrl":"https:\/\/lysinterfilter.com\/wp-content\/uploads\/2024\/06\/PE105.jpg","datePublished":"2024-06-17T06:56:39+00:00","dateModified":"2026-02-02T10:02:40+00:00","description":"Pipet u\u00e7lar\u0131 i\u00e7in aktif karbon filtrelerimizle laboratuvar\u0131n\u0131z\u0131n hassasiyetini art\u0131r\u0131n. Kirleticileri ortadan kald\u0131rmak ve do\u011fru sonu\u00e7lar\u0131 garantilemek i\u00e7in tasarlanan filtrelerimiz, kritik laboratuvar uygulamalar\u0131 i\u00e7in \u00fcst\u00fcn performans ve g\u00fcvenilirlik sa\u011flar.&quot;","breadcrumb":{"@id":"https:\/\/lysinterfilter.com\/manufacturer\/activated-carbon-filters-for-pipette-tip\/#breadcrumb"},"inLanguage":"tr","potentialAction":[{"@type":"ReadAction","target":["https:\/\/lysinterfilter.com\/manufacturer\/activated-carbon-filters-for-pipette-tip\/"]}]},{"@type":"ImageObject","inLanguage":"tr","@id":"https:\/\/lysinterfilter.com\/manufacturer\/activated-carbon-filters-for-pipette-tip\/#primaryimage","url":"https:\/\/lysinterfilter.com\/wp-content\/uploads\/2024\/06\/PE105.jpg","contentUrl":"https:\/\/lysinterfilter.com\/wp-content\/uploads\/2024\/06\/PE105.jpg","width":1024,"height":898,"caption":"{\"data\":{\"pictureId\":\"e8ea09279e2a4afcbf6825a86fe7c10d\",\"appversion\":\"14.0.0\",\"stickerId\":\"\",\"filterId\":\"\",\"infoStickerId\":\"\",\"imageEffectId\":\"\",\"playId\":\"\",\"activityName\":\"\",\"os\":\"android\",\"product\":\"retouch\",\"originAppId\":\"2515\",\"exportType\":\"\",\"editType\":\"\",\"alias\":\"VW3JsoPHEdEcA9Dqz2m24c0jMFDsp6Qr\/YVqRP0+4DbGmEzwYv1aaY6oHwi\/Hu9iYb63iwwWF\/h5q9V1upPmI7y706vkUofmqddI7ZWkursXUnwl1Pb0kQTBy9bMG7JAhtLG+3I3SXNb8wiMIHSqOjMG49aHVoAPDKXivtCe80GXoSNpgu1juZu9TXn0bkwV5ZTBPTFrJUkdNIBCy13GmjvkOXjoLpBZ5oVa7OpKN5stnBYSzolbyQB+CFVYRNN7NQEl5gbwWaw8AQOSWnSBW1OuzK\/YwAOJOr8q6Fm8+Sg5ej36ySp8627aIeN9Y86MsKf1sLH\/a1aNmKL1gzGqmg==\",\"enterFrom\":\"enter_launch\",\"capability_key\":[\"erase\"],\"capability_extra_v2\":{\"erase\":[{\"panel\":\"eliminatePen\"}]},\"effect_type\":\"tool\",\"effect_id\":\"erase\"},\"source_type\":\"douyin_beauty_me\"}"},{"@type":"BreadcrumbList","@id":"https:\/\/lysinterfilter.com\/manufacturer\/activated-carbon-filters-for-pipette-tip\/#breadcrumb","itemListElement":[{"@type":"ListItem","position":1,"name":"Home","item":"https:\/\/lysinterfilter.com\/"},{"@type":"ListItem","position":2,"name":"Products","item":"https:\/\/lysinterfilter.com\/shop\/"},{"@type":"ListItem","position":3,"name":"Activated Carbon Filtered Pipette Tips"}]},{"@type":"WebSite","@id":"https:\/\/lysinterfilter.com\/#website","url":"https:\/\/lysinterfilter.com\/","name":"Porous Plastic Filter Manufacturer China","description":"","potentialAction":[{"@type":"SearchAction","target":{"@type":"EntryPoint","urlTemplate":"https:\/\/lysinterfilter.com\/?s={search_term_string}"},"query-input":{"@type":"PropertyValueSpecification","valueRequired":true,"valueName":"search_term_string"}}],"inLanguage":"tr"}]}},"_links":{"self":[{"href":"https:\/\/lysinterfilter.com\/tr\/wp-json\/wp\/v2\/product\/2337","targetHints":{"allow":["GET"]}}],"collection":[{"href":"https:\/\/lysinterfilter.com\/tr\/wp-json\/wp\/v2\/product"}],"about":[{"href":"https:\/\/lysinterfilter.com\/tr\/wp-json\/wp\/v2\/types\/product"}],"wp:featuredmedia":[{"embeddable":true,"href":"https:\/\/lysinterfilter.com\/tr\/wp-json\/wp\/v2\/media\/2650"}],"wp:attachment":[{"href":"https:\/\/lysinterfilter.com\/tr\/wp-json\/wp\/v2\/media?parent=2337"}],"wp:term":[{"taxonomy":"product_brand","embeddable":true,"href":"https:\/\/lysinterfilter.com\/tr\/wp-json\/wp\/v2\/product_brand?post=2337"},{"taxonomy":"product_cat","embeddable":true,"href":"https:\/\/lysinterfilter.com\/tr\/wp-json\/wp\/v2\/product_cat?post=2337"},{"taxonomy":"product_tag","embeddable":true,"href":"https:\/\/lysinterfilter.com\/tr\/wp-json\/wp\/v2\/product_tag?post=2337"}],"curies":[{"name":"wp","href":"https:\/\/api.w.org\/{rel}","templated":true}]}}