{"id":2087,"date":"2024-06-12T07:46:41","date_gmt":"2024-06-12T07:46:41","guid":{"rendered":"https:\/\/lysinterfilter.com\/?post_type=product&#038;p=2087"},"modified":"2026-02-02T10:27:46","modified_gmt":"2026-02-02T10:27:46","slug":"pp-sintered-filter-cartridge","status":"publish","type":"product","link":"https:\/\/lysinterfilter.com\/tr\/manufacturer\/pp-sintered-filter-cartridge\/","title":{"rendered":"PP sinterlenmi\u015f filtre kartu\u015fu"},"content":{"rendered":"<div class=\"row\"  id=\"row-1451283090\">\n\n\t<div id=\"col-653903466\" class=\"col small-12 large-12\"  >\n\t\t\t\t<div class=\"col-inner\"  >\n\t\t\t\n\t\t\t\n<h2>\u00dcr\u00fcn detaylar\u0131<\/h2>\n<h4><strong>Girii\u015f:<\/strong><\/h4>\n<p>Ana hammadde olarak y\u00fcksek kaliteli polipropilen kullan\u0131larak, bilimsel form\u00fcle g\u00f6re sinterlenmi\u015f ve olu\u015fturulmu\u015f, yap\u0131 kompakt, g\u00fc\u00e7l\u00fc, hafiftir, y\u00fcksek filtrasyon bas\u0131nc\u0131na dayanabilir ve filtre eleman\u0131 i\u00e7 ve d\u0131\u015f k\u0131s\u0131mda ayn\u0131 g\u00f6zenek boyutuna sahiptir, c\u00fcrufu geri \u00fcflemek ve \u00e7\u0131karmak kolayd\u0131r ve asit ve alkali \u00e7\u00f6z\u00fcc\u00fclere kar\u015f\u0131 iyi diren\u00e7 ve korozyon \u00f6nleyici \u00f6zelliklere sahiptir.<br \/>\nPolipropilen (PP) sinterlenmi\u015f \u00fcr\u00fcnler aras\u0131nda PP sinterlenmi\u015f filtre elemanlar\u0131, PP sinterlenmi\u015f filtre diskleri ve elek plakalar\u0131, PP sinterlenmi\u015f filtre bilyeleri, PP sinterlenmi\u015f filtre \u00e7ubuklar\u0131, PP sinterlenmi\u015f \u00f6zel \u015fekilli par\u00e7alar vb. yer almaktad\u0131r.<\/p>\n<h4><strong>Avantaj:<\/strong><\/h4>\n<p>1. PP sinterlenmi\u015f \u00fcr\u00fcnlerin g\u00f6zenek boyutu da\u011f\u0131l\u0131m\u0131 d\u00fczg\u00fcnd\u00fcr, ak\u0131\u015fkanl\u0131\u011f\u0131 iyidir ve ak\u0131 b\u00fcy\u00fckt\u00fcr<br \/>\n2. G\u00fc\u00e7l\u00fc asit ve alkaliye, tuza ve \u00e7o\u011fu organik \u00e7\u00f6z\u00fcc\u00fcye kar\u015f\u0131 dayan\u0131kl\u0131d\u0131r<br \/>\n3. Geri \u00fcflemesi kolay, y\u00fcksek rejenerasyon verimlili\u011fi<br \/>\n4. PP malzemeli \u00fcr\u00fcnler 80\u00b0C s\u0131cakl\u0131k dayan\u0131m\u0131na ve 1um-200um filtrasyon hassasiyetine sahiptir.<br \/>\n5. Toksik olmayan ve tats\u0131z, orta d\u00fczeyde d\u00f6k\u00fclme yok, \u00fcst\u00fcn mekanik \u00f6zellikler, hasar g\u00f6rmesi kolay de\u011fil<br \/>\n6. Hammaddeler GMP ve FDA gerekliliklerini kar\u015f\u0131lar, yap\u0131\u015ft\u0131r\u0131c\u0131 kullan\u0131lmaz ve geni\u015f bir kimyasal uyumluluk yelpazesine sahiptir.<\/p>\n\t<div id=\"text-2625130563\" class=\"text\">\n\t\t\n<h3><strong>Foto\u011fraflar:<\/strong><\/h3>\n\t\t\n<style>\n#text-2625130563 {\n  text-align: left;\n}\n<\/style>\n\t<\/div>\n\t\n\t<div class=\"img has-hover x md-x lg-x y md-y lg-y\" id=\"image_1650320172\">\n\t\t\t\t\t\t\t\t<div class=\"img-inner dark\" >\n\t\t\t<img loading=\"lazy\" decoding=\"async\" width=\"1024\" height=\"600\" src=\"https:\/\/lysinterfilter.com\/wp-content\/uploads\/2024\/06\/PE116.jpg\" class=\"attachment-original size-original\" alt=\"\" srcset=\"https:\/\/lysinterfilter.com\/wp-content\/uploads\/2024\/06\/PE116.jpg 1024w, https:\/\/lysinterfilter.com\/wp-content\/uploads\/2024\/06\/PE116-300x176.jpg 300w, https:\/\/lysinterfilter.com\/wp-content\/uploads\/2024\/06\/PE116-768x450.jpg 768w, https:\/\/lysinterfilter.com\/wp-content\/uploads\/2024\/06\/PE116-18x12.jpg 18w, https:\/\/lysinterfilter.com\/wp-content\/uploads\/2024\/06\/PE116-600x352.jpg 600w\" sizes=\"auto, (max-width: 1024px) 100vw, 1024px\" \/>\t\t\t\t\t\t\n\t\t\t\t\t<\/div>\n\t\t\t\t\t\t\t\t\n<style>\n#image_1650320172 {\n  width: 100%;\n}\n<\/style>\n\t<\/div>\n\t\n\t\t<\/div>\n\t\t\t\t\t<\/div>\n\n\t\n\n\t<div id=\"col-417310525\" class=\"col small-12 large-12\"  >\n\t\t\t\t<div class=\"col-inner\"  >\n\t\t\t\n\t\t\t\n<h2>Ba\u015fvuru<\/h2>\n\t<div class=\"img has-hover x md-x lg-x y md-y lg-y\" id=\"image_1034340394\">\n\t\t\t\t\t\t\t\t<div class=\"img-inner dark\" >\n\t\t\t<img loading=\"lazy\" decoding=\"async\" width=\"750\" height=\"350\" src=\"https:\/\/lysinterfilter.com\/wp-content\/uploads\/2024\/06\/Application.webp\" class=\"attachment-original size-original\" alt=\"\" srcset=\"https:\/\/lysinterfilter.com\/wp-content\/uploads\/2024\/06\/Application.webp 750w, https:\/\/lysinterfilter.com\/wp-content\/uploads\/2024\/06\/Application-300x140.webp 300w, https:\/\/lysinterfilter.com\/wp-content\/uploads\/2024\/06\/Application-18x8.webp 18w, https:\/\/lysinterfilter.com\/wp-content\/uploads\/2024\/06\/Application-600x280.webp 600w\" sizes=\"auto, (max-width: 750px) 100vw, 750px\" \/>\t\t\t\t\t\t\n\t\t\t\t\t<\/div>\n\t\t\t\t\t\t\t\t\n<style>\n#image_1034340394 {\n  width: 100%;\n}\n<\/style>\n\t<\/div>\n\t\n<p>A.\u0130la\u00e7 End\u00fcstrisi<\/p>\n<p>(1) B\u00fcy\u00fck miktarda su inf\u00fczyonu, farmas\u00f6tik ara maddelerin karbondan ar\u0131nd\u0131r\u0131lmas\u0131<\/p>\n<p>filtrasyon; fermantasyon suyu, a\u011f\u0131z s\u0131v\u0131s\u0131<\/p>\n<p>(2) Renk giderici filtreli toz aktif karbon (t\u0131bbi s\u0131v\u0131)<\/p>\n<p>glikoz,antibiyotikler,sentetik ila\u00e7,haz\u0131rl\u0131k,\u00c7in bitkisel ilac\u0131<\/p>\n<p>s\u0131v\u0131,vb.)<\/p>\n<p>(3)Enjeksiyon s\u0131v\u0131s\u0131<\/p>\n<p>(4)Enjeksiyon hava filtresi<\/p>\n<p>(5)Enjeksiyon y\u0131kama \u015fi\u015fesi suyu<\/p>\n<p>(6)T\u0131bbi s\u0131v\u0131 filtrasyonu<\/p>\n<p>B.Kimya End\u00fcstrisi<\/p>\n<p>(1)Al\u00fcminyum hidroksit filtreleme ve y\u0131kama<\/p>\n<p>(2)Paladyum kataliz\u00f6r filtreleme ve y\u0131kama<\/p>\n<p>(3)Fosfor filtreleme ve y\u0131kama<\/p>\n<p>(4)\u00c7inko karbonat filtreleme<\/p>\n<p>(5)Sodyum karbonat \u00e7\u00f6zeltisi filtrasyonu<\/p>\n<p>(6)Baryum s\u00fclfat filtreleme ve y\u0131kama<\/p>\n<p>(7)Kadmiyum s\u00fclf\u00fcr filtreleme ve y\u0131kama<\/p>\n<p>C.Kimyasal elyaf ve tekstil end\u00fcstrisi<\/p>\n<p>(1)Asit banyosu filtrasyonu<\/p>\n<p>(2)K\u00fck\u00fcrt ve akrilik asit ar\u0131tma filtrasyonu<\/p>\n<p>(3)\u0130pek suyu hassas filtrasyonu<\/p>\n<p>D.Hafif sanayi ve g\u0131da sanayi<\/p>\n<p>(1)\u015eurup filtrasyonu<\/p>\n<p>(2)\u0130\u00e7ecek filtreleme<\/p>\n<p>(3)\u015earap ve beyaz ispirto filtrasyonu<\/p>\n<p>(4)Bitkisel ya\u011f hassas filtrasyonu<\/p>\n<p>(5)Esansiyel ya\u011f filtrasyonu<\/p>\n<p>(6)Mineral suyu filtrasyonu<\/p>\n<p>E.Makine ve Petrol Sanayi<\/p>\n<p>(1) Kaplama \u00e7\u00f6zeltisi filtrasyonu<\/p>\n<p>(2)\u0130\u00e7ten yanmal\u0131 motor temizleme s\u0131v\u0131s\u0131 hassas filtrasyonu<\/p>\n<p>(3)Petrol sahas\u0131 y\u0131kama filtrasyonu<\/p>\n<p>(4)Elektrik end\u00fcstrisi ultra saf su ekipman\u0131<\/p>\n<p>F.At\u0131k su ar\u0131t\u0131m\u0131<\/p>\n<p>(1)A\u011f\u0131r zihinsel hidroksit at\u0131k su ar\u0131t\u0131m\u0131<\/p>\n<p>(2)Kar\u0131\u015f\u0131m a\u011f\u0131r metal at\u0131k su ar\u0131t\u0131m\u0131<\/p>\n<p>(3)Kimyasal at\u0131k su ar\u0131t\u0131m\u0131<\/p>\n<p>(4)Seramik at\u0131k su ar\u0131t\u0131m\u0131<\/p>\n<p>(5)Al\u00fcminyum i\u00e7eren at\u0131k su ar\u0131t\u0131m\u0131<\/p>\n<p>(6)Di\u011fer at\u0131k su ar\u0131tma<\/p>\n\t\t<\/div>\n\t\t\t\t\t<\/div>\n\n\t\n\n\t<div id=\"col-1209210450\" class=\"col small-12 large-12\"  >\n\t\t\t\t<div class=\"col-inner\"  >\n\t\t\t\n\t\t\t\n<h2>Sertifikalar<\/h2>\n\t<div class=\"img has-hover x md-x lg-x y md-y lg-y\" id=\"image_734872854\">\n\t\t\t\t\t\t\t\t<div class=\"img-inner dark\" >\n\t\t\t<img loading=\"lazy\" decoding=\"async\" width=\"750\" height=\"450\" src=\"https:\/\/lysinterfilter.com\/wp-content\/uploads\/2024\/06\/Certifications.webp\" class=\"attachment-original size-original\" alt=\"\" srcset=\"https:\/\/lysinterfilter.com\/wp-content\/uploads\/2024\/06\/Certifications.webp 750w, https:\/\/lysinterfilter.com\/wp-content\/uploads\/2024\/06\/Certifications-300x180.webp 300w, https:\/\/lysinterfilter.com\/wp-content\/uploads\/2024\/06\/Certifications-18x12.webp 18w, https:\/\/lysinterfilter.com\/wp-content\/uploads\/2024\/06\/Certifications-600x360.webp 600w\" sizes=\"auto, (max-width: 750px) 100vw, 750px\" \/>\t\t\t\t\t\t\n\t\t\t\t\t<\/div>\n\t\t\t\t\t\t\t\t\n<style>\n#image_734872854 {\n  width: 100%;\n}\n<\/style>\n\t<\/div>\n\t\n\t\t<\/div>\n\t\t\t\t\t<\/div>\n\n\t\n<\/div>","protected":false},"excerpt":{"rendered":"<ul>\n<li>Minimum Sipari\u015f Adedi\uff1a<span id=\"dr_show_hits_179\">1 ADET<\/span><\/li>\n<li>\u00d6zelle\u015ftirilmi\u015f\uff1aKabul Edildi<\/li>\n<li>Brand\uff1aOEM<\/li>\n<li>Teslimat S\u00fcresi: 7 g\u00fcn i\u00e7inde<\/li>\n<li>Sertifikasyon\uff1aCE;ISO 9001<\/li>\n<li>E-posta G\u00f6nder:<\/li>\n<li><a href=\"mailto:info@lysinterfilter.com\">info@lysinterfilter.com<\/a><\/li>\n<\/ul>","protected":false},"featured_media":2657,"template":"","meta":[],"product_brand":[],"product_cat":[45],"product_tag":[],"class_list":{"0":"post-2087","1":"product","2":"type-product","3":"status-publish","4":"has-post-thumbnail","6":"product_cat-pp-sintered-filter-cartridges","8":"first","9":"instock","10":"shipping-taxable","11":"product-type-simple"},"yoast_head":"<!-- This site is optimized with the Yoast SEO plugin v27.2 - https:\/\/yoast.com\/product\/yoast-seo-wordpress\/ -->\n<title>PP sintered filter cartridge - Porous Plastic Filter Manufacturer China<\/title>\n<meta name=\"description\" content=\"Optimize your filtration process with our PP sintered filter cartridges. Designed for superior performance and durability, these cartridges effectively remove contaminants in various applications. Experience reliable, high-quality filtration with our PP sintered filter cartridges\" \/>\n<meta name=\"robots\" content=\"index, follow, max-snippet:-1, max-image-preview:large, max-video-preview:-1\" \/>\n<link rel=\"canonical\" href=\"https:\/\/lysinterfilter.com\/tr\/manufacturer\/pp-sintered-filter-cartridge\/\" \/>\n<meta property=\"og:locale\" content=\"tr_TR\" \/>\n<meta property=\"og:type\" content=\"article\" \/>\n<meta property=\"og:title\" content=\"PP sintered filter cartridge - Porous Plastic Filter Manufacturer China\" \/>\n<meta property=\"og:description\" content=\"Optimize your filtration process with our PP sintered filter cartridges. Designed for superior performance and durability, these cartridges effectively remove contaminants in various applications. Experience reliable, high-quality filtration with our PP sintered filter cartridges\" \/>\n<meta property=\"og:url\" content=\"https:\/\/lysinterfilter.com\/tr\/manufacturer\/pp-sintered-filter-cartridge\/\" \/>\n<meta property=\"og:site_name\" content=\"Porous Plastic Filter Manufacturer China\" \/>\n<meta property=\"article:modified_time\" content=\"2026-02-02T10:27:46+00:00\" \/>\n<meta property=\"og:image\" content=\"https:\/\/lysinterfilter.com\/wp-content\/uploads\/2024\/06\/PE112.jpg\" \/>\n\t<meta property=\"og:image:width\" content=\"1024\" \/>\n\t<meta property=\"og:image:height\" content=\"902\" \/>\n\t<meta property=\"og:image:type\" content=\"image\/jpeg\" \/>\n<meta name=\"twitter:card\" content=\"summary_large_image\" \/>\n<meta name=\"twitter:label1\" content=\"Tahmini okuma s\u00fcresi\" \/>\n\t<meta name=\"twitter:data1\" content=\"2 dakika\" \/>\n<script type=\"application\/ld+json\" class=\"yoast-schema-graph\">{\"@context\":\"https:\/\/schema.org\",\"@graph\":[{\"@type\":\"WebPage\",\"@id\":\"https:\/\/lysinterfilter.com\/manufacturer\/pp-sintered-filter-cartridge\/\",\"url\":\"https:\/\/lysinterfilter.com\/manufacturer\/pp-sintered-filter-cartridge\/\",\"name\":\"PP sintered filter cartridge - Porous Plastic Filter Manufacturer China\",\"isPartOf\":{\"@id\":\"https:\/\/lysinterfilter.com\/#website\"},\"primaryImageOfPage\":{\"@id\":\"https:\/\/lysinterfilter.com\/manufacturer\/pp-sintered-filter-cartridge\/#primaryimage\"},\"image\":{\"@id\":\"https:\/\/lysinterfilter.com\/manufacturer\/pp-sintered-filter-cartridge\/#primaryimage\"},\"thumbnailUrl\":\"https:\/\/lysinterfilter.com\/wp-content\/uploads\/2024\/06\/PE112.jpg\",\"datePublished\":\"2024-06-12T07:46:41+00:00\",\"dateModified\":\"2026-02-02T10:27:46+00:00\",\"description\":\"Optimize your filtration process with our PP sintered filter cartridges. Designed for superior performance and durability, these cartridges effectively remove contaminants in various applications. Experience reliable, high-quality filtration with our PP sintered filter cartridges\",\"breadcrumb\":{\"@id\":\"https:\/\/lysinterfilter.com\/manufacturer\/pp-sintered-filter-cartridge\/#breadcrumb\"},\"inLanguage\":\"tr\",\"potentialAction\":[{\"@type\":\"ReadAction\",\"target\":[\"https:\/\/lysinterfilter.com\/manufacturer\/pp-sintered-filter-cartridge\/\"]}]},{\"@type\":\"ImageObject\",\"inLanguage\":\"tr\",\"@id\":\"https:\/\/lysinterfilter.com\/manufacturer\/pp-sintered-filter-cartridge\/#primaryimage\",\"url\":\"https:\/\/lysinterfilter.com\/wp-content\/uploads\/2024\/06\/PE112.jpg\",\"contentUrl\":\"https:\/\/lysinterfilter.com\/wp-content\/uploads\/2024\/06\/PE112.jpg\",\"width\":1024,\"height\":902,\"caption\":\"{\\\"data\\\":{\\\"pictureId\\\":\\\"fbd0bfe457c043018873a57c8c118bb0\\\",\\\"appversion\\\":\\\"14.0.0\\\",\\\"stickerId\\\":\\\"\\\",\\\"filterId\\\":\\\"\\\",\\\"infoStickerId\\\":\\\"\\\",\\\"imageEffectId\\\":\\\"\\\",\\\"playId\\\":\\\"\\\",\\\"activityName\\\":\\\"\\\",\\\"os\\\":\\\"android\\\",\\\"product\\\":\\\"retouch\\\",\\\"originAppId\\\":\\\"2515\\\",\\\"exportType\\\":\\\"\\\",\\\"editType\\\":\\\"\\\",\\\"alias\\\":\\\"\\\",\\\"enterFrom\\\":\\\"enter_launch\\\",\\\"capability_key\\\":[\\\"erase\\\"],\\\"capability_extra_v2\\\":{\\\"erase\\\":[{\\\"panel\\\":\\\"eliminatePen\\\"}]},\\\"effect_type\\\":\\\"tool\\\",\\\"effect_id\\\":\\\"erase\\\"},\\\"source_type\\\":\\\"douyin_beauty_me\\\"}\"},{\"@type\":\"BreadcrumbList\",\"@id\":\"https:\/\/lysinterfilter.com\/manufacturer\/pp-sintered-filter-cartridge\/#breadcrumb\",\"itemListElement\":[{\"@type\":\"ListItem\",\"position\":1,\"name\":\"Home\",\"item\":\"https:\/\/lysinterfilter.com\/\"},{\"@type\":\"ListItem\",\"position\":2,\"name\":\"Products\",\"item\":\"https:\/\/lysinterfilter.com\/shop\/\"},{\"@type\":\"ListItem\",\"position\":3,\"name\":\"PP sintered filter cartridge\"}]},{\"@type\":\"WebSite\",\"@id\":\"https:\/\/lysinterfilter.com\/#website\",\"url\":\"https:\/\/lysinterfilter.com\/\",\"name\":\"Porous Plastic Filter Manufacturer China\",\"description\":\"\",\"potentialAction\":[{\"@type\":\"SearchAction\",\"target\":{\"@type\":\"EntryPoint\",\"urlTemplate\":\"https:\/\/lysinterfilter.com\/?s={search_term_string}\"},\"query-input\":{\"@type\":\"PropertyValueSpecification\",\"valueRequired\":true,\"valueName\":\"search_term_string\"}}],\"inLanguage\":\"tr\"}]}<\/script>\n<!-- \/ Yoast SEO plugin. -->","yoast_head_json":{"title":"PP sintered filter cartridge - Porous Plastic Filter Manufacturer China","description":"PP sinterlenmi\u015f filtre kartu\u015flar\u0131m\u0131zla filtrasyon s\u00fcrecinizi optimize edin. \u00dcst\u00fcn performans ve dayan\u0131kl\u0131l\u0131k i\u00e7in tasarlanan bu kartu\u015flar, \u00e7e\u015fitli uygulamalardaki kirleticileri etkili bir \u015fekilde giderir. PP sinterlenmi\u015f filtre kartu\u015flar\u0131m\u0131zla g\u00fcvenilir, y\u00fcksek kaliteli filtrasyon deneyimi ya\u015fay\u0131n","robots":{"index":"index","follow":"follow","max-snippet":"max-snippet:-1","max-image-preview":"max-image-preview:large","max-video-preview":"max-video-preview:-1"},"canonical":"https:\/\/lysinterfilter.com\/tr\/manufacturer\/pp-sintered-filter-cartridge\/","og_locale":"tr_TR","og_type":"article","og_title":"PP sintered filter cartridge - Porous Plastic Filter Manufacturer China","og_description":"Optimize your filtration process with our PP sintered filter cartridges. Designed for superior performance and durability, these cartridges effectively remove contaminants in various applications. Experience reliable, high-quality filtration with our PP sintered filter cartridges","og_url":"https:\/\/lysinterfilter.com\/tr\/manufacturer\/pp-sintered-filter-cartridge\/","og_site_name":"Porous Plastic Filter Manufacturer China","article_modified_time":"2026-02-02T10:27:46+00:00","og_image":[{"width":1024,"height":902,"url":"https:\/\/lysinterfilter.com\/wp-content\/uploads\/2024\/06\/PE112.jpg","type":"image\/jpeg"}],"twitter_card":"summary_large_image","twitter_misc":{"Tahmini okuma s\u00fcresi":"2 dakika"},"schema":{"@context":"https:\/\/schema.org","@graph":[{"@type":"WebPage","@id":"https:\/\/lysinterfilter.com\/manufacturer\/pp-sintered-filter-cartridge\/","url":"https:\/\/lysinterfilter.com\/manufacturer\/pp-sintered-filter-cartridge\/","name":"PP sintered filter cartridge - Porous Plastic Filter Manufacturer China","isPartOf":{"@id":"https:\/\/lysinterfilter.com\/#website"},"primaryImageOfPage":{"@id":"https:\/\/lysinterfilter.com\/manufacturer\/pp-sintered-filter-cartridge\/#primaryimage"},"image":{"@id":"https:\/\/lysinterfilter.com\/manufacturer\/pp-sintered-filter-cartridge\/#primaryimage"},"thumbnailUrl":"https:\/\/lysinterfilter.com\/wp-content\/uploads\/2024\/06\/PE112.jpg","datePublished":"2024-06-12T07:46:41+00:00","dateModified":"2026-02-02T10:27:46+00:00","description":"PP sinterlenmi\u015f filtre kartu\u015flar\u0131m\u0131zla filtrasyon s\u00fcrecinizi optimize edin. \u00dcst\u00fcn performans ve dayan\u0131kl\u0131l\u0131k i\u00e7in tasarlanan bu kartu\u015flar, \u00e7e\u015fitli uygulamalardaki kirleticileri etkili bir \u015fekilde giderir. PP sinterlenmi\u015f filtre kartu\u015flar\u0131m\u0131zla g\u00fcvenilir, y\u00fcksek kaliteli filtrasyon deneyimi ya\u015fay\u0131n","breadcrumb":{"@id":"https:\/\/lysinterfilter.com\/manufacturer\/pp-sintered-filter-cartridge\/#breadcrumb"},"inLanguage":"tr","potentialAction":[{"@type":"ReadAction","target":["https:\/\/lysinterfilter.com\/manufacturer\/pp-sintered-filter-cartridge\/"]}]},{"@type":"ImageObject","inLanguage":"tr","@id":"https:\/\/lysinterfilter.com\/manufacturer\/pp-sintered-filter-cartridge\/#primaryimage","url":"https:\/\/lysinterfilter.com\/wp-content\/uploads\/2024\/06\/PE112.jpg","contentUrl":"https:\/\/lysinterfilter.com\/wp-content\/uploads\/2024\/06\/PE112.jpg","width":1024,"height":902,"caption":"{\"data\":{\"pictureId\":\"fbd0bfe457c043018873a57c8c118bb0\",\"appversion\":\"14.0.0\",\"stickerId\":\"\",\"filterId\":\"\",\"infoStickerId\":\"\",\"imageEffectId\":\"\",\"playId\":\"\",\"activityName\":\"\",\"os\":\"android\",\"product\":\"retouch\",\"originAppId\":\"2515\",\"exportType\":\"\",\"editType\":\"\",\"alias\":\"\",\"enterFrom\":\"enter_launch\",\"capability_key\":[\"erase\"],\"capability_extra_v2\":{\"erase\":[{\"panel\":\"eliminatePen\"}]},\"effect_type\":\"tool\",\"effect_id\":\"erase\"},\"source_type\":\"douyin_beauty_me\"}"},{"@type":"BreadcrumbList","@id":"https:\/\/lysinterfilter.com\/manufacturer\/pp-sintered-filter-cartridge\/#breadcrumb","itemListElement":[{"@type":"ListItem","position":1,"name":"Home","item":"https:\/\/lysinterfilter.com\/"},{"@type":"ListItem","position":2,"name":"Products","item":"https:\/\/lysinterfilter.com\/shop\/"},{"@type":"ListItem","position":3,"name":"PP sintered filter cartridge"}]},{"@type":"WebSite","@id":"https:\/\/lysinterfilter.com\/#website","url":"https:\/\/lysinterfilter.com\/","name":"Porous Plastic Filter Manufacturer China","description":"","potentialAction":[{"@type":"SearchAction","target":{"@type":"EntryPoint","urlTemplate":"https:\/\/lysinterfilter.com\/?s={search_term_string}"},"query-input":{"@type":"PropertyValueSpecification","valueRequired":true,"valueName":"search_term_string"}}],"inLanguage":"tr"}]}},"_links":{"self":[{"href":"https:\/\/lysinterfilter.com\/tr\/wp-json\/wp\/v2\/product\/2087","targetHints":{"allow":["GET"]}}],"collection":[{"href":"https:\/\/lysinterfilter.com\/tr\/wp-json\/wp\/v2\/product"}],"about":[{"href":"https:\/\/lysinterfilter.com\/tr\/wp-json\/wp\/v2\/types\/product"}],"wp:featuredmedia":[{"embeddable":true,"href":"https:\/\/lysinterfilter.com\/tr\/wp-json\/wp\/v2\/media\/2657"}],"wp:attachment":[{"href":"https:\/\/lysinterfilter.com\/tr\/wp-json\/wp\/v2\/media?parent=2087"}],"wp:term":[{"taxonomy":"product_brand","embeddable":true,"href":"https:\/\/lysinterfilter.com\/tr\/wp-json\/wp\/v2\/product_brand?post=2087"},{"taxonomy":"product_cat","embeddable":true,"href":"https:\/\/lysinterfilter.com\/tr\/wp-json\/wp\/v2\/product_cat?post=2087"},{"taxonomy":"product_tag","embeddable":true,"href":"https:\/\/lysinterfilter.com\/tr\/wp-json\/wp\/v2\/product_tag?post=2087"}],"curies":[{"name":"wp","href":"https:\/\/api.w.org\/{rel}","templated":true}]}}