{"id":2077,"date":"2024-06-12T07:37:59","date_gmt":"2024-06-12T07:37:59","guid":{"rendered":"https:\/\/lysinterfilter.com\/?post_type=product&#038;p=2077"},"modified":"2026-03-02T02:12:22","modified_gmt":"2026-03-02T02:12:22","slug":"sintered-ptfe-filter","status":"publish","type":"product","link":"https:\/\/lysinterfilter.com\/tr\/manufacturer\/sintered-ptfe-filter\/","title":{"rendered":"Sinterlenmi\u015f PTFE filtre"},"content":{"rendered":"<div class=\"row\"  id=\"row-1737227717\">\n\n\t<div id=\"col-1685410204\" class=\"col small-12 large-12\"  >\n\t\t\t\t<div class=\"col-inner\"  >\n\t\t\t\n\t\t\t\n<h2>\u00dcr\u00fcn detaylar\u0131<\/h2>\n<h4><strong>Girii\u015f:<\/strong><\/h4>\n<p>Sinterlenmi\u015f ptfe filtre, y\u00fcksek s\u0131cakl\u0131k ve y\u00fcksek bas\u0131n\u00e7ta sinterlenmi\u015f ultra y\u00fcksek molek\u00fcler politetrafloroetilen hammaddesinden yap\u0131lm\u0131\u015ft\u0131r. Filtre eleman\u0131n\u0131n y\u00fczeyi p\u00fcr\u00fczs\u00fcz, y\u00fcksek mukavemetli, iyi toklukta, toz d\u00fc\u015fmeyen ve t\u00fcm kimyasal maddelere kar\u015f\u0131 son derece kararl\u0131d\u0131r. Malzeme filtre eleman\u0131n\u0131n g\u00f6zeneklili\u011fi 50% kadar y\u00fcksektir ve g\u00f6zenek boyutu da\u011f\u0131l\u0131m\u0131 d\u00fczg\u00fcnd\u00fcr. Filtre eleman\u0131 g\u00fc\u00e7l\u00fc asit, g\u00fc\u00e7l\u00fc alkali, kimyasal korozyon, &quot;ozon&quot; ve \u00e7e\u015fitli \u00e7\u00f6z\u00fcc\u00fclere kar\u015f\u0131 diren\u00e7 g\u00f6sterme yetene\u011fine sahiptir ve 200 \u00b0 C&#039;ye kadar y\u00fcksek s\u0131cakl\u0131\u011fa dayanabilir. Y\u00fcksek s\u0131cakl\u0131ktaki gaz ve kimyasal s\u0131v\u0131lar gibi ortamlar\u0131n filtrelenmesinde yayg\u0131n olarak kullan\u0131l\u0131r.<\/p>\n<h4>\u00a0<strong>Avantaj:<\/strong><\/h4>\n<p>Malzeme: ultra y\u00fcksek molek\u00fcler politetrafloroetilen<br \/>\nKullan\u0131m Alanlar\u0131: G\u00fc\u00e7l\u00fc asit, g\u00fc\u00e7l\u00fc alkali, y\u00fcksek s\u0131cakl\u0131k, kimyasal korozyon i\u00e7in uygundur<br \/>\nUygulama kapsam\u0131: hava, su, s\u0131v\u0131 ila\u00e7 ve ya\u011f i\u00e7in evrensel<br \/>\nHam su bas\u0131nc\u0131: 7 (MPA)<br \/>\n\u00c7al\u0131\u015fma bas\u0131n\u00e7 fark\u0131: 5 (MPA)<br \/>\nFiltreleme do\u011frulu\u011fu: 0,2-50 (um)<br \/>\n\u00c7al\u0131\u015fma s\u0131cakl\u0131\u011f\u0131: \u2264200\u00b0C (\u00b0C)<\/p>\n<h4><strong>\u015eartname:\u00a0\u00a0<\/strong><\/h4>\n<p>\u00c7ap: 10 20 25 30 35 40 45 50 60 (mm)<br \/>\nUzunluk: 5\u2033 10\u2033 20\u2033 30\u2033 40\u2033<br \/>\nFiltreleme do\u011frulu\u011fu: 0.2um -50um<\/p>\n\t<div id=\"text-3370172796\" class=\"text\">\n\t\t\n<h3><strong>Foto\u011fraflar:<\/strong><\/h3>\n\t\t\n<style>\n#text-3370172796 {\n  text-align: left;\n}\n<\/style>\n\t<\/div>\n\t\n\t<div class=\"img has-hover x md-x lg-x y md-y lg-y\" id=\"image_2107931995\">\n\t\t\t\t\t\t\t\t<div class=\"img-inner dark\" >\n\t\t\t<img loading=\"lazy\" decoding=\"async\" width=\"1024\" height=\"600\" src=\"https:\/\/lysinterfilter.com\/wp-content\/uploads\/2026\/03\/99.jpg\" class=\"attachment-original size-original\" alt=\"\" srcset=\"https:\/\/lysinterfilter.com\/wp-content\/uploads\/2026\/03\/99.jpg 1024w, https:\/\/lysinterfilter.com\/wp-content\/uploads\/2026\/03\/99-300x176.jpg 300w, https:\/\/lysinterfilter.com\/wp-content\/uploads\/2026\/03\/99-768x450.jpg 768w, https:\/\/lysinterfilter.com\/wp-content\/uploads\/2026\/03\/99-18x12.jpg 18w, https:\/\/lysinterfilter.com\/wp-content\/uploads\/2026\/03\/99-600x352.jpg 600w\" sizes=\"auto, (max-width: 1024px) 100vw, 1024px\" \/>\t\t\t\t\t\t\n\t\t\t\t\t<\/div>\n\t\t\t\t\t\t\t\t\n<style>\n#image_2107931995 {\n  width: 100%;\n}\n<\/style>\n\t<\/div>\n\t\n\t\t<\/div>\n\t\t\t\t\t<\/div>\n\n\t\n\n\t<div id=\"col-1212016549\" class=\"col small-12 large-12\"  >\n\t\t\t\t<div class=\"col-inner\"  >\n\t\t\t\n\t\t\t\n<h2>Ba\u015fvuru<\/h2>\n\t<div class=\"img has-hover x md-x lg-x y md-y lg-y\" id=\"image_205362050\">\n\t\t\t\t\t\t\t\t<div class=\"img-inner dark\" >\n\t\t\t<img loading=\"lazy\" decoding=\"async\" width=\"750\" height=\"350\" src=\"https:\/\/lysinterfilter.com\/wp-content\/uploads\/2024\/06\/Application.webp\" class=\"attachment-original size-original\" alt=\"\" srcset=\"https:\/\/lysinterfilter.com\/wp-content\/uploads\/2024\/06\/Application.webp 750w, https:\/\/lysinterfilter.com\/wp-content\/uploads\/2024\/06\/Application-300x140.webp 300w, https:\/\/lysinterfilter.com\/wp-content\/uploads\/2024\/06\/Application-18x8.webp 18w, https:\/\/lysinterfilter.com\/wp-content\/uploads\/2024\/06\/Application-600x280.webp 600w\" sizes=\"auto, (max-width: 750px) 100vw, 750px\" \/>\t\t\t\t\t\t\n\t\t\t\t\t<\/div>\n\t\t\t\t\t\t\t\t\n<style>\n#image_205362050 {\n  width: 100%;\n}\n<\/style>\n\t<\/div>\n\t\n<p>A.\u0130la\u00e7 End\u00fcstrisi<\/p>\n<p>(1) B\u00fcy\u00fck miktarda su inf\u00fczyonu, farmas\u00f6tik ara maddelerin karbondan ar\u0131nd\u0131r\u0131lmas\u0131<\/p>\n<p>filtrasyon; fermantasyon suyu, a\u011f\u0131z s\u0131v\u0131s\u0131<\/p>\n<p>(2) Renk giderici filtreli toz aktif karbon (t\u0131bbi s\u0131v\u0131)<\/p>\n<p>glikoz,antibiyotikler,sentetik ila\u00e7,haz\u0131rl\u0131k,\u00c7in bitkisel ilac\u0131<\/p>\n<p>s\u0131v\u0131,vb.)<\/p>\n<p>(3)Enjeksiyon s\u0131v\u0131s\u0131<\/p>\n<p>(4)Enjeksiyon hava filtresi<\/p>\n<p>(5)Enjeksiyon y\u0131kama \u015fi\u015fesi suyu<\/p>\n<p>(6)T\u0131bbi s\u0131v\u0131 filtrasyonu<\/p>\n<p>B.Kimya End\u00fcstrisi<\/p>\n<p>(1)Al\u00fcminyum hidroksit filtreleme ve y\u0131kama<\/p>\n<p>(2)Paladyum kataliz\u00f6r filtreleme ve y\u0131kama<\/p>\n<p>(3)Fosfor filtreleme ve y\u0131kama<\/p>\n<p>(4)\u00c7inko karbonat filtreleme<\/p>\n<p>(5)Sodyum karbonat \u00e7\u00f6zeltisi filtrasyonu<\/p>\n<p>(6)Baryum s\u00fclfat filtreleme ve y\u0131kama<\/p>\n<p>(7)Kadmiyum s\u00fclf\u00fcr filtreleme ve y\u0131kama<\/p>\n<p>C.Kimyasal elyaf ve tekstil end\u00fcstrisi<\/p>\n<p>(1)Asit banyosu filtrasyonu<\/p>\n<p>(2)K\u00fck\u00fcrt ve akrilik asit ar\u0131tma filtrasyonu<\/p>\n<p>(3)\u0130pek suyu hassas filtrasyonu<\/p>\n<p>D.Hafif sanayi ve g\u0131da sanayi<\/p>\n<p>(1)\u015eurup filtrasyonu<\/p>\n<p>(2)\u0130\u00e7ecek filtreleme<\/p>\n<p>(3)\u015earap ve beyaz ispirto filtrasyonu<\/p>\n<p>(4)Bitkisel ya\u011f hassas filtrasyonu<\/p>\n<p>(5)Esansiyel ya\u011f filtrasyonu<\/p>\n<p>(6)Mineral suyu filtrasyonu<\/p>\n<p>E.Makine ve Petrol Sanayi<\/p>\n<p>(1) Kaplama \u00e7\u00f6zeltisi filtrasyonu<\/p>\n<p>(2)\u0130\u00e7ten yanmal\u0131 motor temizleme s\u0131v\u0131s\u0131 hassas filtrasyonu<\/p>\n<p>(3)Petrol sahas\u0131 y\u0131kama filtrasyonu<\/p>\n<p>(4)Elektrik end\u00fcstrisi ultra saf su ekipman\u0131<\/p>\n<p>F.At\u0131k su ar\u0131t\u0131m\u0131<\/p>\n<p>(1)A\u011f\u0131r zihinsel hidroksit at\u0131k su ar\u0131t\u0131m\u0131<\/p>\n<p>(2)Kar\u0131\u015f\u0131m a\u011f\u0131r metal at\u0131k su ar\u0131t\u0131m\u0131<\/p>\n<p>(3)Kimyasal at\u0131k su ar\u0131t\u0131m\u0131<\/p>\n<p>(4)Seramik at\u0131k su ar\u0131t\u0131m\u0131<\/p>\n<p>(5)Al\u00fcminyum i\u00e7eren at\u0131k su ar\u0131t\u0131m\u0131<\/p>\n<p>(6)Di\u011fer at\u0131k su ar\u0131tma<\/p>\n\t\t<\/div>\n\t\t\t\t\t<\/div>\n\n\t\n\n\t<div id=\"col-493973501\" class=\"col small-12 large-12\"  >\n\t\t\t\t<div class=\"col-inner\"  >\n\t\t\t\n\t\t\t\n<h2>Sertifikalar<\/h2>\n\t<div class=\"img has-hover x md-x lg-x y md-y lg-y\" id=\"image_829885736\">\n\t\t\t\t\t\t\t\t<div class=\"img-inner dark\" >\n\t\t\t<img loading=\"lazy\" decoding=\"async\" width=\"750\" height=\"450\" src=\"https:\/\/lysinterfilter.com\/wp-content\/uploads\/2024\/06\/Certifications.webp\" class=\"attachment-original size-original\" alt=\"\" srcset=\"https:\/\/lysinterfilter.com\/wp-content\/uploads\/2024\/06\/Certifications.webp 750w, https:\/\/lysinterfilter.com\/wp-content\/uploads\/2024\/06\/Certifications-300x180.webp 300w, https:\/\/lysinterfilter.com\/wp-content\/uploads\/2024\/06\/Certifications-18x12.webp 18w, https:\/\/lysinterfilter.com\/wp-content\/uploads\/2024\/06\/Certifications-600x360.webp 600w\" sizes=\"auto, (max-width: 750px) 100vw, 750px\" \/>\t\t\t\t\t\t\n\t\t\t\t\t<\/div>\n\t\t\t\t\t\t\t\t\n<style>\n#image_829885736 {\n  width: 100%;\n}\n<\/style>\n\t<\/div>\n\t\n\t\t<\/div>\n\t\t\t\t\t<\/div>\n\n\t\n<\/div>","protected":false},"excerpt":{"rendered":"<ul>\n<li>Minimum Sipari\u015f Adedi\uff1a<span id=\"dr_show_hits_179\">1 ADET<\/span><\/li>\n<li>\u00d6zelle\u015ftirilmi\u015f\uff1aKabul Edildi<\/li>\n<li>Brand\uff1aOEM<\/li>\n<li>Teslimat S\u00fcresi: 7 g\u00fcn i\u00e7inde<\/li>\n<li>Sertifikasyon\uff1aCE;ISO 9001<\/li>\n<li>E-posta G\u00f6nder:<\/li>\n<li><a href=\"mailto:info@lysinterfilter.com\">info@lysinterfilter.com<\/a><\/li>\n<\/ul>","protected":false},"featured_media":2667,"template":"","meta":[],"product_brand":[],"product_cat":[42],"product_tag":[],"class_list":{"0":"post-2077","1":"product","2":"type-product","3":"status-publish","4":"has-post-thumbnail","6":"product_cat-ptfe-sintered-filter-cartridges","8":"first","9":"instock","10":"shipping-taxable","11":"product-type-simple"},"yoast_head":"<!-- This site is optimized with the Yoast SEO plugin v27.2 - https:\/\/yoast.com\/product\/yoast-seo-wordpress\/ -->\n<title>Sintered ptfe filter - Porous Plastic Filter Manufacturer China<\/title>\n<meta name=\"description\" content=\"Experience superior filtration with our sintered PTFE filters. Engineered for exceptional chemical resistance and durability, these filters provide reliable performance in demanding applications. Choose our PTFE filters for high-quality, efficient filtration.\" \/>\n<meta name=\"robots\" content=\"index, follow, max-snippet:-1, max-image-preview:large, max-video-preview:-1\" \/>\n<link rel=\"canonical\" href=\"https:\/\/lysinterfilter.com\/tr\/manufacturer\/sintered-ptfe-filter\/\" \/>\n<meta property=\"og:locale\" content=\"tr_TR\" \/>\n<meta property=\"og:type\" content=\"article\" \/>\n<meta property=\"og:title\" content=\"Sintered ptfe filter - Porous Plastic Filter Manufacturer China\" \/>\n<meta property=\"og:description\" content=\"Experience superior filtration with our sintered PTFE filters. Engineered for exceptional chemical resistance and durability, these filters provide reliable performance in demanding applications. Choose our PTFE filters for high-quality, efficient filtration.\" \/>\n<meta property=\"og:url\" content=\"https:\/\/lysinterfilter.com\/tr\/manufacturer\/sintered-ptfe-filter\/\" \/>\n<meta property=\"og:site_name\" content=\"Porous Plastic Filter Manufacturer China\" \/>\n<meta property=\"article:modified_time\" content=\"2026-03-02T02:12:22+00:00\" \/>\n<meta property=\"og:image\" content=\"https:\/\/lysinterfilter.com\/wp-content\/uploads\/2024\/06\/ptfe.jpg\" \/>\n\t<meta property=\"og:image:width\" content=\"1024\" \/>\n\t<meta property=\"og:image:height\" content=\"902\" \/>\n\t<meta property=\"og:image:type\" content=\"image\/jpeg\" \/>\n<meta name=\"twitter:card\" content=\"summary_large_image\" \/>\n<meta name=\"twitter:label1\" content=\"Tahmini okuma s\u00fcresi\" \/>\n\t<meta name=\"twitter:data1\" content=\"2 dakika\" \/>\n<script type=\"application\/ld+json\" class=\"yoast-schema-graph\">{\"@context\":\"https:\/\/schema.org\",\"@graph\":[{\"@type\":\"WebPage\",\"@id\":\"https:\/\/lysinterfilter.com\/manufacturer\/sintered-ptfe-filter\/\",\"url\":\"https:\/\/lysinterfilter.com\/manufacturer\/sintered-ptfe-filter\/\",\"name\":\"Sintered ptfe filter - Porous Plastic Filter Manufacturer China\",\"isPartOf\":{\"@id\":\"https:\/\/lysinterfilter.com\/#website\"},\"primaryImageOfPage\":{\"@id\":\"https:\/\/lysinterfilter.com\/manufacturer\/sintered-ptfe-filter\/#primaryimage\"},\"image\":{\"@id\":\"https:\/\/lysinterfilter.com\/manufacturer\/sintered-ptfe-filter\/#primaryimage\"},\"thumbnailUrl\":\"https:\/\/lysinterfilter.com\/wp-content\/uploads\/2024\/06\/ptfe.jpg\",\"datePublished\":\"2024-06-12T07:37:59+00:00\",\"dateModified\":\"2026-03-02T02:12:22+00:00\",\"description\":\"Experience superior filtration with our sintered PTFE filters. Engineered for exceptional chemical resistance and durability, these filters provide reliable performance in demanding applications. Choose our PTFE filters for high-quality, efficient filtration.\",\"breadcrumb\":{\"@id\":\"https:\/\/lysinterfilter.com\/manufacturer\/sintered-ptfe-filter\/#breadcrumb\"},\"inLanguage\":\"tr\",\"potentialAction\":[{\"@type\":\"ReadAction\",\"target\":[\"https:\/\/lysinterfilter.com\/manufacturer\/sintered-ptfe-filter\/\"]}]},{\"@type\":\"ImageObject\",\"inLanguage\":\"tr\",\"@id\":\"https:\/\/lysinterfilter.com\/manufacturer\/sintered-ptfe-filter\/#primaryimage\",\"url\":\"https:\/\/lysinterfilter.com\/wp-content\/uploads\/2024\/06\/ptfe.jpg\",\"contentUrl\":\"https:\/\/lysinterfilter.com\/wp-content\/uploads\/2024\/06\/ptfe.jpg\",\"width\":1024,\"height\":902,\"caption\":\"{\\\"data\\\":{\\\"pictureId\\\":\\\"22286d90e45a479381e6d624e0c95c9c\\\",\\\"appversion\\\":\\\"14.0.0\\\",\\\"stickerId\\\":\\\"\\\",\\\"filterId\\\":\\\"\\\",\\\"infoStickerId\\\":\\\"\\\",\\\"imageEffectId\\\":\\\"\\\",\\\"playId\\\":\\\"\\\",\\\"activityName\\\":\\\"\\\",\\\"os\\\":\\\"android\\\",\\\"product\\\":\\\"retouch\\\",\\\"originAppId\\\":\\\"2515\\\",\\\"exportType\\\":\\\"\\\",\\\"editType\\\":\\\"\\\",\\\"alias\\\":\\\"VS9DpSw9gqS4Jpb71Fnap1XywdiFAjCz92KjNdO+SvFKIcu9JVK7iXVld0bAVUrNIghtAusIVBnNsSiVKCOjOrMRT5nprZJYp4gOyHIws\/5YwOb2sR4H44F11qv0U7iAKJPtuG1uT1e5kBinJa9vD2iBI4GDnY0Qbbfmeh9pX4Z31r29TXdpBQa+Lgw3NASVyWgjeSXlNaoBGp6huXp5s\/DiAy9xJn6y6U1b21MTXRv9NZar7I088WwPFl9yYdrs5u3nBFUZz3DfhON3+l0S35ps8sfI9XDMo0NXxAL0n\/RnrXgR6PCXmEKDZe204qigFvNIuUSQD9mCy\/fNLdMMHA==\\\",\\\"enterFrom\\\":\\\"enter_launch\\\",\\\"capability_key\\\":[\\\"erase\\\"],\\\"capability_extra_v2\\\":{\\\"erase\\\":[{\\\"panel\\\":\\\"eliminatePen\\\"}]},\\\"effect_type\\\":\\\"tool\\\",\\\"effect_id\\\":\\\"erase\\\"},\\\"source_type\\\":\\\"douyin_beauty_me\\\"}\"},{\"@type\":\"BreadcrumbList\",\"@id\":\"https:\/\/lysinterfilter.com\/manufacturer\/sintered-ptfe-filter\/#breadcrumb\",\"itemListElement\":[{\"@type\":\"ListItem\",\"position\":1,\"name\":\"Home\",\"item\":\"https:\/\/lysinterfilter.com\/\"},{\"@type\":\"ListItem\",\"position\":2,\"name\":\"Products\",\"item\":\"https:\/\/lysinterfilter.com\/shop\/\"},{\"@type\":\"ListItem\",\"position\":3,\"name\":\"Sintered ptfe filter\"}]},{\"@type\":\"WebSite\",\"@id\":\"https:\/\/lysinterfilter.com\/#website\",\"url\":\"https:\/\/lysinterfilter.com\/\",\"name\":\"Porous Plastic Filter Manufacturer China\",\"description\":\"\",\"potentialAction\":[{\"@type\":\"SearchAction\",\"target\":{\"@type\":\"EntryPoint\",\"urlTemplate\":\"https:\/\/lysinterfilter.com\/?s={search_term_string}\"},\"query-input\":{\"@type\":\"PropertyValueSpecification\",\"valueRequired\":true,\"valueName\":\"search_term_string\"}}],\"inLanguage\":\"tr\"}]}<\/script>\n<!-- \/ Yoast SEO plugin. -->","yoast_head_json":{"title":"Sintered ptfe filter - Porous Plastic Filter Manufacturer China","description":"Sinterlenmi\u015f PTFE filtrelerimizle \u00fcst\u00fcn filtrelemeyi deneyimleyin. Ola\u011fan\u00fcst\u00fc kimyasal diren\u00e7 ve dayan\u0131kl\u0131l\u0131k i\u00e7in tasarlanan bu filtreler, zorlu uygulamalarda g\u00fcvenilir performans sa\u011flar. Y\u00fcksek kaliteli, verimli filtreleme i\u00e7in PTFE filtrelerimizi se\u00e7in.","robots":{"index":"index","follow":"follow","max-snippet":"max-snippet:-1","max-image-preview":"max-image-preview:large","max-video-preview":"max-video-preview:-1"},"canonical":"https:\/\/lysinterfilter.com\/tr\/manufacturer\/sintered-ptfe-filter\/","og_locale":"tr_TR","og_type":"article","og_title":"Sintered ptfe filter - Porous Plastic Filter Manufacturer China","og_description":"Experience superior filtration with our sintered PTFE filters. Engineered for exceptional chemical resistance and durability, these filters provide reliable performance in demanding applications. Choose our PTFE filters for high-quality, efficient filtration.","og_url":"https:\/\/lysinterfilter.com\/tr\/manufacturer\/sintered-ptfe-filter\/","og_site_name":"Porous Plastic Filter Manufacturer China","article_modified_time":"2026-03-02T02:12:22+00:00","og_image":[{"width":1024,"height":902,"url":"https:\/\/lysinterfilter.com\/wp-content\/uploads\/2024\/06\/ptfe.jpg","type":"image\/jpeg"}],"twitter_card":"summary_large_image","twitter_misc":{"Tahmini okuma s\u00fcresi":"2 dakika"},"schema":{"@context":"https:\/\/schema.org","@graph":[{"@type":"WebPage","@id":"https:\/\/lysinterfilter.com\/manufacturer\/sintered-ptfe-filter\/","url":"https:\/\/lysinterfilter.com\/manufacturer\/sintered-ptfe-filter\/","name":"Sintered ptfe filter - Porous Plastic Filter Manufacturer China","isPartOf":{"@id":"https:\/\/lysinterfilter.com\/#website"},"primaryImageOfPage":{"@id":"https:\/\/lysinterfilter.com\/manufacturer\/sintered-ptfe-filter\/#primaryimage"},"image":{"@id":"https:\/\/lysinterfilter.com\/manufacturer\/sintered-ptfe-filter\/#primaryimage"},"thumbnailUrl":"https:\/\/lysinterfilter.com\/wp-content\/uploads\/2024\/06\/ptfe.jpg","datePublished":"2024-06-12T07:37:59+00:00","dateModified":"2026-03-02T02:12:22+00:00","description":"Sinterlenmi\u015f PTFE filtrelerimizle \u00fcst\u00fcn filtrelemeyi deneyimleyin. Ola\u011fan\u00fcst\u00fc kimyasal diren\u00e7 ve dayan\u0131kl\u0131l\u0131k i\u00e7in tasarlanan bu filtreler, zorlu uygulamalarda g\u00fcvenilir performans sa\u011flar. Y\u00fcksek kaliteli, verimli filtreleme i\u00e7in PTFE filtrelerimizi se\u00e7in.","breadcrumb":{"@id":"https:\/\/lysinterfilter.com\/manufacturer\/sintered-ptfe-filter\/#breadcrumb"},"inLanguage":"tr","potentialAction":[{"@type":"ReadAction","target":["https:\/\/lysinterfilter.com\/manufacturer\/sintered-ptfe-filter\/"]}]},{"@type":"ImageObject","inLanguage":"tr","@id":"https:\/\/lysinterfilter.com\/manufacturer\/sintered-ptfe-filter\/#primaryimage","url":"https:\/\/lysinterfilter.com\/wp-content\/uploads\/2024\/06\/ptfe.jpg","contentUrl":"https:\/\/lysinterfilter.com\/wp-content\/uploads\/2024\/06\/ptfe.jpg","width":1024,"height":902,"caption":"{\"data\":{\"pictureId\":\"22286d90e45a479381e6d624e0c95c9c\",\"appversion\":\"14.0.0\",\"stickerId\":\"\",\"filterId\":\"\",\"infoStickerId\":\"\",\"imageEffectId\":\"\",\"playId\":\"\",\"activityName\":\"\",\"os\":\"android\",\"product\":\"retouch\",\"originAppId\":\"2515\",\"exportType\":\"\",\"editType\":\"\",\"alias\":\"VS9DpSw9gqS4Jpb71Fnap1XywdiFAjCz92KjNdO+SvFKIcu9JVK7iXVld0bAVUrNIghtAusIVBnNsSiVKCOjOrMRT5nprZJYp4gOyHIws\/5YwOb2sR4H44F11qv0U7iAKJPtuG1uT1e5kBinJa9vD2iBI4GDnY0Qbbfmeh9pX4Z31r29TXdpBQa+Lgw3NASVyWgjeSXlNaoBGp6huXp5s\/DiAy9xJn6y6U1b21MTXRv9NZar7I088WwPFl9yYdrs5u3nBFUZz3DfhON3+l0S35ps8sfI9XDMo0NXxAL0n\/RnrXgR6PCXmEKDZe204qigFvNIuUSQD9mCy\/fNLdMMHA==\",\"enterFrom\":\"enter_launch\",\"capability_key\":[\"erase\"],\"capability_extra_v2\":{\"erase\":[{\"panel\":\"eliminatePen\"}]},\"effect_type\":\"tool\",\"effect_id\":\"erase\"},\"source_type\":\"douyin_beauty_me\"}"},{"@type":"BreadcrumbList","@id":"https:\/\/lysinterfilter.com\/manufacturer\/sintered-ptfe-filter\/#breadcrumb","itemListElement":[{"@type":"ListItem","position":1,"name":"Home","item":"https:\/\/lysinterfilter.com\/"},{"@type":"ListItem","position":2,"name":"Products","item":"https:\/\/lysinterfilter.com\/shop\/"},{"@type":"ListItem","position":3,"name":"Sintered ptfe filter"}]},{"@type":"WebSite","@id":"https:\/\/lysinterfilter.com\/#website","url":"https:\/\/lysinterfilter.com\/","name":"Porous Plastic Filter Manufacturer China","description":"","potentialAction":[{"@type":"SearchAction","target":{"@type":"EntryPoint","urlTemplate":"https:\/\/lysinterfilter.com\/?s={search_term_string}"},"query-input":{"@type":"PropertyValueSpecification","valueRequired":true,"valueName":"search_term_string"}}],"inLanguage":"tr"}]}},"_links":{"self":[{"href":"https:\/\/lysinterfilter.com\/tr\/wp-json\/wp\/v2\/product\/2077","targetHints":{"allow":["GET"]}}],"collection":[{"href":"https:\/\/lysinterfilter.com\/tr\/wp-json\/wp\/v2\/product"}],"about":[{"href":"https:\/\/lysinterfilter.com\/tr\/wp-json\/wp\/v2\/types\/product"}],"wp:featuredmedia":[{"embeddable":true,"href":"https:\/\/lysinterfilter.com\/tr\/wp-json\/wp\/v2\/media\/2667"}],"wp:attachment":[{"href":"https:\/\/lysinterfilter.com\/tr\/wp-json\/wp\/v2\/media?parent=2077"}],"wp:term":[{"taxonomy":"product_brand","embeddable":true,"href":"https:\/\/lysinterfilter.com\/tr\/wp-json\/wp\/v2\/product_brand?post=2077"},{"taxonomy":"product_cat","embeddable":true,"href":"https:\/\/lysinterfilter.com\/tr\/wp-json\/wp\/v2\/product_cat?post=2077"},{"taxonomy":"product_tag","embeddable":true,"href":"https:\/\/lysinterfilter.com\/tr\/wp-json\/wp\/v2\/product_tag?post=2077"}],"curies":[{"name":"wp","href":"https:\/\/api.w.org\/{rel}","templated":true}]}}