{"id":2029,"date":"2024-06-11T08:33:51","date_gmt":"2024-06-11T08:33:51","guid":{"rendered":"https:\/\/lysinterfilter.com\/?post_type=product&#038;p=2029"},"modified":"2026-02-28T05:54:36","modified_gmt":"2026-02-28T05:54:36","slug":"self-sealing-filters-2","status":"publish","type":"product","link":"https:\/\/lysinterfilter.com\/tr\/manufacturer\/self-sealing-filters-2\/","title":{"rendered":"Periferik Ven\u00f6z Kateterler i\u00e7in Kendili\u011finden S\u0131zd\u0131rmaz Filtreler"},"content":{"rendered":"<div class=\"row\"  id=\"row-1949975665\">\n\n\t<div id=\"col-979343611\" class=\"col small-12 large-12\"  >\n\t\t\t\t<div class=\"col-inner\"  >\n\t\t\t\n\t\t\t\n<h2>\u00dcr\u00fcn detaylar\u0131<\/h2>\n<h4><strong>Girii\u015f:<\/strong><\/h4>\n<p>Periferik ven\u00f6z kateter (PVC) kullan\u0131larak yap\u0131lan intraven\u00f6z tedavi, klinik uygulamada yayg\u0131n olarak kullan\u0131lan bir uygulama yoludur ve kateterin i\u00e7inden kalan havan\u0131n d\u0131\u015far\u0131da b\u0131rak\u0131lmas\u0131 gerekir. Hava kabarc\u0131klar\u0131n\u0131n d\u0131\u015far\u0131da b\u0131rak\u0131lmas\u0131 karma\u015f\u0131k ve zaman al\u0131c\u0131d\u0131r ve geleneksel PVC kullan\u0131l\u0131yorsa genellikle ila\u00e7 d\u00f6k\u00fclmesine ve zemin kontaminasyonuna neden olur. Havaya maruz kalan ila\u00e7lar (\u00f6zellikle antibiyotikler) antibiyotik direncine ve di\u011fer sorunlara yol a\u00e7abilir.<\/p>\n<p>Kendili\u011finden kapanan filtreler, hava kabarc\u0131klar\u0131n\u0131n d\u0131\u015far\u0131da b\u0131rak\u0131lmas\u0131n\u0131 kolayla\u015ft\u0131rmak i\u00e7in periferik ven\u00f6z kateterlerle birlikte \u00e7al\u0131\u015f\u0131r, 100%&#039;ye yak\u0131n bir tek seferlik ba\u015far\u0131 oran\u0131n\u0131 garanti eder ve ilac\u0131n d\u00f6k\u00fclmesini etkili bir \u015fekilde \u00f6nler.<\/p>\n<h4>\u00d6zellikler:<\/h4>\n<p>\u0130la\u00e7lar\u0131n kirlenmesini \u00f6nleyen ultra saf UHMW-PE malzemeden \u00fcretilmi\u015ftir.<\/p>\n<p>Filtreler ve periferik ven\u00f6z kateter aras\u0131nda m\u00fckemmel uyum sa\u011flayan y\u00fcksek hassasiyetli \u00f6zelle\u015ftirme<\/p>\n<div class=\"row row-small align-equal\"  id=\"row-575974169\">\n\n\t<div id=\"col-323067265\" class=\"col medium-4 small-12 large-4\"  >\n\t\t\t\t<div class=\"col-inner box-shadow-1\"  >\n\t\t\t\n\t\t\t\n\t<div class=\"box has-hover   has-hover box-text-bottom\" >\n\n\t\t<div class=\"box-image\" >\n\t\t\t\t\t\t<div class=\"\" >\n\t\t\t\t<img loading=\"lazy\" decoding=\"async\" width=\"400\" height=\"210\" src=\"https:\/\/lysinterfilter.com\/wp-content\/uploads\/2024\/06\/88.webp\" class=\"attachment-original size-original\" alt=\"\" srcset=\"https:\/\/lysinterfilter.com\/wp-content\/uploads\/2024\/06\/88.webp 400w, https:\/\/lysinterfilter.com\/wp-content\/uploads\/2024\/06\/88-300x158.webp 300w, https:\/\/lysinterfilter.com\/wp-content\/uploads\/2024\/06\/88-18x9.webp 18w\" sizes=\"auto, (max-width: 400px) 100vw, 400px\" \/>\t\t\t\t\t\t\t\t\t\t\t<\/div>\n\t\t\t\t\t<\/div>\n\n\t\t<div class=\"box-text text-center\" >\n\t\t\t<div class=\"box-text-inner\">\n\t\t\t\t\n\t<div id=\"text-32699732\" class=\"text\">\n\t\t\n<p>Tipik boyut (LY-CF36-45 i\u00e7in)<br \/>\n\t\t\n<style>\n#text-32699732 {\n  text-align: left;\n}\n<\/style>\n\t<\/div>\n\t\n\t\t\t<\/div>\n\t\t<\/div>\n\t<\/div>\n\t\n\t\t<\/div>\n\t\t\t\t\n<style>\n#col-323067265 > .col-inner {\n  padding: 10px 10px 10px 10px;\n}\n<\/style>\n\t<\/div>\n\n\t\n\n\t<div id=\"col-262245850\" class=\"col medium-4 small-12 large-4\"  >\n\t\t\t\t<div class=\"col-inner box-shadow-1\"  >\n\t\t\t\n\t\t\t\n\t<div class=\"box has-hover   has-hover box-text-bottom\" >\n\n\t\t<div class=\"box-image\" >\n\t\t\t\t\t\t<div class=\"\" >\n\t\t\t\t<img loading=\"lazy\" decoding=\"async\" width=\"400\" height=\"210\" src=\"https:\/\/lysinterfilter.com\/wp-content\/uploads\/2024\/06\/89.webp\" class=\"attachment-original size-original\" alt=\"\" srcset=\"https:\/\/lysinterfilter.com\/wp-content\/uploads\/2024\/06\/89.webp 400w, https:\/\/lysinterfilter.com\/wp-content\/uploads\/2024\/06\/89-300x158.webp 300w, https:\/\/lysinterfilter.com\/wp-content\/uploads\/2024\/06\/89-18x9.webp 18w\" sizes=\"auto, (max-width: 400px) 100vw, 400px\" \/>\t\t\t\t\t\t\t\t\t\t\t<\/div>\n\t\t\t\t\t<\/div>\n\n\t\t<div class=\"box-text text-center\" >\n\t\t\t<div class=\"box-text-inner\">\n\t\t\t\t\n\t<div id=\"text-1568416676\" class=\"text\">\n\t\t\n<p>Kendili\u011finden kapanan filtreli periferik ven\u00f6z kateterler<br \/>\n\t\t\n<style>\n#text-1568416676 {\n  text-align: left;\n}\n<\/style>\n\t<\/div>\n\t\n\t\t\t<\/div>\n\t\t<\/div>\n\t<\/div>\n\t\n\t\t<\/div>\n\t\t\t\t\n<style>\n#col-262245850 > .col-inner {\n  padding: 10px 10px 10px 10px;\n}\n<\/style>\n\t<\/div>\n\n\t\n\n\t<div id=\"col-592885778\" class=\"col medium-4 small-12 large-4\"  >\n\t\t\t\t<div class=\"col-inner box-shadow-1\"  >\n\t\t\t\n\t\t\t\n\t<div class=\"box has-hover   has-hover box-text-bottom\" >\n\n\t\t<div class=\"box-image\" >\n\t\t\t\t\t\t<div class=\"\" >\n\t\t\t\t<img loading=\"lazy\" decoding=\"async\" width=\"400\" height=\"210\" src=\"https:\/\/lysinterfilter.com\/wp-content\/uploads\/2024\/06\/90.webp\" class=\"attachment-original size-original\" alt=\"\" srcset=\"https:\/\/lysinterfilter.com\/wp-content\/uploads\/2024\/06\/90.webp 400w, https:\/\/lysinterfilter.com\/wp-content\/uploads\/2024\/06\/90-300x158.webp 300w, https:\/\/lysinterfilter.com\/wp-content\/uploads\/2024\/06\/90-18x9.webp 18w\" sizes=\"auto, (max-width: 400px) 100vw, 400px\" \/>\t\t\t\t\t\t\t\t\t\t\t<\/div>\n\t\t\t\t\t<\/div>\n\n\t\t<div class=\"box-text text-center\" >\n\t\t\t<div class=\"box-text-inner\">\n\t\t\t\t\n\t<div id=\"text-2808701694\" class=\"text\">\n\t\t\n<p>Periferik ven\u00f6z kateterler i\u00e7in filtreler<br \/>\n\t\t\n<style>\n#text-2808701694 {\n  text-align: left;\n}\n<\/style>\n\t<\/div>\n\t\n\t\t\t<\/div>\n\t\t<\/div>\n\t<\/div>\n\t\n\t\t<\/div>\n\t\t\t\t\n<style>\n#col-592885778 > .col-inner {\n  padding: 10px 10px 10px 10px;\n}\n<\/style>\n\t<\/div>\n\n\t\n<\/div>\n<h3><strong>Sipari\u015f bilgisi:<\/strong><\/h3>\n<div style=\"overflow: auto;\">\n<div style=\"overflow: auto;\">\n<div style=\"overflow: auto;\">\n<div style=\"overflow: auto;\">\n<table border=\"\u201d1\u2033\" width=\"\u201d3000px\u201d\" align=\"\u201dcenter\u201d\">\n<tbody>\n<tr style=\"background-color: #f2f2f2;\">\n<th style=\"border: 1px solid #dddddd; padding: 8px;\">Kedi. #<\/th>\n<th style=\"border: 1px solid #dddddd; padding: 8px;\">\u00c7ap<\/th>\n<th style=\"border: 1px solid #dddddd; padding: 8px;\">Kal\u0131nl\u0131k<\/th>\n<th style=\"border: 1px solid #dddddd; padding: 8px;\">Kullan\u0131m<\/th>\n<th style=\"border: 1px solid #dddddd; padding: 8px;\">Adet.<\/th>\n<\/tr>\n<tr style=\"background-color: #f2f2f2;\">\n<td style=\"border: 1px solid #dddddd; padding: 8px;\">LY-CF36-45<\/td>\n<td style=\"border: 1px solid #dddddd; padding: 8px;\">3,6 mm<\/td>\n<td style=\"border: 1px solid #dddddd; padding: 8px;\">4,5 mm<\/td>\n<td style=\"border: 1px solid #dddddd; padding: 8px;\">Periferik ven\u00f6z kateterler i\u00e7in<\/td>\n<td style=\"border: 1px solid #dddddd; padding: 8px;\">10.000 ADET\/Kutu<\/td>\n<\/tr>\n<tr>\n<td style=\"border: 1px solid #dddddd; padding: 8px;\">\u00d6zelle\u015ftirilmi\u015f filtreler<\/td>\n<\/tr>\n<\/tbody>\n<\/table>\n<\/div>\n<\/div>\n\t\t<\/div>\n\t\t\t\t\t<\/div>\n\n\t\n\n\t<div id=\"col-1101956872\" class=\"col small-12 large-12\"  >\n\t\t\t\t<div class=\"col-inner\"  >\n\t\t\t\n\t\t\t\n<h2>Ba\u015fvuru<\/h2>\n\t<div class=\"img has-hover x md-x lg-x y md-y lg-y\" id=\"image_120957369\">\n\t\t\t\t\t\t\t\t<div class=\"img-inner dark\" >\n\t\t\t<img loading=\"lazy\" decoding=\"async\" width=\"750\" height=\"350\" src=\"https:\/\/lysinterfilter.com\/wp-content\/uploads\/2024\/06\/Application.webp\" class=\"attachment-original size-original\" alt=\"\" srcset=\"https:\/\/lysinterfilter.com\/wp-content\/uploads\/2024\/06\/Application.webp 750w, https:\/\/lysinterfilter.com\/wp-content\/uploads\/2024\/06\/Application-300x140.webp 300w, https:\/\/lysinterfilter.com\/wp-content\/uploads\/2024\/06\/Application-18x8.webp 18w, https:\/\/lysinterfilter.com\/wp-content\/uploads\/2024\/06\/Application-600x280.webp 600w\" sizes=\"auto, (max-width: 750px) 100vw, 750px\" \/>\t\t\t\t\t\t\n\t\t\t\t\t<\/div>\n\t\t\t\t\t\t\t\t\n<style>\n#image_120957369 {\n  width: 100%;\n}\n<\/style>\n\t<\/div>\n\t\n<p>A.\u0130la\u00e7 End\u00fcstrisi<\/p>\n<p>(1) B\u00fcy\u00fck miktarda su inf\u00fczyonu, farmas\u00f6tik ara maddelerin karbondan ar\u0131nd\u0131r\u0131lmas\u0131<\/p>\n<p>filtrasyon; fermantasyon suyu, a\u011f\u0131z s\u0131v\u0131s\u0131<\/p>\n<p>(2) Renk giderici filtreli toz aktif karbon (t\u0131bbi s\u0131v\u0131)<\/p>\n<p>glikoz,antibiyotikler,sentetik ila\u00e7,haz\u0131rl\u0131k,\u00c7in bitkisel ilac\u0131<\/p>\n<p>s\u0131v\u0131,vb.)<\/p>\n<p>(3)Enjeksiyon s\u0131v\u0131s\u0131<\/p>\n<p>(4)Enjeksiyon hava filtresi<\/p>\n<p>(5)Enjeksiyon y\u0131kama \u015fi\u015fesi suyu<\/p>\n<p>(6)T\u0131bbi s\u0131v\u0131 filtrasyonu<\/p>\n<p>B.Kimya End\u00fcstrisi<\/p>\n<p>(1)Al\u00fcminyum hidroksit filtreleme ve y\u0131kama<\/p>\n<p>(2)Paladyum kataliz\u00f6r filtreleme ve y\u0131kama<\/p>\n<p>(3)Fosfor filtreleme ve y\u0131kama<\/p>\n<p>(4)\u00c7inko karbonat filtreleme<\/p>\n<p>(5)Sodyum karbonat \u00e7\u00f6zeltisi filtrasyonu<\/p>\n<p>(6)Baryum s\u00fclfat filtreleme ve y\u0131kama<\/p>\n<p>(7)Kadmiyum s\u00fclf\u00fcr filtreleme ve y\u0131kama<\/p>\n<p>C.Kimyasal elyaf ve tekstil end\u00fcstrisi<\/p>\n<p>(1)Asit banyosu filtrasyonu<\/p>\n<p>(2)K\u00fck\u00fcrt ve akrilik asit ar\u0131tma filtrasyonu<\/p>\n<p>(3)\u0130pek suyu hassas filtrasyonu<\/p>\n<p>D.Hafif sanayi ve g\u0131da sanayi<\/p>\n<p>(1)\u015eurup filtrasyonu<\/p>\n<p>(2)\u0130\u00e7ecek filtreleme<\/p>\n<p>(3)\u015earap ve beyaz ispirto filtrasyonu<\/p>\n<p>(4)Bitkisel ya\u011f hassas filtrasyonu<\/p>\n<p>(5)Esansiyel ya\u011f filtrasyonu<\/p>\n<p>(6)Mineral suyu filtrasyonu<\/p>\n<p>E.Makine ve Petrol Sanayi<\/p>\n<p>(1) Kaplama \u00e7\u00f6zeltisi filtrasyonu<\/p>\n<p>(2)\u0130\u00e7ten yanmal\u0131 motor temizleme s\u0131v\u0131s\u0131 hassas filtrasyonu<\/p>\n<p>(3)Petrol sahas\u0131 y\u0131kama filtrasyonu<\/p>\n<p>(4)Elektrik end\u00fcstrisi ultra saf su ekipman\u0131<\/p>\n<p>F.At\u0131k su ar\u0131t\u0131m\u0131<\/p>\n<p>(1)A\u011f\u0131r zihinsel hidroksit at\u0131k su ar\u0131t\u0131m\u0131<\/p>\n<p>(2)Kar\u0131\u015f\u0131m a\u011f\u0131r metal at\u0131k su ar\u0131t\u0131m\u0131<\/p>\n<p>(3)Kimyasal at\u0131k su ar\u0131t\u0131m\u0131<\/p>\n<p>(4)Seramik at\u0131k su ar\u0131t\u0131m\u0131<\/p>\n<p>(5)Al\u00fcminyum i\u00e7eren at\u0131k su ar\u0131t\u0131m\u0131<\/p>\n<p>(6)Di\u011fer at\u0131k su ar\u0131tma<\/p>\n\t\t<\/div>\n\t\t\t\t\t<\/div>\n\n\t\n\n\t<div id=\"col-1534164001\" class=\"col small-12 large-12\"  >\n\t\t\t\t<div class=\"col-inner\"  >\n\t\t\t\n\t\t\t\n<h2>Sertifikalar<\/h2>\n\t<div class=\"img has-hover x md-x lg-x y md-y lg-y\" id=\"image_1079391095\">\n\t\t\t\t\t\t\t\t<div class=\"img-inner dark\" >\n\t\t\t<img loading=\"lazy\" decoding=\"async\" width=\"750\" height=\"450\" src=\"https:\/\/lysinterfilter.com\/wp-content\/uploads\/2024\/06\/Certifications.webp\" class=\"attachment-original size-original\" alt=\"\" srcset=\"https:\/\/lysinterfilter.com\/wp-content\/uploads\/2024\/06\/Certifications.webp 750w, https:\/\/lysinterfilter.com\/wp-content\/uploads\/2024\/06\/Certifications-300x180.webp 300w, https:\/\/lysinterfilter.com\/wp-content\/uploads\/2024\/06\/Certifications-18x12.webp 18w, https:\/\/lysinterfilter.com\/wp-content\/uploads\/2024\/06\/Certifications-600x360.webp 600w\" sizes=\"auto, (max-width: 750px) 100vw, 750px\" \/>\t\t\t\t\t\t\n\t\t\t\t\t<\/div>\n\t\t\t\t\t\t\t\t\n<style>\n#image_1079391095 {\n  width: 100%;\n}\n<\/style>\n\t<\/div>\n\t\n\t\t<\/div>\n\t\t\t\t\t<\/div>\n\n\t\n<\/div><\/div>\n<\/div>","protected":false},"excerpt":{"rendered":"<ul>\n<li>Minimum Sipari\u015f Adedi\uff1a<span id=\"dr_show_hits_179\">1 ADET<\/span><\/li>\n<li>\u00d6zelle\u015ftirilmi\u015f\uff1aKabul Edildi<\/li>\n<li>Brand\uff1aOEM<\/li>\n<li>Teslimat S\u00fcresi: 7 g\u00fcn i\u00e7inde<\/li>\n<li>Sertifikasyon\uff1aCE;ISO 9001<\/li>\n<li>E-posta G\u00f6nder:<\/li>\n<li><a href=\"mailto:info@lysinterfilter.com\">info@lysinterfilter.com<\/a><\/li>\n<\/ul>","protected":false},"featured_media":2689,"template":"","meta":[],"product_brand":[],"product_cat":[40],"product_tag":[],"class_list":{"0":"post-2029","1":"product","2":"type-product","3":"status-publish","4":"has-post-thumbnail","6":"product_cat-medical-filters","8":"first","9":"instock","10":"shipping-taxable","11":"product-type-simple"},"yoast_head":"<!-- This site is optimized with the Yoast SEO plugin v27.2 - https:\/\/yoast.com\/product\/yoast-seo-wordpress\/ -->\n<title>Self sealing Filters for Peripheral Venous Catheters - Porous Plastic Filter Manufacturer China<\/title>\n<meta name=\"description\" content=\"Experience hassle-free installation and exceptional filtration with our self sealing filters. Designed to provide airtight seals and dependable performance in various applications,\" \/>\n<meta name=\"robots\" content=\"index, follow, max-snippet:-1, max-image-preview:large, max-video-preview:-1\" \/>\n<link rel=\"canonical\" href=\"https:\/\/lysinterfilter.com\/tr\/manufacturer\/self-sealing-filters-2\/\" \/>\n<meta property=\"og:locale\" content=\"tr_TR\" \/>\n<meta property=\"og:type\" content=\"article\" \/>\n<meta property=\"og:title\" content=\"Self sealing Filters for Peripheral Venous Catheters - Porous Plastic Filter Manufacturer China\" \/>\n<meta property=\"og:description\" content=\"Experience hassle-free installation and exceptional filtration with our self sealing filters. Designed to provide airtight seals and dependable performance in various applications,\" \/>\n<meta property=\"og:url\" content=\"https:\/\/lysinterfilter.com\/tr\/manufacturer\/self-sealing-filters-2\/\" \/>\n<meta property=\"og:site_name\" content=\"Porous Plastic Filter Manufacturer China\" \/>\n<meta property=\"article:modified_time\" content=\"2026-02-28T05:54:36+00:00\" \/>\n<meta property=\"og:image\" content=\"https:\/\/lysinterfilter.com\/wp-content\/uploads\/2024\/06\/sff.jpg\" \/>\n\t<meta property=\"og:image:width\" content=\"1024\" \/>\n\t<meta property=\"og:image:height\" content=\"902\" \/>\n\t<meta property=\"og:image:type\" content=\"image\/jpeg\" \/>\n<meta name=\"twitter:card\" content=\"summary_large_image\" \/>\n<meta name=\"twitter:label1\" content=\"Tahmini okuma s\u00fcresi\" \/>\n\t<meta name=\"twitter:data1\" content=\"2 dakika\" \/>\n<script type=\"application\/ld+json\" class=\"yoast-schema-graph\">{\"@context\":\"https:\/\/schema.org\",\"@graph\":[{\"@type\":\"WebPage\",\"@id\":\"https:\/\/lysinterfilter.com\/manufacturer\/self-sealing-filters-2\/\",\"url\":\"https:\/\/lysinterfilter.com\/manufacturer\/self-sealing-filters-2\/\",\"name\":\"Self sealing Filters for Peripheral Venous Catheters - Porous Plastic Filter Manufacturer China\",\"isPartOf\":{\"@id\":\"https:\/\/lysinterfilter.com\/#website\"},\"primaryImageOfPage\":{\"@id\":\"https:\/\/lysinterfilter.com\/manufacturer\/self-sealing-filters-2\/#primaryimage\"},\"image\":{\"@id\":\"https:\/\/lysinterfilter.com\/manufacturer\/self-sealing-filters-2\/#primaryimage\"},\"thumbnailUrl\":\"https:\/\/lysinterfilter.com\/wp-content\/uploads\/2024\/06\/sff.jpg\",\"datePublished\":\"2024-06-11T08:33:51+00:00\",\"dateModified\":\"2026-02-28T05:54:36+00:00\",\"description\":\"Experience hassle-free installation and exceptional filtration with our self sealing filters. Designed to provide airtight seals and dependable performance in various applications,\",\"breadcrumb\":{\"@id\":\"https:\/\/lysinterfilter.com\/manufacturer\/self-sealing-filters-2\/#breadcrumb\"},\"inLanguage\":\"tr\",\"potentialAction\":[{\"@type\":\"ReadAction\",\"target\":[\"https:\/\/lysinterfilter.com\/manufacturer\/self-sealing-filters-2\/\"]}]},{\"@type\":\"ImageObject\",\"inLanguage\":\"tr\",\"@id\":\"https:\/\/lysinterfilter.com\/manufacturer\/self-sealing-filters-2\/#primaryimage\",\"url\":\"https:\/\/lysinterfilter.com\/wp-content\/uploads\/2024\/06\/sff.jpg\",\"contentUrl\":\"https:\/\/lysinterfilter.com\/wp-content\/uploads\/2024\/06\/sff.jpg\",\"width\":1024,\"height\":902,\"caption\":\"{\\\"data\\\":{\\\"pictureId\\\":\\\"07aa1dbd6f264504aa3904207b19366d\\\",\\\"appversion\\\":\\\"14.0.0\\\",\\\"stickerId\\\":\\\"\\\",\\\"filterId\\\":\\\"\\\",\\\"infoStickerId\\\":\\\"\\\",\\\"imageEffectId\\\":\\\"\\\",\\\"playId\\\":\\\"\\\",\\\"activityName\\\":\\\"\\\",\\\"os\\\":\\\"android\\\",\\\"product\\\":\\\"retouch\\\",\\\"originAppId\\\":\\\"2515\\\",\\\"exportType\\\":\\\"\\\",\\\"editType\\\":\\\"\\\",\\\"alias\\\":\\\"gD9Mt7s+EM4O1EuZ905uSWpypwZjFXqgLZuXhF2ff\/5yPqYjkrIeV4lx2uuvO6Tszl03Xr\/hE6nZnogyQm2gQ0sRMiE73LxLNxl+dX4kgBosX73YWirMvOCpeNeM\/mH0k4DLS\/Qg1jaaNmB\/C\/eepeXdGT4PWeENtvpgwB1sUFAEVT\/z0o3eTQE6r2golGAm4ln41OdyJ41oqQ1e0GeF2DC5kL4a0fFulHpSw29GqxlHC5N5Sa+6zkRWlSIvsN\/MfFVM4uPFmrAq7DJm9XnM\/fdS8EtME2o0JfircSAo8g9LMTuEsEUZabPdfHLansWN5RpEXEPjPs56ZZWGsldl5g==\\\",\\\"enterFrom\\\":\\\"enter_launch\\\",\\\"capability_key\\\":[\\\"erase\\\"],\\\"capability_extra_v2\\\":{\\\"erase\\\":[{\\\"panel\\\":\\\"magic_eliminate\\\"}]},\\\"effect_type\\\":\\\"tool\\\",\\\"effect_id\\\":\\\"erase\\\"},\\\"source_type\\\":\\\"douyin_beauty_me\\\"}\"},{\"@type\":\"BreadcrumbList\",\"@id\":\"https:\/\/lysinterfilter.com\/manufacturer\/self-sealing-filters-2\/#breadcrumb\",\"itemListElement\":[{\"@type\":\"ListItem\",\"position\":1,\"name\":\"Home\",\"item\":\"https:\/\/lysinterfilter.com\/\"},{\"@type\":\"ListItem\",\"position\":2,\"name\":\"Products\",\"item\":\"https:\/\/lysinterfilter.com\/shop\/\"},{\"@type\":\"ListItem\",\"position\":3,\"name\":\"Self sealing Filters for Peripheral Venous Catheters\"}]},{\"@type\":\"WebSite\",\"@id\":\"https:\/\/lysinterfilter.com\/#website\",\"url\":\"https:\/\/lysinterfilter.com\/\",\"name\":\"Porous Plastic Filter Manufacturer China\",\"description\":\"\",\"potentialAction\":[{\"@type\":\"SearchAction\",\"target\":{\"@type\":\"EntryPoint\",\"urlTemplate\":\"https:\/\/lysinterfilter.com\/?s={search_term_string}\"},\"query-input\":{\"@type\":\"PropertyValueSpecification\",\"valueRequired\":true,\"valueName\":\"search_term_string\"}}],\"inLanguage\":\"tr\"}]}<\/script>\n<!-- \/ Yoast SEO plugin. -->","yoast_head_json":{"title":"Self sealing Filters for Peripheral Venous Catheters - Porous Plastic Filter Manufacturer China","description":"Kendili\u011finden kapanan filtrelerimizle zahmetsiz kurulum ve ola\u011fan\u00fcst\u00fc filtreleme deneyimi ya\u015fay\u0131n. \u00c7e\u015fitli uygulamalarda hava ge\u00e7irmez contalar ve g\u00fcvenilir performans sa\u011flamak \u00fczere tasarlanm\u0131\u015ft\u0131r.","robots":{"index":"index","follow":"follow","max-snippet":"max-snippet:-1","max-image-preview":"max-image-preview:large","max-video-preview":"max-video-preview:-1"},"canonical":"https:\/\/lysinterfilter.com\/tr\/manufacturer\/self-sealing-filters-2\/","og_locale":"tr_TR","og_type":"article","og_title":"Self sealing Filters for Peripheral Venous Catheters - Porous Plastic Filter Manufacturer China","og_description":"Experience hassle-free installation and exceptional filtration with our self sealing filters. Designed to provide airtight seals and dependable performance in various applications,","og_url":"https:\/\/lysinterfilter.com\/tr\/manufacturer\/self-sealing-filters-2\/","og_site_name":"Porous Plastic Filter Manufacturer China","article_modified_time":"2026-02-28T05:54:36+00:00","og_image":[{"width":1024,"height":902,"url":"https:\/\/lysinterfilter.com\/wp-content\/uploads\/2024\/06\/sff.jpg","type":"image\/jpeg"}],"twitter_card":"summary_large_image","twitter_misc":{"Tahmini okuma s\u00fcresi":"2 dakika"},"schema":{"@context":"https:\/\/schema.org","@graph":[{"@type":"WebPage","@id":"https:\/\/lysinterfilter.com\/manufacturer\/self-sealing-filters-2\/","url":"https:\/\/lysinterfilter.com\/manufacturer\/self-sealing-filters-2\/","name":"Self sealing Filters for Peripheral Venous Catheters - Porous Plastic Filter Manufacturer China","isPartOf":{"@id":"https:\/\/lysinterfilter.com\/#website"},"primaryImageOfPage":{"@id":"https:\/\/lysinterfilter.com\/manufacturer\/self-sealing-filters-2\/#primaryimage"},"image":{"@id":"https:\/\/lysinterfilter.com\/manufacturer\/self-sealing-filters-2\/#primaryimage"},"thumbnailUrl":"https:\/\/lysinterfilter.com\/wp-content\/uploads\/2024\/06\/sff.jpg","datePublished":"2024-06-11T08:33:51+00:00","dateModified":"2026-02-28T05:54:36+00:00","description":"Kendili\u011finden kapanan filtrelerimizle zahmetsiz kurulum ve ola\u011fan\u00fcst\u00fc filtreleme deneyimi ya\u015fay\u0131n. \u00c7e\u015fitli uygulamalarda hava ge\u00e7irmez contalar ve g\u00fcvenilir performans sa\u011flamak \u00fczere tasarlanm\u0131\u015ft\u0131r.","breadcrumb":{"@id":"https:\/\/lysinterfilter.com\/manufacturer\/self-sealing-filters-2\/#breadcrumb"},"inLanguage":"tr","potentialAction":[{"@type":"ReadAction","target":["https:\/\/lysinterfilter.com\/manufacturer\/self-sealing-filters-2\/"]}]},{"@type":"ImageObject","inLanguage":"tr","@id":"https:\/\/lysinterfilter.com\/manufacturer\/self-sealing-filters-2\/#primaryimage","url":"https:\/\/lysinterfilter.com\/wp-content\/uploads\/2024\/06\/sff.jpg","contentUrl":"https:\/\/lysinterfilter.com\/wp-content\/uploads\/2024\/06\/sff.jpg","width":1024,"height":902,"caption":"{\"data\":{\"pictureId\":\"07aa1dbd6f264504aa3904207b19366d\",\"appversion\":\"14.0.0\",\"stickerId\":\"\",\"filterId\":\"\",\"infoStickerId\":\"\",\"imageEffectId\":\"\",\"playId\":\"\",\"activityName\":\"\",\"os\":\"android\",\"product\":\"retouch\",\"originAppId\":\"2515\",\"exportType\":\"\",\"editType\":\"\",\"alias\":\"gD9Mt7s+EM4O1EuZ905uSWpypwZjFXqgLZuXhF2ff\/5yPqYjkrIeV4lx2uuvO6Tszl03Xr\/hE6nZnogyQm2gQ0sRMiE73LxLNxl+dX4kgBosX73YWirMvOCpeNeM\/mH0k4DLS\/Qg1jaaNmB\/C\/eepeXdGT4PWeENtvpgwB1sUFAEVT\/z0o3eTQE6r2golGAm4ln41OdyJ41oqQ1e0GeF2DC5kL4a0fFulHpSw29GqxlHC5N5Sa+6zkRWlSIvsN\/MfFVM4uPFmrAq7DJm9XnM\/fdS8EtME2o0JfircSAo8g9LMTuEsEUZabPdfHLansWN5RpEXEPjPs56ZZWGsldl5g==\",\"enterFrom\":\"enter_launch\",\"capability_key\":[\"erase\"],\"capability_extra_v2\":{\"erase\":[{\"panel\":\"magic_eliminate\"}]},\"effect_type\":\"tool\",\"effect_id\":\"erase\"},\"source_type\":\"douyin_beauty_me\"}"},{"@type":"BreadcrumbList","@id":"https:\/\/lysinterfilter.com\/manufacturer\/self-sealing-filters-2\/#breadcrumb","itemListElement":[{"@type":"ListItem","position":1,"name":"Home","item":"https:\/\/lysinterfilter.com\/"},{"@type":"ListItem","position":2,"name":"Products","item":"https:\/\/lysinterfilter.com\/shop\/"},{"@type":"ListItem","position":3,"name":"Self sealing Filters for Peripheral Venous Catheters"}]},{"@type":"WebSite","@id":"https:\/\/lysinterfilter.com\/#website","url":"https:\/\/lysinterfilter.com\/","name":"Porous Plastic Filter Manufacturer China","description":"","potentialAction":[{"@type":"SearchAction","target":{"@type":"EntryPoint","urlTemplate":"https:\/\/lysinterfilter.com\/?s={search_term_string}"},"query-input":{"@type":"PropertyValueSpecification","valueRequired":true,"valueName":"search_term_string"}}],"inLanguage":"tr"}]}},"_links":{"self":[{"href":"https:\/\/lysinterfilter.com\/tr\/wp-json\/wp\/v2\/product\/2029","targetHints":{"allow":["GET"]}}],"collection":[{"href":"https:\/\/lysinterfilter.com\/tr\/wp-json\/wp\/v2\/product"}],"about":[{"href":"https:\/\/lysinterfilter.com\/tr\/wp-json\/wp\/v2\/types\/product"}],"wp:featuredmedia":[{"embeddable":true,"href":"https:\/\/lysinterfilter.com\/tr\/wp-json\/wp\/v2\/media\/2689"}],"wp:attachment":[{"href":"https:\/\/lysinterfilter.com\/tr\/wp-json\/wp\/v2\/media?parent=2029"}],"wp:term":[{"taxonomy":"product_brand","embeddable":true,"href":"https:\/\/lysinterfilter.com\/tr\/wp-json\/wp\/v2\/product_brand?post=2029"},{"taxonomy":"product_cat","embeddable":true,"href":"https:\/\/lysinterfilter.com\/tr\/wp-json\/wp\/v2\/product_cat?post=2029"},{"taxonomy":"product_tag","embeddable":true,"href":"https:\/\/lysinterfilter.com\/tr\/wp-json\/wp\/v2\/product_tag?post=2029"}],"curies":[{"name":"wp","href":"https:\/\/api.w.org\/{rel}","templated":true}]}}