{"id":1991,"date":"2024-06-11T07:11:26","date_gmt":"2024-06-11T07:11:26","guid":{"rendered":"https:\/\/lysinterfilter.com\/?post_type=product&#038;p=1991"},"modified":"2026-02-28T09:04:22","modified_gmt":"2026-02-28T09:04:22","slug":"pe-sintered-plate","status":"publish","type":"product","link":"https:\/\/lysinterfilter.com\/tr\/manufacturer\/pe-sintered-plate\/","title":{"rendered":"PE sinterlenmi\u015f levha, PE sinterlenmi\u015f disk"},"content":{"rendered":"<div class=\"row\"  id=\"row-1575086038\">\n\n\t<div id=\"col-1785096205\" class=\"col small-12 large-12\"  >\n\t\t\t\t<div class=\"col-inner\"  >\n\t\t\t\n\t\t\t\n<h3>\u00dcr\u00fcn detaylar\u0131<\/h3>\n<p>Ak\u0131\u015fkanla\u015ft\u0131r\u0131lm\u0131\u015f plaka ve filtre plakas\u0131 ultra y\u00fcksek molek\u00fcler a\u011f\u0131rl\u0131kl\u0131 polietilen veya Polipropilen malzemeden yap\u0131lm\u0131\u015ft\u0131r<\/p>\n<p>Y\u00fcksek s\u0131cakl\u0131k ve y\u00fcksek bas\u0131n\u00e7 sinterlemesi ile yuvarlak ve kare veya di\u011fer \u015fekillerde olmak \u00fczere iki \u015fekil elde edilir.<\/p>\n<p>M\u00fc\u015fteri gereksinimlerine g\u00f6re \u00f6zelle\u015ftirilebilirler. Sabit \u015fekli (serbest se\u00e7im) ve tekd\u00fcze olmas\u0131 nedeniyle<\/p>\n<p>g\u00f6zenek boyutu, toz i\u015flemlerinde s\u0131kl\u0131kla gaz da\u011f\u0131t\u0131m plakas\u0131 olarak kullan\u0131l\u0131r. Kontrolde belirleyici bir rol oynar<\/p>\n<p>gaz da\u011f\u0131t\u0131m\u0131, toz malzemelerin iletimi ve ak\u0131\u015fkanla\u015ft\u0131r\u0131lmas\u0131 ve end\u00fcstriyel proseslerde kullan\u0131l\u0131r.<\/p>\n<p>\u00e7ok geni\u015f uygulama yelpazesi; s\u0131v\u0131-kat\u0131 ay\u0131rmada g\u00f6zenekli kat\u0131lar\u0131n da\u011f\u0131t\u0131lmas\u0131 i\u00e7in destekleyici bir plaka olarak kullan\u0131l\u0131r (iyon de\u011fi\u015fim kolonlar\u0131, kromatografi kolonlar\u0131, vb.). Ayr\u0131ca, polimer kompozit malzemeler<\/p>\n<p>antistatik voltaj \u00f6zellikleri, bu nedenle filtre plakalar\u0131 elektrostatik toz p\u00fcsk\u00fcrtme, elektrostatik jenerat\u00f6r namlular\u0131 ve ak\u0131\u015fkan yatak cihazlar\u0131nda da yayg\u0131n olarak kullan\u0131l\u0131r. Filtre plakas\u0131n\u0131n y\u00fczeyi PTFE kaplama ile p\u00fcsk\u00fcrt\u00fcl\u00fcr,<\/p>\n<p>polimer filtre plakas\u0131n\u0131n matrisine n\u00fcfuz eder ve onunla birlikte ultra ince mikro g\u00f6zenekli bir yap\u0131 olu\u015fturur, b\u00f6ylece<\/p>\n<p>filtre plakas\u0131 iyi kimyasal kararl\u0131l\u0131\u011fa, geni\u015f filtrasyon alan\u0131na, y\u00fcksek g\u00f6zenek hassasiyetine, d\u00fczg\u00fcn hava ak\u0131\u015f\u0131 da\u011f\u0131l\u0131m\u0131na sahiptir ve<\/p>\n<p>D\u00fc\u015f\u00fck diren\u00e7 kayb\u0131. K\u00fc\u00e7\u00fck boyut, \u00fcst\u00fcn ak\u0131\u015f hava da\u011f\u0131t\u0131m performans\u0131 vb.<\/p>\n\t\t<\/div>\n\t\t\t\t\t<\/div>\n\n\t\n\n\t<div id=\"col-1142045235\" class=\"col small-12 large-12\"  >\n\t\t\t\t<div class=\"col-inner\"  >\n\t\t\t\n\t\t\t\n<h3><strong>\u00dcR\u00dcN PERFORMANSI<\/strong><\/h3>\n<p>Filtre g\u00f6zenek boyutunun d\u00fczg\u00fcn da\u011f\u0131l\u0131m\u0131, iyi ak\u0131\u015fkanl\u0131k, g\u00fc\u00e7l\u00fc asitlere dayan\u0131kl\u0131l\u0131k,<\/p>\n<p>alkali, tuz ve \u00e7o\u011fu organik \u00e7\u00f6z\u00fcc\u00fc, geri y\u0131kamas\u0131 kolay, y\u00fcksek rejenerasyon<\/p>\n<p>yeterlik.<\/p>\n<p>PE malzemenin s\u0131cakl\u0131k dayan\u0131m\u0131 80\u00b0C&#039;dir ve s\u0131cakl\u0131k<\/p>\n<p>PA malzemesinin direnci 120\u00b0C&#039;dir. Toksik de\u011fildir, tats\u0131zd\u0131r ve<\/p>\n<p>orta d\u00f6k\u00fclme. M\u00fckemmel mekanik \u00f6zelliklere sahiptir ve kolay d\u00f6k\u00fclmez<\/p>\n<p>hasar. Hammadde GMP ve FDA gerekliliklerini kar\u015f\u0131lar,<\/p>\n<p>yap\u0131\u015ft\u0131r\u0131c\u0131 kullan\u0131lmaz ve geni\u015f bir kimyasal uyumluluk yelpazesine sahiptir.<\/p>\n\t\t<\/div>\n\t\t\t\t\t<\/div>\n\n\t\n\n\t<div id=\"col-1668722913\" class=\"col small-12 large-12\"  >\n\t\t\t\t<div class=\"col-inner\"  >\n\t\t\t\n\t\t\t\n<h3><strong>TEKN\u0130K PARAMETRELER<\/strong><\/h3>\n<p>\u00c7al\u0131\u015fma s\u0131cakl\u0131\u011f\u0131: PE\u226480\u00b0C<\/p>\n<p>\u00c7al\u0131\u015fma bas\u0131nc\u0131: 0.1MPa-0.6MPa<\/p>\n<p>Filtrasyon hassasiyeti: 0.2\u03bcm-100\u03bcm<\/p>\n\t\t<\/div>\n\t\t\t\t\t<\/div>\n\n\t\n\n\t<div id=\"col-683870541\" class=\"col small-12 large-12\"  >\n\t\t\t\t<div class=\"col-inner\"  >\n\t\t\t\n\t\t\t\n<h3><strong>Foto\u011fraflar:<\/strong><\/h3>\n\t<div class=\"img has-hover x md-x lg-x y md-y lg-y\" id=\"image_176623141\">\n\t\t\t\t\t\t\t\t<div class=\"img-inner dark\" >\n\t\t\t<img loading=\"lazy\" decoding=\"async\" width=\"1024\" height=\"600\" src=\"https:\/\/lysinterfilter.com\/wp-content\/uploads\/2024\/06\/dic10.jpg\" class=\"attachment-original size-original\" alt=\"\" srcset=\"https:\/\/lysinterfilter.com\/wp-content\/uploads\/2024\/06\/dic10.jpg 1024w, https:\/\/lysinterfilter.com\/wp-content\/uploads\/2024\/06\/dic10-300x176.jpg 300w, https:\/\/lysinterfilter.com\/wp-content\/uploads\/2024\/06\/dic10-768x450.jpg 768w, https:\/\/lysinterfilter.com\/wp-content\/uploads\/2024\/06\/dic10-18x12.jpg 18w, https:\/\/lysinterfilter.com\/wp-content\/uploads\/2024\/06\/dic10-600x352.jpg 600w\" sizes=\"auto, (max-width: 1024px) 100vw, 1024px\" \/>\t\t\t\t\t\t\n\t\t\t\t\t<\/div>\n\t\t\t\t\t\t\t\t\n<style>\n#image_176623141 {\n  width: 100%;\n}\n<\/style>\n\t<\/div>\n\t\n<p><strong>*Mevcut \u015eartname<\/strong><\/p>\n\t<div class=\"img has-hover x md-x lg-x y md-y lg-y\" id=\"image_467845172\">\n\t\t\t\t\t\t\t\t<div class=\"img-inner dark\" >\n\t\t\t<img loading=\"lazy\" decoding=\"async\" width=\"1008\" height=\"303\" src=\"https:\/\/lysinterfilter.com\/wp-content\/uploads\/2024\/06\/67.webp\" class=\"attachment-original size-original\" alt=\"\" srcset=\"https:\/\/lysinterfilter.com\/wp-content\/uploads\/2024\/06\/67.webp 1008w, https:\/\/lysinterfilter.com\/wp-content\/uploads\/2024\/06\/67-300x90.webp 300w, https:\/\/lysinterfilter.com\/wp-content\/uploads\/2024\/06\/67-768x231.webp 768w, https:\/\/lysinterfilter.com\/wp-content\/uploads\/2024\/06\/67-18x5.webp 18w, https:\/\/lysinterfilter.com\/wp-content\/uploads\/2024\/06\/67-600x180.webp 600w\" sizes=\"auto, (max-width: 1008px) 100vw, 1008px\" \/>\t\t\t\t\t\t\n\t\t\t\t\t<\/div>\n\t\t\t\t\t\t\t\t\n<style>\n#image_467845172 {\n  width: 100%;\n}\n<\/style>\n\t<\/div>\n\t\n\t\t<\/div>\n\t\t\t\t\t<\/div>\n\n\t\n\n\t<div id=\"col-219027022\" class=\"col small-12 large-12\"  >\n\t\t\t\t<div class=\"col-inner\"  >\n\t\t\t\n\t\t\t\n<h3>Ba\u015fvuru<\/h3>\n\t<div class=\"img has-hover x md-x lg-x y md-y lg-y\" id=\"image_1357100168\">\n\t\t\t\t\t\t\t\t<div class=\"img-inner dark\" >\n\t\t\t<img loading=\"lazy\" decoding=\"async\" width=\"750\" height=\"350\" src=\"https:\/\/lysinterfilter.com\/wp-content\/uploads\/2024\/06\/Application.webp\" class=\"attachment-original size-original\" alt=\"\" srcset=\"https:\/\/lysinterfilter.com\/wp-content\/uploads\/2024\/06\/Application.webp 750w, https:\/\/lysinterfilter.com\/wp-content\/uploads\/2024\/06\/Application-300x140.webp 300w, https:\/\/lysinterfilter.com\/wp-content\/uploads\/2024\/06\/Application-18x8.webp 18w, https:\/\/lysinterfilter.com\/wp-content\/uploads\/2024\/06\/Application-600x280.webp 600w\" sizes=\"auto, (max-width: 750px) 100vw, 750px\" \/>\t\t\t\t\t\t\n\t\t\t\t\t<\/div>\n\t\t\t\t\t\t\t\t\n<style>\n#image_1357100168 {\n  width: 100%;\n}\n<\/style>\n\t<\/div>\n\t\n<p>A.\u0130la\u00e7 End\u00fcstrisi<\/p>\n<p>(1) B\u00fcy\u00fck su inf\u00fczyonu, farmas\u00f6tik ara maddeler dekarbonizasyon filtrasyonu; fermantasyon suyu, oral s\u0131v\u0131<\/p>\n<p>(2) Renk giderici filtreli toz aktif karbon (t\u0131bbi s\u0131v\u0131 glikoz, antibiyotikler, sentetik ila\u00e7, preparat, \u00c7in bitkisel ila\u00e7 s\u0131v\u0131s\u0131, vb.)<\/p>\n<p>(3)Enjeksiyon s\u0131v\u0131s\u0131<\/p>\n<p>(4)Enjeksiyon hava filtresi<\/p>\n<p>(5)Enjeksiyon y\u0131kama \u015fi\u015fesi suyu<\/p>\n<p>(6)T\u0131bbi s\u0131v\u0131 filtrasyonu<\/p>\n<p>B.Kimya End\u00fcstrisi<\/p>\n<p>(1)Al\u00fcminyum hidroksit filtreleme ve y\u0131kama<\/p>\n<p>(2)Paladyum kataliz\u00f6r filtreleme ve y\u0131kama<\/p>\n<p>(3)Fosfor filtreleme ve y\u0131kama<\/p>\n<p>(4)\u00c7inko karbonat filtreleme<\/p>\n<p>(5)Sodyum karbonat \u00e7\u00f6zeltisi filtrasyonu<\/p>\n<p>(6)Baryum s\u00fclfat filtreleme ve y\u0131kama<\/p>\n<p>(7)Kadmiyum s\u00fclf\u00fcr filtreleme ve y\u0131kama<\/p>\n<p>C.Kimyasal elyaf ve tekstil end\u00fcstrisi<\/p>\n<p>(1)Asit banyosu filtrasyonu<\/p>\n<p>(2)K\u00fck\u00fcrt ve akrilik asit ar\u0131tma filtrasyonu<\/p>\n<p>(3)\u0130pek suyu hassas filtrasyonu<\/p>\n<p>D.Hafif sanayi ve g\u0131da sanayi<\/p>\n<p>(1)\u015eurup filtrasyonu<\/p>\n<p>(2)\u0130\u00e7ecek filtreleme<\/p>\n<p>(3)\u015earap ve beyaz ispirto filtrasyonu<\/p>\n<p>(4)Bitkisel ya\u011f hassas filtrasyonu<\/p>\n<p>(5)Esansiyel ya\u011f filtrasyonu<\/p>\n<p>(6)Mineral suyu filtrasyonu<\/p>\n<p>E.Makine ve Petrol Sanayi<\/p>\n<p>(1) Kaplama \u00e7\u00f6zeltisi filtrasyonu<\/p>\n<p>(2)\u0130\u00e7ten yanmal\u0131 motor temizleme s\u0131v\u0131s\u0131 hassas filtrasyonu<\/p>\n<p>(3)Petrol sahas\u0131 y\u0131kama filtrasyonu<\/p>\n<p>(4)Elektrik end\u00fcstrisi ultra saf su ekipman\u0131<\/p>\n<p>F.At\u0131k su ar\u0131t\u0131m\u0131<\/p>\n<p>(1)A\u011f\u0131r zihinsel hidroksit at\u0131k su ar\u0131t\u0131m\u0131<\/p>\n<p>(2)Kar\u0131\u015f\u0131m a\u011f\u0131r metal at\u0131k su ar\u0131t\u0131m\u0131<\/p>\n<p>(3)Kimyasal at\u0131k su ar\u0131t\u0131m\u0131<\/p>\n<p>(4)Seramik at\u0131k su ar\u0131t\u0131m\u0131<\/p>\n<p>(5)Al\u00fcminyum i\u00e7eren at\u0131k su ar\u0131t\u0131m\u0131<\/p>\n<p>(6)Di\u011fer at\u0131k su ar\u0131tma<\/p>\n\t\t<\/div>\n\t\t\t\t\t<\/div>\n\n\t\n\n\t<div id=\"col-2011079471\" class=\"col small-12 large-12\"  >\n\t\t\t\t<div class=\"col-inner\"  >\n\t\t\t\n\t\t\t\n<h3>Sertifikalar<\/h3>\n\t<div class=\"img has-hover x md-x lg-x y md-y lg-y\" id=\"image_1465442536\">\n\t\t\t\t\t\t\t\t<div class=\"img-inner dark\" >\n\t\t\t<img loading=\"lazy\" decoding=\"async\" width=\"750\" height=\"450\" src=\"https:\/\/lysinterfilter.com\/wp-content\/uploads\/2024\/06\/Certifications.webp\" class=\"attachment-original size-original\" alt=\"\" srcset=\"https:\/\/lysinterfilter.com\/wp-content\/uploads\/2024\/06\/Certifications.webp 750w, https:\/\/lysinterfilter.com\/wp-content\/uploads\/2024\/06\/Certifications-300x180.webp 300w, https:\/\/lysinterfilter.com\/wp-content\/uploads\/2024\/06\/Certifications-18x12.webp 18w, https:\/\/lysinterfilter.com\/wp-content\/uploads\/2024\/06\/Certifications-600x360.webp 600w\" sizes=\"auto, (max-width: 750px) 100vw, 750px\" \/>\t\t\t\t\t\t\n\t\t\t\t\t<\/div>\n\t\t\t\t\t\t\t\t\n<style>\n#image_1465442536 {\n  width: 100%;\n}\n<\/style>\n\t<\/div>\n\t\n\t\t<\/div>\n\t\t\t\t\t<\/div>\n\n\t\n<\/div>","protected":false},"excerpt":{"rendered":"<ul>\n<li>Minimum Sipari\u015f Adedi\uff1a<span id=\"dr_show_hits_179\">1 ADET<\/span><\/li>\n<li>\u00d6zelle\u015ftirilmi\u015f\uff1aKabul Edildi<\/li>\n<li>Brand\uff1aOEM<\/li>\n<li>Teslimat S\u00fcresi: 7 g\u00fcn i\u00e7inde<\/li>\n<li>Sertifikasyon\uff1aCE;ISO 9001<\/li>\n<li>E-posta G\u00f6nder:<\/li>\n<li><a href=\"mailto:info@lysinterfilter.com\">info@lysinterfilter.com<\/a><\/li>\n<\/ul>","protected":false},"featured_media":2713,"template":"","meta":[],"product_brand":[],"product_cat":[15],"product_tag":[],"class_list":{"0":"post-1991","1":"product","2":"type-product","3":"status-publish","4":"has-post-thumbnail","6":"product_cat-pe-sintered-industrialapplication","8":"first","9":"instock","10":"shipping-taxable","11":"product-type-simple"},"yoast_head":"<!-- This site is optimized with the Yoast SEO plugin v27.2 - https:\/\/yoast.com\/product\/yoast-seo-wordpress\/ -->\n<title>PE sintered plate, PE sintered disc - Porous Plastic Filter Manufacturer China<\/title>\n<meta name=\"description\" content=\"Experience superior durability and performance with our PE sintered plates. Ideal for filtration and separation in various industrial applications, these high-quality plates ensure efficient and reliable results. Choose our PE sintered plates for optimal efficiency and long-lasting service.\" \/>\n<meta name=\"robots\" content=\"index, follow, max-snippet:-1, max-image-preview:large, max-video-preview:-1\" \/>\n<link rel=\"canonical\" href=\"https:\/\/lysinterfilter.com\/tr\/manufacturer\/pe-sintered-plate\/\" \/>\n<meta property=\"og:locale\" content=\"tr_TR\" \/>\n<meta property=\"og:type\" content=\"article\" \/>\n<meta property=\"og:title\" content=\"PE sintered plate, PE sintered disc - Porous Plastic Filter Manufacturer China\" \/>\n<meta property=\"og:description\" content=\"Experience superior durability and performance with our PE sintered plates. Ideal for filtration and separation in various industrial applications, these high-quality plates ensure efficient and reliable results. Choose our PE sintered plates for optimal efficiency and long-lasting service.\" \/>\n<meta property=\"og:url\" content=\"https:\/\/lysinterfilter.com\/tr\/manufacturer\/pe-sintered-plate\/\" \/>\n<meta property=\"og:site_name\" content=\"Porous Plastic Filter Manufacturer China\" \/>\n<meta property=\"article:modified_time\" content=\"2026-02-28T09:04:22+00:00\" \/>\n<meta property=\"og:image\" content=\"https:\/\/lysinterfilter.com\/wp-content\/uploads\/2024\/06\/dic1.jpg\" \/>\n\t<meta property=\"og:image:width\" content=\"1024\" \/>\n\t<meta property=\"og:image:height\" content=\"902\" \/>\n\t<meta property=\"og:image:type\" content=\"image\/jpeg\" \/>\n<meta name=\"twitter:card\" content=\"summary_large_image\" \/>\n<meta name=\"twitter:label1\" content=\"Tahmini okuma s\u00fcresi\" \/>\n\t<meta name=\"twitter:data1\" content=\"3 dakika\" \/>\n<script type=\"application\/ld+json\" class=\"yoast-schema-graph\">{\"@context\":\"https:\/\/schema.org\",\"@graph\":[{\"@type\":\"WebPage\",\"@id\":\"https:\/\/lysinterfilter.com\/manufacturer\/pe-sintered-plate\/\",\"url\":\"https:\/\/lysinterfilter.com\/manufacturer\/pe-sintered-plate\/\",\"name\":\"PE sintered plate, PE sintered disc - Porous Plastic Filter Manufacturer China\",\"isPartOf\":{\"@id\":\"https:\/\/lysinterfilter.com\/#website\"},\"primaryImageOfPage\":{\"@id\":\"https:\/\/lysinterfilter.com\/manufacturer\/pe-sintered-plate\/#primaryimage\"},\"image\":{\"@id\":\"https:\/\/lysinterfilter.com\/manufacturer\/pe-sintered-plate\/#primaryimage\"},\"thumbnailUrl\":\"https:\/\/lysinterfilter.com\/wp-content\/uploads\/2024\/06\/dic1.jpg\",\"datePublished\":\"2024-06-11T07:11:26+00:00\",\"dateModified\":\"2026-02-28T09:04:22+00:00\",\"description\":\"Experience superior durability and performance with our PE sintered plates. Ideal for filtration and separation in various industrial applications, these high-quality plates ensure efficient and reliable results. Choose our PE sintered plates for optimal efficiency and long-lasting service.\",\"breadcrumb\":{\"@id\":\"https:\/\/lysinterfilter.com\/manufacturer\/pe-sintered-plate\/#breadcrumb\"},\"inLanguage\":\"tr\",\"potentialAction\":[{\"@type\":\"ReadAction\",\"target\":[\"https:\/\/lysinterfilter.com\/manufacturer\/pe-sintered-plate\/\"]}]},{\"@type\":\"ImageObject\",\"inLanguage\":\"tr\",\"@id\":\"https:\/\/lysinterfilter.com\/manufacturer\/pe-sintered-plate\/#primaryimage\",\"url\":\"https:\/\/lysinterfilter.com\/wp-content\/uploads\/2024\/06\/dic1.jpg\",\"contentUrl\":\"https:\/\/lysinterfilter.com\/wp-content\/uploads\/2024\/06\/dic1.jpg\",\"width\":1024,\"height\":902,\"caption\":\"{\\\"data\\\":{\\\"pictureId\\\":\\\"4ea74dfb3d59407080120df6afe971e0\\\",\\\"appversion\\\":\\\"14.0.0\\\",\\\"stickerId\\\":\\\"\\\",\\\"filterId\\\":\\\"\\\",\\\"infoStickerId\\\":\\\"\\\",\\\"imageEffectId\\\":\\\"\\\",\\\"playId\\\":\\\"\\\",\\\"activityName\\\":\\\"\\\",\\\"os\\\":\\\"android\\\",\\\"product\\\":\\\"retouch\\\",\\\"originAppId\\\":\\\"2515\\\",\\\"exportType\\\":\\\"\\\",\\\"editType\\\":\\\"\\\",\\\"alias\\\":\\\"\\\",\\\"enterFrom\\\":\\\"enter_launch\\\",\\\"capability_key\\\":[\\\"erase\\\"],\\\"capability_extra_v2\\\":{\\\"erase\\\":[{\\\"panel\\\":\\\"eliminatePen\\\"}]},\\\"effect_type\\\":\\\"tool\\\",\\\"effect_id\\\":\\\"erase\\\"},\\\"source_type\\\":\\\"douyin_beauty_me\\\"}\"},{\"@type\":\"BreadcrumbList\",\"@id\":\"https:\/\/lysinterfilter.com\/manufacturer\/pe-sintered-plate\/#breadcrumb\",\"itemListElement\":[{\"@type\":\"ListItem\",\"position\":1,\"name\":\"Home\",\"item\":\"https:\/\/lysinterfilter.com\/\"},{\"@type\":\"ListItem\",\"position\":2,\"name\":\"Products\",\"item\":\"https:\/\/lysinterfilter.com\/shop\/\"},{\"@type\":\"ListItem\",\"position\":3,\"name\":\"PE sintered plate, PE sintered disc\"}]},{\"@type\":\"WebSite\",\"@id\":\"https:\/\/lysinterfilter.com\/#website\",\"url\":\"https:\/\/lysinterfilter.com\/\",\"name\":\"Porous Plastic Filter Manufacturer China\",\"description\":\"\",\"potentialAction\":[{\"@type\":\"SearchAction\",\"target\":{\"@type\":\"EntryPoint\",\"urlTemplate\":\"https:\/\/lysinterfilter.com\/?s={search_term_string}\"},\"query-input\":{\"@type\":\"PropertyValueSpecification\",\"valueRequired\":true,\"valueName\":\"search_term_string\"}}],\"inLanguage\":\"tr\"}]}<\/script>\n<!-- \/ Yoast SEO plugin. -->","yoast_head_json":{"title":"PE sintered plate, PE sintered disc - Porous Plastic Filter Manufacturer China","description":"PE sinterlenmi\u015f plakalar\u0131m\u0131zla \u00fcst\u00fcn dayan\u0131kl\u0131l\u0131k ve performans\u0131 deneyimleyin. \u00c7e\u015fitli end\u00fcstriyel uygulamalarda filtreleme ve ay\u0131rma i\u00e7in ideal olan bu y\u00fcksek kaliteli plakalar, verimli ve g\u00fcvenilir sonu\u00e7lar sa\u011flar. Optimum verimlilik ve uzun \u00f6m\u00fcrl\u00fc hizmet i\u00e7in PE sinterlenmi\u015f plakalar\u0131m\u0131z\u0131 se\u00e7in.","robots":{"index":"index","follow":"follow","max-snippet":"max-snippet:-1","max-image-preview":"max-image-preview:large","max-video-preview":"max-video-preview:-1"},"canonical":"https:\/\/lysinterfilter.com\/tr\/manufacturer\/pe-sintered-plate\/","og_locale":"tr_TR","og_type":"article","og_title":"PE sintered plate, PE sintered disc - Porous Plastic Filter Manufacturer China","og_description":"Experience superior durability and performance with our PE sintered plates. Ideal for filtration and separation in various industrial applications, these high-quality plates ensure efficient and reliable results. Choose our PE sintered plates for optimal efficiency and long-lasting service.","og_url":"https:\/\/lysinterfilter.com\/tr\/manufacturer\/pe-sintered-plate\/","og_site_name":"Porous Plastic Filter Manufacturer China","article_modified_time":"2026-02-28T09:04:22+00:00","og_image":[{"width":1024,"height":902,"url":"https:\/\/lysinterfilter.com\/wp-content\/uploads\/2024\/06\/dic1.jpg","type":"image\/jpeg"}],"twitter_card":"summary_large_image","twitter_misc":{"Tahmini okuma s\u00fcresi":"3 dakika"},"schema":{"@context":"https:\/\/schema.org","@graph":[{"@type":"WebPage","@id":"https:\/\/lysinterfilter.com\/manufacturer\/pe-sintered-plate\/","url":"https:\/\/lysinterfilter.com\/manufacturer\/pe-sintered-plate\/","name":"PE sintered plate, PE sintered disc - Porous Plastic Filter Manufacturer China","isPartOf":{"@id":"https:\/\/lysinterfilter.com\/#website"},"primaryImageOfPage":{"@id":"https:\/\/lysinterfilter.com\/manufacturer\/pe-sintered-plate\/#primaryimage"},"image":{"@id":"https:\/\/lysinterfilter.com\/manufacturer\/pe-sintered-plate\/#primaryimage"},"thumbnailUrl":"https:\/\/lysinterfilter.com\/wp-content\/uploads\/2024\/06\/dic1.jpg","datePublished":"2024-06-11T07:11:26+00:00","dateModified":"2026-02-28T09:04:22+00:00","description":"PE sinterlenmi\u015f plakalar\u0131m\u0131zla \u00fcst\u00fcn dayan\u0131kl\u0131l\u0131k ve performans\u0131 deneyimleyin. \u00c7e\u015fitli end\u00fcstriyel uygulamalarda filtreleme ve ay\u0131rma i\u00e7in ideal olan bu y\u00fcksek kaliteli plakalar, verimli ve g\u00fcvenilir sonu\u00e7lar sa\u011flar. Optimum verimlilik ve uzun \u00f6m\u00fcrl\u00fc hizmet i\u00e7in PE sinterlenmi\u015f plakalar\u0131m\u0131z\u0131 se\u00e7in.","breadcrumb":{"@id":"https:\/\/lysinterfilter.com\/manufacturer\/pe-sintered-plate\/#breadcrumb"},"inLanguage":"tr","potentialAction":[{"@type":"ReadAction","target":["https:\/\/lysinterfilter.com\/manufacturer\/pe-sintered-plate\/"]}]},{"@type":"ImageObject","inLanguage":"tr","@id":"https:\/\/lysinterfilter.com\/manufacturer\/pe-sintered-plate\/#primaryimage","url":"https:\/\/lysinterfilter.com\/wp-content\/uploads\/2024\/06\/dic1.jpg","contentUrl":"https:\/\/lysinterfilter.com\/wp-content\/uploads\/2024\/06\/dic1.jpg","width":1024,"height":902,"caption":"{\"data\":{\"pictureId\":\"4ea74dfb3d59407080120df6afe971e0\",\"appversion\":\"14.0.0\",\"stickerId\":\"\",\"filterId\":\"\",\"infoStickerId\":\"\",\"imageEffectId\":\"\",\"playId\":\"\",\"activityName\":\"\",\"os\":\"android\",\"product\":\"retouch\",\"originAppId\":\"2515\",\"exportType\":\"\",\"editType\":\"\",\"alias\":\"\",\"enterFrom\":\"enter_launch\",\"capability_key\":[\"erase\"],\"capability_extra_v2\":{\"erase\":[{\"panel\":\"eliminatePen\"}]},\"effect_type\":\"tool\",\"effect_id\":\"erase\"},\"source_type\":\"douyin_beauty_me\"}"},{"@type":"BreadcrumbList","@id":"https:\/\/lysinterfilter.com\/manufacturer\/pe-sintered-plate\/#breadcrumb","itemListElement":[{"@type":"ListItem","position":1,"name":"Home","item":"https:\/\/lysinterfilter.com\/"},{"@type":"ListItem","position":2,"name":"Products","item":"https:\/\/lysinterfilter.com\/shop\/"},{"@type":"ListItem","position":3,"name":"PE sintered plate, PE sintered disc"}]},{"@type":"WebSite","@id":"https:\/\/lysinterfilter.com\/#website","url":"https:\/\/lysinterfilter.com\/","name":"Porous Plastic Filter Manufacturer China","description":"","potentialAction":[{"@type":"SearchAction","target":{"@type":"EntryPoint","urlTemplate":"https:\/\/lysinterfilter.com\/?s={search_term_string}"},"query-input":{"@type":"PropertyValueSpecification","valueRequired":true,"valueName":"search_term_string"}}],"inLanguage":"tr"}]}},"_links":{"self":[{"href":"https:\/\/lysinterfilter.com\/tr\/wp-json\/wp\/v2\/product\/1991","targetHints":{"allow":["GET"]}}],"collection":[{"href":"https:\/\/lysinterfilter.com\/tr\/wp-json\/wp\/v2\/product"}],"about":[{"href":"https:\/\/lysinterfilter.com\/tr\/wp-json\/wp\/v2\/types\/product"}],"wp:featuredmedia":[{"embeddable":true,"href":"https:\/\/lysinterfilter.com\/tr\/wp-json\/wp\/v2\/media\/2713"}],"wp:attachment":[{"href":"https:\/\/lysinterfilter.com\/tr\/wp-json\/wp\/v2\/media?parent=1991"}],"wp:term":[{"taxonomy":"product_brand","embeddable":true,"href":"https:\/\/lysinterfilter.com\/tr\/wp-json\/wp\/v2\/product_brand?post=1991"},{"taxonomy":"product_cat","embeddable":true,"href":"https:\/\/lysinterfilter.com\/tr\/wp-json\/wp\/v2\/product_cat?post=1991"},{"taxonomy":"product_tag","embeddable":true,"href":"https:\/\/lysinterfilter.com\/tr\/wp-json\/wp\/v2\/product_tag?post=1991"}],"curies":[{"name":"wp","href":"https:\/\/api.w.org\/{rel}","templated":true}]}}