{"id":1983,"date":"2024-06-11T06:59:32","date_gmt":"2024-06-11T06:59:32","guid":{"rendered":"https:\/\/lysinterfilter.com\/?post_type=product&#038;p=1983"},"modified":"2026-03-03T08:26:16","modified_gmt":"2026-03-03T08:26:16","slug":"battery-explosion-proof-disc","status":"publish","type":"product","link":"https:\/\/lysinterfilter.com\/tr\/manufacturer\/battery-explosion-proof-disc\/","title":{"rendered":"Pil patlamaya dayan\u0131kl\u0131 disk"},"content":{"rendered":"<div class=\"row\"  id=\"row-362205570\">\n\n\t<div id=\"col-1637259675\" class=\"col small-12 large-12\"  >\n\t\t\t\t<div class=\"col-inner\"  >\n\t\t\t\n\t\t\t\n<h3><strong>\u00dcR\u00dcN A\u00c7IKLAMASI<\/strong><\/h3>\n<p>Pil patlamaya dayan\u0131kl\u0131 plaka kesinlikle \u00c7in Halk Cumhuriyeti mekanik end\u00fcstrisine uygundur<\/p>\n<p>standart JB\/T13623-2019 kur\u015fun-asit ak\u00fc egzozu, gaz filtre cihaz\u0131 teknik \u00f6zellikleri. PE veya<\/p>\n<p>Bilimsel orana g\u00f6re sinterlenmi\u015f PP tozu, y\u00fcksek mukavemet, d\u00fczg\u00fcn a\u00e7\u0131kl\u0131k, iyi hava ge\u00e7irgenli\u011fi vb.<\/p>\n\t\t<\/div>\n\t\t\t\t\t<\/div>\n\n\t\n\n\t<div id=\"col-1897544817\" class=\"col small-12 large-12\"  >\n\t\t\t\t<div class=\"col-inner\"  >\n\t\t\t\n\t\t\t\n<h3><strong>\u00dcR\u00dcN PERFORMANSI<\/strong><\/h3>\n<p>Ak\u00fc hava filtresinin ba\u015fl\u0131ca g\u00f6stergeleri hava ge\u00e7irgenli\u011fi, hidrofobisite ve asit direncidir. Hava ge\u00e7irgenli\u011finin ba\u015fl\u0131ca i\u015flevi, ak\u00fcn\u00fcn \u015farj i\u015flemi s\u0131ras\u0131nda hava bas\u0131nc\u0131n\u0131n olu\u015fmamas\u0131d\u0131r. Hava<\/p>\n<p>filtre, pilin patlamas\u0131n\u0131 \u00f6nlemek i\u00e7in gaz\u0131 kendi mikro g\u00f6zeneklerinden serbest b\u0131rakacakt\u0131r. Hidrofobisite,<\/p>\n<p>su damlac\u0131klar\u0131n\u0131n hava filtresinin y\u00fczeyine d\u00fc\u015ferek bir dakika i\u00e7inde deforme edilemeyen bir top olu\u015fturmas\u0131 ve<\/p>\n<p>hava filtresine n\u00fcfuz edemez.<\/p>\n\t\t<\/div>\n\t\t\t\t\t<\/div>\n\n\t\n\n\t<div id=\"col-939894288\" class=\"col small-12 large-12\"  >\n\t\t\t\t<div class=\"col-inner\"  >\n\t\t\t\n\t\t\t\n<h3><strong>TEKN\u0130K PARAMETRELER<\/strong><\/h3>\n<p>\u00c7al\u0131\u015fma s\u0131cakl\u0131\u011f\u0131:PE\/PP\u226480\u00b0C<\/p>\n<p>\u00c7al\u0131\u015fma bas\u0131nc\u0131: 0.1Mpa-0.6Mpa<\/p>\n<p>Filtrasyon hassasiyeti: 10\u03bcm-30\u03bcm<\/p>\n\t\t<\/div>\n\t\t\t\t\t<\/div>\n\n\t\n\n\t<div id=\"col-2134883028\" class=\"col small-12 large-12\"  >\n\t\t\t\t<div class=\"col-inner\"  >\n\t\t\t\n\t\t\t\n<h3><strong>Foto\u011fraflar:<\/strong><\/h3>\n\t<div class=\"img has-hover x md-x lg-x y md-y lg-y\" id=\"image_1307006546\">\n\t\t\t\t\t\t\t\t<div class=\"img-inner dark\" >\n\t\t\t<img loading=\"lazy\" decoding=\"async\" width=\"1024\" height=\"600\" src=\"https:\/\/lysinterfilter.com\/wp-content\/uploads\/2026\/02\/dic9.jpg\" class=\"attachment-original size-original\" alt=\"\" srcset=\"https:\/\/lysinterfilter.com\/wp-content\/uploads\/2026\/02\/dic9.jpg 1024w, https:\/\/lysinterfilter.com\/wp-content\/uploads\/2026\/02\/dic9-300x176.jpg 300w, https:\/\/lysinterfilter.com\/wp-content\/uploads\/2026\/02\/dic9-768x450.jpg 768w, https:\/\/lysinterfilter.com\/wp-content\/uploads\/2026\/02\/dic9-18x12.jpg 18w, https:\/\/lysinterfilter.com\/wp-content\/uploads\/2026\/02\/dic9-600x352.jpg 600w\" sizes=\"auto, (max-width: 1024px) 100vw, 1024px\" \/>\t\t\t\t\t\t\n\t\t\t\t\t<\/div>\n\t\t\t\t\t\t\t\t\n<style>\n#image_1307006546 {\n  width: 100%;\n}\n<\/style>\n\t<\/div>\n\t\n<p><strong>Hava filtresi \/ patlamaya dayan\u0131kl\u0131 levha \u00f6zellikleri:<\/strong><\/p>\n\t<div class=\"img has-hover x md-x lg-x y md-y lg-y\" id=\"image_494894534\">\n\t\t\t\t\t\t\t\t<div class=\"img-inner dark\" >\n\t\t\t<img loading=\"lazy\" decoding=\"async\" width=\"1024\" height=\"436\" src=\"https:\/\/lysinterfilter.com\/wp-content\/uploads\/2026\/03\/table.jpg\" class=\"attachment-original size-original\" alt=\"\" srcset=\"https:\/\/lysinterfilter.com\/wp-content\/uploads\/2026\/03\/table.jpg 1024w, https:\/\/lysinterfilter.com\/wp-content\/uploads\/2026\/03\/table-300x128.jpg 300w, https:\/\/lysinterfilter.com\/wp-content\/uploads\/2026\/03\/table-768x327.jpg 768w, https:\/\/lysinterfilter.com\/wp-content\/uploads\/2026\/03\/table-18x8.jpg 18w, https:\/\/lysinterfilter.com\/wp-content\/uploads\/2026\/03\/table-600x255.jpg 600w\" sizes=\"auto, (max-width: 1024px) 100vw, 1024px\" \/>\t\t\t\t\t\t\n\t\t\t\t\t<\/div>\n\t\t\t\t\t\t\t\t\n<style>\n#image_494894534 {\n  width: 100%;\n}\n<\/style>\n\t<\/div>\n\t\n<p><span style=\"color: #ed1c24;\"><strong>*Daha fazla \u00f6zellik ve stil, standart d\u0131\u015f\u0131 \u00f6zelle\u015ftirme sa\u011flayabilir.<\/strong><\/span><\/p>\n\t\t<\/div>\n\t\t\t\t\t<\/div>\n\n\t\n\n\t<div id=\"col-819134727\" class=\"col small-12 large-12\"  >\n\t\t\t\t<div class=\"col-inner\"  >\n\t\t\t\n\t\t\t\n<h3>Ba\u015fvuru<\/h3>\n\t<div class=\"img has-hover x md-x lg-x y md-y lg-y\" id=\"image_2029611373\">\n\t\t\t\t\t\t\t\t<div class=\"img-inner dark\" >\n\t\t\t<img loading=\"lazy\" decoding=\"async\" width=\"730\" height=\"504\" src=\"https:\/\/lysinterfilter.com\/wp-content\/uploads\/2024\/06\/62.webp\" class=\"attachment-original size-original\" alt=\"\" srcset=\"https:\/\/lysinterfilter.com\/wp-content\/uploads\/2024\/06\/62.webp 730w, https:\/\/lysinterfilter.com\/wp-content\/uploads\/2024\/06\/62-300x207.webp 300w, https:\/\/lysinterfilter.com\/wp-content\/uploads\/2024\/06\/62-18x12.webp 18w, https:\/\/lysinterfilter.com\/wp-content\/uploads\/2024\/06\/62-600x414.webp 600w\" sizes=\"auto, (max-width: 730px) 100vw, 730px\" \/>\t\t\t\t\t\t\n\t\t\t\t\t<\/div>\n\t\t\t\t\t\t\t\t\n<style>\n#image_2029611373 {\n  width: 100%;\n}\n<\/style>\n\t<\/div>\n\t\n\t\t<\/div>\n\t\t\t\t\t<\/div>\n\n\t\n\n\t<div id=\"col-694304316\" class=\"col small-12 large-12\"  >\n\t\t\t\t<div class=\"col-inner\"  >\n\t\t\t\n\t\t\t\n<h3>Sertifikalar<\/h3>\n\t<div class=\"img has-hover x md-x lg-x y md-y lg-y\" id=\"image_973354133\">\n\t\t\t\t\t\t\t\t<div class=\"img-inner dark\" >\n\t\t\t<img loading=\"lazy\" decoding=\"async\" width=\"750\" height=\"450\" src=\"https:\/\/lysinterfilter.com\/wp-content\/uploads\/2024\/06\/Certifications.webp\" class=\"attachment-original size-original\" alt=\"\" srcset=\"https:\/\/lysinterfilter.com\/wp-content\/uploads\/2024\/06\/Certifications.webp 750w, https:\/\/lysinterfilter.com\/wp-content\/uploads\/2024\/06\/Certifications-300x180.webp 300w, https:\/\/lysinterfilter.com\/wp-content\/uploads\/2024\/06\/Certifications-18x12.webp 18w, https:\/\/lysinterfilter.com\/wp-content\/uploads\/2024\/06\/Certifications-600x360.webp 600w\" sizes=\"auto, (max-width: 750px) 100vw, 750px\" \/>\t\t\t\t\t\t\n\t\t\t\t\t<\/div>\n\t\t\t\t\t\t\t\t\n<style>\n#image_973354133 {\n  width: 100%;\n}\n<\/style>\n\t<\/div>\n\t\n\t\t<\/div>\n\t\t\t\t\t<\/div>\n\n\t\n<\/div>","protected":false},"excerpt":{"rendered":"<ul>\n<li>Minimum Sipari\u015f Adedi\uff1a<span id=\"dr_show_hits_179\">1 ADET<\/span><\/li>\n<li>\u00d6zelle\u015ftirilmi\u015f\uff1aKabul Edildi<\/li>\n<li>Brand\uff1aOEM<\/li>\n<li>Teslimat S\u00fcresi: 7 g\u00fcn i\u00e7inde<\/li>\n<li>Sertifikasyon\uff1aCE;ISO 9001<\/li>\n<li>E-posta G\u00f6nder:<\/li>\n<li><a href=\"mailto:info@lysinterfilter.com\">info@lysinterfilter.com<\/a><\/li>\n<\/ul>","protected":false},"featured_media":2717,"template":"","meta":[],"product_brand":[],"product_cat":[15],"product_tag":[],"class_list":{"0":"post-1983","1":"product","2":"type-product","3":"status-publish","4":"has-post-thumbnail","6":"product_cat-pe-sintered-industrialapplication","8":"first","9":"instock","10":"shipping-taxable","11":"product-type-simple"},"yoast_head":"<!-- This site is optimized with the Yoast SEO plugin v27.2 - https:\/\/yoast.com\/product\/yoast-seo-wordpress\/ -->\n<title>Battery explosion-proof disc - Porous Plastic Filter Manufacturer China<\/title>\n<meta name=\"description\" content=\"Ensure safety and reliability with our battery explosion-proof discs. Designed to prevent hazardous explosions, these high-quality discs offer superior protection for batteries in various applications. Trust our explosion-proof discs for optimal safety and peace of mind.\" \/>\n<meta name=\"robots\" content=\"index, follow, max-snippet:-1, max-image-preview:large, max-video-preview:-1\" \/>\n<link rel=\"canonical\" href=\"https:\/\/lysinterfilter.com\/tr\/manufacturer\/battery-explosion-proof-disc\/\" \/>\n<meta property=\"og:locale\" content=\"tr_TR\" \/>\n<meta property=\"og:type\" content=\"article\" \/>\n<meta property=\"og:title\" content=\"Battery explosion-proof disc - Porous Plastic Filter Manufacturer China\" \/>\n<meta property=\"og:description\" content=\"Ensure safety and reliability with our battery explosion-proof discs. Designed to prevent hazardous explosions, these high-quality discs offer superior protection for batteries in various applications. Trust our explosion-proof discs for optimal safety and peace of mind.\" \/>\n<meta property=\"og:url\" content=\"https:\/\/lysinterfilter.com\/tr\/manufacturer\/battery-explosion-proof-disc\/\" \/>\n<meta property=\"og:site_name\" content=\"Porous Plastic Filter Manufacturer China\" \/>\n<meta property=\"article:modified_time\" content=\"2026-03-03T08:26:16+00:00\" \/>\n<meta property=\"og:image\" content=\"https:\/\/lysinterfilter.com\/wp-content\/uploads\/2024\/06\/dic5.jpg\" \/>\n\t<meta property=\"og:image:width\" content=\"1024\" \/>\n\t<meta property=\"og:image:height\" content=\"1024\" \/>\n\t<meta property=\"og:image:type\" content=\"image\/jpeg\" \/>\n<meta name=\"twitter:card\" content=\"summary_large_image\" \/>\n<meta name=\"twitter:label1\" content=\"Tahmini okuma s\u00fcresi\" \/>\n\t<meta name=\"twitter:data1\" content=\"2 dakika\" \/>\n<script type=\"application\/ld+json\" class=\"yoast-schema-graph\">{\"@context\":\"https:\/\/schema.org\",\"@graph\":[{\"@type\":\"WebPage\",\"@id\":\"https:\/\/lysinterfilter.com\/manufacturer\/battery-explosion-proof-disc\/\",\"url\":\"https:\/\/lysinterfilter.com\/manufacturer\/battery-explosion-proof-disc\/\",\"name\":\"Battery explosion-proof disc - Porous Plastic Filter Manufacturer China\",\"isPartOf\":{\"@id\":\"https:\/\/lysinterfilter.com\/#website\"},\"primaryImageOfPage\":{\"@id\":\"https:\/\/lysinterfilter.com\/manufacturer\/battery-explosion-proof-disc\/#primaryimage\"},\"image\":{\"@id\":\"https:\/\/lysinterfilter.com\/manufacturer\/battery-explosion-proof-disc\/#primaryimage\"},\"thumbnailUrl\":\"https:\/\/lysinterfilter.com\/wp-content\/uploads\/2024\/06\/dic5.jpg\",\"datePublished\":\"2024-06-11T06:59:32+00:00\",\"dateModified\":\"2026-03-03T08:26:16+00:00\",\"description\":\"Ensure safety and reliability with our battery explosion-proof discs. Designed to prevent hazardous explosions, these high-quality discs offer superior protection for batteries in various applications. Trust our explosion-proof discs for optimal safety and peace of mind.\",\"breadcrumb\":{\"@id\":\"https:\/\/lysinterfilter.com\/manufacturer\/battery-explosion-proof-disc\/#breadcrumb\"},\"inLanguage\":\"tr\",\"potentialAction\":[{\"@type\":\"ReadAction\",\"target\":[\"https:\/\/lysinterfilter.com\/manufacturer\/battery-explosion-proof-disc\/\"]}]},{\"@type\":\"ImageObject\",\"inLanguage\":\"tr\",\"@id\":\"https:\/\/lysinterfilter.com\/manufacturer\/battery-explosion-proof-disc\/#primaryimage\",\"url\":\"https:\/\/lysinterfilter.com\/wp-content\/uploads\/2024\/06\/dic5.jpg\",\"contentUrl\":\"https:\/\/lysinterfilter.com\/wp-content\/uploads\/2024\/06\/dic5.jpg\",\"width\":1024,\"height\":1024,\"caption\":\"{\\\"data\\\":{\\\"pictureId\\\":\\\"cafc8b27d37342268029c9d4359424a6\\\",\\\"appversion\\\":\\\"14.0.0\\\",\\\"stickerId\\\":\\\"\\\",\\\"filterId\\\":\\\"\\\",\\\"infoStickerId\\\":\\\"\\\",\\\"imageEffectId\\\":\\\"\\\",\\\"playId\\\":\\\"\\\",\\\"activityName\\\":\\\"\\\",\\\"os\\\":\\\"android\\\",\\\"product\\\":\\\"retouch\\\",\\\"originAppId\\\":\\\"2515\\\",\\\"exportType\\\":\\\"\\\",\\\"editType\\\":\\\"\\\",\\\"alias\\\":\\\"\\\",\\\"enterFrom\\\":\\\"enter_launch\\\",\\\"capability_key\\\":[\\\"erase\\\"],\\\"capability_extra_v2\\\":{\\\"erase\\\":[{\\\"panel\\\":\\\"eliminatePen\\\"}]},\\\"effect_type\\\":\\\"tool\\\",\\\"effect_id\\\":\\\"erase\\\"},\\\"source_type\\\":\\\"douyin_beauty_me\\\"}\"},{\"@type\":\"BreadcrumbList\",\"@id\":\"https:\/\/lysinterfilter.com\/manufacturer\/battery-explosion-proof-disc\/#breadcrumb\",\"itemListElement\":[{\"@type\":\"ListItem\",\"position\":1,\"name\":\"Home\",\"item\":\"https:\/\/lysinterfilter.com\/\"},{\"@type\":\"ListItem\",\"position\":2,\"name\":\"Products\",\"item\":\"https:\/\/lysinterfilter.com\/shop\/\"},{\"@type\":\"ListItem\",\"position\":3,\"name\":\"Battery explosion-proof disc\"}]},{\"@type\":\"WebSite\",\"@id\":\"https:\/\/lysinterfilter.com\/#website\",\"url\":\"https:\/\/lysinterfilter.com\/\",\"name\":\"Porous Plastic Filter Manufacturer China\",\"description\":\"\",\"potentialAction\":[{\"@type\":\"SearchAction\",\"target\":{\"@type\":\"EntryPoint\",\"urlTemplate\":\"https:\/\/lysinterfilter.com\/?s={search_term_string}\"},\"query-input\":{\"@type\":\"PropertyValueSpecification\",\"valueRequired\":true,\"valueName\":\"search_term_string\"}}],\"inLanguage\":\"tr\"}]}<\/script>\n<!-- \/ Yoast SEO plugin. -->","yoast_head_json":{"title":"Battery explosion-proof disc - Porous Plastic Filter Manufacturer China","description":"Pil patlamaya dayan\u0131kl\u0131 disklerimizle g\u00fcvenli\u011fi ve g\u00fcvenilirli\u011fi garantileyin. Tehlikeli patlamalar\u0131 \u00f6nlemek i\u00e7in tasarlanan bu y\u00fcksek kaliteli diskler, \u00e7e\u015fitli uygulamalarda piller i\u00e7in \u00fcst\u00fcn koruma sunar. Optimum g\u00fcvenlik ve g\u00f6n\u00fcl rahatl\u0131\u011f\u0131 i\u00e7in patlamaya dayan\u0131kl\u0131 disklerimize g\u00fcvenin.","robots":{"index":"index","follow":"follow","max-snippet":"max-snippet:-1","max-image-preview":"max-image-preview:large","max-video-preview":"max-video-preview:-1"},"canonical":"https:\/\/lysinterfilter.com\/tr\/manufacturer\/battery-explosion-proof-disc\/","og_locale":"tr_TR","og_type":"article","og_title":"Battery explosion-proof disc - Porous Plastic Filter Manufacturer China","og_description":"Ensure safety and reliability with our battery explosion-proof discs. Designed to prevent hazardous explosions, these high-quality discs offer superior protection for batteries in various applications. Trust our explosion-proof discs for optimal safety and peace of mind.","og_url":"https:\/\/lysinterfilter.com\/tr\/manufacturer\/battery-explosion-proof-disc\/","og_site_name":"Porous Plastic Filter Manufacturer China","article_modified_time":"2026-03-03T08:26:16+00:00","og_image":[{"width":1024,"height":1024,"url":"https:\/\/lysinterfilter.com\/wp-content\/uploads\/2024\/06\/dic5.jpg","type":"image\/jpeg"}],"twitter_card":"summary_large_image","twitter_misc":{"Tahmini okuma s\u00fcresi":"2 dakika"},"schema":{"@context":"https:\/\/schema.org","@graph":[{"@type":"WebPage","@id":"https:\/\/lysinterfilter.com\/manufacturer\/battery-explosion-proof-disc\/","url":"https:\/\/lysinterfilter.com\/manufacturer\/battery-explosion-proof-disc\/","name":"Battery explosion-proof disc - Porous Plastic Filter Manufacturer China","isPartOf":{"@id":"https:\/\/lysinterfilter.com\/#website"},"primaryImageOfPage":{"@id":"https:\/\/lysinterfilter.com\/manufacturer\/battery-explosion-proof-disc\/#primaryimage"},"image":{"@id":"https:\/\/lysinterfilter.com\/manufacturer\/battery-explosion-proof-disc\/#primaryimage"},"thumbnailUrl":"https:\/\/lysinterfilter.com\/wp-content\/uploads\/2024\/06\/dic5.jpg","datePublished":"2024-06-11T06:59:32+00:00","dateModified":"2026-03-03T08:26:16+00:00","description":"Pil patlamaya dayan\u0131kl\u0131 disklerimizle g\u00fcvenli\u011fi ve g\u00fcvenilirli\u011fi garantileyin. Tehlikeli patlamalar\u0131 \u00f6nlemek i\u00e7in tasarlanan bu y\u00fcksek kaliteli diskler, \u00e7e\u015fitli uygulamalarda piller i\u00e7in \u00fcst\u00fcn koruma sunar. Optimum g\u00fcvenlik ve g\u00f6n\u00fcl rahatl\u0131\u011f\u0131 i\u00e7in patlamaya dayan\u0131kl\u0131 disklerimize g\u00fcvenin.","breadcrumb":{"@id":"https:\/\/lysinterfilter.com\/manufacturer\/battery-explosion-proof-disc\/#breadcrumb"},"inLanguage":"tr","potentialAction":[{"@type":"ReadAction","target":["https:\/\/lysinterfilter.com\/manufacturer\/battery-explosion-proof-disc\/"]}]},{"@type":"ImageObject","inLanguage":"tr","@id":"https:\/\/lysinterfilter.com\/manufacturer\/battery-explosion-proof-disc\/#primaryimage","url":"https:\/\/lysinterfilter.com\/wp-content\/uploads\/2024\/06\/dic5.jpg","contentUrl":"https:\/\/lysinterfilter.com\/wp-content\/uploads\/2024\/06\/dic5.jpg","width":1024,"height":1024,"caption":"{\"data\":{\"pictureId\":\"cafc8b27d37342268029c9d4359424a6\",\"appversion\":\"14.0.0\",\"stickerId\":\"\",\"filterId\":\"\",\"infoStickerId\":\"\",\"imageEffectId\":\"\",\"playId\":\"\",\"activityName\":\"\",\"os\":\"android\",\"product\":\"retouch\",\"originAppId\":\"2515\",\"exportType\":\"\",\"editType\":\"\",\"alias\":\"\",\"enterFrom\":\"enter_launch\",\"capability_key\":[\"erase\"],\"capability_extra_v2\":{\"erase\":[{\"panel\":\"eliminatePen\"}]},\"effect_type\":\"tool\",\"effect_id\":\"erase\"},\"source_type\":\"douyin_beauty_me\"}"},{"@type":"BreadcrumbList","@id":"https:\/\/lysinterfilter.com\/manufacturer\/battery-explosion-proof-disc\/#breadcrumb","itemListElement":[{"@type":"ListItem","position":1,"name":"Home","item":"https:\/\/lysinterfilter.com\/"},{"@type":"ListItem","position":2,"name":"Products","item":"https:\/\/lysinterfilter.com\/shop\/"},{"@type":"ListItem","position":3,"name":"Battery explosion-proof disc"}]},{"@type":"WebSite","@id":"https:\/\/lysinterfilter.com\/#website","url":"https:\/\/lysinterfilter.com\/","name":"Porous Plastic Filter Manufacturer China","description":"","potentialAction":[{"@type":"SearchAction","target":{"@type":"EntryPoint","urlTemplate":"https:\/\/lysinterfilter.com\/?s={search_term_string}"},"query-input":{"@type":"PropertyValueSpecification","valueRequired":true,"valueName":"search_term_string"}}],"inLanguage":"tr"}]}},"_links":{"self":[{"href":"https:\/\/lysinterfilter.com\/tr\/wp-json\/wp\/v2\/product\/1983","targetHints":{"allow":["GET"]}}],"collection":[{"href":"https:\/\/lysinterfilter.com\/tr\/wp-json\/wp\/v2\/product"}],"about":[{"href":"https:\/\/lysinterfilter.com\/tr\/wp-json\/wp\/v2\/types\/product"}],"wp:featuredmedia":[{"embeddable":true,"href":"https:\/\/lysinterfilter.com\/tr\/wp-json\/wp\/v2\/media\/2717"}],"wp:attachment":[{"href":"https:\/\/lysinterfilter.com\/tr\/wp-json\/wp\/v2\/media?parent=1983"}],"wp:term":[{"taxonomy":"product_brand","embeddable":true,"href":"https:\/\/lysinterfilter.com\/tr\/wp-json\/wp\/v2\/product_brand?post=1983"},{"taxonomy":"product_cat","embeddable":true,"href":"https:\/\/lysinterfilter.com\/tr\/wp-json\/wp\/v2\/product_cat?post=1983"},{"taxonomy":"product_tag","embeddable":true,"href":"https:\/\/lysinterfilter.com\/tr\/wp-json\/wp\/v2\/product_tag?post=1983"}],"curies":[{"name":"wp","href":"https:\/\/api.w.org\/{rel}","templated":true}]}}