{"id":1897,"date":"2024-06-07T09:46:17","date_gmt":"2024-06-07T09:46:17","guid":{"rendered":"https:\/\/lysinterfilter.com\/?post_type=product&#038;p=1897"},"modified":"2026-02-28T10:33:23","modified_gmt":"2026-02-28T10:33:23","slug":"vacuum-feeder-filter-element","status":"publish","type":"product","link":"https:\/\/lysinterfilter.com\/tr\/manufacturer\/vacuum-feeder-filter-element\/","title":{"rendered":"Vakum besleyici filtre eleman\u0131"},"content":{"rendered":"<div class=\"row\"  id=\"row-1250050829\">\n\n\t<div id=\"col-573960948\" class=\"col small-12 large-12\"  >\n\t\t\t\t<div class=\"col-inner\"  >\n\t\t\t\n\t\t\t\n<h3><strong>\u00dcR\u00dcN A\u00c7IKLAMASI<\/strong><\/h3>\n<p>PE sinterlenmi\u015f vakumlu besleyici filtre eleman\u0131 ultra y\u00fcksek molek\u00fcler polietilen hammaddelerle sinterlenmi\u015ftir.<\/p>\n<p>sinterlenmi\u015f ve bilimsel form\u00fclle olu\u015fturulmu\u015ftur. Kompakt bir yap\u0131ya sahiptir, hafiftir, y\u00fcksek filtrasyon bas\u0131nc\u0131na dayanabilir ve filtre eleman\u0131n\u0131n g\u00f6zenek \u00e7ap\u0131 i\u00e7eride ve d\u0131\u015far\u0131da ayn\u0131d\u0131r ve geri \u00fcflemesi kolayd\u0131r<\/p>\n<p>ve c\u00fcrufu temizler, asit ve alkali \u00e7\u00f6z\u00fcc\u00fclere kar\u015f\u0131 iyi korozyon direncine sahiptir.<\/p>\n\t\t<\/div>\n\t\t\t\t\t<\/div>\n\n\t\n\n\t<div id=\"col-188472418\" class=\"col small-12 large-12\"  >\n\t\t\t\t<div class=\"col-inner\"  >\n\t\t\t\n\t\t\t\n<h3><strong>\u00dcR\u00dcN PERFORMANSI<\/strong><\/h3>\n<p>Besleme makinesi ve emi\u015f makinesinde toz tutma i\u00e7in esas olarak kullan\u0131l\u0131r. Hassasiyet se\u00e7ilebilir<\/p>\n<p>0,5 ila 10\u03bcm aras\u0131nda ve filtreleme etkisi iyidir. Filtre eleman\u0131n\u0131n ortas\u0131nda paslanmaz \u00e7elik \u00e7ubuklar bulunur<\/p>\n<p>Her iki taraftaki eklemleri birbirine ba\u011flamak i\u00e7in baz\u0131 \u00f6zellikler, her iki u\u00e7taki eklemleri daha kararl\u0131 hale getirir. Tekd\u00fcze g\u00f6zenek<\/p>\n<p>boyut da\u011f\u0131l\u0131m\u0131, g\u00fc\u00e7l\u00fc asit ve alkali direnci, iyi mekanik \u00f6zellikler, organik maddelere kar\u015f\u0131 g\u00fc\u00e7l\u00fc diren\u00e7<\/p>\n<p>\u00e7\u00f6z\u00fcc\u00fc erozyonu, otomatik veya manuel geri tepmeli c\u00fcruf temizleme y\u00f6ntemi kullan\u0131labilir, kat\u0131 par\u00e7ac\u0131klar geri kazan\u0131labilir<\/p>\n<p>kuru c\u00fcruf giderimi ve filtre eleman\u0131n\u0131n s\u0131k s\u0131k de\u011fi\u015ftirilmesi gerekmez. D\u00fc\u015f\u00fck maliyet gibi avantajlar<\/p>\n<p>kullanmak.<\/p>\n\t\t<\/div>\n\t\t\t\t\t<\/div>\n\n\t\n\n\t<div id=\"col-622074138\" class=\"col small-12 large-12\"  >\n\t\t\t\t<div class=\"col-inner\"  >\n\t\t\t\n\t\t\t\n<h3><strong>\u00d6ZELL\u0130KLER<\/strong><\/h3>\n<p>Hassasiyet aral\u0131\u011f\u0131: 0,5-10\u03bcm<\/p>\n<p>Uzunluk aral\u0131\u011f\u0131: 120mm-200mm-300mm-400mm-500mm-600mm<\/p>\n<p>Yayg\u0131n \u00e7ap: \u03c650 \u03c660<\/p>\n<p>Di\u015f ba\u011flant\u0131 spesifikasyonu: M20-M22-M26-M30<\/p>\n<p>F\u0131nd\u0131k: Tek veya \u00c7ift<\/p>\n<p>\u00c7al\u0131\u015fma s\u0131cakl\u0131\u011f\u0131: PE\u226480\u00b0C<\/p>\n<p>\u00c7al\u0131\u015fma bas\u0131nc\u0131: 0.1MPa-0.6MPa<\/p>\n\t\t<\/div>\n\t\t\t\t\t<\/div>\n\n\t\n\n\t<div id=\"col-2086048222\" class=\"col small-12 large-12\"  >\n\t\t\t\t<div class=\"col-inner\"  >\n\t\t\t\n\t\t\t\n<h3><strong>Foto\u011fraflar:<\/strong><\/h3>\n\t<div class=\"img has-hover x md-x lg-x y md-y lg-y\" id=\"image_215135060\">\n\t\t\t\t\t\t\t\t<div class=\"img-inner dark\" >\n\t\t\t<img loading=\"lazy\" decoding=\"async\" width=\"1024\" height=\"600\" src=\"https:\/\/lysinterfilter.com\/wp-content\/uploads\/2024\/06\/ve5.jpg\" class=\"attachment-original size-original\" alt=\"\" srcset=\"https:\/\/lysinterfilter.com\/wp-content\/uploads\/2024\/06\/ve5.jpg 1024w, https:\/\/lysinterfilter.com\/wp-content\/uploads\/2024\/06\/ve5-300x176.jpg 300w, https:\/\/lysinterfilter.com\/wp-content\/uploads\/2024\/06\/ve5-768x450.jpg 768w, https:\/\/lysinterfilter.com\/wp-content\/uploads\/2024\/06\/ve5-18x12.jpg 18w, https:\/\/lysinterfilter.com\/wp-content\/uploads\/2024\/06\/ve5-600x352.jpg 600w\" sizes=\"auto, (max-width: 1024px) 100vw, 1024px\" \/>\t\t\t\t\t\t\n\t\t\t\t\t<\/div>\n\t\t\t\t\t\t\t\t\n<style>\n#image_215135060 {\n  width: 100%;\n}\n<\/style>\n\t<\/div>\n\t\n\t\t<\/div>\n\t\t\t\t\t<\/div>\n\n\t\n\n\t<div id=\"col-376222558\" class=\"col small-12 large-12\"  >\n\t\t\t\t<div class=\"col-inner\"  >\n\t\t\t\n\t\t\t\n<h3><strong>\u00d6zellikler:<\/strong><\/h3>\n<p>Do\u011fruluk: 0,5-100\u03bcm<br \/>\nUzunluk: 120mm-200mm-300mm-400mm-500mm-600mm<br \/>\n\u00c7ap: \u03a650\u03a660<br \/>\nDi\u015fli Ba\u011flant\u0131 \u00d6zellikleri: M20-M22-M26-M30<br \/>\nSomun: tek veya \u00e7ift somun<\/p>\n\t<div class=\"img has-hover x md-x lg-x y md-y lg-y\" id=\"image_120053797\">\n\t\t\t\t\t\t\t\t<div class=\"img-inner dark\" >\n\t\t\t<img loading=\"lazy\" decoding=\"async\" width=\"1024\" height=\"448\" src=\"https:\/\/lysinterfilter.com\/wp-content\/uploads\/2026\/02\/ve6.jpg\" class=\"attachment-original size-original\" alt=\"\" srcset=\"https:\/\/lysinterfilter.com\/wp-content\/uploads\/2026\/02\/ve6.jpg 1024w, https:\/\/lysinterfilter.com\/wp-content\/uploads\/2026\/02\/ve6-300x131.jpg 300w, https:\/\/lysinterfilter.com\/wp-content\/uploads\/2026\/02\/ve6-768x336.jpg 768w, https:\/\/lysinterfilter.com\/wp-content\/uploads\/2026\/02\/ve6-18x8.jpg 18w, https:\/\/lysinterfilter.com\/wp-content\/uploads\/2026\/02\/ve6-600x263.jpg 600w\" sizes=\"auto, (max-width: 1024px) 100vw, 1024px\" \/>\t\t\t\t\t\t\n\t\t\t\t\t<\/div>\n\t\t\t\t\t\t\t\t\n<style>\n#image_120053797 {\n  width: 100%;\n}\n<\/style>\n\t<\/div>\n\t\n<p><span style=\"color: #ed1c24;\"><strong>*Daha fazla \u00f6zellik ve stil, standart d\u0131\u015f\u0131 \u00f6zelle\u015ftirme sa\u011flayabilir.<\/strong><\/span><\/p>\n\t\t<\/div>\n\t\t\t\t\t<\/div>\n\n\t\n\n\t<div id=\"col-767316787\" class=\"col small-12 large-12\"  >\n\t\t\t\t<div class=\"col-inner\"  >\n\t\t\t\n\t\t\t\n<h3>Ba\u015fvuru<\/h3>\n\t<div class=\"img has-hover x md-x lg-x y md-y lg-y\" id=\"image_1070002597\">\n\t\t\t\t\t\t\t\t<div class=\"img-inner dark\" >\n\t\t\t<img loading=\"lazy\" decoding=\"async\" width=\"750\" height=\"350\" src=\"https:\/\/lysinterfilter.com\/wp-content\/uploads\/2024\/06\/Application.webp\" class=\"attachment-original size-original\" alt=\"\" srcset=\"https:\/\/lysinterfilter.com\/wp-content\/uploads\/2024\/06\/Application.webp 750w, https:\/\/lysinterfilter.com\/wp-content\/uploads\/2024\/06\/Application-300x140.webp 300w, https:\/\/lysinterfilter.com\/wp-content\/uploads\/2024\/06\/Application-18x8.webp 18w, https:\/\/lysinterfilter.com\/wp-content\/uploads\/2024\/06\/Application-600x280.webp 600w\" sizes=\"auto, (max-width: 750px) 100vw, 750px\" \/>\t\t\t\t\t\t\n\t\t\t\t\t<\/div>\n\t\t\t\t\t\t\t\t\n<style>\n#image_1070002597 {\n  width: 100%;\n}\n<\/style>\n\t<\/div>\n\t\n<p>A.\u0130la\u00e7 End\u00fcstrisi<\/p>\n<p>(1) B\u00fcy\u00fck miktarda su inf\u00fczyonu, farmas\u00f6tik ara maddelerin karbondan ar\u0131nd\u0131r\u0131lmas\u0131<\/p>\n<p>filtrasyon; fermantasyon suyu, a\u011f\u0131z s\u0131v\u0131s\u0131<\/p>\n<p>(2) Renk giderici filtreli toz aktif karbon (t\u0131bbi s\u0131v\u0131)<\/p>\n<p>glikoz,antibiyotikler,sentetik ila\u00e7,haz\u0131rl\u0131k,\u00c7in bitkisel ilac\u0131<\/p>\n<p>s\u0131v\u0131,vb.)<\/p>\n<p>(3)Enjeksiyon s\u0131v\u0131s\u0131<\/p>\n<p>(4)Enjeksiyon hava filtresi<\/p>\n<p>(5)Enjeksiyon y\u0131kama \u015fi\u015fesi suyu<\/p>\n<p>(6)T\u0131bbi s\u0131v\u0131 filtrasyonu<\/p>\n<p>B.Kimya End\u00fcstrisi<\/p>\n<p>(1)Al\u00fcminyum hidroksit filtreleme ve y\u0131kama<\/p>\n<p>(2)Paladyum kataliz\u00f6r filtreleme ve y\u0131kama<\/p>\n<p>(3)Fosfor filtreleme ve y\u0131kama<\/p>\n<p>(4)\u00c7inko karbonat filtreleme<\/p>\n<p>(5)Sodyum karbonat \u00e7\u00f6zeltisi filtrasyonu<\/p>\n<p>(6)Baryum s\u00fclfat filtreleme ve y\u0131kama<\/p>\n<p>(7)Kadmiyum s\u00fclf\u00fcr filtreleme ve y\u0131kama<\/p>\n<p>C.Kimyasal elyaf ve tekstil end\u00fcstrisi<\/p>\n<p>(1)Asit banyosu filtrasyonu<\/p>\n<p>(2)K\u00fck\u00fcrt ve akrilik asit ar\u0131tma filtrasyonu<\/p>\n<p>(3)\u0130pek suyu hassas filtrasyonu<\/p>\n<p>D.Hafif sanayi ve g\u0131da sanayi<\/p>\n<p>(1)\u015eurup filtrasyonu<\/p>\n<p>(2)\u0130\u00e7ecek filtreleme<\/p>\n<p>(3)\u015earap ve beyaz ispirto filtrasyonu<\/p>\n<p>(4)Bitkisel ya\u011f hassas filtrasyonu<\/p>\n<p>(5)Esansiyel ya\u011f filtrasyonu<\/p>\n<p>(6)Mineral suyu filtrasyonu<\/p>\n<p>E.Makine ve Petrol Sanayi<\/p>\n<p>(1) Kaplama \u00e7\u00f6zeltisi filtrasyonu<\/p>\n<p>(2)\u0130\u00e7ten yanmal\u0131 motor temizleme s\u0131v\u0131s\u0131 hassas filtrasyonu<\/p>\n<p>(3)Petrol sahas\u0131 y\u0131kama filtrasyonu<\/p>\n<p>(4)Elektrik end\u00fcstrisi ultra saf su ekipman\u0131<\/p>\n<p>F.At\u0131k su ar\u0131t\u0131m\u0131<\/p>\n<p>(1)A\u011f\u0131r zihinsel hidroksit at\u0131k su ar\u0131t\u0131m\u0131<\/p>\n<p>(2)Kar\u0131\u015f\u0131m a\u011f\u0131r metal at\u0131k su ar\u0131t\u0131m\u0131<\/p>\n<p>(3)Kimyasal at\u0131k su ar\u0131t\u0131m\u0131<\/p>\n<p>(4)Seramik at\u0131k su ar\u0131t\u0131m\u0131<\/p>\n<p>(5)Al\u00fcminyum i\u00e7eren at\u0131k su ar\u0131t\u0131m\u0131<\/p>\n<p>(6)Di\u011fer at\u0131k su ar\u0131tma<\/p>\n\t\t<\/div>\n\t\t\t\t\t<\/div>\n\n\t\n\n\t<div id=\"col-246632811\" class=\"col small-12 large-12\"  >\n\t\t\t\t<div class=\"col-inner\"  >\n\t\t\t\n\t\t\t\n<h3>Sertifikalar<\/h3>\n\t<div class=\"img has-hover x md-x lg-x y md-y lg-y\" id=\"image_1309634916\">\n\t\t\t\t\t\t\t\t<div class=\"img-inner dark\" >\n\t\t\t<img loading=\"lazy\" decoding=\"async\" width=\"750\" height=\"450\" src=\"https:\/\/lysinterfilter.com\/wp-content\/uploads\/2024\/06\/Certifications.webp\" class=\"attachment-original size-original\" alt=\"\" srcset=\"https:\/\/lysinterfilter.com\/wp-content\/uploads\/2024\/06\/Certifications.webp 750w, https:\/\/lysinterfilter.com\/wp-content\/uploads\/2024\/06\/Certifications-300x180.webp 300w, https:\/\/lysinterfilter.com\/wp-content\/uploads\/2024\/06\/Certifications-18x12.webp 18w, https:\/\/lysinterfilter.com\/wp-content\/uploads\/2024\/06\/Certifications-600x360.webp 600w\" sizes=\"auto, (max-width: 750px) 100vw, 750px\" \/>\t\t\t\t\t\t\n\t\t\t\t\t<\/div>\n\t\t\t\t\t\t\t\t\n<style>\n#image_1309634916 {\n  width: 100%;\n}\n<\/style>\n\t<\/div>\n\t\n\t\t<\/div>\n\t\t\t\t\t<\/div>\n\n\t\n<\/div>","protected":false},"excerpt":{"rendered":"<ul>\n<li>Minimum Sipari\u015f Adedi\uff1a<span id=\"dr_show_hits_179\">1 ADET<\/span><\/li>\n<li>\u00d6zelle\u015ftirilmi\u015f\uff1aKabul Edildi<\/li>\n<li>Brand\uff1aOEM<\/li>\n<li>Teslimat S\u00fcresi: 7 g\u00fcn i\u00e7inde<\/li>\n<li>Sertifikasyon\uff1aCE;ISO 9001<\/li>\n<li>E-posta G\u00f6nder:<\/li>\n<li><a href=\"mailto:info@lysinterfilter.com\">info@lysinterfilter.com<\/a><\/li>\n<\/ul>","protected":false},"featured_media":2742,"template":"","meta":[],"product_brand":[],"product_cat":[15],"product_tag":[],"class_list":{"0":"post-1897","1":"product","2":"type-product","3":"status-publish","4":"has-post-thumbnail","6":"product_cat-pe-sintered-industrialapplication","8":"first","9":"instock","10":"shipping-taxable","11":"product-type-simple"},"yoast_head":"<!-- This site is optimized with the Yoast SEO plugin v27.2 - https:\/\/yoast.com\/product\/yoast-seo-wordpress\/ -->\n<title>Vacuum feeder filter element - Porous Plastic Filter Manufacturer China<\/title>\n<meta name=\"description\" content=\"Optimize your vacuum feeder system with our high-performance filter elements. Designed for efficient dust and contaminant removal, our vacuum feeder filters enhance system reliability and performance. Choose our durable and effective solutions for superior filtration in industrial and laboratory applications\" \/>\n<meta name=\"robots\" content=\"index, follow, max-snippet:-1, max-image-preview:large, max-video-preview:-1\" \/>\n<link rel=\"canonical\" href=\"https:\/\/lysinterfilter.com\/tr\/manufacturer\/vacuum-feeder-filter-element\/\" \/>\n<meta property=\"og:locale\" content=\"tr_TR\" \/>\n<meta property=\"og:type\" content=\"article\" \/>\n<meta property=\"og:title\" content=\"Vacuum feeder filter element - Porous Plastic Filter Manufacturer China\" \/>\n<meta property=\"og:description\" content=\"Optimize your vacuum feeder system with our high-performance filter elements. Designed for efficient dust and contaminant removal, our vacuum feeder filters enhance system reliability and performance. Choose our durable and effective solutions for superior filtration in industrial and laboratory applications\" \/>\n<meta property=\"og:url\" content=\"https:\/\/lysinterfilter.com\/tr\/manufacturer\/vacuum-feeder-filter-element\/\" \/>\n<meta property=\"og:site_name\" content=\"Porous Plastic Filter Manufacturer China\" \/>\n<meta property=\"article:modified_time\" content=\"2026-02-28T10:33:23+00:00\" \/>\n<meta property=\"og:image\" content=\"https:\/\/lysinterfilter.com\/wp-content\/uploads\/2024\/06\/ve1.jpg\" \/>\n\t<meta property=\"og:image:width\" content=\"1024\" \/>\n\t<meta property=\"og:image:height\" content=\"902\" \/>\n\t<meta property=\"og:image:type\" content=\"image\/jpeg\" \/>\n<meta name=\"twitter:card\" content=\"summary_large_image\" \/>\n<meta name=\"twitter:label1\" content=\"Tahmini okuma s\u00fcresi\" \/>\n\t<meta name=\"twitter:data1\" content=\"3 dakika\" \/>\n<script type=\"application\/ld+json\" class=\"yoast-schema-graph\">{\"@context\":\"https:\/\/schema.org\",\"@graph\":[{\"@type\":\"WebPage\",\"@id\":\"https:\/\/lysinterfilter.com\/manufacturer\/vacuum-feeder-filter-element\/\",\"url\":\"https:\/\/lysinterfilter.com\/manufacturer\/vacuum-feeder-filter-element\/\",\"name\":\"Vacuum feeder filter element - Porous Plastic Filter Manufacturer China\",\"isPartOf\":{\"@id\":\"https:\/\/lysinterfilter.com\/#website\"},\"primaryImageOfPage\":{\"@id\":\"https:\/\/lysinterfilter.com\/manufacturer\/vacuum-feeder-filter-element\/#primaryimage\"},\"image\":{\"@id\":\"https:\/\/lysinterfilter.com\/manufacturer\/vacuum-feeder-filter-element\/#primaryimage\"},\"thumbnailUrl\":\"https:\/\/lysinterfilter.com\/wp-content\/uploads\/2024\/06\/ve1.jpg\",\"datePublished\":\"2024-06-07T09:46:17+00:00\",\"dateModified\":\"2026-02-28T10:33:23+00:00\",\"description\":\"Optimize your vacuum feeder system with our high-performance filter elements. Designed for efficient dust and contaminant removal, our vacuum feeder filters enhance system reliability and performance. Choose our durable and effective solutions for superior filtration in industrial and laboratory applications\",\"breadcrumb\":{\"@id\":\"https:\/\/lysinterfilter.com\/manufacturer\/vacuum-feeder-filter-element\/#breadcrumb\"},\"inLanguage\":\"tr\",\"potentialAction\":[{\"@type\":\"ReadAction\",\"target\":[\"https:\/\/lysinterfilter.com\/manufacturer\/vacuum-feeder-filter-element\/\"]}]},{\"@type\":\"ImageObject\",\"inLanguage\":\"tr\",\"@id\":\"https:\/\/lysinterfilter.com\/manufacturer\/vacuum-feeder-filter-element\/#primaryimage\",\"url\":\"https:\/\/lysinterfilter.com\/wp-content\/uploads\/2024\/06\/ve1.jpg\",\"contentUrl\":\"https:\/\/lysinterfilter.com\/wp-content\/uploads\/2024\/06\/ve1.jpg\",\"width\":1024,\"height\":902,\"caption\":\"{\\\"data\\\":{\\\"AIGC\\\":{\\\"Label\\\":\\\"1\\\",\\\"ContentProducer\\\":\\\"00119144030008867405X210002\\\",\\\"ProduceID\\\":\\\"b4dd3a0b4b4248b98cd22e8fcc3a78eb\\\",\\\"ReservedCode1\\\":\\\"\\\",\\\"ContentPropagator\\\":\\\"00119144030008867405X220002\\\",\\\"PropagateID\\\":\\\"\\\",\\\"ReservedCode2\\\":\\\"\\\"},\\\"pictureId\\\":\\\"43ef3533430f4fad8540135cfb22bcb4\\\",\\\"appversion\\\":\\\"14.0.0\\\",\\\"stickerId\\\":\\\"\\\",\\\"filterId\\\":\\\"\\\",\\\"infoStickerId\\\":\\\"\\\",\\\"imageEffectId\\\":\\\"\\\",\\\"playId\\\":\\\"7525361529512938806\\\",\\\"activityName\\\":\\\"\\\",\\\"os\\\":\\\"android\\\",\\\"product\\\":\\\"retouch\\\",\\\"originAppId\\\":\\\"2515\\\",\\\"exportType\\\":\\\"\\\",\\\"editType\\\":\\\"\\\",\\\"alias\\\":\\\"UH6PcfMavpR0B26NWRK3F\/bQ5hx0SWHa9+7tRGt4j9lFa3tzOgpm6vRyDzzARKMaTuhSDA4F95ZeoBMf5OYDSB6fkxS2ghZ4e+58YF3xym67eA6ae3XaeThPez10lqimU\/NZTf159LsHKzXFIWxk\/oMKtPzy0LzK1vy50Y0UtQGgLLXwU9TQzgXQV4KGozudoUHd9jWPjADU7k95b8YfkwWj+EC2DfKQHAUiPyV\/xIVWV1G4nvR7\/DMvDfqw0gwMEXPvOtcYiecP+eTA7e1hgie04sKQ\/kW626LWYFSt9IeT3cG2v9jZKpRT8SFtMHai0hBy9kPwJtyUoJlOCWcZOQ==\\\",\\\"enterFrom\\\":\\\"enter_launch\\\",\\\"capability_key\\\":[\\\"playfunction\\\"],\\\"capability_extra_v2\\\":{\\\"playfunction\\\":[{\\\"resource_id\\\":\\\"7525361529512938806\\\",\\\"origin\\\":\\\"heycan\\\"}]},\\\"effect_type\\\":\\\"tool\\\",\\\"effect_id\\\":\\\"playfunction#7525361529512938806\\\"},\\\"source_type\\\":\\\"douyin_beauty_me\\\"}\"},{\"@type\":\"BreadcrumbList\",\"@id\":\"https:\/\/lysinterfilter.com\/manufacturer\/vacuum-feeder-filter-element\/#breadcrumb\",\"itemListElement\":[{\"@type\":\"ListItem\",\"position\":1,\"name\":\"Home\",\"item\":\"https:\/\/lysinterfilter.com\/\"},{\"@type\":\"ListItem\",\"position\":2,\"name\":\"Products\",\"item\":\"https:\/\/lysinterfilter.com\/shop\/\"},{\"@type\":\"ListItem\",\"position\":3,\"name\":\"Vacuum feeder filter element\"}]},{\"@type\":\"WebSite\",\"@id\":\"https:\/\/lysinterfilter.com\/#website\",\"url\":\"https:\/\/lysinterfilter.com\/\",\"name\":\"Porous Plastic Filter Manufacturer China\",\"description\":\"\",\"potentialAction\":[{\"@type\":\"SearchAction\",\"target\":{\"@type\":\"EntryPoint\",\"urlTemplate\":\"https:\/\/lysinterfilter.com\/?s={search_term_string}\"},\"query-input\":{\"@type\":\"PropertyValueSpecification\",\"valueRequired\":true,\"valueName\":\"search_term_string\"}}],\"inLanguage\":\"tr\"}]}<\/script>\n<!-- \/ Yoast SEO plugin. -->","yoast_head_json":{"title":"Vacuum feeder filter element - Porous Plastic Filter Manufacturer China","description":"Y\u00fcksek performansl\u0131 filtre elemanlar\u0131m\u0131z ile vakum besleme sisteminizi optimize edin. Verimli toz ve kirletici giderme i\u00e7in tasarlanan vakum besleme filtrelerimiz sistem g\u00fcvenilirli\u011fini ve performans\u0131n\u0131 art\u0131r\u0131r. End\u00fcstriyel ve laboratuvar uygulamalar\u0131nda \u00fcst\u00fcn filtrasyon i\u00e7in dayan\u0131kl\u0131 ve etkili \u00e7\u00f6z\u00fcmlerimizi se\u00e7in","robots":{"index":"index","follow":"follow","max-snippet":"max-snippet:-1","max-image-preview":"max-image-preview:large","max-video-preview":"max-video-preview:-1"},"canonical":"https:\/\/lysinterfilter.com\/tr\/manufacturer\/vacuum-feeder-filter-element\/","og_locale":"tr_TR","og_type":"article","og_title":"Vacuum feeder filter element - Porous Plastic Filter Manufacturer China","og_description":"Optimize your vacuum feeder system with our high-performance filter elements. Designed for efficient dust and contaminant removal, our vacuum feeder filters enhance system reliability and performance. Choose our durable and effective solutions for superior filtration in industrial and laboratory applications","og_url":"https:\/\/lysinterfilter.com\/tr\/manufacturer\/vacuum-feeder-filter-element\/","og_site_name":"Porous Plastic Filter Manufacturer China","article_modified_time":"2026-02-28T10:33:23+00:00","og_image":[{"width":1024,"height":902,"url":"https:\/\/lysinterfilter.com\/wp-content\/uploads\/2024\/06\/ve1.jpg","type":"image\/jpeg"}],"twitter_card":"summary_large_image","twitter_misc":{"Tahmini okuma s\u00fcresi":"3 dakika"},"schema":{"@context":"https:\/\/schema.org","@graph":[{"@type":"WebPage","@id":"https:\/\/lysinterfilter.com\/manufacturer\/vacuum-feeder-filter-element\/","url":"https:\/\/lysinterfilter.com\/manufacturer\/vacuum-feeder-filter-element\/","name":"Vacuum feeder filter element - Porous Plastic Filter Manufacturer China","isPartOf":{"@id":"https:\/\/lysinterfilter.com\/#website"},"primaryImageOfPage":{"@id":"https:\/\/lysinterfilter.com\/manufacturer\/vacuum-feeder-filter-element\/#primaryimage"},"image":{"@id":"https:\/\/lysinterfilter.com\/manufacturer\/vacuum-feeder-filter-element\/#primaryimage"},"thumbnailUrl":"https:\/\/lysinterfilter.com\/wp-content\/uploads\/2024\/06\/ve1.jpg","datePublished":"2024-06-07T09:46:17+00:00","dateModified":"2026-02-28T10:33:23+00:00","description":"Y\u00fcksek performansl\u0131 filtre elemanlar\u0131m\u0131z ile vakum besleme sisteminizi optimize edin. Verimli toz ve kirletici giderme i\u00e7in tasarlanan vakum besleme filtrelerimiz sistem g\u00fcvenilirli\u011fini ve performans\u0131n\u0131 art\u0131r\u0131r. End\u00fcstriyel ve laboratuvar uygulamalar\u0131nda \u00fcst\u00fcn filtrasyon i\u00e7in dayan\u0131kl\u0131 ve etkili \u00e7\u00f6z\u00fcmlerimizi se\u00e7in","breadcrumb":{"@id":"https:\/\/lysinterfilter.com\/manufacturer\/vacuum-feeder-filter-element\/#breadcrumb"},"inLanguage":"tr","potentialAction":[{"@type":"ReadAction","target":["https:\/\/lysinterfilter.com\/manufacturer\/vacuum-feeder-filter-element\/"]}]},{"@type":"ImageObject","inLanguage":"tr","@id":"https:\/\/lysinterfilter.com\/manufacturer\/vacuum-feeder-filter-element\/#primaryimage","url":"https:\/\/lysinterfilter.com\/wp-content\/uploads\/2024\/06\/ve1.jpg","contentUrl":"https:\/\/lysinterfilter.com\/wp-content\/uploads\/2024\/06\/ve1.jpg","width":1024,"height":902,"caption":"{\"data\":{\"AIGC\":{\"Label\":\"1\",\"ContentProducer\":\"00119144030008867405X210002\",\"ProduceID\":\"b4dd3a0b4b4248b98cd22e8fcc3a78eb\",\"ReservedCode1\":\"\",\"ContentPropagator\":\"00119144030008867405X220002\",\"PropagateID\":\"\",\"ReservedCode2\":\"\"},\"pictureId\":\"43ef3533430f4fad8540135cfb22bcb4\",\"appversion\":\"14.0.0\",\"stickerId\":\"\",\"filterId\":\"\",\"infoStickerId\":\"\",\"imageEffectId\":\"\",\"playId\":\"7525361529512938806\",\"activityName\":\"\",\"os\":\"android\",\"product\":\"retouch\",\"originAppId\":\"2515\",\"exportType\":\"\",\"editType\":\"\",\"alias\":\"UH6PcfMavpR0B26NWRK3F\/bQ5hx0SWHa9+7tRGt4j9lFa3tzOgpm6vRyDzzARKMaTuhSDA4F95ZeoBMf5OYDSB6fkxS2ghZ4e+58YF3xym67eA6ae3XaeThPez10lqimU\/NZTf159LsHKzXFIWxk\/oMKtPzy0LzK1vy50Y0UtQGgLLXwU9TQzgXQV4KGozudoUHd9jWPjADU7k95b8YfkwWj+EC2DfKQHAUiPyV\/xIVWV1G4nvR7\/DMvDfqw0gwMEXPvOtcYiecP+eTA7e1hgie04sKQ\/kW626LWYFSt9IeT3cG2v9jZKpRT8SFtMHai0hBy9kPwJtyUoJlOCWcZOQ==\",\"enterFrom\":\"enter_launch\",\"capability_key\":[\"playfunction\"],\"capability_extra_v2\":{\"playfunction\":[{\"resource_id\":\"7525361529512938806\",\"origin\":\"heycan\"}]},\"effect_type\":\"tool\",\"effect_id\":\"playfunction#7525361529512938806\"},\"source_type\":\"douyin_beauty_me\"}"},{"@type":"BreadcrumbList","@id":"https:\/\/lysinterfilter.com\/manufacturer\/vacuum-feeder-filter-element\/#breadcrumb","itemListElement":[{"@type":"ListItem","position":1,"name":"Home","item":"https:\/\/lysinterfilter.com\/"},{"@type":"ListItem","position":2,"name":"Products","item":"https:\/\/lysinterfilter.com\/shop\/"},{"@type":"ListItem","position":3,"name":"Vacuum feeder filter element"}]},{"@type":"WebSite","@id":"https:\/\/lysinterfilter.com\/#website","url":"https:\/\/lysinterfilter.com\/","name":"Porous Plastic Filter Manufacturer China","description":"","potentialAction":[{"@type":"SearchAction","target":{"@type":"EntryPoint","urlTemplate":"https:\/\/lysinterfilter.com\/?s={search_term_string}"},"query-input":{"@type":"PropertyValueSpecification","valueRequired":true,"valueName":"search_term_string"}}],"inLanguage":"tr"}]}},"_links":{"self":[{"href":"https:\/\/lysinterfilter.com\/tr\/wp-json\/wp\/v2\/product\/1897","targetHints":{"allow":["GET"]}}],"collection":[{"href":"https:\/\/lysinterfilter.com\/tr\/wp-json\/wp\/v2\/product"}],"about":[{"href":"https:\/\/lysinterfilter.com\/tr\/wp-json\/wp\/v2\/types\/product"}],"wp:featuredmedia":[{"embeddable":true,"href":"https:\/\/lysinterfilter.com\/tr\/wp-json\/wp\/v2\/media\/2742"}],"wp:attachment":[{"href":"https:\/\/lysinterfilter.com\/tr\/wp-json\/wp\/v2\/media?parent=1897"}],"wp:term":[{"taxonomy":"product_brand","embeddable":true,"href":"https:\/\/lysinterfilter.com\/tr\/wp-json\/wp\/v2\/product_brand?post=1897"},{"taxonomy":"product_cat","embeddable":true,"href":"https:\/\/lysinterfilter.com\/tr\/wp-json\/wp\/v2\/product_cat?post=1897"},{"taxonomy":"product_tag","embeddable":true,"href":"https:\/\/lysinterfilter.com\/tr\/wp-json\/wp\/v2\/product_tag?post=1897"}],"curies":[{"name":"wp","href":"https:\/\/api.w.org\/{rel}","templated":true}]}}