{"id":2337,"date":"2024-06-17T06:56:39","date_gmt":"2024-06-17T06:56:39","guid":{"rendered":"https:\/\/lysinterfilter.com\/?post_type=product&#038;p=2337"},"modified":"2026-02-02T10:02:40","modified_gmt":"2026-02-02T10:02:40","slug":"activated-carbon-filters-for-pipette-tip","status":"publish","type":"product","link":"https:\/\/lysinterfilter.com\/sv\/manufacturer\/activated-carbon-filters-for-pipette-tip\/","title":{"rendered":"Aktivt kolfiltrerade pipettspetsar"},"content":{"rendered":"<div class=\"row\"  id=\"row-1025779708\">\n\n\t<div id=\"col-937989578\" class=\"col small-12 large-12\"  >\n\t\t\t\t<div class=\"col-inner\"  >\n\t\t\t\n\t\t\t\n<h2>Produktdetaljer<\/h2>\n<h4><strong>Introduktion:<\/strong><\/h4>\n<p>Aktivt kol, starkare blockeringsf\u00f6rm\u00e5ga<br \/>\nP\u00e5 UHWM-PE-ytan fixerades n\u00e5gra aktiva kolpartiklar. Aktivt kolfilter f\u00f6r pipettspetsar blockerar inte bara aerosolerna, utan kan ocks\u00e5 b\u00e4ttre blockera biomolekylens aktivitet.<\/p>\n\t<div id=\"text-1927350634\" class=\"text\">\n\t\t\n<h3><strong>Foton:<\/strong><\/h3>\n\t\t\n<style>\n#text-1927350634 {\n  text-align: left;\n}\n<\/style>\n\t<\/div>\n\t\n\t<div class=\"img has-hover x md-x lg-x y md-y lg-y\" id=\"image_2124925531\">\n\t\t\t\t\t\t\t\t<div class=\"img-inner dark\" >\n\t\t\t<img loading=\"lazy\" decoding=\"async\" width=\"1024\" height=\"898\" src=\"https:\/\/lysinterfilter.com\/wp-content\/uploads\/2024\/06\/PE105.jpg\" class=\"attachment-original size-original\" alt=\"\" srcset=\"https:\/\/lysinterfilter.com\/wp-content\/uploads\/2024\/06\/PE105.jpg 1024w, https:\/\/lysinterfilter.com\/wp-content\/uploads\/2024\/06\/PE105-300x263.jpg 300w, https:\/\/lysinterfilter.com\/wp-content\/uploads\/2024\/06\/PE105-768x674.jpg 768w, https:\/\/lysinterfilter.com\/wp-content\/uploads\/2024\/06\/PE105-14x12.jpg 14w, https:\/\/lysinterfilter.com\/wp-content\/uploads\/2024\/06\/PE105-600x526.jpg 600w\" sizes=\"auto, (max-width: 1024px) 100vw, 1024px\" \/>\t\t\t\t\t\t\n\t\t\t\t\t<\/div>\n\t\t\t\t\t\t\t\t\n<style>\n#image_2124925531 {\n  width: 100%;\n}\n<\/style>\n\t<\/div>\n\t\n\t<div id=\"text-1305306356\" class=\"text\">\n\t\t\n<h3><strong>Best\u00e4llningsinformation:<\/strong><\/h3>\n<div style=\"overflow: auto;\">\n<table border=\"\u201d1\u2033\" width=\"\u201d3000px\u201d\" align=\"\u201dcenter\u201d\">\n<tbody>\n<tr style=\"background-color: #f2f2f2;\">\n<th style=\"border: 1px solid #dddddd; padding: 8px;\">Katt. #<\/th>\n<th style=\"border: 1px solid #dddddd; padding: 8px;\">Diameter (mm)<\/th>\n<th style=\"border: 1px solid #dddddd; padding: 8px;\">Tjocklek (mm)<\/th>\n<th style=\"border: 1px solid #dddddd; padding: 8px;\">Porstorlek (\u03bcm)<\/th>\n<th style=\"border: 1px solid #dddddd; padding: 8px;\">Anv\u00e4ndande<\/th>\n<th style=\"border: 1px solid #dddddd; padding: 8px;\">Antal.<\/th>\n<\/tr>\n<tr style=\"background-color: #f2f2f2;\">\n<td style=\"border: 1px solid #dddddd; padding: 8px;\">LY-AF10-18-35<\/td>\n<td style=\"border: 1px solid #dddddd; padding: 8px;\">1.8<\/td>\n<td style=\"border: 1px solid #dddddd; padding: 8px;\">3.5<\/td>\n<td style=\"border: 1px solid #dddddd; padding: 8px;\">10<\/td>\n<td style=\"border: 1px solid #dddddd; padding: 8px;\">10 \u03bcl spetsar<\/td>\n<td style=\"border: 1px solid #dddddd; padding: 8px;\">10 000 st\/PK<\/td>\n<\/tr>\n<tr>\n<td style=\"border: 1px solid #dddddd; padding: 8px;\">LY-DF200-47-35<\/td>\n<td style=\"border: 1px solid #dddddd; padding: 8px;\">4.7<\/td>\n<td style=\"border: 1px solid #dddddd; padding: 8px;\">3.5<\/td>\n<td style=\"border: 1px solid #dddddd; padding: 8px;\">10<\/td>\n<td style=\"border: 1px solid #dddddd; padding: 8px;\">200\u03bcl spetsar<\/td>\n<td style=\"border: 1px solid #dddddd; padding: 8px;\">100 st\/kartong<\/td>\n<\/tr>\n<tr style=\"background-color: #f2f2f2;\">\n<td style=\"border: 1px solid #dddddd; padding: 8px;\">LY-DF1000-71-40<\/td>\n<td style=\"border: 1px solid #dddddd; padding: 8px;\">7.1<\/td>\n<td style=\"border: 1px solid #dddddd; padding: 8px;\">4<\/td>\n<td style=\"border: 1px solid #dddddd; padding: 8px;\">10<\/td>\n<td style=\"border: 1px solid #dddddd; padding: 8px;\">1000\u03bcl spetsar<\/td>\n<td style=\"border: 1px solid #dddddd; padding: 8px;\">100 st\/kartong<\/td>\n<\/tr>\n<tr>\n<td style=\"border: 1px solid #dddddd; padding: 8px;\">Anpassad<\/td>\n<td style=\"border: 1px solid #dddddd; padding: 8px;\">1-10<\/td>\n<td style=\"border: 1px solid #dddddd; padding: 8px;\">3.2\/3.5\/4.0<\/td>\n<td style=\"border: 1px solid #dddddd; padding: 8px;\">5\/10<\/td>\n<td style=\"border: 1px solid #dddddd; padding: 8px;\"><\/td>\n<td style=\"border: 1px solid #dddddd; padding: 8px;\"><\/td>\n<\/tr>\n<\/tbody>\n<\/table>\n<\/div>\n\t\t\n<style>\n#text-1305306356 {\n  text-align: left;\n}\n<\/style>\n\t<\/div>\n\t\n\t\t<\/div>\n\t\t\t\t\t<\/div>\n\n\t\n\n\t<div id=\"col-1964540428\" class=\"col small-12 large-12\"  >\n\t\t\t\t<div class=\"col-inner\"  >\n\t\t\t\n\t\t\t\n<h2>Ans\u00f6kan<\/h2>\n\t<div class=\"img has-hover x md-x lg-x y md-y lg-y\" id=\"image_72510827\">\n\t\t\t\t\t\t\t\t<div class=\"img-inner dark\" >\n\t\t\t<img loading=\"lazy\" decoding=\"async\" width=\"750\" height=\"350\" src=\"https:\/\/lysinterfilter.com\/wp-content\/uploads\/2024\/06\/Application.webp\" class=\"attachment-original size-original\" alt=\"\" srcset=\"https:\/\/lysinterfilter.com\/wp-content\/uploads\/2024\/06\/Application.webp 750w, https:\/\/lysinterfilter.com\/wp-content\/uploads\/2024\/06\/Application-300x140.webp 300w, https:\/\/lysinterfilter.com\/wp-content\/uploads\/2024\/06\/Application-18x8.webp 18w, https:\/\/lysinterfilter.com\/wp-content\/uploads\/2024\/06\/Application-600x280.webp 600w\" sizes=\"auto, (max-width: 750px) 100vw, 750px\" \/>\t\t\t\t\t\t\n\t\t\t\t\t<\/div>\n\t\t\t\t\t\t\t\t\n<style>\n#image_72510827 {\n  width: 100%;\n}\n<\/style>\n\t<\/div>\n\t\n<p>A. L\u00e4kemedelsindustrin<\/p>\n<p>(1) Stor infusion av vatten, avkolning av farmaceutiska intermedi\u00e4rer<\/p>\n<p>filtrering; j\u00e4sningsbuljong, oral v\u00e4tska<\/p>\n<p>(2) Pulveraktivt kol med avf\u00e4rgningsfilter (medicinsk v\u00e4tska<\/p>\n<p>glukos, antibiotika, syntetisk medicin, beredning, kinesisk \u00f6rtmedicin<\/p>\n<p>v\u00e4tska etc.)<\/p>\n<p>(3)Injektionsv\u00e4tska<\/p>\n<p>(4) Insprutningsluftfilter<\/p>\n<p>(5) Vatten f\u00f6r injektionstv\u00e4tt<\/p>\n<p>(6) Medicinsk spritfiltrering<\/p>\n<p>B.Kemisk industri<\/p>\n<p>(1) Aluminiumhydroxidfiltrering och tv\u00e4ttning<\/p>\n<p>(2)Palladiumkatalysatorfiltrering och tv\u00e4ttning<\/p>\n<p>(3) Fosforfiltrering och tv\u00e4ttning<\/p>\n<p>(4) Zinkkarbonatfiltrering<\/p>\n<p>(5) Filtrering av natriumkarbonatl\u00f6sning<\/p>\n<p>(6)Bariumsulfatfiltrering och tv\u00e4ttning<\/p>\n<p>(7) Kadmiumsulfidfiltrering och tv\u00e4ttning<\/p>\n<p>C.Kemisk fiber &amp; textilindustri<\/p>\n<p>(1) Syrabadfiltrering<\/p>\n<p>(2) Filtrering f\u00f6r rening av svavel och akrylsyra<\/p>\n<p>(3) Silke vattenprecisionsfiltrering<\/p>\n<p>D.L\u00e4tt industri och livsmedelsindustri<\/p>\n<p>(1) Sirapsfiltrering<\/p>\n<p>(2) Drickfiltrering<\/p>\n<p>(3) Filtrering av vin och lacknafta<\/p>\n<p>(4) Vegetabilisk olja precisionsfiltrering<\/p>\n<p>(5) Eterisk oljefiltrering<\/p>\n<p>(6)Mineralvattenfiltrering<\/p>\n<p>E. Maskin- och oljeindustri<\/p>\n<p>(1) Filtrering av pl\u00e4teringsl\u00f6sning<\/p>\n<p>(2) Precisionsfiltrering f\u00f6r reng\u00f6ringsv\u00e4tska f\u00f6r f\u00f6rbr\u00e4nningsmotorer<\/p>\n<p>(3) Oljef\u00e4ltstv\u00e4ttfiltrering<\/p>\n<p>(4) Utrustning f\u00f6r ultrarent vatten f\u00f6r elindustrin<\/p>\n<p>F. Rening av avloppsvatten<\/p>\n<p>(1) Rening av tung mental hydroxid avloppsvatten<\/p>\n<p>(2) Blandning av tungmetaller avloppsvattenrening<\/p>\n<p>(3)Kemisk avloppsvattenrening<\/p>\n<p>(4) Keramisk avloppsvattenrening<\/p>\n<p>(5) Rening av avloppsvatten inneh\u00e5llande aluminium<\/p>\n<p>(6) Annan rening av avloppsvatten<\/p>\n\t\t<\/div>\n\t\t\t\t\t<\/div>\n\n\t\n\n\t<div id=\"col-747639342\" class=\"col small-12 large-12\"  >\n\t\t\t\t<div class=\"col-inner\"  >\n\t\t\t\n\t\t\t\n<h2>Certifieringar<\/h2>\n\t<div class=\"img has-hover x md-x lg-x y md-y lg-y\" id=\"image_532855863\">\n\t\t\t\t\t\t\t\t<div class=\"img-inner dark\" >\n\t\t\t<img loading=\"lazy\" decoding=\"async\" width=\"750\" height=\"450\" src=\"https:\/\/lysinterfilter.com\/wp-content\/uploads\/2024\/06\/Certifications.webp\" class=\"attachment-original size-original\" alt=\"\" srcset=\"https:\/\/lysinterfilter.com\/wp-content\/uploads\/2024\/06\/Certifications.webp 750w, https:\/\/lysinterfilter.com\/wp-content\/uploads\/2024\/06\/Certifications-300x180.webp 300w, https:\/\/lysinterfilter.com\/wp-content\/uploads\/2024\/06\/Certifications-18x12.webp 18w, https:\/\/lysinterfilter.com\/wp-content\/uploads\/2024\/06\/Certifications-600x360.webp 600w\" sizes=\"auto, (max-width: 750px) 100vw, 750px\" \/>\t\t\t\t\t\t\n\t\t\t\t\t<\/div>\n\t\t\t\t\t\t\t\t\n<style>\n#image_532855863 {\n  width: 100%;\n}\n<\/style>\n\t<\/div>\n\t\n\t\t<\/div>\n\t\t\t\t\t<\/div>\n\n\t\n<\/div>","protected":false},"excerpt":{"rendered":"<ul>\n<li>MOQ:<span id=\"dr_show_hits_179\">1 st<\/span><\/li>\n<li>Anpassad: Godk\u00e4nd<\/li>\n<li>Brand\uff1aOEM<\/li>\n<li>Leveranstid: Inom 7 dagar<\/li>\n<li>Certifiering: CE; ISO 9001<\/li>\n<li>Skicka e-post:<\/li>\n<li><a href=\"mailto:info@lysinterfilter.com\">info@lysinterfilter.com<\/a><\/li>\n<\/ul>","protected":false},"featured_media":2650,"template":"","meta":[],"product_brand":[],"product_cat":[41],"product_tag":[],"class_list":{"0":"post-2337","1":"product","2":"type-product","3":"status-publish","4":"has-post-thumbnail","6":"product_cat-laboratory-filter","8":"first","9":"instock","10":"shipping-taxable","11":"product-type-simple"},"yoast_head":"<!-- This site is optimized with the Yoast SEO plugin v27.2 - https:\/\/yoast.com\/product\/yoast-seo-wordpress\/ -->\n<title>Activated Carbon Filtered Pipette Tips - Porous Plastic Filter Manufacturer China<\/title>\n<meta name=\"description\" content=\"Enhance your lab&#039;s precision with our activated carbon filters for pipette tips. Designed to eliminate contaminants and ensure accurate results, our filters provide superior performance and reliability for critical laboratory applications.&quot;\" \/>\n<meta name=\"robots\" content=\"index, follow, max-snippet:-1, max-image-preview:large, max-video-preview:-1\" \/>\n<link rel=\"canonical\" href=\"https:\/\/lysinterfilter.com\/sv\/manufacturer\/activated-carbon-filters-for-pipette-tip\/\" \/>\n<meta property=\"og:locale\" content=\"sv_SE\" \/>\n<meta property=\"og:type\" content=\"article\" \/>\n<meta property=\"og:title\" content=\"Activated Carbon Filtered Pipette Tips - Porous Plastic Filter Manufacturer China\" \/>\n<meta property=\"og:description\" content=\"Enhance your lab&#039;s precision with our activated carbon filters for pipette tips. Designed to eliminate contaminants and ensure accurate results, our filters provide superior performance and reliability for critical laboratory applications.&quot;\" \/>\n<meta property=\"og:url\" content=\"https:\/\/lysinterfilter.com\/sv\/manufacturer\/activated-carbon-filters-for-pipette-tip\/\" \/>\n<meta property=\"og:site_name\" content=\"Porous Plastic Filter Manufacturer China\" \/>\n<meta property=\"article:modified_time\" content=\"2026-02-02T10:02:40+00:00\" \/>\n<meta property=\"og:image\" content=\"https:\/\/lysinterfilter.com\/wp-content\/uploads\/2024\/06\/PE105.jpg\" \/>\n\t<meta property=\"og:image:width\" content=\"1024\" \/>\n\t<meta property=\"og:image:height\" content=\"898\" \/>\n\t<meta property=\"og:image:type\" content=\"image\/jpeg\" \/>\n<meta name=\"twitter:card\" content=\"summary_large_image\" \/>\n<meta name=\"twitter:label1\" content=\"Ber\u00e4knad l\u00e4stid\" \/>\n\t<meta name=\"twitter:data1\" content=\"2 minuter\" \/>\n<script type=\"application\/ld+json\" class=\"yoast-schema-graph\">{\"@context\":\"https:\/\/schema.org\",\"@graph\":[{\"@type\":\"WebPage\",\"@id\":\"https:\/\/lysinterfilter.com\/manufacturer\/activated-carbon-filters-for-pipette-tip\/\",\"url\":\"https:\/\/lysinterfilter.com\/manufacturer\/activated-carbon-filters-for-pipette-tip\/\",\"name\":\"Activated Carbon Filtered Pipette Tips - Porous Plastic Filter Manufacturer China\",\"isPartOf\":{\"@id\":\"https:\/\/lysinterfilter.com\/#website\"},\"primaryImageOfPage\":{\"@id\":\"https:\/\/lysinterfilter.com\/manufacturer\/activated-carbon-filters-for-pipette-tip\/#primaryimage\"},\"image\":{\"@id\":\"https:\/\/lysinterfilter.com\/manufacturer\/activated-carbon-filters-for-pipette-tip\/#primaryimage\"},\"thumbnailUrl\":\"https:\/\/lysinterfilter.com\/wp-content\/uploads\/2024\/06\/PE105.jpg\",\"datePublished\":\"2024-06-17T06:56:39+00:00\",\"dateModified\":\"2026-02-02T10:02:40+00:00\",\"description\":\"Enhance your lab's precision with our activated carbon filters for pipette tips. Designed to eliminate contaminants and ensure accurate results, our filters provide superior performance and reliability for critical laboratory applications.\\\"\",\"breadcrumb\":{\"@id\":\"https:\/\/lysinterfilter.com\/manufacturer\/activated-carbon-filters-for-pipette-tip\/#breadcrumb\"},\"inLanguage\":\"sv-SE\",\"potentialAction\":[{\"@type\":\"ReadAction\",\"target\":[\"https:\/\/lysinterfilter.com\/manufacturer\/activated-carbon-filters-for-pipette-tip\/\"]}]},{\"@type\":\"ImageObject\",\"inLanguage\":\"sv-SE\",\"@id\":\"https:\/\/lysinterfilter.com\/manufacturer\/activated-carbon-filters-for-pipette-tip\/#primaryimage\",\"url\":\"https:\/\/lysinterfilter.com\/wp-content\/uploads\/2024\/06\/PE105.jpg\",\"contentUrl\":\"https:\/\/lysinterfilter.com\/wp-content\/uploads\/2024\/06\/PE105.jpg\",\"width\":1024,\"height\":898,\"caption\":\"{\\\"data\\\":{\\\"pictureId\\\":\\\"e8ea09279e2a4afcbf6825a86fe7c10d\\\",\\\"appversion\\\":\\\"14.0.0\\\",\\\"stickerId\\\":\\\"\\\",\\\"filterId\\\":\\\"\\\",\\\"infoStickerId\\\":\\\"\\\",\\\"imageEffectId\\\":\\\"\\\",\\\"playId\\\":\\\"\\\",\\\"activityName\\\":\\\"\\\",\\\"os\\\":\\\"android\\\",\\\"product\\\":\\\"retouch\\\",\\\"originAppId\\\":\\\"2515\\\",\\\"exportType\\\":\\\"\\\",\\\"editType\\\":\\\"\\\",\\\"alias\\\":\\\"VW3JsoPHEdEcA9Dqz2m24c0jMFDsp6Qr\/YVqRP0+4DbGmEzwYv1aaY6oHwi\/Hu9iYb63iwwWF\/h5q9V1upPmI7y706vkUofmqddI7ZWkursXUnwl1Pb0kQTBy9bMG7JAhtLG+3I3SXNb8wiMIHSqOjMG49aHVoAPDKXivtCe80GXoSNpgu1juZu9TXn0bkwV5ZTBPTFrJUkdNIBCy13GmjvkOXjoLpBZ5oVa7OpKN5stnBYSzolbyQB+CFVYRNN7NQEl5gbwWaw8AQOSWnSBW1OuzK\/YwAOJOr8q6Fm8+Sg5ej36ySp8627aIeN9Y86MsKf1sLH\/a1aNmKL1gzGqmg==\\\",\\\"enterFrom\\\":\\\"enter_launch\\\",\\\"capability_key\\\":[\\\"erase\\\"],\\\"capability_extra_v2\\\":{\\\"erase\\\":[{\\\"panel\\\":\\\"eliminatePen\\\"}]},\\\"effect_type\\\":\\\"tool\\\",\\\"effect_id\\\":\\\"erase\\\"},\\\"source_type\\\":\\\"douyin_beauty_me\\\"}\"},{\"@type\":\"BreadcrumbList\",\"@id\":\"https:\/\/lysinterfilter.com\/manufacturer\/activated-carbon-filters-for-pipette-tip\/#breadcrumb\",\"itemListElement\":[{\"@type\":\"ListItem\",\"position\":1,\"name\":\"Home\",\"item\":\"https:\/\/lysinterfilter.com\/\"},{\"@type\":\"ListItem\",\"position\":2,\"name\":\"Products\",\"item\":\"https:\/\/lysinterfilter.com\/shop\/\"},{\"@type\":\"ListItem\",\"position\":3,\"name\":\"Activated Carbon Filtered Pipette Tips\"}]},{\"@type\":\"WebSite\",\"@id\":\"https:\/\/lysinterfilter.com\/#website\",\"url\":\"https:\/\/lysinterfilter.com\/\",\"name\":\"Porous Plastic Filter Manufacturer China\",\"description\":\"\",\"potentialAction\":[{\"@type\":\"SearchAction\",\"target\":{\"@type\":\"EntryPoint\",\"urlTemplate\":\"https:\/\/lysinterfilter.com\/?s={search_term_string}\"},\"query-input\":{\"@type\":\"PropertyValueSpecification\",\"valueRequired\":true,\"valueName\":\"search_term_string\"}}],\"inLanguage\":\"sv-SE\"}]}<\/script>\n<!-- \/ Yoast SEO plugin. -->","yoast_head_json":{"title":"Activated Carbon Filtered Pipette Tips - Porous Plastic Filter Manufacturer China","description":"Enhance your lab's precision with our activated carbon filters for pipette tips. Designed to eliminate contaminants and ensure accurate results, our filters provide superior performance and reliability for critical laboratory applications.\"","robots":{"index":"index","follow":"follow","max-snippet":"max-snippet:-1","max-image-preview":"max-image-preview:large","max-video-preview":"max-video-preview:-1"},"canonical":"https:\/\/lysinterfilter.com\/sv\/manufacturer\/activated-carbon-filters-for-pipette-tip\/","og_locale":"sv_SE","og_type":"article","og_title":"Activated Carbon Filtered Pipette Tips - Porous Plastic Filter Manufacturer China","og_description":"Enhance your lab's precision with our activated carbon filters for pipette tips. Designed to eliminate contaminants and ensure accurate results, our filters provide superior performance and reliability for critical laboratory applications.\"","og_url":"https:\/\/lysinterfilter.com\/sv\/manufacturer\/activated-carbon-filters-for-pipette-tip\/","og_site_name":"Porous Plastic Filter Manufacturer China","article_modified_time":"2026-02-02T10:02:40+00:00","og_image":[{"width":1024,"height":898,"url":"https:\/\/lysinterfilter.com\/wp-content\/uploads\/2024\/06\/PE105.jpg","type":"image\/jpeg"}],"twitter_card":"summary_large_image","twitter_misc":{"Ber\u00e4knad l\u00e4stid":"2 minuter"},"schema":{"@context":"https:\/\/schema.org","@graph":[{"@type":"WebPage","@id":"https:\/\/lysinterfilter.com\/manufacturer\/activated-carbon-filters-for-pipette-tip\/","url":"https:\/\/lysinterfilter.com\/manufacturer\/activated-carbon-filters-for-pipette-tip\/","name":"Activated Carbon Filtered Pipette Tips - Porous Plastic Filter Manufacturer China","isPartOf":{"@id":"https:\/\/lysinterfilter.com\/#website"},"primaryImageOfPage":{"@id":"https:\/\/lysinterfilter.com\/manufacturer\/activated-carbon-filters-for-pipette-tip\/#primaryimage"},"image":{"@id":"https:\/\/lysinterfilter.com\/manufacturer\/activated-carbon-filters-for-pipette-tip\/#primaryimage"},"thumbnailUrl":"https:\/\/lysinterfilter.com\/wp-content\/uploads\/2024\/06\/PE105.jpg","datePublished":"2024-06-17T06:56:39+00:00","dateModified":"2026-02-02T10:02:40+00:00","description":"Enhance your lab's precision with our activated carbon filters for pipette tips. Designed to eliminate contaminants and ensure accurate results, our filters provide superior performance and reliability for critical laboratory applications.\"","breadcrumb":{"@id":"https:\/\/lysinterfilter.com\/manufacturer\/activated-carbon-filters-for-pipette-tip\/#breadcrumb"},"inLanguage":"sv-SE","potentialAction":[{"@type":"ReadAction","target":["https:\/\/lysinterfilter.com\/manufacturer\/activated-carbon-filters-for-pipette-tip\/"]}]},{"@type":"ImageObject","inLanguage":"sv-SE","@id":"https:\/\/lysinterfilter.com\/manufacturer\/activated-carbon-filters-for-pipette-tip\/#primaryimage","url":"https:\/\/lysinterfilter.com\/wp-content\/uploads\/2024\/06\/PE105.jpg","contentUrl":"https:\/\/lysinterfilter.com\/wp-content\/uploads\/2024\/06\/PE105.jpg","width":1024,"height":898,"caption":"{\"data\":{\"pictureId\":\"e8ea09279e2a4afcbf6825a86fe7c10d\",\"appversion\":\"14.0.0\",\"stickerId\":\"\",\"filterId\":\"\",\"infoStickerId\":\"\",\"imageEffectId\":\"\",\"playId\":\"\",\"activityName\":\"\",\"os\":\"android\",\"product\":\"retouch\",\"originAppId\":\"2515\",\"exportType\":\"\",\"editType\":\"\",\"alias\":\"VW3JsoPHEdEcA9Dqz2m24c0jMFDsp6Qr\/YVqRP0+4DbGmEzwYv1aaY6oHwi\/Hu9iYb63iwwWF\/h5q9V1upPmI7y706vkUofmqddI7ZWkursXUnwl1Pb0kQTBy9bMG7JAhtLG+3I3SXNb8wiMIHSqOjMG49aHVoAPDKXivtCe80GXoSNpgu1juZu9TXn0bkwV5ZTBPTFrJUkdNIBCy13GmjvkOXjoLpBZ5oVa7OpKN5stnBYSzolbyQB+CFVYRNN7NQEl5gbwWaw8AQOSWnSBW1OuzK\/YwAOJOr8q6Fm8+Sg5ej36ySp8627aIeN9Y86MsKf1sLH\/a1aNmKL1gzGqmg==\",\"enterFrom\":\"enter_launch\",\"capability_key\":[\"erase\"],\"capability_extra_v2\":{\"erase\":[{\"panel\":\"eliminatePen\"}]},\"effect_type\":\"tool\",\"effect_id\":\"erase\"},\"source_type\":\"douyin_beauty_me\"}"},{"@type":"BreadcrumbList","@id":"https:\/\/lysinterfilter.com\/manufacturer\/activated-carbon-filters-for-pipette-tip\/#breadcrumb","itemListElement":[{"@type":"ListItem","position":1,"name":"Home","item":"https:\/\/lysinterfilter.com\/"},{"@type":"ListItem","position":2,"name":"Products","item":"https:\/\/lysinterfilter.com\/shop\/"},{"@type":"ListItem","position":3,"name":"Activated Carbon Filtered Pipette Tips"}]},{"@type":"WebSite","@id":"https:\/\/lysinterfilter.com\/#website","url":"https:\/\/lysinterfilter.com\/","name":"Porous Plastic Filter Manufacturer China","description":"","potentialAction":[{"@type":"SearchAction","target":{"@type":"EntryPoint","urlTemplate":"https:\/\/lysinterfilter.com\/?s={search_term_string}"},"query-input":{"@type":"PropertyValueSpecification","valueRequired":true,"valueName":"search_term_string"}}],"inLanguage":"sv-SE"}]}},"_links":{"self":[{"href":"https:\/\/lysinterfilter.com\/sv\/wp-json\/wp\/v2\/product\/2337","targetHints":{"allow":["GET"]}}],"collection":[{"href":"https:\/\/lysinterfilter.com\/sv\/wp-json\/wp\/v2\/product"}],"about":[{"href":"https:\/\/lysinterfilter.com\/sv\/wp-json\/wp\/v2\/types\/product"}],"wp:featuredmedia":[{"embeddable":true,"href":"https:\/\/lysinterfilter.com\/sv\/wp-json\/wp\/v2\/media\/2650"}],"wp:attachment":[{"href":"https:\/\/lysinterfilter.com\/sv\/wp-json\/wp\/v2\/media?parent=2337"}],"wp:term":[{"taxonomy":"product_brand","embeddable":true,"href":"https:\/\/lysinterfilter.com\/sv\/wp-json\/wp\/v2\/product_brand?post=2337"},{"taxonomy":"product_cat","embeddable":true,"href":"https:\/\/lysinterfilter.com\/sv\/wp-json\/wp\/v2\/product_cat?post=2337"},{"taxonomy":"product_tag","embeddable":true,"href":"https:\/\/lysinterfilter.com\/sv\/wp-json\/wp\/v2\/product_tag?post=2337"}],"curies":[{"name":"wp","href":"https:\/\/api.w.org\/{rel}","templated":true}]}}