{"id":2335,"date":"2024-06-17T06:46:48","date_gmt":"2024-06-17T06:46:48","guid":{"rendered":"https:\/\/lysinterfilter.com\/?post_type=product&#038;p=2335"},"modified":"2026-02-02T10:10:58","modified_gmt":"2026-02-02T10:10:58","slug":"dual-layered-filters-for-pipette-tips","status":"publish","type":"product","link":"https:\/\/lysinterfilter.com\/sv\/manufacturer\/dual-layered-filters-for-pipette-tips\/","title":{"rendered":"Filterpipettspetsar med dubbla lager"},"content":{"rendered":"<div class=\"row\"  id=\"row-301155892\">\n\n\t<div id=\"col-1948853180\" class=\"col small-12 large-12\"  >\n\t\t\t\t<div class=\"col-inner\"  >\n\t\t\t\n\t\t\t\n<h2>Produktdetaljer<\/h2>\n<h4>Introduktion:<\/h4>\n<p>1) Filtret \u00e4r tillverkat av UHMW-PE, bearbetat av det unika hantverket, som har hydrofobiciteten, kan blockera korskontaminering mellan prover, minska diverse skador.<\/p>\n<p>2) Fritt DNas\/RNas, fria PCR-h\u00e4mmare<br \/>\nGratis DNas\/RNas, gratis PCR-h\u00e4mmare \u00e4r grundkravet f\u00f6r 4Tip\u00ae-filter, kan anv\u00e4ndas f\u00f6r de flesta olika teknikexperiment, inklusive PCR\/RNA\/DNA-extraktion, proteinanalys, virusdetektor och blodprov, ect.<br \/>\n3) Dubbelfilter, dubbel blockeringsf\u00f6rm\u00e5ga<br \/>\nDubbelfilter best\u00e5r av tv\u00e5 lager med olika porstorlekar, porstorleken p\u00e5 det \u00f6vre bl\u00e5 filtret \u00e4r 5um, porstorleken p\u00e5 bottenfiltret \u00e4r 10um. Dubbelfilter med dubbel blockeringsf\u00f6rm\u00e5ga, kan mer grundligt blockera partiklar och molekyler.<\/p>\n\t<div id=\"text-3213593539\" class=\"text\">\n\t\t\n<h3><strong>Foton:<\/strong><\/h3>\n\t\t\n<style>\n#text-3213593539 {\n  text-align: left;\n}\n<\/style>\n\t<\/div>\n\t\n\t<div class=\"img has-hover x md-x lg-x y md-y lg-y\" id=\"image_1865291439\">\n\t\t\t\t\t\t\t\t<div class=\"img-inner dark\" >\n\t\t\t<img loading=\"lazy\" decoding=\"async\" width=\"2048\" height=\"2048\" src=\"https:\/\/lysinterfilter.com\/wp-content\/uploads\/2024\/06\/PE106.jpg\" class=\"attachment-original size-original\" alt=\"\" srcset=\"https:\/\/lysinterfilter.com\/wp-content\/uploads\/2024\/06\/PE106.jpg 2048w, https:\/\/lysinterfilter.com\/wp-content\/uploads\/2024\/06\/PE106-300x300.jpg 300w, https:\/\/lysinterfilter.com\/wp-content\/uploads\/2024\/06\/PE106-1024x1024.jpg 1024w, https:\/\/lysinterfilter.com\/wp-content\/uploads\/2024\/06\/PE106-150x150.jpg 150w, https:\/\/lysinterfilter.com\/wp-content\/uploads\/2024\/06\/PE106-768x768.jpg 768w, https:\/\/lysinterfilter.com\/wp-content\/uploads\/2024\/06\/PE106-1536x1536.jpg 1536w, https:\/\/lysinterfilter.com\/wp-content\/uploads\/2024\/06\/PE106-12x12.jpg 12w, https:\/\/lysinterfilter.com\/wp-content\/uploads\/2024\/06\/PE106-600x600.jpg 600w, https:\/\/lysinterfilter.com\/wp-content\/uploads\/2024\/06\/PE106-100x100.jpg 100w\" sizes=\"auto, (max-width: 2048px) 100vw, 2048px\" \/>\t\t\t\t\t\t\n\t\t\t\t\t<\/div>\n\t\t\t\t\t\t\t\t\n<style>\n#image_1865291439 {\n  width: 100%;\n}\n<\/style>\n\t<\/div>\n\t\n\t<div id=\"text-1937709527\" class=\"text\">\n\t\t\n<h3><strong>Best\u00e4llningsinformation:<\/strong><\/h3>\n<div style=\"overflow: auto;\">\n<table border=\"\u201d1\u2033\" width=\"\u201d3000px\u201d\" align=\"\u201dcenter\u201d\">\n<tbody>\n<tr style=\"background-color: #f2f2f2;\">\n<th style=\"border: 1px solid #dddddd; padding: 8px;\">Cat.NO<\/th>\n<th style=\"border: 1px solid #dddddd; padding: 8px;\">Diameter (mm)<\/th>\n<th style=\"border: 1px solid #dddddd; padding: 8px;\">Tjocklek (mm)<\/th>\n<th style=\"border: 1px solid #dddddd; padding: 8px;\">Por (\u03bcm)<\/th>\n<th style=\"border: 1px solid #dddddd; padding: 8px;\">Anv\u00e4nda<\/th>\n<th style=\"border: 1px solid #dddddd; padding: 8px;\">Paket<\/th>\n<\/tr>\n<tr style=\"background-color: #f2f2f2;\">\n<td style=\"border: 1px solid #dddddd; padding: 8px;\">LY-DF10-18-35<\/td>\n<td style=\"border: 1px solid #dddddd; padding: 8px;\">1.8<\/td>\n<td style=\"border: 1px solid #dddddd; padding: 8px;\">3.5<\/td>\n<td style=\"border: 1px solid #dddddd; padding: 8px;\">10<\/td>\n<td style=\"border: 1px solid #dddddd; padding: 8px;\">10 \u03bcl spetsar<\/td>\n<td style=\"border: 1px solid #dddddd; padding: 8px;\">10 000 st\/PK<\/td>\n<\/tr>\n<tr>\n<td style=\"border: 1px solid #dddddd; padding: 8px;\">LY-DF200-47-35<\/td>\n<td style=\"border: 1px solid #dddddd; padding: 8px;\">4.7<\/td>\n<td style=\"border: 1px solid #dddddd; padding: 8px;\">3.5<\/td>\n<td style=\"border: 1px solid #dddddd; padding: 8px;\">10<\/td>\n<td style=\"border: 1px solid #dddddd; padding: 8px;\">200\u03bcl spetsar<\/td>\n<td style=\"border: 1px solid #dddddd; padding: 8px;\">100 st\/kartong<\/td>\n<\/tr>\n<tr style=\"background-color: #f2f2f2;\">\n<td style=\"border: 1px solid #dddddd; padding: 8px;\">LY-DF1000-71-40<\/td>\n<td style=\"border: 1px solid #dddddd; padding: 8px;\">7.1<\/td>\n<td style=\"border: 1px solid #dddddd; padding: 8px;\">4<\/td>\n<td style=\"border: 1px solid #dddddd; padding: 8px;\">10<\/td>\n<td style=\"border: 1px solid #dddddd; padding: 8px;\">1000\u03bcl spetsar<\/td>\n<td style=\"border: 1px solid #dddddd; padding: 8px;\">100 st\/kartong<\/td>\n<\/tr>\n<tr>\n<td style=\"border: 1px solid #dddddd; padding: 8px;\">Anpassad<\/td>\n<td style=\"border: 1px solid #dddddd; padding: 8px;\"><\/td>\n<td style=\"border: 1px solid #dddddd; padding: 8px;\"><\/td>\n<td style=\"border: 1px solid #dddddd; padding: 8px;\"><\/td>\n<td style=\"border: 1px solid #dddddd; padding: 8px;\"><\/td>\n<td style=\"border: 1px solid #dddddd; padding: 8px;\"><\/td>\n<\/tr>\n<\/tbody>\n<\/table>\n<\/div>\n\t\t\n<style>\n#text-1937709527 {\n  text-align: left;\n}\n<\/style>\n\t<\/div>\n\t\n\t\t<\/div>\n\t\t\t\t\t<\/div>\n\n\t\n\n\t<div id=\"col-1975044882\" class=\"col small-12 large-12\"  >\n\t\t\t\t<div class=\"col-inner\"  >\n\t\t\t\n\t\t\t\n<h2>Ans\u00f6kan<\/h2>\n<p>A. L\u00e4kemedelsindustrin<\/p>\n<p>(1) Stor infusion av vatten, avkolning av farmaceutiska intermedi\u00e4rer<\/p>\n<p>filtrering; j\u00e4sningsbuljong, oral v\u00e4tska<\/p>\n<p>(2) Pulveraktivt kol med avf\u00e4rgningsfilter (medicinsk v\u00e4tska<\/p>\n<p>glukos, antibiotika, syntetisk medicin, beredning, kinesisk \u00f6rtmedicin<\/p>\n<p>v\u00e4tska etc.)<\/p>\n<p>(3)Injektionsv\u00e4tska<\/p>\n<p>(4) Insprutningsluftfilter<\/p>\n<p>(5) Vatten f\u00f6r injektionstv\u00e4tt<\/p>\n<p>(6) Medicinsk spritfiltrering<\/p>\n<p>B.Kemisk industri<\/p>\n<p>(1) Aluminiumhydroxidfiltrering och tv\u00e4ttning<\/p>\n<p>(2)Palladiumkatalysatorfiltrering och tv\u00e4ttning<\/p>\n<p>(3) Fosforfiltrering och tv\u00e4ttning<\/p>\n<p>(4) Zinkkarbonatfiltrering<\/p>\n<p>(5) Filtrering av natriumkarbonatl\u00f6sning<\/p>\n<p>(6)Bariumsulfatfiltrering och tv\u00e4ttning<\/p>\n<p>(7) Kadmiumsulfidfiltrering och tv\u00e4ttning<\/p>\n<p>C.Kemisk fiber &amp; textilindustri<\/p>\n<p>(1) Syrabadfiltrering<\/p>\n<p>(2) Filtrering f\u00f6r rening av svavel och akrylsyra<\/p>\n<p>(3) Silke vattenprecisionsfiltrering<\/p>\n<p>D.L\u00e4tt industri och livsmedelsindustri<\/p>\n<p>(1) Sirapsfiltrering<\/p>\n<p>(2) Drickfiltrering<\/p>\n<p>(3) Filtrering av vin och lacknafta<\/p>\n<p>(4) Vegetabilisk olja precisionsfiltrering<\/p>\n<p>(5) Eterisk oljefiltrering<\/p>\n<p>(6)Mineralvattenfiltrering<\/p>\n<p>E. Maskin- och oljeindustri<\/p>\n<p>(1) Filtrering av pl\u00e4teringsl\u00f6sning<\/p>\n<p>(2) Precisionsfiltrering f\u00f6r reng\u00f6ringsv\u00e4tska f\u00f6r f\u00f6rbr\u00e4nningsmotorer<\/p>\n<p>(3) Oljef\u00e4ltstv\u00e4ttfiltrering<\/p>\n<p>(4) Utrustning f\u00f6r ultrarent vatten f\u00f6r elindustrin<\/p>\n<p>F. Rening av avloppsvatten<\/p>\n<p>(1) Rening av tung mental hydroxid avloppsvatten<\/p>\n<p>(2) Blandning av tungmetaller avloppsvattenrening<\/p>\n<p>(3)Kemisk avloppsvattenrening<\/p>\n<p>(4) Keramisk avloppsvattenrening<\/p>\n<p>(5) Rening av avloppsvatten inneh\u00e5llande aluminium<\/p>\n<p>(6) Annan rening av avloppsvatten<\/p>\n\t\t<\/div>\n\t\t\t\t\t<\/div>\n\n\t\n\n\t<div id=\"col-1659661331\" class=\"col small-12 large-12\"  >\n\t\t\t\t<div class=\"col-inner\"  >\n\t\t\t\n\t\t\t\n<h2>Certifieringar<\/h2>\n\t<div class=\"img has-hover x md-x lg-x y md-y lg-y\" id=\"image_119623929\">\n\t\t\t\t\t\t\t\t<div class=\"img-inner dark\" >\n\t\t\t<img loading=\"lazy\" decoding=\"async\" width=\"750\" height=\"450\" src=\"https:\/\/lysinterfilter.com\/wp-content\/uploads\/2024\/06\/Certifications.webp\" class=\"attachment-original size-original\" alt=\"\" srcset=\"https:\/\/lysinterfilter.com\/wp-content\/uploads\/2024\/06\/Certifications.webp 750w, https:\/\/lysinterfilter.com\/wp-content\/uploads\/2024\/06\/Certifications-300x180.webp 300w, https:\/\/lysinterfilter.com\/wp-content\/uploads\/2024\/06\/Certifications-18x12.webp 18w, https:\/\/lysinterfilter.com\/wp-content\/uploads\/2024\/06\/Certifications-600x360.webp 600w\" sizes=\"auto, (max-width: 750px) 100vw, 750px\" \/>\t\t\t\t\t\t\n\t\t\t\t\t<\/div>\n\t\t\t\t\t\t\t\t\n<style>\n#image_119623929 {\n  width: 100%;\n}\n<\/style>\n\t<\/div>\n\t\n\t\t<\/div>\n\t\t\t\t\t<\/div>\n\n\t\n<\/div>","protected":false},"excerpt":{"rendered":"<ul>\n<li>MOQ:<span id=\"dr_show_hits_179\">1 st<\/span><\/li>\n<li>Anpassad: Godk\u00e4nd<\/li>\n<li>Brand\uff1aOEM<\/li>\n<li>Leveranstid: Inom 7 dagar<\/li>\n<li>Certifiering: CE; ISO 9001<\/li>\n<li>Skicka e-post:<\/li>\n<li><a href=\"mailto:info@lysinterfilter.com\">info@lysinterfilter.com<\/a><\/li>\n<\/ul>","protected":false},"featured_media":2651,"template":"","meta":[],"product_brand":[],"product_cat":[41],"product_tag":[],"class_list":{"0":"post-2335","1":"product","2":"type-product","3":"status-publish","4":"has-post-thumbnail","6":"product_cat-laboratory-filter","8":"first","9":"instock","10":"shipping-taxable","11":"product-type-simple"},"yoast_head":"<!-- This site is optimized with the Yoast SEO plugin v27.2 - https:\/\/yoast.com\/product\/yoast-seo-wordpress\/ -->\n<title>Dual-Layered Filter Pipette Tips - Porous Plastic Filter Manufacturer China<\/title>\n<meta name=\"description\" content=\"Achieve precise and contamination-free liquid handling with our filter pipette tips. Engineered for accuracy and reliability, our tips ensure optimal performance in critical laboratory applications. Explore our range for consistent and dependable results\" \/>\n<meta name=\"robots\" content=\"index, follow, max-snippet:-1, max-image-preview:large, max-video-preview:-1\" \/>\n<link rel=\"canonical\" href=\"https:\/\/lysinterfilter.com\/sv\/manufacturer\/dual-layered-filters-for-pipette-tips\/\" \/>\n<meta property=\"og:locale\" content=\"sv_SE\" \/>\n<meta property=\"og:type\" content=\"article\" \/>\n<meta property=\"og:title\" content=\"Dual-Layered Filter Pipette Tips - Porous Plastic Filter Manufacturer China\" \/>\n<meta property=\"og:description\" content=\"Achieve precise and contamination-free liquid handling with our filter pipette tips. Engineered for accuracy and reliability, our tips ensure optimal performance in critical laboratory applications. Explore our range for consistent and dependable results\" \/>\n<meta property=\"og:url\" content=\"https:\/\/lysinterfilter.com\/sv\/manufacturer\/dual-layered-filters-for-pipette-tips\/\" \/>\n<meta property=\"og:site_name\" content=\"Porous Plastic Filter Manufacturer China\" \/>\n<meta property=\"article:modified_time\" content=\"2026-02-02T10:10:58+00:00\" \/>\n<meta property=\"og:image\" content=\"https:\/\/lysinterfilter.com\/wp-content\/uploads\/2024\/06\/PE106.jpg\" \/>\n\t<meta property=\"og:image:width\" content=\"2048\" \/>\n\t<meta property=\"og:image:height\" content=\"2048\" \/>\n\t<meta property=\"og:image:type\" content=\"image\/jpeg\" \/>\n<meta name=\"twitter:card\" content=\"summary_large_image\" \/>\n<meta name=\"twitter:label1\" content=\"Ber\u00e4knad l\u00e4stid\" \/>\n\t<meta name=\"twitter:data1\" content=\"2 minuter\" \/>\n<script type=\"application\/ld+json\" class=\"yoast-schema-graph\">{\"@context\":\"https:\/\/schema.org\",\"@graph\":[{\"@type\":\"WebPage\",\"@id\":\"https:\/\/lysinterfilter.com\/manufacturer\/dual-layered-filters-for-pipette-tips\/\",\"url\":\"https:\/\/lysinterfilter.com\/manufacturer\/dual-layered-filters-for-pipette-tips\/\",\"name\":\"Dual-Layered Filter Pipette Tips - Porous Plastic Filter Manufacturer China\",\"isPartOf\":{\"@id\":\"https:\/\/lysinterfilter.com\/#website\"},\"primaryImageOfPage\":{\"@id\":\"https:\/\/lysinterfilter.com\/manufacturer\/dual-layered-filters-for-pipette-tips\/#primaryimage\"},\"image\":{\"@id\":\"https:\/\/lysinterfilter.com\/manufacturer\/dual-layered-filters-for-pipette-tips\/#primaryimage\"},\"thumbnailUrl\":\"https:\/\/lysinterfilter.com\/wp-content\/uploads\/2024\/06\/PE106.jpg\",\"datePublished\":\"2024-06-17T06:46:48+00:00\",\"dateModified\":\"2026-02-02T10:10:58+00:00\",\"description\":\"Achieve precise and contamination-free liquid handling with our filter pipette tips. Engineered for accuracy and reliability, our tips ensure optimal performance in critical laboratory applications. Explore our range for consistent and dependable results\",\"breadcrumb\":{\"@id\":\"https:\/\/lysinterfilter.com\/manufacturer\/dual-layered-filters-for-pipette-tips\/#breadcrumb\"},\"inLanguage\":\"sv-SE\",\"potentialAction\":[{\"@type\":\"ReadAction\",\"target\":[\"https:\/\/lysinterfilter.com\/manufacturer\/dual-layered-filters-for-pipette-tips\/\"]}]},{\"@type\":\"ImageObject\",\"inLanguage\":\"sv-SE\",\"@id\":\"https:\/\/lysinterfilter.com\/manufacturer\/dual-layered-filters-for-pipette-tips\/#primaryimage\",\"url\":\"https:\/\/lysinterfilter.com\/wp-content\/uploads\/2024\/06\/PE106.jpg\",\"contentUrl\":\"https:\/\/lysinterfilter.com\/wp-content\/uploads\/2024\/06\/PE106.jpg\",\"width\":2048,\"height\":2048,\"caption\":\"{\\\"data\\\":{\\\"pictureId\\\":\\\"3e23cde36e964eb8ac7b2dfacdf48345\\\",\\\"appversion\\\":\\\"14.0.0\\\",\\\"stickerId\\\":\\\"\\\",\\\"filterId\\\":\\\"\\\",\\\"infoStickerId\\\":\\\"\\\",\\\"imageEffectId\\\":\\\"\\\",\\\"playId\\\":\\\"\\\",\\\"activityName\\\":\\\"\\\",\\\"os\\\":\\\"android\\\",\\\"product\\\":\\\"retouch\\\",\\\"originAppId\\\":\\\"2515\\\",\\\"exportType\\\":\\\"\\\",\\\"editType\\\":\\\"\\\",\\\"alias\\\":\\\"lDhRcyBRF1NbFUwkDveSXgIsD72ScMOJ7EzinENH+IxKMiXYuG9X8Rpbcm45P3Qov\/qO\/CERrNVnV+Qjbj1oXOA7aTQAPrZTTEt3ehaF0tM8CHXqNbSjWCyhhugszZURBXagG5DcPV+PRUGm+zS6Hf66qgHrEPEs2jNB1rlPLAPrS1FSm5VJsCI52UnpTB26JhdzuuueZaUICHLrFCQRaUGhqTs4cHj\/t\/ldvAw2NmnmNNBloLpmCsU+HixUhuLld\/8PqniGjY+0YCCnYKrIhcaTz\/2RlEm0yD\/q94rlwj8J+sWzgHTcRb0+QFSStmXwGLCjxfBHCZbeFTTe624bLw==\\\",\\\"enterFrom\\\":\\\"enter_launch\\\",\\\"capability_key\\\":[\\\"erase\\\"],\\\"capability_extra_v2\\\":{\\\"erase\\\":[{\\\"panel\\\":\\\"magic_eliminate\\\"}]},\\\"effect_type\\\":\\\"tool\\\",\\\"effect_id\\\":\\\"erase\\\"},\\\"source_type\\\":\\\"douyin_beauty_me\\\"}\"},{\"@type\":\"BreadcrumbList\",\"@id\":\"https:\/\/lysinterfilter.com\/manufacturer\/dual-layered-filters-for-pipette-tips\/#breadcrumb\",\"itemListElement\":[{\"@type\":\"ListItem\",\"position\":1,\"name\":\"Home\",\"item\":\"https:\/\/lysinterfilter.com\/\"},{\"@type\":\"ListItem\",\"position\":2,\"name\":\"Products\",\"item\":\"https:\/\/lysinterfilter.com\/shop\/\"},{\"@type\":\"ListItem\",\"position\":3,\"name\":\"Dual-Layered Filter Pipette Tips\"}]},{\"@type\":\"WebSite\",\"@id\":\"https:\/\/lysinterfilter.com\/#website\",\"url\":\"https:\/\/lysinterfilter.com\/\",\"name\":\"Porous Plastic Filter Manufacturer China\",\"description\":\"\",\"potentialAction\":[{\"@type\":\"SearchAction\",\"target\":{\"@type\":\"EntryPoint\",\"urlTemplate\":\"https:\/\/lysinterfilter.com\/?s={search_term_string}\"},\"query-input\":{\"@type\":\"PropertyValueSpecification\",\"valueRequired\":true,\"valueName\":\"search_term_string\"}}],\"inLanguage\":\"sv-SE\"}]}<\/script>\n<!-- \/ Yoast SEO plugin. -->","yoast_head_json":{"title":"Dual-Layered Filter Pipette Tips - Porous Plastic Filter Manufacturer China","description":"Uppn\u00e5 exakt och kontamineringsfri v\u00e4tskehantering med v\u00e5ra filterpipettspetsar. Konstruerade f\u00f6r noggrannhet och tillf\u00f6rlitlighet s\u00e4kerst\u00e4ller v\u00e5ra tips optimal prestanda i kritiska laboratorieapplikationer. Utforska v\u00e5rt sortiment f\u00f6r konsekventa och p\u00e5litliga resultat","robots":{"index":"index","follow":"follow","max-snippet":"max-snippet:-1","max-image-preview":"max-image-preview:large","max-video-preview":"max-video-preview:-1"},"canonical":"https:\/\/lysinterfilter.com\/sv\/manufacturer\/dual-layered-filters-for-pipette-tips\/","og_locale":"sv_SE","og_type":"article","og_title":"Dual-Layered Filter Pipette Tips - Porous Plastic Filter Manufacturer China","og_description":"Achieve precise and contamination-free liquid handling with our filter pipette tips. Engineered for accuracy and reliability, our tips ensure optimal performance in critical laboratory applications. Explore our range for consistent and dependable results","og_url":"https:\/\/lysinterfilter.com\/sv\/manufacturer\/dual-layered-filters-for-pipette-tips\/","og_site_name":"Porous Plastic Filter Manufacturer China","article_modified_time":"2026-02-02T10:10:58+00:00","og_image":[{"width":2048,"height":2048,"url":"https:\/\/lysinterfilter.com\/wp-content\/uploads\/2024\/06\/PE106.jpg","type":"image\/jpeg"}],"twitter_card":"summary_large_image","twitter_misc":{"Ber\u00e4knad l\u00e4stid":"2 minuter"},"schema":{"@context":"https:\/\/schema.org","@graph":[{"@type":"WebPage","@id":"https:\/\/lysinterfilter.com\/manufacturer\/dual-layered-filters-for-pipette-tips\/","url":"https:\/\/lysinterfilter.com\/manufacturer\/dual-layered-filters-for-pipette-tips\/","name":"Dual-Layered Filter Pipette Tips - Porous Plastic Filter Manufacturer China","isPartOf":{"@id":"https:\/\/lysinterfilter.com\/#website"},"primaryImageOfPage":{"@id":"https:\/\/lysinterfilter.com\/manufacturer\/dual-layered-filters-for-pipette-tips\/#primaryimage"},"image":{"@id":"https:\/\/lysinterfilter.com\/manufacturer\/dual-layered-filters-for-pipette-tips\/#primaryimage"},"thumbnailUrl":"https:\/\/lysinterfilter.com\/wp-content\/uploads\/2024\/06\/PE106.jpg","datePublished":"2024-06-17T06:46:48+00:00","dateModified":"2026-02-02T10:10:58+00:00","description":"Uppn\u00e5 exakt och kontamineringsfri v\u00e4tskehantering med v\u00e5ra filterpipettspetsar. Konstruerade f\u00f6r noggrannhet och tillf\u00f6rlitlighet s\u00e4kerst\u00e4ller v\u00e5ra tips optimal prestanda i kritiska laboratorieapplikationer. Utforska v\u00e5rt sortiment f\u00f6r konsekventa och p\u00e5litliga resultat","breadcrumb":{"@id":"https:\/\/lysinterfilter.com\/manufacturer\/dual-layered-filters-for-pipette-tips\/#breadcrumb"},"inLanguage":"sv-SE","potentialAction":[{"@type":"ReadAction","target":["https:\/\/lysinterfilter.com\/manufacturer\/dual-layered-filters-for-pipette-tips\/"]}]},{"@type":"ImageObject","inLanguage":"sv-SE","@id":"https:\/\/lysinterfilter.com\/manufacturer\/dual-layered-filters-for-pipette-tips\/#primaryimage","url":"https:\/\/lysinterfilter.com\/wp-content\/uploads\/2024\/06\/PE106.jpg","contentUrl":"https:\/\/lysinterfilter.com\/wp-content\/uploads\/2024\/06\/PE106.jpg","width":2048,"height":2048,"caption":"{\"data\":{\"pictureId\":\"3e23cde36e964eb8ac7b2dfacdf48345\",\"appversion\":\"14.0.0\",\"stickerId\":\"\",\"filterId\":\"\",\"infoStickerId\":\"\",\"imageEffectId\":\"\",\"playId\":\"\",\"activityName\":\"\",\"os\":\"android\",\"product\":\"retouch\",\"originAppId\":\"2515\",\"exportType\":\"\",\"editType\":\"\",\"alias\":\"lDhRcyBRF1NbFUwkDveSXgIsD72ScMOJ7EzinENH+IxKMiXYuG9X8Rpbcm45P3Qov\/qO\/CERrNVnV+Qjbj1oXOA7aTQAPrZTTEt3ehaF0tM8CHXqNbSjWCyhhugszZURBXagG5DcPV+PRUGm+zS6Hf66qgHrEPEs2jNB1rlPLAPrS1FSm5VJsCI52UnpTB26JhdzuuueZaUICHLrFCQRaUGhqTs4cHj\/t\/ldvAw2NmnmNNBloLpmCsU+HixUhuLld\/8PqniGjY+0YCCnYKrIhcaTz\/2RlEm0yD\/q94rlwj8J+sWzgHTcRb0+QFSStmXwGLCjxfBHCZbeFTTe624bLw==\",\"enterFrom\":\"enter_launch\",\"capability_key\":[\"erase\"],\"capability_extra_v2\":{\"erase\":[{\"panel\":\"magic_eliminate\"}]},\"effect_type\":\"tool\",\"effect_id\":\"erase\"},\"source_type\":\"douyin_beauty_me\"}"},{"@type":"BreadcrumbList","@id":"https:\/\/lysinterfilter.com\/manufacturer\/dual-layered-filters-for-pipette-tips\/#breadcrumb","itemListElement":[{"@type":"ListItem","position":1,"name":"Home","item":"https:\/\/lysinterfilter.com\/"},{"@type":"ListItem","position":2,"name":"Products","item":"https:\/\/lysinterfilter.com\/shop\/"},{"@type":"ListItem","position":3,"name":"Dual-Layered Filter Pipette Tips"}]},{"@type":"WebSite","@id":"https:\/\/lysinterfilter.com\/#website","url":"https:\/\/lysinterfilter.com\/","name":"Porous Plastic Filter Manufacturer China","description":"","potentialAction":[{"@type":"SearchAction","target":{"@type":"EntryPoint","urlTemplate":"https:\/\/lysinterfilter.com\/?s={search_term_string}"},"query-input":{"@type":"PropertyValueSpecification","valueRequired":true,"valueName":"search_term_string"}}],"inLanguage":"sv-SE"}]}},"_links":{"self":[{"href":"https:\/\/lysinterfilter.com\/sv\/wp-json\/wp\/v2\/product\/2335","targetHints":{"allow":["GET"]}}],"collection":[{"href":"https:\/\/lysinterfilter.com\/sv\/wp-json\/wp\/v2\/product"}],"about":[{"href":"https:\/\/lysinterfilter.com\/sv\/wp-json\/wp\/v2\/types\/product"}],"wp:featuredmedia":[{"embeddable":true,"href":"https:\/\/lysinterfilter.com\/sv\/wp-json\/wp\/v2\/media\/2651"}],"wp:attachment":[{"href":"https:\/\/lysinterfilter.com\/sv\/wp-json\/wp\/v2\/media?parent=2335"}],"wp:term":[{"taxonomy":"product_brand","embeddable":true,"href":"https:\/\/lysinterfilter.com\/sv\/wp-json\/wp\/v2\/product_brand?post=2335"},{"taxonomy":"product_cat","embeddable":true,"href":"https:\/\/lysinterfilter.com\/sv\/wp-json\/wp\/v2\/product_cat?post=2335"},{"taxonomy":"product_tag","embeddable":true,"href":"https:\/\/lysinterfilter.com\/sv\/wp-json\/wp\/v2\/product_tag?post=2335"}],"curies":[{"name":"wp","href":"https:\/\/api.w.org\/{rel}","templated":true}]}}