{"id":2066,"date":"2024-06-12T07:28:58","date_gmt":"2024-06-12T07:28:58","guid":{"rendered":"https:\/\/lysinterfilter.com\/?post_type=product&#038;p=2066"},"modified":"2026-02-27T06:26:36","modified_gmt":"2026-02-27T06:26:36","slug":"factory-price-porous-plastic-sintered-pa-membrane-filter-with-screw-connector","status":"publish","type":"product","link":"https:\/\/lysinterfilter.com\/sv\/manufacturer\/factory-price-porous-plastic-sintered-pa-membrane-filter-with-screw-connector\/","title":{"rendered":"Fabrikspris Por\u00f6s plastsintrat PA-filter med skruvkoppling"},"content":{"rendered":"<div class=\"row\"  id=\"row-1180728980\">\n\n\t<div id=\"col-1139520668\" class=\"col small-12 large-12\"  >\n\t\t\t\t<div class=\"col-inner\"  >\n\t\t\t\n\t\t\t\n<h2>Produktdetaljer<\/h2>\n<h4><strong>Introduktion:<\/strong><\/h4>\n<p>PA sintrade filterelement \u00e4r tillverkat av h\u00f6gkvalitativ h\u00f6gmolekyl\u00e4r polyeten som huvudr\u00e5vara och kolfiber genom sintring med vetenskaplig formel. Kompakt struktur, stark, l\u00e4tt, t\u00e5l h\u00f6gt filtreringstryck, giftfri och smakl\u00f6s och har god korrosionsbest\u00e4ndighet mot sura och alkaliska l\u00f6sningsmedel.<\/p>\n<h4><strong>F\u00f6rdel:<\/strong><\/h4>\n<p>1. Best\u00e4ndig mot korrosion av stark syra och stark alkali, och resistent mot uppl\u00f6sning av organiska l\u00f6sningsmedel;<br \/>\n2. Utm\u00e4rkt styrka och slitstyrka s\u00e4kerst\u00e4ller dess livsl\u00e4ngd;<br \/>\n3. Ytan p\u00e5 det yttre ljuset g\u00f6r det sv\u00e5rt f\u00f6r f\u00f6roreningar att fastna;<br \/>\n4. Backspolning och backspolning \u00e4r l\u00e4tta att \u00e5teranv\u00e4nda;<br \/>\n5. Bra seghet, filterelementet \u00e4r inte l\u00e4tt att bryta;<br \/>\n6. Inget tr\u00f6skningsfenomen, starkt tryckmotst\u00e5nd.<\/p>\n<h4><strong>Specifikation:\u00a0\u00a0<\/strong><\/h4>\n<p>Diameter: \u222e20\u222e25\u222e30\u222e35\u222e38\u222e45\u222e50\u222e60<br \/>\nKontaktstorlek: M20-M22-M24-M26-M30<br \/>\nFogmaterial: polypropen, 316 rostfritt st\u00e5l<br \/>\nL\u00e4ngd: 5\u203310\u203320\u203330\u203340\u203360\u203380\u2033<br \/>\nFiltreringsnoggrannhet: 0,5um-100um<\/p>\n\t<div id=\"text-2083484989\" class=\"text\">\n\t\t\n<h3><strong>Foton:<\/strong><\/h3>\n\t\t\n<style>\n#text-2083484989 {\n  text-align: left;\n}\n<\/style>\n\t<\/div>\n\t\n\t<div class=\"img has-hover x md-x lg-x y md-y lg-y\" id=\"image_1642926034\">\n\t\t\t\t\t\t\t\t<div class=\"img-inner dark\" >\n\t\t\t<img loading=\"lazy\" decoding=\"async\" width=\"1024\" height=\"600\" src=\"https:\/\/lysinterfilter.com\/wp-content\/uploads\/2026\/02\/paa4.jpg\" class=\"attachment-original size-original\" alt=\"\" srcset=\"https:\/\/lysinterfilter.com\/wp-content\/uploads\/2026\/02\/paa4.jpg 1024w, https:\/\/lysinterfilter.com\/wp-content\/uploads\/2026\/02\/paa4-300x176.jpg 300w, https:\/\/lysinterfilter.com\/wp-content\/uploads\/2026\/02\/paa4-768x450.jpg 768w, https:\/\/lysinterfilter.com\/wp-content\/uploads\/2026\/02\/paa4-18x12.jpg 18w, https:\/\/lysinterfilter.com\/wp-content\/uploads\/2026\/02\/paa4-600x352.jpg 600w\" sizes=\"auto, (max-width: 1024px) 100vw, 1024px\" \/>\t\t\t\t\t\t\n\t\t\t\t\t<\/div>\n\t\t\t\t\t\t\t\t\n<style>\n#image_1642926034 {\n  width: 100%;\n}\n<\/style>\n\t<\/div>\n\t\n\t\t<\/div>\n\t\t\t\t\t<\/div>\n\n\t\n\n\t<div id=\"col-987512265\" class=\"col small-12 large-12\"  >\n\t\t\t\t<div class=\"col-inner\"  >\n\t\t\t\n\t\t\t\n<h2>Ans\u00f6kan<\/h2>\n\t<div class=\"img has-hover x md-x lg-x y md-y lg-y\" id=\"image_1145424360\">\n\t\t\t\t\t\t\t\t<div class=\"img-inner dark\" >\n\t\t\t<img loading=\"lazy\" decoding=\"async\" width=\"750\" height=\"350\" src=\"https:\/\/lysinterfilter.com\/wp-content\/uploads\/2024\/06\/Application.webp\" class=\"attachment-original size-original\" alt=\"\" srcset=\"https:\/\/lysinterfilter.com\/wp-content\/uploads\/2024\/06\/Application.webp 750w, https:\/\/lysinterfilter.com\/wp-content\/uploads\/2024\/06\/Application-300x140.webp 300w, https:\/\/lysinterfilter.com\/wp-content\/uploads\/2024\/06\/Application-18x8.webp 18w, https:\/\/lysinterfilter.com\/wp-content\/uploads\/2024\/06\/Application-600x280.webp 600w\" sizes=\"auto, (max-width: 750px) 100vw, 750px\" \/>\t\t\t\t\t\t\n\t\t\t\t\t<\/div>\n\t\t\t\t\t\t\t\t\n<style>\n#image_1145424360 {\n  width: 100%;\n}\n<\/style>\n\t<\/div>\n\t\n<p>A. L\u00e4kemedelsindustrin<\/p>\n<p>(1) Stor infusion av vatten, avkolning av farmaceutiska intermedi\u00e4rer<\/p>\n<p>filtrering; j\u00e4sningsbuljong, oral v\u00e4tska<\/p>\n<p>(2) Pulveraktivt kol med avf\u00e4rgningsfilter (medicinsk v\u00e4tska<\/p>\n<p>glukos, antibiotika, syntetisk medicin, beredning, kinesisk \u00f6rtmedicin<\/p>\n<p>v\u00e4tska etc.)<\/p>\n<p>(3)Injektionsv\u00e4tska<\/p>\n<p>(4) Insprutningsluftfilter<\/p>\n<p>(5) Vatten f\u00f6r injektionstv\u00e4tt<\/p>\n<p>(6) Medicinsk spritfiltrering<\/p>\n<p>B.Kemisk industri<\/p>\n<p>(1) Aluminiumhydroxidfiltrering och tv\u00e4ttning<\/p>\n<p>(2)Palladiumkatalysatorfiltrering och tv\u00e4ttning<\/p>\n<p>(3) Fosforfiltrering och tv\u00e4ttning<\/p>\n<p>(4) Zinkkarbonatfiltrering<\/p>\n<p>(5) Filtrering av natriumkarbonatl\u00f6sning<\/p>\n<p>(6)Bariumsulfatfiltrering och tv\u00e4ttning<\/p>\n<p>(7) Kadmiumsulfidfiltrering och tv\u00e4ttning<\/p>\n<p>C.Kemisk fiber &amp; textilindustri<\/p>\n<p>(1) Syrabadfiltrering<\/p>\n<p>(2) Filtrering f\u00f6r rening av svavel och akrylsyra<\/p>\n<p>(3) Silke vattenprecisionsfiltrering<\/p>\n<p>D.L\u00e4tt industri och livsmedelsindustri<\/p>\n<p>(1) Sirapsfiltrering<\/p>\n<p>(2) Drickfiltrering<\/p>\n<p>(3) Filtrering av vin och lacknafta<\/p>\n<p>(4) Vegetabilisk olja precisionsfiltrering<\/p>\n<p>(5) Eterisk oljefiltrering<\/p>\n<p>(6)Mineralvattenfiltrering<\/p>\n<p>E. Maskin- och oljeindustri<\/p>\n<p>(1) Filtrering av pl\u00e4teringsl\u00f6sning<\/p>\n<p>(2) Precisionsfiltrering f\u00f6r reng\u00f6ringsv\u00e4tska f\u00f6r f\u00f6rbr\u00e4nningsmotorer<\/p>\n<p>(3) Oljef\u00e4ltstv\u00e4ttfiltrering<\/p>\n<p>(4) Utrustning f\u00f6r ultrarent vatten f\u00f6r elindustrin<\/p>\n<p>F. Rening av avloppsvatten<\/p>\n<p>(1) Rening av tung mental hydroxid avloppsvatten<\/p>\n<p>(2) Blandning av tungmetaller avloppsvattenrening<\/p>\n<p>(3)Kemisk avloppsvattenrening<\/p>\n<p>(4) Keramisk avloppsvattenrening<\/p>\n<p>(5) Rening av avloppsvatten inneh\u00e5llande aluminium<\/p>\n<p>(6) Annan rening av avloppsvatten<\/p>\n\t\t<\/div>\n\t\t\t\t\t<\/div>\n\n\t\n\n\t<div id=\"col-496958559\" class=\"col small-12 large-12\"  >\n\t\t\t\t<div class=\"col-inner\"  >\n\t\t\t\n\t\t\t\n<h2>Certifieringar<\/h2>\n\t<div class=\"img has-hover x md-x lg-x y md-y lg-y\" id=\"image_1784145205\">\n\t\t\t\t\t\t\t\t<div class=\"img-inner dark\" >\n\t\t\t<img loading=\"lazy\" decoding=\"async\" width=\"750\" height=\"450\" src=\"https:\/\/lysinterfilter.com\/wp-content\/uploads\/2024\/06\/Certifications.webp\" class=\"attachment-original size-original\" alt=\"\" srcset=\"https:\/\/lysinterfilter.com\/wp-content\/uploads\/2024\/06\/Certifications.webp 750w, https:\/\/lysinterfilter.com\/wp-content\/uploads\/2024\/06\/Certifications-300x180.webp 300w, https:\/\/lysinterfilter.com\/wp-content\/uploads\/2024\/06\/Certifications-18x12.webp 18w, https:\/\/lysinterfilter.com\/wp-content\/uploads\/2024\/06\/Certifications-600x360.webp 600w\" sizes=\"auto, (max-width: 750px) 100vw, 750px\" \/>\t\t\t\t\t\t\n\t\t\t\t\t<\/div>\n\t\t\t\t\t\t\t\t\n<style>\n#image_1784145205 {\n  width: 100%;\n}\n<\/style>\n\t<\/div>\n\t\n\t\t<\/div>\n\t\t\t\t\t<\/div>\n\n\t\n<\/div>","protected":false},"excerpt":{"rendered":"<ul>\n<li>MOQ:<span id=\"dr_show_hits_179\">1 st<\/span><\/li>\n<li>Anpassad: Godk\u00e4nd<\/li>\n<li>Brand\uff1aOEM<\/li>\n<li>Leveranstid: Inom 7 dagar<\/li>\n<li>Certifiering: CE; ISO 9001<\/li>\n<li>Skicka e-post:<\/li>\n<li><a href=\"mailto:info@lysinterfilter.com\">info@lysinterfilter.com<\/a><\/li>\n<\/ul>","protected":false},"featured_media":2662,"template":"","meta":[],"product_brand":[],"product_cat":[43],"product_tag":[],"class_list":{"0":"post-2066","1":"product","2":"type-product","3":"status-publish","4":"has-post-thumbnail","6":"product_cat-pa-sintered-filter-cartridge","8":"first","9":"instock","10":"shipping-taxable","11":"product-type-simple"},"yoast_head":"<!-- This site is optimized with the Yoast SEO plugin v27.2 - https:\/\/yoast.com\/product\/yoast-seo-wordpress\/ -->\n<title>Factory Price Porous Plastic Sintered PA Filter with screw connector - Porous Plastic Filter Manufacturer China<\/title>\n<meta name=\"description\" content=\"Discover the efficiency of our PA filters. Engineered for durability and superior performance, these filters provide reliable filtration for various applications. Choose our PA filters for high-quality and effective contaminant removal.\" \/>\n<meta name=\"robots\" content=\"index, follow, max-snippet:-1, max-image-preview:large, max-video-preview:-1\" \/>\n<link rel=\"canonical\" href=\"https:\/\/lysinterfilter.com\/sv\/manufacturer\/factory-price-porous-plastic-sintered-pa-membrane-filter-with-screw-connector\/\" \/>\n<meta property=\"og:locale\" content=\"sv_SE\" \/>\n<meta property=\"og:type\" content=\"article\" \/>\n<meta property=\"og:title\" content=\"Factory Price Porous Plastic Sintered PA Filter with screw connector - Porous Plastic Filter Manufacturer China\" \/>\n<meta property=\"og:description\" content=\"Discover the efficiency of our PA filters. Engineered for durability and superior performance, these filters provide reliable filtration for various applications. Choose our PA filters for high-quality and effective contaminant removal.\" \/>\n<meta property=\"og:url\" content=\"https:\/\/lysinterfilter.com\/sv\/manufacturer\/factory-price-porous-plastic-sintered-pa-membrane-filter-with-screw-connector\/\" \/>\n<meta property=\"og:site_name\" content=\"Porous Plastic Filter Manufacturer China\" \/>\n<meta property=\"article:modified_time\" content=\"2026-02-27T06:26:36+00:00\" \/>\n<meta property=\"og:image\" content=\"https:\/\/lysinterfilter.com\/wp-content\/uploads\/2024\/06\/paa.jpg\" \/>\n\t<meta property=\"og:image:width\" content=\"1024\" \/>\n\t<meta property=\"og:image:height\" content=\"902\" \/>\n\t<meta property=\"og:image:type\" content=\"image\/jpeg\" \/>\n<meta name=\"twitter:card\" content=\"summary_large_image\" \/>\n<meta name=\"twitter:label1\" content=\"Ber\u00e4knad l\u00e4stid\" \/>\n\t<meta name=\"twitter:data1\" content=\"2 minuter\" \/>\n<script type=\"application\/ld+json\" class=\"yoast-schema-graph\">{\"@context\":\"https:\/\/schema.org\",\"@graph\":[{\"@type\":\"WebPage\",\"@id\":\"https:\/\/lysinterfilter.com\/manufacturer\/factory-price-porous-plastic-sintered-pa-membrane-filter-with-screw-connector\/\",\"url\":\"https:\/\/lysinterfilter.com\/manufacturer\/factory-price-porous-plastic-sintered-pa-membrane-filter-with-screw-connector\/\",\"name\":\"Factory Price Porous Plastic Sintered PA Filter with screw connector - Porous Plastic Filter Manufacturer China\",\"isPartOf\":{\"@id\":\"https:\/\/lysinterfilter.com\/#website\"},\"primaryImageOfPage\":{\"@id\":\"https:\/\/lysinterfilter.com\/manufacturer\/factory-price-porous-plastic-sintered-pa-membrane-filter-with-screw-connector\/#primaryimage\"},\"image\":{\"@id\":\"https:\/\/lysinterfilter.com\/manufacturer\/factory-price-porous-plastic-sintered-pa-membrane-filter-with-screw-connector\/#primaryimage\"},\"thumbnailUrl\":\"https:\/\/lysinterfilter.com\/wp-content\/uploads\/2024\/06\/paa.jpg\",\"datePublished\":\"2024-06-12T07:28:58+00:00\",\"dateModified\":\"2026-02-27T06:26:36+00:00\",\"description\":\"Discover the efficiency of our PA filters. Engineered for durability and superior performance, these filters provide reliable filtration for various applications. Choose our PA filters for high-quality and effective contaminant removal.\",\"breadcrumb\":{\"@id\":\"https:\/\/lysinterfilter.com\/manufacturer\/factory-price-porous-plastic-sintered-pa-membrane-filter-with-screw-connector\/#breadcrumb\"},\"inLanguage\":\"sv-SE\",\"potentialAction\":[{\"@type\":\"ReadAction\",\"target\":[\"https:\/\/lysinterfilter.com\/manufacturer\/factory-price-porous-plastic-sintered-pa-membrane-filter-with-screw-connector\/\"]}]},{\"@type\":\"ImageObject\",\"inLanguage\":\"sv-SE\",\"@id\":\"https:\/\/lysinterfilter.com\/manufacturer\/factory-price-porous-plastic-sintered-pa-membrane-filter-with-screw-connector\/#primaryimage\",\"url\":\"https:\/\/lysinterfilter.com\/wp-content\/uploads\/2024\/06\/paa.jpg\",\"contentUrl\":\"https:\/\/lysinterfilter.com\/wp-content\/uploads\/2024\/06\/paa.jpg\",\"width\":1024,\"height\":902,\"caption\":\"{\\\"data\\\":{\\\"pictureId\\\":\\\"5960cd75038c47639d2dcd968f3ac9b2\\\",\\\"appversion\\\":\\\"14.0.0\\\",\\\"stickerId\\\":\\\"\\\",\\\"filterId\\\":\\\"\\\",\\\"infoStickerId\\\":\\\"\\\",\\\"imageEffectId\\\":\\\"\\\",\\\"playId\\\":\\\"\\\",\\\"activityName\\\":\\\"\\\",\\\"os\\\":\\\"android\\\",\\\"product\\\":\\\"retouch\\\",\\\"originAppId\\\":\\\"2515\\\",\\\"exportType\\\":\\\"\\\",\\\"editType\\\":\\\"\\\",\\\"alias\\\":\\\"ccQ6nHZKEKCSnAPj2B+oeSnh6cpfcONySoecApXskDd1JpjDMrHeKQY45ddtDF72wevufyA055xQH2vkryoBxTe02VwMqEO1pq8lu7UJ9XZGW11Imql16qKR3qLYoEb3NgG9NstNlKxZfxiYlUWHuQGkSAeGi17nVSX2Py1NqdAG1e81W\/1cAhmBTpxw7e9ET7yqDY7I\/xgyFwLdo9A5JnSUbGWVfQU5Im\/ixueFYYcat8ki18sgSNeRex7fhKzdoDw7s1fWe84eV9YsXZ4SZCO\/lHnMFgUMvXNt3UBDOZX3ijdzvyJek+HddSevWQ4RIbM4s2016auHZyvzMXp7yg==\\\",\\\"enterFrom\\\":\\\"enter_launch\\\",\\\"capability_key\\\":[\\\"erase\\\"],\\\"capability_extra_v2\\\":{\\\"erase\\\":[{\\\"panel\\\":\\\"magic_eliminate\\\"}]},\\\"effect_type\\\":\\\"tool\\\",\\\"effect_id\\\":\\\"erase\\\"},\\\"source_type\\\":\\\"douyin_beauty_me\\\"}\"},{\"@type\":\"BreadcrumbList\",\"@id\":\"https:\/\/lysinterfilter.com\/manufacturer\/factory-price-porous-plastic-sintered-pa-membrane-filter-with-screw-connector\/#breadcrumb\",\"itemListElement\":[{\"@type\":\"ListItem\",\"position\":1,\"name\":\"Home\",\"item\":\"https:\/\/lysinterfilter.com\/\"},{\"@type\":\"ListItem\",\"position\":2,\"name\":\"Products\",\"item\":\"https:\/\/lysinterfilter.com\/shop\/\"},{\"@type\":\"ListItem\",\"position\":3,\"name\":\"Factory Price Porous Plastic Sintered PA Filter with screw connector\"}]},{\"@type\":\"WebSite\",\"@id\":\"https:\/\/lysinterfilter.com\/#website\",\"url\":\"https:\/\/lysinterfilter.com\/\",\"name\":\"Porous Plastic Filter Manufacturer China\",\"description\":\"\",\"potentialAction\":[{\"@type\":\"SearchAction\",\"target\":{\"@type\":\"EntryPoint\",\"urlTemplate\":\"https:\/\/lysinterfilter.com\/?s={search_term_string}\"},\"query-input\":{\"@type\":\"PropertyValueSpecification\",\"valueRequired\":true,\"valueName\":\"search_term_string\"}}],\"inLanguage\":\"sv-SE\"}]}<\/script>\n<!-- \/ Yoast SEO plugin. -->","yoast_head_json":{"title":"Factory Price Porous Plastic Sintered PA Filter with screw connector - Porous Plastic Filter Manufacturer China","description":"Uppt\u00e4ck effektiviteten hos v\u00e5ra PA-filter. Dessa filter \u00e4r konstruerade f\u00f6r h\u00e5llbarhet och \u00f6verl\u00e4gsen prestanda och ger tillf\u00f6rlitlig filtrering f\u00f6r olika applikationer. V\u00e4lj v\u00e5ra PA-filter f\u00f6r h\u00f6gkvalitativ och effektiv borttagning av f\u00f6roreningar.","robots":{"index":"index","follow":"follow","max-snippet":"max-snippet:-1","max-image-preview":"max-image-preview:large","max-video-preview":"max-video-preview:-1"},"canonical":"https:\/\/lysinterfilter.com\/sv\/manufacturer\/factory-price-porous-plastic-sintered-pa-membrane-filter-with-screw-connector\/","og_locale":"sv_SE","og_type":"article","og_title":"Factory Price Porous Plastic Sintered PA Filter with screw connector - Porous Plastic Filter Manufacturer China","og_description":"Discover the efficiency of our PA filters. Engineered for durability and superior performance, these filters provide reliable filtration for various applications. Choose our PA filters for high-quality and effective contaminant removal.","og_url":"https:\/\/lysinterfilter.com\/sv\/manufacturer\/factory-price-porous-plastic-sintered-pa-membrane-filter-with-screw-connector\/","og_site_name":"Porous Plastic Filter Manufacturer China","article_modified_time":"2026-02-27T06:26:36+00:00","og_image":[{"width":1024,"height":902,"url":"https:\/\/lysinterfilter.com\/wp-content\/uploads\/2024\/06\/paa.jpg","type":"image\/jpeg"}],"twitter_card":"summary_large_image","twitter_misc":{"Ber\u00e4knad l\u00e4stid":"2 minuter"},"schema":{"@context":"https:\/\/schema.org","@graph":[{"@type":"WebPage","@id":"https:\/\/lysinterfilter.com\/manufacturer\/factory-price-porous-plastic-sintered-pa-membrane-filter-with-screw-connector\/","url":"https:\/\/lysinterfilter.com\/manufacturer\/factory-price-porous-plastic-sintered-pa-membrane-filter-with-screw-connector\/","name":"Factory Price Porous Plastic Sintered PA Filter with screw connector - Porous Plastic Filter Manufacturer China","isPartOf":{"@id":"https:\/\/lysinterfilter.com\/#website"},"primaryImageOfPage":{"@id":"https:\/\/lysinterfilter.com\/manufacturer\/factory-price-porous-plastic-sintered-pa-membrane-filter-with-screw-connector\/#primaryimage"},"image":{"@id":"https:\/\/lysinterfilter.com\/manufacturer\/factory-price-porous-plastic-sintered-pa-membrane-filter-with-screw-connector\/#primaryimage"},"thumbnailUrl":"https:\/\/lysinterfilter.com\/wp-content\/uploads\/2024\/06\/paa.jpg","datePublished":"2024-06-12T07:28:58+00:00","dateModified":"2026-02-27T06:26:36+00:00","description":"Uppt\u00e4ck effektiviteten hos v\u00e5ra PA-filter. Dessa filter \u00e4r konstruerade f\u00f6r h\u00e5llbarhet och \u00f6verl\u00e4gsen prestanda och ger tillf\u00f6rlitlig filtrering f\u00f6r olika applikationer. V\u00e4lj v\u00e5ra PA-filter f\u00f6r h\u00f6gkvalitativ och effektiv borttagning av f\u00f6roreningar.","breadcrumb":{"@id":"https:\/\/lysinterfilter.com\/manufacturer\/factory-price-porous-plastic-sintered-pa-membrane-filter-with-screw-connector\/#breadcrumb"},"inLanguage":"sv-SE","potentialAction":[{"@type":"ReadAction","target":["https:\/\/lysinterfilter.com\/manufacturer\/factory-price-porous-plastic-sintered-pa-membrane-filter-with-screw-connector\/"]}]},{"@type":"ImageObject","inLanguage":"sv-SE","@id":"https:\/\/lysinterfilter.com\/manufacturer\/factory-price-porous-plastic-sintered-pa-membrane-filter-with-screw-connector\/#primaryimage","url":"https:\/\/lysinterfilter.com\/wp-content\/uploads\/2024\/06\/paa.jpg","contentUrl":"https:\/\/lysinterfilter.com\/wp-content\/uploads\/2024\/06\/paa.jpg","width":1024,"height":902,"caption":"{\"data\":{\"pictureId\":\"5960cd75038c47639d2dcd968f3ac9b2\",\"appversion\":\"14.0.0\",\"stickerId\":\"\",\"filterId\":\"\",\"infoStickerId\":\"\",\"imageEffectId\":\"\",\"playId\":\"\",\"activityName\":\"\",\"os\":\"android\",\"product\":\"retouch\",\"originAppId\":\"2515\",\"exportType\":\"\",\"editType\":\"\",\"alias\":\"ccQ6nHZKEKCSnAPj2B+oeSnh6cpfcONySoecApXskDd1JpjDMrHeKQY45ddtDF72wevufyA055xQH2vkryoBxTe02VwMqEO1pq8lu7UJ9XZGW11Imql16qKR3qLYoEb3NgG9NstNlKxZfxiYlUWHuQGkSAeGi17nVSX2Py1NqdAG1e81W\/1cAhmBTpxw7e9ET7yqDY7I\/xgyFwLdo9A5JnSUbGWVfQU5Im\/ixueFYYcat8ki18sgSNeRex7fhKzdoDw7s1fWe84eV9YsXZ4SZCO\/lHnMFgUMvXNt3UBDOZX3ijdzvyJek+HddSevWQ4RIbM4s2016auHZyvzMXp7yg==\",\"enterFrom\":\"enter_launch\",\"capability_key\":[\"erase\"],\"capability_extra_v2\":{\"erase\":[{\"panel\":\"magic_eliminate\"}]},\"effect_type\":\"tool\",\"effect_id\":\"erase\"},\"source_type\":\"douyin_beauty_me\"}"},{"@type":"BreadcrumbList","@id":"https:\/\/lysinterfilter.com\/manufacturer\/factory-price-porous-plastic-sintered-pa-membrane-filter-with-screw-connector\/#breadcrumb","itemListElement":[{"@type":"ListItem","position":1,"name":"Home","item":"https:\/\/lysinterfilter.com\/"},{"@type":"ListItem","position":2,"name":"Products","item":"https:\/\/lysinterfilter.com\/shop\/"},{"@type":"ListItem","position":3,"name":"Factory Price Porous Plastic Sintered PA Filter with screw connector"}]},{"@type":"WebSite","@id":"https:\/\/lysinterfilter.com\/#website","url":"https:\/\/lysinterfilter.com\/","name":"Porous Plastic Filter Manufacturer China","description":"","potentialAction":[{"@type":"SearchAction","target":{"@type":"EntryPoint","urlTemplate":"https:\/\/lysinterfilter.com\/?s={search_term_string}"},"query-input":{"@type":"PropertyValueSpecification","valueRequired":true,"valueName":"search_term_string"}}],"inLanguage":"sv-SE"}]}},"_links":{"self":[{"href":"https:\/\/lysinterfilter.com\/sv\/wp-json\/wp\/v2\/product\/2066","targetHints":{"allow":["GET"]}}],"collection":[{"href":"https:\/\/lysinterfilter.com\/sv\/wp-json\/wp\/v2\/product"}],"about":[{"href":"https:\/\/lysinterfilter.com\/sv\/wp-json\/wp\/v2\/types\/product"}],"wp:featuredmedia":[{"embeddable":true,"href":"https:\/\/lysinterfilter.com\/sv\/wp-json\/wp\/v2\/media\/2662"}],"wp:attachment":[{"href":"https:\/\/lysinterfilter.com\/sv\/wp-json\/wp\/v2\/media?parent=2066"}],"wp:term":[{"taxonomy":"product_brand","embeddable":true,"href":"https:\/\/lysinterfilter.com\/sv\/wp-json\/wp\/v2\/product_brand?post=2066"},{"taxonomy":"product_cat","embeddable":true,"href":"https:\/\/lysinterfilter.com\/sv\/wp-json\/wp\/v2\/product_cat?post=2066"},{"taxonomy":"product_tag","embeddable":true,"href":"https:\/\/lysinterfilter.com\/sv\/wp-json\/wp\/v2\/product_tag?post=2066"}],"curies":[{"name":"wp","href":"https:\/\/api.w.org\/{rel}","templated":true}]}}