{"id":2044,"date":"2024-06-11T09:06:27","date_gmt":"2024-06-11T09:06:27","guid":{"rendered":"https:\/\/lysinterfilter.com\/?post_type=product&#038;p=2044"},"modified":"2026-02-27T09:44:43","modified_gmt":"2026-02-27T09:44:43","slug":"filters-for-oxygen-concentrators","status":"publish","type":"product","link":"https:\/\/lysinterfilter.com\/sv\/manufacturer\/filters-for-oxygen-concentrators\/","title":{"rendered":"Filter f\u00f6r syrekoncentratorer"},"content":{"rendered":"<div class=\"row\"  id=\"row-151537182\">\n\n\t<div id=\"col-1975954222\" class=\"col small-12 large-12\"  >\n\t\t\t\t<div class=\"col-inner\"  >\n\t\t\t\n\t\t\t\n<h2>Produktdetaljer<\/h2>\n<h3><strong>Introduktion:<\/strong><\/h3>\n<p>Lvyuan-filter f\u00f6r syrekoncentratorer anv\u00e4nds i befuktnings- och filtreringsanordningar f\u00f6r syrekoncentratorer.<\/p>\n<h3><strong>Drag:<\/strong><\/h3>\n<p>F\u00f6rb\u00e4ttrad fl\u00f6deskontroll f\u00f6r b\u00e5de medicinska och hush\u00e5llssyregeneratorer;<br \/>\n\u00d6verl\u00e4gsen brusd\u00e4mpande effekt;<br \/>\nTillverkad av UHMW-PE-material av medicinsk kvalitet, med utm\u00e4rkt biokompatibilitet;<br \/>\nAnpassningsbara dimensioner och struktur f\u00f6r syregeneratorer fr\u00e5n olika tillverkare.<\/p>\n\t<div id=\"text-1259654617\" class=\"text\">\n\t\t\n<h3><strong>Foton:<\/strong><\/h3>\n\t\t\n<style>\n#text-1259654617 {\n  text-align: left;\n}\n<\/style>\n\t<\/div>\n\t\n\t<div class=\"img has-hover x md-x lg-x y md-y lg-y\" id=\"image_1845972909\">\n\t\t\t\t\t\t\t\t<div class=\"img-inner dark\" >\n\t\t\t<img loading=\"lazy\" decoding=\"async\" width=\"750\" height=\"440\" src=\"https:\/\/lysinterfilter.com\/wp-content\/uploads\/2024\/06\/100.webp\" class=\"attachment-original size-original\" alt=\"\" srcset=\"https:\/\/lysinterfilter.com\/wp-content\/uploads\/2024\/06\/100.webp 750w, https:\/\/lysinterfilter.com\/wp-content\/uploads\/2024\/06\/100-300x176.webp 300w, https:\/\/lysinterfilter.com\/wp-content\/uploads\/2024\/06\/100-18x12.webp 18w, https:\/\/lysinterfilter.com\/wp-content\/uploads\/2024\/06\/100-600x352.webp 600w\" sizes=\"auto, (max-width: 750px) 100vw, 750px\" \/>\t\t\t\t\t\t\n\t\t\t\t\t<\/div>\n\t\t\t\t\t\t\t\t\n<style>\n#image_1845972909 {\n  width: 100%;\n}\n<\/style>\n\t<\/div>\n\t\n<h3><strong>Best\u00e4llningsinformation:<\/strong><\/h3>\n<div style=\"overflow: auto;\">\n<div style=\"overflow: auto;\">\n<div style=\"overflow: auto;\">\n<div style=\"overflow: auto;\">\n<table border=\"\u201d1\u2033\" width=\"\u201d3000px\u201d\" align=\"\u201dcenter\u201d\">\n<tbody>\n<tr style=\"background-color: #f2f2f2;\">\n<th style=\"border: 1px solid #dddddd; padding: 8px;\">Katt. #<\/th>\n<th style=\"border: 1px solid #dddddd; padding: 8px;\">Beskrivning<\/th>\n<th style=\"border: 1px solid #dddddd; padding: 8px;\">Antal.<\/th>\n<\/tr>\n<tr style=\"background-color: #f2f2f2;\">\n<td style=\"border: 1px solid #dddddd; padding: 8px;\">LY-IFA310-233-X<\/td>\n<td style=\"border: 1px solid #dddddd; padding: 8px;\">Lvyuan-filter f\u00f6r syrekoncentratorer<\/td>\n<td style=\"border: 1px solid #dddddd; padding: 8px;\">100 st\/kartong<\/td>\n<\/tr>\n<\/tbody>\n<\/table>\n<\/div>\n<\/div>\n<\/div>\n<\/div>\n\t\t<\/div>\n\t\t\t\t\t<\/div>\n\n\t\n\n\t<div id=\"col-648923309\" class=\"col small-12 large-12\"  >\n\t\t\t\t<div class=\"col-inner\"  >\n\t\t\t\n\t\t\t\n<h2>Ans\u00f6kan<\/h2>\n\t<div class=\"img has-hover x md-x lg-x y md-y lg-y\" id=\"image_103026190\">\n\t\t\t\t\t\t\t\t<div class=\"img-inner dark\" >\n\t\t\t<img loading=\"lazy\" decoding=\"async\" width=\"500\" height=\"618\" src=\"https:\/\/lysinterfilter.com\/wp-content\/uploads\/2024\/06\/101.webp\" class=\"attachment-original size-original\" alt=\"\" srcset=\"https:\/\/lysinterfilter.com\/wp-content\/uploads\/2024\/06\/101.webp 500w, https:\/\/lysinterfilter.com\/wp-content\/uploads\/2024\/06\/101-243x300.webp 243w, https:\/\/lysinterfilter.com\/wp-content\/uploads\/2024\/06\/101-10x12.webp 10w\" sizes=\"auto, (max-width: 500px) 100vw, 500px\" \/>\t\t\t\t\t\t\n\t\t\t\t\t<\/div>\n\t\t\t\t\t\t\t\t\n<style>\n#image_103026190 {\n  width: 100%;\n}\n<\/style>\n\t<\/div>\n\t\n<p>A. L\u00e4kemedelsindustrin<\/p>\n<p>(1) Stor infusion av vatten, avkolning av farmaceutiska intermedi\u00e4rer<\/p>\n<p>filtrering; j\u00e4sningsbuljong, oral v\u00e4tska<\/p>\n<p>(2) Pulveraktivt kol med avf\u00e4rgningsfilter (medicinsk v\u00e4tska<\/p>\n<p>glukos, antibiotika, syntetisk medicin, beredning, kinesisk \u00f6rtmedicin<\/p>\n<p>v\u00e4tska etc.)<\/p>\n<p>(3)Injektionsv\u00e4tska<\/p>\n<p>(4) Insprutningsluftfilter<\/p>\n<p>(5) Vatten f\u00f6r injektionstv\u00e4tt<\/p>\n<p>(6) Medicinsk spritfiltrering<\/p>\n<p>B.Kemisk industri<\/p>\n<p>(1) Aluminiumhydroxidfiltrering och tv\u00e4ttning<\/p>\n<p>(2)Palladiumkatalysatorfiltrering och tv\u00e4ttning<\/p>\n<p>(3) Fosforfiltrering och tv\u00e4ttning<\/p>\n<p>(4) Zinkkarbonatfiltrering<\/p>\n<p>(5) Filtrering av natriumkarbonatl\u00f6sning<\/p>\n<p>(6)Bariumsulfatfiltrering och tv\u00e4ttning<\/p>\n<p>(7) Kadmiumsulfidfiltrering och tv\u00e4ttning<\/p>\n<p>C.Kemisk fiber &amp; textilindustri<\/p>\n<p>(1) Syrabadfiltrering<\/p>\n<p>(2) Filtrering f\u00f6r rening av svavel och akrylsyra<\/p>\n<p>(3) Silke vattenprecisionsfiltrering<\/p>\n<p>D.L\u00e4tt industri och livsmedelsindustri<\/p>\n<p>(1) Sirapsfiltrering<\/p>\n<p>(2) Drickfiltrering<\/p>\n<p>(3) Filtrering av vin och lacknafta<\/p>\n<p>(4) Vegetabilisk olja precisionsfiltrering<\/p>\n<p>(5) Eterisk oljefiltrering<\/p>\n<p>(6)Mineralvattenfiltrering<\/p>\n<p>E. Maskin- och oljeindustri<\/p>\n<p>(1) Filtrering av pl\u00e4teringsl\u00f6sning<\/p>\n<p>(2) Precisionsfiltrering f\u00f6r reng\u00f6ringsv\u00e4tska f\u00f6r f\u00f6rbr\u00e4nningsmotorer<\/p>\n<p>(3) Oljef\u00e4ltstv\u00e4ttfiltrering<\/p>\n<p>(4) Utrustning f\u00f6r ultrarent vatten f\u00f6r elindustrin<\/p>\n<p>F. Rening av avloppsvatten<\/p>\n<p>(1) Rening av tung mental hydroxid avloppsvatten<\/p>\n<p>(2) Blandning av tungmetaller avloppsvattenrening<\/p>\n<p>(3)Kemisk avloppsvattenrening<\/p>\n<p>(4) Keramisk avloppsvattenrening<\/p>\n<p>(5) Rening av avloppsvatten inneh\u00e5llande aluminium<\/p>\n<p>(6) Annan rening av avloppsvatten<\/p>\n\t\t<\/div>\n\t\t\t\t\t<\/div>\n\n\t\n\n\t<div id=\"col-1950119353\" class=\"col small-12 large-12\"  >\n\t\t\t\t<div class=\"col-inner\"  >\n\t\t\t\n\t\t\t\n<h2>Certifieringar<\/h2>\n\t<div class=\"img has-hover x md-x lg-x y md-y lg-y\" id=\"image_583860472\">\n\t\t\t\t\t\t\t\t<div class=\"img-inner dark\" >\n\t\t\t<img loading=\"lazy\" decoding=\"async\" width=\"750\" height=\"450\" src=\"https:\/\/lysinterfilter.com\/wp-content\/uploads\/2024\/06\/Certifications.webp\" class=\"attachment-original size-original\" alt=\"\" srcset=\"https:\/\/lysinterfilter.com\/wp-content\/uploads\/2024\/06\/Certifications.webp 750w, https:\/\/lysinterfilter.com\/wp-content\/uploads\/2024\/06\/Certifications-300x180.webp 300w, https:\/\/lysinterfilter.com\/wp-content\/uploads\/2024\/06\/Certifications-18x12.webp 18w, https:\/\/lysinterfilter.com\/wp-content\/uploads\/2024\/06\/Certifications-600x360.webp 600w\" sizes=\"auto, (max-width: 750px) 100vw, 750px\" \/>\t\t\t\t\t\t\n\t\t\t\t\t<\/div>\n\t\t\t\t\t\t\t\t\n<style>\n#image_583860472 {\n  width: 100%;\n}\n<\/style>\n\t<\/div>\n\t\n\t\t<\/div>\n\t\t\t\t\t<\/div>\n\n\t\n<\/div>","protected":false},"excerpt":{"rendered":"<ul>\n<li>MOQ:<span id=\"dr_show_hits_179\">1 st<\/span><\/li>\n<li>Anpassad: Godk\u00e4nd<\/li>\n<li>M\u00e4rke: OEM\/Lvyuan<\/li>\n<li>Leveranstid: Inom 7 dagar<\/li>\n<li>Certifiering: CE; ISO 9001<\/li>\n<li>Skicka e-post:<\/li>\n<li><a href=\"mailto:info@lysinterfilter.com\">info@lysinterfilter.com<\/a><\/li>\n<\/ul>","protected":false},"featured_media":2678,"template":"","meta":[],"product_brand":[],"product_cat":[40],"product_tag":[],"class_list":{"0":"post-2044","1":"product","2":"type-product","3":"status-publish","4":"has-post-thumbnail","6":"product_cat-medical-filters","8":"first","9":"instock","10":"shipping-taxable","11":"product-type-simple"},"yoast_head":"<!-- This site is optimized with the Yoast SEO plugin v27.2 - https:\/\/yoast.com\/product\/yoast-seo-wordpress\/ -->\n<title>Filters for Oxygen Concentrators - Porous Plastic Filter Manufacturer China<\/title>\n<meta name=\"description\" content=\"Enhance the performance of your oxygen concentrator with our high-quality filters. Designed for optimal filtration and durability, our filters ensure clean and pure oxygen delivery. Trust our filters for reliable and efficient operation.\" \/>\n<meta name=\"robots\" content=\"index, follow, max-snippet:-1, max-image-preview:large, max-video-preview:-1\" \/>\n<link rel=\"canonical\" href=\"https:\/\/lysinterfilter.com\/sv\/manufacturer\/filters-for-oxygen-concentrators\/\" \/>\n<meta property=\"og:locale\" content=\"sv_SE\" \/>\n<meta property=\"og:type\" content=\"article\" \/>\n<meta property=\"og:title\" content=\"Filters for Oxygen Concentrators - Porous Plastic Filter Manufacturer China\" \/>\n<meta property=\"og:description\" content=\"Enhance the performance of your oxygen concentrator with our high-quality filters. Designed for optimal filtration and durability, our filters ensure clean and pure oxygen delivery. Trust our filters for reliable and efficient operation.\" \/>\n<meta property=\"og:url\" content=\"https:\/\/lysinterfilter.com\/sv\/manufacturer\/filters-for-oxygen-concentrators\/\" \/>\n<meta property=\"og:site_name\" content=\"Porous Plastic Filter Manufacturer China\" \/>\n<meta property=\"article:modified_time\" content=\"2026-02-27T09:44:43+00:00\" \/>\n<meta property=\"og:image\" content=\"https:\/\/lysinterfilter.com\/wp-content\/uploads\/2024\/06\/og.jpg\" \/>\n\t<meta property=\"og:image:width\" content=\"1024\" \/>\n\t<meta property=\"og:image:height\" content=\"902\" \/>\n\t<meta property=\"og:image:type\" content=\"image\/jpeg\" \/>\n<meta name=\"twitter:card\" content=\"summary_large_image\" \/>\n<meta name=\"twitter:label1\" content=\"Ber\u00e4knad l\u00e4stid\" \/>\n\t<meta name=\"twitter:data1\" content=\"2 minuter\" \/>\n<script type=\"application\/ld+json\" class=\"yoast-schema-graph\">{\"@context\":\"https:\/\/schema.org\",\"@graph\":[{\"@type\":\"WebPage\",\"@id\":\"https:\/\/lysinterfilter.com\/manufacturer\/filters-for-oxygen-concentrators\/\",\"url\":\"https:\/\/lysinterfilter.com\/manufacturer\/filters-for-oxygen-concentrators\/\",\"name\":\"Filters for Oxygen Concentrators - Porous Plastic Filter Manufacturer China\",\"isPartOf\":{\"@id\":\"https:\/\/lysinterfilter.com\/#website\"},\"primaryImageOfPage\":{\"@id\":\"https:\/\/lysinterfilter.com\/manufacturer\/filters-for-oxygen-concentrators\/#primaryimage\"},\"image\":{\"@id\":\"https:\/\/lysinterfilter.com\/manufacturer\/filters-for-oxygen-concentrators\/#primaryimage\"},\"thumbnailUrl\":\"https:\/\/lysinterfilter.com\/wp-content\/uploads\/2024\/06\/og.jpg\",\"datePublished\":\"2024-06-11T09:06:27+00:00\",\"dateModified\":\"2026-02-27T09:44:43+00:00\",\"description\":\"Enhance the performance of your oxygen concentrator with our high-quality filters. Designed for optimal filtration and durability, our filters ensure clean and pure oxygen delivery. Trust our filters for reliable and efficient operation.\",\"breadcrumb\":{\"@id\":\"https:\/\/lysinterfilter.com\/manufacturer\/filters-for-oxygen-concentrators\/#breadcrumb\"},\"inLanguage\":\"sv-SE\",\"potentialAction\":[{\"@type\":\"ReadAction\",\"target\":[\"https:\/\/lysinterfilter.com\/manufacturer\/filters-for-oxygen-concentrators\/\"]}]},{\"@type\":\"ImageObject\",\"inLanguage\":\"sv-SE\",\"@id\":\"https:\/\/lysinterfilter.com\/manufacturer\/filters-for-oxygen-concentrators\/#primaryimage\",\"url\":\"https:\/\/lysinterfilter.com\/wp-content\/uploads\/2024\/06\/og.jpg\",\"contentUrl\":\"https:\/\/lysinterfilter.com\/wp-content\/uploads\/2024\/06\/og.jpg\",\"width\":1024,\"height\":902,\"caption\":\"{\\\"data\\\":{\\\"pictureId\\\":\\\"a62f14c2a334460ab84c6a52ac91acd3\\\",\\\"appversion\\\":\\\"14.0.0\\\",\\\"stickerId\\\":\\\"\\\",\\\"filterId\\\":\\\"\\\",\\\"infoStickerId\\\":\\\"\\\",\\\"imageEffectId\\\":\\\"\\\",\\\"playId\\\":\\\"\\\",\\\"activityName\\\":\\\"\\\",\\\"os\\\":\\\"android\\\",\\\"product\\\":\\\"retouch\\\",\\\"originAppId\\\":\\\"2515\\\",\\\"exportType\\\":\\\"\\\",\\\"editType\\\":\\\"\\\",\\\"alias\\\":\\\"\\\",\\\"enterFrom\\\":\\\"enter_launch\\\",\\\"capability_key\\\":[\\\"erase\\\"],\\\"capability_extra_v2\\\":{\\\"erase\\\":[{\\\"panel\\\":\\\"eliminatePen\\\"}]},\\\"effect_type\\\":\\\"tool\\\",\\\"effect_id\\\":\\\"erase\\\"},\\\"source_type\\\":\\\"douyin_beauty_me\\\"}\"},{\"@type\":\"BreadcrumbList\",\"@id\":\"https:\/\/lysinterfilter.com\/manufacturer\/filters-for-oxygen-concentrators\/#breadcrumb\",\"itemListElement\":[{\"@type\":\"ListItem\",\"position\":1,\"name\":\"Home\",\"item\":\"https:\/\/lysinterfilter.com\/\"},{\"@type\":\"ListItem\",\"position\":2,\"name\":\"Products\",\"item\":\"https:\/\/lysinterfilter.com\/shop\/\"},{\"@type\":\"ListItem\",\"position\":3,\"name\":\"Filters for Oxygen Concentrators\"}]},{\"@type\":\"WebSite\",\"@id\":\"https:\/\/lysinterfilter.com\/#website\",\"url\":\"https:\/\/lysinterfilter.com\/\",\"name\":\"Porous Plastic Filter Manufacturer China\",\"description\":\"\",\"potentialAction\":[{\"@type\":\"SearchAction\",\"target\":{\"@type\":\"EntryPoint\",\"urlTemplate\":\"https:\/\/lysinterfilter.com\/?s={search_term_string}\"},\"query-input\":{\"@type\":\"PropertyValueSpecification\",\"valueRequired\":true,\"valueName\":\"search_term_string\"}}],\"inLanguage\":\"sv-SE\"}]}<\/script>\n<!-- \/ Yoast SEO plugin. -->","yoast_head_json":{"title":"Filters for Oxygen Concentrators - Porous Plastic Filter Manufacturer China","description":"F\u00f6rb\u00e4ttra prestandan hos din syrekoncentrator med v\u00e5ra h\u00f6gkvalitativa filter. V\u00e5ra filter \u00e4r designade f\u00f6r optimal filtrering och h\u00e5llbarhet och s\u00e4kerst\u00e4ller ren och ren syretillf\u00f6rsel. Lita p\u00e5 v\u00e5ra filter f\u00f6r tillf\u00f6rlitlig och effektiv drift.","robots":{"index":"index","follow":"follow","max-snippet":"max-snippet:-1","max-image-preview":"max-image-preview:large","max-video-preview":"max-video-preview:-1"},"canonical":"https:\/\/lysinterfilter.com\/sv\/manufacturer\/filters-for-oxygen-concentrators\/","og_locale":"sv_SE","og_type":"article","og_title":"Filters for Oxygen Concentrators - Porous Plastic Filter Manufacturer China","og_description":"Enhance the performance of your oxygen concentrator with our high-quality filters. Designed for optimal filtration and durability, our filters ensure clean and pure oxygen delivery. Trust our filters for reliable and efficient operation.","og_url":"https:\/\/lysinterfilter.com\/sv\/manufacturer\/filters-for-oxygen-concentrators\/","og_site_name":"Porous Plastic Filter Manufacturer China","article_modified_time":"2026-02-27T09:44:43+00:00","og_image":[{"width":1024,"height":902,"url":"https:\/\/lysinterfilter.com\/wp-content\/uploads\/2024\/06\/og.jpg","type":"image\/jpeg"}],"twitter_card":"summary_large_image","twitter_misc":{"Ber\u00e4knad l\u00e4stid":"2 minuter"},"schema":{"@context":"https:\/\/schema.org","@graph":[{"@type":"WebPage","@id":"https:\/\/lysinterfilter.com\/manufacturer\/filters-for-oxygen-concentrators\/","url":"https:\/\/lysinterfilter.com\/manufacturer\/filters-for-oxygen-concentrators\/","name":"Filters for Oxygen Concentrators - Porous Plastic Filter Manufacturer China","isPartOf":{"@id":"https:\/\/lysinterfilter.com\/#website"},"primaryImageOfPage":{"@id":"https:\/\/lysinterfilter.com\/manufacturer\/filters-for-oxygen-concentrators\/#primaryimage"},"image":{"@id":"https:\/\/lysinterfilter.com\/manufacturer\/filters-for-oxygen-concentrators\/#primaryimage"},"thumbnailUrl":"https:\/\/lysinterfilter.com\/wp-content\/uploads\/2024\/06\/og.jpg","datePublished":"2024-06-11T09:06:27+00:00","dateModified":"2026-02-27T09:44:43+00:00","description":"F\u00f6rb\u00e4ttra prestandan hos din syrekoncentrator med v\u00e5ra h\u00f6gkvalitativa filter. V\u00e5ra filter \u00e4r designade f\u00f6r optimal filtrering och h\u00e5llbarhet och s\u00e4kerst\u00e4ller ren och ren syretillf\u00f6rsel. Lita p\u00e5 v\u00e5ra filter f\u00f6r tillf\u00f6rlitlig och effektiv drift.","breadcrumb":{"@id":"https:\/\/lysinterfilter.com\/manufacturer\/filters-for-oxygen-concentrators\/#breadcrumb"},"inLanguage":"sv-SE","potentialAction":[{"@type":"ReadAction","target":["https:\/\/lysinterfilter.com\/manufacturer\/filters-for-oxygen-concentrators\/"]}]},{"@type":"ImageObject","inLanguage":"sv-SE","@id":"https:\/\/lysinterfilter.com\/manufacturer\/filters-for-oxygen-concentrators\/#primaryimage","url":"https:\/\/lysinterfilter.com\/wp-content\/uploads\/2024\/06\/og.jpg","contentUrl":"https:\/\/lysinterfilter.com\/wp-content\/uploads\/2024\/06\/og.jpg","width":1024,"height":902,"caption":"{\"data\":{\"pictureId\":\"a62f14c2a334460ab84c6a52ac91acd3\",\"appversion\":\"14.0.0\",\"stickerId\":\"\",\"filterId\":\"\",\"infoStickerId\":\"\",\"imageEffectId\":\"\",\"playId\":\"\",\"activityName\":\"\",\"os\":\"android\",\"product\":\"retouch\",\"originAppId\":\"2515\",\"exportType\":\"\",\"editType\":\"\",\"alias\":\"\",\"enterFrom\":\"enter_launch\",\"capability_key\":[\"erase\"],\"capability_extra_v2\":{\"erase\":[{\"panel\":\"eliminatePen\"}]},\"effect_type\":\"tool\",\"effect_id\":\"erase\"},\"source_type\":\"douyin_beauty_me\"}"},{"@type":"BreadcrumbList","@id":"https:\/\/lysinterfilter.com\/manufacturer\/filters-for-oxygen-concentrators\/#breadcrumb","itemListElement":[{"@type":"ListItem","position":1,"name":"Home","item":"https:\/\/lysinterfilter.com\/"},{"@type":"ListItem","position":2,"name":"Products","item":"https:\/\/lysinterfilter.com\/shop\/"},{"@type":"ListItem","position":3,"name":"Filters for Oxygen Concentrators"}]},{"@type":"WebSite","@id":"https:\/\/lysinterfilter.com\/#website","url":"https:\/\/lysinterfilter.com\/","name":"Porous Plastic Filter Manufacturer China","description":"","potentialAction":[{"@type":"SearchAction","target":{"@type":"EntryPoint","urlTemplate":"https:\/\/lysinterfilter.com\/?s={search_term_string}"},"query-input":{"@type":"PropertyValueSpecification","valueRequired":true,"valueName":"search_term_string"}}],"inLanguage":"sv-SE"}]}},"_links":{"self":[{"href":"https:\/\/lysinterfilter.com\/sv\/wp-json\/wp\/v2\/product\/2044","targetHints":{"allow":["GET"]}}],"collection":[{"href":"https:\/\/lysinterfilter.com\/sv\/wp-json\/wp\/v2\/product"}],"about":[{"href":"https:\/\/lysinterfilter.com\/sv\/wp-json\/wp\/v2\/types\/product"}],"wp:featuredmedia":[{"embeddable":true,"href":"https:\/\/lysinterfilter.com\/sv\/wp-json\/wp\/v2\/media\/2678"}],"wp:attachment":[{"href":"https:\/\/lysinterfilter.com\/sv\/wp-json\/wp\/v2\/media?parent=2044"}],"wp:term":[{"taxonomy":"product_brand","embeddable":true,"href":"https:\/\/lysinterfilter.com\/sv\/wp-json\/wp\/v2\/product_brand?post=2044"},{"taxonomy":"product_cat","embeddable":true,"href":"https:\/\/lysinterfilter.com\/sv\/wp-json\/wp\/v2\/product_cat?post=2044"},{"taxonomy":"product_tag","embeddable":true,"href":"https:\/\/lysinterfilter.com\/sv\/wp-json\/wp\/v2\/product_tag?post=2044"}],"curies":[{"name":"wp","href":"https:\/\/api.w.org\/{rel}","templated":true}]}}