{"id":2349,"date":"2024-06-17T08:01:44","date_gmt":"2024-06-17T08:01:44","guid":{"rendered":"https:\/\/lysinterfilter.com\/?post_type=product&#038;p=2349"},"modified":"2026-02-02T08:46:25","modified_gmt":"2026-02-02T08:46:25","slug":"other-materials-frits","status":"publish","type":"product","link":"https:\/\/lysinterfilter.com\/pt\/manufacturer\/other-materials-frits\/","title":{"rendered":"Outros materiais Frits"},"content":{"rendered":"<div class=\"row\"  id=\"row-1848694013\">\n\n\t<div id=\"col-912657761\" class=\"col small-12 large-12\"  >\n\t\t\t\t<div class=\"col-inner\"  >\n\t\t\t\n\t\t\t\n<h2>Detalhes do produto<\/h2>\n<h4><strong>Introdu\u00e7\u00e3o:<\/strong><\/h4>\n<p>O filtro de fibra de polipropileno \u00e9 frequentemente usado em algumas aplica\u00e7\u00f5es biol\u00f3gicas especiais.<\/p>\n<h4><strong>Filtro de fibra PP<\/strong><\/h4>\n<p>O filtro de fibra de polipropileno \u00e9 feito de supress\u00e3o de fibra de polipropileno, resistente a \u00e1cidos e \u00e0 maioria dos solventes org\u00e2nicos, n\u00e3o produzindo adsor\u00e7\u00e3o na maioria das mol\u00e9culas biol\u00f3gicas.<\/p>\n<p>Espessura 1,0 mm, tamanho do poro 5\u03bcm.<\/p>\n<p>O di\u00e2metro pode ser personalizado.<\/p>\n<p>Em algumas aplica\u00e7\u00f5es, o custo foi menor do que o do filtro de polietileno de ultra-alto peso molecular.<\/p>\n\t<div id=\"text-1042218215\" class=\"text\">\n\t\t\n<h3><strong>Fotos:<\/strong><\/h3>\n\t\t\n<style>\n#text-1042218215 {\n  text-align: left;\n}\n<\/style>\n\t<\/div>\n\t\n\t<div class=\"img has-hover x md-x lg-x y md-y lg-y\" id=\"image_2058323523\">\n\t\t\t\t\t\t\t\t<div class=\"img-inner dark\" >\n\t\t\t<img loading=\"lazy\" decoding=\"async\" width=\"1024\" height=\"898\" src=\"https:\/\/lysinterfilter.com\/wp-content\/uploads\/2024\/06\/pe101.jpg\" class=\"attachment-original size-original\" alt=\"\" srcset=\"https:\/\/lysinterfilter.com\/wp-content\/uploads\/2024\/06\/pe101.jpg 1024w, https:\/\/lysinterfilter.com\/wp-content\/uploads\/2024\/06\/pe101-300x263.jpg 300w, https:\/\/lysinterfilter.com\/wp-content\/uploads\/2024\/06\/pe101-768x674.jpg 768w, https:\/\/lysinterfilter.com\/wp-content\/uploads\/2024\/06\/pe101-14x12.jpg 14w, https:\/\/lysinterfilter.com\/wp-content\/uploads\/2024\/06\/pe101-600x526.jpg 600w\" sizes=\"auto, (max-width: 1024px) 100vw, 1024px\" \/>\t\t\t\t\t\t\n\t\t\t\t\t<\/div>\n\t\t\t\t\t\t\t\t\n<style>\n#image_2058323523 {\n  width: 100%;\n}\n<\/style>\n\t<\/div>\n\t\n\t<div id=\"text-4145174039\" class=\"text\">\n\t\t\n<h3><strong>Informa\u00e7\u00f5es do pedido:<\/strong><\/h3>\n<div style=\"overflow: auto;\">\n\t\t\n<style>\n#text-4145174039 {\n  text-align: left;\n}\n<\/style>\n\t<\/div>\n\t\n\t\t<\/div>\n\t\t\t\t\t<\/div>\n\n\t\n\n\t<div id=\"col-506540551\" class=\"col small-12 large-12\"  >\n\t\t\t\t<div class=\"col-inner\"  >\n\t\t\t\n\t\t\t\n<p>Aplicativo<\/p>\n\t<div class=\"img has-hover x md-x lg-x y md-y lg-y\" id=\"image_1725769950\">\n\t\t\t\t\t\t\t\t<div class=\"img-inner dark\" >\n\t\t\t<img loading=\"lazy\" decoding=\"async\" width=\"750\" height=\"350\" src=\"https:\/\/lysinterfilter.com\/wp-content\/uploads\/2024\/06\/Application.webp\" class=\"attachment-original size-original\" alt=\"\" srcset=\"https:\/\/lysinterfilter.com\/wp-content\/uploads\/2024\/06\/Application.webp 750w, https:\/\/lysinterfilter.com\/wp-content\/uploads\/2024\/06\/Application-300x140.webp 300w, https:\/\/lysinterfilter.com\/wp-content\/uploads\/2024\/06\/Application-18x8.webp 18w, https:\/\/lysinterfilter.com\/wp-content\/uploads\/2024\/06\/Application-600x280.webp 600w\" sizes=\"auto, (max-width: 750px) 100vw, 750px\" \/>\t\t\t\t\t\t\n\t\t\t\t\t<\/div>\n\t\t\t\t\t\t\t\t\n<style>\n#image_1725769950 {\n  width: 100%;\n}\n<\/style>\n\t<\/div>\n\t\n<p>A.Pharmaceutical Industry(1)Large infusion of water, pharmaceutical intermediates decarbonizationfiltration; fermentation broth, oral liquid(2)Powder activated carbon with decolorization filter(medicinal liquidglucose,antibiotics,synthetic medicine,preparation,Chinese herbal medicineliquid,etd.)(3)Injection liquid(4)Injection air filter(5)Injection washing bottle water(6)Medical liquor filtrationB.Chemical Industry(1)Aluminum hydroxide filtering and washing(2)Palladium catalyst filtering and washing(3)Phosphor filtering and washing(4)Zinc carbonate filtering(5)Sodium carbonate solution filtration(6)Barium sulfate filtering and washing(7)Cadmium sulfide filtering and washingC.Chemical fiber &amp; textile industry(1)Acid bath filtration(2)Sulfur and acrylic acid purification filtration(3)Silk water precifion filtrationD.Light industry and food industry(1)Syrup filtration(2)Drink filtration(3)Wine and white spirit filtration(4)Vegetable oil precision filtration(5)Essential oil filtration(6)Mineral water filtrationE.Machinery and Oil industry(1)Plating solution filtration(2)Internal combustion engine cleaning fluid precision filtration(3)Oil field washing filtration(4)Electrical industry ultra-pure water equipmentF.Waste water treatment(1)Heavy mental hydroxide waste water treatment(2)Mix-ture heavy metals waste water treatment(3)Chemical waste water treatment(4)Ceramic waste water treatment(5)Aluminum-containing waste water treatment(6)Other waste water treatment<\/p>\n\t\t<\/div>\n\t\t\t\t\t<\/div>\n\n\t\n\n\t<div id=\"col-1425881607\" class=\"col small-12 large-12\"  >\n\t\t\t\t<div class=\"col-inner\"  >\n\t\t\t\n\t\t\t\n<p>Certifica\u00e7\u00f5es<\/p>\n\t<div class=\"img has-hover x md-x lg-x y md-y lg-y\" id=\"image_172610056\">\n\t\t\t\t\t\t\t\t<div class=\"img-inner dark\" >\n\t\t\t<img loading=\"lazy\" decoding=\"async\" width=\"750\" height=\"450\" src=\"https:\/\/lysinterfilter.com\/wp-content\/uploads\/2024\/06\/Certifications.webp\" class=\"attachment-original size-original\" alt=\"\" srcset=\"https:\/\/lysinterfilter.com\/wp-content\/uploads\/2024\/06\/Certifications.webp 750w, https:\/\/lysinterfilter.com\/wp-content\/uploads\/2024\/06\/Certifications-300x180.webp 300w, https:\/\/lysinterfilter.com\/wp-content\/uploads\/2024\/06\/Certifications-18x12.webp 18w, https:\/\/lysinterfilter.com\/wp-content\/uploads\/2024\/06\/Certifications-600x360.webp 600w\" sizes=\"auto, (max-width: 750px) 100vw, 750px\" \/>\t\t\t\t\t\t\n\t\t\t\t\t<\/div>\n\t\t\t\t\t\t\t\t\n<style>\n#image_172610056 {\n  width: 100%;\n}\n<\/style>\n\t<\/div>\n\t\n\t\t<\/div>\n\t\t\t\t\t<\/div>\n\n\t\n\n\t<div id=\"col-294653858\" class=\"col medium-4 small-12 large-4\"  >\n\t\t\t\t<div class=\"col-inner\"  >\n\t\t\t\n\t\t\t\n\t\t<\/div>\n\t\t\t\t\t<\/div>\n\n\t\n<\/div>\n<table border=\"\u201d1\u2033\" width=\"\u201d3000px\u201d\" align=\"\u201dcenter\u201d\">\n<tbody>\n<tr class=\"firstRow\">\n<th>Cat.NO.<\/th>\n<th>Material<\/th>\n<th>Descri\u00e7\u00e3o das fritas<\/th>\n<th>Pacote (Pcs\/PK)<\/th>\n<\/tr>\n<tr>\n<td>LY-F-FP-194<\/td>\n<td>Filtro de papel<\/td>\n<td>Di\u00e2metro 19,4 mm, papel de filtro redondo, adequado para filtro de 20 ml<\/td>\n<td>10,000<\/td>\n<\/tr>\n<tr>\n<td>LY-F-MF-070<\/td>\n<td>Fibra mista<\/td>\n<td>Filtro de fibra mista, di\u00e2metro 7,0 mm, espessura 1,0 mm, tamanho de poro 5\u03bcm<\/td>\n<td>10,000<\/td>\n<\/tr>\n<tr>\n<td>LY-F-MF-072<\/td>\n<td>Fibra mista<\/td>\n<td>Filtro de fibra mista, di\u00e2metro 7,2 mm, espessura 1,0 mm, tamanho de poro 5 \u03bcm<\/td>\n<td>10,000<\/td>\n<\/tr>\n<tr>\n<td>LY-F-MF-091<\/td>\n<td>Fibra mista<\/td>\n<td>Filtro de fibra mista, di\u00e2metro 9,1 mm, espessura 1,0 mm, tamanho de poro 5 \u03bcm<\/td>\n<td>10,000<\/td>\n<\/tr>\n<tr>\n<td>LY-F-MF-128<\/td>\n<td>Fibra mista<\/td>\n<td>Filtro de fibra mista, di\u00e2metro 12,8 mm, espessura 1,0 mm, tamanho de poro 5 \u03bcm<\/td>\n<td>10,000<\/td>\n<\/tr>\n<tr>\n<td>LY-F-MF-132<\/td>\n<td>Fibra mista<\/td>\n<td>Filtro de fibra mista, di\u00e2metro 13,2 mm, espessura 1,0 mm, tamanho de poro 5 \u03bcm<\/td>\n<td>10,000<\/td>\n<\/tr>\n<tr>\n<td>LY-F-MF-196<\/td>\n<td>Fibra mista<\/td>\n<td>Filtro de fibra mista, di\u00e2metro 19,6 mm, espessura 1,0 mm, tamanho de poro 5 \u03bcm<\/td>\n<td>10,000<\/td>\n<\/tr>\n<tr>\n<td>LY-F-PP-060<\/td>\n<td>pp<\/td>\n<td>Membrana PP 6,0mm<\/td>\n<td>10,000<\/td>\n<\/tr>\n<tr>\n<td>LY-F-PP-072<\/td>\n<td>pp<\/td>\n<td>Filtro de membrana PP 7,2 mm<\/td>\n<td>10,000<\/td>\n<\/tr>\n<tr>\n<td>LY-F-PP-078<\/td>\n<td>pp<\/td>\n<td>Membrana PP 7,8mm<\/td>\n<td>10,000<\/td>\n<\/tr>\n<tr>\n<td>LY-F-PP-080<\/td>\n<td>pp<\/td>\n<td>Membrana PP 8,0mm<\/td>\n<td>10,000<\/td>\n<\/tr>\n<tr>\n<td>LY-F-PP-090<\/td>\n<td>pp<\/td>\n<td>Membrana PP 9,0mm<\/td>\n<td>10,000<\/td>\n<\/tr>\n<tr>\n<td>LY-F-PP-091<\/td>\n<td>pp<\/td>\n<td>Membrana PP 9,1mm<\/td>\n<td>10,000<\/td>\n<\/tr>\n<tr>\n<td>LY-F-PP-124<\/td>\n<td>pp<\/td>\n<td>Membrana PP 12,4mm<\/td>\n<td>10,000<\/td>\n<\/tr>\n<tr>\n<td>LY-F-PP-145<\/td>\n<td>pp<\/td>\n<td>Membrana PP 7,45mm<\/td>\n<td>10,000<\/td>\n<\/tr>\n<tr>\n<td>LY-F-PP-162<\/td>\n<td>pp<\/td>\n<td>Membrana PP 16,2 mm Espessura 1,0 mm Poro 5\u03bcm<\/td>\n<td>10,000<\/td>\n<\/tr>\n<tr>\n<td>LY-F-PP-171<\/td>\n<td>pp<\/td>\n<td>PP, \u03a617,10 mm Espessura 1,0 mm Poro 5 \u03bcm<\/td>\n<td>10,000<\/td>\n<\/tr>\n<tr>\n<td>LY-F-PP-196<\/td>\n<td>pp<\/td>\n<td>PP, \u03a619,6 mm, espessura 1,0 mm, poro 5 \u03bcm<\/td>\n<td>\uff0d<\/td>\n<\/tr>\n<tr>\n<td>LY-F-SS-045<\/td>\n<td>A\u00e7o inoxid\u00e1vel<\/td>\n<td>005101 \u03a64,5 mm Espessura1,0 mm Poro2\u03bcm<\/td>\n<td>\uff0d<\/td>\n<\/tr>\n<tr>\n<td>LY-F-SS-046<\/td>\n<td>A\u00e7o inoxid\u00e1vel<\/td>\n<td>005102 \u03a6 4,6 mm Espessura 1,0 mm Poro 2\u03bcm<\/td>\n<td>\uff0d<\/td>\n<\/tr>\n<tr>\n<td>LY-F-SS-F01<\/td>\n<td>A\u00e7o inoxid\u00e1vel<\/td>\n<td><\/td>\n<td>\uff0d<\/td>\n<\/tr>\n<tr>\n<td>LY-Y-SM-HZ<\/td>\n<td>pelosil<\/td>\n<td>pelosil, 10\uff0a290mm<\/td>\n<td>\uff0d<\/td>\n<\/tr>\n<\/tbody>\n<\/table>\n<\/div>","protected":false},"excerpt":{"rendered":"<ul>\n<li>Acessos\uff1a<span id=\"dr_show_hits_182\">0<\/span><\/li>\n<li>Hora de adi\u00e7\u00e3o: 2023-03-20 17:53<\/li>\n<li>Brand\uff1aOEM<\/li>\n<li>Enviar e-mail:<\/li>\n<li><a href=\"mailto:info@lysinterfilter.com\">info@lysinterfilter.com<\/a><\/li>\n<\/ul>","protected":false},"featured_media":2645,"template":"","meta":[],"product_brand":[],"product_cat":[41],"product_tag":[],"class_list":{"0":"post-2349","1":"product","2":"type-product","3":"status-publish","4":"has-post-thumbnail","6":"product_cat-laboratory-filter","8":"first","9":"instock","10":"shipping-taxable","11":"product-type-simple"},"yoast_head":"<!-- This site is optimized with the Yoast SEO plugin v27.2 - https:\/\/yoast.com\/product\/yoast-seo-wordpress\/ -->\n<title>Other Materials Frits - Porous Plastic Filter Manufacturer China<\/title>\n<meta name=\"robots\" content=\"index, follow, max-snippet:-1, max-image-preview:large, max-video-preview:-1\" \/>\n<link rel=\"canonical\" href=\"https:\/\/lysinterfilter.com\/pt\/manufacturer\/other-materials-frits\/\" \/>\n<meta property=\"og:locale\" content=\"pt_BR\" \/>\n<meta property=\"og:type\" content=\"article\" \/>\n<meta property=\"og:title\" content=\"Other Materials Frits - Porous Plastic Filter Manufacturer China\" \/>\n<meta property=\"og:description\" content=\"Hits\uff1a0  Addtime\uff1a2023-03-20 17:53  Brand\uff1aOEM  Send Email:  info@lysinterfilter.com\" \/>\n<meta property=\"og:url\" content=\"https:\/\/lysinterfilter.com\/pt\/manufacturer\/other-materials-frits\/\" \/>\n<meta property=\"og:site_name\" content=\"Porous Plastic Filter Manufacturer China\" \/>\n<meta property=\"article:modified_time\" content=\"2026-02-02T08:46:25+00:00\" \/>\n<meta property=\"og:image\" content=\"https:\/\/lysinterfilter.com\/wp-content\/uploads\/2024\/06\/pe101.jpg\" \/>\n\t<meta property=\"og:image:width\" content=\"1024\" \/>\n\t<meta property=\"og:image:height\" content=\"898\" \/>\n\t<meta property=\"og:image:type\" content=\"image\/jpeg\" \/>\n<meta name=\"twitter:card\" content=\"summary_large_image\" \/>\n<meta name=\"twitter:label1\" content=\"Est. tempo de leitura\" \/>\n\t<meta name=\"twitter:data1\" content=\"2 minutos\" \/>\n<script type=\"application\/ld+json\" class=\"yoast-schema-graph\">{\"@context\":\"https:\/\/schema.org\",\"@graph\":[{\"@type\":\"WebPage\",\"@id\":\"https:\/\/lysinterfilter.com\/manufacturer\/other-materials-frits\/\",\"url\":\"https:\/\/lysinterfilter.com\/manufacturer\/other-materials-frits\/\",\"name\":\"Other Materials Frits - Porous Plastic Filter Manufacturer China\",\"isPartOf\":{\"@id\":\"https:\/\/lysinterfilter.com\/#website\"},\"primaryImageOfPage\":{\"@id\":\"https:\/\/lysinterfilter.com\/manufacturer\/other-materials-frits\/#primaryimage\"},\"image\":{\"@id\":\"https:\/\/lysinterfilter.com\/manufacturer\/other-materials-frits\/#primaryimage\"},\"thumbnailUrl\":\"https:\/\/lysinterfilter.com\/wp-content\/uploads\/2024\/06\/pe101.jpg\",\"datePublished\":\"2024-06-17T08:01:44+00:00\",\"dateModified\":\"2026-02-02T08:46:25+00:00\",\"breadcrumb\":{\"@id\":\"https:\/\/lysinterfilter.com\/manufacturer\/other-materials-frits\/#breadcrumb\"},\"inLanguage\":\"pt-BR\",\"potentialAction\":[{\"@type\":\"ReadAction\",\"target\":[\"https:\/\/lysinterfilter.com\/manufacturer\/other-materials-frits\/\"]}]},{\"@type\":\"ImageObject\",\"inLanguage\":\"pt-BR\",\"@id\":\"https:\/\/lysinterfilter.com\/manufacturer\/other-materials-frits\/#primaryimage\",\"url\":\"https:\/\/lysinterfilter.com\/wp-content\/uploads\/2024\/06\/pe101.jpg\",\"contentUrl\":\"https:\/\/lysinterfilter.com\/wp-content\/uploads\/2024\/06\/pe101.jpg\",\"width\":1024,\"height\":898,\"caption\":\"{\\\"data\\\":{\\\"pictureId\\\":\\\"24667d12d6e44c659272800ec39e8798\\\",\\\"appversion\\\":\\\"14.0.0\\\",\\\"stickerId\\\":\\\"\\\",\\\"filterId\\\":\\\"\\\",\\\"infoStickerId\\\":\\\"\\\",\\\"imageEffectId\\\":\\\"\\\",\\\"playId\\\":\\\"\\\",\\\"activityName\\\":\\\"\\\",\\\"os\\\":\\\"android\\\",\\\"product\\\":\\\"retouch\\\",\\\"originAppId\\\":\\\"2515\\\",\\\"exportType\\\":\\\"\\\",\\\"editType\\\":\\\"\\\",\\\"alias\\\":\\\"bgNHH6MnTYzs\/Ss2OtoAmAYztJaEoWNT1HmVSJTRYkrh\/+vDmij0iiM7lRddqMFd0JZKQTGhlR\/lso5dFoHpc1aXcj12rBffpKTPZrKDUFjs4FjtRtN\/bCNmqfmimkELTs0mPq49gIEIsgdZ9VA+7h9obc2idqVzwFN9iyBZh6tkFZtVnrVUlL5KvGpFUZWfi\/bp3uvtDt9Uz8InpaW8OesNuxX1OIGJaUVA2eu\/RhF518H33IudsVwKqsv7Ka8eTUvvwLjBexv3YMdfC4OS4kNTDCGAUJfSGM4JmgaeiU9SgH4VxiSM5q+dFSXNmg\/a4e9WXRjX6F+Op70\/NJb+ww==\\\",\\\"enterFrom\\\":\\\"enter_launch\\\",\\\"capability_key\\\":[\\\"erase\\\"],\\\"capability_extra_v2\\\":{\\\"erase\\\":[{\\\"panel\\\":\\\"magic_eliminate\\\"}]},\\\"effect_type\\\":\\\"tool\\\",\\\"effect_id\\\":\\\"erase\\\"},\\\"source_type\\\":\\\"douyin_beauty_me\\\"}\"},{\"@type\":\"BreadcrumbList\",\"@id\":\"https:\/\/lysinterfilter.com\/manufacturer\/other-materials-frits\/#breadcrumb\",\"itemListElement\":[{\"@type\":\"ListItem\",\"position\":1,\"name\":\"Home\",\"item\":\"https:\/\/lysinterfilter.com\/\"},{\"@type\":\"ListItem\",\"position\":2,\"name\":\"Products\",\"item\":\"https:\/\/lysinterfilter.com\/shop\/\"},{\"@type\":\"ListItem\",\"position\":3,\"name\":\"Other Materials Frits\"}]},{\"@type\":\"WebSite\",\"@id\":\"https:\/\/lysinterfilter.com\/#website\",\"url\":\"https:\/\/lysinterfilter.com\/\",\"name\":\"Porous Plastic Filter Manufacturer China\",\"description\":\"\",\"potentialAction\":[{\"@type\":\"SearchAction\",\"target\":{\"@type\":\"EntryPoint\",\"urlTemplate\":\"https:\/\/lysinterfilter.com\/?s={search_term_string}\"},\"query-input\":{\"@type\":\"PropertyValueSpecification\",\"valueRequired\":true,\"valueName\":\"search_term_string\"}}],\"inLanguage\":\"pt-BR\"}]}<\/script>\n<!-- \/ Yoast SEO plugin. -->","yoast_head_json":{"title":"Other Materials Frits - Porous Plastic Filter Manufacturer China","robots":{"index":"index","follow":"follow","max-snippet":"max-snippet:-1","max-image-preview":"max-image-preview:large","max-video-preview":"max-video-preview:-1"},"canonical":"https:\/\/lysinterfilter.com\/pt\/manufacturer\/other-materials-frits\/","og_locale":"pt_BR","og_type":"article","og_title":"Other Materials Frits - Porous Plastic Filter Manufacturer China","og_description":"Hits\uff1a0  Addtime\uff1a2023-03-20 17:53  Brand\uff1aOEM  Send Email:  info@lysinterfilter.com","og_url":"https:\/\/lysinterfilter.com\/pt\/manufacturer\/other-materials-frits\/","og_site_name":"Porous Plastic Filter Manufacturer China","article_modified_time":"2026-02-02T08:46:25+00:00","og_image":[{"width":1024,"height":898,"url":"https:\/\/lysinterfilter.com\/wp-content\/uploads\/2024\/06\/pe101.jpg","type":"image\/jpeg"}],"twitter_card":"summary_large_image","twitter_misc":{"Est. tempo de leitura":"2 minutos"},"schema":{"@context":"https:\/\/schema.org","@graph":[{"@type":"WebPage","@id":"https:\/\/lysinterfilter.com\/manufacturer\/other-materials-frits\/","url":"https:\/\/lysinterfilter.com\/manufacturer\/other-materials-frits\/","name":"Other Materials Frits - Porous Plastic Filter Manufacturer China","isPartOf":{"@id":"https:\/\/lysinterfilter.com\/#website"},"primaryImageOfPage":{"@id":"https:\/\/lysinterfilter.com\/manufacturer\/other-materials-frits\/#primaryimage"},"image":{"@id":"https:\/\/lysinterfilter.com\/manufacturer\/other-materials-frits\/#primaryimage"},"thumbnailUrl":"https:\/\/lysinterfilter.com\/wp-content\/uploads\/2024\/06\/pe101.jpg","datePublished":"2024-06-17T08:01:44+00:00","dateModified":"2026-02-02T08:46:25+00:00","breadcrumb":{"@id":"https:\/\/lysinterfilter.com\/manufacturer\/other-materials-frits\/#breadcrumb"},"inLanguage":"pt-BR","potentialAction":[{"@type":"ReadAction","target":["https:\/\/lysinterfilter.com\/manufacturer\/other-materials-frits\/"]}]},{"@type":"ImageObject","inLanguage":"pt-BR","@id":"https:\/\/lysinterfilter.com\/manufacturer\/other-materials-frits\/#primaryimage","url":"https:\/\/lysinterfilter.com\/wp-content\/uploads\/2024\/06\/pe101.jpg","contentUrl":"https:\/\/lysinterfilter.com\/wp-content\/uploads\/2024\/06\/pe101.jpg","width":1024,"height":898,"caption":"{\"data\":{\"pictureId\":\"24667d12d6e44c659272800ec39e8798\",\"appversion\":\"14.0.0\",\"stickerId\":\"\",\"filterId\":\"\",\"infoStickerId\":\"\",\"imageEffectId\":\"\",\"playId\":\"\",\"activityName\":\"\",\"os\":\"android\",\"product\":\"retouch\",\"originAppId\":\"2515\",\"exportType\":\"\",\"editType\":\"\",\"alias\":\"bgNHH6MnTYzs\/Ss2OtoAmAYztJaEoWNT1HmVSJTRYkrh\/+vDmij0iiM7lRddqMFd0JZKQTGhlR\/lso5dFoHpc1aXcj12rBffpKTPZrKDUFjs4FjtRtN\/bCNmqfmimkELTs0mPq49gIEIsgdZ9VA+7h9obc2idqVzwFN9iyBZh6tkFZtVnrVUlL5KvGpFUZWfi\/bp3uvtDt9Uz8InpaW8OesNuxX1OIGJaUVA2eu\/RhF518H33IudsVwKqsv7Ka8eTUvvwLjBexv3YMdfC4OS4kNTDCGAUJfSGM4JmgaeiU9SgH4VxiSM5q+dFSXNmg\/a4e9WXRjX6F+Op70\/NJb+ww==\",\"enterFrom\":\"enter_launch\",\"capability_key\":[\"erase\"],\"capability_extra_v2\":{\"erase\":[{\"panel\":\"magic_eliminate\"}]},\"effect_type\":\"tool\",\"effect_id\":\"erase\"},\"source_type\":\"douyin_beauty_me\"}"},{"@type":"BreadcrumbList","@id":"https:\/\/lysinterfilter.com\/manufacturer\/other-materials-frits\/#breadcrumb","itemListElement":[{"@type":"ListItem","position":1,"name":"Home","item":"https:\/\/lysinterfilter.com\/"},{"@type":"ListItem","position":2,"name":"Products","item":"https:\/\/lysinterfilter.com\/shop\/"},{"@type":"ListItem","position":3,"name":"Other Materials Frits"}]},{"@type":"WebSite","@id":"https:\/\/lysinterfilter.com\/#website","url":"https:\/\/lysinterfilter.com\/","name":"Porous Plastic Filter Manufacturer China","description":"","potentialAction":[{"@type":"SearchAction","target":{"@type":"EntryPoint","urlTemplate":"https:\/\/lysinterfilter.com\/?s={search_term_string}"},"query-input":{"@type":"PropertyValueSpecification","valueRequired":true,"valueName":"search_term_string"}}],"inLanguage":"pt-BR"}]}},"_links":{"self":[{"href":"https:\/\/lysinterfilter.com\/pt\/wp-json\/wp\/v2\/product\/2349","targetHints":{"allow":["GET"]}}],"collection":[{"href":"https:\/\/lysinterfilter.com\/pt\/wp-json\/wp\/v2\/product"}],"about":[{"href":"https:\/\/lysinterfilter.com\/pt\/wp-json\/wp\/v2\/types\/product"}],"wp:featuredmedia":[{"embeddable":true,"href":"https:\/\/lysinterfilter.com\/pt\/wp-json\/wp\/v2\/media\/2645"}],"wp:attachment":[{"href":"https:\/\/lysinterfilter.com\/pt\/wp-json\/wp\/v2\/media?parent=2349"}],"wp:term":[{"taxonomy":"product_brand","embeddable":true,"href":"https:\/\/lysinterfilter.com\/pt\/wp-json\/wp\/v2\/product_brand?post=2349"},{"taxonomy":"product_cat","embeddable":true,"href":"https:\/\/lysinterfilter.com\/pt\/wp-json\/wp\/v2\/product_cat?post=2349"},{"taxonomy":"product_tag","embeddable":true,"href":"https:\/\/lysinterfilter.com\/pt\/wp-json\/wp\/v2\/product_tag?post=2349"}],"curies":[{"name":"wp","href":"https:\/\/api.w.org\/{rel}","templated":true}]}}