{"id":2337,"date":"2024-06-17T06:56:39","date_gmt":"2024-06-17T06:56:39","guid":{"rendered":"https:\/\/lysinterfilter.com\/?post_type=product&#038;p=2337"},"modified":"2026-02-02T10:02:40","modified_gmt":"2026-02-02T10:02:40","slug":"activated-carbon-filters-for-pipette-tip","status":"publish","type":"product","link":"https:\/\/lysinterfilter.com\/pt\/manufacturer\/activated-carbon-filters-for-pipette-tip\/","title":{"rendered":"Pontas de pipeta filtradas com carv\u00e3o ativado"},"content":{"rendered":"<div class=\"row\"  id=\"row-1437076844\">\n\n\t<div id=\"col-1515043456\" class=\"col small-12 large-12\"  >\n\t\t\t\t<div class=\"col-inner\"  >\n\t\t\t\n\t\t\t\n<h2>Detalhes do produto<\/h2>\n<h4><strong>Introdu\u00e7\u00e3o:<\/strong><\/h4>\n<p>Carv\u00e3o Ativo, Capacidade de Bloqueio Mais Forte<br \/>\nNa superf\u00edcie UHWM-PE, fixamos algumas part\u00edculas de carbono ativo. O filtro de carbono ativo para pontas de pipeta n\u00e3o s\u00f3 bloqueia os aeross\u00f3is, mas tamb\u00e9m \u00e9 mais capaz de bloquear a atividade da biomol\u00e9cula.<\/p>\n\t<div id=\"text-3924399652\" class=\"text\">\n\t\t\n<h3><strong>Fotos:<\/strong><\/h3>\n\t\t\n<style>\n#text-3924399652 {\n  text-align: left;\n}\n<\/style>\n\t<\/div>\n\t\n\t<div class=\"img has-hover x md-x lg-x y md-y lg-y\" id=\"image_82436994\">\n\t\t\t\t\t\t\t\t<div class=\"img-inner dark\" >\n\t\t\t<img loading=\"lazy\" decoding=\"async\" width=\"1024\" height=\"898\" src=\"https:\/\/lysinterfilter.com\/wp-content\/uploads\/2024\/06\/PE105.jpg\" class=\"attachment-original size-original\" alt=\"\" srcset=\"https:\/\/lysinterfilter.com\/wp-content\/uploads\/2024\/06\/PE105.jpg 1024w, https:\/\/lysinterfilter.com\/wp-content\/uploads\/2024\/06\/PE105-300x263.jpg 300w, https:\/\/lysinterfilter.com\/wp-content\/uploads\/2024\/06\/PE105-768x674.jpg 768w, https:\/\/lysinterfilter.com\/wp-content\/uploads\/2024\/06\/PE105-14x12.jpg 14w, https:\/\/lysinterfilter.com\/wp-content\/uploads\/2024\/06\/PE105-600x526.jpg 600w\" sizes=\"auto, (max-width: 1024px) 100vw, 1024px\" \/>\t\t\t\t\t\t\n\t\t\t\t\t<\/div>\n\t\t\t\t\t\t\t\t\n<style>\n#image_82436994 {\n  width: 100%;\n}\n<\/style>\n\t<\/div>\n\t\n\t<div id=\"text-3370997190\" class=\"text\">\n\t\t\n<h3><strong>Informa\u00e7\u00f5es do pedido:<\/strong><\/h3>\n<div style=\"overflow: auto;\">\n<table border=\"\u201d1\u2033\" width=\"\u201d3000px\u201d\" align=\"\u201dcenter\u201d\">\n<tbody>\n<tr style=\"background-color: #f2f2f2;\">\n<th style=\"border: 1px solid #dddddd; padding: 8px;\">Gato. #<\/th>\n<th style=\"border: 1px solid #dddddd; padding: 8px;\">Di\u00e2metro (mm)<\/th>\n<th style=\"border: 1px solid #dddddd; padding: 8px;\">Espessura (mm)<\/th>\n<th style=\"border: 1px solid #dddddd; padding: 8px;\">Tamanho do poro (\u03bcm)<\/th>\n<th style=\"border: 1px solid #dddddd; padding: 8px;\">Uso<\/th>\n<th style=\"border: 1px solid #dddddd; padding: 8px;\">Qtd.<\/th>\n<\/tr>\n<tr style=\"background-color: #f2f2f2;\">\n<td style=\"border: 1px solid #dddddd; padding: 8px;\">LY-AF10-18-35<\/td>\n<td style=\"border: 1px solid #dddddd; padding: 8px;\">1.8<\/td>\n<td style=\"border: 1px solid #dddddd; padding: 8px;\">3.5<\/td>\n<td style=\"border: 1px solid #dddddd; padding: 8px;\">10<\/td>\n<td style=\"border: 1px solid #dddddd; padding: 8px;\">Pontas de 10\u03bcl<\/td>\n<td style=\"border: 1px solid #dddddd; padding: 8px;\">10.000 pe\u00e7as\/PK<\/td>\n<\/tr>\n<tr>\n<td style=\"border: 1px solid #dddddd; padding: 8px;\">LY-DF200-47-35<\/td>\n<td style=\"border: 1px solid #dddddd; padding: 8px;\">4.7<\/td>\n<td style=\"border: 1px solid #dddddd; padding: 8px;\">3.5<\/td>\n<td style=\"border: 1px solid #dddddd; padding: 8px;\">10<\/td>\n<td style=\"border: 1px solid #dddddd; padding: 8px;\">Pontas de 200\u03bcl<\/td>\n<td style=\"border: 1px solid #dddddd; padding: 8px;\">100 PCS\/Caixa<\/td>\n<\/tr>\n<tr style=\"background-color: #f2f2f2;\">\n<td style=\"border: 1px solid #dddddd; padding: 8px;\">LY-DF1000-71-40<\/td>\n<td style=\"border: 1px solid #dddddd; padding: 8px;\">7.1<\/td>\n<td style=\"border: 1px solid #dddddd; padding: 8px;\">4<\/td>\n<td style=\"border: 1px solid #dddddd; padding: 8px;\">10<\/td>\n<td style=\"border: 1px solid #dddddd; padding: 8px;\">Pontas de 1000\u03bcl<\/td>\n<td style=\"border: 1px solid #dddddd; padding: 8px;\">100 PCS\/Caixa<\/td>\n<\/tr>\n<tr>\n<td style=\"border: 1px solid #dddddd; padding: 8px;\">Personalizado<\/td>\n<td style=\"border: 1px solid #dddddd; padding: 8px;\">1-10<\/td>\n<td style=\"border: 1px solid #dddddd; padding: 8px;\">3.2\/3.5\/4.0<\/td>\n<td style=\"border: 1px solid #dddddd; padding: 8px;\">5\/10<\/td>\n<td style=\"border: 1px solid #dddddd; padding: 8px;\"><\/td>\n<td style=\"border: 1px solid #dddddd; padding: 8px;\"><\/td>\n<\/tr>\n<\/tbody>\n<\/table>\n<\/div>\n\t\t\n<style>\n#text-3370997190 {\n  text-align: left;\n}\n<\/style>\n\t<\/div>\n\t\n\t\t<\/div>\n\t\t\t\t\t<\/div>\n\n\t\n\n\t<div id=\"col-300928157\" class=\"col small-12 large-12\"  >\n\t\t\t\t<div class=\"col-inner\"  >\n\t\t\t\n\t\t\t\n<h2>Aplicativo<\/h2>\n\t<div class=\"img has-hover x md-x lg-x y md-y lg-y\" id=\"image_1816884388\">\n\t\t\t\t\t\t\t\t<div class=\"img-inner dark\" >\n\t\t\t<img loading=\"lazy\" decoding=\"async\" width=\"750\" height=\"350\" src=\"https:\/\/lysinterfilter.com\/wp-content\/uploads\/2024\/06\/Application.webp\" class=\"attachment-original size-original\" alt=\"\" srcset=\"https:\/\/lysinterfilter.com\/wp-content\/uploads\/2024\/06\/Application.webp 750w, https:\/\/lysinterfilter.com\/wp-content\/uploads\/2024\/06\/Application-300x140.webp 300w, https:\/\/lysinterfilter.com\/wp-content\/uploads\/2024\/06\/Application-18x8.webp 18w, https:\/\/lysinterfilter.com\/wp-content\/uploads\/2024\/06\/Application-600x280.webp 600w\" sizes=\"auto, (max-width: 750px) 100vw, 750px\" \/>\t\t\t\t\t\t\n\t\t\t\t\t<\/div>\n\t\t\t\t\t\t\t\t\n<style>\n#image_1816884388 {\n  width: 100%;\n}\n<\/style>\n\t<\/div>\n\t\n<p>A.Ind\u00fastria Farmac\u00eautica<\/p>\n<p>(1)Grande infus\u00e3o de \u00e1gua, descarboniza\u00e7\u00e3o de intermedi\u00e1rios farmac\u00eauticos<\/p>\n<p>filtra\u00e7\u00e3o; caldo de fermenta\u00e7\u00e3o, l\u00edquido oral<\/p>\n<p>(2)Carv\u00e3o ativado em p\u00f3 com filtro de descolora\u00e7\u00e3o (l\u00edquido medicinal<\/p>\n<p>glicose,antibi\u00f3ticos,medicina sint\u00e9tica,prepara\u00e7\u00e3o,fitoterapia chinesa<\/p>\n<p>l\u00edquido, etc.)<\/p>\n<p>(3)L\u00edquido de inje\u00e7\u00e3o<\/p>\n<p>(4)Filtro de ar de inje\u00e7\u00e3o<\/p>\n<p>(5)\u00c1gua para lavagem de garrafas de inje\u00e7\u00e3o<\/p>\n<p>(6) Filtragem de bebidas alco\u00f3licas medicinais<\/p>\n<p>B.Ind\u00fastria Qu\u00edmica<\/p>\n<p>(1)Filtragem e lavagem de hidr\u00f3xido de alum\u00ednio<\/p>\n<p>(2)Filtragem e lavagem do catalisador de pal\u00e1dio<\/p>\n<p>(3)Filtragem e lavagem de f\u00f3sforo<\/p>\n<p>(4)Filtragem de carbonato de zinco<\/p>\n<p>(5)Filtragem de solu\u00e7\u00e3o de carbonato de s\u00f3dio<\/p>\n<p>(6) Filtragem e lavagem de sulfato de b\u00e1rio<\/p>\n<p>(7)Filtragem e lavagem de sulfeto de c\u00e1dmio<\/p>\n<p>C. Ind\u00fastria qu\u00edmica de fibras e t\u00eaxteis<\/p>\n<p>(1)Filtragem por banho \u00e1cido<\/p>\n<p>(2) Filtra\u00e7\u00e3o de purifica\u00e7\u00e3o de enxofre e \u00e1cido acr\u00edlico<\/p>\n<p>(3) Filtra\u00e7\u00e3o de precis\u00e3o de \u00e1gua de seda<\/p>\n<p>D.Ind\u00fastria leve e ind\u00fastria aliment\u00edcia<\/p>\n<p>(1) Filtra\u00e7\u00e3o de xarope<\/p>\n<p>(2) Filtragem de bebidas<\/p>\n<p>(3)Filtragem de vinho e aguardente<\/p>\n<p>(4)Filtragem de precis\u00e3o de \u00f3leo vegetal<\/p>\n<p>(5)Filtragem de \u00f3leo essencial<\/p>\n<p>(6)Filtragem de \u00e1gua mineral<\/p>\n<p>E.M\u00e1quinas e ind\u00fastria de petr\u00f3leo<\/p>\n<p>(1) Filtra\u00e7\u00e3o de solu\u00e7\u00e3o de galvanoplastia<\/p>\n<p>(2)Filtragem de precis\u00e3o de fluido de limpeza de motor de combust\u00e3o interna<\/p>\n<p>(3)Filtragem de lavagem de campos petrol\u00edferos<\/p>\n<p>(4)Equipamento de \u00e1gua ultrapura para ind\u00fastria el\u00e9trica<\/p>\n<p>F.Tratamento de \u00e1guas residuais<\/p>\n<p>(1)Tratamento de \u00e1guas residuais com hidr\u00f3xido de pot\u00e1ssio pesado<\/p>\n<p>(2)Tratamento de \u00e1guas residuais com mistura de metais pesados<\/p>\n<p>(3)Tratamento qu\u00edmico de \u00e1guas residuais<\/p>\n<p>(4)Tratamento de \u00e1guas residuais cer\u00e2micas<\/p>\n<p>(5)Tratamento de \u00e1guas residuais contendo alum\u00ednio<\/p>\n<p>(6)Outros tratamentos de \u00e1guas residuais<\/p>\n\t\t<\/div>\n\t\t\t\t\t<\/div>\n\n\t\n\n\t<div id=\"col-4340238\" class=\"col small-12 large-12\"  >\n\t\t\t\t<div class=\"col-inner\"  >\n\t\t\t\n\t\t\t\n<h2>Certifica\u00e7\u00f5es<\/h2>\n\t<div class=\"img has-hover x md-x lg-x y md-y lg-y\" id=\"image_1414076620\">\n\t\t\t\t\t\t\t\t<div class=\"img-inner dark\" >\n\t\t\t<img loading=\"lazy\" decoding=\"async\" width=\"750\" height=\"450\" src=\"https:\/\/lysinterfilter.com\/wp-content\/uploads\/2024\/06\/Certifications.webp\" class=\"attachment-original size-original\" alt=\"\" srcset=\"https:\/\/lysinterfilter.com\/wp-content\/uploads\/2024\/06\/Certifications.webp 750w, https:\/\/lysinterfilter.com\/wp-content\/uploads\/2024\/06\/Certifications-300x180.webp 300w, https:\/\/lysinterfilter.com\/wp-content\/uploads\/2024\/06\/Certifications-18x12.webp 18w, https:\/\/lysinterfilter.com\/wp-content\/uploads\/2024\/06\/Certifications-600x360.webp 600w\" sizes=\"auto, (max-width: 750px) 100vw, 750px\" \/>\t\t\t\t\t\t\n\t\t\t\t\t<\/div>\n\t\t\t\t\t\t\t\t\n<style>\n#image_1414076620 {\n  width: 100%;\n}\n<\/style>\n\t<\/div>\n\t\n\t\t<\/div>\n\t\t\t\t\t<\/div>\n\n\t\n<\/div>","protected":false},"excerpt":{"rendered":"<ul>\n<li>Quantidade m\u00ednima:<span id=\"dr_show_hits_179\">1 unidade<\/span><\/li>\n<li>Personalizado: Aceito<\/li>\n<li>Brand\uff1aOEM<\/li>\n<li>Tempo de entrega: dentro de 7 dias<\/li>\n<li>Certifica\u00e7\u00e3o: CE;ISO 9001<\/li>\n<li>Enviar e-mail:<\/li>\n<li><a href=\"mailto:info@lysinterfilter.com\">info@lysinterfilter.com<\/a><\/li>\n<\/ul>","protected":false},"featured_media":2650,"template":"","meta":[],"product_brand":[],"product_cat":[41],"product_tag":[],"class_list":{"0":"post-2337","1":"product","2":"type-product","3":"status-publish","4":"has-post-thumbnail","6":"product_cat-laboratory-filter","8":"first","9":"instock","10":"shipping-taxable","11":"product-type-simple"},"yoast_head":"<!-- This site is optimized with the Yoast SEO plugin v27.2 - https:\/\/yoast.com\/product\/yoast-seo-wordpress\/ -->\n<title>Activated Carbon Filtered Pipette Tips - Porous Plastic Filter Manufacturer China<\/title>\n<meta name=\"description\" content=\"Enhance your lab&#039;s precision with our activated carbon filters for pipette tips. Designed to eliminate contaminants and ensure accurate results, our filters provide superior performance and reliability for critical laboratory applications.&quot;\" \/>\n<meta name=\"robots\" content=\"index, follow, max-snippet:-1, max-image-preview:large, max-video-preview:-1\" \/>\n<link rel=\"canonical\" href=\"https:\/\/lysinterfilter.com\/pt\/manufacturer\/activated-carbon-filters-for-pipette-tip\/\" \/>\n<meta property=\"og:locale\" content=\"pt_BR\" \/>\n<meta property=\"og:type\" content=\"article\" \/>\n<meta property=\"og:title\" content=\"Activated Carbon Filtered Pipette Tips - Porous Plastic Filter Manufacturer China\" \/>\n<meta property=\"og:description\" content=\"Enhance your lab&#039;s precision with our activated carbon filters for pipette tips. Designed to eliminate contaminants and ensure accurate results, our filters provide superior performance and reliability for critical laboratory applications.&quot;\" \/>\n<meta property=\"og:url\" content=\"https:\/\/lysinterfilter.com\/pt\/manufacturer\/activated-carbon-filters-for-pipette-tip\/\" \/>\n<meta property=\"og:site_name\" content=\"Porous Plastic Filter Manufacturer China\" \/>\n<meta property=\"article:modified_time\" content=\"2026-02-02T10:02:40+00:00\" \/>\n<meta property=\"og:image\" content=\"https:\/\/lysinterfilter.com\/wp-content\/uploads\/2024\/06\/PE105.jpg\" \/>\n\t<meta property=\"og:image:width\" content=\"1024\" \/>\n\t<meta property=\"og:image:height\" content=\"898\" \/>\n\t<meta property=\"og:image:type\" content=\"image\/jpeg\" \/>\n<meta name=\"twitter:card\" content=\"summary_large_image\" \/>\n<meta name=\"twitter:label1\" content=\"Est. tempo de leitura\" \/>\n\t<meta name=\"twitter:data1\" content=\"2 minutos\" \/>\n<script type=\"application\/ld+json\" class=\"yoast-schema-graph\">{\"@context\":\"https:\/\/schema.org\",\"@graph\":[{\"@type\":\"WebPage\",\"@id\":\"https:\/\/lysinterfilter.com\/manufacturer\/activated-carbon-filters-for-pipette-tip\/\",\"url\":\"https:\/\/lysinterfilter.com\/manufacturer\/activated-carbon-filters-for-pipette-tip\/\",\"name\":\"Activated Carbon Filtered Pipette Tips - Porous Plastic Filter Manufacturer China\",\"isPartOf\":{\"@id\":\"https:\/\/lysinterfilter.com\/#website\"},\"primaryImageOfPage\":{\"@id\":\"https:\/\/lysinterfilter.com\/manufacturer\/activated-carbon-filters-for-pipette-tip\/#primaryimage\"},\"image\":{\"@id\":\"https:\/\/lysinterfilter.com\/manufacturer\/activated-carbon-filters-for-pipette-tip\/#primaryimage\"},\"thumbnailUrl\":\"https:\/\/lysinterfilter.com\/wp-content\/uploads\/2024\/06\/PE105.jpg\",\"datePublished\":\"2024-06-17T06:56:39+00:00\",\"dateModified\":\"2026-02-02T10:02:40+00:00\",\"description\":\"Enhance your lab's precision with our activated carbon filters for pipette tips. Designed to eliminate contaminants and ensure accurate results, our filters provide superior performance and reliability for critical laboratory applications.\\\"\",\"breadcrumb\":{\"@id\":\"https:\/\/lysinterfilter.com\/manufacturer\/activated-carbon-filters-for-pipette-tip\/#breadcrumb\"},\"inLanguage\":\"pt-BR\",\"potentialAction\":[{\"@type\":\"ReadAction\",\"target\":[\"https:\/\/lysinterfilter.com\/manufacturer\/activated-carbon-filters-for-pipette-tip\/\"]}]},{\"@type\":\"ImageObject\",\"inLanguage\":\"pt-BR\",\"@id\":\"https:\/\/lysinterfilter.com\/manufacturer\/activated-carbon-filters-for-pipette-tip\/#primaryimage\",\"url\":\"https:\/\/lysinterfilter.com\/wp-content\/uploads\/2024\/06\/PE105.jpg\",\"contentUrl\":\"https:\/\/lysinterfilter.com\/wp-content\/uploads\/2024\/06\/PE105.jpg\",\"width\":1024,\"height\":898,\"caption\":\"{\\\"data\\\":{\\\"pictureId\\\":\\\"e8ea09279e2a4afcbf6825a86fe7c10d\\\",\\\"appversion\\\":\\\"14.0.0\\\",\\\"stickerId\\\":\\\"\\\",\\\"filterId\\\":\\\"\\\",\\\"infoStickerId\\\":\\\"\\\",\\\"imageEffectId\\\":\\\"\\\",\\\"playId\\\":\\\"\\\",\\\"activityName\\\":\\\"\\\",\\\"os\\\":\\\"android\\\",\\\"product\\\":\\\"retouch\\\",\\\"originAppId\\\":\\\"2515\\\",\\\"exportType\\\":\\\"\\\",\\\"editType\\\":\\\"\\\",\\\"alias\\\":\\\"VW3JsoPHEdEcA9Dqz2m24c0jMFDsp6Qr\/YVqRP0+4DbGmEzwYv1aaY6oHwi\/Hu9iYb63iwwWF\/h5q9V1upPmI7y706vkUofmqddI7ZWkursXUnwl1Pb0kQTBy9bMG7JAhtLG+3I3SXNb8wiMIHSqOjMG49aHVoAPDKXivtCe80GXoSNpgu1juZu9TXn0bkwV5ZTBPTFrJUkdNIBCy13GmjvkOXjoLpBZ5oVa7OpKN5stnBYSzolbyQB+CFVYRNN7NQEl5gbwWaw8AQOSWnSBW1OuzK\/YwAOJOr8q6Fm8+Sg5ej36ySp8627aIeN9Y86MsKf1sLH\/a1aNmKL1gzGqmg==\\\",\\\"enterFrom\\\":\\\"enter_launch\\\",\\\"capability_key\\\":[\\\"erase\\\"],\\\"capability_extra_v2\\\":{\\\"erase\\\":[{\\\"panel\\\":\\\"eliminatePen\\\"}]},\\\"effect_type\\\":\\\"tool\\\",\\\"effect_id\\\":\\\"erase\\\"},\\\"source_type\\\":\\\"douyin_beauty_me\\\"}\"},{\"@type\":\"BreadcrumbList\",\"@id\":\"https:\/\/lysinterfilter.com\/manufacturer\/activated-carbon-filters-for-pipette-tip\/#breadcrumb\",\"itemListElement\":[{\"@type\":\"ListItem\",\"position\":1,\"name\":\"Home\",\"item\":\"https:\/\/lysinterfilter.com\/\"},{\"@type\":\"ListItem\",\"position\":2,\"name\":\"Products\",\"item\":\"https:\/\/lysinterfilter.com\/shop\/\"},{\"@type\":\"ListItem\",\"position\":3,\"name\":\"Activated Carbon Filtered Pipette Tips\"}]},{\"@type\":\"WebSite\",\"@id\":\"https:\/\/lysinterfilter.com\/#website\",\"url\":\"https:\/\/lysinterfilter.com\/\",\"name\":\"Porous Plastic Filter Manufacturer China\",\"description\":\"\",\"potentialAction\":[{\"@type\":\"SearchAction\",\"target\":{\"@type\":\"EntryPoint\",\"urlTemplate\":\"https:\/\/lysinterfilter.com\/?s={search_term_string}\"},\"query-input\":{\"@type\":\"PropertyValueSpecification\",\"valueRequired\":true,\"valueName\":\"search_term_string\"}}],\"inLanguage\":\"pt-BR\"}]}<\/script>\n<!-- \/ Yoast SEO plugin. -->","yoast_head_json":{"title":"Activated Carbon Filtered Pipette Tips - Porous Plastic Filter Manufacturer China","description":"Melhore a precis\u00e3o do seu laborat\u00f3rio com nossos filtros de carv\u00e3o ativado para pontas de pipeta. Projetados para eliminar contaminantes e garantir resultados precisos, nossos filtros fornecem desempenho e confiabilidade superiores para aplica\u00e7\u00f5es cr\u00edticas de laborat\u00f3rio.&quot;","robots":{"index":"index","follow":"follow","max-snippet":"max-snippet:-1","max-image-preview":"max-image-preview:large","max-video-preview":"max-video-preview:-1"},"canonical":"https:\/\/lysinterfilter.com\/pt\/manufacturer\/activated-carbon-filters-for-pipette-tip\/","og_locale":"pt_BR","og_type":"article","og_title":"Activated Carbon Filtered Pipette Tips - Porous Plastic Filter Manufacturer China","og_description":"Enhance your lab's precision with our activated carbon filters for pipette tips. Designed to eliminate contaminants and ensure accurate results, our filters provide superior performance and reliability for critical laboratory applications.\"","og_url":"https:\/\/lysinterfilter.com\/pt\/manufacturer\/activated-carbon-filters-for-pipette-tip\/","og_site_name":"Porous Plastic Filter Manufacturer China","article_modified_time":"2026-02-02T10:02:40+00:00","og_image":[{"width":1024,"height":898,"url":"https:\/\/lysinterfilter.com\/wp-content\/uploads\/2024\/06\/PE105.jpg","type":"image\/jpeg"}],"twitter_card":"summary_large_image","twitter_misc":{"Est. tempo de leitura":"2 minutos"},"schema":{"@context":"https:\/\/schema.org","@graph":[{"@type":"WebPage","@id":"https:\/\/lysinterfilter.com\/manufacturer\/activated-carbon-filters-for-pipette-tip\/","url":"https:\/\/lysinterfilter.com\/manufacturer\/activated-carbon-filters-for-pipette-tip\/","name":"Activated Carbon Filtered Pipette Tips - Porous Plastic Filter Manufacturer China","isPartOf":{"@id":"https:\/\/lysinterfilter.com\/#website"},"primaryImageOfPage":{"@id":"https:\/\/lysinterfilter.com\/manufacturer\/activated-carbon-filters-for-pipette-tip\/#primaryimage"},"image":{"@id":"https:\/\/lysinterfilter.com\/manufacturer\/activated-carbon-filters-for-pipette-tip\/#primaryimage"},"thumbnailUrl":"https:\/\/lysinterfilter.com\/wp-content\/uploads\/2024\/06\/PE105.jpg","datePublished":"2024-06-17T06:56:39+00:00","dateModified":"2026-02-02T10:02:40+00:00","description":"Melhore a precis\u00e3o do seu laborat\u00f3rio com nossos filtros de carv\u00e3o ativado para pontas de pipeta. Projetados para eliminar contaminantes e garantir resultados precisos, nossos filtros fornecem desempenho e confiabilidade superiores para aplica\u00e7\u00f5es cr\u00edticas de laborat\u00f3rio.&quot;","breadcrumb":{"@id":"https:\/\/lysinterfilter.com\/manufacturer\/activated-carbon-filters-for-pipette-tip\/#breadcrumb"},"inLanguage":"pt-BR","potentialAction":[{"@type":"ReadAction","target":["https:\/\/lysinterfilter.com\/manufacturer\/activated-carbon-filters-for-pipette-tip\/"]}]},{"@type":"ImageObject","inLanguage":"pt-BR","@id":"https:\/\/lysinterfilter.com\/manufacturer\/activated-carbon-filters-for-pipette-tip\/#primaryimage","url":"https:\/\/lysinterfilter.com\/wp-content\/uploads\/2024\/06\/PE105.jpg","contentUrl":"https:\/\/lysinterfilter.com\/wp-content\/uploads\/2024\/06\/PE105.jpg","width":1024,"height":898,"caption":"{\"data\":{\"pictureId\":\"e8ea09279e2a4afcbf6825a86fe7c10d\",\"appversion\":\"14.0.0\",\"stickerId\":\"\",\"filterId\":\"\",\"infoStickerId\":\"\",\"imageEffectId\":\"\",\"playId\":\"\",\"activityName\":\"\",\"os\":\"android\",\"product\":\"retouch\",\"originAppId\":\"2515\",\"exportType\":\"\",\"editType\":\"\",\"alias\":\"VW3JsoPHEdEcA9Dqz2m24c0jMFDsp6Qr\/YVqRP0+4DbGmEzwYv1aaY6oHwi\/Hu9iYb63iwwWF\/h5q9V1upPmI7y706vkUofmqddI7ZWkursXUnwl1Pb0kQTBy9bMG7JAhtLG+3I3SXNb8wiMIHSqOjMG49aHVoAPDKXivtCe80GXoSNpgu1juZu9TXn0bkwV5ZTBPTFrJUkdNIBCy13GmjvkOXjoLpBZ5oVa7OpKN5stnBYSzolbyQB+CFVYRNN7NQEl5gbwWaw8AQOSWnSBW1OuzK\/YwAOJOr8q6Fm8+Sg5ej36ySp8627aIeN9Y86MsKf1sLH\/a1aNmKL1gzGqmg==\",\"enterFrom\":\"enter_launch\",\"capability_key\":[\"erase\"],\"capability_extra_v2\":{\"erase\":[{\"panel\":\"eliminatePen\"}]},\"effect_type\":\"tool\",\"effect_id\":\"erase\"},\"source_type\":\"douyin_beauty_me\"}"},{"@type":"BreadcrumbList","@id":"https:\/\/lysinterfilter.com\/manufacturer\/activated-carbon-filters-for-pipette-tip\/#breadcrumb","itemListElement":[{"@type":"ListItem","position":1,"name":"Home","item":"https:\/\/lysinterfilter.com\/"},{"@type":"ListItem","position":2,"name":"Products","item":"https:\/\/lysinterfilter.com\/shop\/"},{"@type":"ListItem","position":3,"name":"Activated Carbon Filtered Pipette Tips"}]},{"@type":"WebSite","@id":"https:\/\/lysinterfilter.com\/#website","url":"https:\/\/lysinterfilter.com\/","name":"Porous Plastic Filter Manufacturer China","description":"","potentialAction":[{"@type":"SearchAction","target":{"@type":"EntryPoint","urlTemplate":"https:\/\/lysinterfilter.com\/?s={search_term_string}"},"query-input":{"@type":"PropertyValueSpecification","valueRequired":true,"valueName":"search_term_string"}}],"inLanguage":"pt-BR"}]}},"_links":{"self":[{"href":"https:\/\/lysinterfilter.com\/pt\/wp-json\/wp\/v2\/product\/2337","targetHints":{"allow":["GET"]}}],"collection":[{"href":"https:\/\/lysinterfilter.com\/pt\/wp-json\/wp\/v2\/product"}],"about":[{"href":"https:\/\/lysinterfilter.com\/pt\/wp-json\/wp\/v2\/types\/product"}],"wp:featuredmedia":[{"embeddable":true,"href":"https:\/\/lysinterfilter.com\/pt\/wp-json\/wp\/v2\/media\/2650"}],"wp:attachment":[{"href":"https:\/\/lysinterfilter.com\/pt\/wp-json\/wp\/v2\/media?parent=2337"}],"wp:term":[{"taxonomy":"product_brand","embeddable":true,"href":"https:\/\/lysinterfilter.com\/pt\/wp-json\/wp\/v2\/product_brand?post=2337"},{"taxonomy":"product_cat","embeddable":true,"href":"https:\/\/lysinterfilter.com\/pt\/wp-json\/wp\/v2\/product_cat?post=2337"},{"taxonomy":"product_tag","embeddable":true,"href":"https:\/\/lysinterfilter.com\/pt\/wp-json\/wp\/v2\/product_tag?post=2337"}],"curies":[{"name":"wp","href":"https:\/\/api.w.org\/{rel}","templated":true}]}}