{"id":2066,"date":"2024-06-12T07:28:58","date_gmt":"2024-06-12T07:28:58","guid":{"rendered":"https:\/\/lysinterfilter.com\/?post_type=product&#038;p=2066"},"modified":"2026-02-27T06:26:36","modified_gmt":"2026-02-27T06:26:36","slug":"factory-price-porous-plastic-sintered-pa-membrane-filter-with-screw-connector","status":"publish","type":"product","link":"https:\/\/lysinterfilter.com\/pt\/manufacturer\/factory-price-porous-plastic-sintered-pa-membrane-filter-with-screw-connector\/","title":{"rendered":"Pre\u00e7o de f\u00e1brica Filtro de PA sinterizado de pl\u00e1stico poroso com conector de parafuso"},"content":{"rendered":"<div class=\"row\"  id=\"row-4529240\">\n\n\t<div id=\"col-1297347549\" class=\"col small-12 large-12\"  >\n\t\t\t\t<div class=\"col-inner\"  >\n\t\t\t\n\t\t\t\n<h2>Detalhes do produto<\/h2>\n<h4><strong>Introdu\u00e7\u00e3o:<\/strong><\/h4>\n<p>O elemento filtrante sinterizado PA \u00e9 feito de polietileno de alto peso molecular de alta qualidade como principal mat\u00e9ria-prima e fibra de carbono por meio de sinteriza\u00e7\u00e3o de f\u00f3rmula cient\u00edfica. Estrutura compacta, forte, leve, pode suportar alta press\u00e3o de filtragem, n\u00e3o t\u00f3xico e ins\u00edpido, e tem boa resist\u00eancia \u00e0 corros\u00e3o para solventes \u00e1cidos e alcalinos.<\/p>\n<h4><strong>Vantagem:<\/strong><\/h4>\n<p>1. Resistente \u00e0 corros\u00e3o de \u00e1cidos fortes e \u00e1lcalis fortes e resistente \u00e0 dissolu\u00e7\u00e3o de solventes org\u00e2nicos;<br \/>\n2. Excelente resist\u00eancia e resist\u00eancia ao desgaste garantem sua vida \u00fatil;<br \/>\n3. A superf\u00edcie da luz externa dificulta a ader\u00eancia de impurezas;<br \/>\n4. A retrolavagem e a retrolavagem s\u00e3o f\u00e1ceis de reutilizar;<br \/>\n5. Boa tenacidade, o elemento filtrante n\u00e3o \u00e9 f\u00e1cil de quebrar;<br \/>\n6. Nenhum fen\u00f4meno de debulha, forte resist\u00eancia \u00e0 press\u00e3o.<\/p>\n<h4><strong>Especifica\u00e7\u00e3o:\u00a0\u00a0<\/strong><\/h4>\n<p>Di\u00e2metro: \u222e20\u222e25\u222e30\u222e35\u222e38\u222e45\u222e50\u222e60<br \/>\nTamanho do conector: M20-M22-M24-M26-M30<br \/>\nMaterial da junta: polipropileno, a\u00e7o inoxid\u00e1vel 316<br \/>\nComprimento: 5\u203310\u203320\u203330\u203340\u203360\u203380\u2033<br \/>\nPrecis\u00e3o de filtragem: 0,5um-100um<\/p>\n\t<div id=\"text-3072686820\" class=\"text\">\n\t\t\n<h3><strong>Fotos:<\/strong><\/h3>\n\t\t\n<style>\n#text-3072686820 {\n  text-align: left;\n}\n<\/style>\n\t<\/div>\n\t\n\t<div class=\"img has-hover x md-x lg-x y md-y lg-y\" id=\"image_1514394543\">\n\t\t\t\t\t\t\t\t<div class=\"img-inner dark\" >\n\t\t\t<img loading=\"lazy\" decoding=\"async\" width=\"1024\" height=\"600\" src=\"https:\/\/lysinterfilter.com\/wp-content\/uploads\/2026\/02\/paa4.jpg\" class=\"attachment-original size-original\" alt=\"\" srcset=\"https:\/\/lysinterfilter.com\/wp-content\/uploads\/2026\/02\/paa4.jpg 1024w, https:\/\/lysinterfilter.com\/wp-content\/uploads\/2026\/02\/paa4-300x176.jpg 300w, https:\/\/lysinterfilter.com\/wp-content\/uploads\/2026\/02\/paa4-768x450.jpg 768w, https:\/\/lysinterfilter.com\/wp-content\/uploads\/2026\/02\/paa4-18x12.jpg 18w, https:\/\/lysinterfilter.com\/wp-content\/uploads\/2026\/02\/paa4-600x352.jpg 600w\" sizes=\"auto, (max-width: 1024px) 100vw, 1024px\" \/>\t\t\t\t\t\t\n\t\t\t\t\t<\/div>\n\t\t\t\t\t\t\t\t\n<style>\n#image_1514394543 {\n  width: 100%;\n}\n<\/style>\n\t<\/div>\n\t\n\t\t<\/div>\n\t\t\t\t\t<\/div>\n\n\t\n\n\t<div id=\"col-626722336\" class=\"col small-12 large-12\"  >\n\t\t\t\t<div class=\"col-inner\"  >\n\t\t\t\n\t\t\t\n<h2>Aplicativo<\/h2>\n\t<div class=\"img has-hover x md-x lg-x y md-y lg-y\" id=\"image_2135680708\">\n\t\t\t\t\t\t\t\t<div class=\"img-inner dark\" >\n\t\t\t<img loading=\"lazy\" decoding=\"async\" width=\"750\" height=\"350\" src=\"https:\/\/lysinterfilter.com\/wp-content\/uploads\/2024\/06\/Application.webp\" class=\"attachment-original size-original\" alt=\"\" srcset=\"https:\/\/lysinterfilter.com\/wp-content\/uploads\/2024\/06\/Application.webp 750w, https:\/\/lysinterfilter.com\/wp-content\/uploads\/2024\/06\/Application-300x140.webp 300w, https:\/\/lysinterfilter.com\/wp-content\/uploads\/2024\/06\/Application-18x8.webp 18w, https:\/\/lysinterfilter.com\/wp-content\/uploads\/2024\/06\/Application-600x280.webp 600w\" sizes=\"auto, (max-width: 750px) 100vw, 750px\" \/>\t\t\t\t\t\t\n\t\t\t\t\t<\/div>\n\t\t\t\t\t\t\t\t\n<style>\n#image_2135680708 {\n  width: 100%;\n}\n<\/style>\n\t<\/div>\n\t\n<p>A.Ind\u00fastria Farmac\u00eautica<\/p>\n<p>(1)Grande infus\u00e3o de \u00e1gua, descarboniza\u00e7\u00e3o de intermedi\u00e1rios farmac\u00eauticos<\/p>\n<p>filtra\u00e7\u00e3o; caldo de fermenta\u00e7\u00e3o, l\u00edquido oral<\/p>\n<p>(2)Carv\u00e3o ativado em p\u00f3 com filtro de descolora\u00e7\u00e3o (l\u00edquido medicinal<\/p>\n<p>glicose,antibi\u00f3ticos,medicina sint\u00e9tica,prepara\u00e7\u00e3o,fitoterapia chinesa<\/p>\n<p>l\u00edquido, etc.)<\/p>\n<p>(3)L\u00edquido de inje\u00e7\u00e3o<\/p>\n<p>(4)Filtro de ar de inje\u00e7\u00e3o<\/p>\n<p>(5)\u00c1gua para lavagem de garrafas de inje\u00e7\u00e3o<\/p>\n<p>(6) Filtragem de bebidas alco\u00f3licas medicinais<\/p>\n<p>B.Ind\u00fastria Qu\u00edmica<\/p>\n<p>(1)Filtragem e lavagem de hidr\u00f3xido de alum\u00ednio<\/p>\n<p>(2)Filtragem e lavagem do catalisador de pal\u00e1dio<\/p>\n<p>(3)Filtragem e lavagem de f\u00f3sforo<\/p>\n<p>(4)Filtragem de carbonato de zinco<\/p>\n<p>(5)Filtragem de solu\u00e7\u00e3o de carbonato de s\u00f3dio<\/p>\n<p>(6) Filtragem e lavagem de sulfato de b\u00e1rio<\/p>\n<p>(7)Filtragem e lavagem de sulfeto de c\u00e1dmio<\/p>\n<p>C. Ind\u00fastria qu\u00edmica de fibras e t\u00eaxteis<\/p>\n<p>(1)Filtragem por banho \u00e1cido<\/p>\n<p>(2) Filtra\u00e7\u00e3o de purifica\u00e7\u00e3o de enxofre e \u00e1cido acr\u00edlico<\/p>\n<p>(3) Filtra\u00e7\u00e3o de precis\u00e3o de \u00e1gua de seda<\/p>\n<p>D.Ind\u00fastria leve e ind\u00fastria aliment\u00edcia<\/p>\n<p>(1) Filtra\u00e7\u00e3o de xarope<\/p>\n<p>(2) Filtragem de bebidas<\/p>\n<p>(3)Filtragem de vinho e aguardente<\/p>\n<p>(4)Filtragem de precis\u00e3o de \u00f3leo vegetal<\/p>\n<p>(5)Filtragem de \u00f3leo essencial<\/p>\n<p>(6)Filtragem de \u00e1gua mineral<\/p>\n<p>E.M\u00e1quinas e ind\u00fastria de petr\u00f3leo<\/p>\n<p>(1) Filtra\u00e7\u00e3o de solu\u00e7\u00e3o de galvanoplastia<\/p>\n<p>(2)Filtragem de precis\u00e3o de fluido de limpeza de motor de combust\u00e3o interna<\/p>\n<p>(3)Filtragem de lavagem de campos petrol\u00edferos<\/p>\n<p>(4)Equipamento de \u00e1gua ultrapura para ind\u00fastria el\u00e9trica<\/p>\n<p>F.Tratamento de \u00e1guas residuais<\/p>\n<p>(1)Tratamento de \u00e1guas residuais com hidr\u00f3xido de pot\u00e1ssio pesado<\/p>\n<p>(2)Tratamento de \u00e1guas residuais com mistura de metais pesados<\/p>\n<p>(3)Tratamento qu\u00edmico de \u00e1guas residuais<\/p>\n<p>(4)Tratamento de \u00e1guas residuais cer\u00e2micas<\/p>\n<p>(5)Tratamento de \u00e1guas residuais contendo alum\u00ednio<\/p>\n<p>(6)Outros tratamentos de \u00e1guas residuais<\/p>\n\t\t<\/div>\n\t\t\t\t\t<\/div>\n\n\t\n\n\t<div id=\"col-1261356476\" class=\"col small-12 large-12\"  >\n\t\t\t\t<div class=\"col-inner\"  >\n\t\t\t\n\t\t\t\n<h2>Certifica\u00e7\u00f5es<\/h2>\n\t<div class=\"img has-hover x md-x lg-x y md-y lg-y\" id=\"image_899799912\">\n\t\t\t\t\t\t\t\t<div class=\"img-inner dark\" >\n\t\t\t<img loading=\"lazy\" decoding=\"async\" width=\"750\" height=\"450\" src=\"https:\/\/lysinterfilter.com\/wp-content\/uploads\/2024\/06\/Certifications.webp\" class=\"attachment-original size-original\" alt=\"\" srcset=\"https:\/\/lysinterfilter.com\/wp-content\/uploads\/2024\/06\/Certifications.webp 750w, https:\/\/lysinterfilter.com\/wp-content\/uploads\/2024\/06\/Certifications-300x180.webp 300w, https:\/\/lysinterfilter.com\/wp-content\/uploads\/2024\/06\/Certifications-18x12.webp 18w, https:\/\/lysinterfilter.com\/wp-content\/uploads\/2024\/06\/Certifications-600x360.webp 600w\" sizes=\"auto, (max-width: 750px) 100vw, 750px\" \/>\t\t\t\t\t\t\n\t\t\t\t\t<\/div>\n\t\t\t\t\t\t\t\t\n<style>\n#image_899799912 {\n  width: 100%;\n}\n<\/style>\n\t<\/div>\n\t\n\t\t<\/div>\n\t\t\t\t\t<\/div>\n\n\t\n<\/div>","protected":false},"excerpt":{"rendered":"<ul>\n<li>Quantidade m\u00ednima:<span id=\"dr_show_hits_179\">1 unidade<\/span><\/li>\n<li>Personalizado: Aceito<\/li>\n<li>Brand\uff1aOEM<\/li>\n<li>Tempo de entrega: dentro de 7 dias<\/li>\n<li>Certifica\u00e7\u00e3o: CE;ISO 9001<\/li>\n<li>Enviar e-mail:<\/li>\n<li><a href=\"mailto:info@lysinterfilter.com\">info@lysinterfilter.com<\/a><\/li>\n<\/ul>","protected":false},"featured_media":2662,"template":"","meta":[],"product_brand":[],"product_cat":[43],"product_tag":[],"class_list":{"0":"post-2066","1":"product","2":"type-product","3":"status-publish","4":"has-post-thumbnail","6":"product_cat-pa-sintered-filter-cartridge","8":"first","9":"instock","10":"shipping-taxable","11":"product-type-simple"},"yoast_head":"<!-- This site is optimized with the Yoast SEO plugin v27.2 - https:\/\/yoast.com\/product\/yoast-seo-wordpress\/ -->\n<title>Factory Price Porous Plastic Sintered PA Filter with screw connector - Porous Plastic Filter Manufacturer China<\/title>\n<meta name=\"description\" content=\"Discover the efficiency of our PA filters. Engineered for durability and superior performance, these filters provide reliable filtration for various applications. Choose our PA filters for high-quality and effective contaminant removal.\" \/>\n<meta name=\"robots\" content=\"index, follow, max-snippet:-1, max-image-preview:large, max-video-preview:-1\" \/>\n<link rel=\"canonical\" href=\"https:\/\/lysinterfilter.com\/pt\/manufacturer\/factory-price-porous-plastic-sintered-pa-membrane-filter-with-screw-connector\/\" \/>\n<meta property=\"og:locale\" content=\"pt_BR\" \/>\n<meta property=\"og:type\" content=\"article\" \/>\n<meta property=\"og:title\" content=\"Factory Price Porous Plastic Sintered PA Filter with screw connector - Porous Plastic Filter Manufacturer China\" \/>\n<meta property=\"og:description\" content=\"Discover the efficiency of our PA filters. Engineered for durability and superior performance, these filters provide reliable filtration for various applications. Choose our PA filters for high-quality and effective contaminant removal.\" \/>\n<meta property=\"og:url\" content=\"https:\/\/lysinterfilter.com\/pt\/manufacturer\/factory-price-porous-plastic-sintered-pa-membrane-filter-with-screw-connector\/\" \/>\n<meta property=\"og:site_name\" content=\"Porous Plastic Filter Manufacturer China\" \/>\n<meta property=\"article:modified_time\" content=\"2026-02-27T06:26:36+00:00\" \/>\n<meta property=\"og:image\" content=\"https:\/\/lysinterfilter.com\/wp-content\/uploads\/2024\/06\/paa.jpg\" \/>\n\t<meta property=\"og:image:width\" content=\"1024\" \/>\n\t<meta property=\"og:image:height\" content=\"902\" \/>\n\t<meta property=\"og:image:type\" content=\"image\/jpeg\" \/>\n<meta name=\"twitter:card\" content=\"summary_large_image\" \/>\n<meta name=\"twitter:label1\" content=\"Est. tempo de leitura\" \/>\n\t<meta name=\"twitter:data1\" content=\"2 minutos\" \/>\n<script type=\"application\/ld+json\" class=\"yoast-schema-graph\">{\"@context\":\"https:\/\/schema.org\",\"@graph\":[{\"@type\":\"WebPage\",\"@id\":\"https:\/\/lysinterfilter.com\/manufacturer\/factory-price-porous-plastic-sintered-pa-membrane-filter-with-screw-connector\/\",\"url\":\"https:\/\/lysinterfilter.com\/manufacturer\/factory-price-porous-plastic-sintered-pa-membrane-filter-with-screw-connector\/\",\"name\":\"Factory Price Porous Plastic Sintered PA Filter with screw connector - Porous Plastic Filter Manufacturer China\",\"isPartOf\":{\"@id\":\"https:\/\/lysinterfilter.com\/#website\"},\"primaryImageOfPage\":{\"@id\":\"https:\/\/lysinterfilter.com\/manufacturer\/factory-price-porous-plastic-sintered-pa-membrane-filter-with-screw-connector\/#primaryimage\"},\"image\":{\"@id\":\"https:\/\/lysinterfilter.com\/manufacturer\/factory-price-porous-plastic-sintered-pa-membrane-filter-with-screw-connector\/#primaryimage\"},\"thumbnailUrl\":\"https:\/\/lysinterfilter.com\/wp-content\/uploads\/2024\/06\/paa.jpg\",\"datePublished\":\"2024-06-12T07:28:58+00:00\",\"dateModified\":\"2026-02-27T06:26:36+00:00\",\"description\":\"Discover the efficiency of our PA filters. Engineered for durability and superior performance, these filters provide reliable filtration for various applications. Choose our PA filters for high-quality and effective contaminant removal.\",\"breadcrumb\":{\"@id\":\"https:\/\/lysinterfilter.com\/manufacturer\/factory-price-porous-plastic-sintered-pa-membrane-filter-with-screw-connector\/#breadcrumb\"},\"inLanguage\":\"pt-BR\",\"potentialAction\":[{\"@type\":\"ReadAction\",\"target\":[\"https:\/\/lysinterfilter.com\/manufacturer\/factory-price-porous-plastic-sintered-pa-membrane-filter-with-screw-connector\/\"]}]},{\"@type\":\"ImageObject\",\"inLanguage\":\"pt-BR\",\"@id\":\"https:\/\/lysinterfilter.com\/manufacturer\/factory-price-porous-plastic-sintered-pa-membrane-filter-with-screw-connector\/#primaryimage\",\"url\":\"https:\/\/lysinterfilter.com\/wp-content\/uploads\/2024\/06\/paa.jpg\",\"contentUrl\":\"https:\/\/lysinterfilter.com\/wp-content\/uploads\/2024\/06\/paa.jpg\",\"width\":1024,\"height\":902,\"caption\":\"{\\\"data\\\":{\\\"pictureId\\\":\\\"5960cd75038c47639d2dcd968f3ac9b2\\\",\\\"appversion\\\":\\\"14.0.0\\\",\\\"stickerId\\\":\\\"\\\",\\\"filterId\\\":\\\"\\\",\\\"infoStickerId\\\":\\\"\\\",\\\"imageEffectId\\\":\\\"\\\",\\\"playId\\\":\\\"\\\",\\\"activityName\\\":\\\"\\\",\\\"os\\\":\\\"android\\\",\\\"product\\\":\\\"retouch\\\",\\\"originAppId\\\":\\\"2515\\\",\\\"exportType\\\":\\\"\\\",\\\"editType\\\":\\\"\\\",\\\"alias\\\":\\\"ccQ6nHZKEKCSnAPj2B+oeSnh6cpfcONySoecApXskDd1JpjDMrHeKQY45ddtDF72wevufyA055xQH2vkryoBxTe02VwMqEO1pq8lu7UJ9XZGW11Imql16qKR3qLYoEb3NgG9NstNlKxZfxiYlUWHuQGkSAeGi17nVSX2Py1NqdAG1e81W\/1cAhmBTpxw7e9ET7yqDY7I\/xgyFwLdo9A5JnSUbGWVfQU5Im\/ixueFYYcat8ki18sgSNeRex7fhKzdoDw7s1fWe84eV9YsXZ4SZCO\/lHnMFgUMvXNt3UBDOZX3ijdzvyJek+HddSevWQ4RIbM4s2016auHZyvzMXp7yg==\\\",\\\"enterFrom\\\":\\\"enter_launch\\\",\\\"capability_key\\\":[\\\"erase\\\"],\\\"capability_extra_v2\\\":{\\\"erase\\\":[{\\\"panel\\\":\\\"magic_eliminate\\\"}]},\\\"effect_type\\\":\\\"tool\\\",\\\"effect_id\\\":\\\"erase\\\"},\\\"source_type\\\":\\\"douyin_beauty_me\\\"}\"},{\"@type\":\"BreadcrumbList\",\"@id\":\"https:\/\/lysinterfilter.com\/manufacturer\/factory-price-porous-plastic-sintered-pa-membrane-filter-with-screw-connector\/#breadcrumb\",\"itemListElement\":[{\"@type\":\"ListItem\",\"position\":1,\"name\":\"Home\",\"item\":\"https:\/\/lysinterfilter.com\/\"},{\"@type\":\"ListItem\",\"position\":2,\"name\":\"Products\",\"item\":\"https:\/\/lysinterfilter.com\/shop\/\"},{\"@type\":\"ListItem\",\"position\":3,\"name\":\"Factory Price Porous Plastic Sintered PA Filter with screw connector\"}]},{\"@type\":\"WebSite\",\"@id\":\"https:\/\/lysinterfilter.com\/#website\",\"url\":\"https:\/\/lysinterfilter.com\/\",\"name\":\"Porous Plastic Filter Manufacturer China\",\"description\":\"\",\"potentialAction\":[{\"@type\":\"SearchAction\",\"target\":{\"@type\":\"EntryPoint\",\"urlTemplate\":\"https:\/\/lysinterfilter.com\/?s={search_term_string}\"},\"query-input\":{\"@type\":\"PropertyValueSpecification\",\"valueRequired\":true,\"valueName\":\"search_term_string\"}}],\"inLanguage\":\"pt-BR\"}]}<\/script>\n<!-- \/ Yoast SEO plugin. -->","yoast_head_json":{"title":"Factory Price Porous Plastic Sintered PA Filter with screw connector - Porous Plastic Filter Manufacturer China","description":"Descubra a efici\u00eancia dos nossos filtros PA. Projetados para durabilidade e desempenho superior, esses filtros fornecem filtragem confi\u00e1vel para v\u00e1rias aplica\u00e7\u00f5es. Escolha nossos filtros PA para remo\u00e7\u00e3o de contaminantes de alta qualidade e eficaz.","robots":{"index":"index","follow":"follow","max-snippet":"max-snippet:-1","max-image-preview":"max-image-preview:large","max-video-preview":"max-video-preview:-1"},"canonical":"https:\/\/lysinterfilter.com\/pt\/manufacturer\/factory-price-porous-plastic-sintered-pa-membrane-filter-with-screw-connector\/","og_locale":"pt_BR","og_type":"article","og_title":"Factory Price Porous Plastic Sintered PA Filter with screw connector - Porous Plastic Filter Manufacturer China","og_description":"Discover the efficiency of our PA filters. Engineered for durability and superior performance, these filters provide reliable filtration for various applications. Choose our PA filters for high-quality and effective contaminant removal.","og_url":"https:\/\/lysinterfilter.com\/pt\/manufacturer\/factory-price-porous-plastic-sintered-pa-membrane-filter-with-screw-connector\/","og_site_name":"Porous Plastic Filter Manufacturer China","article_modified_time":"2026-02-27T06:26:36+00:00","og_image":[{"width":1024,"height":902,"url":"https:\/\/lysinterfilter.com\/wp-content\/uploads\/2024\/06\/paa.jpg","type":"image\/jpeg"}],"twitter_card":"summary_large_image","twitter_misc":{"Est. tempo de leitura":"2 minutos"},"schema":{"@context":"https:\/\/schema.org","@graph":[{"@type":"WebPage","@id":"https:\/\/lysinterfilter.com\/manufacturer\/factory-price-porous-plastic-sintered-pa-membrane-filter-with-screw-connector\/","url":"https:\/\/lysinterfilter.com\/manufacturer\/factory-price-porous-plastic-sintered-pa-membrane-filter-with-screw-connector\/","name":"Factory Price Porous Plastic Sintered PA Filter with screw connector - Porous Plastic Filter Manufacturer China","isPartOf":{"@id":"https:\/\/lysinterfilter.com\/#website"},"primaryImageOfPage":{"@id":"https:\/\/lysinterfilter.com\/manufacturer\/factory-price-porous-plastic-sintered-pa-membrane-filter-with-screw-connector\/#primaryimage"},"image":{"@id":"https:\/\/lysinterfilter.com\/manufacturer\/factory-price-porous-plastic-sintered-pa-membrane-filter-with-screw-connector\/#primaryimage"},"thumbnailUrl":"https:\/\/lysinterfilter.com\/wp-content\/uploads\/2024\/06\/paa.jpg","datePublished":"2024-06-12T07:28:58+00:00","dateModified":"2026-02-27T06:26:36+00:00","description":"Descubra a efici\u00eancia dos nossos filtros PA. Projetados para durabilidade e desempenho superior, esses filtros fornecem filtragem confi\u00e1vel para v\u00e1rias aplica\u00e7\u00f5es. Escolha nossos filtros PA para remo\u00e7\u00e3o de contaminantes de alta qualidade e eficaz.","breadcrumb":{"@id":"https:\/\/lysinterfilter.com\/manufacturer\/factory-price-porous-plastic-sintered-pa-membrane-filter-with-screw-connector\/#breadcrumb"},"inLanguage":"pt-BR","potentialAction":[{"@type":"ReadAction","target":["https:\/\/lysinterfilter.com\/manufacturer\/factory-price-porous-plastic-sintered-pa-membrane-filter-with-screw-connector\/"]}]},{"@type":"ImageObject","inLanguage":"pt-BR","@id":"https:\/\/lysinterfilter.com\/manufacturer\/factory-price-porous-plastic-sintered-pa-membrane-filter-with-screw-connector\/#primaryimage","url":"https:\/\/lysinterfilter.com\/wp-content\/uploads\/2024\/06\/paa.jpg","contentUrl":"https:\/\/lysinterfilter.com\/wp-content\/uploads\/2024\/06\/paa.jpg","width":1024,"height":902,"caption":"{\"data\":{\"pictureId\":\"5960cd75038c47639d2dcd968f3ac9b2\",\"appversion\":\"14.0.0\",\"stickerId\":\"\",\"filterId\":\"\",\"infoStickerId\":\"\",\"imageEffectId\":\"\",\"playId\":\"\",\"activityName\":\"\",\"os\":\"android\",\"product\":\"retouch\",\"originAppId\":\"2515\",\"exportType\":\"\",\"editType\":\"\",\"alias\":\"ccQ6nHZKEKCSnAPj2B+oeSnh6cpfcONySoecApXskDd1JpjDMrHeKQY45ddtDF72wevufyA055xQH2vkryoBxTe02VwMqEO1pq8lu7UJ9XZGW11Imql16qKR3qLYoEb3NgG9NstNlKxZfxiYlUWHuQGkSAeGi17nVSX2Py1NqdAG1e81W\/1cAhmBTpxw7e9ET7yqDY7I\/xgyFwLdo9A5JnSUbGWVfQU5Im\/ixueFYYcat8ki18sgSNeRex7fhKzdoDw7s1fWe84eV9YsXZ4SZCO\/lHnMFgUMvXNt3UBDOZX3ijdzvyJek+HddSevWQ4RIbM4s2016auHZyvzMXp7yg==\",\"enterFrom\":\"enter_launch\",\"capability_key\":[\"erase\"],\"capability_extra_v2\":{\"erase\":[{\"panel\":\"magic_eliminate\"}]},\"effect_type\":\"tool\",\"effect_id\":\"erase\"},\"source_type\":\"douyin_beauty_me\"}"},{"@type":"BreadcrumbList","@id":"https:\/\/lysinterfilter.com\/manufacturer\/factory-price-porous-plastic-sintered-pa-membrane-filter-with-screw-connector\/#breadcrumb","itemListElement":[{"@type":"ListItem","position":1,"name":"Home","item":"https:\/\/lysinterfilter.com\/"},{"@type":"ListItem","position":2,"name":"Products","item":"https:\/\/lysinterfilter.com\/shop\/"},{"@type":"ListItem","position":3,"name":"Factory Price Porous Plastic Sintered PA Filter with screw connector"}]},{"@type":"WebSite","@id":"https:\/\/lysinterfilter.com\/#website","url":"https:\/\/lysinterfilter.com\/","name":"Porous Plastic Filter Manufacturer China","description":"","potentialAction":[{"@type":"SearchAction","target":{"@type":"EntryPoint","urlTemplate":"https:\/\/lysinterfilter.com\/?s={search_term_string}"},"query-input":{"@type":"PropertyValueSpecification","valueRequired":true,"valueName":"search_term_string"}}],"inLanguage":"pt-BR"}]}},"_links":{"self":[{"href":"https:\/\/lysinterfilter.com\/pt\/wp-json\/wp\/v2\/product\/2066","targetHints":{"allow":["GET"]}}],"collection":[{"href":"https:\/\/lysinterfilter.com\/pt\/wp-json\/wp\/v2\/product"}],"about":[{"href":"https:\/\/lysinterfilter.com\/pt\/wp-json\/wp\/v2\/types\/product"}],"wp:featuredmedia":[{"embeddable":true,"href":"https:\/\/lysinterfilter.com\/pt\/wp-json\/wp\/v2\/media\/2662"}],"wp:attachment":[{"href":"https:\/\/lysinterfilter.com\/pt\/wp-json\/wp\/v2\/media?parent=2066"}],"wp:term":[{"taxonomy":"product_brand","embeddable":true,"href":"https:\/\/lysinterfilter.com\/pt\/wp-json\/wp\/v2\/product_brand?post=2066"},{"taxonomy":"product_cat","embeddable":true,"href":"https:\/\/lysinterfilter.com\/pt\/wp-json\/wp\/v2\/product_cat?post=2066"},{"taxonomy":"product_tag","embeddable":true,"href":"https:\/\/lysinterfilter.com\/pt\/wp-json\/wp\/v2\/product_tag?post=2066"}],"curies":[{"name":"wp","href":"https:\/\/api.w.org\/{rel}","templated":true}]}}