{"id":2035,"date":"2024-06-11T08:47:16","date_gmt":"2024-06-11T08:47:16","guid":{"rendered":"https:\/\/lysinterfilter.com\/?post_type=product&#038;p=2035"},"modified":"2026-02-28T06:13:46","modified_gmt":"2026-02-28T06:13:46","slug":"self-sealing-filter","status":"publish","type":"product","link":"https:\/\/lysinterfilter.com\/pt\/manufacturer\/self-sealing-filter\/","title":{"rendered":"Filtro autovedante para amostradores de sangue arterial"},"content":{"rendered":"<div class=\"row\"  id=\"row-1352747664\">\n\n\t<div id=\"col-764902518\" class=\"col small-12 large-12\"  >\n\t\t\t\t<div class=\"col-inner\"  >\n\t\t\t\n\t\t\t\n<h2>Detalhes do produto<\/h2>\n<h4><strong>Introdu\u00e7\u00e3o:<\/strong><\/h4>\n<p>Na coleta de sangue em cl\u00ednicas, filtros autovedantes que funcionam com amostradores de sangue arterial podem simplificar o procedimento de coleta de sangue, evitar que o ar entre em contato com a amostra de sangue e evitar a troca gasosa entre o ar e o sangue.<\/p>\n<h4>Caracter\u00edsticas:<\/h4>\n<p>Feito de material UHMW-PE ultrapuro, sem adesividade de eritr\u00f3citos, sem plastificantes lixivi\u00e1veis que podem influenciar os resultados dos testes.<br \/>\nSimplificando o procedimento de coleta de sangue, evitando trocas gasosas entre o ar e o sangue.<\/p>\n<div class=\"row row-small align-equal\"  id=\"row-465697435\">\n\n\t<div id=\"col-1309076869\" class=\"col medium-6 small-12 large-6\"  >\n\t\t\t\t<div class=\"col-inner box-shadow-1\"  >\n\t\t\t\n\t\t\t\n\t<div class=\"box has-hover   has-hover box-text-bottom\" >\n\n\t\t<div class=\"box-image\" >\n\t\t\t\t\t\t<div class=\"\" >\n\t\t\t\t<img loading=\"lazy\" decoding=\"async\" width=\"400\" height=\"210\" src=\"https:\/\/lysinterfilter.com\/wp-content\/uploads\/2024\/06\/88.webp\" class=\"attachment-original size-original\" alt=\"\" srcset=\"https:\/\/lysinterfilter.com\/wp-content\/uploads\/2024\/06\/88.webp 400w, https:\/\/lysinterfilter.com\/wp-content\/uploads\/2024\/06\/88-300x158.webp 300w, https:\/\/lysinterfilter.com\/wp-content\/uploads\/2024\/06\/88-18x9.webp 18w\" sizes=\"auto, (max-width: 400px) 100vw, 400px\" \/>\t\t\t\t\t\t\t\t\t\t\t<\/div>\n\t\t\t\t\t<\/div>\n\n\t\t<div class=\"box-text text-center\" >\n\t\t\t<div class=\"box-text-inner\">\n\t\t\t\t\n\t<div id=\"text-503645058\" class=\"text\">\n\t\t\n<p>Tamanho t\u00edpico (para CF25-45)<br \/>\n\t\t\n<style>\n#text-503645058 {\n  text-align: center;\n}\n<\/style>\n\t<\/div>\n\t\n\t\t\t<\/div>\n\t\t<\/div>\n\t<\/div>\n\t\n\t\t<\/div>\n\t\t\t\t\n<style>\n#col-1309076869 > .col-inner {\n  padding: 10px 10px 10px 10px;\n}\n<\/style>\n\t<\/div>\n\n\t\n<\/div>\n<h3><strong>Fotos:<\/strong><\/h3>\n\t<div class=\"img has-hover x md-x lg-x y md-y lg-y\" id=\"image_1483752103\">\n\t\t\t\t\t\t\t\t<div class=\"img-inner dark\" >\n\t\t\t<img loading=\"lazy\" decoding=\"async\" width=\"1024\" height=\"898\" src=\"https:\/\/lysinterfilter.com\/wp-content\/uploads\/2024\/06\/bf.jpg\" class=\"attachment-original size-original\" alt=\"\" srcset=\"https:\/\/lysinterfilter.com\/wp-content\/uploads\/2024\/06\/bf.jpg 1024w, https:\/\/lysinterfilter.com\/wp-content\/uploads\/2024\/06\/bf-300x263.jpg 300w, https:\/\/lysinterfilter.com\/wp-content\/uploads\/2024\/06\/bf-768x674.jpg 768w, https:\/\/lysinterfilter.com\/wp-content\/uploads\/2024\/06\/bf-14x12.jpg 14w, https:\/\/lysinterfilter.com\/wp-content\/uploads\/2024\/06\/bf-600x526.jpg 600w\" sizes=\"auto, (max-width: 1024px) 100vw, 1024px\" \/>\t\t\t\t\t\t\n\t\t\t\t\t<\/div>\n\t\t\t\t\t\t\t\t\n<style>\n#image_1483752103 {\n  width: 100%;\n}\n<\/style>\n\t<\/div>\n\t\n<h3><strong>Informa\u00e7\u00f5es do pedido:<\/strong><\/h3>\n<div style=\"overflow: auto;\">\n<div style=\"overflow: auto;\">\n<div style=\"overflow: auto;\">\n<div style=\"overflow: auto;\">\n<table border=\"\u201d1\u2033\" width=\"\u201d3000px\u201d\" align=\"\u201dcenter\u201d\">\n<tbody>\n<tr style=\"background-color: #f2f2f2;\">\n<th style=\"border: 1px solid #dddddd; padding: 8px;\">Gato. #<\/th>\n<th style=\"border: 1px solid #dddddd; padding: 8px;\">Di\u00e2metro<\/th>\n<th style=\"border: 1px solid #dddddd; padding: 8px;\">Grossura<\/th>\n<th style=\"border: 1px solid #dddddd; padding: 8px;\">Uso<\/th>\n<th style=\"border: 1px solid #dddddd; padding: 8px;\">Qtd.<\/th>\n<\/tr>\n<tr style=\"background-color: #f2f2f2;\">\n<td style=\"border: 1px solid #dddddd; padding: 8px;\">LY-CF25-45<\/td>\n<td style=\"border: 1px solid #dddddd; padding: 8px;\">2,5 mil\u00edmetros<\/td>\n<td style=\"border: 1px solid #dddddd; padding: 8px;\">4,5 mil\u00edmetros<\/td>\n<td style=\"border: 1px solid #dddddd; padding: 8px;\">Para amostradores de sangue arterial<\/td>\n<td style=\"border: 1px solid #dddddd; padding: 8px;\">10.000 PCS\/Caixa<\/td>\n<\/tr>\n<tr>\n<td style=\"border: 1px solid #dddddd; padding: 8px;\">Filtros personalizados<\/td>\n<\/tr>\n<\/tbody>\n<\/table>\n<\/div>\n<\/div>\n<\/div>\n<\/div>\n\t\t<\/div>\n\t\t\t\t\t<\/div>\n\n\t\n\n\t<div id=\"col-815755054\" class=\"col small-12 large-12\"  >\n\t\t\t\t<div class=\"col-inner\"  >\n\t\t\t\n\t\t\t\n<h2>Aplicativo<\/h2>\n\t<div class=\"img has-hover x md-x lg-x y md-y lg-y\" id=\"image_2057436605\">\n\t\t\t\t\t\t\t\t<div class=\"img-inner dark\" >\n\t\t\t<img loading=\"lazy\" decoding=\"async\" width=\"750\" height=\"350\" src=\"https:\/\/lysinterfilter.com\/wp-content\/uploads\/2024\/06\/Application.webp\" class=\"attachment-original size-original\" alt=\"\" srcset=\"https:\/\/lysinterfilter.com\/wp-content\/uploads\/2024\/06\/Application.webp 750w, https:\/\/lysinterfilter.com\/wp-content\/uploads\/2024\/06\/Application-300x140.webp 300w, https:\/\/lysinterfilter.com\/wp-content\/uploads\/2024\/06\/Application-18x8.webp 18w, https:\/\/lysinterfilter.com\/wp-content\/uploads\/2024\/06\/Application-600x280.webp 600w\" sizes=\"auto, (max-width: 750px) 100vw, 750px\" \/>\t\t\t\t\t\t\n\t\t\t\t\t<\/div>\n\t\t\t\t\t\t\t\t\n<style>\n#image_2057436605 {\n  width: 100%;\n}\n<\/style>\n\t<\/div>\n\t\n<p>A.Ind\u00fastria Farmac\u00eautica<\/p>\n<p>(1)Grande infus\u00e3o de \u00e1gua, descarboniza\u00e7\u00e3o de intermedi\u00e1rios farmac\u00eauticos<\/p>\n<p>filtra\u00e7\u00e3o; caldo de fermenta\u00e7\u00e3o, l\u00edquido oral<\/p>\n<p>(2)Carv\u00e3o ativado em p\u00f3 com filtro de descolora\u00e7\u00e3o (l\u00edquido medicinal<\/p>\n<p>glicose,antibi\u00f3ticos,medicina sint\u00e9tica,prepara\u00e7\u00e3o,fitoterapia chinesa<\/p>\n<p>l\u00edquido, etc.)<\/p>\n<p>(3)L\u00edquido de inje\u00e7\u00e3o<\/p>\n<p>(4)Filtro de ar de inje\u00e7\u00e3o<\/p>\n<p>(5)\u00c1gua para lavagem de garrafas de inje\u00e7\u00e3o<\/p>\n<p>(6) Filtragem de bebidas alco\u00f3licas medicinais<\/p>\n<p>B.Ind\u00fastria Qu\u00edmica<\/p>\n<p>(1)Filtragem e lavagem de hidr\u00f3xido de alum\u00ednio<\/p>\n<p>(2)Filtragem e lavagem do catalisador de pal\u00e1dio<\/p>\n<p>(3)Filtragem e lavagem de f\u00f3sforo<\/p>\n<p>(4)Filtragem de carbonato de zinco<\/p>\n<p>(5)Filtragem de solu\u00e7\u00e3o de carbonato de s\u00f3dio<\/p>\n<p>(6) Filtragem e lavagem de sulfato de b\u00e1rio<\/p>\n<p>(7)Filtragem e lavagem de sulfeto de c\u00e1dmio<\/p>\n<p>C. Ind\u00fastria qu\u00edmica de fibras e t\u00eaxteis<\/p>\n<p>(1)Filtragem por banho \u00e1cido<\/p>\n<p>(2) Filtra\u00e7\u00e3o de purifica\u00e7\u00e3o de enxofre e \u00e1cido acr\u00edlico<\/p>\n<p>(3) Filtra\u00e7\u00e3o de precis\u00e3o de \u00e1gua de seda<\/p>\n<p>D.Ind\u00fastria leve e ind\u00fastria aliment\u00edcia<\/p>\n<p>(1) Filtra\u00e7\u00e3o de xarope<\/p>\n<p>(2) Filtragem de bebidas<\/p>\n<p>(3)Filtragem de vinho e aguardente<\/p>\n<p>(4)Filtragem de precis\u00e3o de \u00f3leo vegetal<\/p>\n<p>(5)Filtragem de \u00f3leo essencial<\/p>\n<p>(6)Filtragem de \u00e1gua mineral<\/p>\n<p>E.M\u00e1quinas e ind\u00fastria de petr\u00f3leo<\/p>\n<p>(1) Filtra\u00e7\u00e3o de solu\u00e7\u00e3o de galvanoplastia<\/p>\n<p>(2)Filtragem de precis\u00e3o de fluido de limpeza de motor de combust\u00e3o interna<\/p>\n<p>(3)Filtragem de lavagem de campos petrol\u00edferos<\/p>\n<p>(4)Equipamento de \u00e1gua ultrapura para ind\u00fastria el\u00e9trica<\/p>\n<p>F.Tratamento de \u00e1guas residuais<\/p>\n<p>(1)Tratamento de \u00e1guas residuais com hidr\u00f3xido de pot\u00e1ssio pesado<\/p>\n<p>(2)Tratamento de \u00e1guas residuais com mistura de metais pesados<\/p>\n<p>(3)Tratamento qu\u00edmico de \u00e1guas residuais<\/p>\n<p>(4)Tratamento de \u00e1guas residuais cer\u00e2micas<\/p>\n<p>(5)Tratamento de \u00e1guas residuais contendo alum\u00ednio<\/p>\n<p>(6)Outros tratamentos de \u00e1guas residuais<\/p>\n\t\t<\/div>\n\t\t\t\t\t<\/div>\n\n\t\n\n\t<div id=\"col-2098654696\" class=\"col small-12 large-12\"  >\n\t\t\t\t<div class=\"col-inner\"  >\n\t\t\t\n\t\t\t\n<h2>Certifica\u00e7\u00f5es<\/h2>\n\t<div class=\"img has-hover x md-x lg-x y md-y lg-y\" id=\"image_49201926\">\n\t\t\t\t\t\t\t\t<div class=\"img-inner dark\" >\n\t\t\t<img loading=\"lazy\" decoding=\"async\" width=\"750\" height=\"450\" src=\"https:\/\/lysinterfilter.com\/wp-content\/uploads\/2024\/06\/Certifications.webp\" class=\"attachment-original size-original\" alt=\"\" srcset=\"https:\/\/lysinterfilter.com\/wp-content\/uploads\/2024\/06\/Certifications.webp 750w, https:\/\/lysinterfilter.com\/wp-content\/uploads\/2024\/06\/Certifications-300x180.webp 300w, https:\/\/lysinterfilter.com\/wp-content\/uploads\/2024\/06\/Certifications-18x12.webp 18w, https:\/\/lysinterfilter.com\/wp-content\/uploads\/2024\/06\/Certifications-600x360.webp 600w\" sizes=\"auto, (max-width: 750px) 100vw, 750px\" \/>\t\t\t\t\t\t\n\t\t\t\t\t<\/div>\n\t\t\t\t\t\t\t\t\n<style>\n#image_49201926 {\n  width: 100%;\n}\n<\/style>\n\t<\/div>\n\t\n\t\t<\/div>\n\t\t\t\t\t<\/div>\n\n\t\n<\/div>","protected":false},"excerpt":{"rendered":"<ul>\n<li>Quantidade m\u00ednima:<span id=\"dr_show_hits_179\">1 unidade<\/span><\/li>\n<li>Personalizado: Aceito<\/li>\n<li>Brand\uff1aOEM<\/li>\n<li>Tempo de entrega: dentro de 7 dias<\/li>\n<li>Certifica\u00e7\u00e3o: CE;ISO 9001<\/li>\n<li>Enviar e-mail:<\/li>\n<li><a href=\"mailto:info@lysinterfilter.com\">info@lysinterfilter.com<\/a><\/li>\n<\/ul>","protected":false},"featured_media":2690,"template":"","meta":[],"product_brand":[],"product_cat":[40],"product_tag":[],"class_list":{"0":"post-2035","1":"product","2":"type-product","3":"status-publish","4":"has-post-thumbnail","6":"product_cat-medical-filters","8":"first","9":"instock","10":"shipping-taxable","11":"product-type-simple"},"yoast_head":"<!-- This site is optimized with the Yoast SEO plugin v27.2 - https:\/\/yoast.com\/product\/yoast-seo-wordpress\/ -->\n<title>Self-Sealing Filter for Arterial Blood Samplers - Porous Plastic Filter Manufacturer China<\/title>\n<meta name=\"description\" content=\"Discover the benefits of our self-sealing filters, designed for easy installation and superior filtration. Ensure airtight seals and reliable performance in various applications with our innovative self-sealing filters. Choose quality and convenience today.\" \/>\n<meta name=\"robots\" content=\"index, follow, max-snippet:-1, max-image-preview:large, max-video-preview:-1\" \/>\n<link rel=\"canonical\" href=\"https:\/\/lysinterfilter.com\/pt\/manufacturer\/self-sealing-filter\/\" \/>\n<meta property=\"og:locale\" content=\"pt_BR\" \/>\n<meta property=\"og:type\" content=\"article\" \/>\n<meta property=\"og:title\" content=\"Self-Sealing Filter for Arterial Blood Samplers - Porous Plastic Filter Manufacturer China\" \/>\n<meta property=\"og:description\" content=\"Discover the benefits of our self-sealing filters, designed for easy installation and superior filtration. Ensure airtight seals and reliable performance in various applications with our innovative self-sealing filters. Choose quality and convenience today.\" \/>\n<meta property=\"og:url\" content=\"https:\/\/lysinterfilter.com\/pt\/manufacturer\/self-sealing-filter\/\" \/>\n<meta property=\"og:site_name\" content=\"Porous Plastic Filter Manufacturer China\" \/>\n<meta property=\"article:modified_time\" content=\"2026-02-28T06:13:46+00:00\" \/>\n<meta property=\"og:image\" content=\"https:\/\/lysinterfilter.com\/wp-content\/uploads\/2024\/06\/bf.jpg\" \/>\n\t<meta property=\"og:image:width\" content=\"1024\" \/>\n\t<meta property=\"og:image:height\" content=\"898\" \/>\n\t<meta property=\"og:image:type\" content=\"image\/jpeg\" \/>\n<meta name=\"twitter:card\" content=\"summary_large_image\" \/>\n<meta name=\"twitter:label1\" content=\"Est. tempo de leitura\" \/>\n\t<meta name=\"twitter:data1\" content=\"2 minutos\" \/>\n<script type=\"application\/ld+json\" class=\"yoast-schema-graph\">{\"@context\":\"https:\/\/schema.org\",\"@graph\":[{\"@type\":\"WebPage\",\"@id\":\"https:\/\/lysinterfilter.com\/manufacturer\/self-sealing-filter\/\",\"url\":\"https:\/\/lysinterfilter.com\/manufacturer\/self-sealing-filter\/\",\"name\":\"Self-Sealing Filter for Arterial Blood Samplers - Porous Plastic Filter Manufacturer China\",\"isPartOf\":{\"@id\":\"https:\/\/lysinterfilter.com\/#website\"},\"primaryImageOfPage\":{\"@id\":\"https:\/\/lysinterfilter.com\/manufacturer\/self-sealing-filter\/#primaryimage\"},\"image\":{\"@id\":\"https:\/\/lysinterfilter.com\/manufacturer\/self-sealing-filter\/#primaryimage\"},\"thumbnailUrl\":\"https:\/\/lysinterfilter.com\/wp-content\/uploads\/2024\/06\/bf.jpg\",\"datePublished\":\"2024-06-11T08:47:16+00:00\",\"dateModified\":\"2026-02-28T06:13:46+00:00\",\"description\":\"Discover the benefits of our self-sealing filters, designed for easy installation and superior filtration. Ensure airtight seals and reliable performance in various applications with our innovative self-sealing filters. Choose quality and convenience today.\",\"breadcrumb\":{\"@id\":\"https:\/\/lysinterfilter.com\/manufacturer\/self-sealing-filter\/#breadcrumb\"},\"inLanguage\":\"pt-BR\",\"potentialAction\":[{\"@type\":\"ReadAction\",\"target\":[\"https:\/\/lysinterfilter.com\/manufacturer\/self-sealing-filter\/\"]}]},{\"@type\":\"ImageObject\",\"inLanguage\":\"pt-BR\",\"@id\":\"https:\/\/lysinterfilter.com\/manufacturer\/self-sealing-filter\/#primaryimage\",\"url\":\"https:\/\/lysinterfilter.com\/wp-content\/uploads\/2024\/06\/bf.jpg\",\"contentUrl\":\"https:\/\/lysinterfilter.com\/wp-content\/uploads\/2024\/06\/bf.jpg\",\"width\":1024,\"height\":898,\"caption\":\"{\\\"data\\\":{\\\"pictureId\\\":\\\"9f116a5459f14422bda2d5796dc3590a\\\",\\\"appversion\\\":\\\"14.0.0\\\",\\\"stickerId\\\":\\\"\\\",\\\"filterId\\\":\\\"\\\",\\\"infoStickerId\\\":\\\"\\\",\\\"imageEffectId\\\":\\\"\\\",\\\"playId\\\":\\\"\\\",\\\"activityName\\\":\\\"\\\",\\\"os\\\":\\\"android\\\",\\\"product\\\":\\\"retouch\\\",\\\"originAppId\\\":\\\"2515\\\",\\\"exportType\\\":\\\"\\\",\\\"editType\\\":\\\"\\\",\\\"alias\\\":\\\"\\\",\\\"enterFrom\\\":\\\"enter_launch\\\",\\\"capability_key\\\":[\\\"erase\\\"],\\\"capability_extra_v2\\\":{\\\"erase\\\":[{\\\"panel\\\":\\\"eliminatePen\\\"}]},\\\"effect_type\\\":\\\"tool\\\",\\\"effect_id\\\":\\\"erase\\\"},\\\"source_type\\\":\\\"douyin_beauty_me\\\"}\"},{\"@type\":\"BreadcrumbList\",\"@id\":\"https:\/\/lysinterfilter.com\/manufacturer\/self-sealing-filter\/#breadcrumb\",\"itemListElement\":[{\"@type\":\"ListItem\",\"position\":1,\"name\":\"Home\",\"item\":\"https:\/\/lysinterfilter.com\/\"},{\"@type\":\"ListItem\",\"position\":2,\"name\":\"Products\",\"item\":\"https:\/\/lysinterfilter.com\/shop\/\"},{\"@type\":\"ListItem\",\"position\":3,\"name\":\"Self-Sealing Filter for Arterial Blood Samplers\"}]},{\"@type\":\"WebSite\",\"@id\":\"https:\/\/lysinterfilter.com\/#website\",\"url\":\"https:\/\/lysinterfilter.com\/\",\"name\":\"Porous Plastic Filter Manufacturer China\",\"description\":\"\",\"potentialAction\":[{\"@type\":\"SearchAction\",\"target\":{\"@type\":\"EntryPoint\",\"urlTemplate\":\"https:\/\/lysinterfilter.com\/?s={search_term_string}\"},\"query-input\":{\"@type\":\"PropertyValueSpecification\",\"valueRequired\":true,\"valueName\":\"search_term_string\"}}],\"inLanguage\":\"pt-BR\"}]}<\/script>\n<!-- \/ Yoast SEO plugin. -->","yoast_head_json":{"title":"Self-Sealing Filter for Arterial Blood Samplers - Porous Plastic Filter Manufacturer China","description":"Descubra os benef\u00edcios dos nossos filtros autovedantes, projetados para f\u00e1cil instala\u00e7\u00e3o e filtragem superior. Garanta veda\u00e7\u00f5es herm\u00e9ticas e desempenho confi\u00e1vel em v\u00e1rias aplica\u00e7\u00f5es com nossos inovadores filtros autovedantes. Escolha qualidade e conveni\u00eancia hoje.","robots":{"index":"index","follow":"follow","max-snippet":"max-snippet:-1","max-image-preview":"max-image-preview:large","max-video-preview":"max-video-preview:-1"},"canonical":"https:\/\/lysinterfilter.com\/pt\/manufacturer\/self-sealing-filter\/","og_locale":"pt_BR","og_type":"article","og_title":"Self-Sealing Filter for Arterial Blood Samplers - Porous Plastic Filter Manufacturer China","og_description":"Discover the benefits of our self-sealing filters, designed for easy installation and superior filtration. Ensure airtight seals and reliable performance in various applications with our innovative self-sealing filters. Choose quality and convenience today.","og_url":"https:\/\/lysinterfilter.com\/pt\/manufacturer\/self-sealing-filter\/","og_site_name":"Porous Plastic Filter Manufacturer China","article_modified_time":"2026-02-28T06:13:46+00:00","og_image":[{"width":1024,"height":898,"url":"https:\/\/lysinterfilter.com\/wp-content\/uploads\/2024\/06\/bf.jpg","type":"image\/jpeg"}],"twitter_card":"summary_large_image","twitter_misc":{"Est. tempo de leitura":"2 minutos"},"schema":{"@context":"https:\/\/schema.org","@graph":[{"@type":"WebPage","@id":"https:\/\/lysinterfilter.com\/manufacturer\/self-sealing-filter\/","url":"https:\/\/lysinterfilter.com\/manufacturer\/self-sealing-filter\/","name":"Self-Sealing Filter for Arterial Blood Samplers - Porous Plastic Filter Manufacturer China","isPartOf":{"@id":"https:\/\/lysinterfilter.com\/#website"},"primaryImageOfPage":{"@id":"https:\/\/lysinterfilter.com\/manufacturer\/self-sealing-filter\/#primaryimage"},"image":{"@id":"https:\/\/lysinterfilter.com\/manufacturer\/self-sealing-filter\/#primaryimage"},"thumbnailUrl":"https:\/\/lysinterfilter.com\/wp-content\/uploads\/2024\/06\/bf.jpg","datePublished":"2024-06-11T08:47:16+00:00","dateModified":"2026-02-28T06:13:46+00:00","description":"Descubra os benef\u00edcios dos nossos filtros autovedantes, projetados para f\u00e1cil instala\u00e7\u00e3o e filtragem superior. Garanta veda\u00e7\u00f5es herm\u00e9ticas e desempenho confi\u00e1vel em v\u00e1rias aplica\u00e7\u00f5es com nossos inovadores filtros autovedantes. Escolha qualidade e conveni\u00eancia hoje.","breadcrumb":{"@id":"https:\/\/lysinterfilter.com\/manufacturer\/self-sealing-filter\/#breadcrumb"},"inLanguage":"pt-BR","potentialAction":[{"@type":"ReadAction","target":["https:\/\/lysinterfilter.com\/manufacturer\/self-sealing-filter\/"]}]},{"@type":"ImageObject","inLanguage":"pt-BR","@id":"https:\/\/lysinterfilter.com\/manufacturer\/self-sealing-filter\/#primaryimage","url":"https:\/\/lysinterfilter.com\/wp-content\/uploads\/2024\/06\/bf.jpg","contentUrl":"https:\/\/lysinterfilter.com\/wp-content\/uploads\/2024\/06\/bf.jpg","width":1024,"height":898,"caption":"{\"data\":{\"pictureId\":\"9f116a5459f14422bda2d5796dc3590a\",\"appversion\":\"14.0.0\",\"stickerId\":\"\",\"filterId\":\"\",\"infoStickerId\":\"\",\"imageEffectId\":\"\",\"playId\":\"\",\"activityName\":\"\",\"os\":\"android\",\"product\":\"retouch\",\"originAppId\":\"2515\",\"exportType\":\"\",\"editType\":\"\",\"alias\":\"\",\"enterFrom\":\"enter_launch\",\"capability_key\":[\"erase\"],\"capability_extra_v2\":{\"erase\":[{\"panel\":\"eliminatePen\"}]},\"effect_type\":\"tool\",\"effect_id\":\"erase\"},\"source_type\":\"douyin_beauty_me\"}"},{"@type":"BreadcrumbList","@id":"https:\/\/lysinterfilter.com\/manufacturer\/self-sealing-filter\/#breadcrumb","itemListElement":[{"@type":"ListItem","position":1,"name":"Home","item":"https:\/\/lysinterfilter.com\/"},{"@type":"ListItem","position":2,"name":"Products","item":"https:\/\/lysinterfilter.com\/shop\/"},{"@type":"ListItem","position":3,"name":"Self-Sealing Filter for Arterial Blood Samplers"}]},{"@type":"WebSite","@id":"https:\/\/lysinterfilter.com\/#website","url":"https:\/\/lysinterfilter.com\/","name":"Porous Plastic Filter Manufacturer China","description":"","potentialAction":[{"@type":"SearchAction","target":{"@type":"EntryPoint","urlTemplate":"https:\/\/lysinterfilter.com\/?s={search_term_string}"},"query-input":{"@type":"PropertyValueSpecification","valueRequired":true,"valueName":"search_term_string"}}],"inLanguage":"pt-BR"}]}},"_links":{"self":[{"href":"https:\/\/lysinterfilter.com\/pt\/wp-json\/wp\/v2\/product\/2035","targetHints":{"allow":["GET"]}}],"collection":[{"href":"https:\/\/lysinterfilter.com\/pt\/wp-json\/wp\/v2\/product"}],"about":[{"href":"https:\/\/lysinterfilter.com\/pt\/wp-json\/wp\/v2\/types\/product"}],"wp:featuredmedia":[{"embeddable":true,"href":"https:\/\/lysinterfilter.com\/pt\/wp-json\/wp\/v2\/media\/2690"}],"wp:attachment":[{"href":"https:\/\/lysinterfilter.com\/pt\/wp-json\/wp\/v2\/media?parent=2035"}],"wp:term":[{"taxonomy":"product_brand","embeddable":true,"href":"https:\/\/lysinterfilter.com\/pt\/wp-json\/wp\/v2\/product_brand?post=2035"},{"taxonomy":"product_cat","embeddable":true,"href":"https:\/\/lysinterfilter.com\/pt\/wp-json\/wp\/v2\/product_cat?post=2035"},{"taxonomy":"product_tag","embeddable":true,"href":"https:\/\/lysinterfilter.com\/pt\/wp-json\/wp\/v2\/product_tag?post=2035"}],"curies":[{"name":"wp","href":"https:\/\/api.w.org\/{rel}","templated":true}]}}