{"id":1991,"date":"2024-06-11T07:11:26","date_gmt":"2024-06-11T07:11:26","guid":{"rendered":"https:\/\/lysinterfilter.com\/?post_type=product&#038;p=1991"},"modified":"2026-02-28T09:04:22","modified_gmt":"2026-02-28T09:04:22","slug":"pe-sintered-plate","status":"publish","type":"product","link":"https:\/\/lysinterfilter.com\/pt\/manufacturer\/pe-sintered-plate\/","title":{"rendered":"Placa sinterizada de PE, disco sinterizado de PE"},"content":{"rendered":"<div class=\"row\"  id=\"row-137237065\">\n\n\t<div id=\"col-466105714\" class=\"col small-12 large-12\"  >\n\t\t\t\t<div class=\"col-inner\"  >\n\t\t\t\n\t\t\t\n<h3>Detalhes do produto<\/h3>\n<p>The fluidized plate and filter plate are made of ultra-high molecular weight polyethylene or Polypropylene material<\/p>\n<p>through high-temperature and high-pressure sintering, there are two shapes: round and square or other shapes.<\/p>\n<p>They can be customized according to customer requirements. Because of its fixed shape (free choice) and uniform<\/p>\n<p>pore size, it is often used as a gas distribution plate in powder operations. It plays a decisive role in the control of<\/p>\n<p>gas distribution, the transmission and fluidization of powder materials, and is used in industrial processes. It has a<\/p>\n<p>very wide range of applications; it is used as a supporting plate for dispersing porous solids in liquid-solid separation (ion exchange columns, chromatography columns, etc.). In addition, polymer composite materials have the<\/p>\n<p>characteristics of antistatic voltage, so filter plates are also widely used in electrostatic powder spraying, electrostatic generator barrels and fluidized bed devices. The surface of the filter plate is sprayed with PTFE coating,<\/p>\n<p>penetrates into the matrix of the polymer filter plate, and forms an ultra-fine micro porous structure with it, so that<\/p>\n<p>the filter plate has good chemical stability, large filtration area, high pore precision, uniform airflow distribution, and<\/p>\n<p>low resistance loss. Small size, superior flow air distribution performance and so on.<\/p>\n\t\t<\/div>\n\t\t\t\t\t<\/div>\n\n\t\n\n\t<div id=\"col-115045463\" class=\"col small-12 large-12\"  >\n\t\t\t\t<div class=\"col-inner\"  >\n\t\t\t\n\t\t\t\n<h3><strong>DESEMPENHO DO PRODUTO<\/strong><\/h3>\n<p>Uniform distribution of filter pore size, good fluidity, resistant to strong acid,<\/p>\n<p>alkali, salt and most organic solvents, easy to back flush, high regeneration<\/p>\n<p>efficiency.<\/p>\n<p>The temperature resistance of PE material is 80\u00b0C, and the temperature<\/p>\n<p>resistance of PA material is 120\u00b0C. It is non-toxic, tasteless, and has no<\/p>\n<p>medium shedding. It has excellent mechanical properties and is not easy to<\/p>\n<p>damage. The raw material meets the requirements of GMP and FDA, does<\/p>\n<p>not use adhesives, and has a wide range of chemical compatibility.<\/p>\n\t\t<\/div>\n\t\t\t\t\t<\/div>\n\n\t\n\n\t<div id=\"col-1933158409\" class=\"col small-12 large-12\"  >\n\t\t\t\t<div class=\"col-inner\"  >\n\t\t\t\n\t\t\t\n<h3><strong>PAR\u00c2METROS T\u00c9CNICOS<\/strong><\/h3>\n<p>Temperatura de trabalho: PE\u226480\u00b0C<\/p>\n<p>Press\u00e3o de trabalho: 0,1 MPa-0,6 MPa<\/p>\n<p>Filtration precision: 0.2\u03bcm-100\u03bcm<\/p>\n\t\t<\/div>\n\t\t\t\t\t<\/div>\n\n\t\n\n\t<div id=\"col-163490077\" class=\"col small-12 large-12\"  >\n\t\t\t\t<div class=\"col-inner\"  >\n\t\t\t\n\t\t\t\n<h3><strong>Fotos:<\/strong><\/h3>\n\t<div class=\"img has-hover x md-x lg-x y md-y lg-y\" id=\"image_1606537590\">\n\t\t\t\t\t\t\t\t<div class=\"img-inner dark\" >\n\t\t\t<img loading=\"lazy\" decoding=\"async\" width=\"1024\" height=\"600\" src=\"https:\/\/lysinterfilter.com\/wp-content\/uploads\/2024\/06\/dic10.jpg\" class=\"attachment-original size-original\" alt=\"\" srcset=\"https:\/\/lysinterfilter.com\/wp-content\/uploads\/2024\/06\/dic10.jpg 1024w, https:\/\/lysinterfilter.com\/wp-content\/uploads\/2024\/06\/dic10-300x176.jpg 300w, https:\/\/lysinterfilter.com\/wp-content\/uploads\/2024\/06\/dic10-768x450.jpg 768w, https:\/\/lysinterfilter.com\/wp-content\/uploads\/2024\/06\/dic10-18x12.jpg 18w, https:\/\/lysinterfilter.com\/wp-content\/uploads\/2024\/06\/dic10-600x352.jpg 600w\" sizes=\"auto, (max-width: 1024px) 100vw, 1024px\" \/>\t\t\t\t\t\t\n\t\t\t\t\t<\/div>\n\t\t\t\t\t\t\t\t\n<style>\n#image_1606537590 {\n  width: 100%;\n}\n<\/style>\n\t<\/div>\n\t\n<p><strong>*Existing Specification<\/strong><\/p>\n\t<div class=\"img has-hover x md-x lg-x y md-y lg-y\" id=\"image_2128860675\">\n\t\t\t\t\t\t\t\t<div class=\"img-inner dark\" >\n\t\t\t<img loading=\"lazy\" decoding=\"async\" width=\"1008\" height=\"303\" src=\"https:\/\/lysinterfilter.com\/wp-content\/uploads\/2024\/06\/67.webp\" class=\"attachment-original size-original\" alt=\"\" srcset=\"https:\/\/lysinterfilter.com\/wp-content\/uploads\/2024\/06\/67.webp 1008w, https:\/\/lysinterfilter.com\/wp-content\/uploads\/2024\/06\/67-300x90.webp 300w, https:\/\/lysinterfilter.com\/wp-content\/uploads\/2024\/06\/67-768x231.webp 768w, https:\/\/lysinterfilter.com\/wp-content\/uploads\/2024\/06\/67-18x5.webp 18w, https:\/\/lysinterfilter.com\/wp-content\/uploads\/2024\/06\/67-600x180.webp 600w\" sizes=\"auto, (max-width: 1008px) 100vw, 1008px\" \/>\t\t\t\t\t\t\n\t\t\t\t\t<\/div>\n\t\t\t\t\t\t\t\t\n<style>\n#image_2128860675 {\n  width: 100%;\n}\n<\/style>\n\t<\/div>\n\t\n\t\t<\/div>\n\t\t\t\t\t<\/div>\n\n\t\n\n\t<div id=\"col-36826797\" class=\"col small-12 large-12\"  >\n\t\t\t\t<div class=\"col-inner\"  >\n\t\t\t\n\t\t\t\n<h3>Aplicativo<\/h3>\n\t<div class=\"img has-hover x md-x lg-x y md-y lg-y\" id=\"image_885937027\">\n\t\t\t\t\t\t\t\t<div class=\"img-inner dark\" >\n\t\t\t<img loading=\"lazy\" decoding=\"async\" width=\"750\" height=\"350\" src=\"https:\/\/lysinterfilter.com\/wp-content\/uploads\/2024\/06\/Application.webp\" class=\"attachment-original size-original\" alt=\"\" srcset=\"https:\/\/lysinterfilter.com\/wp-content\/uploads\/2024\/06\/Application.webp 750w, https:\/\/lysinterfilter.com\/wp-content\/uploads\/2024\/06\/Application-300x140.webp 300w, https:\/\/lysinterfilter.com\/wp-content\/uploads\/2024\/06\/Application-18x8.webp 18w, https:\/\/lysinterfilter.com\/wp-content\/uploads\/2024\/06\/Application-600x280.webp 600w\" sizes=\"auto, (max-width: 750px) 100vw, 750px\" \/>\t\t\t\t\t\t\n\t\t\t\t\t<\/div>\n\t\t\t\t\t\t\t\t\n<style>\n#image_885937027 {\n  width: 100%;\n}\n<\/style>\n\t<\/div>\n\t\n<p>A.Ind\u00fastria Farmac\u00eautica<\/p>\n<p>(1) Grande infus\u00e3o de \u00e1gua, filtra\u00e7\u00e3o de descarboniza\u00e7\u00e3o de intermedi\u00e1rios farmac\u00eauticos; caldo de fermenta\u00e7\u00e3o, l\u00edquido oral<\/p>\n<p>(2) Carv\u00e3o ativado em p\u00f3 com filtro de descolora\u00e7\u00e3o (glicose l\u00edquida medicinal, antibi\u00f3ticos, medicamentos sint\u00e9ticos, prepara\u00e7\u00e3o, l\u00edquido de fitoterapia chinesa, etc.)<\/p>\n<p>(3)L\u00edquido de inje\u00e7\u00e3o<\/p>\n<p>(4)Filtro de ar de inje\u00e7\u00e3o<\/p>\n<p>(5)\u00c1gua para lavagem de garrafas de inje\u00e7\u00e3o<\/p>\n<p>(6) Filtragem de bebidas alco\u00f3licas medicinais<\/p>\n<p>B.Ind\u00fastria Qu\u00edmica<\/p>\n<p>(1)Filtragem e lavagem de hidr\u00f3xido de alum\u00ednio<\/p>\n<p>(2)Filtragem e lavagem do catalisador de pal\u00e1dio<\/p>\n<p>(3)Filtragem e lavagem de f\u00f3sforo<\/p>\n<p>(4)Filtragem de carbonato de zinco<\/p>\n<p>(5)Filtragem de solu\u00e7\u00e3o de carbonato de s\u00f3dio<\/p>\n<p>(6) Filtragem e lavagem de sulfato de b\u00e1rio<\/p>\n<p>(7)Filtragem e lavagem de sulfeto de c\u00e1dmio<\/p>\n<p>C. Ind\u00fastria qu\u00edmica de fibras e t\u00eaxteis<\/p>\n<p>(1)Filtragem por banho \u00e1cido<\/p>\n<p>(2) Filtra\u00e7\u00e3o de purifica\u00e7\u00e3o de enxofre e \u00e1cido acr\u00edlico<\/p>\n<p>(3) Filtra\u00e7\u00e3o de precis\u00e3o de \u00e1gua de seda<\/p>\n<p>D.Ind\u00fastria leve e ind\u00fastria aliment\u00edcia<\/p>\n<p>(1) Filtra\u00e7\u00e3o de xarope<\/p>\n<p>(2) Filtragem de bebidas<\/p>\n<p>(3)Filtragem de vinho e aguardente<\/p>\n<p>(4)Filtragem de precis\u00e3o de \u00f3leo vegetal<\/p>\n<p>(5)Filtragem de \u00f3leo essencial<\/p>\n<p>(6)Filtragem de \u00e1gua mineral<\/p>\n<p>E.M\u00e1quinas e ind\u00fastria de petr\u00f3leo<\/p>\n<p>(1) Filtra\u00e7\u00e3o de solu\u00e7\u00e3o de galvanoplastia<\/p>\n<p>(2)Filtragem de precis\u00e3o de fluido de limpeza de motor de combust\u00e3o interna<\/p>\n<p>(3)Filtragem de lavagem de campos petrol\u00edferos<\/p>\n<p>(4)Equipamento de \u00e1gua ultrapura para ind\u00fastria el\u00e9trica<\/p>\n<p>F.Tratamento de \u00e1guas residuais<\/p>\n<p>(1)Tratamento de \u00e1guas residuais com hidr\u00f3xido de pot\u00e1ssio pesado<\/p>\n<p>(2)Tratamento de \u00e1guas residuais com mistura de metais pesados<\/p>\n<p>(3)Tratamento qu\u00edmico de \u00e1guas residuais<\/p>\n<p>(4)Tratamento de \u00e1guas residuais cer\u00e2micas<\/p>\n<p>(5)Tratamento de \u00e1guas residuais contendo alum\u00ednio<\/p>\n<p>(6)Outros tratamentos de \u00e1guas residuais<\/p>\n\t\t<\/div>\n\t\t\t\t\t<\/div>\n\n\t\n\n\t<div id=\"col-431733958\" class=\"col small-12 large-12\"  >\n\t\t\t\t<div class=\"col-inner\"  >\n\t\t\t\n\t\t\t\n<h3>Certifica\u00e7\u00f5es<\/h3>\n\t<div class=\"img has-hover x md-x lg-x y md-y lg-y\" id=\"image_1634618574\">\n\t\t\t\t\t\t\t\t<div class=\"img-inner dark\" >\n\t\t\t<img loading=\"lazy\" decoding=\"async\" width=\"750\" height=\"450\" src=\"https:\/\/lysinterfilter.com\/wp-content\/uploads\/2024\/06\/Certifications.webp\" class=\"attachment-original size-original\" alt=\"\" srcset=\"https:\/\/lysinterfilter.com\/wp-content\/uploads\/2024\/06\/Certifications.webp 750w, https:\/\/lysinterfilter.com\/wp-content\/uploads\/2024\/06\/Certifications-300x180.webp 300w, https:\/\/lysinterfilter.com\/wp-content\/uploads\/2024\/06\/Certifications-18x12.webp 18w, https:\/\/lysinterfilter.com\/wp-content\/uploads\/2024\/06\/Certifications-600x360.webp 600w\" sizes=\"auto, (max-width: 750px) 100vw, 750px\" \/>\t\t\t\t\t\t\n\t\t\t\t\t<\/div>\n\t\t\t\t\t\t\t\t\n<style>\n#image_1634618574 {\n  width: 100%;\n}\n<\/style>\n\t<\/div>\n\t\n\t\t<\/div>\n\t\t\t\t\t<\/div>\n\n\t\n<\/div>","protected":false},"excerpt":{"rendered":"<ul>\n<li>Quantidade m\u00ednima:<span id=\"dr_show_hits_179\">1 unidade<\/span><\/li>\n<li>Personalizado: Aceito<\/li>\n<li>Brand\uff1aOEM<\/li>\n<li>Tempo de entrega: dentro de 7 dias<\/li>\n<li>Certifica\u00e7\u00e3o: CE;ISO 9001<\/li>\n<li>Enviar e-mail:<\/li>\n<li><a href=\"mailto:info@lysinterfilter.com\">info@lysinterfilter.com<\/a><\/li>\n<\/ul>","protected":false},"featured_media":2713,"template":"","meta":[],"product_brand":[],"product_cat":[15],"product_tag":[],"class_list":{"0":"post-1991","1":"product","2":"type-product","3":"status-publish","4":"has-post-thumbnail","6":"product_cat-pe-sintered-industrialapplication","8":"first","9":"instock","10":"shipping-taxable","11":"product-type-simple"},"yoast_head":"<!-- This site is optimized with the Yoast SEO plugin v27.2 - https:\/\/yoast.com\/product\/yoast-seo-wordpress\/ -->\n<title>PE sintered plate, PE sintered disc - Porous Plastic Filter Manufacturer China<\/title>\n<meta name=\"description\" content=\"Experience superior durability and performance with our PE sintered plates. Ideal for filtration and separation in various industrial applications, these high-quality plates ensure efficient and reliable results. Choose our PE sintered plates for optimal efficiency and long-lasting service.\" \/>\n<meta name=\"robots\" content=\"index, follow, max-snippet:-1, max-image-preview:large, max-video-preview:-1\" \/>\n<link rel=\"canonical\" href=\"https:\/\/lysinterfilter.com\/pt\/manufacturer\/pe-sintered-plate\/\" \/>\n<meta property=\"og:locale\" content=\"pt_BR\" \/>\n<meta property=\"og:type\" content=\"article\" \/>\n<meta property=\"og:title\" content=\"PE sintered plate, PE sintered disc - Porous Plastic Filter Manufacturer China\" \/>\n<meta property=\"og:description\" content=\"Experience superior durability and performance with our PE sintered plates. Ideal for filtration and separation in various industrial applications, these high-quality plates ensure efficient and reliable results. Choose our PE sintered plates for optimal efficiency and long-lasting service.\" \/>\n<meta property=\"og:url\" content=\"https:\/\/lysinterfilter.com\/pt\/manufacturer\/pe-sintered-plate\/\" \/>\n<meta property=\"og:site_name\" content=\"Porous Plastic Filter Manufacturer China\" \/>\n<meta property=\"article:modified_time\" content=\"2026-02-28T09:04:22+00:00\" \/>\n<meta property=\"og:image\" content=\"https:\/\/lysinterfilter.com\/wp-content\/uploads\/2024\/06\/dic1.jpg\" \/>\n\t<meta property=\"og:image:width\" content=\"1024\" \/>\n\t<meta property=\"og:image:height\" content=\"902\" \/>\n\t<meta property=\"og:image:type\" content=\"image\/jpeg\" \/>\n<meta name=\"twitter:card\" content=\"summary_large_image\" \/>\n<meta name=\"twitter:label1\" content=\"Est. tempo de leitura\" \/>\n\t<meta name=\"twitter:data1\" content=\"3 minutos\" \/>\n<script type=\"application\/ld+json\" class=\"yoast-schema-graph\">{\"@context\":\"https:\/\/schema.org\",\"@graph\":[{\"@type\":\"WebPage\",\"@id\":\"https:\/\/lysinterfilter.com\/manufacturer\/pe-sintered-plate\/\",\"url\":\"https:\/\/lysinterfilter.com\/manufacturer\/pe-sintered-plate\/\",\"name\":\"PE sintered plate, PE sintered disc - Porous Plastic Filter Manufacturer China\",\"isPartOf\":{\"@id\":\"https:\/\/lysinterfilter.com\/#website\"},\"primaryImageOfPage\":{\"@id\":\"https:\/\/lysinterfilter.com\/manufacturer\/pe-sintered-plate\/#primaryimage\"},\"image\":{\"@id\":\"https:\/\/lysinterfilter.com\/manufacturer\/pe-sintered-plate\/#primaryimage\"},\"thumbnailUrl\":\"https:\/\/lysinterfilter.com\/wp-content\/uploads\/2024\/06\/dic1.jpg\",\"datePublished\":\"2024-06-11T07:11:26+00:00\",\"dateModified\":\"2026-02-28T09:04:22+00:00\",\"description\":\"Experience superior durability and performance with our PE sintered plates. Ideal for filtration and separation in various industrial applications, these high-quality plates ensure efficient and reliable results. Choose our PE sintered plates for optimal efficiency and long-lasting service.\",\"breadcrumb\":{\"@id\":\"https:\/\/lysinterfilter.com\/manufacturer\/pe-sintered-plate\/#breadcrumb\"},\"inLanguage\":\"pt-BR\",\"potentialAction\":[{\"@type\":\"ReadAction\",\"target\":[\"https:\/\/lysinterfilter.com\/manufacturer\/pe-sintered-plate\/\"]}]},{\"@type\":\"ImageObject\",\"inLanguage\":\"pt-BR\",\"@id\":\"https:\/\/lysinterfilter.com\/manufacturer\/pe-sintered-plate\/#primaryimage\",\"url\":\"https:\/\/lysinterfilter.com\/wp-content\/uploads\/2024\/06\/dic1.jpg\",\"contentUrl\":\"https:\/\/lysinterfilter.com\/wp-content\/uploads\/2024\/06\/dic1.jpg\",\"width\":1024,\"height\":902,\"caption\":\"{\\\"data\\\":{\\\"pictureId\\\":\\\"4ea74dfb3d59407080120df6afe971e0\\\",\\\"appversion\\\":\\\"14.0.0\\\",\\\"stickerId\\\":\\\"\\\",\\\"filterId\\\":\\\"\\\",\\\"infoStickerId\\\":\\\"\\\",\\\"imageEffectId\\\":\\\"\\\",\\\"playId\\\":\\\"\\\",\\\"activityName\\\":\\\"\\\",\\\"os\\\":\\\"android\\\",\\\"product\\\":\\\"retouch\\\",\\\"originAppId\\\":\\\"2515\\\",\\\"exportType\\\":\\\"\\\",\\\"editType\\\":\\\"\\\",\\\"alias\\\":\\\"\\\",\\\"enterFrom\\\":\\\"enter_launch\\\",\\\"capability_key\\\":[\\\"erase\\\"],\\\"capability_extra_v2\\\":{\\\"erase\\\":[{\\\"panel\\\":\\\"eliminatePen\\\"}]},\\\"effect_type\\\":\\\"tool\\\",\\\"effect_id\\\":\\\"erase\\\"},\\\"source_type\\\":\\\"douyin_beauty_me\\\"}\"},{\"@type\":\"BreadcrumbList\",\"@id\":\"https:\/\/lysinterfilter.com\/manufacturer\/pe-sintered-plate\/#breadcrumb\",\"itemListElement\":[{\"@type\":\"ListItem\",\"position\":1,\"name\":\"Home\",\"item\":\"https:\/\/lysinterfilter.com\/\"},{\"@type\":\"ListItem\",\"position\":2,\"name\":\"Products\",\"item\":\"https:\/\/lysinterfilter.com\/shop\/\"},{\"@type\":\"ListItem\",\"position\":3,\"name\":\"PE sintered plate, PE sintered disc\"}]},{\"@type\":\"WebSite\",\"@id\":\"https:\/\/lysinterfilter.com\/#website\",\"url\":\"https:\/\/lysinterfilter.com\/\",\"name\":\"Porous Plastic Filter Manufacturer China\",\"description\":\"\",\"potentialAction\":[{\"@type\":\"SearchAction\",\"target\":{\"@type\":\"EntryPoint\",\"urlTemplate\":\"https:\/\/lysinterfilter.com\/?s={search_term_string}\"},\"query-input\":{\"@type\":\"PropertyValueSpecification\",\"valueRequired\":true,\"valueName\":\"search_term_string\"}}],\"inLanguage\":\"pt-BR\"}]}<\/script>\n<!-- \/ Yoast SEO plugin. -->","yoast_head_json":{"title":"PE sintered plate, PE sintered disc - Porous Plastic Filter Manufacturer China","description":"Experience superior durability and performance with our PE sintered plates. Ideal for filtration and separation in various industrial applications, these high-quality plates ensure efficient and reliable results. Choose our PE sintered plates for optimal efficiency and long-lasting service.","robots":{"index":"index","follow":"follow","max-snippet":"max-snippet:-1","max-image-preview":"max-image-preview:large","max-video-preview":"max-video-preview:-1"},"canonical":"https:\/\/lysinterfilter.com\/pt\/manufacturer\/pe-sintered-plate\/","og_locale":"pt_BR","og_type":"article","og_title":"PE sintered plate, PE sintered disc - Porous Plastic Filter Manufacturer China","og_description":"Experience superior durability and performance with our PE sintered plates. Ideal for filtration and separation in various industrial applications, these high-quality plates ensure efficient and reliable results. Choose our PE sintered plates for optimal efficiency and long-lasting service.","og_url":"https:\/\/lysinterfilter.com\/pt\/manufacturer\/pe-sintered-plate\/","og_site_name":"Porous Plastic Filter Manufacturer China","article_modified_time":"2026-02-28T09:04:22+00:00","og_image":[{"width":1024,"height":902,"url":"https:\/\/lysinterfilter.com\/wp-content\/uploads\/2024\/06\/dic1.jpg","type":"image\/jpeg"}],"twitter_card":"summary_large_image","twitter_misc":{"Est. tempo de leitura":"3 minutos"},"schema":{"@context":"https:\/\/schema.org","@graph":[{"@type":"WebPage","@id":"https:\/\/lysinterfilter.com\/manufacturer\/pe-sintered-plate\/","url":"https:\/\/lysinterfilter.com\/manufacturer\/pe-sintered-plate\/","name":"PE sintered plate, PE sintered disc - Porous Plastic Filter Manufacturer China","isPartOf":{"@id":"https:\/\/lysinterfilter.com\/#website"},"primaryImageOfPage":{"@id":"https:\/\/lysinterfilter.com\/manufacturer\/pe-sintered-plate\/#primaryimage"},"image":{"@id":"https:\/\/lysinterfilter.com\/manufacturer\/pe-sintered-plate\/#primaryimage"},"thumbnailUrl":"https:\/\/lysinterfilter.com\/wp-content\/uploads\/2024\/06\/dic1.jpg","datePublished":"2024-06-11T07:11:26+00:00","dateModified":"2026-02-28T09:04:22+00:00","description":"Experience superior durability and performance with our PE sintered plates. Ideal for filtration and separation in various industrial applications, these high-quality plates ensure efficient and reliable results. Choose our PE sintered plates for optimal efficiency and long-lasting service.","breadcrumb":{"@id":"https:\/\/lysinterfilter.com\/manufacturer\/pe-sintered-plate\/#breadcrumb"},"inLanguage":"pt-BR","potentialAction":[{"@type":"ReadAction","target":["https:\/\/lysinterfilter.com\/manufacturer\/pe-sintered-plate\/"]}]},{"@type":"ImageObject","inLanguage":"pt-BR","@id":"https:\/\/lysinterfilter.com\/manufacturer\/pe-sintered-plate\/#primaryimage","url":"https:\/\/lysinterfilter.com\/wp-content\/uploads\/2024\/06\/dic1.jpg","contentUrl":"https:\/\/lysinterfilter.com\/wp-content\/uploads\/2024\/06\/dic1.jpg","width":1024,"height":902,"caption":"{\"data\":{\"pictureId\":\"4ea74dfb3d59407080120df6afe971e0\",\"appversion\":\"14.0.0\",\"stickerId\":\"\",\"filterId\":\"\",\"infoStickerId\":\"\",\"imageEffectId\":\"\",\"playId\":\"\",\"activityName\":\"\",\"os\":\"android\",\"product\":\"retouch\",\"originAppId\":\"2515\",\"exportType\":\"\",\"editType\":\"\",\"alias\":\"\",\"enterFrom\":\"enter_launch\",\"capability_key\":[\"erase\"],\"capability_extra_v2\":{\"erase\":[{\"panel\":\"eliminatePen\"}]},\"effect_type\":\"tool\",\"effect_id\":\"erase\"},\"source_type\":\"douyin_beauty_me\"}"},{"@type":"BreadcrumbList","@id":"https:\/\/lysinterfilter.com\/manufacturer\/pe-sintered-plate\/#breadcrumb","itemListElement":[{"@type":"ListItem","position":1,"name":"Home","item":"https:\/\/lysinterfilter.com\/"},{"@type":"ListItem","position":2,"name":"Products","item":"https:\/\/lysinterfilter.com\/shop\/"},{"@type":"ListItem","position":3,"name":"PE sintered plate, PE sintered disc"}]},{"@type":"WebSite","@id":"https:\/\/lysinterfilter.com\/#website","url":"https:\/\/lysinterfilter.com\/","name":"Porous Plastic Filter Manufacturer China","description":"","potentialAction":[{"@type":"SearchAction","target":{"@type":"EntryPoint","urlTemplate":"https:\/\/lysinterfilter.com\/?s={search_term_string}"},"query-input":{"@type":"PropertyValueSpecification","valueRequired":true,"valueName":"search_term_string"}}],"inLanguage":"pt-BR"}]}},"_links":{"self":[{"href":"https:\/\/lysinterfilter.com\/pt\/wp-json\/wp\/v2\/product\/1991","targetHints":{"allow":["GET"]}}],"collection":[{"href":"https:\/\/lysinterfilter.com\/pt\/wp-json\/wp\/v2\/product"}],"about":[{"href":"https:\/\/lysinterfilter.com\/pt\/wp-json\/wp\/v2\/types\/product"}],"wp:featuredmedia":[{"embeddable":true,"href":"https:\/\/lysinterfilter.com\/pt\/wp-json\/wp\/v2\/media\/2713"}],"wp:attachment":[{"href":"https:\/\/lysinterfilter.com\/pt\/wp-json\/wp\/v2\/media?parent=1991"}],"wp:term":[{"taxonomy":"product_brand","embeddable":true,"href":"https:\/\/lysinterfilter.com\/pt\/wp-json\/wp\/v2\/product_brand?post=1991"},{"taxonomy":"product_cat","embeddable":true,"href":"https:\/\/lysinterfilter.com\/pt\/wp-json\/wp\/v2\/product_cat?post=1991"},{"taxonomy":"product_tag","embeddable":true,"href":"https:\/\/lysinterfilter.com\/pt\/wp-json\/wp\/v2\/product_tag?post=1991"}],"curies":[{"name":"wp","href":"https:\/\/api.w.org\/{rel}","templated":true}]}}