{"id":1983,"date":"2024-06-11T06:59:32","date_gmt":"2024-06-11T06:59:32","guid":{"rendered":"https:\/\/lysinterfilter.com\/?post_type=product&#038;p=1983"},"modified":"2026-03-03T08:26:16","modified_gmt":"2026-03-03T08:26:16","slug":"battery-explosion-proof-disc","status":"publish","type":"product","link":"https:\/\/lysinterfilter.com\/pt\/manufacturer\/battery-explosion-proof-disc\/","title":{"rendered":"Disco \u00e0 prova de explos\u00e3o de bateria"},"content":{"rendered":"<div class=\"row\"  id=\"row-1121936647\">\n\n\t<div id=\"col-411214863\" class=\"col small-12 large-12\"  >\n\t\t\t\t<div class=\"col-inner\"  >\n\t\t\t\n\t\t\t\n<h3><strong>DESCRI\u00c7\u00c3O DO PRODUTO<\/strong><\/h3>\n<p>A placa \u00e0 prova de explos\u00e3o da bateria est\u00e1 estritamente de acordo com a ind\u00fastria mec\u00e2nica da Rep\u00fablica Popular da China<\/p>\n<p>especifica\u00e7\u00f5es t\u00e9cnicas do dispositivo de filtro de g\u00e1s, exaust\u00e3o de bateria de chumbo-\u00e1cido padr\u00e3o JB\/T13623-2019. Produtos com PE ou<\/p>\n<p>P\u00f3 de PP sinterizado sem propor\u00e7\u00e3o cient\u00edfica, com alta resist\u00eancia, abertura uniforme, boa permeabilidade ao ar e assim por diante.<\/p>\n\t\t<\/div>\n\t\t\t\t\t<\/div>\n\n\t\n\n\t<div id=\"col-828255986\" class=\"col small-12 large-12\"  >\n\t\t\t\t<div class=\"col-inner\"  >\n\t\t\t\n\t\t\t\n<h3><strong>DESEMPENHO DO PRODUTO<\/strong><\/h3>\n<p>Os principais indicadores do filtro de ar da bateria s\u00e3o a permeabilidade ao ar, a hidrofobicidade e a resist\u00eancia a \u00e1cidos. A principal fun\u00e7\u00e3o da permeabilidade ao ar \u00e9 que nenhuma press\u00e3o de ar ser\u00e1 gerada durante o processo de carregamento da bateria. O ar<\/p>\n<p>filtro liberar\u00e1 o g\u00e1s atrav\u00e9s de seus pr\u00f3prios microporos para evitar que a bateria exploda. Hidrofobicidade significa<\/p>\n<p>que gotas de \u00e1gua caem na superf\u00edcie do filtro de ar para formar uma bola, que n\u00e3o pode ser deformada em um minuto e<\/p>\n<p>n\u00e3o pode penetrar no filtro de ar.<\/p>\n\t\t<\/div>\n\t\t\t\t\t<\/div>\n\n\t\n\n\t<div id=\"col-469778648\" class=\"col small-12 large-12\"  >\n\t\t\t\t<div class=\"col-inner\"  >\n\t\t\t\n\t\t\t\n<h3><strong>PAR\u00c2METROS T\u00c9CNICOS<\/strong><\/h3>\n<p>Temperatura de trabalho: PE\/PP\u226480\u00b0C<\/p>\n<p>Press\u00e3o de trabalho: 0,1 Mpa-0,6 Mpa<\/p>\n<p>Precis\u00e3o de filtragem: 10\u03bcm-30\u03bcm<\/p>\n\t\t<\/div>\n\t\t\t\t\t<\/div>\n\n\t\n\n\t<div id=\"col-1852202123\" class=\"col small-12 large-12\"  >\n\t\t\t\t<div class=\"col-inner\"  >\n\t\t\t\n\t\t\t\n<h3><strong>Fotos:<\/strong><\/h3>\n\t<div class=\"img has-hover x md-x lg-x y md-y lg-y\" id=\"image_1346974180\">\n\t\t\t\t\t\t\t\t<div class=\"img-inner dark\" >\n\t\t\t<img loading=\"lazy\" decoding=\"async\" width=\"1024\" height=\"600\" src=\"https:\/\/lysinterfilter.com\/wp-content\/uploads\/2026\/02\/dic9.jpg\" class=\"attachment-original size-original\" alt=\"\" srcset=\"https:\/\/lysinterfilter.com\/wp-content\/uploads\/2026\/02\/dic9.jpg 1024w, https:\/\/lysinterfilter.com\/wp-content\/uploads\/2026\/02\/dic9-300x176.jpg 300w, https:\/\/lysinterfilter.com\/wp-content\/uploads\/2026\/02\/dic9-768x450.jpg 768w, https:\/\/lysinterfilter.com\/wp-content\/uploads\/2026\/02\/dic9-18x12.jpg 18w, https:\/\/lysinterfilter.com\/wp-content\/uploads\/2026\/02\/dic9-600x352.jpg 600w\" sizes=\"auto, (max-width: 1024px) 100vw, 1024px\" \/>\t\t\t\t\t\t\n\t\t\t\t\t<\/div>\n\t\t\t\t\t\t\t\t\n<style>\n#image_1346974180 {\n  width: 100%;\n}\n<\/style>\n\t<\/div>\n\t\n<p><strong>Especifica\u00e7\u00f5es do filtro de ar \/ chapa \u00e0 prova de explos\u00e3o:<\/strong><\/p>\n\t<div class=\"img has-hover x md-x lg-x y md-y lg-y\" id=\"image_1922425877\">\n\t\t\t\t\t\t\t\t<div class=\"img-inner dark\" >\n\t\t\t<img loading=\"lazy\" decoding=\"async\" width=\"1024\" height=\"436\" src=\"https:\/\/lysinterfilter.com\/wp-content\/uploads\/2026\/03\/table.jpg\" class=\"attachment-original size-original\" alt=\"\" srcset=\"https:\/\/lysinterfilter.com\/wp-content\/uploads\/2026\/03\/table.jpg 1024w, https:\/\/lysinterfilter.com\/wp-content\/uploads\/2026\/03\/table-300x128.jpg 300w, https:\/\/lysinterfilter.com\/wp-content\/uploads\/2026\/03\/table-768x327.jpg 768w, https:\/\/lysinterfilter.com\/wp-content\/uploads\/2026\/03\/table-18x8.jpg 18w, https:\/\/lysinterfilter.com\/wp-content\/uploads\/2026\/03\/table-600x255.jpg 600w\" sizes=\"auto, (max-width: 1024px) 100vw, 1024px\" \/>\t\t\t\t\t\t\n\t\t\t\t\t<\/div>\n\t\t\t\t\t\t\t\t\n<style>\n#image_1922425877 {\n  width: 100%;\n}\n<\/style>\n\t<\/div>\n\t\n<p><span style=\"color: #ed1c24;\"><strong>*Mais especifica\u00e7\u00f5es e estilos podem proporcionar personaliza\u00e7\u00e3o fora do padr\u00e3o.<\/strong><\/span><\/p>\n\t\t<\/div>\n\t\t\t\t\t<\/div>\n\n\t\n\n\t<div id=\"col-81441744\" class=\"col small-12 large-12\"  >\n\t\t\t\t<div class=\"col-inner\"  >\n\t\t\t\n\t\t\t\n<h3>Aplicativo<\/h3>\n\t<div class=\"img has-hover x md-x lg-x y md-y lg-y\" id=\"image_1555170141\">\n\t\t\t\t\t\t\t\t<div class=\"img-inner dark\" >\n\t\t\t<img loading=\"lazy\" decoding=\"async\" width=\"730\" height=\"504\" src=\"https:\/\/lysinterfilter.com\/wp-content\/uploads\/2024\/06\/62.webp\" class=\"attachment-original size-original\" alt=\"\" srcset=\"https:\/\/lysinterfilter.com\/wp-content\/uploads\/2024\/06\/62.webp 730w, https:\/\/lysinterfilter.com\/wp-content\/uploads\/2024\/06\/62-300x207.webp 300w, https:\/\/lysinterfilter.com\/wp-content\/uploads\/2024\/06\/62-18x12.webp 18w, https:\/\/lysinterfilter.com\/wp-content\/uploads\/2024\/06\/62-600x414.webp 600w\" sizes=\"auto, (max-width: 730px) 100vw, 730px\" \/>\t\t\t\t\t\t\n\t\t\t\t\t<\/div>\n\t\t\t\t\t\t\t\t\n<style>\n#image_1555170141 {\n  width: 100%;\n}\n<\/style>\n\t<\/div>\n\t\n\t\t<\/div>\n\t\t\t\t\t<\/div>\n\n\t\n\n\t<div id=\"col-1073033367\" class=\"col small-12 large-12\"  >\n\t\t\t\t<div class=\"col-inner\"  >\n\t\t\t\n\t\t\t\n<h3>Certifica\u00e7\u00f5es<\/h3>\n\t<div class=\"img has-hover x md-x lg-x y md-y lg-y\" id=\"image_372418067\">\n\t\t\t\t\t\t\t\t<div class=\"img-inner dark\" >\n\t\t\t<img loading=\"lazy\" decoding=\"async\" width=\"750\" height=\"450\" src=\"https:\/\/lysinterfilter.com\/wp-content\/uploads\/2024\/06\/Certifications.webp\" class=\"attachment-original size-original\" alt=\"\" srcset=\"https:\/\/lysinterfilter.com\/wp-content\/uploads\/2024\/06\/Certifications.webp 750w, https:\/\/lysinterfilter.com\/wp-content\/uploads\/2024\/06\/Certifications-300x180.webp 300w, https:\/\/lysinterfilter.com\/wp-content\/uploads\/2024\/06\/Certifications-18x12.webp 18w, https:\/\/lysinterfilter.com\/wp-content\/uploads\/2024\/06\/Certifications-600x360.webp 600w\" sizes=\"auto, (max-width: 750px) 100vw, 750px\" \/>\t\t\t\t\t\t\n\t\t\t\t\t<\/div>\n\t\t\t\t\t\t\t\t\n<style>\n#image_372418067 {\n  width: 100%;\n}\n<\/style>\n\t<\/div>\n\t\n\t\t<\/div>\n\t\t\t\t\t<\/div>\n\n\t\n<\/div>","protected":false},"excerpt":{"rendered":"<ul>\n<li>Quantidade m\u00ednima:<span id=\"dr_show_hits_179\">1 unidade<\/span><\/li>\n<li>Personalizado: Aceito<\/li>\n<li>Brand\uff1aOEM<\/li>\n<li>Tempo de entrega: dentro de 7 dias<\/li>\n<li>Certifica\u00e7\u00e3o: CE;ISO 9001<\/li>\n<li>Enviar e-mail:<\/li>\n<li><a href=\"mailto:info@lysinterfilter.com\">info@lysinterfilter.com<\/a><\/li>\n<\/ul>","protected":false},"featured_media":2717,"template":"","meta":[],"product_brand":[],"product_cat":[15],"product_tag":[],"class_list":{"0":"post-1983","1":"product","2":"type-product","3":"status-publish","4":"has-post-thumbnail","6":"product_cat-pe-sintered-industrialapplication","8":"first","9":"instock","10":"shipping-taxable","11":"product-type-simple"},"yoast_head":"<!-- This site is optimized with the Yoast SEO plugin v27.2 - https:\/\/yoast.com\/product\/yoast-seo-wordpress\/ -->\n<title>Battery explosion-proof disc - Porous Plastic Filter Manufacturer China<\/title>\n<meta name=\"description\" content=\"Ensure safety and reliability with our battery explosion-proof discs. Designed to prevent hazardous explosions, these high-quality discs offer superior protection for batteries in various applications. Trust our explosion-proof discs for optimal safety and peace of mind.\" \/>\n<meta name=\"robots\" content=\"index, follow, max-snippet:-1, max-image-preview:large, max-video-preview:-1\" \/>\n<link rel=\"canonical\" href=\"https:\/\/lysinterfilter.com\/pt\/manufacturer\/battery-explosion-proof-disc\/\" \/>\n<meta property=\"og:locale\" content=\"pt_BR\" \/>\n<meta property=\"og:type\" content=\"article\" \/>\n<meta property=\"og:title\" content=\"Battery explosion-proof disc - Porous Plastic Filter Manufacturer China\" \/>\n<meta property=\"og:description\" content=\"Ensure safety and reliability with our battery explosion-proof discs. Designed to prevent hazardous explosions, these high-quality discs offer superior protection for batteries in various applications. Trust our explosion-proof discs for optimal safety and peace of mind.\" \/>\n<meta property=\"og:url\" content=\"https:\/\/lysinterfilter.com\/pt\/manufacturer\/battery-explosion-proof-disc\/\" \/>\n<meta property=\"og:site_name\" content=\"Porous Plastic Filter Manufacturer China\" \/>\n<meta property=\"article:modified_time\" content=\"2026-03-03T08:26:16+00:00\" \/>\n<meta property=\"og:image\" content=\"https:\/\/lysinterfilter.com\/wp-content\/uploads\/2024\/06\/dic5.jpg\" \/>\n\t<meta property=\"og:image:width\" content=\"1024\" \/>\n\t<meta property=\"og:image:height\" content=\"1024\" \/>\n\t<meta property=\"og:image:type\" content=\"image\/jpeg\" \/>\n<meta name=\"twitter:card\" content=\"summary_large_image\" \/>\n<meta name=\"twitter:label1\" content=\"Est. tempo de leitura\" \/>\n\t<meta name=\"twitter:data1\" content=\"2 minutos\" \/>\n<script type=\"application\/ld+json\" class=\"yoast-schema-graph\">{\"@context\":\"https:\/\/schema.org\",\"@graph\":[{\"@type\":\"WebPage\",\"@id\":\"https:\/\/lysinterfilter.com\/manufacturer\/battery-explosion-proof-disc\/\",\"url\":\"https:\/\/lysinterfilter.com\/manufacturer\/battery-explosion-proof-disc\/\",\"name\":\"Battery explosion-proof disc - Porous Plastic Filter Manufacturer China\",\"isPartOf\":{\"@id\":\"https:\/\/lysinterfilter.com\/#website\"},\"primaryImageOfPage\":{\"@id\":\"https:\/\/lysinterfilter.com\/manufacturer\/battery-explosion-proof-disc\/#primaryimage\"},\"image\":{\"@id\":\"https:\/\/lysinterfilter.com\/manufacturer\/battery-explosion-proof-disc\/#primaryimage\"},\"thumbnailUrl\":\"https:\/\/lysinterfilter.com\/wp-content\/uploads\/2024\/06\/dic5.jpg\",\"datePublished\":\"2024-06-11T06:59:32+00:00\",\"dateModified\":\"2026-03-03T08:26:16+00:00\",\"description\":\"Ensure safety and reliability with our battery explosion-proof discs. Designed to prevent hazardous explosions, these high-quality discs offer superior protection for batteries in various applications. Trust our explosion-proof discs for optimal safety and peace of mind.\",\"breadcrumb\":{\"@id\":\"https:\/\/lysinterfilter.com\/manufacturer\/battery-explosion-proof-disc\/#breadcrumb\"},\"inLanguage\":\"pt-BR\",\"potentialAction\":[{\"@type\":\"ReadAction\",\"target\":[\"https:\/\/lysinterfilter.com\/manufacturer\/battery-explosion-proof-disc\/\"]}]},{\"@type\":\"ImageObject\",\"inLanguage\":\"pt-BR\",\"@id\":\"https:\/\/lysinterfilter.com\/manufacturer\/battery-explosion-proof-disc\/#primaryimage\",\"url\":\"https:\/\/lysinterfilter.com\/wp-content\/uploads\/2024\/06\/dic5.jpg\",\"contentUrl\":\"https:\/\/lysinterfilter.com\/wp-content\/uploads\/2024\/06\/dic5.jpg\",\"width\":1024,\"height\":1024,\"caption\":\"{\\\"data\\\":{\\\"pictureId\\\":\\\"cafc8b27d37342268029c9d4359424a6\\\",\\\"appversion\\\":\\\"14.0.0\\\",\\\"stickerId\\\":\\\"\\\",\\\"filterId\\\":\\\"\\\",\\\"infoStickerId\\\":\\\"\\\",\\\"imageEffectId\\\":\\\"\\\",\\\"playId\\\":\\\"\\\",\\\"activityName\\\":\\\"\\\",\\\"os\\\":\\\"android\\\",\\\"product\\\":\\\"retouch\\\",\\\"originAppId\\\":\\\"2515\\\",\\\"exportType\\\":\\\"\\\",\\\"editType\\\":\\\"\\\",\\\"alias\\\":\\\"\\\",\\\"enterFrom\\\":\\\"enter_launch\\\",\\\"capability_key\\\":[\\\"erase\\\"],\\\"capability_extra_v2\\\":{\\\"erase\\\":[{\\\"panel\\\":\\\"eliminatePen\\\"}]},\\\"effect_type\\\":\\\"tool\\\",\\\"effect_id\\\":\\\"erase\\\"},\\\"source_type\\\":\\\"douyin_beauty_me\\\"}\"},{\"@type\":\"BreadcrumbList\",\"@id\":\"https:\/\/lysinterfilter.com\/manufacturer\/battery-explosion-proof-disc\/#breadcrumb\",\"itemListElement\":[{\"@type\":\"ListItem\",\"position\":1,\"name\":\"Home\",\"item\":\"https:\/\/lysinterfilter.com\/\"},{\"@type\":\"ListItem\",\"position\":2,\"name\":\"Products\",\"item\":\"https:\/\/lysinterfilter.com\/shop\/\"},{\"@type\":\"ListItem\",\"position\":3,\"name\":\"Battery explosion-proof disc\"}]},{\"@type\":\"WebSite\",\"@id\":\"https:\/\/lysinterfilter.com\/#website\",\"url\":\"https:\/\/lysinterfilter.com\/\",\"name\":\"Porous Plastic Filter Manufacturer China\",\"description\":\"\",\"potentialAction\":[{\"@type\":\"SearchAction\",\"target\":{\"@type\":\"EntryPoint\",\"urlTemplate\":\"https:\/\/lysinterfilter.com\/?s={search_term_string}\"},\"query-input\":{\"@type\":\"PropertyValueSpecification\",\"valueRequired\":true,\"valueName\":\"search_term_string\"}}],\"inLanguage\":\"pt-BR\"}]}<\/script>\n<!-- \/ Yoast SEO plugin. -->","yoast_head_json":{"title":"Battery explosion-proof disc - Porous Plastic Filter Manufacturer China","description":"Garanta seguran\u00e7a e confiabilidade com nossos discos \u00e0 prova de explos\u00e3o de bateria. Projetados para evitar explos\u00f5es perigosas, esses discos de alta qualidade oferecem prote\u00e7\u00e3o superior para baterias em v\u00e1rias aplica\u00e7\u00f5es. Confie em nossos discos \u00e0 prova de explos\u00e3o para seguran\u00e7a e tranquilidade ideais.","robots":{"index":"index","follow":"follow","max-snippet":"max-snippet:-1","max-image-preview":"max-image-preview:large","max-video-preview":"max-video-preview:-1"},"canonical":"https:\/\/lysinterfilter.com\/pt\/manufacturer\/battery-explosion-proof-disc\/","og_locale":"pt_BR","og_type":"article","og_title":"Battery explosion-proof disc - Porous Plastic Filter Manufacturer China","og_description":"Ensure safety and reliability with our battery explosion-proof discs. Designed to prevent hazardous explosions, these high-quality discs offer superior protection for batteries in various applications. Trust our explosion-proof discs for optimal safety and peace of mind.","og_url":"https:\/\/lysinterfilter.com\/pt\/manufacturer\/battery-explosion-proof-disc\/","og_site_name":"Porous Plastic Filter Manufacturer China","article_modified_time":"2026-03-03T08:26:16+00:00","og_image":[{"width":1024,"height":1024,"url":"https:\/\/lysinterfilter.com\/wp-content\/uploads\/2024\/06\/dic5.jpg","type":"image\/jpeg"}],"twitter_card":"summary_large_image","twitter_misc":{"Est. tempo de leitura":"2 minutos"},"schema":{"@context":"https:\/\/schema.org","@graph":[{"@type":"WebPage","@id":"https:\/\/lysinterfilter.com\/manufacturer\/battery-explosion-proof-disc\/","url":"https:\/\/lysinterfilter.com\/manufacturer\/battery-explosion-proof-disc\/","name":"Battery explosion-proof disc - Porous Plastic Filter Manufacturer China","isPartOf":{"@id":"https:\/\/lysinterfilter.com\/#website"},"primaryImageOfPage":{"@id":"https:\/\/lysinterfilter.com\/manufacturer\/battery-explosion-proof-disc\/#primaryimage"},"image":{"@id":"https:\/\/lysinterfilter.com\/manufacturer\/battery-explosion-proof-disc\/#primaryimage"},"thumbnailUrl":"https:\/\/lysinterfilter.com\/wp-content\/uploads\/2024\/06\/dic5.jpg","datePublished":"2024-06-11T06:59:32+00:00","dateModified":"2026-03-03T08:26:16+00:00","description":"Garanta seguran\u00e7a e confiabilidade com nossos discos \u00e0 prova de explos\u00e3o de bateria. Projetados para evitar explos\u00f5es perigosas, esses discos de alta qualidade oferecem prote\u00e7\u00e3o superior para baterias em v\u00e1rias aplica\u00e7\u00f5es. Confie em nossos discos \u00e0 prova de explos\u00e3o para seguran\u00e7a e tranquilidade ideais.","breadcrumb":{"@id":"https:\/\/lysinterfilter.com\/manufacturer\/battery-explosion-proof-disc\/#breadcrumb"},"inLanguage":"pt-BR","potentialAction":[{"@type":"ReadAction","target":["https:\/\/lysinterfilter.com\/manufacturer\/battery-explosion-proof-disc\/"]}]},{"@type":"ImageObject","inLanguage":"pt-BR","@id":"https:\/\/lysinterfilter.com\/manufacturer\/battery-explosion-proof-disc\/#primaryimage","url":"https:\/\/lysinterfilter.com\/wp-content\/uploads\/2024\/06\/dic5.jpg","contentUrl":"https:\/\/lysinterfilter.com\/wp-content\/uploads\/2024\/06\/dic5.jpg","width":1024,"height":1024,"caption":"{\"data\":{\"pictureId\":\"cafc8b27d37342268029c9d4359424a6\",\"appversion\":\"14.0.0\",\"stickerId\":\"\",\"filterId\":\"\",\"infoStickerId\":\"\",\"imageEffectId\":\"\",\"playId\":\"\",\"activityName\":\"\",\"os\":\"android\",\"product\":\"retouch\",\"originAppId\":\"2515\",\"exportType\":\"\",\"editType\":\"\",\"alias\":\"\",\"enterFrom\":\"enter_launch\",\"capability_key\":[\"erase\"],\"capability_extra_v2\":{\"erase\":[{\"panel\":\"eliminatePen\"}]},\"effect_type\":\"tool\",\"effect_id\":\"erase\"},\"source_type\":\"douyin_beauty_me\"}"},{"@type":"BreadcrumbList","@id":"https:\/\/lysinterfilter.com\/manufacturer\/battery-explosion-proof-disc\/#breadcrumb","itemListElement":[{"@type":"ListItem","position":1,"name":"Home","item":"https:\/\/lysinterfilter.com\/"},{"@type":"ListItem","position":2,"name":"Products","item":"https:\/\/lysinterfilter.com\/shop\/"},{"@type":"ListItem","position":3,"name":"Battery explosion-proof disc"}]},{"@type":"WebSite","@id":"https:\/\/lysinterfilter.com\/#website","url":"https:\/\/lysinterfilter.com\/","name":"Porous Plastic Filter Manufacturer China","description":"","potentialAction":[{"@type":"SearchAction","target":{"@type":"EntryPoint","urlTemplate":"https:\/\/lysinterfilter.com\/?s={search_term_string}"},"query-input":{"@type":"PropertyValueSpecification","valueRequired":true,"valueName":"search_term_string"}}],"inLanguage":"pt-BR"}]}},"_links":{"self":[{"href":"https:\/\/lysinterfilter.com\/pt\/wp-json\/wp\/v2\/product\/1983","targetHints":{"allow":["GET"]}}],"collection":[{"href":"https:\/\/lysinterfilter.com\/pt\/wp-json\/wp\/v2\/product"}],"about":[{"href":"https:\/\/lysinterfilter.com\/pt\/wp-json\/wp\/v2\/types\/product"}],"wp:featuredmedia":[{"embeddable":true,"href":"https:\/\/lysinterfilter.com\/pt\/wp-json\/wp\/v2\/media\/2717"}],"wp:attachment":[{"href":"https:\/\/lysinterfilter.com\/pt\/wp-json\/wp\/v2\/media?parent=1983"}],"wp:term":[{"taxonomy":"product_brand","embeddable":true,"href":"https:\/\/lysinterfilter.com\/pt\/wp-json\/wp\/v2\/product_brand?post=1983"},{"taxonomy":"product_cat","embeddable":true,"href":"https:\/\/lysinterfilter.com\/pt\/wp-json\/wp\/v2\/product_cat?post=1983"},{"taxonomy":"product_tag","embeddable":true,"href":"https:\/\/lysinterfilter.com\/pt\/wp-json\/wp\/v2\/product_tag?post=1983"}],"curies":[{"name":"wp","href":"https:\/\/api.w.org\/{rel}","templated":true}]}}