{"id":1897,"date":"2024-06-07T09:46:17","date_gmt":"2024-06-07T09:46:17","guid":{"rendered":"https:\/\/lysinterfilter.com\/?post_type=product&#038;p=1897"},"modified":"2026-02-28T10:33:23","modified_gmt":"2026-02-28T10:33:23","slug":"vacuum-feeder-filter-element","status":"publish","type":"product","link":"https:\/\/lysinterfilter.com\/pt\/manufacturer\/vacuum-feeder-filter-element\/","title":{"rendered":"Elemento filtrante do alimentador a v\u00e1cuo"},"content":{"rendered":"<div class=\"row\"  id=\"row-2104105558\">\n\n\t<div id=\"col-1553017433\" class=\"col small-12 large-12\"  >\n\t\t\t\t<div class=\"col-inner\"  >\n\t\t\t\n\t\t\t\n<h3><strong>DESCRI\u00c7\u00c3O DO PRODUTO<\/strong><\/h3>\n<p>O elemento filtrante alimentador a v\u00e1cuo sinterizado de PE \u00e9 sinterizado com mat\u00e9rias-primas de polietileno de ultra-alto peso molecular. \u00c9<\/p>\n<p>sinterizado e formado por f\u00f3rmula cient\u00edfica. Possui estrutura compacta, peso leve, pode suportar alta press\u00e3o de filtragem e o di\u00e2metro dos poros do elemento filtrante \u00e9 o mesmo por dentro e por fora, e \u00e9 f\u00e1cil de soprar de volta<\/p>\n<p>e remover esc\u00f3ria, tem boa resist\u00eancia \u00e0 corros\u00e3o de solventes \u00e1cidos e alcalinos.<\/p>\n\t\t<\/div>\n\t\t\t\t\t<\/div>\n\n\t\n\n\t<div id=\"col-1063858940\" class=\"col small-12 large-12\"  >\n\t\t\t\t<div class=\"col-inner\"  >\n\t\t\t\n\t\t\t\n<h3><strong>DESEMPENHO DO PRODUTO<\/strong><\/h3>\n<p>\u00c9 usado principalmente para intercepta\u00e7\u00e3o de poeira na m\u00e1quina de alimenta\u00e7\u00e3o e na m\u00e1quina de suc\u00e7\u00e3o. A precis\u00e3o pode ser selecionada<\/p>\n<p>de 0,5 a 10\u03bcm, e o efeito de filtragem \u00e9 bom. Existem hastes de a\u00e7o inoxid\u00e1vel no meio do elemento filtrante<\/p>\n<p>de algumas especifica\u00e7\u00f5es para conectar as juntas em ambos os lados, tornando as juntas em ambas as extremidades mais est\u00e1veis. Poro uniforme<\/p>\n<p>distribui\u00e7\u00e3o de tamanho, forte resist\u00eancia a \u00e1cidos e \u00e1lcalis, boas propriedades mec\u00e2nicas, forte resist\u00eancia a org\u00e2nicos<\/p>\n<p>eros\u00e3o por solvente, m\u00e9todo de remo\u00e7\u00e3o de esc\u00f3ria de recuo autom\u00e1tico ou manual pode ser usado, part\u00edculas s\u00f3lidas podem ser recuperadas por<\/p>\n<p>remo\u00e7\u00e3o de esc\u00f3ria seca e o elemento filtrante n\u00e3o precisa ser substitu\u00eddo com frequ\u00eancia. Vantagens como baixo custo de<\/p>\n<p>usar.<\/p>\n\t\t<\/div>\n\t\t\t\t\t<\/div>\n\n\t\n\n\t<div id=\"col-1026270670\" class=\"col small-12 large-12\"  >\n\t\t\t\t<div class=\"col-inner\"  >\n\t\t\t\n\t\t\t\n<h3><strong>ESPECIFICA\u00c7\u00d5ES<\/strong><\/h3>\n<p>Faixa de precis\u00e3o: 0,5-10\u03bcm<\/p>\n<p>Faixa de comprimento: 120 mm-200 mm-300 mm-400 mm-500 mm-600 mm<\/p>\n<p>Di\u00e2metro comum: \u03c650 \u03c660<\/p>\n<p>Especifica\u00e7\u00e3o de conex\u00e3o de rosca: M20-M22-M26-M30<\/p>\n<p>Nozes: Simples ou Duplas<\/p>\n<p>Temperatura de trabalho: PE\u226480\u00b0C<\/p>\n<p>Press\u00e3o de trabalho: 0,1 MPa-0,6 MPa<\/p>\n\t\t<\/div>\n\t\t\t\t\t<\/div>\n\n\t\n\n\t<div id=\"col-1929278041\" class=\"col small-12 large-12\"  >\n\t\t\t\t<div class=\"col-inner\"  >\n\t\t\t\n\t\t\t\n<h3><strong>Fotos:<\/strong><\/h3>\n\t<div class=\"img has-hover x md-x lg-x y md-y lg-y\" id=\"image_537363403\">\n\t\t\t\t\t\t\t\t<div class=\"img-inner dark\" >\n\t\t\t<img loading=\"lazy\" decoding=\"async\" width=\"1024\" height=\"600\" src=\"https:\/\/lysinterfilter.com\/wp-content\/uploads\/2024\/06\/ve5.jpg\" class=\"attachment-original size-original\" alt=\"\" srcset=\"https:\/\/lysinterfilter.com\/wp-content\/uploads\/2024\/06\/ve5.jpg 1024w, https:\/\/lysinterfilter.com\/wp-content\/uploads\/2024\/06\/ve5-300x176.jpg 300w, https:\/\/lysinterfilter.com\/wp-content\/uploads\/2024\/06\/ve5-768x450.jpg 768w, https:\/\/lysinterfilter.com\/wp-content\/uploads\/2024\/06\/ve5-18x12.jpg 18w, https:\/\/lysinterfilter.com\/wp-content\/uploads\/2024\/06\/ve5-600x352.jpg 600w\" sizes=\"auto, (max-width: 1024px) 100vw, 1024px\" \/>\t\t\t\t\t\t\n\t\t\t\t\t<\/div>\n\t\t\t\t\t\t\t\t\n<style>\n#image_537363403 {\n  width: 100%;\n}\n<\/style>\n\t<\/div>\n\t\n\t\t<\/div>\n\t\t\t\t\t<\/div>\n\n\t\n\n\t<div id=\"col-1143360351\" class=\"col small-12 large-12\"  >\n\t\t\t\t<div class=\"col-inner\"  >\n\t\t\t\n\t\t\t\n<h3><strong>Especifica\u00e7\u00f5es:<\/strong><\/h3>\n<p>Precis\u00e3o: 0,5-100\u03bcm<br \/>\nComprimento: 120 mm-200 mm-300 mm-400 mm-500 mm-600 mm<br \/>\nDi\u00e2metro: \u03a650\u03a660<br \/>\nEspecifica\u00e7\u00f5es de conex\u00e3o roscada: M20-M22-M26-M30<br \/>\nPorca: porca simples ou dupla<\/p>\n\t<div class=\"img has-hover x md-x lg-x y md-y lg-y\" id=\"image_1480385367\">\n\t\t\t\t\t\t\t\t<div class=\"img-inner dark\" >\n\t\t\t<img loading=\"lazy\" decoding=\"async\" width=\"1024\" height=\"448\" src=\"https:\/\/lysinterfilter.com\/wp-content\/uploads\/2026\/02\/ve6.jpg\" class=\"attachment-original size-original\" alt=\"\" srcset=\"https:\/\/lysinterfilter.com\/wp-content\/uploads\/2026\/02\/ve6.jpg 1024w, https:\/\/lysinterfilter.com\/wp-content\/uploads\/2026\/02\/ve6-300x131.jpg 300w, https:\/\/lysinterfilter.com\/wp-content\/uploads\/2026\/02\/ve6-768x336.jpg 768w, https:\/\/lysinterfilter.com\/wp-content\/uploads\/2026\/02\/ve6-18x8.jpg 18w, https:\/\/lysinterfilter.com\/wp-content\/uploads\/2026\/02\/ve6-600x263.jpg 600w\" sizes=\"auto, (max-width: 1024px) 100vw, 1024px\" \/>\t\t\t\t\t\t\n\t\t\t\t\t<\/div>\n\t\t\t\t\t\t\t\t\n<style>\n#image_1480385367 {\n  width: 100%;\n}\n<\/style>\n\t<\/div>\n\t\n<p><span style=\"color: #ed1c24;\"><strong>*Mais especifica\u00e7\u00f5es e estilos podem proporcionar personaliza\u00e7\u00e3o fora do padr\u00e3o.<\/strong><\/span><\/p>\n\t\t<\/div>\n\t\t\t\t\t<\/div>\n\n\t\n\n\t<div id=\"col-1019742138\" class=\"col small-12 large-12\"  >\n\t\t\t\t<div class=\"col-inner\"  >\n\t\t\t\n\t\t\t\n<h3>Aplicativo<\/h3>\n\t<div class=\"img has-hover x md-x lg-x y md-y lg-y\" id=\"image_1738487631\">\n\t\t\t\t\t\t\t\t<div class=\"img-inner dark\" >\n\t\t\t<img loading=\"lazy\" decoding=\"async\" width=\"750\" height=\"350\" src=\"https:\/\/lysinterfilter.com\/wp-content\/uploads\/2024\/06\/Application.webp\" class=\"attachment-original size-original\" alt=\"\" srcset=\"https:\/\/lysinterfilter.com\/wp-content\/uploads\/2024\/06\/Application.webp 750w, https:\/\/lysinterfilter.com\/wp-content\/uploads\/2024\/06\/Application-300x140.webp 300w, https:\/\/lysinterfilter.com\/wp-content\/uploads\/2024\/06\/Application-18x8.webp 18w, https:\/\/lysinterfilter.com\/wp-content\/uploads\/2024\/06\/Application-600x280.webp 600w\" sizes=\"auto, (max-width: 750px) 100vw, 750px\" \/>\t\t\t\t\t\t\n\t\t\t\t\t<\/div>\n\t\t\t\t\t\t\t\t\n<style>\n#image_1738487631 {\n  width: 100%;\n}\n<\/style>\n\t<\/div>\n\t\n<p>A.Ind\u00fastria Farmac\u00eautica<\/p>\n<p>(1)Grande infus\u00e3o de \u00e1gua, descarboniza\u00e7\u00e3o de intermedi\u00e1rios farmac\u00eauticos<\/p>\n<p>filtra\u00e7\u00e3o; caldo de fermenta\u00e7\u00e3o, l\u00edquido oral<\/p>\n<p>(2)Carv\u00e3o ativado em p\u00f3 com filtro de descolora\u00e7\u00e3o (l\u00edquido medicinal<\/p>\n<p>glicose,antibi\u00f3ticos,medicina sint\u00e9tica,prepara\u00e7\u00e3o,fitoterapia chinesa<\/p>\n<p>l\u00edquido, etc.)<\/p>\n<p>(3)L\u00edquido de inje\u00e7\u00e3o<\/p>\n<p>(4)Filtro de ar de inje\u00e7\u00e3o<\/p>\n<p>(5)\u00c1gua para lavagem de garrafas de inje\u00e7\u00e3o<\/p>\n<p>(6) Filtragem de bebidas alco\u00f3licas medicinais<\/p>\n<p>B.Ind\u00fastria Qu\u00edmica<\/p>\n<p>(1)Filtragem e lavagem de hidr\u00f3xido de alum\u00ednio<\/p>\n<p>(2)Filtragem e lavagem do catalisador de pal\u00e1dio<\/p>\n<p>(3)Filtragem e lavagem de f\u00f3sforo<\/p>\n<p>(4)Filtragem de carbonato de zinco<\/p>\n<p>(5)Filtragem de solu\u00e7\u00e3o de carbonato de s\u00f3dio<\/p>\n<p>(6) Filtragem e lavagem de sulfato de b\u00e1rio<\/p>\n<p>(7)Filtragem e lavagem de sulfeto de c\u00e1dmio<\/p>\n<p>C. Ind\u00fastria qu\u00edmica de fibras e t\u00eaxteis<\/p>\n<p>(1)Filtragem por banho \u00e1cido<\/p>\n<p>(2) Filtra\u00e7\u00e3o de purifica\u00e7\u00e3o de enxofre e \u00e1cido acr\u00edlico<\/p>\n<p>(3) Filtra\u00e7\u00e3o de precis\u00e3o de \u00e1gua de seda<\/p>\n<p>D.Ind\u00fastria leve e ind\u00fastria aliment\u00edcia<\/p>\n<p>(1) Filtra\u00e7\u00e3o de xarope<\/p>\n<p>(2) Filtragem de bebidas<\/p>\n<p>(3)Filtragem de vinho e aguardente<\/p>\n<p>(4)Filtragem de precis\u00e3o de \u00f3leo vegetal<\/p>\n<p>(5)Filtragem de \u00f3leo essencial<\/p>\n<p>(6)Filtragem de \u00e1gua mineral<\/p>\n<p>E.M\u00e1quinas e ind\u00fastria de petr\u00f3leo<\/p>\n<p>(1) Filtra\u00e7\u00e3o de solu\u00e7\u00e3o de galvanoplastia<\/p>\n<p>(2)Filtragem de precis\u00e3o de fluido de limpeza de motor de combust\u00e3o interna<\/p>\n<p>(3)Filtragem de lavagem de campos petrol\u00edferos<\/p>\n<p>(4)Equipamento de \u00e1gua ultrapura para ind\u00fastria el\u00e9trica<\/p>\n<p>F.Tratamento de \u00e1guas residuais<\/p>\n<p>(1)Tratamento de \u00e1guas residuais com hidr\u00f3xido de pot\u00e1ssio pesado<\/p>\n<p>(2)Tratamento de \u00e1guas residuais com mistura de metais pesados<\/p>\n<p>(3)Tratamento qu\u00edmico de \u00e1guas residuais<\/p>\n<p>(4)Tratamento de \u00e1guas residuais cer\u00e2micas<\/p>\n<p>(5)Tratamento de \u00e1guas residuais contendo alum\u00ednio<\/p>\n<p>(6)Outros tratamentos de \u00e1guas residuais<\/p>\n\t\t<\/div>\n\t\t\t\t\t<\/div>\n\n\t\n\n\t<div id=\"col-150850185\" class=\"col small-12 large-12\"  >\n\t\t\t\t<div class=\"col-inner\"  >\n\t\t\t\n\t\t\t\n<h3>Certifica\u00e7\u00f5es<\/h3>\n\t<div class=\"img has-hover x md-x lg-x y md-y lg-y\" id=\"image_124994985\">\n\t\t\t\t\t\t\t\t<div class=\"img-inner dark\" >\n\t\t\t<img loading=\"lazy\" decoding=\"async\" width=\"750\" height=\"450\" src=\"https:\/\/lysinterfilter.com\/wp-content\/uploads\/2024\/06\/Certifications.webp\" class=\"attachment-original size-original\" alt=\"\" srcset=\"https:\/\/lysinterfilter.com\/wp-content\/uploads\/2024\/06\/Certifications.webp 750w, https:\/\/lysinterfilter.com\/wp-content\/uploads\/2024\/06\/Certifications-300x180.webp 300w, https:\/\/lysinterfilter.com\/wp-content\/uploads\/2024\/06\/Certifications-18x12.webp 18w, https:\/\/lysinterfilter.com\/wp-content\/uploads\/2024\/06\/Certifications-600x360.webp 600w\" sizes=\"auto, (max-width: 750px) 100vw, 750px\" \/>\t\t\t\t\t\t\n\t\t\t\t\t<\/div>\n\t\t\t\t\t\t\t\t\n<style>\n#image_124994985 {\n  width: 100%;\n}\n<\/style>\n\t<\/div>\n\t\n\t\t<\/div>\n\t\t\t\t\t<\/div>\n\n\t\n<\/div>","protected":false},"excerpt":{"rendered":"<ul>\n<li>Quantidade m\u00ednima:<span id=\"dr_show_hits_179\">1 unidade<\/span><\/li>\n<li>Personalizado: Aceito<\/li>\n<li>Brand\uff1aOEM<\/li>\n<li>Tempo de entrega: dentro de 7 dias<\/li>\n<li>Certifica\u00e7\u00e3o: CE;ISO 9001<\/li>\n<li>Enviar e-mail:<\/li>\n<li><a href=\"mailto:info@lysinterfilter.com\">info@lysinterfilter.com<\/a><\/li>\n<\/ul>","protected":false},"featured_media":2742,"template":"","meta":[],"product_brand":[],"product_cat":[15],"product_tag":[],"class_list":{"0":"post-1897","1":"product","2":"type-product","3":"status-publish","4":"has-post-thumbnail","6":"product_cat-pe-sintered-industrialapplication","8":"first","9":"instock","10":"shipping-taxable","11":"product-type-simple"},"yoast_head":"<!-- This site is optimized with the Yoast SEO plugin v27.2 - https:\/\/yoast.com\/product\/yoast-seo-wordpress\/ -->\n<title>Vacuum feeder filter element - Porous Plastic Filter Manufacturer China<\/title>\n<meta name=\"description\" content=\"Optimize your vacuum feeder system with our high-performance filter elements. Designed for efficient dust and contaminant removal, our vacuum feeder filters enhance system reliability and performance. Choose our durable and effective solutions for superior filtration in industrial and laboratory applications\" \/>\n<meta name=\"robots\" content=\"index, follow, max-snippet:-1, max-image-preview:large, max-video-preview:-1\" \/>\n<link rel=\"canonical\" href=\"https:\/\/lysinterfilter.com\/pt\/manufacturer\/vacuum-feeder-filter-element\/\" \/>\n<meta property=\"og:locale\" content=\"pt_BR\" \/>\n<meta property=\"og:type\" content=\"article\" \/>\n<meta property=\"og:title\" content=\"Vacuum feeder filter element - Porous Plastic Filter Manufacturer China\" \/>\n<meta property=\"og:description\" content=\"Optimize your vacuum feeder system with our high-performance filter elements. Designed for efficient dust and contaminant removal, our vacuum feeder filters enhance system reliability and performance. Choose our durable and effective solutions for superior filtration in industrial and laboratory applications\" \/>\n<meta property=\"og:url\" content=\"https:\/\/lysinterfilter.com\/pt\/manufacturer\/vacuum-feeder-filter-element\/\" \/>\n<meta property=\"og:site_name\" content=\"Porous Plastic Filter Manufacturer China\" \/>\n<meta property=\"article:modified_time\" content=\"2026-02-28T10:33:23+00:00\" \/>\n<meta property=\"og:image\" content=\"https:\/\/lysinterfilter.com\/wp-content\/uploads\/2024\/06\/ve1.jpg\" \/>\n\t<meta property=\"og:image:width\" content=\"1024\" \/>\n\t<meta property=\"og:image:height\" content=\"902\" \/>\n\t<meta property=\"og:image:type\" content=\"image\/jpeg\" \/>\n<meta name=\"twitter:card\" content=\"summary_large_image\" \/>\n<meta name=\"twitter:label1\" content=\"Est. tempo de leitura\" \/>\n\t<meta name=\"twitter:data1\" content=\"3 minutos\" \/>\n<script type=\"application\/ld+json\" class=\"yoast-schema-graph\">{\"@context\":\"https:\/\/schema.org\",\"@graph\":[{\"@type\":\"WebPage\",\"@id\":\"https:\/\/lysinterfilter.com\/manufacturer\/vacuum-feeder-filter-element\/\",\"url\":\"https:\/\/lysinterfilter.com\/manufacturer\/vacuum-feeder-filter-element\/\",\"name\":\"Vacuum feeder filter element - Porous Plastic Filter Manufacturer China\",\"isPartOf\":{\"@id\":\"https:\/\/lysinterfilter.com\/#website\"},\"primaryImageOfPage\":{\"@id\":\"https:\/\/lysinterfilter.com\/manufacturer\/vacuum-feeder-filter-element\/#primaryimage\"},\"image\":{\"@id\":\"https:\/\/lysinterfilter.com\/manufacturer\/vacuum-feeder-filter-element\/#primaryimage\"},\"thumbnailUrl\":\"https:\/\/lysinterfilter.com\/wp-content\/uploads\/2024\/06\/ve1.jpg\",\"datePublished\":\"2024-06-07T09:46:17+00:00\",\"dateModified\":\"2026-02-28T10:33:23+00:00\",\"description\":\"Optimize your vacuum feeder system with our high-performance filter elements. Designed for efficient dust and contaminant removal, our vacuum feeder filters enhance system reliability and performance. Choose our durable and effective solutions for superior filtration in industrial and laboratory applications\",\"breadcrumb\":{\"@id\":\"https:\/\/lysinterfilter.com\/manufacturer\/vacuum-feeder-filter-element\/#breadcrumb\"},\"inLanguage\":\"pt-BR\",\"potentialAction\":[{\"@type\":\"ReadAction\",\"target\":[\"https:\/\/lysinterfilter.com\/manufacturer\/vacuum-feeder-filter-element\/\"]}]},{\"@type\":\"ImageObject\",\"inLanguage\":\"pt-BR\",\"@id\":\"https:\/\/lysinterfilter.com\/manufacturer\/vacuum-feeder-filter-element\/#primaryimage\",\"url\":\"https:\/\/lysinterfilter.com\/wp-content\/uploads\/2024\/06\/ve1.jpg\",\"contentUrl\":\"https:\/\/lysinterfilter.com\/wp-content\/uploads\/2024\/06\/ve1.jpg\",\"width\":1024,\"height\":902,\"caption\":\"{\\\"data\\\":{\\\"AIGC\\\":{\\\"Label\\\":\\\"1\\\",\\\"ContentProducer\\\":\\\"00119144030008867405X210002\\\",\\\"ProduceID\\\":\\\"b4dd3a0b4b4248b98cd22e8fcc3a78eb\\\",\\\"ReservedCode1\\\":\\\"\\\",\\\"ContentPropagator\\\":\\\"00119144030008867405X220002\\\",\\\"PropagateID\\\":\\\"\\\",\\\"ReservedCode2\\\":\\\"\\\"},\\\"pictureId\\\":\\\"43ef3533430f4fad8540135cfb22bcb4\\\",\\\"appversion\\\":\\\"14.0.0\\\",\\\"stickerId\\\":\\\"\\\",\\\"filterId\\\":\\\"\\\",\\\"infoStickerId\\\":\\\"\\\",\\\"imageEffectId\\\":\\\"\\\",\\\"playId\\\":\\\"7525361529512938806\\\",\\\"activityName\\\":\\\"\\\",\\\"os\\\":\\\"android\\\",\\\"product\\\":\\\"retouch\\\",\\\"originAppId\\\":\\\"2515\\\",\\\"exportType\\\":\\\"\\\",\\\"editType\\\":\\\"\\\",\\\"alias\\\":\\\"UH6PcfMavpR0B26NWRK3F\/bQ5hx0SWHa9+7tRGt4j9lFa3tzOgpm6vRyDzzARKMaTuhSDA4F95ZeoBMf5OYDSB6fkxS2ghZ4e+58YF3xym67eA6ae3XaeThPez10lqimU\/NZTf159LsHKzXFIWxk\/oMKtPzy0LzK1vy50Y0UtQGgLLXwU9TQzgXQV4KGozudoUHd9jWPjADU7k95b8YfkwWj+EC2DfKQHAUiPyV\/xIVWV1G4nvR7\/DMvDfqw0gwMEXPvOtcYiecP+eTA7e1hgie04sKQ\/kW626LWYFSt9IeT3cG2v9jZKpRT8SFtMHai0hBy9kPwJtyUoJlOCWcZOQ==\\\",\\\"enterFrom\\\":\\\"enter_launch\\\",\\\"capability_key\\\":[\\\"playfunction\\\"],\\\"capability_extra_v2\\\":{\\\"playfunction\\\":[{\\\"resource_id\\\":\\\"7525361529512938806\\\",\\\"origin\\\":\\\"heycan\\\"}]},\\\"effect_type\\\":\\\"tool\\\",\\\"effect_id\\\":\\\"playfunction#7525361529512938806\\\"},\\\"source_type\\\":\\\"douyin_beauty_me\\\"}\"},{\"@type\":\"BreadcrumbList\",\"@id\":\"https:\/\/lysinterfilter.com\/manufacturer\/vacuum-feeder-filter-element\/#breadcrumb\",\"itemListElement\":[{\"@type\":\"ListItem\",\"position\":1,\"name\":\"Home\",\"item\":\"https:\/\/lysinterfilter.com\/\"},{\"@type\":\"ListItem\",\"position\":2,\"name\":\"Products\",\"item\":\"https:\/\/lysinterfilter.com\/shop\/\"},{\"@type\":\"ListItem\",\"position\":3,\"name\":\"Vacuum feeder filter element\"}]},{\"@type\":\"WebSite\",\"@id\":\"https:\/\/lysinterfilter.com\/#website\",\"url\":\"https:\/\/lysinterfilter.com\/\",\"name\":\"Porous Plastic Filter Manufacturer China\",\"description\":\"\",\"potentialAction\":[{\"@type\":\"SearchAction\",\"target\":{\"@type\":\"EntryPoint\",\"urlTemplate\":\"https:\/\/lysinterfilter.com\/?s={search_term_string}\"},\"query-input\":{\"@type\":\"PropertyValueSpecification\",\"valueRequired\":true,\"valueName\":\"search_term_string\"}}],\"inLanguage\":\"pt-BR\"}]}<\/script>\n<!-- \/ Yoast SEO plugin. -->","yoast_head_json":{"title":"Vacuum feeder filter element - Porous Plastic Filter Manufacturer China","description":"Otimize seu sistema de alimenta\u00e7\u00e3o a v\u00e1cuo com nossos elementos de filtro de alto desempenho. Projetados para remo\u00e7\u00e3o eficiente de poeira e contaminantes, nossos filtros de alimenta\u00e7\u00e3o a v\u00e1cuo aumentam a confiabilidade e o desempenho do sistema. Escolha nossas solu\u00e7\u00f5es dur\u00e1veis e eficazes para filtragem superior em aplica\u00e7\u00f5es industriais e laboratoriais","robots":{"index":"index","follow":"follow","max-snippet":"max-snippet:-1","max-image-preview":"max-image-preview:large","max-video-preview":"max-video-preview:-1"},"canonical":"https:\/\/lysinterfilter.com\/pt\/manufacturer\/vacuum-feeder-filter-element\/","og_locale":"pt_BR","og_type":"article","og_title":"Vacuum feeder filter element - Porous Plastic Filter Manufacturer China","og_description":"Optimize your vacuum feeder system with our high-performance filter elements. Designed for efficient dust and contaminant removal, our vacuum feeder filters enhance system reliability and performance. Choose our durable and effective solutions for superior filtration in industrial and laboratory applications","og_url":"https:\/\/lysinterfilter.com\/pt\/manufacturer\/vacuum-feeder-filter-element\/","og_site_name":"Porous Plastic Filter Manufacturer China","article_modified_time":"2026-02-28T10:33:23+00:00","og_image":[{"width":1024,"height":902,"url":"https:\/\/lysinterfilter.com\/wp-content\/uploads\/2024\/06\/ve1.jpg","type":"image\/jpeg"}],"twitter_card":"summary_large_image","twitter_misc":{"Est. tempo de leitura":"3 minutos"},"schema":{"@context":"https:\/\/schema.org","@graph":[{"@type":"WebPage","@id":"https:\/\/lysinterfilter.com\/manufacturer\/vacuum-feeder-filter-element\/","url":"https:\/\/lysinterfilter.com\/manufacturer\/vacuum-feeder-filter-element\/","name":"Vacuum feeder filter element - Porous Plastic Filter Manufacturer China","isPartOf":{"@id":"https:\/\/lysinterfilter.com\/#website"},"primaryImageOfPage":{"@id":"https:\/\/lysinterfilter.com\/manufacturer\/vacuum-feeder-filter-element\/#primaryimage"},"image":{"@id":"https:\/\/lysinterfilter.com\/manufacturer\/vacuum-feeder-filter-element\/#primaryimage"},"thumbnailUrl":"https:\/\/lysinterfilter.com\/wp-content\/uploads\/2024\/06\/ve1.jpg","datePublished":"2024-06-07T09:46:17+00:00","dateModified":"2026-02-28T10:33:23+00:00","description":"Otimize seu sistema de alimenta\u00e7\u00e3o a v\u00e1cuo com nossos elementos de filtro de alto desempenho. Projetados para remo\u00e7\u00e3o eficiente de poeira e contaminantes, nossos filtros de alimenta\u00e7\u00e3o a v\u00e1cuo aumentam a confiabilidade e o desempenho do sistema. Escolha nossas solu\u00e7\u00f5es dur\u00e1veis e eficazes para filtragem superior em aplica\u00e7\u00f5es industriais e laboratoriais","breadcrumb":{"@id":"https:\/\/lysinterfilter.com\/manufacturer\/vacuum-feeder-filter-element\/#breadcrumb"},"inLanguage":"pt-BR","potentialAction":[{"@type":"ReadAction","target":["https:\/\/lysinterfilter.com\/manufacturer\/vacuum-feeder-filter-element\/"]}]},{"@type":"ImageObject","inLanguage":"pt-BR","@id":"https:\/\/lysinterfilter.com\/manufacturer\/vacuum-feeder-filter-element\/#primaryimage","url":"https:\/\/lysinterfilter.com\/wp-content\/uploads\/2024\/06\/ve1.jpg","contentUrl":"https:\/\/lysinterfilter.com\/wp-content\/uploads\/2024\/06\/ve1.jpg","width":1024,"height":902,"caption":"{\"data\":{\"AIGC\":{\"Label\":\"1\",\"ContentProducer\":\"00119144030008867405X210002\",\"ProduceID\":\"b4dd3a0b4b4248b98cd22e8fcc3a78eb\",\"ReservedCode1\":\"\",\"ContentPropagator\":\"00119144030008867405X220002\",\"PropagateID\":\"\",\"ReservedCode2\":\"\"},\"pictureId\":\"43ef3533430f4fad8540135cfb22bcb4\",\"appversion\":\"14.0.0\",\"stickerId\":\"\",\"filterId\":\"\",\"infoStickerId\":\"\",\"imageEffectId\":\"\",\"playId\":\"7525361529512938806\",\"activityName\":\"\",\"os\":\"android\",\"product\":\"retouch\",\"originAppId\":\"2515\",\"exportType\":\"\",\"editType\":\"\",\"alias\":\"UH6PcfMavpR0B26NWRK3F\/bQ5hx0SWHa9+7tRGt4j9lFa3tzOgpm6vRyDzzARKMaTuhSDA4F95ZeoBMf5OYDSB6fkxS2ghZ4e+58YF3xym67eA6ae3XaeThPez10lqimU\/NZTf159LsHKzXFIWxk\/oMKtPzy0LzK1vy50Y0UtQGgLLXwU9TQzgXQV4KGozudoUHd9jWPjADU7k95b8YfkwWj+EC2DfKQHAUiPyV\/xIVWV1G4nvR7\/DMvDfqw0gwMEXPvOtcYiecP+eTA7e1hgie04sKQ\/kW626LWYFSt9IeT3cG2v9jZKpRT8SFtMHai0hBy9kPwJtyUoJlOCWcZOQ==\",\"enterFrom\":\"enter_launch\",\"capability_key\":[\"playfunction\"],\"capability_extra_v2\":{\"playfunction\":[{\"resource_id\":\"7525361529512938806\",\"origin\":\"heycan\"}]},\"effect_type\":\"tool\",\"effect_id\":\"playfunction#7525361529512938806\"},\"source_type\":\"douyin_beauty_me\"}"},{"@type":"BreadcrumbList","@id":"https:\/\/lysinterfilter.com\/manufacturer\/vacuum-feeder-filter-element\/#breadcrumb","itemListElement":[{"@type":"ListItem","position":1,"name":"Home","item":"https:\/\/lysinterfilter.com\/"},{"@type":"ListItem","position":2,"name":"Products","item":"https:\/\/lysinterfilter.com\/shop\/"},{"@type":"ListItem","position":3,"name":"Vacuum feeder filter element"}]},{"@type":"WebSite","@id":"https:\/\/lysinterfilter.com\/#website","url":"https:\/\/lysinterfilter.com\/","name":"Porous Plastic Filter Manufacturer China","description":"","potentialAction":[{"@type":"SearchAction","target":{"@type":"EntryPoint","urlTemplate":"https:\/\/lysinterfilter.com\/?s={search_term_string}"},"query-input":{"@type":"PropertyValueSpecification","valueRequired":true,"valueName":"search_term_string"}}],"inLanguage":"pt-BR"}]}},"_links":{"self":[{"href":"https:\/\/lysinterfilter.com\/pt\/wp-json\/wp\/v2\/product\/1897","targetHints":{"allow":["GET"]}}],"collection":[{"href":"https:\/\/lysinterfilter.com\/pt\/wp-json\/wp\/v2\/product"}],"about":[{"href":"https:\/\/lysinterfilter.com\/pt\/wp-json\/wp\/v2\/types\/product"}],"wp:featuredmedia":[{"embeddable":true,"href":"https:\/\/lysinterfilter.com\/pt\/wp-json\/wp\/v2\/media\/2742"}],"wp:attachment":[{"href":"https:\/\/lysinterfilter.com\/pt\/wp-json\/wp\/v2\/media?parent=1897"}],"wp:term":[{"taxonomy":"product_brand","embeddable":true,"href":"https:\/\/lysinterfilter.com\/pt\/wp-json\/wp\/v2\/product_brand?post=1897"},{"taxonomy":"product_cat","embeddable":true,"href":"https:\/\/lysinterfilter.com\/pt\/wp-json\/wp\/v2\/product_cat?post=1897"},{"taxonomy":"product_tag","embeddable":true,"href":"https:\/\/lysinterfilter.com\/pt\/wp-json\/wp\/v2\/product_tag?post=1897"}],"curies":[{"name":"wp","href":"https:\/\/api.w.org\/{rel}","templated":true}]}}