{"id":1806,"date":"2024-06-07T06:27:00","date_gmt":"2024-06-07T06:27:00","guid":{"rendered":"https:\/\/lysinterfilter.com\/?page_id=1806"},"modified":"2024-06-19T11:53:22","modified_gmt":"2024-06-19T11:53:22","slug":"download-center","status":"publish","type":"page","link":"https:\/\/lysinterfilter.com\/pt\/download-center\/","title":{"rendered":"Centro de download"},"content":{"rendered":"<div class=\"banner has-hover\" id=\"banner-588292698\">\n          <div class=\"banner-inner fill\">\n        <div class=\"banner-bg fill\" >\n            <div class=\"bg fill bg-fill\"><\/div>\n                                    \n                    <\/div>\n\t\t\n        <div class=\"banner-layers container\">\n            <div class=\"fill banner-link\"><\/div>            \n   <div id=\"text-box-668593585\" class=\"text-box banner-layer x5 md-x5 lg-x0 y90 md-y90 lg-y90 res-text\">\n                                <div class=\"text-box-content text dark\">\n              \n              <div class=\"text-inner text-center\">\n                  \n\t<div id=\"text-2424225859\" class=\"text\">\n\t\t\n<h1>Baixos<\/h1>\n\t\t\n<style>\n#text-2424225859 {\n  text-align: left;\n}\n<\/style>\n\t<\/div>\n\t\n              <\/div>\n           <\/div>\n                            \n<style>\n#text-box-668593585 {\n  width: 94%;\n}\n#text-box-668593585 .text-box-content {\n  font-size: 100%;\n}\n@media (min-width:550px) {\n  #text-box-668593585 {\n    width: 94%;\n  }\n}\n<\/style>\n    <\/div>\n \n        <\/div>\n      <\/div>\n\n            \n<style>\n#banner-588292698 {\n  padding-top: 77%;\n  background-color: rgb(255, 255, 255);\n}\n#banner-588292698 .bg.bg-loaded {\n  background-image: url(https:\/\/lysinterfilter.com\/wp-content\/uploads\/2024\/06\/banner-5.webp);\n}\n#banner-588292698 .bg {\n  background-position: 55% 49%;\n}\n@media (min-width:550px) {\n  #banner-588292698 {\n    padding-top: 47%;\n  }\n}\n@media (min-width:850px) {\n  #banner-588292698 {\n    padding-top: 27%;\n  }\n}\n<\/style>\n  <\/div>\n\n\n\t<section class=\"section\" id=\"section_671729643\">\n\t\t<div class=\"bg section-bg fill bg-fill  bg-loaded\" >\n\n\t\t\t\n\t\t\t\n\t\t\t\n\n\t\t<\/div>\n\n\t\t\n\n\t\t<div class=\"section-content relative\">\n\t\t\t\n<div class=\"row\"  id=\"row-986339231\">\n\n\t<div id=\"col-1906435950\" class=\"col small-12 large-12\"  >\n\t\t\t\t<div class=\"col-inner\"  >\n\t\t\t\n\t\t\t\n\t<div id=\"text-3580541887\" class=\"text\">\n\t\t\n<h2>Centro de download<\/h2>\n\t\t\n<style>\n#text-3580541887 {\n  font-size: 1.3rem;\n  text-align: center;\n}\n<\/style>\n\t<\/div>\n\t\n<div class=\"is-divider divider clearfix\" style=\"max-width:3000px;height:1px;\"><\/div>\n\t\t<\/div>\n\t\t\t\t\t<\/div>\n\n\t\n<\/div>\n<div class=\"row align-bottom align-center\"  id=\"row-1579436367\">\n\n\t<div id=\"col-1838254894\" class=\"col medium-10 small-10 large-10\"  >\n\t\t\t\t<div class=\"col-inner\"  >\n\t\t\t\n\t\t\t\n<h3><a href=\"https:\/\/lysinterfilter.com\/pt\/wholesale\/pe-sintered-industrialapplication\/\">Aplica\u00e7\u00e3o industrial sinterizada de PE<\/a><\/h3>\n<div class=\"row align-bottom align-center\"  id=\"row-983338356\">\n\n\t<div id=\"col-109531542\" class=\"col medium-9 small-12 large-9\"  >\n\t\t\t\t<div class=\"col-inner\"  >\n\t\t\t\n\t\t\t\n\t<div id=\"gap-1823818319\" class=\"gap-element clearfix\" style=\"display:block; height:auto;\">\n\t\t\n<style>\n#gap-1823818319 {\n  padding-top: 10px;\n}\n<\/style>\n\t<\/div>\n\t\n\n\t\t<div class=\"icon-box featured-box icon-box-left text-left\"  >\n\t\t\t\t\t<div class=\"icon-box-img\" style=\"width: 24px\">\n\t\t\t\t<div class=\"icon\">\n\t\t\t\t\t<div class=\"icon-inner\" >\n\t\t\t\t\t\t<img loading=\"lazy\" decoding=\"async\" width=\"25\" height=\"25\" src=\"https:\/\/lysinterfilter.com\/wp-content\/uploads\/2024\/06\/p1.png\" class=\"attachment-medium size-medium\" alt=\"\" srcset=\"https:\/\/lysinterfilter.com\/wp-content\/uploads\/2024\/06\/p1.png 25w, https:\/\/lysinterfilter.com\/wp-content\/uploads\/2024\/06\/p1-12x12.png 12w\" sizes=\"auto, (max-width: 25px) 100vw, 25px\" \/>\t\t\t\t\t<\/div>\n\t\t\t\t<\/div>\n\t\t\t<\/div>\n\t\t\t\t<div class=\"icon-box-text last-reset\">\n\t\t\t\t\t\t\t\t\t\n\t<div id=\"gap-896715341\" class=\"gap-element clearfix\" style=\"display:block; height:auto;\">\n\t\t\n<style>\n#gap-896715341 {\n  padding-top: 2px;\n}\n<\/style>\n\t<\/div>\n\t\n<p>\u00a0<a title=\"Silenciador, silenciador de PE sinterizado poroso\" href=\"https:\/\/lysinterfilter.com\/pt\/file\/guangzhou%20lvyuan%20water%20purification%20equipment.pdf\/\">Silenciador, silenciador de PE sinterizado poroso<\/a><\/p>\n\t\t<\/div>\n\t<\/div>\n\t\n\t\n\t\t<\/div>\n\t\t\t\t\t<\/div>\n\n\t\n\n\t<div id=\"col-944596231\" class=\"col medium-3 small-12 large-3\"  >\n\t\t\t\t<div class=\"col-inner text-left\"  >\n\t\t\t\n\t\t\t\n<a class=\"button white is-outline is-xsmall\"  style=\"border-radius:8px;\">\n  <i class=\"icon-angle-down\" aria-hidden=\"true\" ><\/i>  <span>DOWNLOAD<\/span>\n  <\/a>\n\n\t\t<\/div>\n\t\t\t\t\n<style>\n#col-944596231 > .col-inner {\n  margin: 0px 0px -30px 0px;\n}\n@media (min-width:550px) {\n  #col-944596231 > .col-inner {\n    margin: 0px 0px 0px 30px;\n  }\n}\n@media (min-width:850px) {\n  #col-944596231 > .col-inner {\n    margin: 0px 0px 0px 100px;\n  }\n}\n<\/style>\n\t<\/div>\n\n\t\n<\/div>\n<div class=\"is-divider divider clearfix\" style=\"max-width:3000px;height:1px;background-color:rgb(18, 150, 17);\"><\/div>\n\t<div id=\"gap-23967246\" class=\"gap-element clearfix\" style=\"display:block; height:auto;\">\n\t\t\n<style>\n#gap-23967246 {\n  padding-top: 15px;\n}\n@media (min-width:550px) {\n  #gap-23967246 {\n    padding-top: 30px;\n  }\n}\n<\/style>\n\t<\/div>\n\t\n<h3><a href=\"https:\/\/lysinterfilter.com\/pt\/wholesale\/pe-sintered-domestic-application_\/\">Aplica\u00e7\u00e3o dom\u00e9stica de PE sinterizado<\/a><\/h3>\n<div class=\"is-divider divider clearfix\" style=\"max-width:3000px;height:1px;background-color:rgb(18, 150, 17);\"><\/div>\n\t<div id=\"gap-1717861270\" class=\"gap-element clearfix\" style=\"display:block; height:auto;\">\n\t\t\n<style>\n#gap-1717861270 {\n  padding-top: 15px;\n}\n@media (min-width:550px) {\n  #gap-1717861270 {\n    padding-top: 30px;\n  }\n}\n<\/style>\n\t<\/div>\n\t\n<h3><a href=\"https:\/\/lysinterfilter.com\/pt\/wholesale\/medical-filters\/\">Filtros m\u00e9dicos<\/a><\/h3>\n<div class=\"is-divider divider clearfix\" style=\"max-width:3000px;height:1px;background-color:rgb(18, 150, 17);\"><\/div>\n\t<div id=\"gap-489209307\" class=\"gap-element clearfix\" style=\"display:block; height:auto;\">\n\t\t\n<style>\n#gap-489209307 {\n  padding-top: 15px;\n}\n@media (min-width:550px) {\n  #gap-489209307 {\n    padding-top: 30px;\n  }\n}\n<\/style>\n\t<\/div>\n\t\n<h3><a href=\"https:\/\/lysinterfilter.com\/pt\/wholesale\/laboratory-filter\/\">Filtros de laborat\u00f3rio<\/a><\/h3>\n<div class=\"is-divider divider clearfix\" style=\"max-width:3000px;height:1px;background-color:rgb(18, 150, 17);\"><\/div>\n\t<div id=\"gap-2050797921\" class=\"gap-element clearfix\" style=\"display:block; height:auto;\">\n\t\t\n<style>\n#gap-2050797921 {\n  padding-top: 15px;\n}\n@media (min-width:550px) {\n  #gap-2050797921 {\n    padding-top: 30px;\n  }\n}\n<\/style>\n\t<\/div>\n\t\n<h3><a href=\"https:\/\/lysinterfilter.com\/pt\/wholesale\/pa-sintered-filter-cartridge\/\">Cartucho de filtro sinterizado PA<\/a><\/h3>\n<div class=\"is-divider divider clearfix\" style=\"max-width:3000px;height:1px;background-color:rgb(18, 150, 17);\"><\/div>\n\t<div id=\"gap-892432093\" class=\"gap-element clearfix\" style=\"display:block; height:auto;\">\n\t\t\n<style>\n#gap-892432093 {\n  padding-top: 15px;\n}\n@media (min-width:550px) {\n  #gap-892432093 {\n    padding-top: 30px;\n  }\n}\n<\/style>\n\t<\/div>\n\t\n<h3><a href=\"https:\/\/lysinterfilter.com\/pt\/wholesale\/ptfe-sintered-filter-cartridges\/\">Cartucho de filtro sinterizado de PTFE<\/a><\/h3>\n<div class=\"is-divider divider clearfix\" style=\"max-width:3000px;height:1px;background-color:rgb(18, 150, 17);\"><\/div>\n\t<div id=\"gap-355977486\" class=\"gap-element clearfix\" style=\"display:block; height:auto;\">\n\t\t\n<style>\n#gap-355977486 {\n  padding-top: 15px;\n}\n@media (min-width:550px) {\n  #gap-355977486 {\n    padding-top: 30px;\n  }\n}\n<\/style>\n\t<\/div>\n\t\n<h3><a href=\"https:\/\/lysinterfilter.com\/pt\/wholesale\/pp-sintered-filter-cartridges\/\">Cartucho de filtro PP sinterizado<\/a><\/h3>\n<div class=\"is-divider divider clearfix\" style=\"max-width:3000px;height:1px;background-color:rgb(18, 150, 17);\"><\/div>\n\t<div id=\"gap-136365892\" class=\"gap-element clearfix\" style=\"display:block; height:auto;\">\n\t\t\n<style>\n#gap-136365892 {\n  padding-top: 15px;\n}\n@media (min-width:550px) {\n  #gap-136365892 {\n    padding-top: 30px;\n  }\n}\n<\/style>\n\t<\/div>\n\t\n<h3><a href=\"https:\/\/lysinterfilter.com\/pt\/wholesale\/customizeds\/\">Personalizado<\/a><\/h3>\n\t\t<\/div>\n\t\t\t\t\t<\/div>\n\n\t\n<\/div>\n\t\t<\/div>\n\n\t\t\n<style>\n#section_671729643 {\n  padding-top: 60px;\n  padding-bottom: 60px;\n}\n<\/style>\n\t<\/section>","protected":false},"excerpt":{"rendered":"","protected":false},"author":1,"featured_media":0,"parent":0,"menu_order":0,"comment_status":"closed","ping_status":"closed","template":"page-blank.php","meta":{"footnotes":""},"class_list":["post-1806","page","type-page","status-publish","hentry"],"yoast_head":"<!-- This site is optimized with the Yoast SEO plugin v27.2 - https:\/\/yoast.com\/product\/yoast-seo-wordpress\/ -->\n<title>Download Center - Porous Plastic Filter Manufacturer China<\/title>\n<meta name=\"robots\" content=\"index, follow, max-snippet:-1, max-image-preview:large, max-video-preview:-1\" \/>\n<link rel=\"canonical\" href=\"https:\/\/lysinterfilter.com\/pt\/download-center\/\" \/>\n<meta property=\"og:locale\" content=\"pt_BR\" \/>\n<meta property=\"og:type\" content=\"article\" \/>\n<meta property=\"og:title\" content=\"Download Center - Porous Plastic Filter Manufacturer China\" \/>\n<meta property=\"og:url\" content=\"https:\/\/lysinterfilter.com\/pt\/download-center\/\" \/>\n<meta property=\"og:site_name\" content=\"Porous Plastic Filter Manufacturer China\" \/>\n<meta property=\"article:modified_time\" content=\"2024-06-19T11:53:22+00:00\" \/>\n<meta name=\"twitter:card\" content=\"summary_large_image\" \/>\n<meta name=\"twitter:label1\" content=\"Est. tempo de leitura\" \/>\n\t<meta name=\"twitter:data1\" content=\"1 minuto\" \/>\n<script type=\"application\/ld+json\" class=\"yoast-schema-graph\">{\"@context\":\"https:\/\/schema.org\",\"@graph\":[{\"@type\":\"WebPage\",\"@id\":\"https:\/\/lysinterfilter.com\/download-center\/\",\"url\":\"https:\/\/lysinterfilter.com\/download-center\/\",\"name\":\"Download Center - Porous Plastic Filter Manufacturer China\",\"isPartOf\":{\"@id\":\"https:\/\/lysinterfilter.com\/#website\"},\"datePublished\":\"2024-06-07T06:27:00+00:00\",\"dateModified\":\"2024-06-19T11:53:22+00:00\",\"breadcrumb\":{\"@id\":\"https:\/\/lysinterfilter.com\/download-center\/#breadcrumb\"},\"inLanguage\":\"pt-BR\",\"potentialAction\":[{\"@type\":\"ReadAction\",\"target\":[\"https:\/\/lysinterfilter.com\/download-center\/\"]}]},{\"@type\":\"BreadcrumbList\",\"@id\":\"https:\/\/lysinterfilter.com\/download-center\/#breadcrumb\",\"itemListElement\":[{\"@type\":\"ListItem\",\"position\":1,\"name\":\"Home\",\"item\":\"https:\/\/lysinterfilter.com\/\"},{\"@type\":\"ListItem\",\"position\":2,\"name\":\"Download Center\"}]},{\"@type\":\"WebSite\",\"@id\":\"https:\/\/lysinterfilter.com\/#website\",\"url\":\"https:\/\/lysinterfilter.com\/\",\"name\":\"Porous Plastic Filter Manufacturer China\",\"description\":\"\",\"potentialAction\":[{\"@type\":\"SearchAction\",\"target\":{\"@type\":\"EntryPoint\",\"urlTemplate\":\"https:\/\/lysinterfilter.com\/?s={search_term_string}\"},\"query-input\":{\"@type\":\"PropertyValueSpecification\",\"valueRequired\":true,\"valueName\":\"search_term_string\"}}],\"inLanguage\":\"pt-BR\"}]}<\/script>\n<!-- \/ Yoast SEO plugin. -->","yoast_head_json":{"title":"Download Center - Porous Plastic Filter Manufacturer China","robots":{"index":"index","follow":"follow","max-snippet":"max-snippet:-1","max-image-preview":"max-image-preview:large","max-video-preview":"max-video-preview:-1"},"canonical":"https:\/\/lysinterfilter.com\/pt\/download-center\/","og_locale":"pt_BR","og_type":"article","og_title":"Download Center - Porous Plastic Filter Manufacturer China","og_url":"https:\/\/lysinterfilter.com\/pt\/download-center\/","og_site_name":"Porous Plastic Filter Manufacturer China","article_modified_time":"2024-06-19T11:53:22+00:00","twitter_card":"summary_large_image","twitter_misc":{"Est. tempo de leitura":"1 minuto"},"schema":{"@context":"https:\/\/schema.org","@graph":[{"@type":"WebPage","@id":"https:\/\/lysinterfilter.com\/download-center\/","url":"https:\/\/lysinterfilter.com\/download-center\/","name":"Download Center - Porous Plastic Filter Manufacturer China","isPartOf":{"@id":"https:\/\/lysinterfilter.com\/#website"},"datePublished":"2024-06-07T06:27:00+00:00","dateModified":"2024-06-19T11:53:22+00:00","breadcrumb":{"@id":"https:\/\/lysinterfilter.com\/download-center\/#breadcrumb"},"inLanguage":"pt-BR","potentialAction":[{"@type":"ReadAction","target":["https:\/\/lysinterfilter.com\/download-center\/"]}]},{"@type":"BreadcrumbList","@id":"https:\/\/lysinterfilter.com\/download-center\/#breadcrumb","itemListElement":[{"@type":"ListItem","position":1,"name":"Home","item":"https:\/\/lysinterfilter.com\/"},{"@type":"ListItem","position":2,"name":"Download Center"}]},{"@type":"WebSite","@id":"https:\/\/lysinterfilter.com\/#website","url":"https:\/\/lysinterfilter.com\/","name":"Porous Plastic Filter Manufacturer China","description":"","potentialAction":[{"@type":"SearchAction","target":{"@type":"EntryPoint","urlTemplate":"https:\/\/lysinterfilter.com\/?s={search_term_string}"},"query-input":{"@type":"PropertyValueSpecification","valueRequired":true,"valueName":"search_term_string"}}],"inLanguage":"pt-BR"}]}},"_links":{"self":[{"href":"https:\/\/lysinterfilter.com\/pt\/wp-json\/wp\/v2\/pages\/1806","targetHints":{"allow":["GET"]}}],"collection":[{"href":"https:\/\/lysinterfilter.com\/pt\/wp-json\/wp\/v2\/pages"}],"about":[{"href":"https:\/\/lysinterfilter.com\/pt\/wp-json\/wp\/v2\/types\/page"}],"author":[{"embeddable":true,"href":"https:\/\/lysinterfilter.com\/pt\/wp-json\/wp\/v2\/users\/1"}],"replies":[{"embeddable":true,"href":"https:\/\/lysinterfilter.com\/pt\/wp-json\/wp\/v2\/comments?post=1806"}],"version-history":[{"count":11,"href":"https:\/\/lysinterfilter.com\/pt\/wp-json\/wp\/v2\/pages\/1806\/revisions"}],"predecessor-version":[{"id":2384,"href":"https:\/\/lysinterfilter.com\/pt\/wp-json\/wp\/v2\/pages\/1806\/revisions\/2384"}],"wp:attachment":[{"href":"https:\/\/lysinterfilter.com\/pt\/wp-json\/wp\/v2\/media?parent=1806"}],"curies":[{"name":"wp","href":"https:\/\/api.w.org\/{rel}","templated":true}]}}