{"id":1983,"date":"2024-06-11T06:59:32","date_gmt":"2024-06-11T06:59:32","guid":{"rendered":"https:\/\/lysinterfilter.com\/?post_type=product&#038;p=1983"},"modified":"2026-03-03T08:26:16","modified_gmt":"2026-03-03T08:26:16","slug":"battery-explosion-proof-disc","status":"publish","type":"product","link":"https:\/\/lysinterfilter.com\/it\/manufacturer\/battery-explosion-proof-disc\/","title":{"rendered":"Disco antideflagrante per batteria"},"content":{"rendered":"<div class=\"row\"  id=\"row-1304520079\">\n\n\t<div id=\"col-890682771\" class=\"col small-12 large-12\"  >\n\t\t\t\t<div class=\"col-inner\"  >\n\t\t\t\n\t\t\t\n<h3><strong>DESCRIZIONE DEL PRODOTTO<\/strong><\/h3>\n<p>La piastra antideflagrante della batteria \u00e8 rigorosamente conforme all&#039;industria meccanica della Repubblica Popolare Cinese<\/p>\n<p>standard JB\/T13623-2019 batteria al piombo, scarico, dispositivo filtro gas specifiche tecniche. Prodotti con PE o<\/p>\n<p>Polvere di PP sinterizzata senza rapporto scientifico, con elevata resistenza, apertura uniforme, buona permeabilit\u00e0 all&#039;aria e cos\u00ec via.<\/p>\n\t\t<\/div>\n\t\t\t\t\t<\/div>\n\n\t\n\n\t<div id=\"col-751878762\" class=\"col small-12 large-12\"  >\n\t\t\t\t<div class=\"col-inner\"  >\n\t\t\t\n\t\t\t\n<h3><strong>PRESTAZIONI DEL PRODOTTO<\/strong><\/h3>\n<p>Gli indicatori principali del filtro aria della batteria sono la permeabilit\u00e0 all&#039;aria, l&#039;idrofobicit\u00e0 e la resistenza agli acidi. La funzione principale della permeabilit\u00e0 all&#039;aria \u00e8 che non verr\u00e0 generata alcuna pressione dell&#039;aria durante il processo di carica della batteria. L&#039;aria<\/p>\n<p>filtro rilascer\u00e0 il gas attraverso i suoi stessi micropori per impedire che la batteria esploda. Idrofobicit\u00e0 significa<\/p>\n<p>che le gocce d&#039;acqua cadono sulla superficie del filtro dell&#039;aria per formare una palla, che non pu\u00f2 essere deformata in un minuto e<\/p>\n<p>non pu\u00f2 penetrare nel filtro dell&#039;aria.<\/p>\n\t\t<\/div>\n\t\t\t\t\t<\/div>\n\n\t\n\n\t<div id=\"col-1988890135\" class=\"col small-12 large-12\"  >\n\t\t\t\t<div class=\"col-inner\"  >\n\t\t\t\n\t\t\t\n<h3><strong>PARAMETRI TECNICI<\/strong><\/h3>\n<p>Temperatura di lavoro: PE\/PP\u226480\u00b0C<\/p>\n<p>Pressione di esercizio: 0,1 MPa-0,6 MPa<\/p>\n<p>Precisione di filtrazione: 10\u03bcm-30\u03bcm<\/p>\n\t\t<\/div>\n\t\t\t\t\t<\/div>\n\n\t\n\n\t<div id=\"col-833221086\" class=\"col small-12 large-12\"  >\n\t\t\t\t<div class=\"col-inner\"  >\n\t\t\t\n\t\t\t\n<h3><strong>Foto:<\/strong><\/h3>\n\t<div class=\"img has-hover x md-x lg-x y md-y lg-y\" id=\"image_696075004\">\n\t\t\t\t\t\t\t\t<div class=\"img-inner dark\" >\n\t\t\t<img loading=\"lazy\" decoding=\"async\" width=\"1024\" height=\"600\" src=\"https:\/\/lysinterfilter.com\/wp-content\/uploads\/2026\/02\/dic9.jpg\" class=\"attachment-original size-original\" alt=\"\" srcset=\"https:\/\/lysinterfilter.com\/wp-content\/uploads\/2026\/02\/dic9.jpg 1024w, https:\/\/lysinterfilter.com\/wp-content\/uploads\/2026\/02\/dic9-300x176.jpg 300w, https:\/\/lysinterfilter.com\/wp-content\/uploads\/2026\/02\/dic9-768x450.jpg 768w, https:\/\/lysinterfilter.com\/wp-content\/uploads\/2026\/02\/dic9-18x12.jpg 18w, https:\/\/lysinterfilter.com\/wp-content\/uploads\/2026\/02\/dic9-600x352.jpg 600w\" sizes=\"auto, (max-width: 1024px) 100vw, 1024px\" \/>\t\t\t\t\t\t\n\t\t\t\t\t<\/div>\n\t\t\t\t\t\t\t\t\n<style>\n#image_696075004 {\n  width: 100%;\n}\n<\/style>\n\t<\/div>\n\t\n<p><strong>Specifiche del filtro dell&#039;aria\/foglio antideflagrante:<\/strong><\/p>\n\t<div class=\"img has-hover x md-x lg-x y md-y lg-y\" id=\"image_533888627\">\n\t\t\t\t\t\t\t\t<div class=\"img-inner dark\" >\n\t\t\t<img loading=\"lazy\" decoding=\"async\" width=\"1024\" height=\"436\" src=\"https:\/\/lysinterfilter.com\/wp-content\/uploads\/2026\/03\/table.jpg\" class=\"attachment-original size-original\" alt=\"\" srcset=\"https:\/\/lysinterfilter.com\/wp-content\/uploads\/2026\/03\/table.jpg 1024w, https:\/\/lysinterfilter.com\/wp-content\/uploads\/2026\/03\/table-300x128.jpg 300w, https:\/\/lysinterfilter.com\/wp-content\/uploads\/2026\/03\/table-768x327.jpg 768w, https:\/\/lysinterfilter.com\/wp-content\/uploads\/2026\/03\/table-18x8.jpg 18w, https:\/\/lysinterfilter.com\/wp-content\/uploads\/2026\/03\/table-600x255.jpg 600w\" sizes=\"auto, (max-width: 1024px) 100vw, 1024px\" \/>\t\t\t\t\t\t\n\t\t\t\t\t<\/div>\n\t\t\t\t\t\t\t\t\n<style>\n#image_533888627 {\n  width: 100%;\n}\n<\/style>\n\t<\/div>\n\t\n<p><span style=\"color: #ed1c24;\"><strong>*Ulteriori specifiche e stili possono fornire personalizzazioni non standard.<\/strong><\/span><\/p>\n\t\t<\/div>\n\t\t\t\t\t<\/div>\n\n\t\n\n\t<div id=\"col-243172998\" class=\"col small-12 large-12\"  >\n\t\t\t\t<div class=\"col-inner\"  >\n\t\t\t\n\t\t\t\n<h3>Applicazione<\/h3>\n\t<div class=\"img has-hover x md-x lg-x y md-y lg-y\" id=\"image_1661518682\">\n\t\t\t\t\t\t\t\t<div class=\"img-inner dark\" >\n\t\t\t<img loading=\"lazy\" decoding=\"async\" width=\"730\" height=\"504\" src=\"https:\/\/lysinterfilter.com\/wp-content\/uploads\/2024\/06\/62.webp\" class=\"attachment-original size-original\" alt=\"\" srcset=\"https:\/\/lysinterfilter.com\/wp-content\/uploads\/2024\/06\/62.webp 730w, https:\/\/lysinterfilter.com\/wp-content\/uploads\/2024\/06\/62-300x207.webp 300w, https:\/\/lysinterfilter.com\/wp-content\/uploads\/2024\/06\/62-18x12.webp 18w, https:\/\/lysinterfilter.com\/wp-content\/uploads\/2024\/06\/62-600x414.webp 600w\" sizes=\"auto, (max-width: 730px) 100vw, 730px\" \/>\t\t\t\t\t\t\n\t\t\t\t\t<\/div>\n\t\t\t\t\t\t\t\t\n<style>\n#image_1661518682 {\n  width: 100%;\n}\n<\/style>\n\t<\/div>\n\t\n\t\t<\/div>\n\t\t\t\t\t<\/div>\n\n\t\n\n\t<div id=\"col-2103501783\" class=\"col small-12 large-12\"  >\n\t\t\t\t<div class=\"col-inner\"  >\n\t\t\t\n\t\t\t\n<h3>Certificazioni<\/h3>\n\t<div class=\"img has-hover x md-x lg-x y md-y lg-y\" id=\"image_2049630167\">\n\t\t\t\t\t\t\t\t<div class=\"img-inner dark\" >\n\t\t\t<img loading=\"lazy\" decoding=\"async\" width=\"750\" height=\"450\" src=\"https:\/\/lysinterfilter.com\/wp-content\/uploads\/2024\/06\/Certifications.webp\" class=\"attachment-original size-original\" alt=\"\" srcset=\"https:\/\/lysinterfilter.com\/wp-content\/uploads\/2024\/06\/Certifications.webp 750w, https:\/\/lysinterfilter.com\/wp-content\/uploads\/2024\/06\/Certifications-300x180.webp 300w, https:\/\/lysinterfilter.com\/wp-content\/uploads\/2024\/06\/Certifications-18x12.webp 18w, https:\/\/lysinterfilter.com\/wp-content\/uploads\/2024\/06\/Certifications-600x360.webp 600w\" sizes=\"auto, (max-width: 750px) 100vw, 750px\" \/>\t\t\t\t\t\t\n\t\t\t\t\t<\/div>\n\t\t\t\t\t\t\t\t\n<style>\n#image_2049630167 {\n  width: 100%;\n}\n<\/style>\n\t<\/div>\n\t\n\t\t<\/div>\n\t\t\t\t\t<\/div>\n\n\t\n<\/div>","protected":false},"excerpt":{"rendered":"<ul>\n<li>Quantit\u00e0 minima:<span id=\"dr_show_hits_179\">1 pz.<\/span><\/li>\n<li>Personalizzato: accettato<\/li>\n<li>Brand\uff1aOEM<\/li>\n<li>Tempi di consegna: entro 7 giorni<\/li>\n<li>Certificazione: CE;ISO 9001<\/li>\n<li>Invia email:<\/li>\n<li><a href=\"mailto:info@lysinterfilter.com\">info@lysinterfilter.com<\/a><\/li>\n<\/ul>","protected":false},"featured_media":2717,"template":"","meta":[],"product_brand":[],"product_cat":[15],"product_tag":[],"class_list":{"0":"post-1983","1":"product","2":"type-product","3":"status-publish","4":"has-post-thumbnail","6":"product_cat-pe-sintered-industrialapplication","8":"first","9":"instock","10":"shipping-taxable","11":"product-type-simple"},"yoast_head":"<!-- This site is optimized with the Yoast SEO plugin v27.2 - https:\/\/yoast.com\/product\/yoast-seo-wordpress\/ -->\n<title>Battery explosion-proof disc - Porous Plastic Filter Manufacturer China<\/title>\n<meta name=\"description\" content=\"Ensure safety and reliability with our battery explosion-proof discs. Designed to prevent hazardous explosions, these high-quality discs offer superior protection for batteries in various applications. Trust our explosion-proof discs for optimal safety and peace of mind.\" \/>\n<meta name=\"robots\" content=\"index, follow, max-snippet:-1, max-image-preview:large, max-video-preview:-1\" \/>\n<link rel=\"canonical\" href=\"https:\/\/lysinterfilter.com\/it\/manufacturer\/battery-explosion-proof-disc\/\" \/>\n<meta property=\"og:locale\" content=\"it_IT\" \/>\n<meta property=\"og:type\" content=\"article\" \/>\n<meta property=\"og:title\" content=\"Battery explosion-proof disc - Porous Plastic Filter Manufacturer China\" \/>\n<meta property=\"og:description\" content=\"Ensure safety and reliability with our battery explosion-proof discs. Designed to prevent hazardous explosions, these high-quality discs offer superior protection for batteries in various applications. Trust our explosion-proof discs for optimal safety and peace of mind.\" \/>\n<meta property=\"og:url\" content=\"https:\/\/lysinterfilter.com\/it\/manufacturer\/battery-explosion-proof-disc\/\" \/>\n<meta property=\"og:site_name\" content=\"Porous Plastic Filter Manufacturer China\" \/>\n<meta property=\"article:modified_time\" content=\"2026-03-03T08:26:16+00:00\" \/>\n<meta property=\"og:image\" content=\"https:\/\/lysinterfilter.com\/wp-content\/uploads\/2024\/06\/dic5.jpg\" \/>\n\t<meta property=\"og:image:width\" content=\"1024\" \/>\n\t<meta property=\"og:image:height\" content=\"1024\" \/>\n\t<meta property=\"og:image:type\" content=\"image\/jpeg\" \/>\n<meta name=\"twitter:card\" content=\"summary_large_image\" \/>\n<meta name=\"twitter:label1\" content=\"Tempo di lettura stimato\" \/>\n\t<meta name=\"twitter:data1\" content=\"2 minuti\" \/>\n<script type=\"application\/ld+json\" class=\"yoast-schema-graph\">{\"@context\":\"https:\/\/schema.org\",\"@graph\":[{\"@type\":\"WebPage\",\"@id\":\"https:\/\/lysinterfilter.com\/manufacturer\/battery-explosion-proof-disc\/\",\"url\":\"https:\/\/lysinterfilter.com\/manufacturer\/battery-explosion-proof-disc\/\",\"name\":\"Battery explosion-proof disc - Porous Plastic Filter Manufacturer China\",\"isPartOf\":{\"@id\":\"https:\/\/lysinterfilter.com\/#website\"},\"primaryImageOfPage\":{\"@id\":\"https:\/\/lysinterfilter.com\/manufacturer\/battery-explosion-proof-disc\/#primaryimage\"},\"image\":{\"@id\":\"https:\/\/lysinterfilter.com\/manufacturer\/battery-explosion-proof-disc\/#primaryimage\"},\"thumbnailUrl\":\"https:\/\/lysinterfilter.com\/wp-content\/uploads\/2024\/06\/dic5.jpg\",\"datePublished\":\"2024-06-11T06:59:32+00:00\",\"dateModified\":\"2026-03-03T08:26:16+00:00\",\"description\":\"Ensure safety and reliability with our battery explosion-proof discs. Designed to prevent hazardous explosions, these high-quality discs offer superior protection for batteries in various applications. Trust our explosion-proof discs for optimal safety and peace of mind.\",\"breadcrumb\":{\"@id\":\"https:\/\/lysinterfilter.com\/manufacturer\/battery-explosion-proof-disc\/#breadcrumb\"},\"inLanguage\":\"it-IT\",\"potentialAction\":[{\"@type\":\"ReadAction\",\"target\":[\"https:\/\/lysinterfilter.com\/manufacturer\/battery-explosion-proof-disc\/\"]}]},{\"@type\":\"ImageObject\",\"inLanguage\":\"it-IT\",\"@id\":\"https:\/\/lysinterfilter.com\/manufacturer\/battery-explosion-proof-disc\/#primaryimage\",\"url\":\"https:\/\/lysinterfilter.com\/wp-content\/uploads\/2024\/06\/dic5.jpg\",\"contentUrl\":\"https:\/\/lysinterfilter.com\/wp-content\/uploads\/2024\/06\/dic5.jpg\",\"width\":1024,\"height\":1024,\"caption\":\"{\\\"data\\\":{\\\"pictureId\\\":\\\"cafc8b27d37342268029c9d4359424a6\\\",\\\"appversion\\\":\\\"14.0.0\\\",\\\"stickerId\\\":\\\"\\\",\\\"filterId\\\":\\\"\\\",\\\"infoStickerId\\\":\\\"\\\",\\\"imageEffectId\\\":\\\"\\\",\\\"playId\\\":\\\"\\\",\\\"activityName\\\":\\\"\\\",\\\"os\\\":\\\"android\\\",\\\"product\\\":\\\"retouch\\\",\\\"originAppId\\\":\\\"2515\\\",\\\"exportType\\\":\\\"\\\",\\\"editType\\\":\\\"\\\",\\\"alias\\\":\\\"\\\",\\\"enterFrom\\\":\\\"enter_launch\\\",\\\"capability_key\\\":[\\\"erase\\\"],\\\"capability_extra_v2\\\":{\\\"erase\\\":[{\\\"panel\\\":\\\"eliminatePen\\\"}]},\\\"effect_type\\\":\\\"tool\\\",\\\"effect_id\\\":\\\"erase\\\"},\\\"source_type\\\":\\\"douyin_beauty_me\\\"}\"},{\"@type\":\"BreadcrumbList\",\"@id\":\"https:\/\/lysinterfilter.com\/manufacturer\/battery-explosion-proof-disc\/#breadcrumb\",\"itemListElement\":[{\"@type\":\"ListItem\",\"position\":1,\"name\":\"Home\",\"item\":\"https:\/\/lysinterfilter.com\/\"},{\"@type\":\"ListItem\",\"position\":2,\"name\":\"Products\",\"item\":\"https:\/\/lysinterfilter.com\/shop\/\"},{\"@type\":\"ListItem\",\"position\":3,\"name\":\"Battery explosion-proof disc\"}]},{\"@type\":\"WebSite\",\"@id\":\"https:\/\/lysinterfilter.com\/#website\",\"url\":\"https:\/\/lysinterfilter.com\/\",\"name\":\"Porous Plastic Filter Manufacturer China\",\"description\":\"\",\"potentialAction\":[{\"@type\":\"SearchAction\",\"target\":{\"@type\":\"EntryPoint\",\"urlTemplate\":\"https:\/\/lysinterfilter.com\/?s={search_term_string}\"},\"query-input\":{\"@type\":\"PropertyValueSpecification\",\"valueRequired\":true,\"valueName\":\"search_term_string\"}}],\"inLanguage\":\"it-IT\"}]}<\/script>\n<!-- \/ Yoast SEO plugin. -->","yoast_head_json":{"title":"Battery explosion-proof disc - Porous Plastic Filter Manufacturer China","description":"Garantisci sicurezza e affidabilit\u00e0 con i nostri dischi antideflagranti per batterie. Progettati per prevenire pericolose esplosioni, questi dischi di alta qualit\u00e0 offrono una protezione superiore per le batterie in varie applicazioni. Affidati ai nostri dischi antideflagranti per una sicurezza e una tranquillit\u00e0 ottimali.","robots":{"index":"index","follow":"follow","max-snippet":"max-snippet:-1","max-image-preview":"max-image-preview:large","max-video-preview":"max-video-preview:-1"},"canonical":"https:\/\/lysinterfilter.com\/it\/manufacturer\/battery-explosion-proof-disc\/","og_locale":"it_IT","og_type":"article","og_title":"Battery explosion-proof disc - Porous Plastic Filter Manufacturer China","og_description":"Ensure safety and reliability with our battery explosion-proof discs. Designed to prevent hazardous explosions, these high-quality discs offer superior protection for batteries in various applications. Trust our explosion-proof discs for optimal safety and peace of mind.","og_url":"https:\/\/lysinterfilter.com\/it\/manufacturer\/battery-explosion-proof-disc\/","og_site_name":"Porous Plastic Filter Manufacturer China","article_modified_time":"2026-03-03T08:26:16+00:00","og_image":[{"width":1024,"height":1024,"url":"https:\/\/lysinterfilter.com\/wp-content\/uploads\/2024\/06\/dic5.jpg","type":"image\/jpeg"}],"twitter_card":"summary_large_image","twitter_misc":{"Tempo di lettura stimato":"2 minuti"},"schema":{"@context":"https:\/\/schema.org","@graph":[{"@type":"WebPage","@id":"https:\/\/lysinterfilter.com\/manufacturer\/battery-explosion-proof-disc\/","url":"https:\/\/lysinterfilter.com\/manufacturer\/battery-explosion-proof-disc\/","name":"Battery explosion-proof disc - Porous Plastic Filter Manufacturer China","isPartOf":{"@id":"https:\/\/lysinterfilter.com\/#website"},"primaryImageOfPage":{"@id":"https:\/\/lysinterfilter.com\/manufacturer\/battery-explosion-proof-disc\/#primaryimage"},"image":{"@id":"https:\/\/lysinterfilter.com\/manufacturer\/battery-explosion-proof-disc\/#primaryimage"},"thumbnailUrl":"https:\/\/lysinterfilter.com\/wp-content\/uploads\/2024\/06\/dic5.jpg","datePublished":"2024-06-11T06:59:32+00:00","dateModified":"2026-03-03T08:26:16+00:00","description":"Garantisci sicurezza e affidabilit\u00e0 con i nostri dischi antideflagranti per batterie. Progettati per prevenire pericolose esplosioni, questi dischi di alta qualit\u00e0 offrono una protezione superiore per le batterie in varie applicazioni. Affidati ai nostri dischi antideflagranti per una sicurezza e una tranquillit\u00e0 ottimali.","breadcrumb":{"@id":"https:\/\/lysinterfilter.com\/manufacturer\/battery-explosion-proof-disc\/#breadcrumb"},"inLanguage":"it-IT","potentialAction":[{"@type":"ReadAction","target":["https:\/\/lysinterfilter.com\/manufacturer\/battery-explosion-proof-disc\/"]}]},{"@type":"ImageObject","inLanguage":"it-IT","@id":"https:\/\/lysinterfilter.com\/manufacturer\/battery-explosion-proof-disc\/#primaryimage","url":"https:\/\/lysinterfilter.com\/wp-content\/uploads\/2024\/06\/dic5.jpg","contentUrl":"https:\/\/lysinterfilter.com\/wp-content\/uploads\/2024\/06\/dic5.jpg","width":1024,"height":1024,"caption":"{\"data\":{\"pictureId\":\"cafc8b27d37342268029c9d4359424a6\",\"appversion\":\"14.0.0\",\"stickerId\":\"\",\"filterId\":\"\",\"infoStickerId\":\"\",\"imageEffectId\":\"\",\"playId\":\"\",\"activityName\":\"\",\"os\":\"android\",\"product\":\"retouch\",\"originAppId\":\"2515\",\"exportType\":\"\",\"editType\":\"\",\"alias\":\"\",\"enterFrom\":\"enter_launch\",\"capability_key\":[\"erase\"],\"capability_extra_v2\":{\"erase\":[{\"panel\":\"eliminatePen\"}]},\"effect_type\":\"tool\",\"effect_id\":\"erase\"},\"source_type\":\"douyin_beauty_me\"}"},{"@type":"BreadcrumbList","@id":"https:\/\/lysinterfilter.com\/manufacturer\/battery-explosion-proof-disc\/#breadcrumb","itemListElement":[{"@type":"ListItem","position":1,"name":"Home","item":"https:\/\/lysinterfilter.com\/"},{"@type":"ListItem","position":2,"name":"Products","item":"https:\/\/lysinterfilter.com\/shop\/"},{"@type":"ListItem","position":3,"name":"Battery explosion-proof disc"}]},{"@type":"WebSite","@id":"https:\/\/lysinterfilter.com\/#website","url":"https:\/\/lysinterfilter.com\/","name":"Porous Plastic Filter Manufacturer China","description":"","potentialAction":[{"@type":"SearchAction","target":{"@type":"EntryPoint","urlTemplate":"https:\/\/lysinterfilter.com\/?s={search_term_string}"},"query-input":{"@type":"PropertyValueSpecification","valueRequired":true,"valueName":"search_term_string"}}],"inLanguage":"it-IT"}]}},"_links":{"self":[{"href":"https:\/\/lysinterfilter.com\/it\/wp-json\/wp\/v2\/product\/1983","targetHints":{"allow":["GET"]}}],"collection":[{"href":"https:\/\/lysinterfilter.com\/it\/wp-json\/wp\/v2\/product"}],"about":[{"href":"https:\/\/lysinterfilter.com\/it\/wp-json\/wp\/v2\/types\/product"}],"wp:featuredmedia":[{"embeddable":true,"href":"https:\/\/lysinterfilter.com\/it\/wp-json\/wp\/v2\/media\/2717"}],"wp:attachment":[{"href":"https:\/\/lysinterfilter.com\/it\/wp-json\/wp\/v2\/media?parent=1983"}],"wp:term":[{"taxonomy":"product_brand","embeddable":true,"href":"https:\/\/lysinterfilter.com\/it\/wp-json\/wp\/v2\/product_brand?post=1983"},{"taxonomy":"product_cat","embeddable":true,"href":"https:\/\/lysinterfilter.com\/it\/wp-json\/wp\/v2\/product_cat?post=1983"},{"taxonomy":"product_tag","embeddable":true,"href":"https:\/\/lysinterfilter.com\/it\/wp-json\/wp\/v2\/product_tag?post=1983"}],"curies":[{"name":"wp","href":"https:\/\/api.w.org\/{rel}","templated":true}]}}