{"id":2346,"date":"2024-06-17T07:52:59","date_gmt":"2024-06-17T07:52:59","guid":{"rendered":"https:\/\/lysinterfilter.com\/?post_type=product&#038;p=2346"},"modified":"2026-02-02T08:46:43","modified_gmt":"2026-02-02T08:46:43","slug":"cpg-frits","status":"publish","type":"product","link":"https:\/\/lysinterfilter.com\/fr\/manufacturer\/cpg-frits\/","title":{"rendered":"Frites CPG"},"content":{"rendered":"<div class=\"row\"  id=\"row-744671920\">\n\n\t<div id=\"col-634826172\" class=\"col small-12 large-12\"  >\n\t\t\t\t<div class=\"col-inner\"  >\n\t\t\t\n\t\t\t\n<h2>D\u00e9tails du produit<\/h2>\n<h4><strong>Introduction:<\/strong><\/h4>\n<p>Filtre de synth\u00e8se d&#039;ADN utilis\u00e9 pour une colonne de synth\u00e8se d&#039;ADN unique, emp\u00eache la lib\u00e9ration de particules CPG co\u00fbteuses. Les filtres de synth\u00e8se d&#039;ADN doivent optimiser la taille des pores, de sorte que lorsque le liquide monte, les particules CPG puissent monter et maintenir un \u00e9tat de suspension et se m\u00e9langer correctement.<\/p>\n\t<div id=\"text-2110079249\" class=\"text\">\n\t\t\n<h3><strong>Photos:<\/strong><\/h3>\n\t\t\n<style>\n#text-2110079249 {\n  text-align: left;\n}\n<\/style>\n\t<\/div>\n\t\n\t<div class=\"img has-hover x md-x lg-x y md-y lg-y\" id=\"image_321664341\">\n\t\t\t\t\t\t\t\t<div class=\"img-inner dark\" >\n\t\t\t\t\t\t\t\t\t\n\t\t\t\t\t<\/div>\n\t\t\t\t\t\t\t\t\n<style>\n#image_321664341 {\n  width: 100%;\n}\n<\/style>\n\t<\/div>\n\t\n\t<div id=\"text-1099766338\" class=\"text\">\n\t\t\n<h3><strong>Informations de commande :<\/strong><\/h3>\n<div style=\"overflow: auto;\">\n<p>LY-DSF025-25-20\u03a62.5mm thickness 2.5mm pore 20\u03bcm1,000LY-DSF025-25-80\u03a62.5mm thickness 2.5mm pore 80\u03bcm1,000LY-DSF041-25-50\u03a62.5mm thickness 2.5mm pore50\u03bcm1,000<\/p>\n<table border=\"\u201d1\u2033\" width=\"\u201d3000px\u201d\" align=\"\u201dcenter\u201d\">\n<tbody>\n<tr style=\"background-color: #f2f2f2;\">\n<th style=\"border: 1px solid #dddddd; padding: 8px;\">Cat\u00e9gorie #<\/th>\n<th style=\"border: 1px solid #dddddd; padding: 8px;\">Description<\/th>\n<th style=\"border: 1px solid #dddddd; padding: 8px;\">Paquet (Pcs\/PK)<\/th>\n<\/tr>\n<tr style=\"background-color: #f2f2f2;\">\n<td style=\"border: 1px solid #dddddd; padding: 8px;\">LY-DSF025-25-50<\/td>\n<td style=\"border: 1px solid #dddddd; padding: 8px;\">\u03a62,5 mm d&#039;\u00e9paisseur, pores de 2,5 mm, 50 \u03bcm<\/td>\n<td style=\"border: 1px solid #dddddd; padding: 8px;\">1,000<\/td>\n<\/tr>\n<tr style=\"background-color: #f2f2f2;\">\n<td style=\"border: 1px solid #dddddd; padding: 8px;\">LY-DSF041-25-20<\/td>\n<td style=\"border: 1px solid #dddddd; padding: 8px;\">\u03a62,5 mm d&#039;\u00e9paisseur, pores de 2,5 mm, 20 \u03bcm<\/td>\n<td style=\"border: 1px solid #dddddd; padding: 8px;\">1,000<\/td>\n<\/tr>\n<tr style=\"background-color: #f2f2f2;\">\n<td style=\"border: 1px solid #dddddd; padding: 8px;\">LY-DSF041-25-80<\/td>\n<td style=\"border: 1px solid #dddddd; padding: 8px;\">\u03a62,5 mm d&#039;\u00e9paisseur, pores de 2,5 mm, 80 \u03bcm<\/td>\n<td style=\"border: 1px solid #dddddd; padding: 8px;\">1,000<\/td>\n<\/tr>\n<\/tbody>\n<\/table>\n<\/div>\n\t\t\n<style>\n#text-1099766338 {\n  text-align: left;\n}\n<\/style>\n\t<\/div>\n\t\n\t\t<\/div>\n\t\t\t\t\t<\/div>\n\n\t\n\n\t<div id=\"col-647671113\" class=\"col small-12 large-12\"  >\n\t\t\t\t<div class=\"col-inner\"  >\n\t\t\t\n\t\t\t\n<h2>Application<\/h2>\n\t<div class=\"img has-hover x md-x lg-x y md-y lg-y\" id=\"image_1779699994\">\n\t\t\t\t\t\t\t\t<div class=\"img-inner dark\" >\n\t\t\t<img loading=\"lazy\" decoding=\"async\" width=\"750\" height=\"350\" src=\"https:\/\/lysinterfilter.com\/wp-content\/uploads\/2024\/06\/Application.webp\" class=\"attachment-original size-original\" alt=\"\" srcset=\"https:\/\/lysinterfilter.com\/wp-content\/uploads\/2024\/06\/Application.webp 750w, https:\/\/lysinterfilter.com\/wp-content\/uploads\/2024\/06\/Application-300x140.webp 300w, https:\/\/lysinterfilter.com\/wp-content\/uploads\/2024\/06\/Application-18x8.webp 18w, https:\/\/lysinterfilter.com\/wp-content\/uploads\/2024\/06\/Application-600x280.webp 600w\" sizes=\"auto, (max-width: 750px) 100vw, 750px\" \/>\t\t\t\t\t\t\n\t\t\t\t\t<\/div>\n\t\t\t\t\t\t\t\t\n<style>\n#image_1779699994 {\n  width: 100%;\n}\n<\/style>\n\t<\/div>\n\t\n<p>A. Industrie pharmaceutique<\/p>\n<p>(1)Infusion importante d&#039;eau, d\u00e9carbonisation des interm\u00e9diaires pharmaceutiques<\/p>\n<p>filtration; bouillon de fermentation, liquide oral<\/p>\n<p>(2) Charbon actif en poudre avec filtre de d\u00e9coloration (liquide m\u00e9dicinal<\/p>\n<p>glucose,antibiotiques,m\u00e9dicament synth\u00e9tique,pr\u00e9paration,m\u00e9decine chinoise \u00e0 base de plantes<\/p>\n<p>liquide, etc.)<\/p>\n<p>(3) Liquide d&#039;injection<\/p>\n<p>(4) Filtre \u00e0 air d&#039;injection<\/p>\n<p>(5)Eau de la bouteille de lavage par injection<\/p>\n<p>(6) Filtration des liqueurs m\u00e9dicales<\/p>\n<p>B. Industrie chimique<\/p>\n<p>(1) Filtrage et lavage de l&#039;hydroxyde d&#039;aluminium<\/p>\n<p>(2) Filtrage et lavage du catalyseur au palladium<\/p>\n<p>(3) Filtrage et lavage du phosphore<\/p>\n<p>(4) Filtrage au carbonate de zinc<\/p>\n<p>(5) Filtration de la solution de carbonate de sodium<\/p>\n<p>(6) Filtrage et lavage au sulfate de baryum<\/p>\n<p>(7) Filtrage et lavage du sulfure de cadmium<\/p>\n<p>C.Industrie chimique des fibres et du textile<\/p>\n<p>(1)Filtration par bain acide<\/p>\n<p>(2) Filtration de purification du soufre et de l&#039;acide acrylique<\/p>\n<p>(3) Filtration de pr\u00e9cision de l&#039;eau de soie<\/p>\n<p>D.Industrie l\u00e9g\u00e8re et industrie alimentaire<\/p>\n<p>(1)Filtration du sirop<\/p>\n<p>(2)Filtration des boissons<\/p>\n<p>(3) Filtration du vin et des spiritueux blancs<\/p>\n<p>(4) Filtration de pr\u00e9cision de l&#039;huile v\u00e9g\u00e9tale<\/p>\n<p>(5) Filtration des huiles essentielles<\/p>\n<p>(6)Filtration de l&#039;eau min\u00e9rale<\/p>\n<p>E. Industrie des machines et du p\u00e9trole<\/p>\n<p>(1) Filtration de la solution de placage<\/p>\n<p>(2)Filtration de pr\u00e9cision du liquide de nettoyage du moteur \u00e0 combustion interne<\/p>\n<p>(3) Filtration de lavage des champs p\u00e9trolif\u00e8res<\/p>\n<p>(4)\u00c9quipement d&#039;eau ultra pure pour l&#039;industrie \u00e9lectrique<\/p>\n<p>F.Traitement des eaux us\u00e9es<\/p>\n<p>(1)Traitement des eaux us\u00e9es \u00e0 l&#039;hydroxyde mental lourd<\/p>\n<p>(2)Traitement des eaux us\u00e9es contenant des m\u00e9taux lourds m\u00e9lang\u00e9s<\/p>\n<p>(3)Traitement chimique des eaux us\u00e9es<\/p>\n<p>(4)Traitement des eaux us\u00e9es en c\u00e9ramique<\/p>\n<p>(5)Traitement des eaux us\u00e9es contenant de l&#039;aluminium<\/p>\n<p>(6)Autre traitement des eaux us\u00e9es<\/p>\n\t\t<\/div>\n\t\t\t\t\t<\/div>\n\n\t\n\n\t<div id=\"col-752761951\" class=\"col small-12 large-12\"  >\n\t\t\t\t<div class=\"col-inner\"  >\n\t\t\t\n\t\t\t\n<h2>Certifications<\/h2>\n\t<div class=\"img has-hover x md-x lg-x y md-y lg-y\" id=\"image_1495010713\">\n\t\t\t\t\t\t\t\t<div class=\"img-inner dark\" >\n\t\t\t<img loading=\"lazy\" decoding=\"async\" width=\"750\" height=\"450\" src=\"https:\/\/lysinterfilter.com\/wp-content\/uploads\/2024\/06\/Certifications.webp\" class=\"attachment-original size-original\" alt=\"\" srcset=\"https:\/\/lysinterfilter.com\/wp-content\/uploads\/2024\/06\/Certifications.webp 750w, https:\/\/lysinterfilter.com\/wp-content\/uploads\/2024\/06\/Certifications-300x180.webp 300w, https:\/\/lysinterfilter.com\/wp-content\/uploads\/2024\/06\/Certifications-18x12.webp 18w, https:\/\/lysinterfilter.com\/wp-content\/uploads\/2024\/06\/Certifications-600x360.webp 600w\" sizes=\"auto, (max-width: 750px) 100vw, 750px\" \/>\t\t\t\t\t\t\n\t\t\t\t\t<\/div>\n\t\t\t\t\t\t\t\t\n<style>\n#image_1495010713 {\n  width: 100%;\n}\n<\/style>\n\t<\/div>\n\t\n\t\t<\/div>\n\t\t\t\t\t<\/div>\n\n\t\n<\/div>","protected":false},"excerpt":{"rendered":"<ul>\n<li>Quantit\u00e9 minimale de commande :<span id=\"dr_show_hits_179\">1 pi\u00e8ce<\/span><\/li>\n<li>Personnalis\u00e9 : accept\u00e9<\/li>\n<li>Brand\uff1aOEM<\/li>\n<li>D\u00e9lai de livraison : Dans les 7 jours<\/li>\n<li>Certification : CE;ISO 9001<\/li>\n<li>Envoyer un e-mail:<\/li>\n<li><a href=\"mailto:info@lysinterfilter.com\">info@lysinterfilter.com<\/a><\/li>\n<\/ul>","protected":false},"featured_media":2646,"template":"","meta":[],"product_brand":[],"product_cat":[41],"product_tag":[],"class_list":{"0":"post-2346","1":"product","2":"type-product","3":"status-publish","4":"has-post-thumbnail","6":"product_cat-laboratory-filter","8":"first","9":"instock","10":"shipping-taxable","11":"product-type-simple"},"yoast_head":"<!-- This site is optimized with the Yoast SEO plugin v27.2 - https:\/\/yoast.com\/product\/yoast-seo-wordpress\/ -->\n<title>CPG Frits - Porous Plastic Filter Manufacturer China<\/title>\n<meta name=\"description\" content=\"Discover high-quality CPG frits for your chromatography needs. Our precision-engineered frits ensure optimal flow rates and filtration efficiency. Ideal for laboratory applications, they deliver reliable and consistent results every time.\" \/>\n<meta name=\"robots\" content=\"index, follow, max-snippet:-1, max-image-preview:large, max-video-preview:-1\" \/>\n<link rel=\"canonical\" href=\"https:\/\/lysinterfilter.com\/fr\/manufacturer\/cpg-frits\/\" \/>\n<meta property=\"og:locale\" content=\"fr_FR\" \/>\n<meta property=\"og:type\" content=\"article\" \/>\n<meta property=\"og:title\" content=\"CPG Frits - Porous Plastic Filter Manufacturer China\" \/>\n<meta property=\"og:description\" content=\"Discover high-quality CPG frits for your chromatography needs. Our precision-engineered frits ensure optimal flow rates and filtration efficiency. Ideal for laboratory applications, they deliver reliable and consistent results every time.\" \/>\n<meta property=\"og:url\" content=\"https:\/\/lysinterfilter.com\/fr\/manufacturer\/cpg-frits\/\" \/>\n<meta property=\"og:site_name\" content=\"Porous Plastic Filter Manufacturer China\" \/>\n<meta property=\"article:modified_time\" content=\"2026-02-02T08:46:43+00:00\" \/>\n<meta property=\"og:image\" content=\"https:\/\/lysinterfilter.com\/wp-content\/uploads\/2024\/06\/pe102.jpg\" \/>\n\t<meta property=\"og:image:width\" content=\"1024\" \/>\n\t<meta property=\"og:image:height\" content=\"898\" \/>\n\t<meta property=\"og:image:type\" content=\"image\/jpeg\" \/>\n<meta name=\"twitter:card\" content=\"summary_large_image\" \/>\n<meta name=\"twitter:label1\" content=\"Dur\u00e9e de lecture estim\u00e9e\" \/>\n\t<meta name=\"twitter:data1\" content=\"2 minutes\" \/>\n<script type=\"application\/ld+json\" class=\"yoast-schema-graph\">{\"@context\":\"https:\/\/schema.org\",\"@graph\":[{\"@type\":\"WebPage\",\"@id\":\"https:\/\/lysinterfilter.com\/manufacturer\/cpg-frits\/\",\"url\":\"https:\/\/lysinterfilter.com\/manufacturer\/cpg-frits\/\",\"name\":\"CPG Frits - Porous Plastic Filter Manufacturer China\",\"isPartOf\":{\"@id\":\"https:\/\/lysinterfilter.com\/#website\"},\"primaryImageOfPage\":{\"@id\":\"https:\/\/lysinterfilter.com\/manufacturer\/cpg-frits\/#primaryimage\"},\"image\":{\"@id\":\"https:\/\/lysinterfilter.com\/manufacturer\/cpg-frits\/#primaryimage\"},\"thumbnailUrl\":\"https:\/\/lysinterfilter.com\/wp-content\/uploads\/2024\/06\/pe102.jpg\",\"datePublished\":\"2024-06-17T07:52:59+00:00\",\"dateModified\":\"2026-02-02T08:46:43+00:00\",\"description\":\"Discover high-quality CPG frits for your chromatography needs. Our precision-engineered frits ensure optimal flow rates and filtration efficiency. Ideal for laboratory applications, they deliver reliable and consistent results every time.\",\"breadcrumb\":{\"@id\":\"https:\/\/lysinterfilter.com\/manufacturer\/cpg-frits\/#breadcrumb\"},\"inLanguage\":\"fr-FR\",\"potentialAction\":[{\"@type\":\"ReadAction\",\"target\":[\"https:\/\/lysinterfilter.com\/manufacturer\/cpg-frits\/\"]}]},{\"@type\":\"ImageObject\",\"inLanguage\":\"fr-FR\",\"@id\":\"https:\/\/lysinterfilter.com\/manufacturer\/cpg-frits\/#primaryimage\",\"url\":\"https:\/\/lysinterfilter.com\/wp-content\/uploads\/2024\/06\/pe102.jpg\",\"contentUrl\":\"https:\/\/lysinterfilter.com\/wp-content\/uploads\/2024\/06\/pe102.jpg\",\"width\":1024,\"height\":898,\"caption\":\"{\\\"data\\\":{\\\"pictureId\\\":\\\"2071ceea794b4b798406c5f58521f1f6\\\",\\\"appversion\\\":\\\"14.0.0\\\",\\\"stickerId\\\":\\\"\\\",\\\"filterId\\\":\\\"\\\",\\\"infoStickerId\\\":\\\"\\\",\\\"imageEffectId\\\":\\\"\\\",\\\"playId\\\":\\\"\\\",\\\"activityName\\\":\\\"\\\",\\\"os\\\":\\\"android\\\",\\\"product\\\":\\\"retouch\\\",\\\"originAppId\\\":\\\"2515\\\",\\\"exportType\\\":\\\"\\\",\\\"editType\\\":\\\"\\\",\\\"alias\\\":\\\"KY1PQ2FNXy4K\/W9m6XGJNozyt1jeJo3iy27SiJjUmMuQOKhZv6d0az\/6IZizLvonzg54m8XvL1ps0wVycyCVoctJwO535shkxmpsshW8mYpI2SbT7Tx5\/VD1d9+F+tZRsWdB3ViWP4EWtV4Kxt5WdWZKyv6z2qrZQj7yWRa5P3pGA73+td+nDf4wMcItCKl0eEeMuyyf0Cb8MVrpzDgdDWX8MYWNsLG\/Dsb2Shi9tpRhm9jgdU32NpvGntI8TCgsHW9DAFevCaOJkvzb9MTJ\/3Lk9tgaQE7LhBhYbpMM4fyylhSTxiwTLwGF4wMFKmw+1YTOAvvH5301atTXSecUqg==\\\",\\\"enterFrom\\\":\\\"enter_launch\\\",\\\"capability_key\\\":[\\\"erase\\\"],\\\"capability_extra_v2\\\":{\\\"erase\\\":[{\\\"panel\\\":\\\"magic_eliminate\\\"}]},\\\"effect_type\\\":\\\"tool\\\",\\\"effect_id\\\":\\\"erase\\\"},\\\"source_type\\\":\\\"douyin_beauty_me\\\"}\"},{\"@type\":\"BreadcrumbList\",\"@id\":\"https:\/\/lysinterfilter.com\/manufacturer\/cpg-frits\/#breadcrumb\",\"itemListElement\":[{\"@type\":\"ListItem\",\"position\":1,\"name\":\"Home\",\"item\":\"https:\/\/lysinterfilter.com\/\"},{\"@type\":\"ListItem\",\"position\":2,\"name\":\"Products\",\"item\":\"https:\/\/lysinterfilter.com\/shop\/\"},{\"@type\":\"ListItem\",\"position\":3,\"name\":\"CPG Frits\"}]},{\"@type\":\"WebSite\",\"@id\":\"https:\/\/lysinterfilter.com\/#website\",\"url\":\"https:\/\/lysinterfilter.com\/\",\"name\":\"Porous Plastic Filter Manufacturer China\",\"description\":\"\",\"potentialAction\":[{\"@type\":\"SearchAction\",\"target\":{\"@type\":\"EntryPoint\",\"urlTemplate\":\"https:\/\/lysinterfilter.com\/?s={search_term_string}\"},\"query-input\":{\"@type\":\"PropertyValueSpecification\",\"valueRequired\":true,\"valueName\":\"search_term_string\"}}],\"inLanguage\":\"fr-FR\"}]}<\/script>\n<!-- \/ Yoast SEO plugin. -->","yoast_head_json":{"title":"CPG Frits - Porous Plastic Filter Manufacturer China","description":"D\u00e9couvrez des frittes CPG de haute qualit\u00e9 pour vos besoins en chromatographie. Nos frittes con\u00e7ues avec pr\u00e9cision garantissent des d\u00e9bits et une efficacit\u00e9 de filtration optimaux. Id\u00e9ales pour les applications en laboratoire, elles fournissent des r\u00e9sultats fiables et coh\u00e9rents \u00e0 chaque fois.","robots":{"index":"index","follow":"follow","max-snippet":"max-snippet:-1","max-image-preview":"max-image-preview:large","max-video-preview":"max-video-preview:-1"},"canonical":"https:\/\/lysinterfilter.com\/fr\/manufacturer\/cpg-frits\/","og_locale":"fr_FR","og_type":"article","og_title":"CPG Frits - Porous Plastic Filter Manufacturer China","og_description":"Discover high-quality CPG frits for your chromatography needs. Our precision-engineered frits ensure optimal flow rates and filtration efficiency. Ideal for laboratory applications, they deliver reliable and consistent results every time.","og_url":"https:\/\/lysinterfilter.com\/fr\/manufacturer\/cpg-frits\/","og_site_name":"Porous Plastic Filter Manufacturer China","article_modified_time":"2026-02-02T08:46:43+00:00","og_image":[{"width":1024,"height":898,"url":"https:\/\/lysinterfilter.com\/wp-content\/uploads\/2024\/06\/pe102.jpg","type":"image\/jpeg"}],"twitter_card":"summary_large_image","twitter_misc":{"Dur\u00e9e de lecture estim\u00e9e":"2 minutes"},"schema":{"@context":"https:\/\/schema.org","@graph":[{"@type":"WebPage","@id":"https:\/\/lysinterfilter.com\/manufacturer\/cpg-frits\/","url":"https:\/\/lysinterfilter.com\/manufacturer\/cpg-frits\/","name":"CPG Frits - Porous Plastic Filter Manufacturer China","isPartOf":{"@id":"https:\/\/lysinterfilter.com\/#website"},"primaryImageOfPage":{"@id":"https:\/\/lysinterfilter.com\/manufacturer\/cpg-frits\/#primaryimage"},"image":{"@id":"https:\/\/lysinterfilter.com\/manufacturer\/cpg-frits\/#primaryimage"},"thumbnailUrl":"https:\/\/lysinterfilter.com\/wp-content\/uploads\/2024\/06\/pe102.jpg","datePublished":"2024-06-17T07:52:59+00:00","dateModified":"2026-02-02T08:46:43+00:00","description":"D\u00e9couvrez des frittes CPG de haute qualit\u00e9 pour vos besoins en chromatographie. Nos frittes con\u00e7ues avec pr\u00e9cision garantissent des d\u00e9bits et une efficacit\u00e9 de filtration optimaux. Id\u00e9ales pour les applications en laboratoire, elles fournissent des r\u00e9sultats fiables et coh\u00e9rents \u00e0 chaque fois.","breadcrumb":{"@id":"https:\/\/lysinterfilter.com\/manufacturer\/cpg-frits\/#breadcrumb"},"inLanguage":"fr-FR","potentialAction":[{"@type":"ReadAction","target":["https:\/\/lysinterfilter.com\/manufacturer\/cpg-frits\/"]}]},{"@type":"ImageObject","inLanguage":"fr-FR","@id":"https:\/\/lysinterfilter.com\/manufacturer\/cpg-frits\/#primaryimage","url":"https:\/\/lysinterfilter.com\/wp-content\/uploads\/2024\/06\/pe102.jpg","contentUrl":"https:\/\/lysinterfilter.com\/wp-content\/uploads\/2024\/06\/pe102.jpg","width":1024,"height":898,"caption":"{\"data\":{\"pictureId\":\"2071ceea794b4b798406c5f58521f1f6\",\"appversion\":\"14.0.0\",\"stickerId\":\"\",\"filterId\":\"\",\"infoStickerId\":\"\",\"imageEffectId\":\"\",\"playId\":\"\",\"activityName\":\"\",\"os\":\"android\",\"product\":\"retouch\",\"originAppId\":\"2515\",\"exportType\":\"\",\"editType\":\"\",\"alias\":\"KY1PQ2FNXy4K\/W9m6XGJNozyt1jeJo3iy27SiJjUmMuQOKhZv6d0az\/6IZizLvonzg54m8XvL1ps0wVycyCVoctJwO535shkxmpsshW8mYpI2SbT7Tx5\/VD1d9+F+tZRsWdB3ViWP4EWtV4Kxt5WdWZKyv6z2qrZQj7yWRa5P3pGA73+td+nDf4wMcItCKl0eEeMuyyf0Cb8MVrpzDgdDWX8MYWNsLG\/Dsb2Shi9tpRhm9jgdU32NpvGntI8TCgsHW9DAFevCaOJkvzb9MTJ\/3Lk9tgaQE7LhBhYbpMM4fyylhSTxiwTLwGF4wMFKmw+1YTOAvvH5301atTXSecUqg==\",\"enterFrom\":\"enter_launch\",\"capability_key\":[\"erase\"],\"capability_extra_v2\":{\"erase\":[{\"panel\":\"magic_eliminate\"}]},\"effect_type\":\"tool\",\"effect_id\":\"erase\"},\"source_type\":\"douyin_beauty_me\"}"},{"@type":"BreadcrumbList","@id":"https:\/\/lysinterfilter.com\/manufacturer\/cpg-frits\/#breadcrumb","itemListElement":[{"@type":"ListItem","position":1,"name":"Home","item":"https:\/\/lysinterfilter.com\/"},{"@type":"ListItem","position":2,"name":"Products","item":"https:\/\/lysinterfilter.com\/shop\/"},{"@type":"ListItem","position":3,"name":"CPG Frits"}]},{"@type":"WebSite","@id":"https:\/\/lysinterfilter.com\/#website","url":"https:\/\/lysinterfilter.com\/","name":"Porous Plastic Filter Manufacturer China","description":"","potentialAction":[{"@type":"SearchAction","target":{"@type":"EntryPoint","urlTemplate":"https:\/\/lysinterfilter.com\/?s={search_term_string}"},"query-input":{"@type":"PropertyValueSpecification","valueRequired":true,"valueName":"search_term_string"}}],"inLanguage":"fr-FR"}]}},"_links":{"self":[{"href":"https:\/\/lysinterfilter.com\/fr\/wp-json\/wp\/v2\/product\/2346","targetHints":{"allow":["GET"]}}],"collection":[{"href":"https:\/\/lysinterfilter.com\/fr\/wp-json\/wp\/v2\/product"}],"about":[{"href":"https:\/\/lysinterfilter.com\/fr\/wp-json\/wp\/v2\/types\/product"}],"wp:featuredmedia":[{"embeddable":true,"href":"https:\/\/lysinterfilter.com\/fr\/wp-json\/wp\/v2\/media\/2646"}],"wp:attachment":[{"href":"https:\/\/lysinterfilter.com\/fr\/wp-json\/wp\/v2\/media?parent=2346"}],"wp:term":[{"taxonomy":"product_brand","embeddable":true,"href":"https:\/\/lysinterfilter.com\/fr\/wp-json\/wp\/v2\/product_brand?post=2346"},{"taxonomy":"product_cat","embeddable":true,"href":"https:\/\/lysinterfilter.com\/fr\/wp-json\/wp\/v2\/product_cat?post=2346"},{"taxonomy":"product_tag","embeddable":true,"href":"https:\/\/lysinterfilter.com\/fr\/wp-json\/wp\/v2\/product_tag?post=2346"}],"curies":[{"name":"wp","href":"https:\/\/api.w.org\/{rel}","templated":true}]}}