{"id":2345,"date":"2024-06-17T07:49:48","date_gmt":"2024-06-17T07:49:48","guid":{"rendered":"https:\/\/lysinterfilter.com\/?post_type=product&#038;p=2345"},"modified":"2026-02-02T08:49:05","modified_gmt":"2026-02-02T08:49:05","slug":"hydrophilic-frits","status":"publish","type":"product","link":"https:\/\/lysinterfilter.com\/fr\/manufacturer\/hydrophilic-frits\/","title":{"rendered":"Frittes hydrophiles"},"content":{"rendered":"<div class=\"row\"  id=\"row-640836100\">\n\n\t<div id=\"col-2010284717\" class=\"col small-12 large-12\"  >\n\t\t\t\t<div class=\"col-inner\"  >\n\t\t\t\n\t\t\t\n<h2>D\u00e9tails du produit<\/h2>\n<h4><strong>Introduction:<\/strong><\/h4>\n<p>Les frittes hydrophiles sont fabriqu\u00e9es \u00e0 partir d&#039;un mat\u00e9riau PE \u00e0 poids mol\u00e9culaire ultra \u00e9lev\u00e9 (UHMW-PE) hydrophobe avec notre processus de frittage avanc\u00e9, puis modifi\u00e9 pour pr\u00e9senter une surface hydrophile.<\/p>\n<h4><strong>Vous pouvez choisir des frittes par :<\/strong><\/h4>\n<p>\u00c9paisseur : 1,6 mm (1\/16\u2032) ; 2,5 mm (1\/10\u2032), d\u2019autres \u00e9paisseurs peuvent \u00eatre personnalis\u00e9es.<\/p>\n<p>Taille des pores : 50 um, d&#039;autres tailles de pores peuvent \u00eatre personnalis\u00e9es.<\/p>\n<p>Diam\u00e8tre : comme indiqu\u00e9 dans le tableau d&#039;informations de commande suivant.<\/p>\n\t<div id=\"text-350147391\" class=\"text\">\n\t\t\n<h3><strong>Photos:<\/strong><\/h3>\n\t\t\n<style>\n#text-350147391 {\n  text-align: left;\n}\n<\/style>\n\t<\/div>\n\t\n\t<div class=\"img has-hover x md-x lg-x y md-y lg-y\" id=\"image_727461155\">\n\t\t\t\t\t\t\t\t<div class=\"img-inner dark\" >\n\t\t\t\t\t\t\t\t\t\n\t\t\t\t\t<\/div>\n\t\t\t\t\t\t\t\t\n<style>\n#image_727461155 {\n  width: 100%;\n}\n<\/style>\n\t<\/div>\n\t\n<h3><strong>Informations de commande :<\/strong><\/h3>\n<div style=\"overflow: auto;\">\n\t\t<\/div>\n\t\t\t\t\t<\/div>\n\n\t\n\n\t<div id=\"col-1776876715\" class=\"col small-12 large-12\"  >\n\t\t\t\t<div class=\"col-inner\"  >\n\t\t\t\n\t\t\t\n<p>Application<\/p>\n\t<div class=\"img has-hover x md-x lg-x y md-y lg-y\" id=\"image_1690299689\">\n\t\t\t\t\t\t\t\t<div class=\"img-inner dark\" >\n\t\t\t<img loading=\"lazy\" decoding=\"async\" width=\"750\" height=\"350\" src=\"https:\/\/lysinterfilter.com\/wp-content\/uploads\/2024\/06\/Application.webp\" class=\"attachment-original size-original\" alt=\"\" srcset=\"https:\/\/lysinterfilter.com\/wp-content\/uploads\/2024\/06\/Application.webp 750w, https:\/\/lysinterfilter.com\/wp-content\/uploads\/2024\/06\/Application-300x140.webp 300w, https:\/\/lysinterfilter.com\/wp-content\/uploads\/2024\/06\/Application-18x8.webp 18w, https:\/\/lysinterfilter.com\/wp-content\/uploads\/2024\/06\/Application-600x280.webp 600w\" sizes=\"auto, (max-width: 750px) 100vw, 750px\" \/>\t\t\t\t\t\t\n\t\t\t\t\t<\/div>\n\t\t\t\t\t\t\t\t\n<style>\n#image_1690299689 {\n  width: 100%;\n}\n<\/style>\n\t<\/div>\n\t\n<p>A.Pharmaceutical Industry(1)Large infusion of water, pharmaceutical intermediates decarbonizationfiltration; fermentation broth, oral liquid(2)Powder activated carbon with decolorization filter(medicinal liquidglucose,antibiotics,synthetic medicine,preparation,Chinese herbal medicineliquid,etd.)(3)Injection liquid(4)Injection air filter(5)Injection washing bottle water(6)Medical liquor filtrationB.Chemical Industry(1)Aluminum hydroxide filtering and washing(2)Palladium catalyst filtering and washing(3)Phosphor filtering and washing(4)Zinc carbonate filtering(5)Sodium carbonate solution filtration(6)Barium sulfate filtering and washing(7)Cadmium sulfide filtering and washingC.Chemical fiber &amp; textile industry(1)Acid bath filtration(2)Sulfur and acrylic acid purification filtration(3)Silk water precifion filtrationD.Light industry and food industry(1)Syrup filtration(2)Drink filtration(3)Wine and white spirit filtration(4)Vegetable oil precision filtration(5)Essential oil filtration(6)Mineral water filtrationE.Machinery and Oil industry(1)Plating solution filtration(2)Internal combustion engine cleaning fluid precision filtration(3)Oil field washing filtration(4)Electrical industry ultra-pure water equipmentF.Waste water treatment(1)Heavy mental hydroxide waste water treatment(2)Mix-ture heavy metals waste water treatment(3)Chemical waste water treatment(4)Ceramic waste water treatment(5)Aluminum-containing waste water treatment(6)Other waste water treatment<\/p>\n\t\t<\/div>\n\t\t\t\t\t<\/div>\n\n\t\n\n\t<div id=\"col-954596275\" class=\"col small-12 large-12\"  >\n\t\t\t\t<div class=\"col-inner\"  >\n\t\t\t\n\t\t\t\n<p>Certifications<\/p>\n\t<div class=\"img has-hover x md-x lg-x y md-y lg-y\" id=\"image_1808241897\">\n\t\t\t\t\t\t\t\t<div class=\"img-inner dark\" >\n\t\t\t<img loading=\"lazy\" decoding=\"async\" width=\"750\" height=\"450\" src=\"https:\/\/lysinterfilter.com\/wp-content\/uploads\/2024\/06\/Certifications.webp\" class=\"attachment-original size-original\" alt=\"\" srcset=\"https:\/\/lysinterfilter.com\/wp-content\/uploads\/2024\/06\/Certifications.webp 750w, https:\/\/lysinterfilter.com\/wp-content\/uploads\/2024\/06\/Certifications-300x180.webp 300w, https:\/\/lysinterfilter.com\/wp-content\/uploads\/2024\/06\/Certifications-18x12.webp 18w, https:\/\/lysinterfilter.com\/wp-content\/uploads\/2024\/06\/Certifications-600x360.webp 600w\" sizes=\"auto, (max-width: 750px) 100vw, 750px\" \/>\t\t\t\t\t\t\n\t\t\t\t\t<\/div>\n\t\t\t\t\t\t\t\t\n<style>\n#image_1808241897 {\n  width: 100%;\n}\n<\/style>\n\t<\/div>\n\t\n\t\t<\/div>\n\t\t\t\t\t<\/div>\n\n\t\n<\/div>\n<table border=\"\u201d1\u2033\" width=\"\u201d3000px\u201d\" align=\"\u201dcenter\u201d\">\n<tbody>\n<tr class=\"firstRow\">\n<th>Cat\u00e9gorie #<\/th>\n<th>Nom du produit<\/th>\n<th>Diam\u00e8tre<\/th>\n<th>\u00c9paisseur<\/th>\n<th>Taille des pores<\/th>\n<th>Qt\u00e9.<\/th>\n<\/tr>\n<tr>\n<td>LY-LF014-12-20<\/td>\n<td>Frittes hydrophiles<\/td>\n<td>1,4 mm<\/td>\n<td>1,2 mm<\/td>\n<td>20 \u00b5m<\/td>\n<td>1 000\/paquet<\/td>\n<\/tr>\n<tr>\n<td>LY-LF016-16-50<\/td>\n<td>Frittes hydrophiles<\/td>\n<td>1,6 mm<\/td>\n<td>1,6 mm<\/td>\n<td>50 \u00b5m<\/td>\n<td>1 000\/paquet<\/td>\n<\/tr>\n<tr>\n<td>LY-LF025-16-50<\/td>\n<td>Frittes hydrophiles<\/td>\n<td>2,5 mm<\/td>\n<td>1,6 mm<\/td>\n<td>50 \u00b5m<\/td>\n<td>1 000\/paquet<\/td>\n<\/tr>\n<tr>\n<td>LY-LF040-16-50<\/td>\n<td>Frittes hydrophiles<\/td>\n<td>4,0 mm<\/td>\n<td>1,6 mm<\/td>\n<td>50 \u00b5m<\/td>\n<td>1 000\/paquet<\/td>\n<\/tr>\n<tr>\n<td>LY-LF048-32-05<\/td>\n<td>Frittes hydrophiles<\/td>\n<td>4,8 mm<\/td>\n<td>3,2 mm<\/td>\n<td>5 \u00b5m<\/td>\n<td>1 000\/paquet<\/td>\n<\/tr>\n<tr>\n<td>LY-LF058-16-50<\/td>\n<td>Frittes hydrophiles<\/td>\n<td>5,8 mm<\/td>\n<td>1,6 mm<\/td>\n<td>50 \u00b5m<\/td>\n<td>1 000\/paquet<\/td>\n<\/tr>\n<tr>\n<td>LY-LF066-16-02<\/td>\n<td>Frittes hydrophiles<\/td>\n<td>6,6 mm<\/td>\n<td>1,6 mm<\/td>\n<td>2 \u00b5m<\/td>\n<td>1 000\/paquet<\/td>\n<\/tr>\n<tr>\n<td>LY-LF066-16-50<\/td>\n<td>Frittes hydrophiles<\/td>\n<td>6,6 mm<\/td>\n<td>1,6 mm<\/td>\n<td>50 \u00b5m<\/td>\n<td>1 000\/paquet<\/td>\n<\/tr>\n<tr>\n<td>LY-LF072-16-50<\/td>\n<td>Frittes hydrophiles<\/td>\n<td>7,2 mm<\/td>\n<td>1,6 mm<\/td>\n<td>50 \u00b5m<\/td>\n<td>1 000\/paquet<\/td>\n<\/tr>\n<tr>\n<td>LY-LF074-16-20<\/td>\n<td>Frittes hydrophiles<\/td>\n<td>7,4 mm<\/td>\n<td>1,6 mm<\/td>\n<td>20 \u00b5m<\/td>\n<td>1 000\/paquet<\/td>\n<\/tr>\n<tr>\n<td>LY-LF074-16-50<\/td>\n<td>Frittes hydrophiles<\/td>\n<td>7,4 mm<\/td>\n<td>1,6 mm<\/td>\n<td>50 \u00b5m<\/td>\n<td>1 000\/paquet<\/td>\n<\/tr>\n<tr>\n<td>LY-LF080-16-50<\/td>\n<td>Frittes hydrophiles<\/td>\n<td>8,0 mm<\/td>\n<td>1,6 mm<\/td>\n<td>50 \u00b5m<\/td>\n<td>1 000\/paquet<\/td>\n<\/tr>\n<tr>\n<td>LY-LF090-16-50<\/td>\n<td>Frittes hydrophiles<\/td>\n<td>9,0 mm<\/td>\n<td>1,6 mm<\/td>\n<td>50 \u00b5m<\/td>\n<td>1 000\/paquet<\/td>\n<\/tr>\n<tr>\n<td>LY-LF091-16-50<\/td>\n<td>Frittes hydrophiles<\/td>\n<td>9,1 mm<\/td>\n<td>1,6 mm<\/td>\n<td>50 \u00b5m<\/td>\n<td>1 000\/paquet<\/td>\n<\/tr>\n<tr>\n<td>LY-LF093-16-50<\/td>\n<td>Frittes hydrophiles<\/td>\n<td>9,3 mm<\/td>\n<td>1,6 mm<\/td>\n<td>50 \u00b5m<\/td>\n<td>1 000\/paquet<\/td>\n<\/tr>\n<tr>\n<td>LY-LF125-16-50<\/td>\n<td>Frittes hydrophiles<\/td>\n<td>12,5 mm<\/td>\n<td>1,6 mm<\/td>\n<td>50 \u00b5m<\/td>\n<td>1 000\/paquet<\/td>\n<\/tr>\n<tr>\n<td>LY-LF127-16-50<\/td>\n<td>Frittes hydrophiles<\/td>\n<td>12,7 mm<\/td>\n<td>1,6 mm<\/td>\n<td>50 \u00b5m<\/td>\n<td>1 000\/paquet<\/td>\n<\/tr>\n<tr>\n<td>LY-LF130-16-50<\/td>\n<td>Frittes hydrophiles<\/td>\n<td>13,0 mm<\/td>\n<td>1,6 mm<\/td>\n<td>50 \u00b5m<\/td>\n<td>1 000\/paquet<\/td>\n<\/tr>\n<tr>\n<td>LY-LF151-16-50<\/td>\n<td>Frittes hydrophiles<\/td>\n<td>15,1 mm<\/td>\n<td>1,6 mm<\/td>\n<td>50 \u00b5m<\/td>\n<td>1 000\/paquet<\/td>\n<\/tr>\n<tr>\n<td>LY-LF197-16-50<\/td>\n<td>Frittes hydrophiles<\/td>\n<td>19,7 mm<\/td>\n<td>1,6 mm<\/td>\n<td>50 \u00b5m<\/td>\n<td>1 000\/paquet<\/td>\n<\/tr>\n<tr>\n<td>LY-LF228-16-50<\/td>\n<td>Frittes hydrophiles<\/td>\n<td>22,8 mm<\/td>\n<td>1,6 mm<\/td>\n<td>50 \u00b5m<\/td>\n<td>1 000\/paquet<\/td>\n<\/tr>\n<tr>\n<td>LY-LF236-16-50<\/td>\n<td>Frittes hydrophiles<\/td>\n<td>23,6 mm<\/td>\n<td>1,6 mm<\/td>\n<td>50 \u00b5m<\/td>\n<td>1 000\/paquet<\/td>\n<\/tr>\n<tr>\n<td>LY-LF273-25-50<\/td>\n<td>Frittes hydrophiles<\/td>\n<td>27,3 mm<\/td>\n<td>2,5 mm<\/td>\n<td>50 \u00b5m<\/td>\n<td>1 000\/paquet<\/td>\n<\/tr>\n<tr>\n<td>LY-LF292-16-50<\/td>\n<td>Frittes hydrophiles<\/td>\n<td>29,2 mm<\/td>\n<td>1,6 mm<\/td>\n<td>50 \u00b5m<\/td>\n<td>1 000\/paquet<\/td>\n<\/tr>\n<tr>\n<td>LY-LF296-25-50<\/td>\n<td>Frittes hydrophiles<\/td>\n<td>29,6 mm<\/td>\n<td>2,5 mm<\/td>\n<td>50 \u00b5m<\/td>\n<td>1 000\/paquet<\/td>\n<\/tr>\n<tr>\n<td>LY-LF495-16-50<\/td>\n<td>Frittes hydrophiles<\/td>\n<td>49,5 mm<\/td>\n<td>1,6 mm<\/td>\n<td>50 \u00b5m<\/td>\n<td>1 000\/paquet<\/td>\n<\/tr>\n<tr>\n<td>LY-LF510-16-50<\/td>\n<td>Frittes hydrophiles<\/td>\n<td>51,0 mm<\/td>\n<td>1,6 mm<\/td>\n<td>50 \u00b5m<\/td>\n<td>1 000\/paquet<\/td>\n<\/tr>\n<\/tbody>\n<\/table>\n<\/div>","protected":false},"excerpt":{"rendered":"<ul>\n<li>Quantit\u00e9 minimale de commande :<span id=\"dr_show_hits_179\">1 pi\u00e8ce<\/span><\/li>\n<li>Personnalis\u00e9 : accept\u00e9<\/li>\n<li>Brand\uff1aOEM<\/li>\n<li>D\u00e9lai de livraison : Dans les 7 jours<\/li>\n<li>Certification : CE;ISO 9001<\/li>\n<li>Envoyer un e-mail:<\/li>\n<li><a href=\"mailto:info@lysinterfilter.com\">info@lysinterfilter.com<\/a><\/li>\n<\/ul>","protected":false},"featured_media":2647,"template":"","meta":[],"product_brand":[],"product_cat":[41],"product_tag":[],"class_list":{"0":"post-2345","1":"product","2":"type-product","3":"status-publish","4":"has-post-thumbnail","6":"product_cat-laboratory-filter","8":"first","9":"instock","10":"shipping-taxable","11":"product-type-simple"},"yoast_head":"<!-- This site is optimized with the Yoast SEO plugin v27.2 - https:\/\/yoast.com\/product\/yoast-seo-wordpress\/ -->\n<title>Hydrophilic Frits - Porous Plastic Filter Manufacturer China<\/title>\n<meta name=\"description\" content=\"Explore our premium hydrophilic frits, designed for efficient liquid filtration and uniform flow in various applications. Ideal for laboratories and industrial use, our frits ensure reliable performance and exceptional durability.\" \/>\n<meta name=\"robots\" content=\"index, follow, max-snippet:-1, max-image-preview:large, max-video-preview:-1\" \/>\n<link rel=\"canonical\" href=\"https:\/\/lysinterfilter.com\/fr\/manufacturer\/hydrophilic-frits\/\" \/>\n<meta property=\"og:locale\" content=\"fr_FR\" \/>\n<meta property=\"og:type\" content=\"article\" \/>\n<meta property=\"og:title\" content=\"Hydrophilic Frits - Porous Plastic Filter Manufacturer China\" \/>\n<meta property=\"og:description\" content=\"Explore our premium hydrophilic frits, designed for efficient liquid filtration and uniform flow in various applications. Ideal for laboratories and industrial use, our frits ensure reliable performance and exceptional durability.\" \/>\n<meta property=\"og:url\" content=\"https:\/\/lysinterfilter.com\/fr\/manufacturer\/hydrophilic-frits\/\" \/>\n<meta property=\"og:site_name\" content=\"Porous Plastic Filter Manufacturer China\" \/>\n<meta property=\"article:modified_time\" content=\"2026-02-02T08:49:05+00:00\" \/>\n<meta property=\"og:image\" content=\"https:\/\/lysinterfilter.com\/wp-content\/uploads\/2024\/06\/pe103.jpg\" \/>\n\t<meta property=\"og:image:width\" content=\"1024\" \/>\n\t<meta property=\"og:image:height\" content=\"898\" \/>\n\t<meta property=\"og:image:type\" content=\"image\/jpeg\" \/>\n<meta name=\"twitter:card\" content=\"summary_large_image\" \/>\n<meta name=\"twitter:label1\" content=\"Dur\u00e9e de lecture estim\u00e9e\" \/>\n\t<meta name=\"twitter:data1\" content=\"3 minutes\" \/>\n<script type=\"application\/ld+json\" class=\"yoast-schema-graph\">{\"@context\":\"https:\/\/schema.org\",\"@graph\":[{\"@type\":\"WebPage\",\"@id\":\"https:\/\/lysinterfilter.com\/manufacturer\/hydrophilic-frits\/\",\"url\":\"https:\/\/lysinterfilter.com\/manufacturer\/hydrophilic-frits\/\",\"name\":\"Hydrophilic Frits - Porous Plastic Filter Manufacturer China\",\"isPartOf\":{\"@id\":\"https:\/\/lysinterfilter.com\/#website\"},\"primaryImageOfPage\":{\"@id\":\"https:\/\/lysinterfilter.com\/manufacturer\/hydrophilic-frits\/#primaryimage\"},\"image\":{\"@id\":\"https:\/\/lysinterfilter.com\/manufacturer\/hydrophilic-frits\/#primaryimage\"},\"thumbnailUrl\":\"https:\/\/lysinterfilter.com\/wp-content\/uploads\/2024\/06\/pe103.jpg\",\"datePublished\":\"2024-06-17T07:49:48+00:00\",\"dateModified\":\"2026-02-02T08:49:05+00:00\",\"description\":\"Explore our premium hydrophilic frits, designed for efficient liquid filtration and uniform flow in various applications. Ideal for laboratories and industrial use, our frits ensure reliable performance and exceptional durability.\",\"breadcrumb\":{\"@id\":\"https:\/\/lysinterfilter.com\/manufacturer\/hydrophilic-frits\/#breadcrumb\"},\"inLanguage\":\"fr-FR\",\"potentialAction\":[{\"@type\":\"ReadAction\",\"target\":[\"https:\/\/lysinterfilter.com\/manufacturer\/hydrophilic-frits\/\"]}]},{\"@type\":\"ImageObject\",\"inLanguage\":\"fr-FR\",\"@id\":\"https:\/\/lysinterfilter.com\/manufacturer\/hydrophilic-frits\/#primaryimage\",\"url\":\"https:\/\/lysinterfilter.com\/wp-content\/uploads\/2024\/06\/pe103.jpg\",\"contentUrl\":\"https:\/\/lysinterfilter.com\/wp-content\/uploads\/2024\/06\/pe103.jpg\",\"width\":1024,\"height\":898,\"caption\":\"{\\\"data\\\":{\\\"pictureId\\\":\\\"6fecab1b880442deba48ddfe2beb7ff8\\\",\\\"appversion\\\":\\\"14.0.0\\\",\\\"stickerId\\\":\\\"\\\",\\\"filterId\\\":\\\"\\\",\\\"infoStickerId\\\":\\\"\\\",\\\"imageEffectId\\\":\\\"\\\",\\\"playId\\\":\\\"\\\",\\\"activityName\\\":\\\"\\\",\\\"os\\\":\\\"android\\\",\\\"product\\\":\\\"retouch\\\",\\\"originAppId\\\":\\\"2515\\\",\\\"exportType\\\":\\\"\\\",\\\"editType\\\":\\\"\\\",\\\"alias\\\":\\\"\\\",\\\"enterFrom\\\":\\\"enter_launch\\\",\\\"capability_key\\\":[\\\"erase\\\"],\\\"capability_extra_v2\\\":{\\\"erase\\\":[{\\\"panel\\\":\\\"eliminatePen\\\"}]},\\\"effect_type\\\":\\\"tool\\\",\\\"effect_id\\\":\\\"erase\\\"},\\\"source_type\\\":\\\"douyin_beauty_me\\\"}\"},{\"@type\":\"BreadcrumbList\",\"@id\":\"https:\/\/lysinterfilter.com\/manufacturer\/hydrophilic-frits\/#breadcrumb\",\"itemListElement\":[{\"@type\":\"ListItem\",\"position\":1,\"name\":\"Home\",\"item\":\"https:\/\/lysinterfilter.com\/\"},{\"@type\":\"ListItem\",\"position\":2,\"name\":\"Products\",\"item\":\"https:\/\/lysinterfilter.com\/shop\/\"},{\"@type\":\"ListItem\",\"position\":3,\"name\":\"Hydrophilic Frits\"}]},{\"@type\":\"WebSite\",\"@id\":\"https:\/\/lysinterfilter.com\/#website\",\"url\":\"https:\/\/lysinterfilter.com\/\",\"name\":\"Porous Plastic Filter Manufacturer China\",\"description\":\"\",\"potentialAction\":[{\"@type\":\"SearchAction\",\"target\":{\"@type\":\"EntryPoint\",\"urlTemplate\":\"https:\/\/lysinterfilter.com\/?s={search_term_string}\"},\"query-input\":{\"@type\":\"PropertyValueSpecification\",\"valueRequired\":true,\"valueName\":\"search_term_string\"}}],\"inLanguage\":\"fr-FR\"}]}<\/script>\n<!-- \/ Yoast SEO plugin. -->","yoast_head_json":{"title":"Hydrophilic Frits - Porous Plastic Filter Manufacturer China","description":"D\u00e9couvrez nos frittes hydrophiles haut de gamme, con\u00e7ues pour une filtration efficace des liquides et un \u00e9coulement uniforme dans diverses applications. Id\u00e9ales pour les laboratoires et les utilisations industrielles, nos frittes garantissent des performances fiables et une durabilit\u00e9 exceptionnelle.","robots":{"index":"index","follow":"follow","max-snippet":"max-snippet:-1","max-image-preview":"max-image-preview:large","max-video-preview":"max-video-preview:-1"},"canonical":"https:\/\/lysinterfilter.com\/fr\/manufacturer\/hydrophilic-frits\/","og_locale":"fr_FR","og_type":"article","og_title":"Hydrophilic Frits - Porous Plastic Filter Manufacturer China","og_description":"Explore our premium hydrophilic frits, designed for efficient liquid filtration and uniform flow in various applications. Ideal for laboratories and industrial use, our frits ensure reliable performance and exceptional durability.","og_url":"https:\/\/lysinterfilter.com\/fr\/manufacturer\/hydrophilic-frits\/","og_site_name":"Porous Plastic Filter Manufacturer China","article_modified_time":"2026-02-02T08:49:05+00:00","og_image":[{"width":1024,"height":898,"url":"https:\/\/lysinterfilter.com\/wp-content\/uploads\/2024\/06\/pe103.jpg","type":"image\/jpeg"}],"twitter_card":"summary_large_image","twitter_misc":{"Dur\u00e9e de lecture estim\u00e9e":"3 minutes"},"schema":{"@context":"https:\/\/schema.org","@graph":[{"@type":"WebPage","@id":"https:\/\/lysinterfilter.com\/manufacturer\/hydrophilic-frits\/","url":"https:\/\/lysinterfilter.com\/manufacturer\/hydrophilic-frits\/","name":"Hydrophilic Frits - Porous Plastic Filter Manufacturer China","isPartOf":{"@id":"https:\/\/lysinterfilter.com\/#website"},"primaryImageOfPage":{"@id":"https:\/\/lysinterfilter.com\/manufacturer\/hydrophilic-frits\/#primaryimage"},"image":{"@id":"https:\/\/lysinterfilter.com\/manufacturer\/hydrophilic-frits\/#primaryimage"},"thumbnailUrl":"https:\/\/lysinterfilter.com\/wp-content\/uploads\/2024\/06\/pe103.jpg","datePublished":"2024-06-17T07:49:48+00:00","dateModified":"2026-02-02T08:49:05+00:00","description":"D\u00e9couvrez nos frittes hydrophiles haut de gamme, con\u00e7ues pour une filtration efficace des liquides et un \u00e9coulement uniforme dans diverses applications. Id\u00e9ales pour les laboratoires et les utilisations industrielles, nos frittes garantissent des performances fiables et une durabilit\u00e9 exceptionnelle.","breadcrumb":{"@id":"https:\/\/lysinterfilter.com\/manufacturer\/hydrophilic-frits\/#breadcrumb"},"inLanguage":"fr-FR","potentialAction":[{"@type":"ReadAction","target":["https:\/\/lysinterfilter.com\/manufacturer\/hydrophilic-frits\/"]}]},{"@type":"ImageObject","inLanguage":"fr-FR","@id":"https:\/\/lysinterfilter.com\/manufacturer\/hydrophilic-frits\/#primaryimage","url":"https:\/\/lysinterfilter.com\/wp-content\/uploads\/2024\/06\/pe103.jpg","contentUrl":"https:\/\/lysinterfilter.com\/wp-content\/uploads\/2024\/06\/pe103.jpg","width":1024,"height":898,"caption":"{\"data\":{\"pictureId\":\"6fecab1b880442deba48ddfe2beb7ff8\",\"appversion\":\"14.0.0\",\"stickerId\":\"\",\"filterId\":\"\",\"infoStickerId\":\"\",\"imageEffectId\":\"\",\"playId\":\"\",\"activityName\":\"\",\"os\":\"android\",\"product\":\"retouch\",\"originAppId\":\"2515\",\"exportType\":\"\",\"editType\":\"\",\"alias\":\"\",\"enterFrom\":\"enter_launch\",\"capability_key\":[\"erase\"],\"capability_extra_v2\":{\"erase\":[{\"panel\":\"eliminatePen\"}]},\"effect_type\":\"tool\",\"effect_id\":\"erase\"},\"source_type\":\"douyin_beauty_me\"}"},{"@type":"BreadcrumbList","@id":"https:\/\/lysinterfilter.com\/manufacturer\/hydrophilic-frits\/#breadcrumb","itemListElement":[{"@type":"ListItem","position":1,"name":"Home","item":"https:\/\/lysinterfilter.com\/"},{"@type":"ListItem","position":2,"name":"Products","item":"https:\/\/lysinterfilter.com\/shop\/"},{"@type":"ListItem","position":3,"name":"Hydrophilic Frits"}]},{"@type":"WebSite","@id":"https:\/\/lysinterfilter.com\/#website","url":"https:\/\/lysinterfilter.com\/","name":"Porous Plastic Filter Manufacturer China","description":"","potentialAction":[{"@type":"SearchAction","target":{"@type":"EntryPoint","urlTemplate":"https:\/\/lysinterfilter.com\/?s={search_term_string}"},"query-input":{"@type":"PropertyValueSpecification","valueRequired":true,"valueName":"search_term_string"}}],"inLanguage":"fr-FR"}]}},"_links":{"self":[{"href":"https:\/\/lysinterfilter.com\/fr\/wp-json\/wp\/v2\/product\/2345","targetHints":{"allow":["GET"]}}],"collection":[{"href":"https:\/\/lysinterfilter.com\/fr\/wp-json\/wp\/v2\/product"}],"about":[{"href":"https:\/\/lysinterfilter.com\/fr\/wp-json\/wp\/v2\/types\/product"}],"wp:featuredmedia":[{"embeddable":true,"href":"https:\/\/lysinterfilter.com\/fr\/wp-json\/wp\/v2\/media\/2647"}],"wp:attachment":[{"href":"https:\/\/lysinterfilter.com\/fr\/wp-json\/wp\/v2\/media?parent=2345"}],"wp:term":[{"taxonomy":"product_brand","embeddable":true,"href":"https:\/\/lysinterfilter.com\/fr\/wp-json\/wp\/v2\/product_brand?post=2345"},{"taxonomy":"product_cat","embeddable":true,"href":"https:\/\/lysinterfilter.com\/fr\/wp-json\/wp\/v2\/product_cat?post=2345"},{"taxonomy":"product_tag","embeddable":true,"href":"https:\/\/lysinterfilter.com\/fr\/wp-json\/wp\/v2\/product_tag?post=2345"}],"curies":[{"name":"wp","href":"https:\/\/api.w.org\/{rel}","templated":true}]}}