{"id":2087,"date":"2024-06-12T07:46:41","date_gmt":"2024-06-12T07:46:41","guid":{"rendered":"https:\/\/lysinterfilter.com\/?post_type=product&#038;p=2087"},"modified":"2026-02-02T10:27:46","modified_gmt":"2026-02-02T10:27:46","slug":"pp-sintered-filter-cartridge","status":"publish","type":"product","link":"https:\/\/lysinterfilter.com\/fr\/manufacturer\/pp-sintered-filter-cartridge\/","title":{"rendered":"Cartouche filtrante fritt\u00e9e en PP"},"content":{"rendered":"<div class=\"row\"  id=\"row-599350754\">\n\n\t<div id=\"col-867276751\" class=\"col small-12 large-12\"  >\n\t\t\t\t<div class=\"col-inner\"  >\n\t\t\t\n\t\t\t\n<h2>D\u00e9tails du produit<\/h2>\n<h4><strong>Introduction:<\/strong><\/h4>\n<p>En utilisant du polypropyl\u00e8ne de haute qualit\u00e9 comme mati\u00e8re premi\u00e8re principale, fritt\u00e9 et form\u00e9 selon une formule scientifique, la structure est compacte, solide, l\u00e9g\u00e8re, peut r\u00e9sister \u00e0 une pression de filtration \u00e9lev\u00e9e, et l&#039;\u00e9l\u00e9ment filtrant a la m\u00eame taille de pores \u00e0 l&#039;int\u00e9rieur et \u00e0 l&#039;ext\u00e9rieur, facile \u00e0 souffler et \u00e0 \u00e9liminer les scories, et a une bonne r\u00e9sistance aux solvants acides et alcalins propri\u00e9t\u00e9s anti-corrosion.<br \/>\nLes produits fritt\u00e9s en polypropyl\u00e8ne (PP) comprennent des \u00e9l\u00e9ments filtrants fritt\u00e9s en PP, des disques filtrants et des plaques filtrantes fritt\u00e9s en PP, des billes filtrantes fritt\u00e9es en PP, des tiges filtrantes fritt\u00e9es en PP, des pi\u00e8ces de forme sp\u00e9ciale fritt\u00e9es en PP, etc.<\/p>\n<h4><strong>Avantage:<\/strong><\/h4>\n<p>1. La distribution de la taille des pores des produits fritt\u00e9s en PP est uniforme, la fluidit\u00e9 est bonne et le flux est important<br \/>\n2. R\u00e9sistant aux acides forts et aux alcalis, au sel et \u00e0 la plupart des solvants organiques<br \/>\n3. Facile \u00e0 souffler, efficacit\u00e9 de r\u00e9g\u00e9n\u00e9ration \u00e9lev\u00e9e<br \/>\n4. Les produits en PP ont une r\u00e9sistance \u00e0 la temp\u00e9rature de 80 \u00b0C et une pr\u00e9cision de filtration de 1 um \u00e0 200 um<br \/>\n5. Non toxique et sans go\u00fbt, pas de perte de cheveux moyenne, propri\u00e9t\u00e9s m\u00e9caniques sup\u00e9rieures, pas facile \u00e0 endommager<br \/>\n6. Les mati\u00e8res premi\u00e8res r\u00e9pondent aux exigences des BPF et de la FDA, n&#039;utilisent pas d&#039;adh\u00e9sifs et pr\u00e9sentent une large gamme de compatibilit\u00e9 chimique<\/p>\n\t<div id=\"text-3702030427\" class=\"text\">\n\t\t\n<h3><strong>Photos:<\/strong><\/h3>\n\t\t\n<style>\n#text-3702030427 {\n  text-align: left;\n}\n<\/style>\n\t<\/div>\n\t\n\t<div class=\"img has-hover x md-x lg-x y md-y lg-y\" id=\"image_1710563809\">\n\t\t\t\t\t\t\t\t<div class=\"img-inner dark\" >\n\t\t\t<img loading=\"lazy\" decoding=\"async\" width=\"1024\" height=\"600\" src=\"https:\/\/lysinterfilter.com\/wp-content\/uploads\/2024\/06\/PE116.jpg\" class=\"attachment-original size-original\" alt=\"\" srcset=\"https:\/\/lysinterfilter.com\/wp-content\/uploads\/2024\/06\/PE116.jpg 1024w, https:\/\/lysinterfilter.com\/wp-content\/uploads\/2024\/06\/PE116-300x176.jpg 300w, https:\/\/lysinterfilter.com\/wp-content\/uploads\/2024\/06\/PE116-768x450.jpg 768w, https:\/\/lysinterfilter.com\/wp-content\/uploads\/2024\/06\/PE116-18x12.jpg 18w, https:\/\/lysinterfilter.com\/wp-content\/uploads\/2024\/06\/PE116-600x352.jpg 600w\" sizes=\"auto, (max-width: 1024px) 100vw, 1024px\" \/>\t\t\t\t\t\t\n\t\t\t\t\t<\/div>\n\t\t\t\t\t\t\t\t\n<style>\n#image_1710563809 {\n  width: 100%;\n}\n<\/style>\n\t<\/div>\n\t\n\t\t<\/div>\n\t\t\t\t\t<\/div>\n\n\t\n\n\t<div id=\"col-1293440763\" class=\"col small-12 large-12\"  >\n\t\t\t\t<div class=\"col-inner\"  >\n\t\t\t\n\t\t\t\n<h2>Application<\/h2>\n\t<div class=\"img has-hover x md-x lg-x y md-y lg-y\" id=\"image_1326916646\">\n\t\t\t\t\t\t\t\t<div class=\"img-inner dark\" >\n\t\t\t<img loading=\"lazy\" decoding=\"async\" width=\"750\" height=\"350\" src=\"https:\/\/lysinterfilter.com\/wp-content\/uploads\/2024\/06\/Application.webp\" class=\"attachment-original size-original\" alt=\"\" srcset=\"https:\/\/lysinterfilter.com\/wp-content\/uploads\/2024\/06\/Application.webp 750w, https:\/\/lysinterfilter.com\/wp-content\/uploads\/2024\/06\/Application-300x140.webp 300w, https:\/\/lysinterfilter.com\/wp-content\/uploads\/2024\/06\/Application-18x8.webp 18w, https:\/\/lysinterfilter.com\/wp-content\/uploads\/2024\/06\/Application-600x280.webp 600w\" sizes=\"auto, (max-width: 750px) 100vw, 750px\" \/>\t\t\t\t\t\t\n\t\t\t\t\t<\/div>\n\t\t\t\t\t\t\t\t\n<style>\n#image_1326916646 {\n  width: 100%;\n}\n<\/style>\n\t<\/div>\n\t\n<p>A. Industrie pharmaceutique<\/p>\n<p>(1)Infusion importante d&#039;eau, d\u00e9carbonisation des interm\u00e9diaires pharmaceutiques<\/p>\n<p>filtration; bouillon de fermentation, liquide oral<\/p>\n<p>(2) Charbon actif en poudre avec filtre de d\u00e9coloration (liquide m\u00e9dicinal<\/p>\n<p>glucose,antibiotiques,m\u00e9dicament synth\u00e9tique,pr\u00e9paration,m\u00e9decine chinoise \u00e0 base de plantes<\/p>\n<p>liquide, etc.)<\/p>\n<p>(3) Liquide d&#039;injection<\/p>\n<p>(4) Filtre \u00e0 air d&#039;injection<\/p>\n<p>(5)Eau de la bouteille de lavage par injection<\/p>\n<p>(6) Filtration des liqueurs m\u00e9dicales<\/p>\n<p>B. Industrie chimique<\/p>\n<p>(1) Filtrage et lavage de l&#039;hydroxyde d&#039;aluminium<\/p>\n<p>(2) Filtrage et lavage du catalyseur au palladium<\/p>\n<p>(3) Filtrage et lavage du phosphore<\/p>\n<p>(4) Filtrage au carbonate de zinc<\/p>\n<p>(5) Filtration de la solution de carbonate de sodium<\/p>\n<p>(6) Filtrage et lavage au sulfate de baryum<\/p>\n<p>(7) Filtrage et lavage du sulfure de cadmium<\/p>\n<p>C.Industrie chimique des fibres et du textile<\/p>\n<p>(1)Filtration par bain acide<\/p>\n<p>(2) Filtration de purification du soufre et de l&#039;acide acrylique<\/p>\n<p>(3) Filtration de pr\u00e9cision de l&#039;eau de soie<\/p>\n<p>D.Industrie l\u00e9g\u00e8re et industrie alimentaire<\/p>\n<p>(1)Filtration du sirop<\/p>\n<p>(2)Filtration des boissons<\/p>\n<p>(3) Filtration du vin et des spiritueux blancs<\/p>\n<p>(4) Filtration de pr\u00e9cision de l&#039;huile v\u00e9g\u00e9tale<\/p>\n<p>(5) Filtration des huiles essentielles<\/p>\n<p>(6)Filtration de l&#039;eau min\u00e9rale<\/p>\n<p>E. Industrie des machines et du p\u00e9trole<\/p>\n<p>(1) Filtration de la solution de placage<\/p>\n<p>(2)Filtration de pr\u00e9cision du liquide de nettoyage du moteur \u00e0 combustion interne<\/p>\n<p>(3) Filtration de lavage des champs p\u00e9trolif\u00e8res<\/p>\n<p>(4)\u00c9quipement d&#039;eau ultra pure pour l&#039;industrie \u00e9lectrique<\/p>\n<p>F.Traitement des eaux us\u00e9es<\/p>\n<p>(1)Traitement des eaux us\u00e9es \u00e0 l&#039;hydroxyde mental lourd<\/p>\n<p>(2)Traitement des eaux us\u00e9es contenant des m\u00e9taux lourds m\u00e9lang\u00e9s<\/p>\n<p>(3)Traitement chimique des eaux us\u00e9es<\/p>\n<p>(4)Traitement des eaux us\u00e9es en c\u00e9ramique<\/p>\n<p>(5)Traitement des eaux us\u00e9es contenant de l&#039;aluminium<\/p>\n<p>(6)Autre traitement des eaux us\u00e9es<\/p>\n\t\t<\/div>\n\t\t\t\t\t<\/div>\n\n\t\n\n\t<div id=\"col-718285533\" class=\"col small-12 large-12\"  >\n\t\t\t\t<div class=\"col-inner\"  >\n\t\t\t\n\t\t\t\n<h2>Certifications<\/h2>\n\t<div class=\"img has-hover x md-x lg-x y md-y lg-y\" id=\"image_842022633\">\n\t\t\t\t\t\t\t\t<div class=\"img-inner dark\" >\n\t\t\t<img loading=\"lazy\" decoding=\"async\" width=\"750\" height=\"450\" src=\"https:\/\/lysinterfilter.com\/wp-content\/uploads\/2024\/06\/Certifications.webp\" class=\"attachment-original size-original\" alt=\"\" srcset=\"https:\/\/lysinterfilter.com\/wp-content\/uploads\/2024\/06\/Certifications.webp 750w, https:\/\/lysinterfilter.com\/wp-content\/uploads\/2024\/06\/Certifications-300x180.webp 300w, https:\/\/lysinterfilter.com\/wp-content\/uploads\/2024\/06\/Certifications-18x12.webp 18w, https:\/\/lysinterfilter.com\/wp-content\/uploads\/2024\/06\/Certifications-600x360.webp 600w\" sizes=\"auto, (max-width: 750px) 100vw, 750px\" \/>\t\t\t\t\t\t\n\t\t\t\t\t<\/div>\n\t\t\t\t\t\t\t\t\n<style>\n#image_842022633 {\n  width: 100%;\n}\n<\/style>\n\t<\/div>\n\t\n\t\t<\/div>\n\t\t\t\t\t<\/div>\n\n\t\n<\/div>","protected":false},"excerpt":{"rendered":"<ul>\n<li>Quantit\u00e9 minimale de commande :<span id=\"dr_show_hits_179\">1 pi\u00e8ce<\/span><\/li>\n<li>Personnalis\u00e9 : accept\u00e9<\/li>\n<li>Brand\uff1aOEM<\/li>\n<li>D\u00e9lai de livraison : Dans les 7 jours<\/li>\n<li>Certification : CE;ISO 9001<\/li>\n<li>Envoyer un e-mail:<\/li>\n<li><a href=\"mailto:info@lysinterfilter.com\">info@lysinterfilter.com<\/a><\/li>\n<\/ul>","protected":false},"featured_media":2657,"template":"","meta":[],"product_brand":[],"product_cat":[45],"product_tag":[],"class_list":{"0":"post-2087","1":"product","2":"type-product","3":"status-publish","4":"has-post-thumbnail","6":"product_cat-pp-sintered-filter-cartridges","8":"first","9":"instock","10":"shipping-taxable","11":"product-type-simple"},"yoast_head":"<!-- This site is optimized with the Yoast SEO plugin v27.2 - https:\/\/yoast.com\/product\/yoast-seo-wordpress\/ -->\n<title>PP sintered filter cartridge - Porous Plastic Filter Manufacturer China<\/title>\n<meta name=\"description\" content=\"Optimize your filtration process with our PP sintered filter cartridges. Designed for superior performance and durability, these cartridges effectively remove contaminants in various applications. Experience reliable, high-quality filtration with our PP sintered filter cartridges\" \/>\n<meta name=\"robots\" content=\"index, follow, max-snippet:-1, max-image-preview:large, max-video-preview:-1\" \/>\n<link rel=\"canonical\" href=\"https:\/\/lysinterfilter.com\/fr\/manufacturer\/pp-sintered-filter-cartridge\/\" \/>\n<meta property=\"og:locale\" content=\"fr_FR\" \/>\n<meta property=\"og:type\" content=\"article\" \/>\n<meta property=\"og:title\" content=\"PP sintered filter cartridge - Porous Plastic Filter Manufacturer China\" \/>\n<meta property=\"og:description\" content=\"Optimize your filtration process with our PP sintered filter cartridges. Designed for superior performance and durability, these cartridges effectively remove contaminants in various applications. Experience reliable, high-quality filtration with our PP sintered filter cartridges\" \/>\n<meta property=\"og:url\" content=\"https:\/\/lysinterfilter.com\/fr\/manufacturer\/pp-sintered-filter-cartridge\/\" \/>\n<meta property=\"og:site_name\" content=\"Porous Plastic Filter Manufacturer China\" \/>\n<meta property=\"article:modified_time\" content=\"2026-02-02T10:27:46+00:00\" \/>\n<meta property=\"og:image\" content=\"https:\/\/lysinterfilter.com\/wp-content\/uploads\/2024\/06\/PE112.jpg\" \/>\n\t<meta property=\"og:image:width\" content=\"1024\" \/>\n\t<meta property=\"og:image:height\" content=\"902\" \/>\n\t<meta property=\"og:image:type\" content=\"image\/jpeg\" \/>\n<meta name=\"twitter:card\" content=\"summary_large_image\" \/>\n<meta name=\"twitter:label1\" content=\"Dur\u00e9e de lecture estim\u00e9e\" \/>\n\t<meta name=\"twitter:data1\" content=\"2 minutes\" \/>\n<script type=\"application\/ld+json\" class=\"yoast-schema-graph\">{\"@context\":\"https:\/\/schema.org\",\"@graph\":[{\"@type\":\"WebPage\",\"@id\":\"https:\/\/lysinterfilter.com\/manufacturer\/pp-sintered-filter-cartridge\/\",\"url\":\"https:\/\/lysinterfilter.com\/manufacturer\/pp-sintered-filter-cartridge\/\",\"name\":\"PP sintered filter cartridge - Porous Plastic Filter Manufacturer China\",\"isPartOf\":{\"@id\":\"https:\/\/lysinterfilter.com\/#website\"},\"primaryImageOfPage\":{\"@id\":\"https:\/\/lysinterfilter.com\/manufacturer\/pp-sintered-filter-cartridge\/#primaryimage\"},\"image\":{\"@id\":\"https:\/\/lysinterfilter.com\/manufacturer\/pp-sintered-filter-cartridge\/#primaryimage\"},\"thumbnailUrl\":\"https:\/\/lysinterfilter.com\/wp-content\/uploads\/2024\/06\/PE112.jpg\",\"datePublished\":\"2024-06-12T07:46:41+00:00\",\"dateModified\":\"2026-02-02T10:27:46+00:00\",\"description\":\"Optimize your filtration process with our PP sintered filter cartridges. Designed for superior performance and durability, these cartridges effectively remove contaminants in various applications. Experience reliable, high-quality filtration with our PP sintered filter cartridges\",\"breadcrumb\":{\"@id\":\"https:\/\/lysinterfilter.com\/manufacturer\/pp-sintered-filter-cartridge\/#breadcrumb\"},\"inLanguage\":\"fr-FR\",\"potentialAction\":[{\"@type\":\"ReadAction\",\"target\":[\"https:\/\/lysinterfilter.com\/manufacturer\/pp-sintered-filter-cartridge\/\"]}]},{\"@type\":\"ImageObject\",\"inLanguage\":\"fr-FR\",\"@id\":\"https:\/\/lysinterfilter.com\/manufacturer\/pp-sintered-filter-cartridge\/#primaryimage\",\"url\":\"https:\/\/lysinterfilter.com\/wp-content\/uploads\/2024\/06\/PE112.jpg\",\"contentUrl\":\"https:\/\/lysinterfilter.com\/wp-content\/uploads\/2024\/06\/PE112.jpg\",\"width\":1024,\"height\":902,\"caption\":\"{\\\"data\\\":{\\\"pictureId\\\":\\\"fbd0bfe457c043018873a57c8c118bb0\\\",\\\"appversion\\\":\\\"14.0.0\\\",\\\"stickerId\\\":\\\"\\\",\\\"filterId\\\":\\\"\\\",\\\"infoStickerId\\\":\\\"\\\",\\\"imageEffectId\\\":\\\"\\\",\\\"playId\\\":\\\"\\\",\\\"activityName\\\":\\\"\\\",\\\"os\\\":\\\"android\\\",\\\"product\\\":\\\"retouch\\\",\\\"originAppId\\\":\\\"2515\\\",\\\"exportType\\\":\\\"\\\",\\\"editType\\\":\\\"\\\",\\\"alias\\\":\\\"\\\",\\\"enterFrom\\\":\\\"enter_launch\\\",\\\"capability_key\\\":[\\\"erase\\\"],\\\"capability_extra_v2\\\":{\\\"erase\\\":[{\\\"panel\\\":\\\"eliminatePen\\\"}]},\\\"effect_type\\\":\\\"tool\\\",\\\"effect_id\\\":\\\"erase\\\"},\\\"source_type\\\":\\\"douyin_beauty_me\\\"}\"},{\"@type\":\"BreadcrumbList\",\"@id\":\"https:\/\/lysinterfilter.com\/manufacturer\/pp-sintered-filter-cartridge\/#breadcrumb\",\"itemListElement\":[{\"@type\":\"ListItem\",\"position\":1,\"name\":\"Home\",\"item\":\"https:\/\/lysinterfilter.com\/\"},{\"@type\":\"ListItem\",\"position\":2,\"name\":\"Products\",\"item\":\"https:\/\/lysinterfilter.com\/shop\/\"},{\"@type\":\"ListItem\",\"position\":3,\"name\":\"PP sintered filter cartridge\"}]},{\"@type\":\"WebSite\",\"@id\":\"https:\/\/lysinterfilter.com\/#website\",\"url\":\"https:\/\/lysinterfilter.com\/\",\"name\":\"Porous Plastic Filter Manufacturer China\",\"description\":\"\",\"potentialAction\":[{\"@type\":\"SearchAction\",\"target\":{\"@type\":\"EntryPoint\",\"urlTemplate\":\"https:\/\/lysinterfilter.com\/?s={search_term_string}\"},\"query-input\":{\"@type\":\"PropertyValueSpecification\",\"valueRequired\":true,\"valueName\":\"search_term_string\"}}],\"inLanguage\":\"fr-FR\"}]}<\/script>\n<!-- \/ Yoast SEO plugin. -->","yoast_head_json":{"title":"PP sintered filter cartridge - Porous Plastic Filter Manufacturer China","description":"Optimisez votre processus de filtration avec nos cartouches filtrantes fritt\u00e9es en PP. Con\u00e7ues pour des performances et une durabilit\u00e9 sup\u00e9rieures, ces cartouches \u00e9liminent efficacement les contaminants dans diverses applications. Faites l&#039;exp\u00e9rience d&#039;une filtration fiable et de haute qualit\u00e9 avec nos cartouches filtrantes fritt\u00e9es en PP","robots":{"index":"index","follow":"follow","max-snippet":"max-snippet:-1","max-image-preview":"max-image-preview:large","max-video-preview":"max-video-preview:-1"},"canonical":"https:\/\/lysinterfilter.com\/fr\/manufacturer\/pp-sintered-filter-cartridge\/","og_locale":"fr_FR","og_type":"article","og_title":"PP sintered filter cartridge - Porous Plastic Filter Manufacturer China","og_description":"Optimize your filtration process with our PP sintered filter cartridges. Designed for superior performance and durability, these cartridges effectively remove contaminants in various applications. Experience reliable, high-quality filtration with our PP sintered filter cartridges","og_url":"https:\/\/lysinterfilter.com\/fr\/manufacturer\/pp-sintered-filter-cartridge\/","og_site_name":"Porous Plastic Filter Manufacturer China","article_modified_time":"2026-02-02T10:27:46+00:00","og_image":[{"width":1024,"height":902,"url":"https:\/\/lysinterfilter.com\/wp-content\/uploads\/2024\/06\/PE112.jpg","type":"image\/jpeg"}],"twitter_card":"summary_large_image","twitter_misc":{"Dur\u00e9e de lecture estim\u00e9e":"2 minutes"},"schema":{"@context":"https:\/\/schema.org","@graph":[{"@type":"WebPage","@id":"https:\/\/lysinterfilter.com\/manufacturer\/pp-sintered-filter-cartridge\/","url":"https:\/\/lysinterfilter.com\/manufacturer\/pp-sintered-filter-cartridge\/","name":"PP sintered filter cartridge - Porous Plastic Filter Manufacturer China","isPartOf":{"@id":"https:\/\/lysinterfilter.com\/#website"},"primaryImageOfPage":{"@id":"https:\/\/lysinterfilter.com\/manufacturer\/pp-sintered-filter-cartridge\/#primaryimage"},"image":{"@id":"https:\/\/lysinterfilter.com\/manufacturer\/pp-sintered-filter-cartridge\/#primaryimage"},"thumbnailUrl":"https:\/\/lysinterfilter.com\/wp-content\/uploads\/2024\/06\/PE112.jpg","datePublished":"2024-06-12T07:46:41+00:00","dateModified":"2026-02-02T10:27:46+00:00","description":"Optimisez votre processus de filtration avec nos cartouches filtrantes fritt\u00e9es en PP. Con\u00e7ues pour des performances et une durabilit\u00e9 sup\u00e9rieures, ces cartouches \u00e9liminent efficacement les contaminants dans diverses applications. Faites l&#039;exp\u00e9rience d&#039;une filtration fiable et de haute qualit\u00e9 avec nos cartouches filtrantes fritt\u00e9es en PP","breadcrumb":{"@id":"https:\/\/lysinterfilter.com\/manufacturer\/pp-sintered-filter-cartridge\/#breadcrumb"},"inLanguage":"fr-FR","potentialAction":[{"@type":"ReadAction","target":["https:\/\/lysinterfilter.com\/manufacturer\/pp-sintered-filter-cartridge\/"]}]},{"@type":"ImageObject","inLanguage":"fr-FR","@id":"https:\/\/lysinterfilter.com\/manufacturer\/pp-sintered-filter-cartridge\/#primaryimage","url":"https:\/\/lysinterfilter.com\/wp-content\/uploads\/2024\/06\/PE112.jpg","contentUrl":"https:\/\/lysinterfilter.com\/wp-content\/uploads\/2024\/06\/PE112.jpg","width":1024,"height":902,"caption":"{\"data\":{\"pictureId\":\"fbd0bfe457c043018873a57c8c118bb0\",\"appversion\":\"14.0.0\",\"stickerId\":\"\",\"filterId\":\"\",\"infoStickerId\":\"\",\"imageEffectId\":\"\",\"playId\":\"\",\"activityName\":\"\",\"os\":\"android\",\"product\":\"retouch\",\"originAppId\":\"2515\",\"exportType\":\"\",\"editType\":\"\",\"alias\":\"\",\"enterFrom\":\"enter_launch\",\"capability_key\":[\"erase\"],\"capability_extra_v2\":{\"erase\":[{\"panel\":\"eliminatePen\"}]},\"effect_type\":\"tool\",\"effect_id\":\"erase\"},\"source_type\":\"douyin_beauty_me\"}"},{"@type":"BreadcrumbList","@id":"https:\/\/lysinterfilter.com\/manufacturer\/pp-sintered-filter-cartridge\/#breadcrumb","itemListElement":[{"@type":"ListItem","position":1,"name":"Home","item":"https:\/\/lysinterfilter.com\/"},{"@type":"ListItem","position":2,"name":"Products","item":"https:\/\/lysinterfilter.com\/shop\/"},{"@type":"ListItem","position":3,"name":"PP sintered filter cartridge"}]},{"@type":"WebSite","@id":"https:\/\/lysinterfilter.com\/#website","url":"https:\/\/lysinterfilter.com\/","name":"Porous Plastic Filter Manufacturer China","description":"","potentialAction":[{"@type":"SearchAction","target":{"@type":"EntryPoint","urlTemplate":"https:\/\/lysinterfilter.com\/?s={search_term_string}"},"query-input":{"@type":"PropertyValueSpecification","valueRequired":true,"valueName":"search_term_string"}}],"inLanguage":"fr-FR"}]}},"_links":{"self":[{"href":"https:\/\/lysinterfilter.com\/fr\/wp-json\/wp\/v2\/product\/2087","targetHints":{"allow":["GET"]}}],"collection":[{"href":"https:\/\/lysinterfilter.com\/fr\/wp-json\/wp\/v2\/product"}],"about":[{"href":"https:\/\/lysinterfilter.com\/fr\/wp-json\/wp\/v2\/types\/product"}],"wp:featuredmedia":[{"embeddable":true,"href":"https:\/\/lysinterfilter.com\/fr\/wp-json\/wp\/v2\/media\/2657"}],"wp:attachment":[{"href":"https:\/\/lysinterfilter.com\/fr\/wp-json\/wp\/v2\/media?parent=2087"}],"wp:term":[{"taxonomy":"product_brand","embeddable":true,"href":"https:\/\/lysinterfilter.com\/fr\/wp-json\/wp\/v2\/product_brand?post=2087"},{"taxonomy":"product_cat","embeddable":true,"href":"https:\/\/lysinterfilter.com\/fr\/wp-json\/wp\/v2\/product_cat?post=2087"},{"taxonomy":"product_tag","embeddable":true,"href":"https:\/\/lysinterfilter.com\/fr\/wp-json\/wp\/v2\/product_tag?post=2087"}],"curies":[{"name":"wp","href":"https:\/\/api.w.org\/{rel}","templated":true}]}}