{"id":2077,"date":"2024-06-12T07:37:59","date_gmt":"2024-06-12T07:37:59","guid":{"rendered":"https:\/\/lysinterfilter.com\/?post_type=product&#038;p=2077"},"modified":"2026-03-02T02:12:22","modified_gmt":"2026-03-02T02:12:22","slug":"sintered-ptfe-filter","status":"publish","type":"product","link":"https:\/\/lysinterfilter.com\/fr\/manufacturer\/sintered-ptfe-filter\/","title":{"rendered":"Filtre en PTFE fritt\u00e9"},"content":{"rendered":"<div class=\"row\"  id=\"row-775969204\">\n\n\t<div id=\"col-522949786\" class=\"col small-12 large-12\"  >\n\t\t\t\t<div class=\"col-inner\"  >\n\t\t\t\n\t\t\t\n<h2>D\u00e9tails du produit<\/h2>\n<h4><strong>Introduction:<\/strong><\/h4>\n<p>Le filtre en PTFE fritt\u00e9 est fabriqu\u00e9 \u00e0 partir de polyt\u00e9trafluoro\u00e9thyl\u00e8ne \u00e0 poids mol\u00e9culaire ultra \u00e9lev\u00e9, qui est fritt\u00e9 \u00e0 haute temp\u00e9rature et haute pression. La surface de l&#039;\u00e9l\u00e9ment filtrant est lisse, tr\u00e8s r\u00e9sistante, bonne t\u00e9nacit\u00e9, aucune chute de poudre et extr\u00eamement stable \u00e0 toutes les substances chimiques. La porosit\u00e9 de l&#039;\u00e9l\u00e9ment filtrant en mat\u00e9riau est aussi \u00e9lev\u00e9e que 50% et la distribution de la taille des pores est uniforme. L&#039;\u00e9l\u00e9ment filtrant a la capacit\u00e9 de r\u00e9sister aux acides forts, aux alcalis forts, \u00e0 la corrosion chimique, \u00e0 \u00ab l&#039;ozone \u00bb et \u00e0 divers solvants, et peut r\u00e9sister \u00e0 des temp\u00e9ratures \u00e9lev\u00e9es jusqu&#039;\u00e0 200 \u00b0C. Il est largement utilis\u00e9 dans les gaz \u00e0 haute temp\u00e9rature et la filtration de milieux tels que les liquides chimiques.<\/p>\n<h4>\u00a0<strong>Avantage:<\/strong><\/h4>\n<p>Mat\u00e9riau : polyt\u00e9trafluoro\u00e9thyl\u00e8ne \u00e0 poids mol\u00e9culaire ultra \u00e9lev\u00e9<br \/>\nUtilisations : Convient aux acides forts, aux alcalis forts, aux temp\u00e9ratures \u00e9lev\u00e9es et \u00e0 la corrosion chimique<br \/>\nChamp d&#039;application : universel pour l&#039;air, l&#039;eau, les m\u00e9dicaments liquides et l&#039;huile<br \/>\nPression de l&#039;eau brute : 7 (MPA)<br \/>\nDiff\u00e9rence de pression de travail : 5 (MPA)<br \/>\nPr\u00e9cision de filtration : 0,2-50 (um)<br \/>\nTemp\u00e9rature de fonctionnement : \u2264200\u00b0C (\u00b0C)<\/p>\n<h4><strong>Sp\u00e9cification:\u00a0\u00a0<\/strong><\/h4>\n<p>Diam\u00e8tre : 10 20 25 30 35 40 45 50 60 (mm)<br \/>\nLongueur : 5\u2033 10\u2033 20\u2033 30\u2033 40\u2033<br \/>\nPr\u00e9cision de filtration : 0,2 um -50 um<\/p>\n\t<div id=\"text-3001222404\" class=\"text\">\n\t\t\n<h3><strong>Photos:<\/strong><\/h3>\n\t\t\n<style>\n#text-3001222404 {\n  text-align: left;\n}\n<\/style>\n\t<\/div>\n\t\n\t<div class=\"img has-hover x md-x lg-x y md-y lg-y\" id=\"image_1136873198\">\n\t\t\t\t\t\t\t\t<div class=\"img-inner dark\" >\n\t\t\t<img loading=\"lazy\" decoding=\"async\" width=\"1024\" height=\"600\" src=\"https:\/\/lysinterfilter.com\/wp-content\/uploads\/2026\/03\/99.jpg\" class=\"attachment-original size-original\" alt=\"\" srcset=\"https:\/\/lysinterfilter.com\/wp-content\/uploads\/2026\/03\/99.jpg 1024w, https:\/\/lysinterfilter.com\/wp-content\/uploads\/2026\/03\/99-300x176.jpg 300w, https:\/\/lysinterfilter.com\/wp-content\/uploads\/2026\/03\/99-768x450.jpg 768w, https:\/\/lysinterfilter.com\/wp-content\/uploads\/2026\/03\/99-18x12.jpg 18w, https:\/\/lysinterfilter.com\/wp-content\/uploads\/2026\/03\/99-600x352.jpg 600w\" sizes=\"auto, (max-width: 1024px) 100vw, 1024px\" \/>\t\t\t\t\t\t\n\t\t\t\t\t<\/div>\n\t\t\t\t\t\t\t\t\n<style>\n#image_1136873198 {\n  width: 100%;\n}\n<\/style>\n\t<\/div>\n\t\n\t\t<\/div>\n\t\t\t\t\t<\/div>\n\n\t\n\n\t<div id=\"col-955261881\" class=\"col small-12 large-12\"  >\n\t\t\t\t<div class=\"col-inner\"  >\n\t\t\t\n\t\t\t\n<h2>Application<\/h2>\n\t<div class=\"img has-hover x md-x lg-x y md-y lg-y\" id=\"image_426034746\">\n\t\t\t\t\t\t\t\t<div class=\"img-inner dark\" >\n\t\t\t<img loading=\"lazy\" decoding=\"async\" width=\"750\" height=\"350\" src=\"https:\/\/lysinterfilter.com\/wp-content\/uploads\/2024\/06\/Application.webp\" class=\"attachment-original size-original\" alt=\"\" srcset=\"https:\/\/lysinterfilter.com\/wp-content\/uploads\/2024\/06\/Application.webp 750w, https:\/\/lysinterfilter.com\/wp-content\/uploads\/2024\/06\/Application-300x140.webp 300w, https:\/\/lysinterfilter.com\/wp-content\/uploads\/2024\/06\/Application-18x8.webp 18w, https:\/\/lysinterfilter.com\/wp-content\/uploads\/2024\/06\/Application-600x280.webp 600w\" sizes=\"auto, (max-width: 750px) 100vw, 750px\" \/>\t\t\t\t\t\t\n\t\t\t\t\t<\/div>\n\t\t\t\t\t\t\t\t\n<style>\n#image_426034746 {\n  width: 100%;\n}\n<\/style>\n\t<\/div>\n\t\n<p>A. Industrie pharmaceutique<\/p>\n<p>(1)Infusion importante d&#039;eau, d\u00e9carbonisation des interm\u00e9diaires pharmaceutiques<\/p>\n<p>filtration; bouillon de fermentation, liquide oral<\/p>\n<p>(2) Charbon actif en poudre avec filtre de d\u00e9coloration (liquide m\u00e9dicinal<\/p>\n<p>glucose,antibiotiques,m\u00e9dicament synth\u00e9tique,pr\u00e9paration,m\u00e9decine chinoise \u00e0 base de plantes<\/p>\n<p>liquide, etc.)<\/p>\n<p>(3) Liquide d&#039;injection<\/p>\n<p>(4) Filtre \u00e0 air d&#039;injection<\/p>\n<p>(5)Eau de la bouteille de lavage par injection<\/p>\n<p>(6) Filtration des liqueurs m\u00e9dicales<\/p>\n<p>B. Industrie chimique<\/p>\n<p>(1) Filtrage et lavage de l&#039;hydroxyde d&#039;aluminium<\/p>\n<p>(2) Filtrage et lavage du catalyseur au palladium<\/p>\n<p>(3) Filtrage et lavage du phosphore<\/p>\n<p>(4) Filtrage au carbonate de zinc<\/p>\n<p>(5) Filtration de la solution de carbonate de sodium<\/p>\n<p>(6) Filtrage et lavage au sulfate de baryum<\/p>\n<p>(7) Filtrage et lavage du sulfure de cadmium<\/p>\n<p>C.Industrie chimique des fibres et du textile<\/p>\n<p>(1)Filtration par bain acide<\/p>\n<p>(2) Filtration de purification du soufre et de l&#039;acide acrylique<\/p>\n<p>(3) Filtration de pr\u00e9cision de l&#039;eau de soie<\/p>\n<p>D.Industrie l\u00e9g\u00e8re et industrie alimentaire<\/p>\n<p>(1)Filtration du sirop<\/p>\n<p>(2)Filtration des boissons<\/p>\n<p>(3) Filtration du vin et des spiritueux blancs<\/p>\n<p>(4) Filtration de pr\u00e9cision de l&#039;huile v\u00e9g\u00e9tale<\/p>\n<p>(5) Filtration des huiles essentielles<\/p>\n<p>(6)Filtration de l&#039;eau min\u00e9rale<\/p>\n<p>E. Industrie des machines et du p\u00e9trole<\/p>\n<p>(1) Filtration de la solution de placage<\/p>\n<p>(2)Filtration de pr\u00e9cision du liquide de nettoyage du moteur \u00e0 combustion interne<\/p>\n<p>(3) Filtration de lavage des champs p\u00e9trolif\u00e8res<\/p>\n<p>(4)\u00c9quipement d&#039;eau ultra pure pour l&#039;industrie \u00e9lectrique<\/p>\n<p>F.Traitement des eaux us\u00e9es<\/p>\n<p>(1)Traitement des eaux us\u00e9es \u00e0 l&#039;hydroxyde mental lourd<\/p>\n<p>(2)Traitement des eaux us\u00e9es contenant des m\u00e9taux lourds m\u00e9lang\u00e9s<\/p>\n<p>(3)Traitement chimique des eaux us\u00e9es<\/p>\n<p>(4)Traitement des eaux us\u00e9es en c\u00e9ramique<\/p>\n<p>(5)Traitement des eaux us\u00e9es contenant de l&#039;aluminium<\/p>\n<p>(6)Autre traitement des eaux us\u00e9es<\/p>\n\t\t<\/div>\n\t\t\t\t\t<\/div>\n\n\t\n\n\t<div id=\"col-876489274\" class=\"col small-12 large-12\"  >\n\t\t\t\t<div class=\"col-inner\"  >\n\t\t\t\n\t\t\t\n<h2>Certifications<\/h2>\n\t<div class=\"img has-hover x md-x lg-x y md-y lg-y\" id=\"image_697744204\">\n\t\t\t\t\t\t\t\t<div class=\"img-inner dark\" >\n\t\t\t<img loading=\"lazy\" decoding=\"async\" width=\"750\" height=\"450\" src=\"https:\/\/lysinterfilter.com\/wp-content\/uploads\/2024\/06\/Certifications.webp\" class=\"attachment-original size-original\" alt=\"\" srcset=\"https:\/\/lysinterfilter.com\/wp-content\/uploads\/2024\/06\/Certifications.webp 750w, https:\/\/lysinterfilter.com\/wp-content\/uploads\/2024\/06\/Certifications-300x180.webp 300w, https:\/\/lysinterfilter.com\/wp-content\/uploads\/2024\/06\/Certifications-18x12.webp 18w, https:\/\/lysinterfilter.com\/wp-content\/uploads\/2024\/06\/Certifications-600x360.webp 600w\" sizes=\"auto, (max-width: 750px) 100vw, 750px\" \/>\t\t\t\t\t\t\n\t\t\t\t\t<\/div>\n\t\t\t\t\t\t\t\t\n<style>\n#image_697744204 {\n  width: 100%;\n}\n<\/style>\n\t<\/div>\n\t\n\t\t<\/div>\n\t\t\t\t\t<\/div>\n\n\t\n<\/div>","protected":false},"excerpt":{"rendered":"<ul>\n<li>Quantit\u00e9 minimale de commande :<span id=\"dr_show_hits_179\">1 pi\u00e8ce<\/span><\/li>\n<li>Personnalis\u00e9 : accept\u00e9<\/li>\n<li>Brand\uff1aOEM<\/li>\n<li>D\u00e9lai de livraison : Dans les 7 jours<\/li>\n<li>Certification : CE;ISO 9001<\/li>\n<li>Envoyer un e-mail:<\/li>\n<li><a href=\"mailto:info@lysinterfilter.com\">info@lysinterfilter.com<\/a><\/li>\n<\/ul>","protected":false},"featured_media":2667,"template":"","meta":[],"product_brand":[],"product_cat":[42],"product_tag":[],"class_list":{"0":"post-2077","1":"product","2":"type-product","3":"status-publish","4":"has-post-thumbnail","6":"product_cat-ptfe-sintered-filter-cartridges","8":"first","9":"instock","10":"shipping-taxable","11":"product-type-simple"},"yoast_head":"<!-- This site is optimized with the Yoast SEO plugin v27.2 - https:\/\/yoast.com\/product\/yoast-seo-wordpress\/ -->\n<title>Sintered ptfe filter - Porous Plastic Filter Manufacturer China<\/title>\n<meta name=\"description\" content=\"Experience superior filtration with our sintered PTFE filters. Engineered for exceptional chemical resistance and durability, these filters provide reliable performance in demanding applications. Choose our PTFE filters for high-quality, efficient filtration.\" \/>\n<meta name=\"robots\" content=\"index, follow, max-snippet:-1, max-image-preview:large, max-video-preview:-1\" \/>\n<link rel=\"canonical\" href=\"https:\/\/lysinterfilter.com\/fr\/manufacturer\/sintered-ptfe-filter\/\" \/>\n<meta property=\"og:locale\" content=\"fr_FR\" \/>\n<meta property=\"og:type\" content=\"article\" \/>\n<meta property=\"og:title\" content=\"Sintered ptfe filter - Porous Plastic Filter Manufacturer China\" \/>\n<meta property=\"og:description\" content=\"Experience superior filtration with our sintered PTFE filters. Engineered for exceptional chemical resistance and durability, these filters provide reliable performance in demanding applications. Choose our PTFE filters for high-quality, efficient filtration.\" \/>\n<meta property=\"og:url\" content=\"https:\/\/lysinterfilter.com\/fr\/manufacturer\/sintered-ptfe-filter\/\" \/>\n<meta property=\"og:site_name\" content=\"Porous Plastic Filter Manufacturer China\" \/>\n<meta property=\"article:modified_time\" content=\"2026-03-02T02:12:22+00:00\" \/>\n<meta property=\"og:image\" content=\"https:\/\/lysinterfilter.com\/wp-content\/uploads\/2024\/06\/ptfe.jpg\" \/>\n\t<meta property=\"og:image:width\" content=\"1024\" \/>\n\t<meta property=\"og:image:height\" content=\"902\" \/>\n\t<meta property=\"og:image:type\" content=\"image\/jpeg\" \/>\n<meta name=\"twitter:card\" content=\"summary_large_image\" \/>\n<meta name=\"twitter:label1\" content=\"Dur\u00e9e de lecture estim\u00e9e\" \/>\n\t<meta name=\"twitter:data1\" content=\"2 minutes\" \/>\n<script type=\"application\/ld+json\" class=\"yoast-schema-graph\">{\"@context\":\"https:\/\/schema.org\",\"@graph\":[{\"@type\":\"WebPage\",\"@id\":\"https:\/\/lysinterfilter.com\/manufacturer\/sintered-ptfe-filter\/\",\"url\":\"https:\/\/lysinterfilter.com\/manufacturer\/sintered-ptfe-filter\/\",\"name\":\"Sintered ptfe filter - Porous Plastic Filter Manufacturer China\",\"isPartOf\":{\"@id\":\"https:\/\/lysinterfilter.com\/#website\"},\"primaryImageOfPage\":{\"@id\":\"https:\/\/lysinterfilter.com\/manufacturer\/sintered-ptfe-filter\/#primaryimage\"},\"image\":{\"@id\":\"https:\/\/lysinterfilter.com\/manufacturer\/sintered-ptfe-filter\/#primaryimage\"},\"thumbnailUrl\":\"https:\/\/lysinterfilter.com\/wp-content\/uploads\/2024\/06\/ptfe.jpg\",\"datePublished\":\"2024-06-12T07:37:59+00:00\",\"dateModified\":\"2026-03-02T02:12:22+00:00\",\"description\":\"Experience superior filtration with our sintered PTFE filters. Engineered for exceptional chemical resistance and durability, these filters provide reliable performance in demanding applications. Choose our PTFE filters for high-quality, efficient filtration.\",\"breadcrumb\":{\"@id\":\"https:\/\/lysinterfilter.com\/manufacturer\/sintered-ptfe-filter\/#breadcrumb\"},\"inLanguage\":\"fr-FR\",\"potentialAction\":[{\"@type\":\"ReadAction\",\"target\":[\"https:\/\/lysinterfilter.com\/manufacturer\/sintered-ptfe-filter\/\"]}]},{\"@type\":\"ImageObject\",\"inLanguage\":\"fr-FR\",\"@id\":\"https:\/\/lysinterfilter.com\/manufacturer\/sintered-ptfe-filter\/#primaryimage\",\"url\":\"https:\/\/lysinterfilter.com\/wp-content\/uploads\/2024\/06\/ptfe.jpg\",\"contentUrl\":\"https:\/\/lysinterfilter.com\/wp-content\/uploads\/2024\/06\/ptfe.jpg\",\"width\":1024,\"height\":902,\"caption\":\"{\\\"data\\\":{\\\"pictureId\\\":\\\"22286d90e45a479381e6d624e0c95c9c\\\",\\\"appversion\\\":\\\"14.0.0\\\",\\\"stickerId\\\":\\\"\\\",\\\"filterId\\\":\\\"\\\",\\\"infoStickerId\\\":\\\"\\\",\\\"imageEffectId\\\":\\\"\\\",\\\"playId\\\":\\\"\\\",\\\"activityName\\\":\\\"\\\",\\\"os\\\":\\\"android\\\",\\\"product\\\":\\\"retouch\\\",\\\"originAppId\\\":\\\"2515\\\",\\\"exportType\\\":\\\"\\\",\\\"editType\\\":\\\"\\\",\\\"alias\\\":\\\"VS9DpSw9gqS4Jpb71Fnap1XywdiFAjCz92KjNdO+SvFKIcu9JVK7iXVld0bAVUrNIghtAusIVBnNsSiVKCOjOrMRT5nprZJYp4gOyHIws\/5YwOb2sR4H44F11qv0U7iAKJPtuG1uT1e5kBinJa9vD2iBI4GDnY0Qbbfmeh9pX4Z31r29TXdpBQa+Lgw3NASVyWgjeSXlNaoBGp6huXp5s\/DiAy9xJn6y6U1b21MTXRv9NZar7I088WwPFl9yYdrs5u3nBFUZz3DfhON3+l0S35ps8sfI9XDMo0NXxAL0n\/RnrXgR6PCXmEKDZe204qigFvNIuUSQD9mCy\/fNLdMMHA==\\\",\\\"enterFrom\\\":\\\"enter_launch\\\",\\\"capability_key\\\":[\\\"erase\\\"],\\\"capability_extra_v2\\\":{\\\"erase\\\":[{\\\"panel\\\":\\\"eliminatePen\\\"}]},\\\"effect_type\\\":\\\"tool\\\",\\\"effect_id\\\":\\\"erase\\\"},\\\"source_type\\\":\\\"douyin_beauty_me\\\"}\"},{\"@type\":\"BreadcrumbList\",\"@id\":\"https:\/\/lysinterfilter.com\/manufacturer\/sintered-ptfe-filter\/#breadcrumb\",\"itemListElement\":[{\"@type\":\"ListItem\",\"position\":1,\"name\":\"Home\",\"item\":\"https:\/\/lysinterfilter.com\/\"},{\"@type\":\"ListItem\",\"position\":2,\"name\":\"Products\",\"item\":\"https:\/\/lysinterfilter.com\/shop\/\"},{\"@type\":\"ListItem\",\"position\":3,\"name\":\"Sintered ptfe filter\"}]},{\"@type\":\"WebSite\",\"@id\":\"https:\/\/lysinterfilter.com\/#website\",\"url\":\"https:\/\/lysinterfilter.com\/\",\"name\":\"Porous Plastic Filter Manufacturer China\",\"description\":\"\",\"potentialAction\":[{\"@type\":\"SearchAction\",\"target\":{\"@type\":\"EntryPoint\",\"urlTemplate\":\"https:\/\/lysinterfilter.com\/?s={search_term_string}\"},\"query-input\":{\"@type\":\"PropertyValueSpecification\",\"valueRequired\":true,\"valueName\":\"search_term_string\"}}],\"inLanguage\":\"fr-FR\"}]}<\/script>\n<!-- \/ Yoast SEO plugin. -->","yoast_head_json":{"title":"Sintered ptfe filter - Porous Plastic Filter Manufacturer China","description":"B\u00e9n\u00e9ficiez d&#039;une filtration sup\u00e9rieure avec nos filtres en PTFE fritt\u00e9. Con\u00e7us pour une r\u00e9sistance chimique et une durabilit\u00e9 exceptionnelles, ces filtres offrent des performances fiables dans les applications exigeantes. Choisissez nos filtres en PTFE pour une filtration efficace et de haute qualit\u00e9.","robots":{"index":"index","follow":"follow","max-snippet":"max-snippet:-1","max-image-preview":"max-image-preview:large","max-video-preview":"max-video-preview:-1"},"canonical":"https:\/\/lysinterfilter.com\/fr\/manufacturer\/sintered-ptfe-filter\/","og_locale":"fr_FR","og_type":"article","og_title":"Sintered ptfe filter - Porous Plastic Filter Manufacturer China","og_description":"Experience superior filtration with our sintered PTFE filters. Engineered for exceptional chemical resistance and durability, these filters provide reliable performance in demanding applications. Choose our PTFE filters for high-quality, efficient filtration.","og_url":"https:\/\/lysinterfilter.com\/fr\/manufacturer\/sintered-ptfe-filter\/","og_site_name":"Porous Plastic Filter Manufacturer China","article_modified_time":"2026-03-02T02:12:22+00:00","og_image":[{"width":1024,"height":902,"url":"https:\/\/lysinterfilter.com\/wp-content\/uploads\/2024\/06\/ptfe.jpg","type":"image\/jpeg"}],"twitter_card":"summary_large_image","twitter_misc":{"Dur\u00e9e de lecture estim\u00e9e":"2 minutes"},"schema":{"@context":"https:\/\/schema.org","@graph":[{"@type":"WebPage","@id":"https:\/\/lysinterfilter.com\/manufacturer\/sintered-ptfe-filter\/","url":"https:\/\/lysinterfilter.com\/manufacturer\/sintered-ptfe-filter\/","name":"Sintered ptfe filter - Porous Plastic Filter Manufacturer China","isPartOf":{"@id":"https:\/\/lysinterfilter.com\/#website"},"primaryImageOfPage":{"@id":"https:\/\/lysinterfilter.com\/manufacturer\/sintered-ptfe-filter\/#primaryimage"},"image":{"@id":"https:\/\/lysinterfilter.com\/manufacturer\/sintered-ptfe-filter\/#primaryimage"},"thumbnailUrl":"https:\/\/lysinterfilter.com\/wp-content\/uploads\/2024\/06\/ptfe.jpg","datePublished":"2024-06-12T07:37:59+00:00","dateModified":"2026-03-02T02:12:22+00:00","description":"B\u00e9n\u00e9ficiez d&#039;une filtration sup\u00e9rieure avec nos filtres en PTFE fritt\u00e9. Con\u00e7us pour une r\u00e9sistance chimique et une durabilit\u00e9 exceptionnelles, ces filtres offrent des performances fiables dans les applications exigeantes. Choisissez nos filtres en PTFE pour une filtration efficace et de haute qualit\u00e9.","breadcrumb":{"@id":"https:\/\/lysinterfilter.com\/manufacturer\/sintered-ptfe-filter\/#breadcrumb"},"inLanguage":"fr-FR","potentialAction":[{"@type":"ReadAction","target":["https:\/\/lysinterfilter.com\/manufacturer\/sintered-ptfe-filter\/"]}]},{"@type":"ImageObject","inLanguage":"fr-FR","@id":"https:\/\/lysinterfilter.com\/manufacturer\/sintered-ptfe-filter\/#primaryimage","url":"https:\/\/lysinterfilter.com\/wp-content\/uploads\/2024\/06\/ptfe.jpg","contentUrl":"https:\/\/lysinterfilter.com\/wp-content\/uploads\/2024\/06\/ptfe.jpg","width":1024,"height":902,"caption":"{\"data\":{\"pictureId\":\"22286d90e45a479381e6d624e0c95c9c\",\"appversion\":\"14.0.0\",\"stickerId\":\"\",\"filterId\":\"\",\"infoStickerId\":\"\",\"imageEffectId\":\"\",\"playId\":\"\",\"activityName\":\"\",\"os\":\"android\",\"product\":\"retouch\",\"originAppId\":\"2515\",\"exportType\":\"\",\"editType\":\"\",\"alias\":\"VS9DpSw9gqS4Jpb71Fnap1XywdiFAjCz92KjNdO+SvFKIcu9JVK7iXVld0bAVUrNIghtAusIVBnNsSiVKCOjOrMRT5nprZJYp4gOyHIws\/5YwOb2sR4H44F11qv0U7iAKJPtuG1uT1e5kBinJa9vD2iBI4GDnY0Qbbfmeh9pX4Z31r29TXdpBQa+Lgw3NASVyWgjeSXlNaoBGp6huXp5s\/DiAy9xJn6y6U1b21MTXRv9NZar7I088WwPFl9yYdrs5u3nBFUZz3DfhON3+l0S35ps8sfI9XDMo0NXxAL0n\/RnrXgR6PCXmEKDZe204qigFvNIuUSQD9mCy\/fNLdMMHA==\",\"enterFrom\":\"enter_launch\",\"capability_key\":[\"erase\"],\"capability_extra_v2\":{\"erase\":[{\"panel\":\"eliminatePen\"}]},\"effect_type\":\"tool\",\"effect_id\":\"erase\"},\"source_type\":\"douyin_beauty_me\"}"},{"@type":"BreadcrumbList","@id":"https:\/\/lysinterfilter.com\/manufacturer\/sintered-ptfe-filter\/#breadcrumb","itemListElement":[{"@type":"ListItem","position":1,"name":"Home","item":"https:\/\/lysinterfilter.com\/"},{"@type":"ListItem","position":2,"name":"Products","item":"https:\/\/lysinterfilter.com\/shop\/"},{"@type":"ListItem","position":3,"name":"Sintered ptfe filter"}]},{"@type":"WebSite","@id":"https:\/\/lysinterfilter.com\/#website","url":"https:\/\/lysinterfilter.com\/","name":"Porous Plastic Filter Manufacturer China","description":"","potentialAction":[{"@type":"SearchAction","target":{"@type":"EntryPoint","urlTemplate":"https:\/\/lysinterfilter.com\/?s={search_term_string}"},"query-input":{"@type":"PropertyValueSpecification","valueRequired":true,"valueName":"search_term_string"}}],"inLanguage":"fr-FR"}]}},"_links":{"self":[{"href":"https:\/\/lysinterfilter.com\/fr\/wp-json\/wp\/v2\/product\/2077","targetHints":{"allow":["GET"]}}],"collection":[{"href":"https:\/\/lysinterfilter.com\/fr\/wp-json\/wp\/v2\/product"}],"about":[{"href":"https:\/\/lysinterfilter.com\/fr\/wp-json\/wp\/v2\/types\/product"}],"wp:featuredmedia":[{"embeddable":true,"href":"https:\/\/lysinterfilter.com\/fr\/wp-json\/wp\/v2\/media\/2667"}],"wp:attachment":[{"href":"https:\/\/lysinterfilter.com\/fr\/wp-json\/wp\/v2\/media?parent=2077"}],"wp:term":[{"taxonomy":"product_brand","embeddable":true,"href":"https:\/\/lysinterfilter.com\/fr\/wp-json\/wp\/v2\/product_brand?post=2077"},{"taxonomy":"product_cat","embeddable":true,"href":"https:\/\/lysinterfilter.com\/fr\/wp-json\/wp\/v2\/product_cat?post=2077"},{"taxonomy":"product_tag","embeddable":true,"href":"https:\/\/lysinterfilter.com\/fr\/wp-json\/wp\/v2\/product_tag?post=2077"}],"curies":[{"name":"wp","href":"https:\/\/api.w.org\/{rel}","templated":true}]}}