{"id":2066,"date":"2024-06-12T07:28:58","date_gmt":"2024-06-12T07:28:58","guid":{"rendered":"https:\/\/lysinterfilter.com\/?post_type=product&#038;p=2066"},"modified":"2026-02-27T06:26:36","modified_gmt":"2026-02-27T06:26:36","slug":"factory-price-porous-plastic-sintered-pa-membrane-filter-with-screw-connector","status":"publish","type":"product","link":"https:\/\/lysinterfilter.com\/fr\/manufacturer\/factory-price-porous-plastic-sintered-pa-membrane-filter-with-screw-connector\/","title":{"rendered":"Filtre PA fritt\u00e9 en plastique poreux \u00e0 prix d&#039;usine avec connecteur \u00e0 vis"},"content":{"rendered":"<div class=\"row\"  id=\"row-424707110\">\n\n\t<div id=\"col-663578242\" class=\"col small-12 large-12\"  >\n\t\t\t\t<div class=\"col-inner\"  >\n\t\t\t\n\t\t\t\n<h2>D\u00e9tails du produit<\/h2>\n<h4><strong>Introduction:<\/strong><\/h4>\n<p>L&#039;\u00e9l\u00e9ment filtrant fritt\u00e9 PA est fabriqu\u00e9 \u00e0 partir de poly\u00e9thyl\u00e8ne de haut poids mol\u00e9culaire de haute qualit\u00e9 comme mati\u00e8re premi\u00e8re principale et de fibre de carbone gr\u00e2ce au frittage de formule scientifique. Structure compacte, solide, l\u00e9g\u00e8re, peut supporter une pression de filtration \u00e9lev\u00e9e, non toxique et sans go\u00fbt, et pr\u00e9sente une bonne r\u00e9sistance \u00e0 la corrosion aux solvants acides et alcalins.<\/p>\n<h4><strong>Avantage:<\/strong><\/h4>\n<p>1. R\u00e9sistant \u00e0 la corrosion des acides forts et des alcalis forts, et r\u00e9sistant \u00e0 la dissolution des solvants organiques\u00a0;<br \/>\n2. Une excellente r\u00e9sistance \u00e0 l&#039;usure et \u00e0 la corrosion garantit sa dur\u00e9e de vie ;<br \/>\n3. La surface de la lumi\u00e8re ext\u00e9rieure rend difficile l\u2019adh\u00e9rence des impuret\u00e9s\u00a0;<br \/>\n4. Le rin\u00e7age \u00e0 contre-courant et le rin\u00e7age \u00e0 contre-courant sont faciles \u00e0 r\u00e9utiliser\u00a0;<br \/>\n5. Bonne t\u00e9nacit\u00e9, l&#039;\u00e9l\u00e9ment filtrant n&#039;est pas facile \u00e0 casser ;<br \/>\n6. Aucun ph\u00e9nom\u00e8ne de battage, forte r\u00e9sistance \u00e0 la pression.<\/p>\n<h4><strong>Sp\u00e9cification:\u00a0\u00a0<\/strong><\/h4>\n<p>Diam\u00e8tre : \u222e20\u222e25\u222e30\u222e35\u222e38\u222e45\u222e50\u222e60<br \/>\nTaille du connecteur : M20-M22-M24-M26-M30<br \/>\nMat\u00e9riau du joint : polypropyl\u00e8ne, acier inoxydable 316<br \/>\nLongueur : 5\u203310\u203320\u203330\u203340\u203360\u203380\u2033<br \/>\nPr\u00e9cision de filtration : 0,5 um-100 um<\/p>\n\t<div id=\"text-419323076\" class=\"text\">\n\t\t\n<h3><strong>Photos:<\/strong><\/h3>\n\t\t\n<style>\n#text-419323076 {\n  text-align: left;\n}\n<\/style>\n\t<\/div>\n\t\n\t<div class=\"img has-hover x md-x lg-x y md-y lg-y\" id=\"image_1831511178\">\n\t\t\t\t\t\t\t\t<div class=\"img-inner dark\" >\n\t\t\t<img loading=\"lazy\" decoding=\"async\" width=\"1024\" height=\"600\" src=\"https:\/\/lysinterfilter.com\/wp-content\/uploads\/2026\/02\/paa4.jpg\" class=\"attachment-original size-original\" alt=\"\" srcset=\"https:\/\/lysinterfilter.com\/wp-content\/uploads\/2026\/02\/paa4.jpg 1024w, https:\/\/lysinterfilter.com\/wp-content\/uploads\/2026\/02\/paa4-300x176.jpg 300w, https:\/\/lysinterfilter.com\/wp-content\/uploads\/2026\/02\/paa4-768x450.jpg 768w, https:\/\/lysinterfilter.com\/wp-content\/uploads\/2026\/02\/paa4-18x12.jpg 18w, https:\/\/lysinterfilter.com\/wp-content\/uploads\/2026\/02\/paa4-600x352.jpg 600w\" sizes=\"auto, (max-width: 1024px) 100vw, 1024px\" \/>\t\t\t\t\t\t\n\t\t\t\t\t<\/div>\n\t\t\t\t\t\t\t\t\n<style>\n#image_1831511178 {\n  width: 100%;\n}\n<\/style>\n\t<\/div>\n\t\n\t\t<\/div>\n\t\t\t\t\t<\/div>\n\n\t\n\n\t<div id=\"col-1247414329\" class=\"col small-12 large-12\"  >\n\t\t\t\t<div class=\"col-inner\"  >\n\t\t\t\n\t\t\t\n<h2>Application<\/h2>\n\t<div class=\"img has-hover x md-x lg-x y md-y lg-y\" id=\"image_1471230299\">\n\t\t\t\t\t\t\t\t<div class=\"img-inner dark\" >\n\t\t\t<img loading=\"lazy\" decoding=\"async\" width=\"750\" height=\"350\" src=\"https:\/\/lysinterfilter.com\/wp-content\/uploads\/2024\/06\/Application.webp\" class=\"attachment-original size-original\" alt=\"\" srcset=\"https:\/\/lysinterfilter.com\/wp-content\/uploads\/2024\/06\/Application.webp 750w, https:\/\/lysinterfilter.com\/wp-content\/uploads\/2024\/06\/Application-300x140.webp 300w, https:\/\/lysinterfilter.com\/wp-content\/uploads\/2024\/06\/Application-18x8.webp 18w, https:\/\/lysinterfilter.com\/wp-content\/uploads\/2024\/06\/Application-600x280.webp 600w\" sizes=\"auto, (max-width: 750px) 100vw, 750px\" \/>\t\t\t\t\t\t\n\t\t\t\t\t<\/div>\n\t\t\t\t\t\t\t\t\n<style>\n#image_1471230299 {\n  width: 100%;\n}\n<\/style>\n\t<\/div>\n\t\n<p>A. Industrie pharmaceutique<\/p>\n<p>(1)Infusion importante d&#039;eau, d\u00e9carbonisation des interm\u00e9diaires pharmaceutiques<\/p>\n<p>filtration; bouillon de fermentation, liquide oral<\/p>\n<p>(2) Charbon actif en poudre avec filtre de d\u00e9coloration (liquide m\u00e9dicinal<\/p>\n<p>glucose,antibiotiques,m\u00e9dicament synth\u00e9tique,pr\u00e9paration,m\u00e9decine chinoise \u00e0 base de plantes<\/p>\n<p>liquide, etc.)<\/p>\n<p>(3) Liquide d&#039;injection<\/p>\n<p>(4) Filtre \u00e0 air d&#039;injection<\/p>\n<p>(5)Eau de la bouteille de lavage par injection<\/p>\n<p>(6) Filtration des liqueurs m\u00e9dicales<\/p>\n<p>B. Industrie chimique<\/p>\n<p>(1) Filtrage et lavage de l&#039;hydroxyde d&#039;aluminium<\/p>\n<p>(2) Filtrage et lavage du catalyseur au palladium<\/p>\n<p>(3) Filtrage et lavage du phosphore<\/p>\n<p>(4) Filtrage au carbonate de zinc<\/p>\n<p>(5) Filtration de la solution de carbonate de sodium<\/p>\n<p>(6) Filtrage et lavage au sulfate de baryum<\/p>\n<p>(7) Filtrage et lavage du sulfure de cadmium<\/p>\n<p>C.Industrie chimique des fibres et du textile<\/p>\n<p>(1)Filtration par bain acide<\/p>\n<p>(2) Filtration de purification du soufre et de l&#039;acide acrylique<\/p>\n<p>(3) Filtration de pr\u00e9cision de l&#039;eau de soie<\/p>\n<p>D.Industrie l\u00e9g\u00e8re et industrie alimentaire<\/p>\n<p>(1)Filtration du sirop<\/p>\n<p>(2)Filtration des boissons<\/p>\n<p>(3) Filtration du vin et des spiritueux blancs<\/p>\n<p>(4) Filtration de pr\u00e9cision de l&#039;huile v\u00e9g\u00e9tale<\/p>\n<p>(5) Filtration des huiles essentielles<\/p>\n<p>(6)Filtration de l&#039;eau min\u00e9rale<\/p>\n<p>E. Industrie des machines et du p\u00e9trole<\/p>\n<p>(1) Filtration de la solution de placage<\/p>\n<p>(2)Filtration de pr\u00e9cision du liquide de nettoyage du moteur \u00e0 combustion interne<\/p>\n<p>(3) Filtration de lavage des champs p\u00e9trolif\u00e8res<\/p>\n<p>(4)\u00c9quipement d&#039;eau ultra pure pour l&#039;industrie \u00e9lectrique<\/p>\n<p>F.Traitement des eaux us\u00e9es<\/p>\n<p>(1)Traitement des eaux us\u00e9es \u00e0 l&#039;hydroxyde mental lourd<\/p>\n<p>(2)Traitement des eaux us\u00e9es contenant des m\u00e9taux lourds m\u00e9lang\u00e9s<\/p>\n<p>(3)Traitement chimique des eaux us\u00e9es<\/p>\n<p>(4)Traitement des eaux us\u00e9es en c\u00e9ramique<\/p>\n<p>(5)Traitement des eaux us\u00e9es contenant de l&#039;aluminium<\/p>\n<p>(6)Autre traitement des eaux us\u00e9es<\/p>\n\t\t<\/div>\n\t\t\t\t\t<\/div>\n\n\t\n\n\t<div id=\"col-2145611664\" class=\"col small-12 large-12\"  >\n\t\t\t\t<div class=\"col-inner\"  >\n\t\t\t\n\t\t\t\n<h2>Certifications<\/h2>\n\t<div class=\"img has-hover x md-x lg-x y md-y lg-y\" id=\"image_821091265\">\n\t\t\t\t\t\t\t\t<div class=\"img-inner dark\" >\n\t\t\t<img loading=\"lazy\" decoding=\"async\" width=\"750\" height=\"450\" src=\"https:\/\/lysinterfilter.com\/wp-content\/uploads\/2024\/06\/Certifications.webp\" class=\"attachment-original size-original\" alt=\"\" srcset=\"https:\/\/lysinterfilter.com\/wp-content\/uploads\/2024\/06\/Certifications.webp 750w, https:\/\/lysinterfilter.com\/wp-content\/uploads\/2024\/06\/Certifications-300x180.webp 300w, https:\/\/lysinterfilter.com\/wp-content\/uploads\/2024\/06\/Certifications-18x12.webp 18w, https:\/\/lysinterfilter.com\/wp-content\/uploads\/2024\/06\/Certifications-600x360.webp 600w\" sizes=\"auto, (max-width: 750px) 100vw, 750px\" \/>\t\t\t\t\t\t\n\t\t\t\t\t<\/div>\n\t\t\t\t\t\t\t\t\n<style>\n#image_821091265 {\n  width: 100%;\n}\n<\/style>\n\t<\/div>\n\t\n\t\t<\/div>\n\t\t\t\t\t<\/div>\n\n\t\n<\/div>","protected":false},"excerpt":{"rendered":"<ul>\n<li>Quantit\u00e9 minimale de commande :<span id=\"dr_show_hits_179\">1 pi\u00e8ce<\/span><\/li>\n<li>Personnalis\u00e9 : accept\u00e9<\/li>\n<li>Brand\uff1aOEM<\/li>\n<li>D\u00e9lai de livraison : Dans les 7 jours<\/li>\n<li>Certification : CE;ISO 9001<\/li>\n<li>Envoyer un e-mail:<\/li>\n<li><a href=\"mailto:info@lysinterfilter.com\">info@lysinterfilter.com<\/a><\/li>\n<\/ul>","protected":false},"featured_media":2662,"template":"","meta":[],"product_brand":[],"product_cat":[43],"product_tag":[],"class_list":{"0":"post-2066","1":"product","2":"type-product","3":"status-publish","4":"has-post-thumbnail","6":"product_cat-pa-sintered-filter-cartridge","8":"first","9":"instock","10":"shipping-taxable","11":"product-type-simple"},"yoast_head":"<!-- This site is optimized with the Yoast SEO plugin v27.2 - https:\/\/yoast.com\/product\/yoast-seo-wordpress\/ -->\n<title>Factory Price Porous Plastic Sintered PA Filter with screw connector - Porous Plastic Filter Manufacturer China<\/title>\n<meta name=\"description\" content=\"Discover the efficiency of our PA filters. Engineered for durability and superior performance, these filters provide reliable filtration for various applications. Choose our PA filters for high-quality and effective contaminant removal.\" \/>\n<meta name=\"robots\" content=\"index, follow, max-snippet:-1, max-image-preview:large, max-video-preview:-1\" \/>\n<link rel=\"canonical\" href=\"https:\/\/lysinterfilter.com\/fr\/manufacturer\/factory-price-porous-plastic-sintered-pa-membrane-filter-with-screw-connector\/\" \/>\n<meta property=\"og:locale\" content=\"fr_FR\" \/>\n<meta property=\"og:type\" content=\"article\" \/>\n<meta property=\"og:title\" content=\"Factory Price Porous Plastic Sintered PA Filter with screw connector - Porous Plastic Filter Manufacturer China\" \/>\n<meta property=\"og:description\" content=\"Discover the efficiency of our PA filters. Engineered for durability and superior performance, these filters provide reliable filtration for various applications. Choose our PA filters for high-quality and effective contaminant removal.\" \/>\n<meta property=\"og:url\" content=\"https:\/\/lysinterfilter.com\/fr\/manufacturer\/factory-price-porous-plastic-sintered-pa-membrane-filter-with-screw-connector\/\" \/>\n<meta property=\"og:site_name\" content=\"Porous Plastic Filter Manufacturer China\" \/>\n<meta property=\"article:modified_time\" content=\"2026-02-27T06:26:36+00:00\" \/>\n<meta property=\"og:image\" content=\"https:\/\/lysinterfilter.com\/wp-content\/uploads\/2024\/06\/paa.jpg\" \/>\n\t<meta property=\"og:image:width\" content=\"1024\" \/>\n\t<meta property=\"og:image:height\" content=\"902\" \/>\n\t<meta property=\"og:image:type\" content=\"image\/jpeg\" \/>\n<meta name=\"twitter:card\" content=\"summary_large_image\" \/>\n<meta name=\"twitter:label1\" content=\"Dur\u00e9e de lecture estim\u00e9e\" \/>\n\t<meta name=\"twitter:data1\" content=\"2 minutes\" \/>\n<script type=\"application\/ld+json\" class=\"yoast-schema-graph\">{\"@context\":\"https:\/\/schema.org\",\"@graph\":[{\"@type\":\"WebPage\",\"@id\":\"https:\/\/lysinterfilter.com\/manufacturer\/factory-price-porous-plastic-sintered-pa-membrane-filter-with-screw-connector\/\",\"url\":\"https:\/\/lysinterfilter.com\/manufacturer\/factory-price-porous-plastic-sintered-pa-membrane-filter-with-screw-connector\/\",\"name\":\"Factory Price Porous Plastic Sintered PA Filter with screw connector - Porous Plastic Filter Manufacturer China\",\"isPartOf\":{\"@id\":\"https:\/\/lysinterfilter.com\/#website\"},\"primaryImageOfPage\":{\"@id\":\"https:\/\/lysinterfilter.com\/manufacturer\/factory-price-porous-plastic-sintered-pa-membrane-filter-with-screw-connector\/#primaryimage\"},\"image\":{\"@id\":\"https:\/\/lysinterfilter.com\/manufacturer\/factory-price-porous-plastic-sintered-pa-membrane-filter-with-screw-connector\/#primaryimage\"},\"thumbnailUrl\":\"https:\/\/lysinterfilter.com\/wp-content\/uploads\/2024\/06\/paa.jpg\",\"datePublished\":\"2024-06-12T07:28:58+00:00\",\"dateModified\":\"2026-02-27T06:26:36+00:00\",\"description\":\"Discover the efficiency of our PA filters. Engineered for durability and superior performance, these filters provide reliable filtration for various applications. Choose our PA filters for high-quality and effective contaminant removal.\",\"breadcrumb\":{\"@id\":\"https:\/\/lysinterfilter.com\/manufacturer\/factory-price-porous-plastic-sintered-pa-membrane-filter-with-screw-connector\/#breadcrumb\"},\"inLanguage\":\"fr-FR\",\"potentialAction\":[{\"@type\":\"ReadAction\",\"target\":[\"https:\/\/lysinterfilter.com\/manufacturer\/factory-price-porous-plastic-sintered-pa-membrane-filter-with-screw-connector\/\"]}]},{\"@type\":\"ImageObject\",\"inLanguage\":\"fr-FR\",\"@id\":\"https:\/\/lysinterfilter.com\/manufacturer\/factory-price-porous-plastic-sintered-pa-membrane-filter-with-screw-connector\/#primaryimage\",\"url\":\"https:\/\/lysinterfilter.com\/wp-content\/uploads\/2024\/06\/paa.jpg\",\"contentUrl\":\"https:\/\/lysinterfilter.com\/wp-content\/uploads\/2024\/06\/paa.jpg\",\"width\":1024,\"height\":902,\"caption\":\"{\\\"data\\\":{\\\"pictureId\\\":\\\"5960cd75038c47639d2dcd968f3ac9b2\\\",\\\"appversion\\\":\\\"14.0.0\\\",\\\"stickerId\\\":\\\"\\\",\\\"filterId\\\":\\\"\\\",\\\"infoStickerId\\\":\\\"\\\",\\\"imageEffectId\\\":\\\"\\\",\\\"playId\\\":\\\"\\\",\\\"activityName\\\":\\\"\\\",\\\"os\\\":\\\"android\\\",\\\"product\\\":\\\"retouch\\\",\\\"originAppId\\\":\\\"2515\\\",\\\"exportType\\\":\\\"\\\",\\\"editType\\\":\\\"\\\",\\\"alias\\\":\\\"ccQ6nHZKEKCSnAPj2B+oeSnh6cpfcONySoecApXskDd1JpjDMrHeKQY45ddtDF72wevufyA055xQH2vkryoBxTe02VwMqEO1pq8lu7UJ9XZGW11Imql16qKR3qLYoEb3NgG9NstNlKxZfxiYlUWHuQGkSAeGi17nVSX2Py1NqdAG1e81W\/1cAhmBTpxw7e9ET7yqDY7I\/xgyFwLdo9A5JnSUbGWVfQU5Im\/ixueFYYcat8ki18sgSNeRex7fhKzdoDw7s1fWe84eV9YsXZ4SZCO\/lHnMFgUMvXNt3UBDOZX3ijdzvyJek+HddSevWQ4RIbM4s2016auHZyvzMXp7yg==\\\",\\\"enterFrom\\\":\\\"enter_launch\\\",\\\"capability_key\\\":[\\\"erase\\\"],\\\"capability_extra_v2\\\":{\\\"erase\\\":[{\\\"panel\\\":\\\"magic_eliminate\\\"}]},\\\"effect_type\\\":\\\"tool\\\",\\\"effect_id\\\":\\\"erase\\\"},\\\"source_type\\\":\\\"douyin_beauty_me\\\"}\"},{\"@type\":\"BreadcrumbList\",\"@id\":\"https:\/\/lysinterfilter.com\/manufacturer\/factory-price-porous-plastic-sintered-pa-membrane-filter-with-screw-connector\/#breadcrumb\",\"itemListElement\":[{\"@type\":\"ListItem\",\"position\":1,\"name\":\"Home\",\"item\":\"https:\/\/lysinterfilter.com\/\"},{\"@type\":\"ListItem\",\"position\":2,\"name\":\"Products\",\"item\":\"https:\/\/lysinterfilter.com\/shop\/\"},{\"@type\":\"ListItem\",\"position\":3,\"name\":\"Factory Price Porous Plastic Sintered PA Filter with screw connector\"}]},{\"@type\":\"WebSite\",\"@id\":\"https:\/\/lysinterfilter.com\/#website\",\"url\":\"https:\/\/lysinterfilter.com\/\",\"name\":\"Porous Plastic Filter Manufacturer China\",\"description\":\"\",\"potentialAction\":[{\"@type\":\"SearchAction\",\"target\":{\"@type\":\"EntryPoint\",\"urlTemplate\":\"https:\/\/lysinterfilter.com\/?s={search_term_string}\"},\"query-input\":{\"@type\":\"PropertyValueSpecification\",\"valueRequired\":true,\"valueName\":\"search_term_string\"}}],\"inLanguage\":\"fr-FR\"}]}<\/script>\n<!-- \/ Yoast SEO plugin. -->","yoast_head_json":{"title":"Factory Price Porous Plastic Sintered PA Filter with screw connector - Porous Plastic Filter Manufacturer China","description":"D\u00e9couvrez l&#039;efficacit\u00e9 de nos filtres PA. Con\u00e7us pour une durabilit\u00e9 et des performances sup\u00e9rieures, ces filtres offrent une filtration fiable pour diverses applications. Choisissez nos filtres PA pour une \u00e9limination des contaminants de haute qualit\u00e9 et efficace.","robots":{"index":"index","follow":"follow","max-snippet":"max-snippet:-1","max-image-preview":"max-image-preview:large","max-video-preview":"max-video-preview:-1"},"canonical":"https:\/\/lysinterfilter.com\/fr\/manufacturer\/factory-price-porous-plastic-sintered-pa-membrane-filter-with-screw-connector\/","og_locale":"fr_FR","og_type":"article","og_title":"Factory Price Porous Plastic Sintered PA Filter with screw connector - Porous Plastic Filter Manufacturer China","og_description":"Discover the efficiency of our PA filters. Engineered for durability and superior performance, these filters provide reliable filtration for various applications. Choose our PA filters for high-quality and effective contaminant removal.","og_url":"https:\/\/lysinterfilter.com\/fr\/manufacturer\/factory-price-porous-plastic-sintered-pa-membrane-filter-with-screw-connector\/","og_site_name":"Porous Plastic Filter Manufacturer China","article_modified_time":"2026-02-27T06:26:36+00:00","og_image":[{"width":1024,"height":902,"url":"https:\/\/lysinterfilter.com\/wp-content\/uploads\/2024\/06\/paa.jpg","type":"image\/jpeg"}],"twitter_card":"summary_large_image","twitter_misc":{"Dur\u00e9e de lecture estim\u00e9e":"2 minutes"},"schema":{"@context":"https:\/\/schema.org","@graph":[{"@type":"WebPage","@id":"https:\/\/lysinterfilter.com\/manufacturer\/factory-price-porous-plastic-sintered-pa-membrane-filter-with-screw-connector\/","url":"https:\/\/lysinterfilter.com\/manufacturer\/factory-price-porous-plastic-sintered-pa-membrane-filter-with-screw-connector\/","name":"Factory Price Porous Plastic Sintered PA Filter with screw connector - Porous Plastic Filter Manufacturer China","isPartOf":{"@id":"https:\/\/lysinterfilter.com\/#website"},"primaryImageOfPage":{"@id":"https:\/\/lysinterfilter.com\/manufacturer\/factory-price-porous-plastic-sintered-pa-membrane-filter-with-screw-connector\/#primaryimage"},"image":{"@id":"https:\/\/lysinterfilter.com\/manufacturer\/factory-price-porous-plastic-sintered-pa-membrane-filter-with-screw-connector\/#primaryimage"},"thumbnailUrl":"https:\/\/lysinterfilter.com\/wp-content\/uploads\/2024\/06\/paa.jpg","datePublished":"2024-06-12T07:28:58+00:00","dateModified":"2026-02-27T06:26:36+00:00","description":"D\u00e9couvrez l&#039;efficacit\u00e9 de nos filtres PA. Con\u00e7us pour une durabilit\u00e9 et des performances sup\u00e9rieures, ces filtres offrent une filtration fiable pour diverses applications. Choisissez nos filtres PA pour une \u00e9limination des contaminants de haute qualit\u00e9 et efficace.","breadcrumb":{"@id":"https:\/\/lysinterfilter.com\/manufacturer\/factory-price-porous-plastic-sintered-pa-membrane-filter-with-screw-connector\/#breadcrumb"},"inLanguage":"fr-FR","potentialAction":[{"@type":"ReadAction","target":["https:\/\/lysinterfilter.com\/manufacturer\/factory-price-porous-plastic-sintered-pa-membrane-filter-with-screw-connector\/"]}]},{"@type":"ImageObject","inLanguage":"fr-FR","@id":"https:\/\/lysinterfilter.com\/manufacturer\/factory-price-porous-plastic-sintered-pa-membrane-filter-with-screw-connector\/#primaryimage","url":"https:\/\/lysinterfilter.com\/wp-content\/uploads\/2024\/06\/paa.jpg","contentUrl":"https:\/\/lysinterfilter.com\/wp-content\/uploads\/2024\/06\/paa.jpg","width":1024,"height":902,"caption":"{\"data\":{\"pictureId\":\"5960cd75038c47639d2dcd968f3ac9b2\",\"appversion\":\"14.0.0\",\"stickerId\":\"\",\"filterId\":\"\",\"infoStickerId\":\"\",\"imageEffectId\":\"\",\"playId\":\"\",\"activityName\":\"\",\"os\":\"android\",\"product\":\"retouch\",\"originAppId\":\"2515\",\"exportType\":\"\",\"editType\":\"\",\"alias\":\"ccQ6nHZKEKCSnAPj2B+oeSnh6cpfcONySoecApXskDd1JpjDMrHeKQY45ddtDF72wevufyA055xQH2vkryoBxTe02VwMqEO1pq8lu7UJ9XZGW11Imql16qKR3qLYoEb3NgG9NstNlKxZfxiYlUWHuQGkSAeGi17nVSX2Py1NqdAG1e81W\/1cAhmBTpxw7e9ET7yqDY7I\/xgyFwLdo9A5JnSUbGWVfQU5Im\/ixueFYYcat8ki18sgSNeRex7fhKzdoDw7s1fWe84eV9YsXZ4SZCO\/lHnMFgUMvXNt3UBDOZX3ijdzvyJek+HddSevWQ4RIbM4s2016auHZyvzMXp7yg==\",\"enterFrom\":\"enter_launch\",\"capability_key\":[\"erase\"],\"capability_extra_v2\":{\"erase\":[{\"panel\":\"magic_eliminate\"}]},\"effect_type\":\"tool\",\"effect_id\":\"erase\"},\"source_type\":\"douyin_beauty_me\"}"},{"@type":"BreadcrumbList","@id":"https:\/\/lysinterfilter.com\/manufacturer\/factory-price-porous-plastic-sintered-pa-membrane-filter-with-screw-connector\/#breadcrumb","itemListElement":[{"@type":"ListItem","position":1,"name":"Home","item":"https:\/\/lysinterfilter.com\/"},{"@type":"ListItem","position":2,"name":"Products","item":"https:\/\/lysinterfilter.com\/shop\/"},{"@type":"ListItem","position":3,"name":"Factory Price Porous Plastic Sintered PA Filter with screw connector"}]},{"@type":"WebSite","@id":"https:\/\/lysinterfilter.com\/#website","url":"https:\/\/lysinterfilter.com\/","name":"Porous Plastic Filter Manufacturer China","description":"","potentialAction":[{"@type":"SearchAction","target":{"@type":"EntryPoint","urlTemplate":"https:\/\/lysinterfilter.com\/?s={search_term_string}"},"query-input":{"@type":"PropertyValueSpecification","valueRequired":true,"valueName":"search_term_string"}}],"inLanguage":"fr-FR"}]}},"_links":{"self":[{"href":"https:\/\/lysinterfilter.com\/fr\/wp-json\/wp\/v2\/product\/2066","targetHints":{"allow":["GET"]}}],"collection":[{"href":"https:\/\/lysinterfilter.com\/fr\/wp-json\/wp\/v2\/product"}],"about":[{"href":"https:\/\/lysinterfilter.com\/fr\/wp-json\/wp\/v2\/types\/product"}],"wp:featuredmedia":[{"embeddable":true,"href":"https:\/\/lysinterfilter.com\/fr\/wp-json\/wp\/v2\/media\/2662"}],"wp:attachment":[{"href":"https:\/\/lysinterfilter.com\/fr\/wp-json\/wp\/v2\/media?parent=2066"}],"wp:term":[{"taxonomy":"product_brand","embeddable":true,"href":"https:\/\/lysinterfilter.com\/fr\/wp-json\/wp\/v2\/product_brand?post=2066"},{"taxonomy":"product_cat","embeddable":true,"href":"https:\/\/lysinterfilter.com\/fr\/wp-json\/wp\/v2\/product_cat?post=2066"},{"taxonomy":"product_tag","embeddable":true,"href":"https:\/\/lysinterfilter.com\/fr\/wp-json\/wp\/v2\/product_tag?post=2066"}],"curies":[{"name":"wp","href":"https:\/\/api.w.org\/{rel}","templated":true}]}}