{"id":1991,"date":"2024-06-11T07:11:26","date_gmt":"2024-06-11T07:11:26","guid":{"rendered":"https:\/\/lysinterfilter.com\/?post_type=product&#038;p=1991"},"modified":"2026-02-28T09:04:22","modified_gmt":"2026-02-28T09:04:22","slug":"pe-sintered-plate","status":"publish","type":"product","link":"https:\/\/lysinterfilter.com\/fr\/manufacturer\/pe-sintered-plate\/","title":{"rendered":"Plaque fritt\u00e9e en PE, disque fritt\u00e9 en PE"},"content":{"rendered":"<div class=\"row\"  id=\"row-1345557490\">\n\n\t<div id=\"col-1667761206\" class=\"col small-12 large-12\"  >\n\t\t\t\t<div class=\"col-inner\"  >\n\t\t\t\n\t\t\t\n<h3>D\u00e9tails du produit<\/h3>\n<p>La plaque fluidis\u00e9e et la plaque filtrante sont fabriqu\u00e9es en poly\u00e9thyl\u00e8ne ou en polypropyl\u00e8ne \u00e0 poids mol\u00e9culaire ultra \u00e9lev\u00e9<\/p>\n<p>Gr\u00e2ce au frittage \u00e0 haute temp\u00e9rature et haute pression, il existe deux formes : ronde et carr\u00e9e ou d&#039;autres formes.<\/p>\n<p>Ils peuvent \u00eatre personnalis\u00e9s selon les exigences du client. En raison de sa forme fixe (libre choix) et uniforme<\/p>\n<p>taille des pores, il est souvent utilis\u00e9 comme plaque de distribution de gaz dans les op\u00e9rations de poudre. Il joue un r\u00f4le d\u00e9cisif dans le contr\u00f4le de<\/p>\n<p>distribution de gaz, la transmission et la fluidisation de mat\u00e9riaux en poudre, et est utilis\u00e9 dans les processus industriels. Il a une<\/p>\n<p>tr\u00e8s large gamme d&#039;applications ; il est utilis\u00e9 comme plaque de support pour la dispersion de solides poreux dans la s\u00e9paration liquide-solide (colonnes \u00e9changeuses d&#039;ions, colonnes de chromatographie, etc.). De plus, les mat\u00e9riaux composites polym\u00e8res ont la<\/p>\n<p>caract\u00e9ristiques de tension antistatique, de sorte que les plaques filtrantes sont \u00e9galement largement utilis\u00e9es dans la pulv\u00e9risation de poudre \u00e9lectrostatique, les barils de g\u00e9n\u00e9rateur \u00e9lectrostatique et les dispositifs \u00e0 lit fluidis\u00e9. La surface de la plaque filtrante est pulv\u00e9ris\u00e9e avec un rev\u00eatement PTFE,<\/p>\n<p>p\u00e9n\u00e8tre dans la matrice de la plaque filtrante en polym\u00e8re et forme avec elle une structure microporeuse ultrafine, de sorte que<\/p>\n<p>la plaque filtrante pr\u00e9sente une bonne stabilit\u00e9 chimique, une grande surface de filtration, une grande pr\u00e9cision des pores, une distribution uniforme du flux d&#039;air et<\/p>\n<p>faible perte de r\u00e9sistance. Petite taille, performances de distribution d&#039;air de flux sup\u00e9rieures, etc.<\/p>\n\t\t<\/div>\n\t\t\t\t\t<\/div>\n\n\t\n\n\t<div id=\"col-1974912367\" class=\"col small-12 large-12\"  >\n\t\t\t\t<div class=\"col-inner\"  >\n\t\t\t\n\t\t\t\n<h3><strong>PERFORMANCE DU PRODUIT<\/strong><\/h3>\n<p>R\u00e9partition uniforme de la taille des pores du filtre, bonne fluidit\u00e9, r\u00e9sistant aux acides forts,<\/p>\n<p>alcalin, sel et la plupart des solvants organiques, facile \u00e0 rincer \u00e0 contre-courant, r\u00e9g\u00e9n\u00e9ration \u00e9lev\u00e9e<\/p>\n<p>efficacit\u00e9.<\/p>\n<p>La r\u00e9sistance \u00e0 la temp\u00e9rature du mat\u00e9riau PE est de 80\u00b0C et la temp\u00e9rature<\/p>\n<p>La r\u00e9sistance du mat\u00e9riau PA est de 120 \u00b0 C. Il est non toxique, sans go\u00fbt et n&#039;a pas<\/p>\n<p>perte moyenne. Il poss\u00e8de d&#039;excellentes propri\u00e9t\u00e9s m\u00e9caniques et n&#039;est pas facile \u00e0<\/p>\n<p>dommages. La mati\u00e8re premi\u00e8re r\u00e9pond aux exigences des BPF et de la FDA,<\/p>\n<p>n&#039;utilise pas d&#039;adh\u00e9sifs et pr\u00e9sente une large gamme de compatibilit\u00e9 chimique.<\/p>\n\t\t<\/div>\n\t\t\t\t\t<\/div>\n\n\t\n\n\t<div id=\"col-1813847649\" class=\"col small-12 large-12\"  >\n\t\t\t\t<div class=\"col-inner\"  >\n\t\t\t\n\t\t\t\n<h3><strong>PARAM\u00c8TRES TECHNIQUES<\/strong><\/h3>\n<p>Temp\u00e9rature de fonctionnement : PE\u226480\u00b0C<\/p>\n<p>Pression de travail : 0,1 MPa-0,6 MPa<\/p>\n<p>Pr\u00e9cision de filtration : 0,2 \u03bcm-100 \u03bcm<\/p>\n\t\t<\/div>\n\t\t\t\t\t<\/div>\n\n\t\n\n\t<div id=\"col-625583555\" class=\"col small-12 large-12\"  >\n\t\t\t\t<div class=\"col-inner\"  >\n\t\t\t\n\t\t\t\n<h3><strong>Photos:<\/strong><\/h3>\n\t<div class=\"img has-hover x md-x lg-x y md-y lg-y\" id=\"image_314784581\">\n\t\t\t\t\t\t\t\t<div class=\"img-inner dark\" >\n\t\t\t<img loading=\"lazy\" decoding=\"async\" width=\"1024\" height=\"600\" src=\"https:\/\/lysinterfilter.com\/wp-content\/uploads\/2024\/06\/dic10.jpg\" class=\"attachment-original size-original\" alt=\"\" srcset=\"https:\/\/lysinterfilter.com\/wp-content\/uploads\/2024\/06\/dic10.jpg 1024w, https:\/\/lysinterfilter.com\/wp-content\/uploads\/2024\/06\/dic10-300x176.jpg 300w, https:\/\/lysinterfilter.com\/wp-content\/uploads\/2024\/06\/dic10-768x450.jpg 768w, https:\/\/lysinterfilter.com\/wp-content\/uploads\/2024\/06\/dic10-18x12.jpg 18w, https:\/\/lysinterfilter.com\/wp-content\/uploads\/2024\/06\/dic10-600x352.jpg 600w\" sizes=\"auto, (max-width: 1024px) 100vw, 1024px\" \/>\t\t\t\t\t\t\n\t\t\t\t\t<\/div>\n\t\t\t\t\t\t\t\t\n<style>\n#image_314784581 {\n  width: 100%;\n}\n<\/style>\n\t<\/div>\n\t\n<p><strong>*Sp\u00e9cifications existantes<\/strong><\/p>\n\t<div class=\"img has-hover x md-x lg-x y md-y lg-y\" id=\"image_132955601\">\n\t\t\t\t\t\t\t\t<div class=\"img-inner dark\" >\n\t\t\t<img loading=\"lazy\" decoding=\"async\" width=\"1008\" height=\"303\" src=\"https:\/\/lysinterfilter.com\/wp-content\/uploads\/2024\/06\/67.webp\" class=\"attachment-original size-original\" alt=\"\" srcset=\"https:\/\/lysinterfilter.com\/wp-content\/uploads\/2024\/06\/67.webp 1008w, https:\/\/lysinterfilter.com\/wp-content\/uploads\/2024\/06\/67-300x90.webp 300w, https:\/\/lysinterfilter.com\/wp-content\/uploads\/2024\/06\/67-768x231.webp 768w, https:\/\/lysinterfilter.com\/wp-content\/uploads\/2024\/06\/67-18x5.webp 18w, https:\/\/lysinterfilter.com\/wp-content\/uploads\/2024\/06\/67-600x180.webp 600w\" sizes=\"auto, (max-width: 1008px) 100vw, 1008px\" \/>\t\t\t\t\t\t\n\t\t\t\t\t<\/div>\n\t\t\t\t\t\t\t\t\n<style>\n#image_132955601 {\n  width: 100%;\n}\n<\/style>\n\t<\/div>\n\t\n\t\t<\/div>\n\t\t\t\t\t<\/div>\n\n\t\n\n\t<div id=\"col-1518726562\" class=\"col small-12 large-12\"  >\n\t\t\t\t<div class=\"col-inner\"  >\n\t\t\t\n\t\t\t\n<h3>Application<\/h3>\n\t<div class=\"img has-hover x md-x lg-x y md-y lg-y\" id=\"image_374186833\">\n\t\t\t\t\t\t\t\t<div class=\"img-inner dark\" >\n\t\t\t<img loading=\"lazy\" decoding=\"async\" width=\"750\" height=\"350\" src=\"https:\/\/lysinterfilter.com\/wp-content\/uploads\/2024\/06\/Application.webp\" class=\"attachment-original size-original\" alt=\"\" srcset=\"https:\/\/lysinterfilter.com\/wp-content\/uploads\/2024\/06\/Application.webp 750w, https:\/\/lysinterfilter.com\/wp-content\/uploads\/2024\/06\/Application-300x140.webp 300w, https:\/\/lysinterfilter.com\/wp-content\/uploads\/2024\/06\/Application-18x8.webp 18w, https:\/\/lysinterfilter.com\/wp-content\/uploads\/2024\/06\/Application-600x280.webp 600w\" sizes=\"auto, (max-width: 750px) 100vw, 750px\" \/>\t\t\t\t\t\t\n\t\t\t\t\t<\/div>\n\t\t\t\t\t\t\t\t\n<style>\n#image_374186833 {\n  width: 100%;\n}\n<\/style>\n\t<\/div>\n\t\n<p>A. Industrie pharmaceutique<\/p>\n<p>(1) Grande infusion d&#039;eau, filtration par d\u00e9carbonatation d&#039;interm\u00e9diaires pharmaceutiques ; bouillon de fermentation, liquide oral<\/p>\n<p>(2) Charbon actif en poudre avec filtre de d\u00e9coloration (glucose liquide m\u00e9dicinal, antibiotiques, m\u00e9dicament synth\u00e9tique, pr\u00e9paration, liquide de phytoth\u00e9rapie chinoise, etc.)<\/p>\n<p>(3) Liquide d&#039;injection<\/p>\n<p>(4) Filtre \u00e0 air d&#039;injection<\/p>\n<p>(5)Eau de la bouteille de lavage par injection<\/p>\n<p>(6) Filtration des liqueurs m\u00e9dicales<\/p>\n<p>B. Industrie chimique<\/p>\n<p>(1) Filtrage et lavage de l&#039;hydroxyde d&#039;aluminium<\/p>\n<p>(2) Filtrage et lavage du catalyseur au palladium<\/p>\n<p>(3) Filtrage et lavage du phosphore<\/p>\n<p>(4) Filtrage au carbonate de zinc<\/p>\n<p>(5) Filtration de la solution de carbonate de sodium<\/p>\n<p>(6) Filtrage et lavage au sulfate de baryum<\/p>\n<p>(7) Filtrage et lavage du sulfure de cadmium<\/p>\n<p>C.Industrie chimique des fibres et du textile<\/p>\n<p>(1)Filtration par bain acide<\/p>\n<p>(2) Filtration de purification du soufre et de l&#039;acide acrylique<\/p>\n<p>(3) Filtration de pr\u00e9cision de l&#039;eau de soie<\/p>\n<p>D.Industrie l\u00e9g\u00e8re et industrie alimentaire<\/p>\n<p>(1)Filtration du sirop<\/p>\n<p>(2)Filtration des boissons<\/p>\n<p>(3) Filtration du vin et des spiritueux blancs<\/p>\n<p>(4) Filtration de pr\u00e9cision de l&#039;huile v\u00e9g\u00e9tale<\/p>\n<p>(5) Filtration des huiles essentielles<\/p>\n<p>(6)Filtration de l&#039;eau min\u00e9rale<\/p>\n<p>E. Industrie des machines et du p\u00e9trole<\/p>\n<p>(1) Filtration de la solution de placage<\/p>\n<p>(2)Filtration de pr\u00e9cision du liquide de nettoyage du moteur \u00e0 combustion interne<\/p>\n<p>(3) Filtration de lavage des champs p\u00e9trolif\u00e8res<\/p>\n<p>(4)\u00c9quipement d&#039;eau ultra pure pour l&#039;industrie \u00e9lectrique<\/p>\n<p>F.Traitement des eaux us\u00e9es<\/p>\n<p>(1)Traitement des eaux us\u00e9es \u00e0 l&#039;hydroxyde mental lourd<\/p>\n<p>(2)Traitement des eaux us\u00e9es contenant des m\u00e9taux lourds m\u00e9lang\u00e9s<\/p>\n<p>(3)Traitement chimique des eaux us\u00e9es<\/p>\n<p>(4)Traitement des eaux us\u00e9es en c\u00e9ramique<\/p>\n<p>(5)Traitement des eaux us\u00e9es contenant de l&#039;aluminium<\/p>\n<p>(6)Autre traitement des eaux us\u00e9es<\/p>\n\t\t<\/div>\n\t\t\t\t\t<\/div>\n\n\t\n\n\t<div id=\"col-302294204\" class=\"col small-12 large-12\"  >\n\t\t\t\t<div class=\"col-inner\"  >\n\t\t\t\n\t\t\t\n<h3>Certifications<\/h3>\n\t<div class=\"img has-hover x md-x lg-x y md-y lg-y\" id=\"image_1464297517\">\n\t\t\t\t\t\t\t\t<div class=\"img-inner dark\" >\n\t\t\t<img loading=\"lazy\" decoding=\"async\" width=\"750\" height=\"450\" src=\"https:\/\/lysinterfilter.com\/wp-content\/uploads\/2024\/06\/Certifications.webp\" class=\"attachment-original size-original\" alt=\"\" srcset=\"https:\/\/lysinterfilter.com\/wp-content\/uploads\/2024\/06\/Certifications.webp 750w, https:\/\/lysinterfilter.com\/wp-content\/uploads\/2024\/06\/Certifications-300x180.webp 300w, https:\/\/lysinterfilter.com\/wp-content\/uploads\/2024\/06\/Certifications-18x12.webp 18w, https:\/\/lysinterfilter.com\/wp-content\/uploads\/2024\/06\/Certifications-600x360.webp 600w\" sizes=\"auto, (max-width: 750px) 100vw, 750px\" \/>\t\t\t\t\t\t\n\t\t\t\t\t<\/div>\n\t\t\t\t\t\t\t\t\n<style>\n#image_1464297517 {\n  width: 100%;\n}\n<\/style>\n\t<\/div>\n\t\n\t\t<\/div>\n\t\t\t\t\t<\/div>\n\n\t\n<\/div>","protected":false},"excerpt":{"rendered":"<ul>\n<li>Quantit\u00e9 minimale de commande :<span id=\"dr_show_hits_179\">1 pi\u00e8ce<\/span><\/li>\n<li>Personnalis\u00e9 : accept\u00e9<\/li>\n<li>Brand\uff1aOEM<\/li>\n<li>D\u00e9lai de livraison : Dans les 7 jours<\/li>\n<li>Certification : CE;ISO 9001<\/li>\n<li>Envoyer un e-mail:<\/li>\n<li><a href=\"mailto:info@lysinterfilter.com\">info@lysinterfilter.com<\/a><\/li>\n<\/ul>","protected":false},"featured_media":2713,"template":"","meta":[],"product_brand":[],"product_cat":[15],"product_tag":[],"class_list":{"0":"post-1991","1":"product","2":"type-product","3":"status-publish","4":"has-post-thumbnail","6":"product_cat-pe-sintered-industrialapplication","8":"first","9":"instock","10":"shipping-taxable","11":"product-type-simple"},"yoast_head":"<!-- This site is optimized with the Yoast SEO plugin v27.2 - https:\/\/yoast.com\/product\/yoast-seo-wordpress\/ -->\n<title>PE sintered plate, PE sintered disc - Porous Plastic Filter Manufacturer China<\/title>\n<meta name=\"description\" content=\"Experience superior durability and performance with our PE sintered plates. Ideal for filtration and separation in various industrial applications, these high-quality plates ensure efficient and reliable results. Choose our PE sintered plates for optimal efficiency and long-lasting service.\" \/>\n<meta name=\"robots\" content=\"index, follow, max-snippet:-1, max-image-preview:large, max-video-preview:-1\" \/>\n<link rel=\"canonical\" href=\"https:\/\/lysinterfilter.com\/fr\/manufacturer\/pe-sintered-plate\/\" \/>\n<meta property=\"og:locale\" content=\"fr_FR\" \/>\n<meta property=\"og:type\" content=\"article\" \/>\n<meta property=\"og:title\" content=\"PE sintered plate, PE sintered disc - Porous Plastic Filter Manufacturer China\" \/>\n<meta property=\"og:description\" content=\"Experience superior durability and performance with our PE sintered plates. Ideal for filtration and separation in various industrial applications, these high-quality plates ensure efficient and reliable results. Choose our PE sintered plates for optimal efficiency and long-lasting service.\" \/>\n<meta property=\"og:url\" content=\"https:\/\/lysinterfilter.com\/fr\/manufacturer\/pe-sintered-plate\/\" \/>\n<meta property=\"og:site_name\" content=\"Porous Plastic Filter Manufacturer China\" \/>\n<meta property=\"article:modified_time\" content=\"2026-02-28T09:04:22+00:00\" \/>\n<meta property=\"og:image\" content=\"https:\/\/lysinterfilter.com\/wp-content\/uploads\/2024\/06\/dic1.jpg\" \/>\n\t<meta property=\"og:image:width\" content=\"1024\" \/>\n\t<meta property=\"og:image:height\" content=\"902\" \/>\n\t<meta property=\"og:image:type\" content=\"image\/jpeg\" \/>\n<meta name=\"twitter:card\" content=\"summary_large_image\" \/>\n<meta name=\"twitter:label1\" content=\"Dur\u00e9e de lecture estim\u00e9e\" \/>\n\t<meta name=\"twitter:data1\" content=\"3 minutes\" \/>\n<script type=\"application\/ld+json\" class=\"yoast-schema-graph\">{\"@context\":\"https:\/\/schema.org\",\"@graph\":[{\"@type\":\"WebPage\",\"@id\":\"https:\/\/lysinterfilter.com\/manufacturer\/pe-sintered-plate\/\",\"url\":\"https:\/\/lysinterfilter.com\/manufacturer\/pe-sintered-plate\/\",\"name\":\"PE sintered plate, PE sintered disc - Porous Plastic Filter Manufacturer China\",\"isPartOf\":{\"@id\":\"https:\/\/lysinterfilter.com\/#website\"},\"primaryImageOfPage\":{\"@id\":\"https:\/\/lysinterfilter.com\/manufacturer\/pe-sintered-plate\/#primaryimage\"},\"image\":{\"@id\":\"https:\/\/lysinterfilter.com\/manufacturer\/pe-sintered-plate\/#primaryimage\"},\"thumbnailUrl\":\"https:\/\/lysinterfilter.com\/wp-content\/uploads\/2024\/06\/dic1.jpg\",\"datePublished\":\"2024-06-11T07:11:26+00:00\",\"dateModified\":\"2026-02-28T09:04:22+00:00\",\"description\":\"Experience superior durability and performance with our PE sintered plates. Ideal for filtration and separation in various industrial applications, these high-quality plates ensure efficient and reliable results. Choose our PE sintered plates for optimal efficiency and long-lasting service.\",\"breadcrumb\":{\"@id\":\"https:\/\/lysinterfilter.com\/manufacturer\/pe-sintered-plate\/#breadcrumb\"},\"inLanguage\":\"fr-FR\",\"potentialAction\":[{\"@type\":\"ReadAction\",\"target\":[\"https:\/\/lysinterfilter.com\/manufacturer\/pe-sintered-plate\/\"]}]},{\"@type\":\"ImageObject\",\"inLanguage\":\"fr-FR\",\"@id\":\"https:\/\/lysinterfilter.com\/manufacturer\/pe-sintered-plate\/#primaryimage\",\"url\":\"https:\/\/lysinterfilter.com\/wp-content\/uploads\/2024\/06\/dic1.jpg\",\"contentUrl\":\"https:\/\/lysinterfilter.com\/wp-content\/uploads\/2024\/06\/dic1.jpg\",\"width\":1024,\"height\":902,\"caption\":\"{\\\"data\\\":{\\\"pictureId\\\":\\\"4ea74dfb3d59407080120df6afe971e0\\\",\\\"appversion\\\":\\\"14.0.0\\\",\\\"stickerId\\\":\\\"\\\",\\\"filterId\\\":\\\"\\\",\\\"infoStickerId\\\":\\\"\\\",\\\"imageEffectId\\\":\\\"\\\",\\\"playId\\\":\\\"\\\",\\\"activityName\\\":\\\"\\\",\\\"os\\\":\\\"android\\\",\\\"product\\\":\\\"retouch\\\",\\\"originAppId\\\":\\\"2515\\\",\\\"exportType\\\":\\\"\\\",\\\"editType\\\":\\\"\\\",\\\"alias\\\":\\\"\\\",\\\"enterFrom\\\":\\\"enter_launch\\\",\\\"capability_key\\\":[\\\"erase\\\"],\\\"capability_extra_v2\\\":{\\\"erase\\\":[{\\\"panel\\\":\\\"eliminatePen\\\"}]},\\\"effect_type\\\":\\\"tool\\\",\\\"effect_id\\\":\\\"erase\\\"},\\\"source_type\\\":\\\"douyin_beauty_me\\\"}\"},{\"@type\":\"BreadcrumbList\",\"@id\":\"https:\/\/lysinterfilter.com\/manufacturer\/pe-sintered-plate\/#breadcrumb\",\"itemListElement\":[{\"@type\":\"ListItem\",\"position\":1,\"name\":\"Home\",\"item\":\"https:\/\/lysinterfilter.com\/\"},{\"@type\":\"ListItem\",\"position\":2,\"name\":\"Products\",\"item\":\"https:\/\/lysinterfilter.com\/shop\/\"},{\"@type\":\"ListItem\",\"position\":3,\"name\":\"PE sintered plate, PE sintered disc\"}]},{\"@type\":\"WebSite\",\"@id\":\"https:\/\/lysinterfilter.com\/#website\",\"url\":\"https:\/\/lysinterfilter.com\/\",\"name\":\"Porous Plastic Filter Manufacturer China\",\"description\":\"\",\"potentialAction\":[{\"@type\":\"SearchAction\",\"target\":{\"@type\":\"EntryPoint\",\"urlTemplate\":\"https:\/\/lysinterfilter.com\/?s={search_term_string}\"},\"query-input\":{\"@type\":\"PropertyValueSpecification\",\"valueRequired\":true,\"valueName\":\"search_term_string\"}}],\"inLanguage\":\"fr-FR\"}]}<\/script>\n<!-- \/ Yoast SEO plugin. -->","yoast_head_json":{"title":"PE sintered plate, PE sintered disc - Porous Plastic Filter Manufacturer China","description":"Experience superior durability and performance with our PE sintered plates. Ideal for filtration and separation in various industrial applications, these high-quality plates ensure efficient and reliable results. Choose our PE sintered plates for optimal efficiency and long-lasting service.","robots":{"index":"index","follow":"follow","max-snippet":"max-snippet:-1","max-image-preview":"max-image-preview:large","max-video-preview":"max-video-preview:-1"},"canonical":"https:\/\/lysinterfilter.com\/fr\/manufacturer\/pe-sintered-plate\/","og_locale":"fr_FR","og_type":"article","og_title":"PE sintered plate, PE sintered disc - Porous Plastic Filter Manufacturer China","og_description":"Experience superior durability and performance with our PE sintered plates. Ideal for filtration and separation in various industrial applications, these high-quality plates ensure efficient and reliable results. Choose our PE sintered plates for optimal efficiency and long-lasting service.","og_url":"https:\/\/lysinterfilter.com\/fr\/manufacturer\/pe-sintered-plate\/","og_site_name":"Porous Plastic Filter Manufacturer China","article_modified_time":"2026-02-28T09:04:22+00:00","og_image":[{"width":1024,"height":902,"url":"https:\/\/lysinterfilter.com\/wp-content\/uploads\/2024\/06\/dic1.jpg","type":"image\/jpeg"}],"twitter_card":"summary_large_image","twitter_misc":{"Dur\u00e9e de lecture estim\u00e9e":"3 minutes"},"schema":{"@context":"https:\/\/schema.org","@graph":[{"@type":"WebPage","@id":"https:\/\/lysinterfilter.com\/manufacturer\/pe-sintered-plate\/","url":"https:\/\/lysinterfilter.com\/manufacturer\/pe-sintered-plate\/","name":"PE sintered plate, PE sintered disc - Porous Plastic Filter Manufacturer China","isPartOf":{"@id":"https:\/\/lysinterfilter.com\/#website"},"primaryImageOfPage":{"@id":"https:\/\/lysinterfilter.com\/manufacturer\/pe-sintered-plate\/#primaryimage"},"image":{"@id":"https:\/\/lysinterfilter.com\/manufacturer\/pe-sintered-plate\/#primaryimage"},"thumbnailUrl":"https:\/\/lysinterfilter.com\/wp-content\/uploads\/2024\/06\/dic1.jpg","datePublished":"2024-06-11T07:11:26+00:00","dateModified":"2026-02-28T09:04:22+00:00","description":"Experience superior durability and performance with our PE sintered plates. Ideal for filtration and separation in various industrial applications, these high-quality plates ensure efficient and reliable results. Choose our PE sintered plates for optimal efficiency and long-lasting service.","breadcrumb":{"@id":"https:\/\/lysinterfilter.com\/manufacturer\/pe-sintered-plate\/#breadcrumb"},"inLanguage":"fr-FR","potentialAction":[{"@type":"ReadAction","target":["https:\/\/lysinterfilter.com\/manufacturer\/pe-sintered-plate\/"]}]},{"@type":"ImageObject","inLanguage":"fr-FR","@id":"https:\/\/lysinterfilter.com\/manufacturer\/pe-sintered-plate\/#primaryimage","url":"https:\/\/lysinterfilter.com\/wp-content\/uploads\/2024\/06\/dic1.jpg","contentUrl":"https:\/\/lysinterfilter.com\/wp-content\/uploads\/2024\/06\/dic1.jpg","width":1024,"height":902,"caption":"{\"data\":{\"pictureId\":\"4ea74dfb3d59407080120df6afe971e0\",\"appversion\":\"14.0.0\",\"stickerId\":\"\",\"filterId\":\"\",\"infoStickerId\":\"\",\"imageEffectId\":\"\",\"playId\":\"\",\"activityName\":\"\",\"os\":\"android\",\"product\":\"retouch\",\"originAppId\":\"2515\",\"exportType\":\"\",\"editType\":\"\",\"alias\":\"\",\"enterFrom\":\"enter_launch\",\"capability_key\":[\"erase\"],\"capability_extra_v2\":{\"erase\":[{\"panel\":\"eliminatePen\"}]},\"effect_type\":\"tool\",\"effect_id\":\"erase\"},\"source_type\":\"douyin_beauty_me\"}"},{"@type":"BreadcrumbList","@id":"https:\/\/lysinterfilter.com\/manufacturer\/pe-sintered-plate\/#breadcrumb","itemListElement":[{"@type":"ListItem","position":1,"name":"Home","item":"https:\/\/lysinterfilter.com\/"},{"@type":"ListItem","position":2,"name":"Products","item":"https:\/\/lysinterfilter.com\/shop\/"},{"@type":"ListItem","position":3,"name":"PE sintered plate, PE sintered disc"}]},{"@type":"WebSite","@id":"https:\/\/lysinterfilter.com\/#website","url":"https:\/\/lysinterfilter.com\/","name":"Porous Plastic Filter Manufacturer China","description":"","potentialAction":[{"@type":"SearchAction","target":{"@type":"EntryPoint","urlTemplate":"https:\/\/lysinterfilter.com\/?s={search_term_string}"},"query-input":{"@type":"PropertyValueSpecification","valueRequired":true,"valueName":"search_term_string"}}],"inLanguage":"fr-FR"}]}},"_links":{"self":[{"href":"https:\/\/lysinterfilter.com\/fr\/wp-json\/wp\/v2\/product\/1991","targetHints":{"allow":["GET"]}}],"collection":[{"href":"https:\/\/lysinterfilter.com\/fr\/wp-json\/wp\/v2\/product"}],"about":[{"href":"https:\/\/lysinterfilter.com\/fr\/wp-json\/wp\/v2\/types\/product"}],"wp:featuredmedia":[{"embeddable":true,"href":"https:\/\/lysinterfilter.com\/fr\/wp-json\/wp\/v2\/media\/2713"}],"wp:attachment":[{"href":"https:\/\/lysinterfilter.com\/fr\/wp-json\/wp\/v2\/media?parent=1991"}],"wp:term":[{"taxonomy":"product_brand","embeddable":true,"href":"https:\/\/lysinterfilter.com\/fr\/wp-json\/wp\/v2\/product_brand?post=1991"},{"taxonomy":"product_cat","embeddable":true,"href":"https:\/\/lysinterfilter.com\/fr\/wp-json\/wp\/v2\/product_cat?post=1991"},{"taxonomy":"product_tag","embeddable":true,"href":"https:\/\/lysinterfilter.com\/fr\/wp-json\/wp\/v2\/product_tag?post=1991"}],"curies":[{"name":"wp","href":"https:\/\/api.w.org\/{rel}","templated":true}]}}