{"id":1983,"date":"2024-06-11T06:59:32","date_gmt":"2024-06-11T06:59:32","guid":{"rendered":"https:\/\/lysinterfilter.com\/?post_type=product&#038;p=1983"},"modified":"2026-03-03T08:26:16","modified_gmt":"2026-03-03T08:26:16","slug":"battery-explosion-proof-disc","status":"publish","type":"product","link":"https:\/\/lysinterfilter.com\/fr\/manufacturer\/battery-explosion-proof-disc\/","title":{"rendered":"Disque antid\u00e9flagrant pour batterie"},"content":{"rendered":"<div class=\"row\"  id=\"row-2094874930\">\n\n\t<div id=\"col-2005237867\" class=\"col small-12 large-12\"  >\n\t\t\t\t<div class=\"col-inner\"  >\n\t\t\t\n\t\t\t\n<h3><strong>DESCRIPTION DU PRODUIT<\/strong><\/h3>\n<p>La plaque antid\u00e9flagrante de la batterie est strictement conforme aux normes de l&#039;industrie m\u00e9canique de la R\u00e9publique populaire de Chine<\/p>\n<p>Sp\u00e9cifications techniques du dispositif de filtrage des gaz d&#039;\u00e9chappement de la batterie au plomb-acide standard JB\/T13623-2019. Produits avec PE ou<\/p>\n<p>Poudre PP fritt\u00e9e sans rapport scientifique, avec une r\u00e9sistance \u00e9lev\u00e9e, une ouverture uniforme, une bonne perm\u00e9abilit\u00e9 \u00e0 l&#039;air, etc.<\/p>\n\t\t<\/div>\n\t\t\t\t\t<\/div>\n\n\t\n\n\t<div id=\"col-2033840600\" class=\"col small-12 large-12\"  >\n\t\t\t\t<div class=\"col-inner\"  >\n\t\t\t\n\t\t\t\n<h3><strong>PERFORMANCE DU PRODUIT<\/strong><\/h3>\n<p>Les principaux indicateurs du filtre \u00e0 air de la batterie sont la perm\u00e9abilit\u00e9 \u00e0 l&#039;air, l&#039;hydrophobicit\u00e9 et la r\u00e9sistance aux acides. La fonction principale de la perm\u00e9abilit\u00e9 \u00e0 l&#039;air est qu&#039;aucune pression d&#039;air ne sera g\u00e9n\u00e9r\u00e9e pendant le processus de charge de la batterie.<\/p>\n<p>Le filtre lib\u00e8re le gaz \u00e0 travers ses propres micropores pour emp\u00eacher la batterie d&#039;exploser. L&#039;hydrophobicit\u00e9 signifie<\/p>\n<p>que les gouttelettes d&#039;eau tombent sur la surface du filtre \u00e0 air pour former une boule, qui ne peut pas \u00eatre d\u00e9form\u00e9e en une minute et<\/p>\n<p>ne peut pas p\u00e9n\u00e9trer dans le filtre \u00e0 air.<\/p>\n\t\t<\/div>\n\t\t\t\t\t<\/div>\n\n\t\n\n\t<div id=\"col-364350354\" class=\"col small-12 large-12\"  >\n\t\t\t\t<div class=\"col-inner\"  >\n\t\t\t\n\t\t\t\n<h3><strong>PARAM\u00c8TRES TECHNIQUES<\/strong><\/h3>\n<p>Temp\u00e9rature de fonctionnement : PE\/PP \u2264 80 \u00b0C<\/p>\n<p>Pression de travail : 0,1 Mpa-0,6 Mpa<\/p>\n<p>Pr\u00e9cision de filtration : 10 \u03bcm-30 \u03bcm<\/p>\n\t\t<\/div>\n\t\t\t\t\t<\/div>\n\n\t\n\n\t<div id=\"col-1347296906\" class=\"col small-12 large-12\"  >\n\t\t\t\t<div class=\"col-inner\"  >\n\t\t\t\n\t\t\t\n<h3><strong>Photos:<\/strong><\/h3>\n\t<div class=\"img has-hover x md-x lg-x y md-y lg-y\" id=\"image_2117371403\">\n\t\t\t\t\t\t\t\t<div class=\"img-inner dark\" >\n\t\t\t<img loading=\"lazy\" decoding=\"async\" width=\"1024\" height=\"600\" src=\"https:\/\/lysinterfilter.com\/wp-content\/uploads\/2026\/02\/dic9.jpg\" class=\"attachment-original size-original\" alt=\"\" srcset=\"https:\/\/lysinterfilter.com\/wp-content\/uploads\/2026\/02\/dic9.jpg 1024w, https:\/\/lysinterfilter.com\/wp-content\/uploads\/2026\/02\/dic9-300x176.jpg 300w, https:\/\/lysinterfilter.com\/wp-content\/uploads\/2026\/02\/dic9-768x450.jpg 768w, https:\/\/lysinterfilter.com\/wp-content\/uploads\/2026\/02\/dic9-18x12.jpg 18w, https:\/\/lysinterfilter.com\/wp-content\/uploads\/2026\/02\/dic9-600x352.jpg 600w\" sizes=\"auto, (max-width: 1024px) 100vw, 1024px\" \/>\t\t\t\t\t\t\n\t\t\t\t\t<\/div>\n\t\t\t\t\t\t\t\t\n<style>\n#image_2117371403 {\n  width: 100%;\n}\n<\/style>\n\t<\/div>\n\t\n<p><strong>Sp\u00e9cifications du filtre \u00e0 air \/ de la feuille antid\u00e9flagrante :<\/strong><\/p>\n\t<div class=\"img has-hover x md-x lg-x y md-y lg-y\" id=\"image_666533056\">\n\t\t\t\t\t\t\t\t<div class=\"img-inner dark\" >\n\t\t\t<img loading=\"lazy\" decoding=\"async\" width=\"1024\" height=\"436\" src=\"https:\/\/lysinterfilter.com\/wp-content\/uploads\/2026\/03\/table.jpg\" class=\"attachment-original size-original\" alt=\"\" srcset=\"https:\/\/lysinterfilter.com\/wp-content\/uploads\/2026\/03\/table.jpg 1024w, https:\/\/lysinterfilter.com\/wp-content\/uploads\/2026\/03\/table-300x128.jpg 300w, https:\/\/lysinterfilter.com\/wp-content\/uploads\/2026\/03\/table-768x327.jpg 768w, https:\/\/lysinterfilter.com\/wp-content\/uploads\/2026\/03\/table-18x8.jpg 18w, https:\/\/lysinterfilter.com\/wp-content\/uploads\/2026\/03\/table-600x255.jpg 600w\" sizes=\"auto, (max-width: 1024px) 100vw, 1024px\" \/>\t\t\t\t\t\t\n\t\t\t\t\t<\/div>\n\t\t\t\t\t\t\t\t\n<style>\n#image_666533056 {\n  width: 100%;\n}\n<\/style>\n\t<\/div>\n\t\n<p><span style=\"color: #ed1c24;\"><strong>*D&#039;autres sp\u00e9cifications et styles peuvent fournir une personnalisation non standard.<\/strong><\/span><\/p>\n\t\t<\/div>\n\t\t\t\t\t<\/div>\n\n\t\n\n\t<div id=\"col-134298828\" class=\"col small-12 large-12\"  >\n\t\t\t\t<div class=\"col-inner\"  >\n\t\t\t\n\t\t\t\n<h3>Application<\/h3>\n\t<div class=\"img has-hover x md-x lg-x y md-y lg-y\" id=\"image_310035977\">\n\t\t\t\t\t\t\t\t<div class=\"img-inner dark\" >\n\t\t\t<img loading=\"lazy\" decoding=\"async\" width=\"730\" height=\"504\" src=\"https:\/\/lysinterfilter.com\/wp-content\/uploads\/2024\/06\/62.webp\" class=\"attachment-original size-original\" alt=\"\" srcset=\"https:\/\/lysinterfilter.com\/wp-content\/uploads\/2024\/06\/62.webp 730w, https:\/\/lysinterfilter.com\/wp-content\/uploads\/2024\/06\/62-300x207.webp 300w, https:\/\/lysinterfilter.com\/wp-content\/uploads\/2024\/06\/62-18x12.webp 18w, https:\/\/lysinterfilter.com\/wp-content\/uploads\/2024\/06\/62-600x414.webp 600w\" sizes=\"auto, (max-width: 730px) 100vw, 730px\" \/>\t\t\t\t\t\t\n\t\t\t\t\t<\/div>\n\t\t\t\t\t\t\t\t\n<style>\n#image_310035977 {\n  width: 100%;\n}\n<\/style>\n\t<\/div>\n\t\n\t\t<\/div>\n\t\t\t\t\t<\/div>\n\n\t\n\n\t<div id=\"col-1815996855\" class=\"col small-12 large-12\"  >\n\t\t\t\t<div class=\"col-inner\"  >\n\t\t\t\n\t\t\t\n<h3>Certifications<\/h3>\n\t<div class=\"img has-hover x md-x lg-x y md-y lg-y\" id=\"image_498752069\">\n\t\t\t\t\t\t\t\t<div class=\"img-inner dark\" >\n\t\t\t<img loading=\"lazy\" decoding=\"async\" width=\"750\" height=\"450\" src=\"https:\/\/lysinterfilter.com\/wp-content\/uploads\/2024\/06\/Certifications.webp\" class=\"attachment-original size-original\" alt=\"\" srcset=\"https:\/\/lysinterfilter.com\/wp-content\/uploads\/2024\/06\/Certifications.webp 750w, https:\/\/lysinterfilter.com\/wp-content\/uploads\/2024\/06\/Certifications-300x180.webp 300w, https:\/\/lysinterfilter.com\/wp-content\/uploads\/2024\/06\/Certifications-18x12.webp 18w, https:\/\/lysinterfilter.com\/wp-content\/uploads\/2024\/06\/Certifications-600x360.webp 600w\" sizes=\"auto, (max-width: 750px) 100vw, 750px\" \/>\t\t\t\t\t\t\n\t\t\t\t\t<\/div>\n\t\t\t\t\t\t\t\t\n<style>\n#image_498752069 {\n  width: 100%;\n}\n<\/style>\n\t<\/div>\n\t\n\t\t<\/div>\n\t\t\t\t\t<\/div>\n\n\t\n<\/div>","protected":false},"excerpt":{"rendered":"<ul>\n<li>Quantit\u00e9 minimale de commande :<span id=\"dr_show_hits_179\">1 pi\u00e8ce<\/span><\/li>\n<li>Personnalis\u00e9 : accept\u00e9<\/li>\n<li>Brand\uff1aOEM<\/li>\n<li>D\u00e9lai de livraison : Dans les 7 jours<\/li>\n<li>Certification : CE;ISO 9001<\/li>\n<li>Envoyer un e-mail:<\/li>\n<li><a href=\"mailto:info@lysinterfilter.com\">info@lysinterfilter.com<\/a><\/li>\n<\/ul>","protected":false},"featured_media":2717,"template":"","meta":[],"product_brand":[],"product_cat":[15],"product_tag":[],"class_list":{"0":"post-1983","1":"product","2":"type-product","3":"status-publish","4":"has-post-thumbnail","6":"product_cat-pe-sintered-industrialapplication","8":"first","9":"instock","10":"shipping-taxable","11":"product-type-simple"},"yoast_head":"<!-- This site is optimized with the Yoast SEO plugin v27.2 - https:\/\/yoast.com\/product\/yoast-seo-wordpress\/ -->\n<title>Battery explosion-proof disc - Porous Plastic Filter Manufacturer China<\/title>\n<meta name=\"description\" content=\"Ensure safety and reliability with our battery explosion-proof discs. Designed to prevent hazardous explosions, these high-quality discs offer superior protection for batteries in various applications. Trust our explosion-proof discs for optimal safety and peace of mind.\" \/>\n<meta name=\"robots\" content=\"index, follow, max-snippet:-1, max-image-preview:large, max-video-preview:-1\" \/>\n<link rel=\"canonical\" href=\"https:\/\/lysinterfilter.com\/fr\/manufacturer\/battery-explosion-proof-disc\/\" \/>\n<meta property=\"og:locale\" content=\"fr_FR\" \/>\n<meta property=\"og:type\" content=\"article\" \/>\n<meta property=\"og:title\" content=\"Battery explosion-proof disc - Porous Plastic Filter Manufacturer China\" \/>\n<meta property=\"og:description\" content=\"Ensure safety and reliability with our battery explosion-proof discs. Designed to prevent hazardous explosions, these high-quality discs offer superior protection for batteries in various applications. Trust our explosion-proof discs for optimal safety and peace of mind.\" \/>\n<meta property=\"og:url\" content=\"https:\/\/lysinterfilter.com\/fr\/manufacturer\/battery-explosion-proof-disc\/\" \/>\n<meta property=\"og:site_name\" content=\"Porous Plastic Filter Manufacturer China\" \/>\n<meta property=\"article:modified_time\" content=\"2026-03-03T08:26:16+00:00\" \/>\n<meta property=\"og:image\" content=\"https:\/\/lysinterfilter.com\/wp-content\/uploads\/2024\/06\/dic5.jpg\" \/>\n\t<meta property=\"og:image:width\" content=\"1024\" \/>\n\t<meta property=\"og:image:height\" content=\"1024\" \/>\n\t<meta property=\"og:image:type\" content=\"image\/jpeg\" \/>\n<meta name=\"twitter:card\" content=\"summary_large_image\" \/>\n<meta name=\"twitter:label1\" content=\"Dur\u00e9e de lecture estim\u00e9e\" \/>\n\t<meta name=\"twitter:data1\" content=\"2 minutes\" \/>\n<script type=\"application\/ld+json\" class=\"yoast-schema-graph\">{\"@context\":\"https:\/\/schema.org\",\"@graph\":[{\"@type\":\"WebPage\",\"@id\":\"https:\/\/lysinterfilter.com\/manufacturer\/battery-explosion-proof-disc\/\",\"url\":\"https:\/\/lysinterfilter.com\/manufacturer\/battery-explosion-proof-disc\/\",\"name\":\"Battery explosion-proof disc - Porous Plastic Filter Manufacturer China\",\"isPartOf\":{\"@id\":\"https:\/\/lysinterfilter.com\/#website\"},\"primaryImageOfPage\":{\"@id\":\"https:\/\/lysinterfilter.com\/manufacturer\/battery-explosion-proof-disc\/#primaryimage\"},\"image\":{\"@id\":\"https:\/\/lysinterfilter.com\/manufacturer\/battery-explosion-proof-disc\/#primaryimage\"},\"thumbnailUrl\":\"https:\/\/lysinterfilter.com\/wp-content\/uploads\/2024\/06\/dic5.jpg\",\"datePublished\":\"2024-06-11T06:59:32+00:00\",\"dateModified\":\"2026-03-03T08:26:16+00:00\",\"description\":\"Ensure safety and reliability with our battery explosion-proof discs. Designed to prevent hazardous explosions, these high-quality discs offer superior protection for batteries in various applications. Trust our explosion-proof discs for optimal safety and peace of mind.\",\"breadcrumb\":{\"@id\":\"https:\/\/lysinterfilter.com\/manufacturer\/battery-explosion-proof-disc\/#breadcrumb\"},\"inLanguage\":\"fr-FR\",\"potentialAction\":[{\"@type\":\"ReadAction\",\"target\":[\"https:\/\/lysinterfilter.com\/manufacturer\/battery-explosion-proof-disc\/\"]}]},{\"@type\":\"ImageObject\",\"inLanguage\":\"fr-FR\",\"@id\":\"https:\/\/lysinterfilter.com\/manufacturer\/battery-explosion-proof-disc\/#primaryimage\",\"url\":\"https:\/\/lysinterfilter.com\/wp-content\/uploads\/2024\/06\/dic5.jpg\",\"contentUrl\":\"https:\/\/lysinterfilter.com\/wp-content\/uploads\/2024\/06\/dic5.jpg\",\"width\":1024,\"height\":1024,\"caption\":\"{\\\"data\\\":{\\\"pictureId\\\":\\\"cafc8b27d37342268029c9d4359424a6\\\",\\\"appversion\\\":\\\"14.0.0\\\",\\\"stickerId\\\":\\\"\\\",\\\"filterId\\\":\\\"\\\",\\\"infoStickerId\\\":\\\"\\\",\\\"imageEffectId\\\":\\\"\\\",\\\"playId\\\":\\\"\\\",\\\"activityName\\\":\\\"\\\",\\\"os\\\":\\\"android\\\",\\\"product\\\":\\\"retouch\\\",\\\"originAppId\\\":\\\"2515\\\",\\\"exportType\\\":\\\"\\\",\\\"editType\\\":\\\"\\\",\\\"alias\\\":\\\"\\\",\\\"enterFrom\\\":\\\"enter_launch\\\",\\\"capability_key\\\":[\\\"erase\\\"],\\\"capability_extra_v2\\\":{\\\"erase\\\":[{\\\"panel\\\":\\\"eliminatePen\\\"}]},\\\"effect_type\\\":\\\"tool\\\",\\\"effect_id\\\":\\\"erase\\\"},\\\"source_type\\\":\\\"douyin_beauty_me\\\"}\"},{\"@type\":\"BreadcrumbList\",\"@id\":\"https:\/\/lysinterfilter.com\/manufacturer\/battery-explosion-proof-disc\/#breadcrumb\",\"itemListElement\":[{\"@type\":\"ListItem\",\"position\":1,\"name\":\"Home\",\"item\":\"https:\/\/lysinterfilter.com\/\"},{\"@type\":\"ListItem\",\"position\":2,\"name\":\"Products\",\"item\":\"https:\/\/lysinterfilter.com\/shop\/\"},{\"@type\":\"ListItem\",\"position\":3,\"name\":\"Battery explosion-proof disc\"}]},{\"@type\":\"WebSite\",\"@id\":\"https:\/\/lysinterfilter.com\/#website\",\"url\":\"https:\/\/lysinterfilter.com\/\",\"name\":\"Porous Plastic Filter Manufacturer China\",\"description\":\"\",\"potentialAction\":[{\"@type\":\"SearchAction\",\"target\":{\"@type\":\"EntryPoint\",\"urlTemplate\":\"https:\/\/lysinterfilter.com\/?s={search_term_string}\"},\"query-input\":{\"@type\":\"PropertyValueSpecification\",\"valueRequired\":true,\"valueName\":\"search_term_string\"}}],\"inLanguage\":\"fr-FR\"}]}<\/script>\n<!-- \/ Yoast SEO plugin. -->","yoast_head_json":{"title":"Battery explosion-proof disc - Porous Plastic Filter Manufacturer China","description":"Ensure safety and reliability with our battery explosion-proof discs. Designed to prevent hazardous explosions, these high-quality discs offer superior protection for batteries in various applications. Trust our explosion-proof discs for optimal safety and peace of mind.","robots":{"index":"index","follow":"follow","max-snippet":"max-snippet:-1","max-image-preview":"max-image-preview:large","max-video-preview":"max-video-preview:-1"},"canonical":"https:\/\/lysinterfilter.com\/fr\/manufacturer\/battery-explosion-proof-disc\/","og_locale":"fr_FR","og_type":"article","og_title":"Battery explosion-proof disc - Porous Plastic Filter Manufacturer China","og_description":"Ensure safety and reliability with our battery explosion-proof discs. Designed to prevent hazardous explosions, these high-quality discs offer superior protection for batteries in various applications. Trust our explosion-proof discs for optimal safety and peace of mind.","og_url":"https:\/\/lysinterfilter.com\/fr\/manufacturer\/battery-explosion-proof-disc\/","og_site_name":"Porous Plastic Filter Manufacturer China","article_modified_time":"2026-03-03T08:26:16+00:00","og_image":[{"width":1024,"height":1024,"url":"https:\/\/lysinterfilter.com\/wp-content\/uploads\/2024\/06\/dic5.jpg","type":"image\/jpeg"}],"twitter_card":"summary_large_image","twitter_misc":{"Dur\u00e9e de lecture estim\u00e9e":"2 minutes"},"schema":{"@context":"https:\/\/schema.org","@graph":[{"@type":"WebPage","@id":"https:\/\/lysinterfilter.com\/manufacturer\/battery-explosion-proof-disc\/","url":"https:\/\/lysinterfilter.com\/manufacturer\/battery-explosion-proof-disc\/","name":"Battery explosion-proof disc - Porous Plastic Filter Manufacturer China","isPartOf":{"@id":"https:\/\/lysinterfilter.com\/#website"},"primaryImageOfPage":{"@id":"https:\/\/lysinterfilter.com\/manufacturer\/battery-explosion-proof-disc\/#primaryimage"},"image":{"@id":"https:\/\/lysinterfilter.com\/manufacturer\/battery-explosion-proof-disc\/#primaryimage"},"thumbnailUrl":"https:\/\/lysinterfilter.com\/wp-content\/uploads\/2024\/06\/dic5.jpg","datePublished":"2024-06-11T06:59:32+00:00","dateModified":"2026-03-03T08:26:16+00:00","description":"Ensure safety and reliability with our battery explosion-proof discs. Designed to prevent hazardous explosions, these high-quality discs offer superior protection for batteries in various applications. Trust our explosion-proof discs for optimal safety and peace of mind.","breadcrumb":{"@id":"https:\/\/lysinterfilter.com\/manufacturer\/battery-explosion-proof-disc\/#breadcrumb"},"inLanguage":"fr-FR","potentialAction":[{"@type":"ReadAction","target":["https:\/\/lysinterfilter.com\/manufacturer\/battery-explosion-proof-disc\/"]}]},{"@type":"ImageObject","inLanguage":"fr-FR","@id":"https:\/\/lysinterfilter.com\/manufacturer\/battery-explosion-proof-disc\/#primaryimage","url":"https:\/\/lysinterfilter.com\/wp-content\/uploads\/2024\/06\/dic5.jpg","contentUrl":"https:\/\/lysinterfilter.com\/wp-content\/uploads\/2024\/06\/dic5.jpg","width":1024,"height":1024,"caption":"{\"data\":{\"pictureId\":\"cafc8b27d37342268029c9d4359424a6\",\"appversion\":\"14.0.0\",\"stickerId\":\"\",\"filterId\":\"\",\"infoStickerId\":\"\",\"imageEffectId\":\"\",\"playId\":\"\",\"activityName\":\"\",\"os\":\"android\",\"product\":\"retouch\",\"originAppId\":\"2515\",\"exportType\":\"\",\"editType\":\"\",\"alias\":\"\",\"enterFrom\":\"enter_launch\",\"capability_key\":[\"erase\"],\"capability_extra_v2\":{\"erase\":[{\"panel\":\"eliminatePen\"}]},\"effect_type\":\"tool\",\"effect_id\":\"erase\"},\"source_type\":\"douyin_beauty_me\"}"},{"@type":"BreadcrumbList","@id":"https:\/\/lysinterfilter.com\/manufacturer\/battery-explosion-proof-disc\/#breadcrumb","itemListElement":[{"@type":"ListItem","position":1,"name":"Home","item":"https:\/\/lysinterfilter.com\/"},{"@type":"ListItem","position":2,"name":"Products","item":"https:\/\/lysinterfilter.com\/shop\/"},{"@type":"ListItem","position":3,"name":"Battery explosion-proof disc"}]},{"@type":"WebSite","@id":"https:\/\/lysinterfilter.com\/#website","url":"https:\/\/lysinterfilter.com\/","name":"Porous Plastic Filter Manufacturer China","description":"","potentialAction":[{"@type":"SearchAction","target":{"@type":"EntryPoint","urlTemplate":"https:\/\/lysinterfilter.com\/?s={search_term_string}"},"query-input":{"@type":"PropertyValueSpecification","valueRequired":true,"valueName":"search_term_string"}}],"inLanguage":"fr-FR"}]}},"_links":{"self":[{"href":"https:\/\/lysinterfilter.com\/fr\/wp-json\/wp\/v2\/product\/1983","targetHints":{"allow":["GET"]}}],"collection":[{"href":"https:\/\/lysinterfilter.com\/fr\/wp-json\/wp\/v2\/product"}],"about":[{"href":"https:\/\/lysinterfilter.com\/fr\/wp-json\/wp\/v2\/types\/product"}],"wp:featuredmedia":[{"embeddable":true,"href":"https:\/\/lysinterfilter.com\/fr\/wp-json\/wp\/v2\/media\/2717"}],"wp:attachment":[{"href":"https:\/\/lysinterfilter.com\/fr\/wp-json\/wp\/v2\/media?parent=1983"}],"wp:term":[{"taxonomy":"product_brand","embeddable":true,"href":"https:\/\/lysinterfilter.com\/fr\/wp-json\/wp\/v2\/product_brand?post=1983"},{"taxonomy":"product_cat","embeddable":true,"href":"https:\/\/lysinterfilter.com\/fr\/wp-json\/wp\/v2\/product_cat?post=1983"},{"taxonomy":"product_tag","embeddable":true,"href":"https:\/\/lysinterfilter.com\/fr\/wp-json\/wp\/v2\/product_tag?post=1983"}],"curies":[{"name":"wp","href":"https:\/\/api.w.org\/{rel}","templated":true}]}}