{"id":1897,"date":"2024-06-07T09:46:17","date_gmt":"2024-06-07T09:46:17","guid":{"rendered":"https:\/\/lysinterfilter.com\/?post_type=product&#038;p=1897"},"modified":"2026-02-28T10:33:23","modified_gmt":"2026-02-28T10:33:23","slug":"vacuum-feeder-filter-element","status":"publish","type":"product","link":"https:\/\/lysinterfilter.com\/fr\/manufacturer\/vacuum-feeder-filter-element\/","title":{"rendered":"\u00c9l\u00e9ment filtrant pour alimentateur sous vide"},"content":{"rendered":"<div class=\"row\"  id=\"row-1872846973\">\n\n\t<div id=\"col-1374307109\" class=\"col small-12 large-12\"  >\n\t\t\t\t<div class=\"col-inner\"  >\n\t\t\t\n\t\t\t\n<h3><strong>DESCRIPTION DU PRODUIT<\/strong><\/h3>\n<p>L&#039;\u00e9l\u00e9ment filtrant d&#039;alimentation sous vide fritt\u00e9 PE est fritt\u00e9 avec des mati\u00e8res premi\u00e8res en poly\u00e9thyl\u00e8ne \u00e0 poids mol\u00e9culaire ultra \u00e9lev\u00e9.<\/p>\n<p>fritt\u00e9 et form\u00e9 selon une formule scientifique. Il a une structure compacte, un poids l\u00e9ger, il peut r\u00e9sister \u00e0 une pression de filtration \u00e9lev\u00e9e et le diam\u00e8tre des pores de l&#039;\u00e9l\u00e9ment filtrant est le m\u00eame \u00e0 l&#039;int\u00e9rieur et \u00e0 l&#039;ext\u00e9rieur, et il est facile \u00e0 souffler<\/p>\n<p>et \u00e9limine les scories, il a une bonne r\u00e9sistance \u00e0 la corrosion aux solvants acides et alcalins.<\/p>\n\t\t<\/div>\n\t\t\t\t\t<\/div>\n\n\t\n\n\t<div id=\"col-780963909\" class=\"col small-12 large-12\"  >\n\t\t\t\t<div class=\"col-inner\"  >\n\t\t\t\n\t\t\t\n<h3><strong>PERFORMANCE DU PRODUIT<\/strong><\/h3>\n<p>Il est principalement utilis\u00e9 pour l&#039;interception de la poussi\u00e8re sur la machine d&#039;alimentation et la machine d&#039;aspiration. La pr\u00e9cision peut \u00eatre s\u00e9lectionn\u00e9e<\/p>\n<p>de 0,5 \u00e0 10 \u03bcm, et l&#039;effet de filtrage est bon. Il y a des tiges en acier inoxydable au milieu de l&#039;\u00e9l\u00e9ment filtrant<\/p>\n<p>de certaines sp\u00e9cifications pour relier les joints des deux c\u00f4t\u00e9s, rendant les joints aux deux extr\u00e9mit\u00e9s plus stables. Pores uniformes<\/p>\n<p>distribution granulom\u00e9trique, forte r\u00e9sistance aux acides et aux alcalis, bonnes propri\u00e9t\u00e9s m\u00e9caniques, forte r\u00e9sistance aux compos\u00e9s organiques<\/p>\n<p>L&#039;\u00e9rosion par solvant, la m\u00e9thode d&#039;\u00e9limination automatique ou manuelle des scories par recul peut \u00eatre utilis\u00e9e, les particules solides peuvent \u00eatre r\u00e9cup\u00e9r\u00e9es par<\/p>\n<p>\u00e9limination des scories s\u00e8ches et l&#039;\u00e9l\u00e9ment filtrant n&#039;a pas besoin d&#039;\u00eatre remplac\u00e9 fr\u00e9quemment. Avantages tels que le faible co\u00fbt de<\/p>\n<p>utiliser.<\/p>\n\t\t<\/div>\n\t\t\t\t\t<\/div>\n\n\t\n\n\t<div id=\"col-2056371931\" class=\"col small-12 large-12\"  >\n\t\t\t\t<div class=\"col-inner\"  >\n\t\t\t\n\t\t\t\n<h3><strong>CARACT\u00c9RISTIQUES<\/strong><\/h3>\n<p>Plage de pr\u00e9cision : 0,5-10 \u03bcm<\/p>\n<p>Plage de longueurs : 120 mm-200 mm-300 mm-400 mm-500 mm-600 mm<\/p>\n<p>Diam\u00e8tre commun : \u03c650 \u03c660<\/p>\n<p>Sp\u00e9cification de connexion de filetage : M20-M22-M26-M30<\/p>\n<p>Noix : simples ou doubles<\/p>\n<p>Temp\u00e9rature de fonctionnement : PE\u226480\u00b0C<\/p>\n<p>Pression de travail : 0,1 MPa-0,6 MPa<\/p>\n\t\t<\/div>\n\t\t\t\t\t<\/div>\n\n\t\n\n\t<div id=\"col-1748955570\" class=\"col small-12 large-12\"  >\n\t\t\t\t<div class=\"col-inner\"  >\n\t\t\t\n\t\t\t\n<h3><strong>Photos:<\/strong><\/h3>\n\t<div class=\"img has-hover x md-x lg-x y md-y lg-y\" id=\"image_42508136\">\n\t\t\t\t\t\t\t\t<div class=\"img-inner dark\" >\n\t\t\t<img loading=\"lazy\" decoding=\"async\" width=\"1024\" height=\"600\" src=\"https:\/\/lysinterfilter.com\/wp-content\/uploads\/2024\/06\/ve5.jpg\" class=\"attachment-original size-original\" alt=\"\" srcset=\"https:\/\/lysinterfilter.com\/wp-content\/uploads\/2024\/06\/ve5.jpg 1024w, https:\/\/lysinterfilter.com\/wp-content\/uploads\/2024\/06\/ve5-300x176.jpg 300w, https:\/\/lysinterfilter.com\/wp-content\/uploads\/2024\/06\/ve5-768x450.jpg 768w, https:\/\/lysinterfilter.com\/wp-content\/uploads\/2024\/06\/ve5-18x12.jpg 18w, https:\/\/lysinterfilter.com\/wp-content\/uploads\/2024\/06\/ve5-600x352.jpg 600w\" sizes=\"auto, (max-width: 1024px) 100vw, 1024px\" \/>\t\t\t\t\t\t\n\t\t\t\t\t<\/div>\n\t\t\t\t\t\t\t\t\n<style>\n#image_42508136 {\n  width: 100%;\n}\n<\/style>\n\t<\/div>\n\t\n\t\t<\/div>\n\t\t\t\t\t<\/div>\n\n\t\n\n\t<div id=\"col-340316036\" class=\"col small-12 large-12\"  >\n\t\t\t\t<div class=\"col-inner\"  >\n\t\t\t\n\t\t\t\n<h3><strong>Caract\u00e9ristiques:<\/strong><\/h3>\n<p>Pr\u00e9cision : 0,5-100 \u03bcm<br \/>\nLongueur : 120 mm-200 mm-300 mm-400 mm-500 mm-600 mm<br \/>\nDiam\u00e8tre : \u03a650\u03a660<br \/>\nSp\u00e9cifications des raccords filet\u00e9s : M20-M22-M26-M30<br \/>\n\u00c9crou : \u00e9crou simple ou double<\/p>\n\t<div class=\"img has-hover x md-x lg-x y md-y lg-y\" id=\"image_1373391624\">\n\t\t\t\t\t\t\t\t<div class=\"img-inner dark\" >\n\t\t\t<img loading=\"lazy\" decoding=\"async\" width=\"1024\" height=\"448\" src=\"https:\/\/lysinterfilter.com\/wp-content\/uploads\/2026\/02\/ve6.jpg\" class=\"attachment-original size-original\" alt=\"\" srcset=\"https:\/\/lysinterfilter.com\/wp-content\/uploads\/2026\/02\/ve6.jpg 1024w, https:\/\/lysinterfilter.com\/wp-content\/uploads\/2026\/02\/ve6-300x131.jpg 300w, https:\/\/lysinterfilter.com\/wp-content\/uploads\/2026\/02\/ve6-768x336.jpg 768w, https:\/\/lysinterfilter.com\/wp-content\/uploads\/2026\/02\/ve6-18x8.jpg 18w, https:\/\/lysinterfilter.com\/wp-content\/uploads\/2026\/02\/ve6-600x263.jpg 600w\" sizes=\"auto, (max-width: 1024px) 100vw, 1024px\" \/>\t\t\t\t\t\t\n\t\t\t\t\t<\/div>\n\t\t\t\t\t\t\t\t\n<style>\n#image_1373391624 {\n  width: 100%;\n}\n<\/style>\n\t<\/div>\n\t\n<p><span style=\"color: #ed1c24;\"><strong>*D&#039;autres sp\u00e9cifications et styles peuvent fournir une personnalisation non standard.<\/strong><\/span><\/p>\n\t\t<\/div>\n\t\t\t\t\t<\/div>\n\n\t\n\n\t<div id=\"col-287964487\" class=\"col small-12 large-12\"  >\n\t\t\t\t<div class=\"col-inner\"  >\n\t\t\t\n\t\t\t\n<h3>Application<\/h3>\n\t<div class=\"img has-hover x md-x lg-x y md-y lg-y\" id=\"image_254693310\">\n\t\t\t\t\t\t\t\t<div class=\"img-inner dark\" >\n\t\t\t<img loading=\"lazy\" decoding=\"async\" width=\"750\" height=\"350\" src=\"https:\/\/lysinterfilter.com\/wp-content\/uploads\/2024\/06\/Application.webp\" class=\"attachment-original size-original\" alt=\"\" srcset=\"https:\/\/lysinterfilter.com\/wp-content\/uploads\/2024\/06\/Application.webp 750w, https:\/\/lysinterfilter.com\/wp-content\/uploads\/2024\/06\/Application-300x140.webp 300w, https:\/\/lysinterfilter.com\/wp-content\/uploads\/2024\/06\/Application-18x8.webp 18w, https:\/\/lysinterfilter.com\/wp-content\/uploads\/2024\/06\/Application-600x280.webp 600w\" sizes=\"auto, (max-width: 750px) 100vw, 750px\" \/>\t\t\t\t\t\t\n\t\t\t\t\t<\/div>\n\t\t\t\t\t\t\t\t\n<style>\n#image_254693310 {\n  width: 100%;\n}\n<\/style>\n\t<\/div>\n\t\n<p>A. Industrie pharmaceutique<\/p>\n<p>(1)Infusion importante d&#039;eau, d\u00e9carbonisation des interm\u00e9diaires pharmaceutiques<\/p>\n<p>filtration; bouillon de fermentation, liquide oral<\/p>\n<p>(2) Charbon actif en poudre avec filtre de d\u00e9coloration (liquide m\u00e9dicinal<\/p>\n<p>glucose,antibiotiques,m\u00e9dicament synth\u00e9tique,pr\u00e9paration,m\u00e9decine chinoise \u00e0 base de plantes<\/p>\n<p>liquide, etc.)<\/p>\n<p>(3) Liquide d&#039;injection<\/p>\n<p>(4) Filtre \u00e0 air d&#039;injection<\/p>\n<p>(5)Eau de la bouteille de lavage par injection<\/p>\n<p>(6) Filtration des liqueurs m\u00e9dicales<\/p>\n<p>B. Industrie chimique<\/p>\n<p>(1) Filtrage et lavage de l&#039;hydroxyde d&#039;aluminium<\/p>\n<p>(2) Filtrage et lavage du catalyseur au palladium<\/p>\n<p>(3) Filtrage et lavage du phosphore<\/p>\n<p>(4) Filtrage au carbonate de zinc<\/p>\n<p>(5) Filtration de la solution de carbonate de sodium<\/p>\n<p>(6) Filtrage et lavage au sulfate de baryum<\/p>\n<p>(7) Filtrage et lavage du sulfure de cadmium<\/p>\n<p>C.Industrie chimique des fibres et du textile<\/p>\n<p>(1)Filtration par bain acide<\/p>\n<p>(2) Filtration de purification du soufre et de l&#039;acide acrylique<\/p>\n<p>(3) Filtration de pr\u00e9cision de l&#039;eau de soie<\/p>\n<p>D.Industrie l\u00e9g\u00e8re et industrie alimentaire<\/p>\n<p>(1)Filtration du sirop<\/p>\n<p>(2)Filtration des boissons<\/p>\n<p>(3) Filtration du vin et des spiritueux blancs<\/p>\n<p>(4) Filtration de pr\u00e9cision de l&#039;huile v\u00e9g\u00e9tale<\/p>\n<p>(5) Filtration des huiles essentielles<\/p>\n<p>(6)Filtration de l&#039;eau min\u00e9rale<\/p>\n<p>E. Industrie des machines et du p\u00e9trole<\/p>\n<p>(1) Filtration de la solution de placage<\/p>\n<p>(2)Filtration de pr\u00e9cision du liquide de nettoyage du moteur \u00e0 combustion interne<\/p>\n<p>(3) Filtration de lavage des champs p\u00e9trolif\u00e8res<\/p>\n<p>(4)\u00c9quipement d&#039;eau ultra pure pour l&#039;industrie \u00e9lectrique<\/p>\n<p>F.Traitement des eaux us\u00e9es<\/p>\n<p>(1)Traitement des eaux us\u00e9es \u00e0 l&#039;hydroxyde mental lourd<\/p>\n<p>(2)Traitement des eaux us\u00e9es contenant des m\u00e9taux lourds m\u00e9lang\u00e9s<\/p>\n<p>(3)Traitement chimique des eaux us\u00e9es<\/p>\n<p>(4)Traitement des eaux us\u00e9es en c\u00e9ramique<\/p>\n<p>(5)Traitement des eaux us\u00e9es contenant de l&#039;aluminium<\/p>\n<p>(6)Autre traitement des eaux us\u00e9es<\/p>\n\t\t<\/div>\n\t\t\t\t\t<\/div>\n\n\t\n\n\t<div id=\"col-1568353493\" class=\"col small-12 large-12\"  >\n\t\t\t\t<div class=\"col-inner\"  >\n\t\t\t\n\t\t\t\n<h3>Certifications<\/h3>\n\t<div class=\"img has-hover x md-x lg-x y md-y lg-y\" id=\"image_851696733\">\n\t\t\t\t\t\t\t\t<div class=\"img-inner dark\" >\n\t\t\t<img loading=\"lazy\" decoding=\"async\" width=\"750\" height=\"450\" src=\"https:\/\/lysinterfilter.com\/wp-content\/uploads\/2024\/06\/Certifications.webp\" class=\"attachment-original size-original\" alt=\"\" srcset=\"https:\/\/lysinterfilter.com\/wp-content\/uploads\/2024\/06\/Certifications.webp 750w, https:\/\/lysinterfilter.com\/wp-content\/uploads\/2024\/06\/Certifications-300x180.webp 300w, https:\/\/lysinterfilter.com\/wp-content\/uploads\/2024\/06\/Certifications-18x12.webp 18w, https:\/\/lysinterfilter.com\/wp-content\/uploads\/2024\/06\/Certifications-600x360.webp 600w\" sizes=\"auto, (max-width: 750px) 100vw, 750px\" \/>\t\t\t\t\t\t\n\t\t\t\t\t<\/div>\n\t\t\t\t\t\t\t\t\n<style>\n#image_851696733 {\n  width: 100%;\n}\n<\/style>\n\t<\/div>\n\t\n\t\t<\/div>\n\t\t\t\t\t<\/div>\n\n\t\n<\/div>","protected":false},"excerpt":{"rendered":"<ul>\n<li>Quantit\u00e9 minimale de commande :<span id=\"dr_show_hits_179\">1 pi\u00e8ce<\/span><\/li>\n<li>Personnalis\u00e9 : accept\u00e9<\/li>\n<li>Brand\uff1aOEM<\/li>\n<li>D\u00e9lai de livraison : Dans les 7 jours<\/li>\n<li>Certification : CE;ISO 9001<\/li>\n<li>Envoyer un e-mail:<\/li>\n<li><a href=\"mailto:info@lysinterfilter.com\">info@lysinterfilter.com<\/a><\/li>\n<\/ul>","protected":false},"featured_media":2742,"template":"","meta":[],"product_brand":[],"product_cat":[15],"product_tag":[],"class_list":{"0":"post-1897","1":"product","2":"type-product","3":"status-publish","4":"has-post-thumbnail","6":"product_cat-pe-sintered-industrialapplication","8":"first","9":"instock","10":"shipping-taxable","11":"product-type-simple"},"yoast_head":"<!-- This site is optimized with the Yoast SEO plugin v27.2 - https:\/\/yoast.com\/product\/yoast-seo-wordpress\/ -->\n<title>Vacuum feeder filter element - Porous Plastic Filter Manufacturer China<\/title>\n<meta name=\"description\" content=\"Optimize your vacuum feeder system with our high-performance filter elements. Designed for efficient dust and contaminant removal, our vacuum feeder filters enhance system reliability and performance. Choose our durable and effective solutions for superior filtration in industrial and laboratory applications\" \/>\n<meta name=\"robots\" content=\"index, follow, max-snippet:-1, max-image-preview:large, max-video-preview:-1\" \/>\n<link rel=\"canonical\" href=\"https:\/\/lysinterfilter.com\/fr\/manufacturer\/vacuum-feeder-filter-element\/\" \/>\n<meta property=\"og:locale\" content=\"fr_FR\" \/>\n<meta property=\"og:type\" content=\"article\" \/>\n<meta property=\"og:title\" content=\"Vacuum feeder filter element - Porous Plastic Filter Manufacturer China\" \/>\n<meta property=\"og:description\" content=\"Optimize your vacuum feeder system with our high-performance filter elements. Designed for efficient dust and contaminant removal, our vacuum feeder filters enhance system reliability and performance. Choose our durable and effective solutions for superior filtration in industrial and laboratory applications\" \/>\n<meta property=\"og:url\" content=\"https:\/\/lysinterfilter.com\/fr\/manufacturer\/vacuum-feeder-filter-element\/\" \/>\n<meta property=\"og:site_name\" content=\"Porous Plastic Filter Manufacturer China\" \/>\n<meta property=\"article:modified_time\" content=\"2026-02-28T10:33:23+00:00\" \/>\n<meta property=\"og:image\" content=\"https:\/\/lysinterfilter.com\/wp-content\/uploads\/2024\/06\/ve1.jpg\" \/>\n\t<meta property=\"og:image:width\" content=\"1024\" \/>\n\t<meta property=\"og:image:height\" content=\"902\" \/>\n\t<meta property=\"og:image:type\" content=\"image\/jpeg\" \/>\n<meta name=\"twitter:card\" content=\"summary_large_image\" \/>\n<meta name=\"twitter:label1\" content=\"Dur\u00e9e de lecture estim\u00e9e\" \/>\n\t<meta name=\"twitter:data1\" content=\"3 minutes\" \/>\n<script type=\"application\/ld+json\" class=\"yoast-schema-graph\">{\"@context\":\"https:\/\/schema.org\",\"@graph\":[{\"@type\":\"WebPage\",\"@id\":\"https:\/\/lysinterfilter.com\/manufacturer\/vacuum-feeder-filter-element\/\",\"url\":\"https:\/\/lysinterfilter.com\/manufacturer\/vacuum-feeder-filter-element\/\",\"name\":\"Vacuum feeder filter element - Porous Plastic Filter Manufacturer China\",\"isPartOf\":{\"@id\":\"https:\/\/lysinterfilter.com\/#website\"},\"primaryImageOfPage\":{\"@id\":\"https:\/\/lysinterfilter.com\/manufacturer\/vacuum-feeder-filter-element\/#primaryimage\"},\"image\":{\"@id\":\"https:\/\/lysinterfilter.com\/manufacturer\/vacuum-feeder-filter-element\/#primaryimage\"},\"thumbnailUrl\":\"https:\/\/lysinterfilter.com\/wp-content\/uploads\/2024\/06\/ve1.jpg\",\"datePublished\":\"2024-06-07T09:46:17+00:00\",\"dateModified\":\"2026-02-28T10:33:23+00:00\",\"description\":\"Optimize your vacuum feeder system with our high-performance filter elements. Designed for efficient dust and contaminant removal, our vacuum feeder filters enhance system reliability and performance. Choose our durable and effective solutions for superior filtration in industrial and laboratory applications\",\"breadcrumb\":{\"@id\":\"https:\/\/lysinterfilter.com\/manufacturer\/vacuum-feeder-filter-element\/#breadcrumb\"},\"inLanguage\":\"fr-FR\",\"potentialAction\":[{\"@type\":\"ReadAction\",\"target\":[\"https:\/\/lysinterfilter.com\/manufacturer\/vacuum-feeder-filter-element\/\"]}]},{\"@type\":\"ImageObject\",\"inLanguage\":\"fr-FR\",\"@id\":\"https:\/\/lysinterfilter.com\/manufacturer\/vacuum-feeder-filter-element\/#primaryimage\",\"url\":\"https:\/\/lysinterfilter.com\/wp-content\/uploads\/2024\/06\/ve1.jpg\",\"contentUrl\":\"https:\/\/lysinterfilter.com\/wp-content\/uploads\/2024\/06\/ve1.jpg\",\"width\":1024,\"height\":902,\"caption\":\"{\\\"data\\\":{\\\"AIGC\\\":{\\\"Label\\\":\\\"1\\\",\\\"ContentProducer\\\":\\\"00119144030008867405X210002\\\",\\\"ProduceID\\\":\\\"b4dd3a0b4b4248b98cd22e8fcc3a78eb\\\",\\\"ReservedCode1\\\":\\\"\\\",\\\"ContentPropagator\\\":\\\"00119144030008867405X220002\\\",\\\"PropagateID\\\":\\\"\\\",\\\"ReservedCode2\\\":\\\"\\\"},\\\"pictureId\\\":\\\"43ef3533430f4fad8540135cfb22bcb4\\\",\\\"appversion\\\":\\\"14.0.0\\\",\\\"stickerId\\\":\\\"\\\",\\\"filterId\\\":\\\"\\\",\\\"infoStickerId\\\":\\\"\\\",\\\"imageEffectId\\\":\\\"\\\",\\\"playId\\\":\\\"7525361529512938806\\\",\\\"activityName\\\":\\\"\\\",\\\"os\\\":\\\"android\\\",\\\"product\\\":\\\"retouch\\\",\\\"originAppId\\\":\\\"2515\\\",\\\"exportType\\\":\\\"\\\",\\\"editType\\\":\\\"\\\",\\\"alias\\\":\\\"UH6PcfMavpR0B26NWRK3F\/bQ5hx0SWHa9+7tRGt4j9lFa3tzOgpm6vRyDzzARKMaTuhSDA4F95ZeoBMf5OYDSB6fkxS2ghZ4e+58YF3xym67eA6ae3XaeThPez10lqimU\/NZTf159LsHKzXFIWxk\/oMKtPzy0LzK1vy50Y0UtQGgLLXwU9TQzgXQV4KGozudoUHd9jWPjADU7k95b8YfkwWj+EC2DfKQHAUiPyV\/xIVWV1G4nvR7\/DMvDfqw0gwMEXPvOtcYiecP+eTA7e1hgie04sKQ\/kW626LWYFSt9IeT3cG2v9jZKpRT8SFtMHai0hBy9kPwJtyUoJlOCWcZOQ==\\\",\\\"enterFrom\\\":\\\"enter_launch\\\",\\\"capability_key\\\":[\\\"playfunction\\\"],\\\"capability_extra_v2\\\":{\\\"playfunction\\\":[{\\\"resource_id\\\":\\\"7525361529512938806\\\",\\\"origin\\\":\\\"heycan\\\"}]},\\\"effect_type\\\":\\\"tool\\\",\\\"effect_id\\\":\\\"playfunction#7525361529512938806\\\"},\\\"source_type\\\":\\\"douyin_beauty_me\\\"}\"},{\"@type\":\"BreadcrumbList\",\"@id\":\"https:\/\/lysinterfilter.com\/manufacturer\/vacuum-feeder-filter-element\/#breadcrumb\",\"itemListElement\":[{\"@type\":\"ListItem\",\"position\":1,\"name\":\"Home\",\"item\":\"https:\/\/lysinterfilter.com\/\"},{\"@type\":\"ListItem\",\"position\":2,\"name\":\"Products\",\"item\":\"https:\/\/lysinterfilter.com\/shop\/\"},{\"@type\":\"ListItem\",\"position\":3,\"name\":\"Vacuum feeder filter element\"}]},{\"@type\":\"WebSite\",\"@id\":\"https:\/\/lysinterfilter.com\/#website\",\"url\":\"https:\/\/lysinterfilter.com\/\",\"name\":\"Porous Plastic Filter Manufacturer China\",\"description\":\"\",\"potentialAction\":[{\"@type\":\"SearchAction\",\"target\":{\"@type\":\"EntryPoint\",\"urlTemplate\":\"https:\/\/lysinterfilter.com\/?s={search_term_string}\"},\"query-input\":{\"@type\":\"PropertyValueSpecification\",\"valueRequired\":true,\"valueName\":\"search_term_string\"}}],\"inLanguage\":\"fr-FR\"}]}<\/script>\n<!-- \/ Yoast SEO plugin. -->","yoast_head_json":{"title":"Vacuum feeder filter element - Porous Plastic Filter Manufacturer China","description":"Optimize your vacuum feeder system with our high-performance filter elements. Designed for efficient dust and contaminant removal, our vacuum feeder filters enhance system reliability and performance. Choose our durable and effective solutions for superior filtration in industrial and laboratory applications","robots":{"index":"index","follow":"follow","max-snippet":"max-snippet:-1","max-image-preview":"max-image-preview:large","max-video-preview":"max-video-preview:-1"},"canonical":"https:\/\/lysinterfilter.com\/fr\/manufacturer\/vacuum-feeder-filter-element\/","og_locale":"fr_FR","og_type":"article","og_title":"Vacuum feeder filter element - Porous Plastic Filter Manufacturer China","og_description":"Optimize your vacuum feeder system with our high-performance filter elements. Designed for efficient dust and contaminant removal, our vacuum feeder filters enhance system reliability and performance. Choose our durable and effective solutions for superior filtration in industrial and laboratory applications","og_url":"https:\/\/lysinterfilter.com\/fr\/manufacturer\/vacuum-feeder-filter-element\/","og_site_name":"Porous Plastic Filter Manufacturer China","article_modified_time":"2026-02-28T10:33:23+00:00","og_image":[{"width":1024,"height":902,"url":"https:\/\/lysinterfilter.com\/wp-content\/uploads\/2024\/06\/ve1.jpg","type":"image\/jpeg"}],"twitter_card":"summary_large_image","twitter_misc":{"Dur\u00e9e de lecture estim\u00e9e":"3 minutes"},"schema":{"@context":"https:\/\/schema.org","@graph":[{"@type":"WebPage","@id":"https:\/\/lysinterfilter.com\/manufacturer\/vacuum-feeder-filter-element\/","url":"https:\/\/lysinterfilter.com\/manufacturer\/vacuum-feeder-filter-element\/","name":"Vacuum feeder filter element - Porous Plastic Filter Manufacturer China","isPartOf":{"@id":"https:\/\/lysinterfilter.com\/#website"},"primaryImageOfPage":{"@id":"https:\/\/lysinterfilter.com\/manufacturer\/vacuum-feeder-filter-element\/#primaryimage"},"image":{"@id":"https:\/\/lysinterfilter.com\/manufacturer\/vacuum-feeder-filter-element\/#primaryimage"},"thumbnailUrl":"https:\/\/lysinterfilter.com\/wp-content\/uploads\/2024\/06\/ve1.jpg","datePublished":"2024-06-07T09:46:17+00:00","dateModified":"2026-02-28T10:33:23+00:00","description":"Optimize your vacuum feeder system with our high-performance filter elements. Designed for efficient dust and contaminant removal, our vacuum feeder filters enhance system reliability and performance. Choose our durable and effective solutions for superior filtration in industrial and laboratory applications","breadcrumb":{"@id":"https:\/\/lysinterfilter.com\/manufacturer\/vacuum-feeder-filter-element\/#breadcrumb"},"inLanguage":"fr-FR","potentialAction":[{"@type":"ReadAction","target":["https:\/\/lysinterfilter.com\/manufacturer\/vacuum-feeder-filter-element\/"]}]},{"@type":"ImageObject","inLanguage":"fr-FR","@id":"https:\/\/lysinterfilter.com\/manufacturer\/vacuum-feeder-filter-element\/#primaryimage","url":"https:\/\/lysinterfilter.com\/wp-content\/uploads\/2024\/06\/ve1.jpg","contentUrl":"https:\/\/lysinterfilter.com\/wp-content\/uploads\/2024\/06\/ve1.jpg","width":1024,"height":902,"caption":"{\"data\":{\"AIGC\":{\"Label\":\"1\",\"ContentProducer\":\"00119144030008867405X210002\",\"ProduceID\":\"b4dd3a0b4b4248b98cd22e8fcc3a78eb\",\"ReservedCode1\":\"\",\"ContentPropagator\":\"00119144030008867405X220002\",\"PropagateID\":\"\",\"ReservedCode2\":\"\"},\"pictureId\":\"43ef3533430f4fad8540135cfb22bcb4\",\"appversion\":\"14.0.0\",\"stickerId\":\"\",\"filterId\":\"\",\"infoStickerId\":\"\",\"imageEffectId\":\"\",\"playId\":\"7525361529512938806\",\"activityName\":\"\",\"os\":\"android\",\"product\":\"retouch\",\"originAppId\":\"2515\",\"exportType\":\"\",\"editType\":\"\",\"alias\":\"UH6PcfMavpR0B26NWRK3F\/bQ5hx0SWHa9+7tRGt4j9lFa3tzOgpm6vRyDzzARKMaTuhSDA4F95ZeoBMf5OYDSB6fkxS2ghZ4e+58YF3xym67eA6ae3XaeThPez10lqimU\/NZTf159LsHKzXFIWxk\/oMKtPzy0LzK1vy50Y0UtQGgLLXwU9TQzgXQV4KGozudoUHd9jWPjADU7k95b8YfkwWj+EC2DfKQHAUiPyV\/xIVWV1G4nvR7\/DMvDfqw0gwMEXPvOtcYiecP+eTA7e1hgie04sKQ\/kW626LWYFSt9IeT3cG2v9jZKpRT8SFtMHai0hBy9kPwJtyUoJlOCWcZOQ==\",\"enterFrom\":\"enter_launch\",\"capability_key\":[\"playfunction\"],\"capability_extra_v2\":{\"playfunction\":[{\"resource_id\":\"7525361529512938806\",\"origin\":\"heycan\"}]},\"effect_type\":\"tool\",\"effect_id\":\"playfunction#7525361529512938806\"},\"source_type\":\"douyin_beauty_me\"}"},{"@type":"BreadcrumbList","@id":"https:\/\/lysinterfilter.com\/manufacturer\/vacuum-feeder-filter-element\/#breadcrumb","itemListElement":[{"@type":"ListItem","position":1,"name":"Home","item":"https:\/\/lysinterfilter.com\/"},{"@type":"ListItem","position":2,"name":"Products","item":"https:\/\/lysinterfilter.com\/shop\/"},{"@type":"ListItem","position":3,"name":"Vacuum feeder filter element"}]},{"@type":"WebSite","@id":"https:\/\/lysinterfilter.com\/#website","url":"https:\/\/lysinterfilter.com\/","name":"Porous Plastic Filter Manufacturer China","description":"","potentialAction":[{"@type":"SearchAction","target":{"@type":"EntryPoint","urlTemplate":"https:\/\/lysinterfilter.com\/?s={search_term_string}"},"query-input":{"@type":"PropertyValueSpecification","valueRequired":true,"valueName":"search_term_string"}}],"inLanguage":"fr-FR"}]}},"_links":{"self":[{"href":"https:\/\/lysinterfilter.com\/fr\/wp-json\/wp\/v2\/product\/1897","targetHints":{"allow":["GET"]}}],"collection":[{"href":"https:\/\/lysinterfilter.com\/fr\/wp-json\/wp\/v2\/product"}],"about":[{"href":"https:\/\/lysinterfilter.com\/fr\/wp-json\/wp\/v2\/types\/product"}],"wp:featuredmedia":[{"embeddable":true,"href":"https:\/\/lysinterfilter.com\/fr\/wp-json\/wp\/v2\/media\/2742"}],"wp:attachment":[{"href":"https:\/\/lysinterfilter.com\/fr\/wp-json\/wp\/v2\/media?parent=1897"}],"wp:term":[{"taxonomy":"product_brand","embeddable":true,"href":"https:\/\/lysinterfilter.com\/fr\/wp-json\/wp\/v2\/product_brand?post=1897"},{"taxonomy":"product_cat","embeddable":true,"href":"https:\/\/lysinterfilter.com\/fr\/wp-json\/wp\/v2\/product_cat?post=1897"},{"taxonomy":"product_tag","embeddable":true,"href":"https:\/\/lysinterfilter.com\/fr\/wp-json\/wp\/v2\/product_tag?post=1897"}],"curies":[{"name":"wp","href":"https:\/\/api.w.org\/{rel}","templated":true}]}}