{"id":2077,"date":"2024-06-12T07:37:59","date_gmt":"2024-06-12T07:37:59","guid":{"rendered":"https:\/\/lysinterfilter.com\/?post_type=product&#038;p=2077"},"modified":"2026-03-02T02:12:22","modified_gmt":"2026-03-02T02:12:22","slug":"sintered-ptfe-filter","status":"publish","type":"product","link":"https:\/\/lysinterfilter.com\/de\/manufacturer\/sintered-ptfe-filter\/","title":{"rendered":"Gesinterter PTFE-Filter"},"content":{"rendered":"<div class=\"row\"  id=\"row-1666619289\">\n\n\t<div id=\"col-627884635\" class=\"col small-12 large-12\"  >\n\t\t\t\t<div class=\"col-inner\"  >\n\t\t\t\n\t\t\t\n<h2>Produktdetails<\/h2>\n<h4><strong>Einf\u00fchrung:<\/strong><\/h4>\n<p>Der gesinterte PTFE-Filter besteht aus ultrahochmolekularem Polytetrafluorethylen-Rohmaterial, das bei hoher Temperatur und hohem Druck gesintert wird. Die Oberfl\u00e4che des Filterelements ist glatt, hochfest, hat eine gute Z\u00e4higkeit, kein Pulver f\u00e4llt ab und es ist \u00e4u\u00dferst best\u00e4ndig gegen\u00fcber allen chemischen Substanzen. Die Porosit\u00e4t des Materialfilterelements betr\u00e4gt bis zu 50% und die Porengr\u00f6\u00dfenverteilung ist gleichm\u00e4\u00dfig. Das Filterelement ist best\u00e4ndig gegen starke S\u00e4uren, starke Basen, chemische Korrosion, \u201eOzon\u201c und verschiedene L\u00f6sungsmittel und h\u00e4lt hohen Temperaturen bis zu 200 \u00b0C stand. Es wird h\u00e4ufig bei Hochtemperaturgasen und der Filtration von Medien wie chemischen Fl\u00fcssigkeiten eingesetzt.<\/p>\n<h4>\u00a0<strong>Vorteil:<\/strong><\/h4>\n<p>Material: ultrahochmolekulares Polytetrafluorethylen<br \/>\nVerwendung: Geeignet f\u00fcr starke S\u00e4uren, starke Laugen, hohe Temperaturen und chemische Korrosion.<br \/>\nAnwendungsbereich: universell f\u00fcr Luft, Wasser, fl\u00fcssige Medikamente und \u00d6l<br \/>\nRohwasserdruck: 7 (MPA)<br \/>\nArbeitsdruckdifferenz: 5 (MPA)<br \/>\nFiltrationsgenauigkeit: 0,2\u201350 (\u00b5m)<br \/>\nArbeitstemperatur: \u2264200\u00b0C (\u00b0C)<\/p>\n<h4><strong>Spezifikation:\u00a0\u00a0<\/strong><\/h4>\n<p>Durchmesser: 10 20 25 30 35 40 45 50 60 (mm)<br \/>\nL\u00e4nge: 5\u2033 10\u2033 20\u2033 30\u2033 40\u2033<br \/>\nFiltrationsgenauigkeit: 0,2 \u00b5m \u2013 50 \u00b5m<\/p>\n\t<div id=\"text-2295573582\" class=\"text\">\n\t\t\n<h3><strong>Fotos:<\/strong><\/h3>\n\t\t\n<style>\n#text-2295573582 {\n  text-align: left;\n}\n<\/style>\n\t<\/div>\n\t\n\t<div class=\"img has-hover x md-x lg-x y md-y lg-y\" id=\"image_2099217608\">\n\t\t\t\t\t\t\t\t<div class=\"img-inner dark\" >\n\t\t\t<img loading=\"lazy\" decoding=\"async\" width=\"1024\" height=\"600\" src=\"https:\/\/lysinterfilter.com\/wp-content\/uploads\/2026\/03\/99.jpg\" class=\"attachment-original size-original\" alt=\"\" srcset=\"https:\/\/lysinterfilter.com\/wp-content\/uploads\/2026\/03\/99.jpg 1024w, https:\/\/lysinterfilter.com\/wp-content\/uploads\/2026\/03\/99-300x176.jpg 300w, https:\/\/lysinterfilter.com\/wp-content\/uploads\/2026\/03\/99-768x450.jpg 768w, https:\/\/lysinterfilter.com\/wp-content\/uploads\/2026\/03\/99-18x12.jpg 18w, https:\/\/lysinterfilter.com\/wp-content\/uploads\/2026\/03\/99-600x352.jpg 600w\" sizes=\"auto, (max-width: 1024px) 100vw, 1024px\" \/>\t\t\t\t\t\t\n\t\t\t\t\t<\/div>\n\t\t\t\t\t\t\t\t\n<style>\n#image_2099217608 {\n  width: 100%;\n}\n<\/style>\n\t<\/div>\n\t\n\t\t<\/div>\n\t\t\t\t\t<\/div>\n\n\t\n\n\t<div id=\"col-697294449\" class=\"col small-12 large-12\"  >\n\t\t\t\t<div class=\"col-inner\"  >\n\t\t\t\n\t\t\t\n<h2>Anwendung<\/h2>\n\t<div class=\"img has-hover x md-x lg-x y md-y lg-y\" id=\"image_1542937953\">\n\t\t\t\t\t\t\t\t<div class=\"img-inner dark\" >\n\t\t\t<img loading=\"lazy\" decoding=\"async\" width=\"750\" height=\"350\" src=\"https:\/\/lysinterfilter.com\/wp-content\/uploads\/2024\/06\/Application.webp\" class=\"attachment-original size-original\" alt=\"\" srcset=\"https:\/\/lysinterfilter.com\/wp-content\/uploads\/2024\/06\/Application.webp 750w, https:\/\/lysinterfilter.com\/wp-content\/uploads\/2024\/06\/Application-300x140.webp 300w, https:\/\/lysinterfilter.com\/wp-content\/uploads\/2024\/06\/Application-18x8.webp 18w, https:\/\/lysinterfilter.com\/wp-content\/uploads\/2024\/06\/Application-600x280.webp 600w\" sizes=\"auto, (max-width: 750px) 100vw, 750px\" \/>\t\t\t\t\t\t\n\t\t\t\t\t<\/div>\n\t\t\t\t\t\t\t\t\n<style>\n#image_1542937953 {\n  width: 100%;\n}\n<\/style>\n\t<\/div>\n\t\n<p>A. Pharmazeutische Industrie<\/p>\n<p>(1)Gro\u00dfe Infusion von Wasser, Dekarbonisierung pharmazeutischer Zwischenprodukte<\/p>\n<p>Filtration; Fermentationsbr\u00fche, orale Fl\u00fcssigkeit<\/p>\n<p>(2)Pulveraktivkohle mit Entf\u00e4rbungsfilter (medizinische Fl\u00fcssigkeit<\/p>\n<p>Glukose, Antibiotika, synthetische Medizin, Zubereitung, chinesische Kr\u00e4utermedizin<\/p>\n<p>fl\u00fcssig,etd.)<\/p>\n<p>(3) Injektionsfl\u00fcssigkeit<\/p>\n<p>(4)Einspritzluftfilter<\/p>\n<p>(5) Injektionswaschflaschenwasser<\/p>\n<p>(6)Medizinische Alkoholfiltration<\/p>\n<p>B.Chemische Industrie<\/p>\n<p>(1) Filtern und Waschen von Aluminiumhydroxid<\/p>\n<p>(2) Filtern und Waschen des Palladiumkatalysators<\/p>\n<p>(3)Phosphorfilterung und -w\u00e4sche<\/p>\n<p>(4)Zinkcarbonatfilterung<\/p>\n<p>(5) Filtration der Natriumcarbonatl\u00f6sung<\/p>\n<p>(6) Filterung und Waschen von Bariumsulfat<\/p>\n<p>(7) Filterung und W\u00e4sche von Cadmiumsulfid<\/p>\n<p>C.Chemiefaser- und Textilindustrie<\/p>\n<p>(1)S\u00e4urebadfiltration<\/p>\n<p>(2) Schwefel- und Acryls\u00e4urereinigungsfiltration<\/p>\n<p>(3)Seidenwasser-Pr\u00e4zisionsfiltration<\/p>\n<p>D. Leichtindustrie und Lebensmittelindustrie<\/p>\n<p>(1)Sirupfiltration<\/p>\n<p>(2)Getr\u00e4nkefiltration<\/p>\n<p>(3) Wein- und Spiritusfiltration<\/p>\n<p>(4)Pr\u00e4zisionsfiltration von Pflanzen\u00f6l<\/p>\n<p>(5)Filtration \u00e4therischer \u00d6le<\/p>\n<p>(6)Mineralwasserfiltration<\/p>\n<p>E.Maschinen- und \u00d6lindustrie<\/p>\n<p>(1) Filtration der Beschichtungsl\u00f6sung<\/p>\n<p>(2)Pr\u00e4zisionsfiltration von Reinigungsfl\u00fcssigkeiten f\u00fcr Verbrennungsmotoren<\/p>\n<p>(3)\u00d6lfeldwaschfiltration<\/p>\n<p>(4)Elektroindustrie - Reinstwasseranlagen<\/p>\n<p>F. Abwasserbehandlung<\/p>\n<p>(1) Schwermetallhydroxid-Abwasserbehandlung<\/p>\n<p>(2) Abwasserbehandlung von Schwermetallgemischen<\/p>\n<p>(3) Chemische Abwasserbehandlung<\/p>\n<p>(4)Keramik-Abwasserbehandlung<\/p>\n<p>(5) Behandlung aluminiumhaltiger Abw\u00e4sser<\/p>\n<p>(6)Sonstige Abwasserbehandlung<\/p>\n\t\t<\/div>\n\t\t\t\t\t<\/div>\n\n\t\n\n\t<div id=\"col-242394294\" class=\"col small-12 large-12\"  >\n\t\t\t\t<div class=\"col-inner\"  >\n\t\t\t\n\t\t\t\n<h2>Zertifizierungen<\/h2>\n\t<div class=\"img has-hover x md-x lg-x y md-y lg-y\" id=\"image_1745820334\">\n\t\t\t\t\t\t\t\t<div class=\"img-inner dark\" >\n\t\t\t<img loading=\"lazy\" decoding=\"async\" width=\"750\" height=\"450\" src=\"https:\/\/lysinterfilter.com\/wp-content\/uploads\/2024\/06\/Certifications.webp\" class=\"attachment-original size-original\" alt=\"\" srcset=\"https:\/\/lysinterfilter.com\/wp-content\/uploads\/2024\/06\/Certifications.webp 750w, https:\/\/lysinterfilter.com\/wp-content\/uploads\/2024\/06\/Certifications-300x180.webp 300w, https:\/\/lysinterfilter.com\/wp-content\/uploads\/2024\/06\/Certifications-18x12.webp 18w, https:\/\/lysinterfilter.com\/wp-content\/uploads\/2024\/06\/Certifications-600x360.webp 600w\" sizes=\"auto, (max-width: 750px) 100vw, 750px\" \/>\t\t\t\t\t\t\n\t\t\t\t\t<\/div>\n\t\t\t\t\t\t\t\t\n<style>\n#image_1745820334 {\n  width: 100%;\n}\n<\/style>\n\t<\/div>\n\t\n\t\t<\/div>\n\t\t\t\t\t<\/div>\n\n\t\n<\/div>","protected":false},"excerpt":{"rendered":"<ul>\n<li>Mindestbestellmenge:<span id=\"dr_show_hits_179\">1 St\u00fcck<\/span><\/li>\n<li>Angepasst: Akzeptiert<\/li>\n<li>Brand\uff1aOEM<\/li>\n<li>Lieferzeit: Innerhalb von 7 Tagen<\/li>\n<li>Zertifizierung: CE, ISO 9001<\/li>\n<li>E-Mail senden:<\/li>\n<li><a href=\"mailto:info@lysinterfilter.com\">info@lysinterfilter.com<\/a><\/li>\n<\/ul>","protected":false},"featured_media":2667,"template":"","meta":[],"product_brand":[],"product_cat":[42],"product_tag":[],"class_list":{"0":"post-2077","1":"product","2":"type-product","3":"status-publish","4":"has-post-thumbnail","6":"product_cat-ptfe-sintered-filter-cartridges","8":"first","9":"instock","10":"shipping-taxable","11":"product-type-simple"},"yoast_head":"<!-- This site is optimized with the Yoast SEO plugin v27.2 - https:\/\/yoast.com\/product\/yoast-seo-wordpress\/ -->\n<title>Sintered ptfe filter - Porous Plastic Filter Manufacturer China<\/title>\n<meta name=\"description\" content=\"Experience superior filtration with our sintered PTFE filters. Engineered for exceptional chemical resistance and durability, these filters provide reliable performance in demanding applications. Choose our PTFE filters for high-quality, efficient filtration.\" \/>\n<meta name=\"robots\" content=\"index, follow, max-snippet:-1, max-image-preview:large, max-video-preview:-1\" \/>\n<link rel=\"canonical\" href=\"https:\/\/lysinterfilter.com\/de\/manufacturer\/sintered-ptfe-filter\/\" \/>\n<meta property=\"og:locale\" content=\"de_DE\" \/>\n<meta property=\"og:type\" content=\"article\" \/>\n<meta property=\"og:title\" content=\"Sintered ptfe filter - Porous Plastic Filter Manufacturer China\" \/>\n<meta property=\"og:description\" content=\"Experience superior filtration with our sintered PTFE filters. Engineered for exceptional chemical resistance and durability, these filters provide reliable performance in demanding applications. Choose our PTFE filters for high-quality, efficient filtration.\" \/>\n<meta property=\"og:url\" content=\"https:\/\/lysinterfilter.com\/de\/manufacturer\/sintered-ptfe-filter\/\" \/>\n<meta property=\"og:site_name\" content=\"Porous Plastic Filter Manufacturer China\" \/>\n<meta property=\"article:modified_time\" content=\"2026-03-02T02:12:22+00:00\" \/>\n<meta property=\"og:image\" content=\"https:\/\/lysinterfilter.com\/wp-content\/uploads\/2024\/06\/ptfe.jpg\" \/>\n\t<meta property=\"og:image:width\" content=\"1024\" \/>\n\t<meta property=\"og:image:height\" content=\"902\" \/>\n\t<meta property=\"og:image:type\" content=\"image\/jpeg\" \/>\n<meta name=\"twitter:card\" content=\"summary_large_image\" \/>\n<meta name=\"twitter:label1\" content=\"Gesch\u00e4tzte Lesezeit\" \/>\n\t<meta name=\"twitter:data1\" content=\"2\u00a0Minuten\" \/>\n<script type=\"application\/ld+json\" class=\"yoast-schema-graph\">{\"@context\":\"https:\/\/schema.org\",\"@graph\":[{\"@type\":\"WebPage\",\"@id\":\"https:\/\/lysinterfilter.com\/manufacturer\/sintered-ptfe-filter\/\",\"url\":\"https:\/\/lysinterfilter.com\/manufacturer\/sintered-ptfe-filter\/\",\"name\":\"Sintered ptfe filter - Porous Plastic Filter Manufacturer China\",\"isPartOf\":{\"@id\":\"https:\/\/lysinterfilter.com\/#website\"},\"primaryImageOfPage\":{\"@id\":\"https:\/\/lysinterfilter.com\/manufacturer\/sintered-ptfe-filter\/#primaryimage\"},\"image\":{\"@id\":\"https:\/\/lysinterfilter.com\/manufacturer\/sintered-ptfe-filter\/#primaryimage\"},\"thumbnailUrl\":\"https:\/\/lysinterfilter.com\/wp-content\/uploads\/2024\/06\/ptfe.jpg\",\"datePublished\":\"2024-06-12T07:37:59+00:00\",\"dateModified\":\"2026-03-02T02:12:22+00:00\",\"description\":\"Experience superior filtration with our sintered PTFE filters. Engineered for exceptional chemical resistance and durability, these filters provide reliable performance in demanding applications. Choose our PTFE filters for high-quality, efficient filtration.\",\"breadcrumb\":{\"@id\":\"https:\/\/lysinterfilter.com\/manufacturer\/sintered-ptfe-filter\/#breadcrumb\"},\"inLanguage\":\"de\",\"potentialAction\":[{\"@type\":\"ReadAction\",\"target\":[\"https:\/\/lysinterfilter.com\/manufacturer\/sintered-ptfe-filter\/\"]}]},{\"@type\":\"ImageObject\",\"inLanguage\":\"de\",\"@id\":\"https:\/\/lysinterfilter.com\/manufacturer\/sintered-ptfe-filter\/#primaryimage\",\"url\":\"https:\/\/lysinterfilter.com\/wp-content\/uploads\/2024\/06\/ptfe.jpg\",\"contentUrl\":\"https:\/\/lysinterfilter.com\/wp-content\/uploads\/2024\/06\/ptfe.jpg\",\"width\":1024,\"height\":902,\"caption\":\"{\\\"data\\\":{\\\"pictureId\\\":\\\"22286d90e45a479381e6d624e0c95c9c\\\",\\\"appversion\\\":\\\"14.0.0\\\",\\\"stickerId\\\":\\\"\\\",\\\"filterId\\\":\\\"\\\",\\\"infoStickerId\\\":\\\"\\\",\\\"imageEffectId\\\":\\\"\\\",\\\"playId\\\":\\\"\\\",\\\"activityName\\\":\\\"\\\",\\\"os\\\":\\\"android\\\",\\\"product\\\":\\\"retouch\\\",\\\"originAppId\\\":\\\"2515\\\",\\\"exportType\\\":\\\"\\\",\\\"editType\\\":\\\"\\\",\\\"alias\\\":\\\"VS9DpSw9gqS4Jpb71Fnap1XywdiFAjCz92KjNdO+SvFKIcu9JVK7iXVld0bAVUrNIghtAusIVBnNsSiVKCOjOrMRT5nprZJYp4gOyHIws\/5YwOb2sR4H44F11qv0U7iAKJPtuG1uT1e5kBinJa9vD2iBI4GDnY0Qbbfmeh9pX4Z31r29TXdpBQa+Lgw3NASVyWgjeSXlNaoBGp6huXp5s\/DiAy9xJn6y6U1b21MTXRv9NZar7I088WwPFl9yYdrs5u3nBFUZz3DfhON3+l0S35ps8sfI9XDMo0NXxAL0n\/RnrXgR6PCXmEKDZe204qigFvNIuUSQD9mCy\/fNLdMMHA==\\\",\\\"enterFrom\\\":\\\"enter_launch\\\",\\\"capability_key\\\":[\\\"erase\\\"],\\\"capability_extra_v2\\\":{\\\"erase\\\":[{\\\"panel\\\":\\\"eliminatePen\\\"}]},\\\"effect_type\\\":\\\"tool\\\",\\\"effect_id\\\":\\\"erase\\\"},\\\"source_type\\\":\\\"douyin_beauty_me\\\"}\"},{\"@type\":\"BreadcrumbList\",\"@id\":\"https:\/\/lysinterfilter.com\/manufacturer\/sintered-ptfe-filter\/#breadcrumb\",\"itemListElement\":[{\"@type\":\"ListItem\",\"position\":1,\"name\":\"Home\",\"item\":\"https:\/\/lysinterfilter.com\/\"},{\"@type\":\"ListItem\",\"position\":2,\"name\":\"Products\",\"item\":\"https:\/\/lysinterfilter.com\/shop\/\"},{\"@type\":\"ListItem\",\"position\":3,\"name\":\"Sintered ptfe filter\"}]},{\"@type\":\"WebSite\",\"@id\":\"https:\/\/lysinterfilter.com\/#website\",\"url\":\"https:\/\/lysinterfilter.com\/\",\"name\":\"Porous Plastic Filter Manufacturer China\",\"description\":\"\",\"potentialAction\":[{\"@type\":\"SearchAction\",\"target\":{\"@type\":\"EntryPoint\",\"urlTemplate\":\"https:\/\/lysinterfilter.com\/?s={search_term_string}\"},\"query-input\":{\"@type\":\"PropertyValueSpecification\",\"valueRequired\":true,\"valueName\":\"search_term_string\"}}],\"inLanguage\":\"de\"}]}<\/script>\n<!-- \/ Yoast SEO plugin. -->","yoast_head_json":{"title":"Sintered ptfe filter - Porous Plastic Filter Manufacturer China","description":"Erleben Sie erstklassige Filtration mit unseren gesinterten PTFE-Filtern. Diese Filter sind auf au\u00dfergew\u00f6hnliche chemische Best\u00e4ndigkeit und Haltbarkeit ausgelegt und bieten zuverl\u00e4ssige Leistung in anspruchsvollen Anwendungen. W\u00e4hlen Sie unsere PTFE-Filter f\u00fcr hochwertige, effiziente Filtration.","robots":{"index":"index","follow":"follow","max-snippet":"max-snippet:-1","max-image-preview":"max-image-preview:large","max-video-preview":"max-video-preview:-1"},"canonical":"https:\/\/lysinterfilter.com\/de\/manufacturer\/sintered-ptfe-filter\/","og_locale":"de_DE","og_type":"article","og_title":"Sintered ptfe filter - Porous Plastic Filter Manufacturer China","og_description":"Experience superior filtration with our sintered PTFE filters. Engineered for exceptional chemical resistance and durability, these filters provide reliable performance in demanding applications. Choose our PTFE filters for high-quality, efficient filtration.","og_url":"https:\/\/lysinterfilter.com\/de\/manufacturer\/sintered-ptfe-filter\/","og_site_name":"Porous Plastic Filter Manufacturer China","article_modified_time":"2026-03-02T02:12:22+00:00","og_image":[{"width":1024,"height":902,"url":"https:\/\/lysinterfilter.com\/wp-content\/uploads\/2024\/06\/ptfe.jpg","type":"image\/jpeg"}],"twitter_card":"summary_large_image","twitter_misc":{"Gesch\u00e4tzte Lesezeit":"2\u00a0Minuten"},"schema":{"@context":"https:\/\/schema.org","@graph":[{"@type":"WebPage","@id":"https:\/\/lysinterfilter.com\/manufacturer\/sintered-ptfe-filter\/","url":"https:\/\/lysinterfilter.com\/manufacturer\/sintered-ptfe-filter\/","name":"Sintered ptfe filter - Porous Plastic Filter Manufacturer China","isPartOf":{"@id":"https:\/\/lysinterfilter.com\/#website"},"primaryImageOfPage":{"@id":"https:\/\/lysinterfilter.com\/manufacturer\/sintered-ptfe-filter\/#primaryimage"},"image":{"@id":"https:\/\/lysinterfilter.com\/manufacturer\/sintered-ptfe-filter\/#primaryimage"},"thumbnailUrl":"https:\/\/lysinterfilter.com\/wp-content\/uploads\/2024\/06\/ptfe.jpg","datePublished":"2024-06-12T07:37:59+00:00","dateModified":"2026-03-02T02:12:22+00:00","description":"Erleben Sie erstklassige Filtration mit unseren gesinterten PTFE-Filtern. Diese Filter sind auf au\u00dfergew\u00f6hnliche chemische Best\u00e4ndigkeit und Haltbarkeit ausgelegt und bieten zuverl\u00e4ssige Leistung in anspruchsvollen Anwendungen. W\u00e4hlen Sie unsere PTFE-Filter f\u00fcr hochwertige, effiziente Filtration.","breadcrumb":{"@id":"https:\/\/lysinterfilter.com\/manufacturer\/sintered-ptfe-filter\/#breadcrumb"},"inLanguage":"de","potentialAction":[{"@type":"ReadAction","target":["https:\/\/lysinterfilter.com\/manufacturer\/sintered-ptfe-filter\/"]}]},{"@type":"ImageObject","inLanguage":"de","@id":"https:\/\/lysinterfilter.com\/manufacturer\/sintered-ptfe-filter\/#primaryimage","url":"https:\/\/lysinterfilter.com\/wp-content\/uploads\/2024\/06\/ptfe.jpg","contentUrl":"https:\/\/lysinterfilter.com\/wp-content\/uploads\/2024\/06\/ptfe.jpg","width":1024,"height":902,"caption":"{\"data\":{\"pictureId\":\"22286d90e45a479381e6d624e0c95c9c\",\"appversion\":\"14.0.0\",\"stickerId\":\"\",\"filterId\":\"\",\"infoStickerId\":\"\",\"imageEffectId\":\"\",\"playId\":\"\",\"activityName\":\"\",\"os\":\"android\",\"product\":\"retouch\",\"originAppId\":\"2515\",\"exportType\":\"\",\"editType\":\"\",\"alias\":\"VS9DpSw9gqS4Jpb71Fnap1XywdiFAjCz92KjNdO+SvFKIcu9JVK7iXVld0bAVUrNIghtAusIVBnNsSiVKCOjOrMRT5nprZJYp4gOyHIws\/5YwOb2sR4H44F11qv0U7iAKJPtuG1uT1e5kBinJa9vD2iBI4GDnY0Qbbfmeh9pX4Z31r29TXdpBQa+Lgw3NASVyWgjeSXlNaoBGp6huXp5s\/DiAy9xJn6y6U1b21MTXRv9NZar7I088WwPFl9yYdrs5u3nBFUZz3DfhON3+l0S35ps8sfI9XDMo0NXxAL0n\/RnrXgR6PCXmEKDZe204qigFvNIuUSQD9mCy\/fNLdMMHA==\",\"enterFrom\":\"enter_launch\",\"capability_key\":[\"erase\"],\"capability_extra_v2\":{\"erase\":[{\"panel\":\"eliminatePen\"}]},\"effect_type\":\"tool\",\"effect_id\":\"erase\"},\"source_type\":\"douyin_beauty_me\"}"},{"@type":"BreadcrumbList","@id":"https:\/\/lysinterfilter.com\/manufacturer\/sintered-ptfe-filter\/#breadcrumb","itemListElement":[{"@type":"ListItem","position":1,"name":"Home","item":"https:\/\/lysinterfilter.com\/"},{"@type":"ListItem","position":2,"name":"Products","item":"https:\/\/lysinterfilter.com\/shop\/"},{"@type":"ListItem","position":3,"name":"Sintered ptfe filter"}]},{"@type":"WebSite","@id":"https:\/\/lysinterfilter.com\/#website","url":"https:\/\/lysinterfilter.com\/","name":"Porous Plastic Filter Manufacturer China","description":"","potentialAction":[{"@type":"SearchAction","target":{"@type":"EntryPoint","urlTemplate":"https:\/\/lysinterfilter.com\/?s={search_term_string}"},"query-input":{"@type":"PropertyValueSpecification","valueRequired":true,"valueName":"search_term_string"}}],"inLanguage":"de"}]}},"_links":{"self":[{"href":"https:\/\/lysinterfilter.com\/de\/wp-json\/wp\/v2\/product\/2077","targetHints":{"allow":["GET"]}}],"collection":[{"href":"https:\/\/lysinterfilter.com\/de\/wp-json\/wp\/v2\/product"}],"about":[{"href":"https:\/\/lysinterfilter.com\/de\/wp-json\/wp\/v2\/types\/product"}],"wp:featuredmedia":[{"embeddable":true,"href":"https:\/\/lysinterfilter.com\/de\/wp-json\/wp\/v2\/media\/2667"}],"wp:attachment":[{"href":"https:\/\/lysinterfilter.com\/de\/wp-json\/wp\/v2\/media?parent=2077"}],"wp:term":[{"taxonomy":"product_brand","embeddable":true,"href":"https:\/\/lysinterfilter.com\/de\/wp-json\/wp\/v2\/product_brand?post=2077"},{"taxonomy":"product_cat","embeddable":true,"href":"https:\/\/lysinterfilter.com\/de\/wp-json\/wp\/v2\/product_cat?post=2077"},{"taxonomy":"product_tag","embeddable":true,"href":"https:\/\/lysinterfilter.com\/de\/wp-json\/wp\/v2\/product_tag?post=2077"}],"curies":[{"name":"wp","href":"https:\/\/api.w.org\/{rel}","templated":true}]}}