{"id":2066,"date":"2024-06-12T07:28:58","date_gmt":"2024-06-12T07:28:58","guid":{"rendered":"https:\/\/lysinterfilter.com\/?post_type=product&#038;p=2066"},"modified":"2026-02-27T06:26:36","modified_gmt":"2026-02-27T06:26:36","slug":"factory-price-porous-plastic-sintered-pa-membrane-filter-with-screw-connector","status":"publish","type":"product","link":"https:\/\/lysinterfilter.com\/de\/manufacturer\/factory-price-porous-plastic-sintered-pa-membrane-filter-with-screw-connector\/","title":{"rendered":"Fabrikpreis: Por\u00f6ser gesinterter PA-Filter aus Kunststoff mit Schraubverbinder"},"content":{"rendered":"<div class=\"row\"  id=\"row-1718454467\">\n\n\t<div id=\"col-1069101400\" class=\"col small-12 large-12\"  >\n\t\t\t\t<div class=\"col-inner\"  >\n\t\t\t\n\t\t\t\n<h2>Produktdetails<\/h2>\n<h4><strong>Einf\u00fchrung:<\/strong><\/h4>\n<p>Das PA-Sinterfilterelement besteht aus hochwertigem hochmolekularem Polyethylen als Hauptrohstoff und Kohlefaser durch Sintern nach wissenschaftlicher Formel. Kompakte Struktur, stark, geringes Gewicht, h\u00e4lt hohem Filtrationsdruck stand, ist ungiftig und geschmacksneutral und weist eine gute Korrosionsbest\u00e4ndigkeit gegen\u00fcber sauren und alkalischen L\u00f6sungsmitteln auf.<\/p>\n<h4><strong>Vorteil:<\/strong><\/h4>\n<p>1. Best\u00e4ndig gegen die Korrosion durch starke S\u00e4uren und starke Laugen und best\u00e4ndig gegen die Aufl\u00f6sung organischer L\u00f6sungsmittel;<br \/>\n2. Hervorragende Festigkeit und Verschlei\u00dffestigkeit gew\u00e4hrleisten eine lange Lebensdauer.<br \/>\n3. Die Oberfl\u00e4che des Au\u00dfenlichts erschwert das Anhaften von Verunreinigungen.<br \/>\n4. R\u00fccksp\u00fclen und R\u00fccksp\u00fclen sind einfach wiederzuverwenden;<br \/>\n5. Gute Z\u00e4higkeit, das Filterelement bricht nicht leicht;<br \/>\n6. Kein Dreschph\u00e4nomen, starke Druckbest\u00e4ndigkeit.<\/p>\n<h4><strong>Spezifikation:\u00a0\u00a0<\/strong><\/h4>\n<p>Durchmesser: \u222e20\u222e25\u222e30\u222e35\u222e38\u222e45\u222e50\u222e60<br \/>\nSteckergr\u00f6\u00dfe: M20-M22-M24-M26-M30<br \/>\nVerbindungsmaterial: Polypropylen, Edelstahl 316<br \/>\nL\u00e4nge: 5\u203310\u203320\u203330\u203340\u203360\u203380\u2033<br \/>\nFiltrationsgenauigkeit: 0,5 \u00b5m \u2013 100 \u00b5m<\/p>\n\t<div id=\"text-3673891610\" class=\"text\">\n\t\t\n<h3><strong>Fotos:<\/strong><\/h3>\n\t\t\n<style>\n#text-3673891610 {\n  text-align: left;\n}\n<\/style>\n\t<\/div>\n\t\n\t<div class=\"img has-hover x md-x lg-x y md-y lg-y\" id=\"image_345042451\">\n\t\t\t\t\t\t\t\t<div class=\"img-inner dark\" >\n\t\t\t<img loading=\"lazy\" decoding=\"async\" width=\"1024\" height=\"600\" src=\"https:\/\/lysinterfilter.com\/wp-content\/uploads\/2026\/02\/paa4.jpg\" class=\"attachment-original size-original\" alt=\"\" srcset=\"https:\/\/lysinterfilter.com\/wp-content\/uploads\/2026\/02\/paa4.jpg 1024w, https:\/\/lysinterfilter.com\/wp-content\/uploads\/2026\/02\/paa4-300x176.jpg 300w, https:\/\/lysinterfilter.com\/wp-content\/uploads\/2026\/02\/paa4-768x450.jpg 768w, https:\/\/lysinterfilter.com\/wp-content\/uploads\/2026\/02\/paa4-18x12.jpg 18w, https:\/\/lysinterfilter.com\/wp-content\/uploads\/2026\/02\/paa4-600x352.jpg 600w\" sizes=\"auto, (max-width: 1024px) 100vw, 1024px\" \/>\t\t\t\t\t\t\n\t\t\t\t\t<\/div>\n\t\t\t\t\t\t\t\t\n<style>\n#image_345042451 {\n  width: 100%;\n}\n<\/style>\n\t<\/div>\n\t\n\t\t<\/div>\n\t\t\t\t\t<\/div>\n\n\t\n\n\t<div id=\"col-214592743\" class=\"col small-12 large-12\"  >\n\t\t\t\t<div class=\"col-inner\"  >\n\t\t\t\n\t\t\t\n<h2>Anwendung<\/h2>\n\t<div class=\"img has-hover x md-x lg-x y md-y lg-y\" id=\"image_1902430222\">\n\t\t\t\t\t\t\t\t<div class=\"img-inner dark\" >\n\t\t\t<img loading=\"lazy\" decoding=\"async\" width=\"750\" height=\"350\" src=\"https:\/\/lysinterfilter.com\/wp-content\/uploads\/2024\/06\/Application.webp\" class=\"attachment-original size-original\" alt=\"\" srcset=\"https:\/\/lysinterfilter.com\/wp-content\/uploads\/2024\/06\/Application.webp 750w, https:\/\/lysinterfilter.com\/wp-content\/uploads\/2024\/06\/Application-300x140.webp 300w, https:\/\/lysinterfilter.com\/wp-content\/uploads\/2024\/06\/Application-18x8.webp 18w, https:\/\/lysinterfilter.com\/wp-content\/uploads\/2024\/06\/Application-600x280.webp 600w\" sizes=\"auto, (max-width: 750px) 100vw, 750px\" \/>\t\t\t\t\t\t\n\t\t\t\t\t<\/div>\n\t\t\t\t\t\t\t\t\n<style>\n#image_1902430222 {\n  width: 100%;\n}\n<\/style>\n\t<\/div>\n\t\n<p>A. Pharmazeutische Industrie<\/p>\n<p>(1)Gro\u00dfe Infusion von Wasser, Dekarbonisierung pharmazeutischer Zwischenprodukte<\/p>\n<p>Filtration; Fermentationsbr\u00fche, orale Fl\u00fcssigkeit<\/p>\n<p>(2)Pulveraktivkohle mit Entf\u00e4rbungsfilter (medizinische Fl\u00fcssigkeit<\/p>\n<p>Glukose, Antibiotika, synthetische Medizin, Zubereitung, chinesische Kr\u00e4utermedizin<\/p>\n<p>fl\u00fcssig,etd.)<\/p>\n<p>(3) Injektionsfl\u00fcssigkeit<\/p>\n<p>(4)Einspritzluftfilter<\/p>\n<p>(5) Injektionswaschflaschenwasser<\/p>\n<p>(6)Medizinische Alkoholfiltration<\/p>\n<p>B.Chemische Industrie<\/p>\n<p>(1) Filtern und Waschen von Aluminiumhydroxid<\/p>\n<p>(2) Filtern und Waschen des Palladiumkatalysators<\/p>\n<p>(3)Phosphorfilterung und -w\u00e4sche<\/p>\n<p>(4)Zinkcarbonatfilterung<\/p>\n<p>(5) Filtration der Natriumcarbonatl\u00f6sung<\/p>\n<p>(6) Filterung und Waschen von Bariumsulfat<\/p>\n<p>(7) Filterung und W\u00e4sche von Cadmiumsulfid<\/p>\n<p>C.Chemiefaser- und Textilindustrie<\/p>\n<p>(1)S\u00e4urebadfiltration<\/p>\n<p>(2) Schwefel- und Acryls\u00e4urereinigungsfiltration<\/p>\n<p>(3)Seidenwasser-Pr\u00e4zisionsfiltration<\/p>\n<p>D. Leichtindustrie und Lebensmittelindustrie<\/p>\n<p>(1)Sirupfiltration<\/p>\n<p>(2)Getr\u00e4nkefiltration<\/p>\n<p>(3) Wein- und Spiritusfiltration<\/p>\n<p>(4)Pr\u00e4zisionsfiltration von Pflanzen\u00f6l<\/p>\n<p>(5)Filtration \u00e4therischer \u00d6le<\/p>\n<p>(6)Mineralwasserfiltration<\/p>\n<p>E.Maschinen- und \u00d6lindustrie<\/p>\n<p>(1) Filtration der Beschichtungsl\u00f6sung<\/p>\n<p>(2)Pr\u00e4zisionsfiltration von Reinigungsfl\u00fcssigkeiten f\u00fcr Verbrennungsmotoren<\/p>\n<p>(3)\u00d6lfeldwaschfiltration<\/p>\n<p>(4)Elektroindustrie - Reinstwasseranlagen<\/p>\n<p>F. Abwasserbehandlung<\/p>\n<p>(1) Schwermetallhydroxid-Abwasserbehandlung<\/p>\n<p>(2) Abwasserbehandlung von Schwermetallgemischen<\/p>\n<p>(3) Chemische Abwasserbehandlung<\/p>\n<p>(4)Keramik-Abwasserbehandlung<\/p>\n<p>(5) Behandlung aluminiumhaltiger Abw\u00e4sser<\/p>\n<p>(6)Sonstige Abwasserbehandlung<\/p>\n\t\t<\/div>\n\t\t\t\t\t<\/div>\n\n\t\n\n\t<div id=\"col-1912261770\" class=\"col small-12 large-12\"  >\n\t\t\t\t<div class=\"col-inner\"  >\n\t\t\t\n\t\t\t\n<h2>Zertifizierungen<\/h2>\n\t<div class=\"img has-hover x md-x lg-x y md-y lg-y\" id=\"image_394141789\">\n\t\t\t\t\t\t\t\t<div class=\"img-inner dark\" >\n\t\t\t<img loading=\"lazy\" decoding=\"async\" width=\"750\" height=\"450\" src=\"https:\/\/lysinterfilter.com\/wp-content\/uploads\/2024\/06\/Certifications.webp\" class=\"attachment-original size-original\" alt=\"\" srcset=\"https:\/\/lysinterfilter.com\/wp-content\/uploads\/2024\/06\/Certifications.webp 750w, https:\/\/lysinterfilter.com\/wp-content\/uploads\/2024\/06\/Certifications-300x180.webp 300w, https:\/\/lysinterfilter.com\/wp-content\/uploads\/2024\/06\/Certifications-18x12.webp 18w, https:\/\/lysinterfilter.com\/wp-content\/uploads\/2024\/06\/Certifications-600x360.webp 600w\" sizes=\"auto, (max-width: 750px) 100vw, 750px\" \/>\t\t\t\t\t\t\n\t\t\t\t\t<\/div>\n\t\t\t\t\t\t\t\t\n<style>\n#image_394141789 {\n  width: 100%;\n}\n<\/style>\n\t<\/div>\n\t\n\t\t<\/div>\n\t\t\t\t\t<\/div>\n\n\t\n<\/div>","protected":false},"excerpt":{"rendered":"<ul>\n<li>Mindestbestellmenge:<span id=\"dr_show_hits_179\">1 St\u00fcck<\/span><\/li>\n<li>Angepasst: Akzeptiert<\/li>\n<li>Brand\uff1aOEM<\/li>\n<li>Lieferzeit: Innerhalb von 7 Tagen<\/li>\n<li>Zertifizierung: CE, ISO 9001<\/li>\n<li>E-Mail senden:<\/li>\n<li><a href=\"mailto:info@lysinterfilter.com\">info@lysinterfilter.com<\/a><\/li>\n<\/ul>","protected":false},"featured_media":2662,"template":"","meta":[],"product_brand":[],"product_cat":[43],"product_tag":[],"class_list":{"0":"post-2066","1":"product","2":"type-product","3":"status-publish","4":"has-post-thumbnail","6":"product_cat-pa-sintered-filter-cartridge","8":"first","9":"instock","10":"shipping-taxable","11":"product-type-simple"},"yoast_head":"<!-- This site is optimized with the Yoast SEO plugin v27.2 - https:\/\/yoast.com\/product\/yoast-seo-wordpress\/ -->\n<title>Factory Price Porous Plastic Sintered PA Filter with screw connector - Porous Plastic Filter Manufacturer China<\/title>\n<meta name=\"description\" content=\"Discover the efficiency of our PA filters. Engineered for durability and superior performance, these filters provide reliable filtration for various applications. Choose our PA filters for high-quality and effective contaminant removal.\" \/>\n<meta name=\"robots\" content=\"index, follow, max-snippet:-1, max-image-preview:large, max-video-preview:-1\" \/>\n<link rel=\"canonical\" href=\"https:\/\/lysinterfilter.com\/de\/manufacturer\/factory-price-porous-plastic-sintered-pa-membrane-filter-with-screw-connector\/\" \/>\n<meta property=\"og:locale\" content=\"de_DE\" \/>\n<meta property=\"og:type\" content=\"article\" \/>\n<meta property=\"og:title\" content=\"Factory Price Porous Plastic Sintered PA Filter with screw connector - Porous Plastic Filter Manufacturer China\" \/>\n<meta property=\"og:description\" content=\"Discover the efficiency of our PA filters. Engineered for durability and superior performance, these filters provide reliable filtration for various applications. Choose our PA filters for high-quality and effective contaminant removal.\" \/>\n<meta property=\"og:url\" content=\"https:\/\/lysinterfilter.com\/de\/manufacturer\/factory-price-porous-plastic-sintered-pa-membrane-filter-with-screw-connector\/\" \/>\n<meta property=\"og:site_name\" content=\"Porous Plastic Filter Manufacturer China\" \/>\n<meta property=\"article:modified_time\" content=\"2026-02-27T06:26:36+00:00\" \/>\n<meta property=\"og:image\" content=\"https:\/\/lysinterfilter.com\/wp-content\/uploads\/2024\/06\/paa.jpg\" \/>\n\t<meta property=\"og:image:width\" content=\"1024\" \/>\n\t<meta property=\"og:image:height\" content=\"902\" \/>\n\t<meta property=\"og:image:type\" content=\"image\/jpeg\" \/>\n<meta name=\"twitter:card\" content=\"summary_large_image\" \/>\n<meta name=\"twitter:label1\" content=\"Gesch\u00e4tzte Lesezeit\" \/>\n\t<meta name=\"twitter:data1\" content=\"2\u00a0Minuten\" \/>\n<script type=\"application\/ld+json\" class=\"yoast-schema-graph\">{\"@context\":\"https:\/\/schema.org\",\"@graph\":[{\"@type\":\"WebPage\",\"@id\":\"https:\/\/lysinterfilter.com\/manufacturer\/factory-price-porous-plastic-sintered-pa-membrane-filter-with-screw-connector\/\",\"url\":\"https:\/\/lysinterfilter.com\/manufacturer\/factory-price-porous-plastic-sintered-pa-membrane-filter-with-screw-connector\/\",\"name\":\"Factory Price Porous Plastic Sintered PA Filter with screw connector - Porous Plastic Filter Manufacturer China\",\"isPartOf\":{\"@id\":\"https:\/\/lysinterfilter.com\/#website\"},\"primaryImageOfPage\":{\"@id\":\"https:\/\/lysinterfilter.com\/manufacturer\/factory-price-porous-plastic-sintered-pa-membrane-filter-with-screw-connector\/#primaryimage\"},\"image\":{\"@id\":\"https:\/\/lysinterfilter.com\/manufacturer\/factory-price-porous-plastic-sintered-pa-membrane-filter-with-screw-connector\/#primaryimage\"},\"thumbnailUrl\":\"https:\/\/lysinterfilter.com\/wp-content\/uploads\/2024\/06\/paa.jpg\",\"datePublished\":\"2024-06-12T07:28:58+00:00\",\"dateModified\":\"2026-02-27T06:26:36+00:00\",\"description\":\"Discover the efficiency of our PA filters. Engineered for durability and superior performance, these filters provide reliable filtration for various applications. Choose our PA filters for high-quality and effective contaminant removal.\",\"breadcrumb\":{\"@id\":\"https:\/\/lysinterfilter.com\/manufacturer\/factory-price-porous-plastic-sintered-pa-membrane-filter-with-screw-connector\/#breadcrumb\"},\"inLanguage\":\"de\",\"potentialAction\":[{\"@type\":\"ReadAction\",\"target\":[\"https:\/\/lysinterfilter.com\/manufacturer\/factory-price-porous-plastic-sintered-pa-membrane-filter-with-screw-connector\/\"]}]},{\"@type\":\"ImageObject\",\"inLanguage\":\"de\",\"@id\":\"https:\/\/lysinterfilter.com\/manufacturer\/factory-price-porous-plastic-sintered-pa-membrane-filter-with-screw-connector\/#primaryimage\",\"url\":\"https:\/\/lysinterfilter.com\/wp-content\/uploads\/2024\/06\/paa.jpg\",\"contentUrl\":\"https:\/\/lysinterfilter.com\/wp-content\/uploads\/2024\/06\/paa.jpg\",\"width\":1024,\"height\":902,\"caption\":\"{\\\"data\\\":{\\\"pictureId\\\":\\\"5960cd75038c47639d2dcd968f3ac9b2\\\",\\\"appversion\\\":\\\"14.0.0\\\",\\\"stickerId\\\":\\\"\\\",\\\"filterId\\\":\\\"\\\",\\\"infoStickerId\\\":\\\"\\\",\\\"imageEffectId\\\":\\\"\\\",\\\"playId\\\":\\\"\\\",\\\"activityName\\\":\\\"\\\",\\\"os\\\":\\\"android\\\",\\\"product\\\":\\\"retouch\\\",\\\"originAppId\\\":\\\"2515\\\",\\\"exportType\\\":\\\"\\\",\\\"editType\\\":\\\"\\\",\\\"alias\\\":\\\"ccQ6nHZKEKCSnAPj2B+oeSnh6cpfcONySoecApXskDd1JpjDMrHeKQY45ddtDF72wevufyA055xQH2vkryoBxTe02VwMqEO1pq8lu7UJ9XZGW11Imql16qKR3qLYoEb3NgG9NstNlKxZfxiYlUWHuQGkSAeGi17nVSX2Py1NqdAG1e81W\/1cAhmBTpxw7e9ET7yqDY7I\/xgyFwLdo9A5JnSUbGWVfQU5Im\/ixueFYYcat8ki18sgSNeRex7fhKzdoDw7s1fWe84eV9YsXZ4SZCO\/lHnMFgUMvXNt3UBDOZX3ijdzvyJek+HddSevWQ4RIbM4s2016auHZyvzMXp7yg==\\\",\\\"enterFrom\\\":\\\"enter_launch\\\",\\\"capability_key\\\":[\\\"erase\\\"],\\\"capability_extra_v2\\\":{\\\"erase\\\":[{\\\"panel\\\":\\\"magic_eliminate\\\"}]},\\\"effect_type\\\":\\\"tool\\\",\\\"effect_id\\\":\\\"erase\\\"},\\\"source_type\\\":\\\"douyin_beauty_me\\\"}\"},{\"@type\":\"BreadcrumbList\",\"@id\":\"https:\/\/lysinterfilter.com\/manufacturer\/factory-price-porous-plastic-sintered-pa-membrane-filter-with-screw-connector\/#breadcrumb\",\"itemListElement\":[{\"@type\":\"ListItem\",\"position\":1,\"name\":\"Home\",\"item\":\"https:\/\/lysinterfilter.com\/\"},{\"@type\":\"ListItem\",\"position\":2,\"name\":\"Products\",\"item\":\"https:\/\/lysinterfilter.com\/shop\/\"},{\"@type\":\"ListItem\",\"position\":3,\"name\":\"Factory Price Porous Plastic Sintered PA Filter with screw connector\"}]},{\"@type\":\"WebSite\",\"@id\":\"https:\/\/lysinterfilter.com\/#website\",\"url\":\"https:\/\/lysinterfilter.com\/\",\"name\":\"Porous Plastic Filter Manufacturer China\",\"description\":\"\",\"potentialAction\":[{\"@type\":\"SearchAction\",\"target\":{\"@type\":\"EntryPoint\",\"urlTemplate\":\"https:\/\/lysinterfilter.com\/?s={search_term_string}\"},\"query-input\":{\"@type\":\"PropertyValueSpecification\",\"valueRequired\":true,\"valueName\":\"search_term_string\"}}],\"inLanguage\":\"de\"}]}<\/script>\n<!-- \/ Yoast SEO plugin. -->","yoast_head_json":{"title":"Factory Price Porous Plastic Sintered PA Filter with screw connector - Porous Plastic Filter Manufacturer China","description":"Entdecken Sie die Effizienz unserer PA-Filter. Diese auf Langlebigkeit und \u00fcberlegene Leistung ausgelegten Filter bieten zuverl\u00e4ssige Filterung f\u00fcr verschiedene Anwendungen. W\u00e4hlen Sie unsere PA-Filter f\u00fcr eine hochwertige und effektive Schadstoffentfernung.","robots":{"index":"index","follow":"follow","max-snippet":"max-snippet:-1","max-image-preview":"max-image-preview:large","max-video-preview":"max-video-preview:-1"},"canonical":"https:\/\/lysinterfilter.com\/de\/manufacturer\/factory-price-porous-plastic-sintered-pa-membrane-filter-with-screw-connector\/","og_locale":"de_DE","og_type":"article","og_title":"Factory Price Porous Plastic Sintered PA Filter with screw connector - Porous Plastic Filter Manufacturer China","og_description":"Discover the efficiency of our PA filters. Engineered for durability and superior performance, these filters provide reliable filtration for various applications. Choose our PA filters for high-quality and effective contaminant removal.","og_url":"https:\/\/lysinterfilter.com\/de\/manufacturer\/factory-price-porous-plastic-sintered-pa-membrane-filter-with-screw-connector\/","og_site_name":"Porous Plastic Filter Manufacturer China","article_modified_time":"2026-02-27T06:26:36+00:00","og_image":[{"width":1024,"height":902,"url":"https:\/\/lysinterfilter.com\/wp-content\/uploads\/2024\/06\/paa.jpg","type":"image\/jpeg"}],"twitter_card":"summary_large_image","twitter_misc":{"Gesch\u00e4tzte Lesezeit":"2\u00a0Minuten"},"schema":{"@context":"https:\/\/schema.org","@graph":[{"@type":"WebPage","@id":"https:\/\/lysinterfilter.com\/manufacturer\/factory-price-porous-plastic-sintered-pa-membrane-filter-with-screw-connector\/","url":"https:\/\/lysinterfilter.com\/manufacturer\/factory-price-porous-plastic-sintered-pa-membrane-filter-with-screw-connector\/","name":"Factory Price Porous Plastic Sintered PA Filter with screw connector - Porous Plastic Filter Manufacturer China","isPartOf":{"@id":"https:\/\/lysinterfilter.com\/#website"},"primaryImageOfPage":{"@id":"https:\/\/lysinterfilter.com\/manufacturer\/factory-price-porous-plastic-sintered-pa-membrane-filter-with-screw-connector\/#primaryimage"},"image":{"@id":"https:\/\/lysinterfilter.com\/manufacturer\/factory-price-porous-plastic-sintered-pa-membrane-filter-with-screw-connector\/#primaryimage"},"thumbnailUrl":"https:\/\/lysinterfilter.com\/wp-content\/uploads\/2024\/06\/paa.jpg","datePublished":"2024-06-12T07:28:58+00:00","dateModified":"2026-02-27T06:26:36+00:00","description":"Entdecken Sie die Effizienz unserer PA-Filter. Diese auf Langlebigkeit und \u00fcberlegene Leistung ausgelegten Filter bieten zuverl\u00e4ssige Filterung f\u00fcr verschiedene Anwendungen. W\u00e4hlen Sie unsere PA-Filter f\u00fcr eine hochwertige und effektive Schadstoffentfernung.","breadcrumb":{"@id":"https:\/\/lysinterfilter.com\/manufacturer\/factory-price-porous-plastic-sintered-pa-membrane-filter-with-screw-connector\/#breadcrumb"},"inLanguage":"de","potentialAction":[{"@type":"ReadAction","target":["https:\/\/lysinterfilter.com\/manufacturer\/factory-price-porous-plastic-sintered-pa-membrane-filter-with-screw-connector\/"]}]},{"@type":"ImageObject","inLanguage":"de","@id":"https:\/\/lysinterfilter.com\/manufacturer\/factory-price-porous-plastic-sintered-pa-membrane-filter-with-screw-connector\/#primaryimage","url":"https:\/\/lysinterfilter.com\/wp-content\/uploads\/2024\/06\/paa.jpg","contentUrl":"https:\/\/lysinterfilter.com\/wp-content\/uploads\/2024\/06\/paa.jpg","width":1024,"height":902,"caption":"{\"data\":{\"pictureId\":\"5960cd75038c47639d2dcd968f3ac9b2\",\"appversion\":\"14.0.0\",\"stickerId\":\"\",\"filterId\":\"\",\"infoStickerId\":\"\",\"imageEffectId\":\"\",\"playId\":\"\",\"activityName\":\"\",\"os\":\"android\",\"product\":\"retouch\",\"originAppId\":\"2515\",\"exportType\":\"\",\"editType\":\"\",\"alias\":\"ccQ6nHZKEKCSnAPj2B+oeSnh6cpfcONySoecApXskDd1JpjDMrHeKQY45ddtDF72wevufyA055xQH2vkryoBxTe02VwMqEO1pq8lu7UJ9XZGW11Imql16qKR3qLYoEb3NgG9NstNlKxZfxiYlUWHuQGkSAeGi17nVSX2Py1NqdAG1e81W\/1cAhmBTpxw7e9ET7yqDY7I\/xgyFwLdo9A5JnSUbGWVfQU5Im\/ixueFYYcat8ki18sgSNeRex7fhKzdoDw7s1fWe84eV9YsXZ4SZCO\/lHnMFgUMvXNt3UBDOZX3ijdzvyJek+HddSevWQ4RIbM4s2016auHZyvzMXp7yg==\",\"enterFrom\":\"enter_launch\",\"capability_key\":[\"erase\"],\"capability_extra_v2\":{\"erase\":[{\"panel\":\"magic_eliminate\"}]},\"effect_type\":\"tool\",\"effect_id\":\"erase\"},\"source_type\":\"douyin_beauty_me\"}"},{"@type":"BreadcrumbList","@id":"https:\/\/lysinterfilter.com\/manufacturer\/factory-price-porous-plastic-sintered-pa-membrane-filter-with-screw-connector\/#breadcrumb","itemListElement":[{"@type":"ListItem","position":1,"name":"Home","item":"https:\/\/lysinterfilter.com\/"},{"@type":"ListItem","position":2,"name":"Products","item":"https:\/\/lysinterfilter.com\/shop\/"},{"@type":"ListItem","position":3,"name":"Factory Price Porous Plastic Sintered PA Filter with screw connector"}]},{"@type":"WebSite","@id":"https:\/\/lysinterfilter.com\/#website","url":"https:\/\/lysinterfilter.com\/","name":"Porous Plastic Filter Manufacturer China","description":"","potentialAction":[{"@type":"SearchAction","target":{"@type":"EntryPoint","urlTemplate":"https:\/\/lysinterfilter.com\/?s={search_term_string}"},"query-input":{"@type":"PropertyValueSpecification","valueRequired":true,"valueName":"search_term_string"}}],"inLanguage":"de"}]}},"_links":{"self":[{"href":"https:\/\/lysinterfilter.com\/de\/wp-json\/wp\/v2\/product\/2066","targetHints":{"allow":["GET"]}}],"collection":[{"href":"https:\/\/lysinterfilter.com\/de\/wp-json\/wp\/v2\/product"}],"about":[{"href":"https:\/\/lysinterfilter.com\/de\/wp-json\/wp\/v2\/types\/product"}],"wp:featuredmedia":[{"embeddable":true,"href":"https:\/\/lysinterfilter.com\/de\/wp-json\/wp\/v2\/media\/2662"}],"wp:attachment":[{"href":"https:\/\/lysinterfilter.com\/de\/wp-json\/wp\/v2\/media?parent=2066"}],"wp:term":[{"taxonomy":"product_brand","embeddable":true,"href":"https:\/\/lysinterfilter.com\/de\/wp-json\/wp\/v2\/product_brand?post=2066"},{"taxonomy":"product_cat","embeddable":true,"href":"https:\/\/lysinterfilter.com\/de\/wp-json\/wp\/v2\/product_cat?post=2066"},{"taxonomy":"product_tag","embeddable":true,"href":"https:\/\/lysinterfilter.com\/de\/wp-json\/wp\/v2\/product_tag?post=2066"}],"curies":[{"name":"wp","href":"https:\/\/api.w.org\/{rel}","templated":true}]}}