{"id":2035,"date":"2024-06-11T08:47:16","date_gmt":"2024-06-11T08:47:16","guid":{"rendered":"https:\/\/lysinterfilter.com\/?post_type=product&#038;p=2035"},"modified":"2026-02-28T06:13:46","modified_gmt":"2026-02-28T06:13:46","slug":"self-sealing-filter","status":"publish","type":"product","link":"https:\/\/lysinterfilter.com\/de\/manufacturer\/self-sealing-filter\/","title":{"rendered":"Selbstdichtender Filter f\u00fcr arterielle Blutprobenentnahme"},"content":{"rendered":"<div class=\"row\"  id=\"row-989481696\">\n\n\t<div id=\"col-559870412\" class=\"col small-12 large-12\"  >\n\t\t\t\t<div class=\"col-inner\"  >\n\t\t\t\n\t\t\t\n<h2>Produktdetails<\/h2>\n<h4><strong>Einf\u00fchrung:<\/strong><\/h4>\n<p>Bei der Blutentnahme in Kliniken k\u00f6nnen selbstdichtende Filter in Verbindung mit arteriellen Blutentnahmeger\u00e4ten die Blutentnahme vereinfachen, den Kontakt der Blutprobe mit Luft verhindern und einen Gasaustausch zwischen Luft und Blut vermeiden.<\/p>\n<h4>Merkmale:<\/h4>\n<p>Hergestellt aus ultrareinem UHMW-PE-Material, keine Erythrozytenadh\u00e4sion, keine auslaugbaren Weichmacher, die die Testergebnisse beeinflussen k\u00f6nnten.<br \/>\nVereinfachung der Blutentnahme und Vermeidung des Gasaustauschs zwischen Luft und Blut.<\/p>\n<div class=\"row row-small align-equal\"  id=\"row-2066023299\">\n\n\t<div id=\"col-353571527\" class=\"col medium-6 small-12 large-6\"  >\n\t\t\t\t<div class=\"col-inner box-shadow-1\"  >\n\t\t\t\n\t\t\t\n\t<div class=\"box has-hover   has-hover box-text-bottom\" >\n\n\t\t<div class=\"box-image\" >\n\t\t\t\t\t\t<div class=\"\" >\n\t\t\t\t<img loading=\"lazy\" decoding=\"async\" width=\"400\" height=\"210\" src=\"https:\/\/lysinterfilter.com\/wp-content\/uploads\/2024\/06\/88.webp\" class=\"attachment-original size-original\" alt=\"\" srcset=\"https:\/\/lysinterfilter.com\/wp-content\/uploads\/2024\/06\/88.webp 400w, https:\/\/lysinterfilter.com\/wp-content\/uploads\/2024\/06\/88-300x158.webp 300w, https:\/\/lysinterfilter.com\/wp-content\/uploads\/2024\/06\/88-18x9.webp 18w\" sizes=\"auto, (max-width: 400px) 100vw, 400px\" \/>\t\t\t\t\t\t\t\t\t\t\t<\/div>\n\t\t\t\t\t<\/div>\n\n\t\t<div class=\"box-text text-center\" >\n\t\t\t<div class=\"box-text-inner\">\n\t\t\t\t\n\t<div id=\"text-1978421467\" class=\"text\">\n\t\t\n<p>Typische Gr\u00f6\u00dfe (f\u00fcr CF25-45)<br \/>\n\t\t\n<style>\n#text-1978421467 {\n  text-align: center;\n}\n<\/style>\n\t<\/div>\n\t\n\t\t\t<\/div>\n\t\t<\/div>\n\t<\/div>\n\t\n\t\t<\/div>\n\t\t\t\t\n<style>\n#col-353571527 > .col-inner {\n  padding: 10px 10px 10px 10px;\n}\n<\/style>\n\t<\/div>\n\n\t\n<\/div>\n<h3><strong>Fotos:<\/strong><\/h3>\n\t<div class=\"img has-hover x md-x lg-x y md-y lg-y\" id=\"image_1893867592\">\n\t\t\t\t\t\t\t\t<div class=\"img-inner dark\" >\n\t\t\t<img loading=\"lazy\" decoding=\"async\" width=\"1024\" height=\"898\" src=\"https:\/\/lysinterfilter.com\/wp-content\/uploads\/2024\/06\/bf.jpg\" class=\"attachment-original size-original\" alt=\"\" srcset=\"https:\/\/lysinterfilter.com\/wp-content\/uploads\/2024\/06\/bf.jpg 1024w, https:\/\/lysinterfilter.com\/wp-content\/uploads\/2024\/06\/bf-300x263.jpg 300w, https:\/\/lysinterfilter.com\/wp-content\/uploads\/2024\/06\/bf-768x674.jpg 768w, https:\/\/lysinterfilter.com\/wp-content\/uploads\/2024\/06\/bf-14x12.jpg 14w, https:\/\/lysinterfilter.com\/wp-content\/uploads\/2024\/06\/bf-600x526.jpg 600w\" sizes=\"auto, (max-width: 1024px) 100vw, 1024px\" \/>\t\t\t\t\t\t\n\t\t\t\t\t<\/div>\n\t\t\t\t\t\t\t\t\n<style>\n#image_1893867592 {\n  width: 100%;\n}\n<\/style>\n\t<\/div>\n\t\n<h3><strong>Bestellinformationen:<\/strong><\/h3>\n<div style=\"overflow: auto;\">\n<div style=\"overflow: auto;\">\n<div style=\"overflow: auto;\">\n<div style=\"overflow: auto;\">\n<table border=\"\u201d1\u2033\" width=\"\u201d3000px\u201d\" align=\"\u201dcenter\u201d\">\n<tbody>\n<tr style=\"background-color: #f2f2f2;\">\n<th style=\"border: 1px solid #dddddd; padding: 8px;\">Kat. #<\/th>\n<th style=\"border: 1px solid #dddddd; padding: 8px;\">Durchmesser<\/th>\n<th style=\"border: 1px solid #dddddd; padding: 8px;\">Dicke<\/th>\n<th style=\"border: 1px solid #dddddd; padding: 8px;\">Verwendung<\/th>\n<th style=\"border: 1px solid #dddddd; padding: 8px;\">Stk.<\/th>\n<\/tr>\n<tr style=\"background-color: #f2f2f2;\">\n<td style=\"border: 1px solid #dddddd; padding: 8px;\">LY-CF25-45<\/td>\n<td style=\"border: 1px solid #dddddd; padding: 8px;\">2.5 mm<\/td>\n<td style=\"border: 1px solid #dddddd; padding: 8px;\">4.5 mm<\/td>\n<td style=\"border: 1px solid #dddddd; padding: 8px;\">F\u00fcr arterielle Blutprobenentnahmeger\u00e4te<\/td>\n<td style=\"border: 1px solid #dddddd; padding: 8px;\">10.000 St\u00fcck\/Karton<\/td>\n<\/tr>\n<tr>\n<td style=\"border: 1px solid #dddddd; padding: 8px;\">Benutzerdefinierte Filter<\/td>\n<\/tr>\n<\/tbody>\n<\/table>\n<\/div>\n<\/div>\n<\/div>\n<\/div>\n\t\t<\/div>\n\t\t\t\t\t<\/div>\n\n\t\n\n\t<div id=\"col-1156305065\" class=\"col small-12 large-12\"  >\n\t\t\t\t<div class=\"col-inner\"  >\n\t\t\t\n\t\t\t\n<h2>Anwendung<\/h2>\n\t<div class=\"img has-hover x md-x lg-x y md-y lg-y\" id=\"image_1036137158\">\n\t\t\t\t\t\t\t\t<div class=\"img-inner dark\" >\n\t\t\t<img loading=\"lazy\" decoding=\"async\" width=\"750\" height=\"350\" src=\"https:\/\/lysinterfilter.com\/wp-content\/uploads\/2024\/06\/Application.webp\" class=\"attachment-original size-original\" alt=\"\" srcset=\"https:\/\/lysinterfilter.com\/wp-content\/uploads\/2024\/06\/Application.webp 750w, https:\/\/lysinterfilter.com\/wp-content\/uploads\/2024\/06\/Application-300x140.webp 300w, https:\/\/lysinterfilter.com\/wp-content\/uploads\/2024\/06\/Application-18x8.webp 18w, https:\/\/lysinterfilter.com\/wp-content\/uploads\/2024\/06\/Application-600x280.webp 600w\" sizes=\"auto, (max-width: 750px) 100vw, 750px\" \/>\t\t\t\t\t\t\n\t\t\t\t\t<\/div>\n\t\t\t\t\t\t\t\t\n<style>\n#image_1036137158 {\n  width: 100%;\n}\n<\/style>\n\t<\/div>\n\t\n<p>A. Pharmazeutische Industrie<\/p>\n<p>(1)Gro\u00dfe Infusion von Wasser, Dekarbonisierung pharmazeutischer Zwischenprodukte<\/p>\n<p>Filtration; Fermentationsbr\u00fche, orale Fl\u00fcssigkeit<\/p>\n<p>(2)Pulveraktivkohle mit Entf\u00e4rbungsfilter (medizinische Fl\u00fcssigkeit<\/p>\n<p>Glukose, Antibiotika, synthetische Medizin, Zubereitung, chinesische Kr\u00e4utermedizin<\/p>\n<p>fl\u00fcssig,etd.)<\/p>\n<p>(3) Injektionsfl\u00fcssigkeit<\/p>\n<p>(4)Einspritzluftfilter<\/p>\n<p>(5) Injektionswaschflaschenwasser<\/p>\n<p>(6)Medizinische Alkoholfiltration<\/p>\n<p>B.Chemische Industrie<\/p>\n<p>(1) Filtern und Waschen von Aluminiumhydroxid<\/p>\n<p>(2) Filtern und Waschen des Palladiumkatalysators<\/p>\n<p>(3)Phosphorfilterung und -w\u00e4sche<\/p>\n<p>(4)Zinkcarbonatfilterung<\/p>\n<p>(5) Filtration der Natriumcarbonatl\u00f6sung<\/p>\n<p>(6) Filterung und Waschen von Bariumsulfat<\/p>\n<p>(7) Filterung und W\u00e4sche von Cadmiumsulfid<\/p>\n<p>C.Chemiefaser- und Textilindustrie<\/p>\n<p>(1)S\u00e4urebadfiltration<\/p>\n<p>(2) Schwefel- und Acryls\u00e4urereinigungsfiltration<\/p>\n<p>(3)Seidenwasser-Pr\u00e4zisionsfiltration<\/p>\n<p>D. Leichtindustrie und Lebensmittelindustrie<\/p>\n<p>(1)Sirupfiltration<\/p>\n<p>(2)Getr\u00e4nkefiltration<\/p>\n<p>(3) Wein- und Spiritusfiltration<\/p>\n<p>(4)Pr\u00e4zisionsfiltration von Pflanzen\u00f6l<\/p>\n<p>(5)Filtration \u00e4therischer \u00d6le<\/p>\n<p>(6)Mineralwasserfiltration<\/p>\n<p>E.Maschinen- und \u00d6lindustrie<\/p>\n<p>(1) Filtration der Beschichtungsl\u00f6sung<\/p>\n<p>(2)Pr\u00e4zisionsfiltration von Reinigungsfl\u00fcssigkeiten f\u00fcr Verbrennungsmotoren<\/p>\n<p>(3)\u00d6lfeldwaschfiltration<\/p>\n<p>(4)Elektroindustrie - Reinstwasseranlagen<\/p>\n<p>F. Abwasserbehandlung<\/p>\n<p>(1) Schwermetallhydroxid-Abwasserbehandlung<\/p>\n<p>(2) Abwasserbehandlung von Schwermetallgemischen<\/p>\n<p>(3) Chemische Abwasserbehandlung<\/p>\n<p>(4)Keramik-Abwasserbehandlung<\/p>\n<p>(5) Behandlung aluminiumhaltiger Abw\u00e4sser<\/p>\n<p>(6)Sonstige Abwasserbehandlung<\/p>\n\t\t<\/div>\n\t\t\t\t\t<\/div>\n\n\t\n\n\t<div id=\"col-1971114963\" class=\"col small-12 large-12\"  >\n\t\t\t\t<div class=\"col-inner\"  >\n\t\t\t\n\t\t\t\n<h2>Zertifizierungen<\/h2>\n\t<div class=\"img has-hover x md-x lg-x y md-y lg-y\" id=\"image_1163227233\">\n\t\t\t\t\t\t\t\t<div class=\"img-inner dark\" >\n\t\t\t<img loading=\"lazy\" decoding=\"async\" width=\"750\" height=\"450\" src=\"https:\/\/lysinterfilter.com\/wp-content\/uploads\/2024\/06\/Certifications.webp\" class=\"attachment-original size-original\" alt=\"\" srcset=\"https:\/\/lysinterfilter.com\/wp-content\/uploads\/2024\/06\/Certifications.webp 750w, https:\/\/lysinterfilter.com\/wp-content\/uploads\/2024\/06\/Certifications-300x180.webp 300w, https:\/\/lysinterfilter.com\/wp-content\/uploads\/2024\/06\/Certifications-18x12.webp 18w, https:\/\/lysinterfilter.com\/wp-content\/uploads\/2024\/06\/Certifications-600x360.webp 600w\" sizes=\"auto, (max-width: 750px) 100vw, 750px\" \/>\t\t\t\t\t\t\n\t\t\t\t\t<\/div>\n\t\t\t\t\t\t\t\t\n<style>\n#image_1163227233 {\n  width: 100%;\n}\n<\/style>\n\t<\/div>\n\t\n\t\t<\/div>\n\t\t\t\t\t<\/div>\n\n\t\n<\/div>","protected":false},"excerpt":{"rendered":"<ul>\n<li>Mindestbestellmenge:<span id=\"dr_show_hits_179\">1 St\u00fcck<\/span><\/li>\n<li>Angepasst: Akzeptiert<\/li>\n<li>Brand\uff1aOEM<\/li>\n<li>Lieferzeit: Innerhalb von 7 Tagen<\/li>\n<li>Zertifizierung: CE, ISO 9001<\/li>\n<li>E-Mail senden:<\/li>\n<li><a href=\"mailto:info@lysinterfilter.com\">info@lysinterfilter.com<\/a><\/li>\n<\/ul>","protected":false},"featured_media":2690,"template":"","meta":[],"product_brand":[],"product_cat":[40],"product_tag":[],"class_list":{"0":"post-2035","1":"product","2":"type-product","3":"status-publish","4":"has-post-thumbnail","6":"product_cat-medical-filters","8":"first","9":"instock","10":"shipping-taxable","11":"product-type-simple"},"yoast_head":"<!-- This site is optimized with the Yoast SEO plugin v27.2 - https:\/\/yoast.com\/product\/yoast-seo-wordpress\/ -->\n<title>Self-Sealing Filter for Arterial Blood Samplers - Porous Plastic Filter Manufacturer China<\/title>\n<meta name=\"description\" content=\"Discover the benefits of our self-sealing filters, designed for easy installation and superior filtration. Ensure airtight seals and reliable performance in various applications with our innovative self-sealing filters. Choose quality and convenience today.\" \/>\n<meta name=\"robots\" content=\"index, follow, max-snippet:-1, max-image-preview:large, max-video-preview:-1\" \/>\n<link rel=\"canonical\" href=\"https:\/\/lysinterfilter.com\/de\/manufacturer\/self-sealing-filter\/\" \/>\n<meta property=\"og:locale\" content=\"de_DE\" \/>\n<meta property=\"og:type\" content=\"article\" \/>\n<meta property=\"og:title\" content=\"Self-Sealing Filter for Arterial Blood Samplers - Porous Plastic Filter Manufacturer China\" \/>\n<meta property=\"og:description\" content=\"Discover the benefits of our self-sealing filters, designed for easy installation and superior filtration. Ensure airtight seals and reliable performance in various applications with our innovative self-sealing filters. Choose quality and convenience today.\" \/>\n<meta property=\"og:url\" content=\"https:\/\/lysinterfilter.com\/de\/manufacturer\/self-sealing-filter\/\" \/>\n<meta property=\"og:site_name\" content=\"Porous Plastic Filter Manufacturer China\" \/>\n<meta property=\"article:modified_time\" content=\"2026-02-28T06:13:46+00:00\" \/>\n<meta property=\"og:image\" content=\"https:\/\/lysinterfilter.com\/wp-content\/uploads\/2024\/06\/bf.jpg\" \/>\n\t<meta property=\"og:image:width\" content=\"1024\" \/>\n\t<meta property=\"og:image:height\" content=\"898\" \/>\n\t<meta property=\"og:image:type\" content=\"image\/jpeg\" \/>\n<meta name=\"twitter:card\" content=\"summary_large_image\" \/>\n<meta name=\"twitter:label1\" content=\"Gesch\u00e4tzte Lesezeit\" \/>\n\t<meta name=\"twitter:data1\" content=\"2\u00a0Minuten\" \/>\n<script type=\"application\/ld+json\" class=\"yoast-schema-graph\">{\"@context\":\"https:\/\/schema.org\",\"@graph\":[{\"@type\":\"WebPage\",\"@id\":\"https:\/\/lysinterfilter.com\/manufacturer\/self-sealing-filter\/\",\"url\":\"https:\/\/lysinterfilter.com\/manufacturer\/self-sealing-filter\/\",\"name\":\"Self-Sealing Filter for Arterial Blood Samplers - Porous Plastic Filter Manufacturer China\",\"isPartOf\":{\"@id\":\"https:\/\/lysinterfilter.com\/#website\"},\"primaryImageOfPage\":{\"@id\":\"https:\/\/lysinterfilter.com\/manufacturer\/self-sealing-filter\/#primaryimage\"},\"image\":{\"@id\":\"https:\/\/lysinterfilter.com\/manufacturer\/self-sealing-filter\/#primaryimage\"},\"thumbnailUrl\":\"https:\/\/lysinterfilter.com\/wp-content\/uploads\/2024\/06\/bf.jpg\",\"datePublished\":\"2024-06-11T08:47:16+00:00\",\"dateModified\":\"2026-02-28T06:13:46+00:00\",\"description\":\"Discover the benefits of our self-sealing filters, designed for easy installation and superior filtration. Ensure airtight seals and reliable performance in various applications with our innovative self-sealing filters. Choose quality and convenience today.\",\"breadcrumb\":{\"@id\":\"https:\/\/lysinterfilter.com\/manufacturer\/self-sealing-filter\/#breadcrumb\"},\"inLanguage\":\"de\",\"potentialAction\":[{\"@type\":\"ReadAction\",\"target\":[\"https:\/\/lysinterfilter.com\/manufacturer\/self-sealing-filter\/\"]}]},{\"@type\":\"ImageObject\",\"inLanguage\":\"de\",\"@id\":\"https:\/\/lysinterfilter.com\/manufacturer\/self-sealing-filter\/#primaryimage\",\"url\":\"https:\/\/lysinterfilter.com\/wp-content\/uploads\/2024\/06\/bf.jpg\",\"contentUrl\":\"https:\/\/lysinterfilter.com\/wp-content\/uploads\/2024\/06\/bf.jpg\",\"width\":1024,\"height\":898,\"caption\":\"{\\\"data\\\":{\\\"pictureId\\\":\\\"9f116a5459f14422bda2d5796dc3590a\\\",\\\"appversion\\\":\\\"14.0.0\\\",\\\"stickerId\\\":\\\"\\\",\\\"filterId\\\":\\\"\\\",\\\"infoStickerId\\\":\\\"\\\",\\\"imageEffectId\\\":\\\"\\\",\\\"playId\\\":\\\"\\\",\\\"activityName\\\":\\\"\\\",\\\"os\\\":\\\"android\\\",\\\"product\\\":\\\"retouch\\\",\\\"originAppId\\\":\\\"2515\\\",\\\"exportType\\\":\\\"\\\",\\\"editType\\\":\\\"\\\",\\\"alias\\\":\\\"\\\",\\\"enterFrom\\\":\\\"enter_launch\\\",\\\"capability_key\\\":[\\\"erase\\\"],\\\"capability_extra_v2\\\":{\\\"erase\\\":[{\\\"panel\\\":\\\"eliminatePen\\\"}]},\\\"effect_type\\\":\\\"tool\\\",\\\"effect_id\\\":\\\"erase\\\"},\\\"source_type\\\":\\\"douyin_beauty_me\\\"}\"},{\"@type\":\"BreadcrumbList\",\"@id\":\"https:\/\/lysinterfilter.com\/manufacturer\/self-sealing-filter\/#breadcrumb\",\"itemListElement\":[{\"@type\":\"ListItem\",\"position\":1,\"name\":\"Home\",\"item\":\"https:\/\/lysinterfilter.com\/\"},{\"@type\":\"ListItem\",\"position\":2,\"name\":\"Products\",\"item\":\"https:\/\/lysinterfilter.com\/shop\/\"},{\"@type\":\"ListItem\",\"position\":3,\"name\":\"Self-Sealing Filter for Arterial Blood Samplers\"}]},{\"@type\":\"WebSite\",\"@id\":\"https:\/\/lysinterfilter.com\/#website\",\"url\":\"https:\/\/lysinterfilter.com\/\",\"name\":\"Porous Plastic Filter Manufacturer China\",\"description\":\"\",\"potentialAction\":[{\"@type\":\"SearchAction\",\"target\":{\"@type\":\"EntryPoint\",\"urlTemplate\":\"https:\/\/lysinterfilter.com\/?s={search_term_string}\"},\"query-input\":{\"@type\":\"PropertyValueSpecification\",\"valueRequired\":true,\"valueName\":\"search_term_string\"}}],\"inLanguage\":\"de\"}]}<\/script>\n<!-- \/ Yoast SEO plugin. -->","yoast_head_json":{"title":"Self-Sealing Filter for Arterial Blood Samplers - Porous Plastic Filter Manufacturer China","description":"Entdecken Sie die Vorteile unserer selbstdichtenden Filter, die f\u00fcr eine einfache Installation und hervorragende Filterleistung konzipiert sind. Sorgen Sie mit unseren innovativen selbstdichtenden Filtern f\u00fcr luftdichte Abdichtungen und zuverl\u00e4ssige Leistung in verschiedenen Anwendungen. Entscheiden Sie sich noch heute f\u00fcr Qualit\u00e4t und Komfort.","robots":{"index":"index","follow":"follow","max-snippet":"max-snippet:-1","max-image-preview":"max-image-preview:large","max-video-preview":"max-video-preview:-1"},"canonical":"https:\/\/lysinterfilter.com\/de\/manufacturer\/self-sealing-filter\/","og_locale":"de_DE","og_type":"article","og_title":"Self-Sealing Filter for Arterial Blood Samplers - Porous Plastic Filter Manufacturer China","og_description":"Discover the benefits of our self-sealing filters, designed for easy installation and superior filtration. Ensure airtight seals and reliable performance in various applications with our innovative self-sealing filters. Choose quality and convenience today.","og_url":"https:\/\/lysinterfilter.com\/de\/manufacturer\/self-sealing-filter\/","og_site_name":"Porous Plastic Filter Manufacturer China","article_modified_time":"2026-02-28T06:13:46+00:00","og_image":[{"width":1024,"height":898,"url":"https:\/\/lysinterfilter.com\/wp-content\/uploads\/2024\/06\/bf.jpg","type":"image\/jpeg"}],"twitter_card":"summary_large_image","twitter_misc":{"Gesch\u00e4tzte Lesezeit":"2\u00a0Minuten"},"schema":{"@context":"https:\/\/schema.org","@graph":[{"@type":"WebPage","@id":"https:\/\/lysinterfilter.com\/manufacturer\/self-sealing-filter\/","url":"https:\/\/lysinterfilter.com\/manufacturer\/self-sealing-filter\/","name":"Self-Sealing Filter for Arterial Blood Samplers - Porous Plastic Filter Manufacturer China","isPartOf":{"@id":"https:\/\/lysinterfilter.com\/#website"},"primaryImageOfPage":{"@id":"https:\/\/lysinterfilter.com\/manufacturer\/self-sealing-filter\/#primaryimage"},"image":{"@id":"https:\/\/lysinterfilter.com\/manufacturer\/self-sealing-filter\/#primaryimage"},"thumbnailUrl":"https:\/\/lysinterfilter.com\/wp-content\/uploads\/2024\/06\/bf.jpg","datePublished":"2024-06-11T08:47:16+00:00","dateModified":"2026-02-28T06:13:46+00:00","description":"Entdecken Sie die Vorteile unserer selbstdichtenden Filter, die f\u00fcr eine einfache Installation und hervorragende Filterleistung konzipiert sind. Sorgen Sie mit unseren innovativen selbstdichtenden Filtern f\u00fcr luftdichte Abdichtungen und zuverl\u00e4ssige Leistung in verschiedenen Anwendungen. Entscheiden Sie sich noch heute f\u00fcr Qualit\u00e4t und Komfort.","breadcrumb":{"@id":"https:\/\/lysinterfilter.com\/manufacturer\/self-sealing-filter\/#breadcrumb"},"inLanguage":"de","potentialAction":[{"@type":"ReadAction","target":["https:\/\/lysinterfilter.com\/manufacturer\/self-sealing-filter\/"]}]},{"@type":"ImageObject","inLanguage":"de","@id":"https:\/\/lysinterfilter.com\/manufacturer\/self-sealing-filter\/#primaryimage","url":"https:\/\/lysinterfilter.com\/wp-content\/uploads\/2024\/06\/bf.jpg","contentUrl":"https:\/\/lysinterfilter.com\/wp-content\/uploads\/2024\/06\/bf.jpg","width":1024,"height":898,"caption":"{\"data\":{\"pictureId\":\"9f116a5459f14422bda2d5796dc3590a\",\"appversion\":\"14.0.0\",\"stickerId\":\"\",\"filterId\":\"\",\"infoStickerId\":\"\",\"imageEffectId\":\"\",\"playId\":\"\",\"activityName\":\"\",\"os\":\"android\",\"product\":\"retouch\",\"originAppId\":\"2515\",\"exportType\":\"\",\"editType\":\"\",\"alias\":\"\",\"enterFrom\":\"enter_launch\",\"capability_key\":[\"erase\"],\"capability_extra_v2\":{\"erase\":[{\"panel\":\"eliminatePen\"}]},\"effect_type\":\"tool\",\"effect_id\":\"erase\"},\"source_type\":\"douyin_beauty_me\"}"},{"@type":"BreadcrumbList","@id":"https:\/\/lysinterfilter.com\/manufacturer\/self-sealing-filter\/#breadcrumb","itemListElement":[{"@type":"ListItem","position":1,"name":"Home","item":"https:\/\/lysinterfilter.com\/"},{"@type":"ListItem","position":2,"name":"Products","item":"https:\/\/lysinterfilter.com\/shop\/"},{"@type":"ListItem","position":3,"name":"Self-Sealing Filter for Arterial Blood Samplers"}]},{"@type":"WebSite","@id":"https:\/\/lysinterfilter.com\/#website","url":"https:\/\/lysinterfilter.com\/","name":"Porous Plastic Filter Manufacturer China","description":"","potentialAction":[{"@type":"SearchAction","target":{"@type":"EntryPoint","urlTemplate":"https:\/\/lysinterfilter.com\/?s={search_term_string}"},"query-input":{"@type":"PropertyValueSpecification","valueRequired":true,"valueName":"search_term_string"}}],"inLanguage":"de"}]}},"_links":{"self":[{"href":"https:\/\/lysinterfilter.com\/de\/wp-json\/wp\/v2\/product\/2035","targetHints":{"allow":["GET"]}}],"collection":[{"href":"https:\/\/lysinterfilter.com\/de\/wp-json\/wp\/v2\/product"}],"about":[{"href":"https:\/\/lysinterfilter.com\/de\/wp-json\/wp\/v2\/types\/product"}],"wp:featuredmedia":[{"embeddable":true,"href":"https:\/\/lysinterfilter.com\/de\/wp-json\/wp\/v2\/media\/2690"}],"wp:attachment":[{"href":"https:\/\/lysinterfilter.com\/de\/wp-json\/wp\/v2\/media?parent=2035"}],"wp:term":[{"taxonomy":"product_brand","embeddable":true,"href":"https:\/\/lysinterfilter.com\/de\/wp-json\/wp\/v2\/product_brand?post=2035"},{"taxonomy":"product_cat","embeddable":true,"href":"https:\/\/lysinterfilter.com\/de\/wp-json\/wp\/v2\/product_cat?post=2035"},{"taxonomy":"product_tag","embeddable":true,"href":"https:\/\/lysinterfilter.com\/de\/wp-json\/wp\/v2\/product_tag?post=2035"}],"curies":[{"name":"wp","href":"https:\/\/api.w.org\/{rel}","templated":true}]}}