{"id":2023,"date":"2024-06-11T08:15:34","date_gmt":"2024-06-11T08:15:34","guid":{"rendered":"https:\/\/lysinterfilter.com\/?post_type=product&#038;p=2023"},"modified":"2026-02-28T07:00:02","modified_gmt":"2026-02-28T07:00:02","slug":"self-sealing-filters-for-iv-catheters","status":"publish","type":"product","link":"https:\/\/lysinterfilter.com\/de\/manufacturer\/self-sealing-filters-for-iv-catheters\/","title":{"rendered":"Selbstdichtende Filter f\u00fcr IV-Katheter"},"content":{"rendered":"<div class=\"row\"  id=\"row-1754538050\">\n\n\t<div id=\"col-2095739933\" class=\"col small-12 large-12\"  >\n\t\t\t\t<div class=\"col-inner\"  >\n\t\t\t\n\t\t\t\n<h2>Produktdetails<\/h2>\n<h4><strong>Einf\u00fchrung:<\/strong><\/h4>\n<p>Selbstdichtende Filter werden mit IV-Kathetern verwendet, um die Venen der Patienten zu sch\u00fctzen, ihre Schmerzen bei wiederholter Venenpunktion zu lindern und die Effizienz des medizinischen Personals zu verbessern.<\/p>\n<h4><strong>Merkmale:<\/strong><\/h4>\n<p>Hergestellt aus ultrareinem UHMW-PE-Material mit ausgezeichneter Biokompatibilit\u00e4t.<\/p>\n<p>Hochpr\u00e4zise Anpassung, die eine perfekte Passform zwischen Filtern und Kathetern gew\u00e4hrleistet.<\/p>\n<div class=\"row row-small\"  id=\"row-905536991\">\n\n\t<div id=\"col-135957670\" class=\"col medium-6 small-12 large-6\"  >\n\t\t\t\t<div class=\"col-inner\"  >\n\t\t\t\n\t\t\t\n\t<div class=\"box has-hover   has-hover box-text-bottom\" >\n\n\t\t<div class=\"box-image\" >\n\t\t\t\t\t\t<div class=\"\" >\n\t\t\t\t<img loading=\"lazy\" decoding=\"async\" width=\"300\" height=\"210\" src=\"https:\/\/lysinterfilter.com\/wp-content\/uploads\/2024\/06\/86.webp\" class=\"attachment-original size-original\" alt=\"\" srcset=\"https:\/\/lysinterfilter.com\/wp-content\/uploads\/2024\/06\/86.webp 300w, https:\/\/lysinterfilter.com\/wp-content\/uploads\/2024\/06\/86-18x12.webp 18w\" sizes=\"auto, (max-width: 300px) 100vw, 300px\" \/>\t\t\t\t\t\t\t\t\t\t\t<\/div>\n\t\t\t\t\t<\/div>\n\n\t\t<div class=\"box-text text-center\" >\n\t\t\t<div class=\"box-text-inner\">\n\t\t\t\t\n\t<div id=\"text-3969697025\" class=\"text\">\n\t\t\n<p>Typische Gr\u00f6\u00dfe (f\u00fcr LY-IFD044-95-X)<br \/>\n\t\t\n<style>\n#text-3969697025 {\n  text-align: left;\n}\n<\/style>\n\t<\/div>\n\t\n\t\t\t<\/div>\n\t\t<\/div>\n\t<\/div>\n\t\n\t\t<\/div>\n\t\t\t\t\t<\/div>\n\n\t\n\n\t<div id=\"col-1053509727\" class=\"col medium-5 small-12 large-5\"  >\n\t\t\t\t<div class=\"col-inner\"  >\n\t\t\t\n\t\t\t\n\t<div class=\"box has-hover   has-hover box-text-bottom\" >\n\n\t\t<div class=\"box-image\" >\n\t\t\t\t\t\t<div class=\"\" >\n\t\t\t\t<img loading=\"lazy\" decoding=\"async\" width=\"1024\" height=\"898\" src=\"https:\/\/lysinterfilter.com\/wp-content\/uploads\/2024\/06\/sc2.jpg\" class=\"attachment-original size-original\" alt=\"\" srcset=\"https:\/\/lysinterfilter.com\/wp-content\/uploads\/2024\/06\/sc2.jpg 1024w, https:\/\/lysinterfilter.com\/wp-content\/uploads\/2024\/06\/sc2-300x263.jpg 300w, https:\/\/lysinterfilter.com\/wp-content\/uploads\/2024\/06\/sc2-768x674.jpg 768w, https:\/\/lysinterfilter.com\/wp-content\/uploads\/2024\/06\/sc2-14x12.jpg 14w, https:\/\/lysinterfilter.com\/wp-content\/uploads\/2024\/06\/sc2-600x526.jpg 600w\" sizes=\"auto, (max-width: 1024px) 100vw, 1024px\" \/>\t\t\t\t\t\t\t\t\t\t\t<\/div>\n\t\t\t\t\t<\/div>\n\n\t\t<div class=\"box-text text-center\" >\n\t\t\t<div class=\"box-text-inner\">\n\t\t\t\t\n\t<div id=\"text-3170684606\" class=\"text\">\n\t\t\n<p>IV-Katheter mit selbstdichtenden Filtern<br \/>\n\t\t\n<style>\n#text-3170684606 {\n  text-align: left;\n}\n<\/style>\n\t<\/div>\n\t\n\t\t\t<\/div>\n\t\t<\/div>\n\t<\/div>\n\t\n\t\t<\/div>\n\t\t\t\t\t<\/div>\n\n\t\n<\/div>\n<h3><strong>Fotos:<\/strong><\/h3>\n\t<div class=\"img has-hover x md-x lg-x y md-y lg-y\" id=\"image_390700435\">\n\t\t\t\t\t\t\t\t<div class=\"img-inner dark\" >\n\t\t\t<img loading=\"lazy\" decoding=\"async\" width=\"1024\" height=\"600\" src=\"https:\/\/lysinterfilter.com\/wp-content\/uploads\/2024\/06\/sc4.jpg\" class=\"attachment-original size-original\" alt=\"\" srcset=\"https:\/\/lysinterfilter.com\/wp-content\/uploads\/2024\/06\/sc4.jpg 1024w, https:\/\/lysinterfilter.com\/wp-content\/uploads\/2024\/06\/sc4-300x176.jpg 300w, https:\/\/lysinterfilter.com\/wp-content\/uploads\/2024\/06\/sc4-768x450.jpg 768w, https:\/\/lysinterfilter.com\/wp-content\/uploads\/2024\/06\/sc4-18x12.jpg 18w, https:\/\/lysinterfilter.com\/wp-content\/uploads\/2024\/06\/sc4-600x352.jpg 600w\" sizes=\"auto, (max-width: 1024px) 100vw, 1024px\" \/>\t\t\t\t\t\t\n\t\t\t\t\t<\/div>\n\t\t\t\t\t\t\t\t\n<style>\n#image_390700435 {\n  width: 100%;\n}\n<\/style>\n\t<\/div>\n\t\n<h3><strong>Bestellinformationen:<\/strong><\/h3>\n<div style=\"overflow: auto;\">\n<div style=\"overflow: auto;\">\n\t\t<\/div>\n\t\t\t\t\t<\/div>\n\n\t\n\n\t<div id=\"col-1887574550\" class=\"col small-12 large-12\"  >\n\t\t\t\t<div class=\"col-inner\"  >\n\t\t\t\n\t\t\t\n<p>Anwendung<\/p>\n\t<div class=\"img has-hover x md-x lg-x y md-y lg-y\" id=\"image_987012022\">\n\t\t\t\t\t\t\t\t<div class=\"img-inner dark\" >\n\t\t\t<img loading=\"lazy\" decoding=\"async\" width=\"750\" height=\"350\" src=\"https:\/\/lysinterfilter.com\/wp-content\/uploads\/2024\/06\/Application.webp\" class=\"attachment-original size-original\" alt=\"\" srcset=\"https:\/\/lysinterfilter.com\/wp-content\/uploads\/2024\/06\/Application.webp 750w, https:\/\/lysinterfilter.com\/wp-content\/uploads\/2024\/06\/Application-300x140.webp 300w, https:\/\/lysinterfilter.com\/wp-content\/uploads\/2024\/06\/Application-18x8.webp 18w, https:\/\/lysinterfilter.com\/wp-content\/uploads\/2024\/06\/Application-600x280.webp 600w\" sizes=\"auto, (max-width: 750px) 100vw, 750px\" \/>\t\t\t\t\t\t\n\t\t\t\t\t<\/div>\n\t\t\t\t\t\t\t\t\n<style>\n#image_987012022 {\n  width: 100%;\n}\n<\/style>\n\t<\/div>\n\t\n<p>A.Pharmaceutical Industry(1)Large infusion of water, pharmaceutical intermediates decarbonization filtration; fermentation broth, oral liquid(2)Powder activated carbon with decolorization filter(medicinal liquid glucose,antibiotics,synthetic medicine,preparation,Chinese herbal medicine liquid,etd.)(3)Injection liquid(4)Injection air filter(5)Injection washing bottle water(6)Medical liquor filtrationB.Chemical Industry(1)Aluminum hydroxide filtering and washing(2)Palladium catalyst filtering and washing(3)Phosphor filtering and washing(4)Zinc carbonate filtering(5)Sodium carbonate solution filtration(6)Barium sulfate filtering and washing(7)Cadmium sulfide filtering and washingC.Chemical fiber &amp; textile industry(1)Acid bath filtration(2)Sulfur and acrylic acid purification filtration(3)Silk water precifion filtrationD.Light industry and food industry(1)Syrup filtration(2)Drink filtration(3)Wine and white spirit filtration(4)Vegetable oil precision filtration(5)Essential oil filtration(6)Mineral water filtrationE.Machinery and Oil industry(1)Plating solution filtration(2)Internal combustion engine cleaning fluid precision filtration(3)Oil field washing filtration(4)Electrical industry ultra-pure water equipmentF.Waste water treatment(1)Heavy mental hydroxide waste water treatment(2)Mix-ture heavy metals waste water treatment(3)Chemical waste water treatment(4)Ceramic waste water treatment(5)Aluminum-containing waste water treatment(6)Other waste water treatment<\/p>\n\t\t<\/div>\n\t\t\t\t\t<\/div>\n\n\t\n\n\t<div id=\"col-1263953610\" class=\"col small-12 large-12\"  >\n\t\t\t\t<div class=\"col-inner\"  >\n\t\t\t\n\t\t\t\n<p>Zertifizierungen<\/p>\n\t<div class=\"img has-hover x md-x lg-x y md-y lg-y\" id=\"image_1464876999\">\n\t\t\t\t\t\t\t\t<div class=\"img-inner dark\" >\n\t\t\t<img loading=\"lazy\" decoding=\"async\" width=\"750\" height=\"450\" src=\"https:\/\/lysinterfilter.com\/wp-content\/uploads\/2024\/06\/Certifications.webp\" class=\"attachment-original size-original\" alt=\"\" srcset=\"https:\/\/lysinterfilter.com\/wp-content\/uploads\/2024\/06\/Certifications.webp 750w, https:\/\/lysinterfilter.com\/wp-content\/uploads\/2024\/06\/Certifications-300x180.webp 300w, https:\/\/lysinterfilter.com\/wp-content\/uploads\/2024\/06\/Certifications-18x12.webp 18w, https:\/\/lysinterfilter.com\/wp-content\/uploads\/2024\/06\/Certifications-600x360.webp 600w\" sizes=\"auto, (max-width: 750px) 100vw, 750px\" \/>\t\t\t\t\t\t\n\t\t\t\t\t<\/div>\n\t\t\t\t\t\t\t\t\n<style>\n#image_1464876999 {\n  width: 100%;\n}\n<\/style>\n\t<\/div>\n\t\n\t\t<\/div>\n\t\t\t\t\t<\/div>\n\n\t\n<\/div>\n<table border=\"\u201d1\u2033\" width=\"\u201d3000px\u201d\" align=\"\u201dcenter\u201d\">\n<tbody>\n<tr style=\"background-color: #f2f2f2;\">\n<th style=\"border: 1px solid #dddddd; padding: 8px;\">Kat. #<\/th>\n<th style=\"border: 1px solid #dddddd; padding: 8px;\">Durchmesser<\/th>\n<th style=\"border: 1px solid #dddddd; padding: 8px;\">Dicke<\/th>\n<th style=\"border: 1px solid #dddddd; padding: 8px;\">Verwendung<\/th>\n<th style=\"border: 1px solid #dddddd; padding: 8px;\">Stk.<\/th>\n<\/tr>\n<tr style=\"background-color: #f2f2f2;\">\n<td style=\"border: 1px solid #dddddd; padding: 8px;\">LY-IFD044-95-X<\/td>\n<td style=\"border: 1px solid #dddddd; padding: 8px;\">4.4 mm<\/td>\n<td style=\"border: 1px solid #dddddd; padding: 8px;\">9,5 mm<\/td>\n<td style=\"border: 1px solid #dddddd; padding: 8px;\">F\u00fcr IV-Katheter<\/td>\n<td style=\"border: 1px solid #dddddd; padding: 8px;\">5.000 St\u00fcck\/Karton<\/td>\n<\/tr>\n<tr>\n<td style=\"border: 1px solid #dddddd; padding: 8px;\">Benutzerdefinierte Filter<\/td>\n<\/tr>\n<\/tbody>\n<\/table>\n<\/div>\n<\/div>","protected":false},"excerpt":{"rendered":"<ul>\n<li>Mindestbestellmenge:<span id=\"dr_show_hits_179\">1 St\u00fcck<\/span><\/li>\n<li>Angepasst: Akzeptiert<\/li>\n<li>Brand\uff1aOEM<\/li>\n<li>Lieferzeit: Innerhalb von 7 Tagen<\/li>\n<li>Zertifizierung: CE, ISO 9001<\/li>\n<li>E-Mail senden:<\/li>\n<li><a href=\"mailto:info@lysinterfilter.com\">info@lysinterfilter.com<\/a><\/li>\n<\/ul>","protected":false},"featured_media":2692,"template":"","meta":[],"product_brand":[],"product_cat":[40],"product_tag":[],"class_list":{"0":"post-2023","1":"product","2":"type-product","3":"status-publish","4":"has-post-thumbnail","6":"product_cat-medical-filters","8":"first","9":"instock","10":"shipping-taxable","11":"product-type-simple"},"yoast_head":"<!-- This site is optimized with the Yoast SEO plugin v27.2 - https:\/\/yoast.com\/product\/yoast-seo-wordpress\/ -->\n<title>Self-sealing Filters for IV Catheters - Porous Plastic Filter Manufacturer China<\/title>\n<meta name=\"description\" content=\"Ensure safe and reliable intravenous therapy with our self-sealing filters for IV catheters. Designed for easy installation and superior filtration, these filters provide airtight seals to prevent contamination and ensure optimal patient care. Choose quality and safety with our advanced IV catheter filters.\" \/>\n<meta name=\"robots\" content=\"index, follow, max-snippet:-1, max-image-preview:large, max-video-preview:-1\" \/>\n<link rel=\"canonical\" href=\"https:\/\/lysinterfilter.com\/de\/manufacturer\/self-sealing-filters-for-iv-catheters\/\" \/>\n<meta property=\"og:locale\" content=\"de_DE\" \/>\n<meta property=\"og:type\" content=\"article\" \/>\n<meta property=\"og:title\" content=\"Self-sealing Filters for IV Catheters - Porous Plastic Filter Manufacturer China\" \/>\n<meta property=\"og:description\" content=\"Ensure safe and reliable intravenous therapy with our self-sealing filters for IV catheters. Designed for easy installation and superior filtration, these filters provide airtight seals to prevent contamination and ensure optimal patient care. Choose quality and safety with our advanced IV catheter filters.\" \/>\n<meta property=\"og:url\" content=\"https:\/\/lysinterfilter.com\/de\/manufacturer\/self-sealing-filters-for-iv-catheters\/\" \/>\n<meta property=\"og:site_name\" content=\"Porous Plastic Filter Manufacturer China\" \/>\n<meta property=\"article:modified_time\" content=\"2026-02-28T07:00:02+00:00\" \/>\n<meta property=\"og:image\" content=\"https:\/\/lysinterfilter.com\/wp-content\/uploads\/2024\/06\/sc.jpg\" \/>\n\t<meta property=\"og:image:width\" content=\"1024\" \/>\n\t<meta property=\"og:image:height\" content=\"902\" \/>\n\t<meta property=\"og:image:type\" content=\"image\/jpeg\" \/>\n<meta name=\"twitter:card\" content=\"summary_large_image\" \/>\n<meta name=\"twitter:label1\" content=\"Gesch\u00e4tzte Lesezeit\" \/>\n\t<meta name=\"twitter:data1\" content=\"2\u00a0Minuten\" \/>\n<script type=\"application\/ld+json\" class=\"yoast-schema-graph\">{\"@context\":\"https:\/\/schema.org\",\"@graph\":[{\"@type\":\"WebPage\",\"@id\":\"https:\/\/lysinterfilter.com\/manufacturer\/self-sealing-filters-for-iv-catheters\/\",\"url\":\"https:\/\/lysinterfilter.com\/manufacturer\/self-sealing-filters-for-iv-catheters\/\",\"name\":\"Self-sealing Filters for IV Catheters - Porous Plastic Filter Manufacturer China\",\"isPartOf\":{\"@id\":\"https:\/\/lysinterfilter.com\/#website\"},\"primaryImageOfPage\":{\"@id\":\"https:\/\/lysinterfilter.com\/manufacturer\/self-sealing-filters-for-iv-catheters\/#primaryimage\"},\"image\":{\"@id\":\"https:\/\/lysinterfilter.com\/manufacturer\/self-sealing-filters-for-iv-catheters\/#primaryimage\"},\"thumbnailUrl\":\"https:\/\/lysinterfilter.com\/wp-content\/uploads\/2024\/06\/sc.jpg\",\"datePublished\":\"2024-06-11T08:15:34+00:00\",\"dateModified\":\"2026-02-28T07:00:02+00:00\",\"description\":\"Ensure safe and reliable intravenous therapy with our self-sealing filters for IV catheters. Designed for easy installation and superior filtration, these filters provide airtight seals to prevent contamination and ensure optimal patient care. Choose quality and safety with our advanced IV catheter filters.\",\"breadcrumb\":{\"@id\":\"https:\/\/lysinterfilter.com\/manufacturer\/self-sealing-filters-for-iv-catheters\/#breadcrumb\"},\"inLanguage\":\"de\",\"potentialAction\":[{\"@type\":\"ReadAction\",\"target\":[\"https:\/\/lysinterfilter.com\/manufacturer\/self-sealing-filters-for-iv-catheters\/\"]}]},{\"@type\":\"ImageObject\",\"inLanguage\":\"de\",\"@id\":\"https:\/\/lysinterfilter.com\/manufacturer\/self-sealing-filters-for-iv-catheters\/#primaryimage\",\"url\":\"https:\/\/lysinterfilter.com\/wp-content\/uploads\/2024\/06\/sc.jpg\",\"contentUrl\":\"https:\/\/lysinterfilter.com\/wp-content\/uploads\/2024\/06\/sc.jpg\",\"width\":1024,\"height\":902,\"caption\":\"{\\\"data\\\":{\\\"pictureId\\\":\\\"799b20aae7a146d4b3849af91ba8bbe8\\\",\\\"appversion\\\":\\\"14.0.0\\\",\\\"stickerId\\\":\\\"\\\",\\\"filterId\\\":\\\"\\\",\\\"infoStickerId\\\":\\\"\\\",\\\"imageEffectId\\\":\\\"\\\",\\\"playId\\\":\\\"\\\",\\\"activityName\\\":\\\"\\\",\\\"os\\\":\\\"android\\\",\\\"product\\\":\\\"retouch\\\",\\\"originAppId\\\":\\\"2515\\\",\\\"exportType\\\":\\\"\\\",\\\"editType\\\":\\\"\\\",\\\"alias\\\":\\\"\\\",\\\"enterFrom\\\":\\\"enter_launch\\\",\\\"capability_key\\\":[\\\"erase\\\"],\\\"capability_extra_v2\\\":{\\\"erase\\\":[{\\\"panel\\\":\\\"eliminatePen\\\"}]},\\\"effect_type\\\":\\\"tool\\\",\\\"effect_id\\\":\\\"erase\\\"},\\\"source_type\\\":\\\"douyin_beauty_me\\\"}\"},{\"@type\":\"BreadcrumbList\",\"@id\":\"https:\/\/lysinterfilter.com\/manufacturer\/self-sealing-filters-for-iv-catheters\/#breadcrumb\",\"itemListElement\":[{\"@type\":\"ListItem\",\"position\":1,\"name\":\"Home\",\"item\":\"https:\/\/lysinterfilter.com\/\"},{\"@type\":\"ListItem\",\"position\":2,\"name\":\"Products\",\"item\":\"https:\/\/lysinterfilter.com\/shop\/\"},{\"@type\":\"ListItem\",\"position\":3,\"name\":\"Self-sealing Filters for IV Catheters\"}]},{\"@type\":\"WebSite\",\"@id\":\"https:\/\/lysinterfilter.com\/#website\",\"url\":\"https:\/\/lysinterfilter.com\/\",\"name\":\"Porous Plastic Filter Manufacturer China\",\"description\":\"\",\"potentialAction\":[{\"@type\":\"SearchAction\",\"target\":{\"@type\":\"EntryPoint\",\"urlTemplate\":\"https:\/\/lysinterfilter.com\/?s={search_term_string}\"},\"query-input\":{\"@type\":\"PropertyValueSpecification\",\"valueRequired\":true,\"valueName\":\"search_term_string\"}}],\"inLanguage\":\"de\"}]}<\/script>\n<!-- \/ Yoast SEO plugin. -->","yoast_head_json":{"title":"Self-sealing Filters for IV Catheters - Porous Plastic Filter Manufacturer China","description":"Sorgen Sie mit unseren selbstdichtenden Filtern f\u00fcr IV-Katheter f\u00fcr eine sichere und zuverl\u00e4ssige intraven\u00f6se Therapie. Diese Filter sind f\u00fcr eine einfache Installation und hervorragende Filterleistung konzipiert und bieten luftdichte Abdichtungen, um Verunreinigungen zu verhindern und eine optimale Patientenversorgung zu gew\u00e4hrleisten. Entscheiden Sie sich f\u00fcr Qualit\u00e4t und Sicherheit mit unseren fortschrittlichen IV-Katheterfiltern.","robots":{"index":"index","follow":"follow","max-snippet":"max-snippet:-1","max-image-preview":"max-image-preview:large","max-video-preview":"max-video-preview:-1"},"canonical":"https:\/\/lysinterfilter.com\/de\/manufacturer\/self-sealing-filters-for-iv-catheters\/","og_locale":"de_DE","og_type":"article","og_title":"Self-sealing Filters for IV Catheters - Porous Plastic Filter Manufacturer China","og_description":"Ensure safe and reliable intravenous therapy with our self-sealing filters for IV catheters. Designed for easy installation and superior filtration, these filters provide airtight seals to prevent contamination and ensure optimal patient care. Choose quality and safety with our advanced IV catheter filters.","og_url":"https:\/\/lysinterfilter.com\/de\/manufacturer\/self-sealing-filters-for-iv-catheters\/","og_site_name":"Porous Plastic Filter Manufacturer China","article_modified_time":"2026-02-28T07:00:02+00:00","og_image":[{"width":1024,"height":902,"url":"https:\/\/lysinterfilter.com\/wp-content\/uploads\/2024\/06\/sc.jpg","type":"image\/jpeg"}],"twitter_card":"summary_large_image","twitter_misc":{"Gesch\u00e4tzte Lesezeit":"2\u00a0Minuten"},"schema":{"@context":"https:\/\/schema.org","@graph":[{"@type":"WebPage","@id":"https:\/\/lysinterfilter.com\/manufacturer\/self-sealing-filters-for-iv-catheters\/","url":"https:\/\/lysinterfilter.com\/manufacturer\/self-sealing-filters-for-iv-catheters\/","name":"Self-sealing Filters for IV Catheters - Porous Plastic Filter Manufacturer China","isPartOf":{"@id":"https:\/\/lysinterfilter.com\/#website"},"primaryImageOfPage":{"@id":"https:\/\/lysinterfilter.com\/manufacturer\/self-sealing-filters-for-iv-catheters\/#primaryimage"},"image":{"@id":"https:\/\/lysinterfilter.com\/manufacturer\/self-sealing-filters-for-iv-catheters\/#primaryimage"},"thumbnailUrl":"https:\/\/lysinterfilter.com\/wp-content\/uploads\/2024\/06\/sc.jpg","datePublished":"2024-06-11T08:15:34+00:00","dateModified":"2026-02-28T07:00:02+00:00","description":"Sorgen Sie mit unseren selbstdichtenden Filtern f\u00fcr IV-Katheter f\u00fcr eine sichere und zuverl\u00e4ssige intraven\u00f6se Therapie. Diese Filter sind f\u00fcr eine einfache Installation und hervorragende Filterleistung konzipiert und bieten luftdichte Abdichtungen, um Verunreinigungen zu verhindern und eine optimale Patientenversorgung zu gew\u00e4hrleisten. Entscheiden Sie sich f\u00fcr Qualit\u00e4t und Sicherheit mit unseren fortschrittlichen IV-Katheterfiltern.","breadcrumb":{"@id":"https:\/\/lysinterfilter.com\/manufacturer\/self-sealing-filters-for-iv-catheters\/#breadcrumb"},"inLanguage":"de","potentialAction":[{"@type":"ReadAction","target":["https:\/\/lysinterfilter.com\/manufacturer\/self-sealing-filters-for-iv-catheters\/"]}]},{"@type":"ImageObject","inLanguage":"de","@id":"https:\/\/lysinterfilter.com\/manufacturer\/self-sealing-filters-for-iv-catheters\/#primaryimage","url":"https:\/\/lysinterfilter.com\/wp-content\/uploads\/2024\/06\/sc.jpg","contentUrl":"https:\/\/lysinterfilter.com\/wp-content\/uploads\/2024\/06\/sc.jpg","width":1024,"height":902,"caption":"{\"data\":{\"pictureId\":\"799b20aae7a146d4b3849af91ba8bbe8\",\"appversion\":\"14.0.0\",\"stickerId\":\"\",\"filterId\":\"\",\"infoStickerId\":\"\",\"imageEffectId\":\"\",\"playId\":\"\",\"activityName\":\"\",\"os\":\"android\",\"product\":\"retouch\",\"originAppId\":\"2515\",\"exportType\":\"\",\"editType\":\"\",\"alias\":\"\",\"enterFrom\":\"enter_launch\",\"capability_key\":[\"erase\"],\"capability_extra_v2\":{\"erase\":[{\"panel\":\"eliminatePen\"}]},\"effect_type\":\"tool\",\"effect_id\":\"erase\"},\"source_type\":\"douyin_beauty_me\"}"},{"@type":"BreadcrumbList","@id":"https:\/\/lysinterfilter.com\/manufacturer\/self-sealing-filters-for-iv-catheters\/#breadcrumb","itemListElement":[{"@type":"ListItem","position":1,"name":"Home","item":"https:\/\/lysinterfilter.com\/"},{"@type":"ListItem","position":2,"name":"Products","item":"https:\/\/lysinterfilter.com\/shop\/"},{"@type":"ListItem","position":3,"name":"Self-sealing Filters for IV Catheters"}]},{"@type":"WebSite","@id":"https:\/\/lysinterfilter.com\/#website","url":"https:\/\/lysinterfilter.com\/","name":"Porous Plastic Filter Manufacturer China","description":"","potentialAction":[{"@type":"SearchAction","target":{"@type":"EntryPoint","urlTemplate":"https:\/\/lysinterfilter.com\/?s={search_term_string}"},"query-input":{"@type":"PropertyValueSpecification","valueRequired":true,"valueName":"search_term_string"}}],"inLanguage":"de"}]}},"_links":{"self":[{"href":"https:\/\/lysinterfilter.com\/de\/wp-json\/wp\/v2\/product\/2023","targetHints":{"allow":["GET"]}}],"collection":[{"href":"https:\/\/lysinterfilter.com\/de\/wp-json\/wp\/v2\/product"}],"about":[{"href":"https:\/\/lysinterfilter.com\/de\/wp-json\/wp\/v2\/types\/product"}],"wp:featuredmedia":[{"embeddable":true,"href":"https:\/\/lysinterfilter.com\/de\/wp-json\/wp\/v2\/media\/2692"}],"wp:attachment":[{"href":"https:\/\/lysinterfilter.com\/de\/wp-json\/wp\/v2\/media?parent=2023"}],"wp:term":[{"taxonomy":"product_brand","embeddable":true,"href":"https:\/\/lysinterfilter.com\/de\/wp-json\/wp\/v2\/product_brand?post=2023"},{"taxonomy":"product_cat","embeddable":true,"href":"https:\/\/lysinterfilter.com\/de\/wp-json\/wp\/v2\/product_cat?post=2023"},{"taxonomy":"product_tag","embeddable":true,"href":"https:\/\/lysinterfilter.com\/de\/wp-json\/wp\/v2\/product_tag?post=2023"}],"curies":[{"name":"wp","href":"https:\/\/api.w.org\/{rel}","templated":true}]}}