{"id":1897,"date":"2024-06-07T09:46:17","date_gmt":"2024-06-07T09:46:17","guid":{"rendered":"https:\/\/lysinterfilter.com\/?post_type=product&#038;p=1897"},"modified":"2026-02-28T10:33:23","modified_gmt":"2026-02-28T10:33:23","slug":"vacuum-feeder-filter-element","status":"publish","type":"product","link":"https:\/\/lysinterfilter.com\/de\/manufacturer\/vacuum-feeder-filter-element\/","title":{"rendered":"Filterelement f\u00fcr Vakuumzufuhr"},"content":{"rendered":"<div class=\"row\"  id=\"row-1101344746\">\n\n\t<div id=\"col-827882868\" class=\"col small-12 large-12\"  >\n\t\t\t\t<div class=\"col-inner\"  >\n\t\t\t\n\t\t\t\n<h3><strong>PRODUKTBESCHREIBUNG<\/strong><\/h3>\n<p>Das gesinterte PE-Vakuum-Zuf\u00fchrfilterelement wird mit ultrahochmolekularen Polyethylen-Rohstoffen gesintert. Es ist<\/p>\n<p>gesintert und nach wissenschaftlicher Formel geformt. Es hat eine kompakte Struktur, ein geringes Gewicht, h\u00e4lt hohem Filtrationsdruck stand, und der Porendurchmesser des Filterelements ist innen und au\u00dfen gleich, und es l\u00e4sst sich leicht zur\u00fcckblasen<\/p>\n<p>und entfernt Schlacke, es hat eine gute Korrosionsbest\u00e4ndigkeit gegen\u00fcber sauren und alkalischen L\u00f6sungsmitteln.<\/p>\n\t\t<\/div>\n\t\t\t\t\t<\/div>\n\n\t\n\n\t<div id=\"col-985493199\" class=\"col small-12 large-12\"  >\n\t\t\t\t<div class=\"col-inner\"  >\n\t\t\t\n\t\t\t\n<h3><strong>PRODUKTLEISTUNG<\/strong><\/h3>\n<p>Es wird haupts\u00e4chlich zur Staubabscheidung an der Zuf\u00fchrmaschine und der Saugmaschine verwendet. Die Genauigkeit kann ausgew\u00e4hlt werden<\/p>\n<p>von 0,5 bis 10 \u03bcm und die Filterwirkung ist gut. In der Mitte des Filterelements befinden sich Edelstahlst\u00e4be<\/p>\n<p>einiger Spezifikationen, um die Fugen auf beiden Seiten zu verbinden, wodurch die Fugen an beiden Enden stabiler werden. Gleichm\u00e4\u00dfige Poren<\/p>\n<p>Gr\u00f6\u00dfenverteilung, starke S\u00e4ure- und Alkalibest\u00e4ndigkeit, gute mechanische Eigenschaften, starke Best\u00e4ndigkeit gegen organische<\/p>\n<p>L\u00f6sungsmittelerosion, automatische oder manuelle R\u00fccksto\u00dfschlackenentfernungsmethode kann verwendet werden, feste Partikel k\u00f6nnen zur\u00fcckgewonnen werden durch<\/p>\n<p>Trockene Schlackenentfernung, und das Filterelement muss nicht h\u00e4ufig ausgetauscht werden. Vorteile wie niedrige Kosten f\u00fcr<\/p>\n<p>verwenden.<\/p>\n\t\t<\/div>\n\t\t\t\t\t<\/div>\n\n\t\n\n\t<div id=\"col-1321990122\" class=\"col small-12 large-12\"  >\n\t\t\t\t<div class=\"col-inner\"  >\n\t\t\t\n\t\t\t\n<h3><strong>Spezifikationen<\/strong><\/h3>\n<p>Pr\u00e4zisionsbereich: 0,5\u201310 \u03bcm<\/p>\n<p>L\u00e4ngenbereich: 120 mm-200 mm-300 mm-400 mm-500 mm-600 mm<\/p>\n<p>Gemeinsamer Durchmesser: \u03c650 \u03c660<\/p>\n<p>Gewindeanschlussspezifikation: M20-M22-M26-M30<\/p>\n<p>Muttern: Einzeln oder Doppelt<\/p>\n<p>Arbeitstemperatur: PE\u226480\u00b0C<\/p>\n<p>Arbeitsdruck: 0,1 MPa - 0,6 MPa<\/p>\n\t\t<\/div>\n\t\t\t\t\t<\/div>\n\n\t\n\n\t<div id=\"col-117752599\" class=\"col small-12 large-12\"  >\n\t\t\t\t<div class=\"col-inner\"  >\n\t\t\t\n\t\t\t\n<h3><strong>Fotos:<\/strong><\/h3>\n\t<div class=\"img has-hover x md-x lg-x y md-y lg-y\" id=\"image_1024372065\">\n\t\t\t\t\t\t\t\t<div class=\"img-inner dark\" >\n\t\t\t<img loading=\"lazy\" decoding=\"async\" width=\"1024\" height=\"600\" src=\"https:\/\/lysinterfilter.com\/wp-content\/uploads\/2024\/06\/ve5.jpg\" class=\"attachment-original size-original\" alt=\"\" srcset=\"https:\/\/lysinterfilter.com\/wp-content\/uploads\/2024\/06\/ve5.jpg 1024w, https:\/\/lysinterfilter.com\/wp-content\/uploads\/2024\/06\/ve5-300x176.jpg 300w, https:\/\/lysinterfilter.com\/wp-content\/uploads\/2024\/06\/ve5-768x450.jpg 768w, https:\/\/lysinterfilter.com\/wp-content\/uploads\/2024\/06\/ve5-18x12.jpg 18w, https:\/\/lysinterfilter.com\/wp-content\/uploads\/2024\/06\/ve5-600x352.jpg 600w\" sizes=\"auto, (max-width: 1024px) 100vw, 1024px\" \/>\t\t\t\t\t\t\n\t\t\t\t\t<\/div>\n\t\t\t\t\t\t\t\t\n<style>\n#image_1024372065 {\n  width: 100%;\n}\n<\/style>\n\t<\/div>\n\t\n\t\t<\/div>\n\t\t\t\t\t<\/div>\n\n\t\n\n\t<div id=\"col-1553734793\" class=\"col small-12 large-12\"  >\n\t\t\t\t<div class=\"col-inner\"  >\n\t\t\t\n\t\t\t\n<h3><strong>Spezifikationen:<\/strong><\/h3>\n<p>Genauigkeit: 0,5-100\u03bcm<br \/>\nL\u00e4nge: 120mm-200mm-300mm-400mm-500mm-600mm<br \/>\nDurchmesser: \u03a650\u03a660<br \/>\nSpezifikationen f\u00fcr Gewindeanschl\u00fcsse: M20-M22-M26-M30<br \/>\nSattel: Einzel- oder Doppelsattel<\/p>\n\t<div class=\"img has-hover x md-x lg-x y md-y lg-y\" id=\"image_529808646\">\n\t\t\t\t\t\t\t\t<div class=\"img-inner dark\" >\n\t\t\t<img loading=\"lazy\" decoding=\"async\" width=\"1024\" height=\"448\" src=\"https:\/\/lysinterfilter.com\/wp-content\/uploads\/2026\/02\/ve6.jpg\" class=\"attachment-original size-original\" alt=\"\" srcset=\"https:\/\/lysinterfilter.com\/wp-content\/uploads\/2026\/02\/ve6.jpg 1024w, https:\/\/lysinterfilter.com\/wp-content\/uploads\/2026\/02\/ve6-300x131.jpg 300w, https:\/\/lysinterfilter.com\/wp-content\/uploads\/2026\/02\/ve6-768x336.jpg 768w, https:\/\/lysinterfilter.com\/wp-content\/uploads\/2026\/02\/ve6-18x8.jpg 18w, https:\/\/lysinterfilter.com\/wp-content\/uploads\/2026\/02\/ve6-600x263.jpg 600w\" sizes=\"auto, (max-width: 1024px) 100vw, 1024px\" \/>\t\t\t\t\t\t\n\t\t\t\t\t<\/div>\n\t\t\t\t\t\t\t\t\n<style>\n#image_529808646 {\n  width: 100%;\n}\n<\/style>\n\t<\/div>\n\t\n<p><span style=\"color: #ed1c24;\"><strong>*Weitere Spezifikationen und Stile k\u00f6nnen eine nicht standardm\u00e4\u00dfige Anpassung erm\u00f6glichen.<\/strong><\/span><\/p>\n\t\t<\/div>\n\t\t\t\t\t<\/div>\n\n\t\n\n\t<div id=\"col-221971783\" class=\"col small-12 large-12\"  >\n\t\t\t\t<div class=\"col-inner\"  >\n\t\t\t\n\t\t\t\n<h3>Anwendung<\/h3>\n\t<div class=\"img has-hover x md-x lg-x y md-y lg-y\" id=\"image_2137798680\">\n\t\t\t\t\t\t\t\t<div class=\"img-inner dark\" >\n\t\t\t<img loading=\"lazy\" decoding=\"async\" width=\"750\" height=\"350\" src=\"https:\/\/lysinterfilter.com\/wp-content\/uploads\/2024\/06\/Application.webp\" class=\"attachment-original size-original\" alt=\"\" srcset=\"https:\/\/lysinterfilter.com\/wp-content\/uploads\/2024\/06\/Application.webp 750w, https:\/\/lysinterfilter.com\/wp-content\/uploads\/2024\/06\/Application-300x140.webp 300w, https:\/\/lysinterfilter.com\/wp-content\/uploads\/2024\/06\/Application-18x8.webp 18w, https:\/\/lysinterfilter.com\/wp-content\/uploads\/2024\/06\/Application-600x280.webp 600w\" sizes=\"auto, (max-width: 750px) 100vw, 750px\" \/>\t\t\t\t\t\t\n\t\t\t\t\t<\/div>\n\t\t\t\t\t\t\t\t\n<style>\n#image_2137798680 {\n  width: 100%;\n}\n<\/style>\n\t<\/div>\n\t\n<p>A. Pharmazeutische Industrie<\/p>\n<p>(1)Gro\u00dfe Infusion von Wasser, Dekarbonisierung pharmazeutischer Zwischenprodukte<\/p>\n<p>Filtration; Fermentationsbr\u00fche, orale Fl\u00fcssigkeit<\/p>\n<p>(2)Pulveraktivkohle mit Entf\u00e4rbungsfilter (medizinische Fl\u00fcssigkeit<\/p>\n<p>Glukose, Antibiotika, synthetische Medizin, Zubereitung, chinesische Kr\u00e4utermedizin<\/p>\n<p>fl\u00fcssig,etd.)<\/p>\n<p>(3) Injektionsfl\u00fcssigkeit<\/p>\n<p>(4)Einspritzluftfilter<\/p>\n<p>(5) Injektionswaschflaschenwasser<\/p>\n<p>(6)Medizinische Alkoholfiltration<\/p>\n<p>B.Chemische Industrie<\/p>\n<p>(1) Filtern und Waschen von Aluminiumhydroxid<\/p>\n<p>(2) Filtern und Waschen des Palladiumkatalysators<\/p>\n<p>(3)Phosphorfilterung und -w\u00e4sche<\/p>\n<p>(4)Zinkcarbonatfilterung<\/p>\n<p>(5) Filtration der Natriumcarbonatl\u00f6sung<\/p>\n<p>(6) Filterung und Waschen von Bariumsulfat<\/p>\n<p>(7) Filterung und W\u00e4sche von Cadmiumsulfid<\/p>\n<p>C.Chemiefaser- und Textilindustrie<\/p>\n<p>(1)S\u00e4urebadfiltration<\/p>\n<p>(2) Schwefel- und Acryls\u00e4urereinigungsfiltration<\/p>\n<p>(3)Seidenwasser-Pr\u00e4zisionsfiltration<\/p>\n<p>D. Leichtindustrie und Lebensmittelindustrie<\/p>\n<p>(1)Sirupfiltration<\/p>\n<p>(2)Getr\u00e4nkefiltration<\/p>\n<p>(3) Wein- und Spiritusfiltration<\/p>\n<p>(4)Pr\u00e4zisionsfiltration von Pflanzen\u00f6l<\/p>\n<p>(5)Filtration \u00e4therischer \u00d6le<\/p>\n<p>(6)Mineralwasserfiltration<\/p>\n<p>E.Maschinen- und \u00d6lindustrie<\/p>\n<p>(1) Filtration der Beschichtungsl\u00f6sung<\/p>\n<p>(2)Pr\u00e4zisionsfiltration von Reinigungsfl\u00fcssigkeiten f\u00fcr Verbrennungsmotoren<\/p>\n<p>(3)\u00d6lfeldwaschfiltration<\/p>\n<p>(4)Elektroindustrie - Reinstwasseranlagen<\/p>\n<p>F. Abwasserbehandlung<\/p>\n<p>(1) Schwermetallhydroxid-Abwasserbehandlung<\/p>\n<p>(2) Abwasserbehandlung von Schwermetallgemischen<\/p>\n<p>(3) Chemische Abwasserbehandlung<\/p>\n<p>(4)Keramik-Abwasserbehandlung<\/p>\n<p>(5) Behandlung aluminiumhaltiger Abw\u00e4sser<\/p>\n<p>(6)Sonstige Abwasserbehandlung<\/p>\n\t\t<\/div>\n\t\t\t\t\t<\/div>\n\n\t\n\n\t<div id=\"col-304731646\" class=\"col small-12 large-12\"  >\n\t\t\t\t<div class=\"col-inner\"  >\n\t\t\t\n\t\t\t\n<h3>Zertifizierungen<\/h3>\n\t<div class=\"img has-hover x md-x lg-x y md-y lg-y\" id=\"image_595242254\">\n\t\t\t\t\t\t\t\t<div class=\"img-inner dark\" >\n\t\t\t<img loading=\"lazy\" decoding=\"async\" width=\"750\" height=\"450\" src=\"https:\/\/lysinterfilter.com\/wp-content\/uploads\/2024\/06\/Certifications.webp\" class=\"attachment-original size-original\" alt=\"\" srcset=\"https:\/\/lysinterfilter.com\/wp-content\/uploads\/2024\/06\/Certifications.webp 750w, https:\/\/lysinterfilter.com\/wp-content\/uploads\/2024\/06\/Certifications-300x180.webp 300w, https:\/\/lysinterfilter.com\/wp-content\/uploads\/2024\/06\/Certifications-18x12.webp 18w, https:\/\/lysinterfilter.com\/wp-content\/uploads\/2024\/06\/Certifications-600x360.webp 600w\" sizes=\"auto, (max-width: 750px) 100vw, 750px\" \/>\t\t\t\t\t\t\n\t\t\t\t\t<\/div>\n\t\t\t\t\t\t\t\t\n<style>\n#image_595242254 {\n  width: 100%;\n}\n<\/style>\n\t<\/div>\n\t\n\t\t<\/div>\n\t\t\t\t\t<\/div>\n\n\t\n<\/div>","protected":false},"excerpt":{"rendered":"<ul>\n<li>Mindestbestellmenge:<span id=\"dr_show_hits_179\">1 St\u00fcck<\/span><\/li>\n<li>Angepasst: Akzeptiert<\/li>\n<li>Brand\uff1aOEM<\/li>\n<li>Lieferzeit: Innerhalb von 7 Tagen<\/li>\n<li>Zertifizierung: CE, ISO 9001<\/li>\n<li>E-Mail senden:<\/li>\n<li><a href=\"mailto:info@lysinterfilter.com\">info@lysinterfilter.com<\/a><\/li>\n<\/ul>","protected":false},"featured_media":2742,"template":"","meta":[],"product_brand":[],"product_cat":[15],"product_tag":[],"class_list":{"0":"post-1897","1":"product","2":"type-product","3":"status-publish","4":"has-post-thumbnail","6":"product_cat-pe-sintered-industrialapplication","8":"first","9":"instock","10":"shipping-taxable","11":"product-type-simple"},"yoast_head":"<!-- This site is optimized with the Yoast SEO plugin v27.2 - https:\/\/yoast.com\/product\/yoast-seo-wordpress\/ -->\n<title>Vacuum feeder filter element - Porous Plastic Filter Manufacturer China<\/title>\n<meta name=\"description\" content=\"Optimize your vacuum feeder system with our high-performance filter elements. Designed for efficient dust and contaminant removal, our vacuum feeder filters enhance system reliability and performance. Choose our durable and effective solutions for superior filtration in industrial and laboratory applications\" \/>\n<meta name=\"robots\" content=\"index, follow, max-snippet:-1, max-image-preview:large, max-video-preview:-1\" \/>\n<link rel=\"canonical\" href=\"https:\/\/lysinterfilter.com\/de\/manufacturer\/vacuum-feeder-filter-element\/\" \/>\n<meta property=\"og:locale\" content=\"de_DE\" \/>\n<meta property=\"og:type\" content=\"article\" \/>\n<meta property=\"og:title\" content=\"Vacuum feeder filter element - Porous Plastic Filter Manufacturer China\" \/>\n<meta property=\"og:description\" content=\"Optimize your vacuum feeder system with our high-performance filter elements. Designed for efficient dust and contaminant removal, our vacuum feeder filters enhance system reliability and performance. Choose our durable and effective solutions for superior filtration in industrial and laboratory applications\" \/>\n<meta property=\"og:url\" content=\"https:\/\/lysinterfilter.com\/de\/manufacturer\/vacuum-feeder-filter-element\/\" \/>\n<meta property=\"og:site_name\" content=\"Porous Plastic Filter Manufacturer China\" \/>\n<meta property=\"article:modified_time\" content=\"2026-02-28T10:33:23+00:00\" \/>\n<meta property=\"og:image\" content=\"https:\/\/lysinterfilter.com\/wp-content\/uploads\/2024\/06\/ve1.jpg\" \/>\n\t<meta property=\"og:image:width\" content=\"1024\" \/>\n\t<meta property=\"og:image:height\" content=\"902\" \/>\n\t<meta property=\"og:image:type\" content=\"image\/jpeg\" \/>\n<meta name=\"twitter:card\" content=\"summary_large_image\" \/>\n<meta name=\"twitter:label1\" content=\"Gesch\u00e4tzte Lesezeit\" \/>\n\t<meta name=\"twitter:data1\" content=\"3\u00a0Minuten\" \/>\n<script type=\"application\/ld+json\" class=\"yoast-schema-graph\">{\"@context\":\"https:\/\/schema.org\",\"@graph\":[{\"@type\":\"WebPage\",\"@id\":\"https:\/\/lysinterfilter.com\/manufacturer\/vacuum-feeder-filter-element\/\",\"url\":\"https:\/\/lysinterfilter.com\/manufacturer\/vacuum-feeder-filter-element\/\",\"name\":\"Vacuum feeder filter element - Porous Plastic Filter Manufacturer China\",\"isPartOf\":{\"@id\":\"https:\/\/lysinterfilter.com\/#website\"},\"primaryImageOfPage\":{\"@id\":\"https:\/\/lysinterfilter.com\/manufacturer\/vacuum-feeder-filter-element\/#primaryimage\"},\"image\":{\"@id\":\"https:\/\/lysinterfilter.com\/manufacturer\/vacuum-feeder-filter-element\/#primaryimage\"},\"thumbnailUrl\":\"https:\/\/lysinterfilter.com\/wp-content\/uploads\/2024\/06\/ve1.jpg\",\"datePublished\":\"2024-06-07T09:46:17+00:00\",\"dateModified\":\"2026-02-28T10:33:23+00:00\",\"description\":\"Optimize your vacuum feeder system with our high-performance filter elements. Designed for efficient dust and contaminant removal, our vacuum feeder filters enhance system reliability and performance. Choose our durable and effective solutions for superior filtration in industrial and laboratory applications\",\"breadcrumb\":{\"@id\":\"https:\/\/lysinterfilter.com\/manufacturer\/vacuum-feeder-filter-element\/#breadcrumb\"},\"inLanguage\":\"de\",\"potentialAction\":[{\"@type\":\"ReadAction\",\"target\":[\"https:\/\/lysinterfilter.com\/manufacturer\/vacuum-feeder-filter-element\/\"]}]},{\"@type\":\"ImageObject\",\"inLanguage\":\"de\",\"@id\":\"https:\/\/lysinterfilter.com\/manufacturer\/vacuum-feeder-filter-element\/#primaryimage\",\"url\":\"https:\/\/lysinterfilter.com\/wp-content\/uploads\/2024\/06\/ve1.jpg\",\"contentUrl\":\"https:\/\/lysinterfilter.com\/wp-content\/uploads\/2024\/06\/ve1.jpg\",\"width\":1024,\"height\":902,\"caption\":\"{\\\"data\\\":{\\\"AIGC\\\":{\\\"Label\\\":\\\"1\\\",\\\"ContentProducer\\\":\\\"00119144030008867405X210002\\\",\\\"ProduceID\\\":\\\"b4dd3a0b4b4248b98cd22e8fcc3a78eb\\\",\\\"ReservedCode1\\\":\\\"\\\",\\\"ContentPropagator\\\":\\\"00119144030008867405X220002\\\",\\\"PropagateID\\\":\\\"\\\",\\\"ReservedCode2\\\":\\\"\\\"},\\\"pictureId\\\":\\\"43ef3533430f4fad8540135cfb22bcb4\\\",\\\"appversion\\\":\\\"14.0.0\\\",\\\"stickerId\\\":\\\"\\\",\\\"filterId\\\":\\\"\\\",\\\"infoStickerId\\\":\\\"\\\",\\\"imageEffectId\\\":\\\"\\\",\\\"playId\\\":\\\"7525361529512938806\\\",\\\"activityName\\\":\\\"\\\",\\\"os\\\":\\\"android\\\",\\\"product\\\":\\\"retouch\\\",\\\"originAppId\\\":\\\"2515\\\",\\\"exportType\\\":\\\"\\\",\\\"editType\\\":\\\"\\\",\\\"alias\\\":\\\"UH6PcfMavpR0B26NWRK3F\/bQ5hx0SWHa9+7tRGt4j9lFa3tzOgpm6vRyDzzARKMaTuhSDA4F95ZeoBMf5OYDSB6fkxS2ghZ4e+58YF3xym67eA6ae3XaeThPez10lqimU\/NZTf159LsHKzXFIWxk\/oMKtPzy0LzK1vy50Y0UtQGgLLXwU9TQzgXQV4KGozudoUHd9jWPjADU7k95b8YfkwWj+EC2DfKQHAUiPyV\/xIVWV1G4nvR7\/DMvDfqw0gwMEXPvOtcYiecP+eTA7e1hgie04sKQ\/kW626LWYFSt9IeT3cG2v9jZKpRT8SFtMHai0hBy9kPwJtyUoJlOCWcZOQ==\\\",\\\"enterFrom\\\":\\\"enter_launch\\\",\\\"capability_key\\\":[\\\"playfunction\\\"],\\\"capability_extra_v2\\\":{\\\"playfunction\\\":[{\\\"resource_id\\\":\\\"7525361529512938806\\\",\\\"origin\\\":\\\"heycan\\\"}]},\\\"effect_type\\\":\\\"tool\\\",\\\"effect_id\\\":\\\"playfunction#7525361529512938806\\\"},\\\"source_type\\\":\\\"douyin_beauty_me\\\"}\"},{\"@type\":\"BreadcrumbList\",\"@id\":\"https:\/\/lysinterfilter.com\/manufacturer\/vacuum-feeder-filter-element\/#breadcrumb\",\"itemListElement\":[{\"@type\":\"ListItem\",\"position\":1,\"name\":\"Home\",\"item\":\"https:\/\/lysinterfilter.com\/\"},{\"@type\":\"ListItem\",\"position\":2,\"name\":\"Products\",\"item\":\"https:\/\/lysinterfilter.com\/shop\/\"},{\"@type\":\"ListItem\",\"position\":3,\"name\":\"Vacuum feeder filter element\"}]},{\"@type\":\"WebSite\",\"@id\":\"https:\/\/lysinterfilter.com\/#website\",\"url\":\"https:\/\/lysinterfilter.com\/\",\"name\":\"Porous Plastic Filter Manufacturer China\",\"description\":\"\",\"potentialAction\":[{\"@type\":\"SearchAction\",\"target\":{\"@type\":\"EntryPoint\",\"urlTemplate\":\"https:\/\/lysinterfilter.com\/?s={search_term_string}\"},\"query-input\":{\"@type\":\"PropertyValueSpecification\",\"valueRequired\":true,\"valueName\":\"search_term_string\"}}],\"inLanguage\":\"de\"}]}<\/script>\n<!-- \/ Yoast SEO plugin. -->","yoast_head_json":{"title":"Vacuum feeder filter element - Porous Plastic Filter Manufacturer China","description":"Optimieren Sie Ihr Vakuumf\u00f6rdersystem mit unseren Hochleistungsfilterelementen. Unsere Vakuumf\u00f6rderfilter sind f\u00fcr eine effiziente Staub- und Schadstoffentfernung konzipiert und verbessern die Systemzuverl\u00e4ssigkeit und -leistung. W\u00e4hlen Sie unsere langlebigen und effektiven L\u00f6sungen f\u00fcr eine hervorragende Filtration in Industrie- und Laboranwendungen","robots":{"index":"index","follow":"follow","max-snippet":"max-snippet:-1","max-image-preview":"max-image-preview:large","max-video-preview":"max-video-preview:-1"},"canonical":"https:\/\/lysinterfilter.com\/de\/manufacturer\/vacuum-feeder-filter-element\/","og_locale":"de_DE","og_type":"article","og_title":"Vacuum feeder filter element - Porous Plastic Filter Manufacturer China","og_description":"Optimize your vacuum feeder system with our high-performance filter elements. Designed for efficient dust and contaminant removal, our vacuum feeder filters enhance system reliability and performance. Choose our durable and effective solutions for superior filtration in industrial and laboratory applications","og_url":"https:\/\/lysinterfilter.com\/de\/manufacturer\/vacuum-feeder-filter-element\/","og_site_name":"Porous Plastic Filter Manufacturer China","article_modified_time":"2026-02-28T10:33:23+00:00","og_image":[{"width":1024,"height":902,"url":"https:\/\/lysinterfilter.com\/wp-content\/uploads\/2024\/06\/ve1.jpg","type":"image\/jpeg"}],"twitter_card":"summary_large_image","twitter_misc":{"Gesch\u00e4tzte Lesezeit":"3\u00a0Minuten"},"schema":{"@context":"https:\/\/schema.org","@graph":[{"@type":"WebPage","@id":"https:\/\/lysinterfilter.com\/manufacturer\/vacuum-feeder-filter-element\/","url":"https:\/\/lysinterfilter.com\/manufacturer\/vacuum-feeder-filter-element\/","name":"Vacuum feeder filter element - Porous Plastic Filter Manufacturer China","isPartOf":{"@id":"https:\/\/lysinterfilter.com\/#website"},"primaryImageOfPage":{"@id":"https:\/\/lysinterfilter.com\/manufacturer\/vacuum-feeder-filter-element\/#primaryimage"},"image":{"@id":"https:\/\/lysinterfilter.com\/manufacturer\/vacuum-feeder-filter-element\/#primaryimage"},"thumbnailUrl":"https:\/\/lysinterfilter.com\/wp-content\/uploads\/2024\/06\/ve1.jpg","datePublished":"2024-06-07T09:46:17+00:00","dateModified":"2026-02-28T10:33:23+00:00","description":"Optimieren Sie Ihr Vakuumf\u00f6rdersystem mit unseren Hochleistungsfilterelementen. Unsere Vakuumf\u00f6rderfilter sind f\u00fcr eine effiziente Staub- und Schadstoffentfernung konzipiert und verbessern die Systemzuverl\u00e4ssigkeit und -leistung. W\u00e4hlen Sie unsere langlebigen und effektiven L\u00f6sungen f\u00fcr eine hervorragende Filtration in Industrie- und Laboranwendungen","breadcrumb":{"@id":"https:\/\/lysinterfilter.com\/manufacturer\/vacuum-feeder-filter-element\/#breadcrumb"},"inLanguage":"de","potentialAction":[{"@type":"ReadAction","target":["https:\/\/lysinterfilter.com\/manufacturer\/vacuum-feeder-filter-element\/"]}]},{"@type":"ImageObject","inLanguage":"de","@id":"https:\/\/lysinterfilter.com\/manufacturer\/vacuum-feeder-filter-element\/#primaryimage","url":"https:\/\/lysinterfilter.com\/wp-content\/uploads\/2024\/06\/ve1.jpg","contentUrl":"https:\/\/lysinterfilter.com\/wp-content\/uploads\/2024\/06\/ve1.jpg","width":1024,"height":902,"caption":"{\"data\":{\"AIGC\":{\"Label\":\"1\",\"ContentProducer\":\"00119144030008867405X210002\",\"ProduceID\":\"b4dd3a0b4b4248b98cd22e8fcc3a78eb\",\"ReservedCode1\":\"\",\"ContentPropagator\":\"00119144030008867405X220002\",\"PropagateID\":\"\",\"ReservedCode2\":\"\"},\"pictureId\":\"43ef3533430f4fad8540135cfb22bcb4\",\"appversion\":\"14.0.0\",\"stickerId\":\"\",\"filterId\":\"\",\"infoStickerId\":\"\",\"imageEffectId\":\"\",\"playId\":\"7525361529512938806\",\"activityName\":\"\",\"os\":\"android\",\"product\":\"retouch\",\"originAppId\":\"2515\",\"exportType\":\"\",\"editType\":\"\",\"alias\":\"UH6PcfMavpR0B26NWRK3F\/bQ5hx0SWHa9+7tRGt4j9lFa3tzOgpm6vRyDzzARKMaTuhSDA4F95ZeoBMf5OYDSB6fkxS2ghZ4e+58YF3xym67eA6ae3XaeThPez10lqimU\/NZTf159LsHKzXFIWxk\/oMKtPzy0LzK1vy50Y0UtQGgLLXwU9TQzgXQV4KGozudoUHd9jWPjADU7k95b8YfkwWj+EC2DfKQHAUiPyV\/xIVWV1G4nvR7\/DMvDfqw0gwMEXPvOtcYiecP+eTA7e1hgie04sKQ\/kW626LWYFSt9IeT3cG2v9jZKpRT8SFtMHai0hBy9kPwJtyUoJlOCWcZOQ==\",\"enterFrom\":\"enter_launch\",\"capability_key\":[\"playfunction\"],\"capability_extra_v2\":{\"playfunction\":[{\"resource_id\":\"7525361529512938806\",\"origin\":\"heycan\"}]},\"effect_type\":\"tool\",\"effect_id\":\"playfunction#7525361529512938806\"},\"source_type\":\"douyin_beauty_me\"}"},{"@type":"BreadcrumbList","@id":"https:\/\/lysinterfilter.com\/manufacturer\/vacuum-feeder-filter-element\/#breadcrumb","itemListElement":[{"@type":"ListItem","position":1,"name":"Home","item":"https:\/\/lysinterfilter.com\/"},{"@type":"ListItem","position":2,"name":"Products","item":"https:\/\/lysinterfilter.com\/shop\/"},{"@type":"ListItem","position":3,"name":"Vacuum feeder filter element"}]},{"@type":"WebSite","@id":"https:\/\/lysinterfilter.com\/#website","url":"https:\/\/lysinterfilter.com\/","name":"Porous Plastic Filter Manufacturer China","description":"","potentialAction":[{"@type":"SearchAction","target":{"@type":"EntryPoint","urlTemplate":"https:\/\/lysinterfilter.com\/?s={search_term_string}"},"query-input":{"@type":"PropertyValueSpecification","valueRequired":true,"valueName":"search_term_string"}}],"inLanguage":"de"}]}},"_links":{"self":[{"href":"https:\/\/lysinterfilter.com\/de\/wp-json\/wp\/v2\/product\/1897","targetHints":{"allow":["GET"]}}],"collection":[{"href":"https:\/\/lysinterfilter.com\/de\/wp-json\/wp\/v2\/product"}],"about":[{"href":"https:\/\/lysinterfilter.com\/de\/wp-json\/wp\/v2\/types\/product"}],"wp:featuredmedia":[{"embeddable":true,"href":"https:\/\/lysinterfilter.com\/de\/wp-json\/wp\/v2\/media\/2742"}],"wp:attachment":[{"href":"https:\/\/lysinterfilter.com\/de\/wp-json\/wp\/v2\/media?parent=1897"}],"wp:term":[{"taxonomy":"product_brand","embeddable":true,"href":"https:\/\/lysinterfilter.com\/de\/wp-json\/wp\/v2\/product_brand?post=1897"},{"taxonomy":"product_cat","embeddable":true,"href":"https:\/\/lysinterfilter.com\/de\/wp-json\/wp\/v2\/product_cat?post=1897"},{"taxonomy":"product_tag","embeddable":true,"href":"https:\/\/lysinterfilter.com\/de\/wp-json\/wp\/v2\/product_tag?post=1897"}],"curies":[{"name":"wp","href":"https:\/\/api.w.org\/{rel}","templated":true}]}}