{"id":2346,"date":"2024-06-17T07:52:59","date_gmt":"2024-06-17T07:52:59","guid":{"rendered":"https:\/\/lysinterfilter.com\/?post_type=product&#038;p=2346"},"modified":"2026-02-02T08:46:43","modified_gmt":"2026-02-02T08:46:43","slug":"cpg-frits","status":"publish","type":"product","link":"https:\/\/lysinterfilter.com\/da\/manufacturer\/cpg-frits\/","title":{"rendered":"CPG Frits"},"content":{"rendered":"<div class=\"row\"  id=\"row-1274042505\">\n\n\t<div id=\"col-934334110\" class=\"col small-12 large-12\"  >\n\t\t\t\t<div class=\"col-inner\"  >\n\t\t\t\n\t\t\t\n<h2>Produktdetaljer<\/h2>\n<h4><strong>Indledning:<\/strong><\/h4>\n<p>DNA Synthesis Filter used for one time DNA synthesis column, prevent the expensive CPG particles releasing .DNA synthesis filters need to optimize the pore size, so that when the liquid upward, CPG particles can upward and maintain a state of suspension and mixed properly.<\/p>\n\t<div id=\"text-749122602\" class=\"text\">\n\t\t\n<h3><strong>Billeder:<\/strong><\/h3>\n\t\t\n<style>\n#text-749122602 {\n  text-align: left;\n}\n<\/style>\n\t<\/div>\n\t\n\t<div class=\"img has-hover x md-x lg-x y md-y lg-y\" id=\"image_1931638701\">\n\t\t\t\t\t\t\t\t<div class=\"img-inner dark\" >\n\t\t\t\t\t\t\t\t\t\n\t\t\t\t\t<\/div>\n\t\t\t\t\t\t\t\t\n<style>\n#image_1931638701 {\n  width: 100%;\n}\n<\/style>\n\t<\/div>\n\t\n\t<div id=\"text-2717871774\" class=\"text\">\n\t\t\n<h3><strong>Ordreoplysninger:<\/strong><\/h3>\n<div style=\"overflow: auto;\">\n<p>LY-DSF025-25-20\u03a62.5mm thickness 2.5mm pore 20\u03bcm1,000LY-DSF025-25-80\u03a62.5mm thickness 2.5mm pore 80\u03bcm1,000LY-DSF041-25-50\u03a62.5mm thickness 2.5mm pore50\u03bcm1,000<\/p>\n<table border=\"\u201d1\u2033\" width=\"\u201d3000px\u201d\" align=\"\u201dcenter\u201d\">\n<tbody>\n<tr style=\"background-color: #f2f2f2;\">\n<th style=\"border: 1px solid #dddddd; padding: 8px;\">Cat.#<\/th>\n<th style=\"border: 1px solid #dddddd; padding: 8px;\">Beskrivelse<\/th>\n<th style=\"border: 1px solid #dddddd; padding: 8px;\">Pakke (stk\/PK)<\/th>\n<\/tr>\n<tr style=\"background-color: #f2f2f2;\">\n<td style=\"border: 1px solid #dddddd; padding: 8px;\">LY-DSF025-25-50<\/td>\n<td style=\"border: 1px solid #dddddd; padding: 8px;\">\u03a62.5mm thickness 2.5mm pore 50\u03bcm<\/td>\n<td style=\"border: 1px solid #dddddd; padding: 8px;\">1,000<\/td>\n<\/tr>\n<tr style=\"background-color: #f2f2f2;\">\n<td style=\"border: 1px solid #dddddd; padding: 8px;\">LY-DSF041-25-20<\/td>\n<td style=\"border: 1px solid #dddddd; padding: 8px;\">\u03a62.5mm thickness 2.5mm pore 20\u03bcm<\/td>\n<td style=\"border: 1px solid #dddddd; padding: 8px;\">1,000<\/td>\n<\/tr>\n<tr style=\"background-color: #f2f2f2;\">\n<td style=\"border: 1px solid #dddddd; padding: 8px;\">LY-DSF041-25-80<\/td>\n<td style=\"border: 1px solid #dddddd; padding: 8px;\">\u03a62.5mm thickness 2.5mm pore 80\u03bcm<\/td>\n<td style=\"border: 1px solid #dddddd; padding: 8px;\">1,000<\/td>\n<\/tr>\n<\/tbody>\n<\/table>\n<\/div>\n\t\t\n<style>\n#text-2717871774 {\n  text-align: left;\n}\n<\/style>\n\t<\/div>\n\t\n\t\t<\/div>\n\t\t\t\t\t<\/div>\n\n\t\n\n\t<div id=\"col-443582800\" class=\"col small-12 large-12\"  >\n\t\t\t\t<div class=\"col-inner\"  >\n\t\t\t\n\t\t\t\n<h2>Anvendelse<\/h2>\n\t<div class=\"img has-hover x md-x lg-x y md-y lg-y\" id=\"image_898691038\">\n\t\t\t\t\t\t\t\t<div class=\"img-inner dark\" >\n\t\t\t<img loading=\"lazy\" decoding=\"async\" width=\"750\" height=\"350\" src=\"https:\/\/lysinterfilter.com\/wp-content\/uploads\/2024\/06\/Application.webp\" class=\"attachment-original size-original\" alt=\"\" srcset=\"https:\/\/lysinterfilter.com\/wp-content\/uploads\/2024\/06\/Application.webp 750w, https:\/\/lysinterfilter.com\/wp-content\/uploads\/2024\/06\/Application-300x140.webp 300w, https:\/\/lysinterfilter.com\/wp-content\/uploads\/2024\/06\/Application-18x8.webp 18w, https:\/\/lysinterfilter.com\/wp-content\/uploads\/2024\/06\/Application-600x280.webp 600w\" sizes=\"auto, (max-width: 750px) 100vw, 750px\" \/>\t\t\t\t\t\t\n\t\t\t\t\t<\/div>\n\t\t\t\t\t\t\t\t\n<style>\n#image_898691038 {\n  width: 100%;\n}\n<\/style>\n\t<\/div>\n\t\n<p>A.Farmaceutisk industri<\/p>\n<p>(1) Stor infusion af vand, dekarbonisering af farmaceutiske mellemprodukter<\/p>\n<p>filtrering; g\u00e6ringsbouillon, oral v\u00e6ske<\/p>\n<p>(2) Pulver aktivt kul med affarvningsfilter (medicinsk v\u00e6ske<\/p>\n<p>glukose, antibiotika, syntetisk medicin, pr\u00e6parat, kinesisk urtemedicin<\/p>\n<p>v\u00e6ske osv.)<\/p>\n<p>(3) Injektionsv\u00e6ske<\/p>\n<p>(4)Injektionsluftfilter<\/p>\n<p>(5) Injektionsvaskeflaskevand<\/p>\n<p>(6) Medicinsk spiritusfiltrering<\/p>\n<p>B.Kemisk industri<\/p>\n<p>(1) Aluminiumhydroxidfiltrering og vask<\/p>\n<p>(2)Palladiumkatalysatorfiltrering og vask<\/p>\n<p>(3) Fosforfiltrering og vask<\/p>\n<p>(4) Zinkcarbonatfiltrering<\/p>\n<p>(5) Filtrering af natriumcarbonatopl\u00f8sning<\/p>\n<p>(6) Bariumsulfatfiltrering og vask<\/p>\n<p>(7)Cadmiumsulfidfiltrering og vask<\/p>\n<p>C.Kemisk fiber- og tekstilindustri<\/p>\n<p>(1) Syrebadsfiltrering<\/p>\n<p>(2)Svovl- og akrylsyrerensningsfiltrering<\/p>\n<p>(3) Silkevandspr\u00e6cisionsfiltrering<\/p>\n<p>D.Let industri og f\u00f8devareindustri<\/p>\n<p>(1) Sirupfiltrering<\/p>\n<p>(2) Drikfiltrering<\/p>\n<p>(3) Filtrering af vin og terpentin<\/p>\n<p>(4) Vegetabilsk olie pr\u00e6cisionsfiltrering<\/p>\n<p>(5) Filtrering af \u00e6terisk olie<\/p>\n<p>(6) Mineralvandsfiltrering<\/p>\n<p>E. Maskin- og olieindustri<\/p>\n<p>(1) Filtrering af pletteringsopl\u00f8sning<\/p>\n<p>(2) Forbr\u00e6ndingsmotorens rensev\u00e6ske pr\u00e6cisionsfiltrering<\/p>\n<p>(3) Filtrering af oliefeltvask<\/p>\n<p>(4) Ultrarent vandudstyr til elektrisk industri<\/p>\n<p>F. Spildevandsbehandling<\/p>\n<p>(1) Tung mental hydroxid spildevandsbehandling<\/p>\n<p>(2)Blandet tungmetaller spildevandsrensning<\/p>\n<p>(3)Kemisk spildevandsbehandling<\/p>\n<p>(4) Keramisk spildevandsbehandling<\/p>\n<p>(5)Aluminiumholdig spildevandsbehandling<\/p>\n<p>(6)Anden spildevandsbehandling<\/p>\n\t\t<\/div>\n\t\t\t\t\t<\/div>\n\n\t\n\n\t<div id=\"col-897835547\" class=\"col small-12 large-12\"  >\n\t\t\t\t<div class=\"col-inner\"  >\n\t\t\t\n\t\t\t\n<h2>Certificeringer<\/h2>\n\t<div class=\"img has-hover x md-x lg-x y md-y lg-y\" id=\"image_224209668\">\n\t\t\t\t\t\t\t\t<div class=\"img-inner dark\" >\n\t\t\t<img loading=\"lazy\" decoding=\"async\" width=\"750\" height=\"450\" src=\"https:\/\/lysinterfilter.com\/wp-content\/uploads\/2024\/06\/Certifications.webp\" class=\"attachment-original size-original\" alt=\"\" srcset=\"https:\/\/lysinterfilter.com\/wp-content\/uploads\/2024\/06\/Certifications.webp 750w, https:\/\/lysinterfilter.com\/wp-content\/uploads\/2024\/06\/Certifications-300x180.webp 300w, https:\/\/lysinterfilter.com\/wp-content\/uploads\/2024\/06\/Certifications-18x12.webp 18w, https:\/\/lysinterfilter.com\/wp-content\/uploads\/2024\/06\/Certifications-600x360.webp 600w\" sizes=\"auto, (max-width: 750px) 100vw, 750px\" \/>\t\t\t\t\t\t\n\t\t\t\t\t<\/div>\n\t\t\t\t\t\t\t\t\n<style>\n#image_224209668 {\n  width: 100%;\n}\n<\/style>\n\t<\/div>\n\t\n\t\t<\/div>\n\t\t\t\t\t<\/div>\n\n\t\n<\/div>","protected":false},"excerpt":{"rendered":"<ul>\n<li>MOQ:<span id=\"dr_show_hits_179\">1 PC<\/span><\/li>\n<li>Tilpasset: Accepteret<\/li>\n<li>Brand\uff1aOEM<\/li>\n<li>Leveringstid: Inden for 7 dage<\/li>\n<li>Certificering: CE; ISO 9001<\/li>\n<li>Send e-mail:<\/li>\n<li><a href=\"mailto:info@lysinterfilter.com\">info@lysinterfilter.com<\/a><\/li>\n<\/ul>","protected":false},"featured_media":2646,"template":"","meta":[],"product_brand":[],"product_cat":[41],"product_tag":[],"class_list":{"0":"post-2346","1":"product","2":"type-product","3":"status-publish","4":"has-post-thumbnail","6":"product_cat-laboratory-filter","8":"first","9":"instock","10":"shipping-taxable","11":"product-type-simple"},"yoast_head":"<!-- This site is optimized with the Yoast SEO plugin v27.2 - https:\/\/yoast.com\/product\/yoast-seo-wordpress\/ -->\n<title>CPG Frits - Porous Plastic Filter Manufacturer China<\/title>\n<meta name=\"description\" content=\"Discover high-quality CPG frits for your chromatography needs. Our precision-engineered frits ensure optimal flow rates and filtration efficiency. Ideal for laboratory applications, they deliver reliable and consistent results every time.\" \/>\n<meta name=\"robots\" content=\"index, follow, max-snippet:-1, max-image-preview:large, max-video-preview:-1\" \/>\n<link rel=\"canonical\" href=\"https:\/\/lysinterfilter.com\/da\/manufacturer\/cpg-frits\/\" \/>\n<meta property=\"og:locale\" content=\"da_DK\" \/>\n<meta property=\"og:type\" content=\"article\" \/>\n<meta property=\"og:title\" content=\"CPG Frits - Porous Plastic Filter Manufacturer China\" \/>\n<meta property=\"og:description\" content=\"Discover high-quality CPG frits for your chromatography needs. Our precision-engineered frits ensure optimal flow rates and filtration efficiency. Ideal for laboratory applications, they deliver reliable and consistent results every time.\" \/>\n<meta property=\"og:url\" content=\"https:\/\/lysinterfilter.com\/da\/manufacturer\/cpg-frits\/\" \/>\n<meta property=\"og:site_name\" content=\"Porous Plastic Filter Manufacturer China\" \/>\n<meta property=\"article:modified_time\" content=\"2026-02-02T08:46:43+00:00\" \/>\n<meta property=\"og:image\" content=\"https:\/\/lysinterfilter.com\/wp-content\/uploads\/2024\/06\/pe102.jpg\" \/>\n\t<meta property=\"og:image:width\" content=\"1024\" \/>\n\t<meta property=\"og:image:height\" content=\"898\" \/>\n\t<meta property=\"og:image:type\" content=\"image\/jpeg\" \/>\n<meta name=\"twitter:card\" content=\"summary_large_image\" \/>\n<meta name=\"twitter:label1\" content=\"Estimeret l\u00e6setid\" \/>\n\t<meta name=\"twitter:data1\" content=\"2 minutter\" \/>\n<script type=\"application\/ld+json\" class=\"yoast-schema-graph\">{\"@context\":\"https:\/\/schema.org\",\"@graph\":[{\"@type\":\"WebPage\",\"@id\":\"https:\/\/lysinterfilter.com\/manufacturer\/cpg-frits\/\",\"url\":\"https:\/\/lysinterfilter.com\/manufacturer\/cpg-frits\/\",\"name\":\"CPG Frits - Porous Plastic Filter Manufacturer China\",\"isPartOf\":{\"@id\":\"https:\/\/lysinterfilter.com\/#website\"},\"primaryImageOfPage\":{\"@id\":\"https:\/\/lysinterfilter.com\/manufacturer\/cpg-frits\/#primaryimage\"},\"image\":{\"@id\":\"https:\/\/lysinterfilter.com\/manufacturer\/cpg-frits\/#primaryimage\"},\"thumbnailUrl\":\"https:\/\/lysinterfilter.com\/wp-content\/uploads\/2024\/06\/pe102.jpg\",\"datePublished\":\"2024-06-17T07:52:59+00:00\",\"dateModified\":\"2026-02-02T08:46:43+00:00\",\"description\":\"Discover high-quality CPG frits for your chromatography needs. Our precision-engineered frits ensure optimal flow rates and filtration efficiency. Ideal for laboratory applications, they deliver reliable and consistent results every time.\",\"breadcrumb\":{\"@id\":\"https:\/\/lysinterfilter.com\/manufacturer\/cpg-frits\/#breadcrumb\"},\"inLanguage\":\"da-DK\",\"potentialAction\":[{\"@type\":\"ReadAction\",\"target\":[\"https:\/\/lysinterfilter.com\/manufacturer\/cpg-frits\/\"]}]},{\"@type\":\"ImageObject\",\"inLanguage\":\"da-DK\",\"@id\":\"https:\/\/lysinterfilter.com\/manufacturer\/cpg-frits\/#primaryimage\",\"url\":\"https:\/\/lysinterfilter.com\/wp-content\/uploads\/2024\/06\/pe102.jpg\",\"contentUrl\":\"https:\/\/lysinterfilter.com\/wp-content\/uploads\/2024\/06\/pe102.jpg\",\"width\":1024,\"height\":898,\"caption\":\"{\\\"data\\\":{\\\"pictureId\\\":\\\"2071ceea794b4b798406c5f58521f1f6\\\",\\\"appversion\\\":\\\"14.0.0\\\",\\\"stickerId\\\":\\\"\\\",\\\"filterId\\\":\\\"\\\",\\\"infoStickerId\\\":\\\"\\\",\\\"imageEffectId\\\":\\\"\\\",\\\"playId\\\":\\\"\\\",\\\"activityName\\\":\\\"\\\",\\\"os\\\":\\\"android\\\",\\\"product\\\":\\\"retouch\\\",\\\"originAppId\\\":\\\"2515\\\",\\\"exportType\\\":\\\"\\\",\\\"editType\\\":\\\"\\\",\\\"alias\\\":\\\"KY1PQ2FNXy4K\/W9m6XGJNozyt1jeJo3iy27SiJjUmMuQOKhZv6d0az\/6IZizLvonzg54m8XvL1ps0wVycyCVoctJwO535shkxmpsshW8mYpI2SbT7Tx5\/VD1d9+F+tZRsWdB3ViWP4EWtV4Kxt5WdWZKyv6z2qrZQj7yWRa5P3pGA73+td+nDf4wMcItCKl0eEeMuyyf0Cb8MVrpzDgdDWX8MYWNsLG\/Dsb2Shi9tpRhm9jgdU32NpvGntI8TCgsHW9DAFevCaOJkvzb9MTJ\/3Lk9tgaQE7LhBhYbpMM4fyylhSTxiwTLwGF4wMFKmw+1YTOAvvH5301atTXSecUqg==\\\",\\\"enterFrom\\\":\\\"enter_launch\\\",\\\"capability_key\\\":[\\\"erase\\\"],\\\"capability_extra_v2\\\":{\\\"erase\\\":[{\\\"panel\\\":\\\"magic_eliminate\\\"}]},\\\"effect_type\\\":\\\"tool\\\",\\\"effect_id\\\":\\\"erase\\\"},\\\"source_type\\\":\\\"douyin_beauty_me\\\"}\"},{\"@type\":\"BreadcrumbList\",\"@id\":\"https:\/\/lysinterfilter.com\/manufacturer\/cpg-frits\/#breadcrumb\",\"itemListElement\":[{\"@type\":\"ListItem\",\"position\":1,\"name\":\"Home\",\"item\":\"https:\/\/lysinterfilter.com\/\"},{\"@type\":\"ListItem\",\"position\":2,\"name\":\"Products\",\"item\":\"https:\/\/lysinterfilter.com\/shop\/\"},{\"@type\":\"ListItem\",\"position\":3,\"name\":\"CPG Frits\"}]},{\"@type\":\"WebSite\",\"@id\":\"https:\/\/lysinterfilter.com\/#website\",\"url\":\"https:\/\/lysinterfilter.com\/\",\"name\":\"Porous Plastic Filter Manufacturer China\",\"description\":\"\",\"potentialAction\":[{\"@type\":\"SearchAction\",\"target\":{\"@type\":\"EntryPoint\",\"urlTemplate\":\"https:\/\/lysinterfilter.com\/?s={search_term_string}\"},\"query-input\":{\"@type\":\"PropertyValueSpecification\",\"valueRequired\":true,\"valueName\":\"search_term_string\"}}],\"inLanguage\":\"da-DK\"}]}<\/script>\n<!-- \/ Yoast SEO plugin. -->","yoast_head_json":{"title":"CPG Frits - Porous Plastic Filter Manufacturer China","description":"Discover high-quality CPG frits for your chromatography needs. Our precision-engineered frits ensure optimal flow rates and filtration efficiency. Ideal for laboratory applications, they deliver reliable and consistent results every time.","robots":{"index":"index","follow":"follow","max-snippet":"max-snippet:-1","max-image-preview":"max-image-preview:large","max-video-preview":"max-video-preview:-1"},"canonical":"https:\/\/lysinterfilter.com\/da\/manufacturer\/cpg-frits\/","og_locale":"da_DK","og_type":"article","og_title":"CPG Frits - Porous Plastic Filter Manufacturer China","og_description":"Discover high-quality CPG frits for your chromatography needs. Our precision-engineered frits ensure optimal flow rates and filtration efficiency. Ideal for laboratory applications, they deliver reliable and consistent results every time.","og_url":"https:\/\/lysinterfilter.com\/da\/manufacturer\/cpg-frits\/","og_site_name":"Porous Plastic Filter Manufacturer China","article_modified_time":"2026-02-02T08:46:43+00:00","og_image":[{"width":1024,"height":898,"url":"https:\/\/lysinterfilter.com\/wp-content\/uploads\/2024\/06\/pe102.jpg","type":"image\/jpeg"}],"twitter_card":"summary_large_image","twitter_misc":{"Estimeret l\u00e6setid":"2 minutter"},"schema":{"@context":"https:\/\/schema.org","@graph":[{"@type":"WebPage","@id":"https:\/\/lysinterfilter.com\/manufacturer\/cpg-frits\/","url":"https:\/\/lysinterfilter.com\/manufacturer\/cpg-frits\/","name":"CPG Frits - Porous Plastic Filter Manufacturer China","isPartOf":{"@id":"https:\/\/lysinterfilter.com\/#website"},"primaryImageOfPage":{"@id":"https:\/\/lysinterfilter.com\/manufacturer\/cpg-frits\/#primaryimage"},"image":{"@id":"https:\/\/lysinterfilter.com\/manufacturer\/cpg-frits\/#primaryimage"},"thumbnailUrl":"https:\/\/lysinterfilter.com\/wp-content\/uploads\/2024\/06\/pe102.jpg","datePublished":"2024-06-17T07:52:59+00:00","dateModified":"2026-02-02T08:46:43+00:00","description":"Discover high-quality CPG frits for your chromatography needs. Our precision-engineered frits ensure optimal flow rates and filtration efficiency. Ideal for laboratory applications, they deliver reliable and consistent results every time.","breadcrumb":{"@id":"https:\/\/lysinterfilter.com\/manufacturer\/cpg-frits\/#breadcrumb"},"inLanguage":"da-DK","potentialAction":[{"@type":"ReadAction","target":["https:\/\/lysinterfilter.com\/manufacturer\/cpg-frits\/"]}]},{"@type":"ImageObject","inLanguage":"da-DK","@id":"https:\/\/lysinterfilter.com\/manufacturer\/cpg-frits\/#primaryimage","url":"https:\/\/lysinterfilter.com\/wp-content\/uploads\/2024\/06\/pe102.jpg","contentUrl":"https:\/\/lysinterfilter.com\/wp-content\/uploads\/2024\/06\/pe102.jpg","width":1024,"height":898,"caption":"{\"data\":{\"pictureId\":\"2071ceea794b4b798406c5f58521f1f6\",\"appversion\":\"14.0.0\",\"stickerId\":\"\",\"filterId\":\"\",\"infoStickerId\":\"\",\"imageEffectId\":\"\",\"playId\":\"\",\"activityName\":\"\",\"os\":\"android\",\"product\":\"retouch\",\"originAppId\":\"2515\",\"exportType\":\"\",\"editType\":\"\",\"alias\":\"KY1PQ2FNXy4K\/W9m6XGJNozyt1jeJo3iy27SiJjUmMuQOKhZv6d0az\/6IZizLvonzg54m8XvL1ps0wVycyCVoctJwO535shkxmpsshW8mYpI2SbT7Tx5\/VD1d9+F+tZRsWdB3ViWP4EWtV4Kxt5WdWZKyv6z2qrZQj7yWRa5P3pGA73+td+nDf4wMcItCKl0eEeMuyyf0Cb8MVrpzDgdDWX8MYWNsLG\/Dsb2Shi9tpRhm9jgdU32NpvGntI8TCgsHW9DAFevCaOJkvzb9MTJ\/3Lk9tgaQE7LhBhYbpMM4fyylhSTxiwTLwGF4wMFKmw+1YTOAvvH5301atTXSecUqg==\",\"enterFrom\":\"enter_launch\",\"capability_key\":[\"erase\"],\"capability_extra_v2\":{\"erase\":[{\"panel\":\"magic_eliminate\"}]},\"effect_type\":\"tool\",\"effect_id\":\"erase\"},\"source_type\":\"douyin_beauty_me\"}"},{"@type":"BreadcrumbList","@id":"https:\/\/lysinterfilter.com\/manufacturer\/cpg-frits\/#breadcrumb","itemListElement":[{"@type":"ListItem","position":1,"name":"Home","item":"https:\/\/lysinterfilter.com\/"},{"@type":"ListItem","position":2,"name":"Products","item":"https:\/\/lysinterfilter.com\/shop\/"},{"@type":"ListItem","position":3,"name":"CPG Frits"}]},{"@type":"WebSite","@id":"https:\/\/lysinterfilter.com\/#website","url":"https:\/\/lysinterfilter.com\/","name":"Porous Plastic Filter Manufacturer China","description":"","potentialAction":[{"@type":"SearchAction","target":{"@type":"EntryPoint","urlTemplate":"https:\/\/lysinterfilter.com\/?s={search_term_string}"},"query-input":{"@type":"PropertyValueSpecification","valueRequired":true,"valueName":"search_term_string"}}],"inLanguage":"da-DK"}]}},"_links":{"self":[{"href":"https:\/\/lysinterfilter.com\/da\/wp-json\/wp\/v2\/product\/2346","targetHints":{"allow":["GET"]}}],"collection":[{"href":"https:\/\/lysinterfilter.com\/da\/wp-json\/wp\/v2\/product"}],"about":[{"href":"https:\/\/lysinterfilter.com\/da\/wp-json\/wp\/v2\/types\/product"}],"wp:featuredmedia":[{"embeddable":true,"href":"https:\/\/lysinterfilter.com\/da\/wp-json\/wp\/v2\/media\/2646"}],"wp:attachment":[{"href":"https:\/\/lysinterfilter.com\/da\/wp-json\/wp\/v2\/media?parent=2346"}],"wp:term":[{"taxonomy":"product_brand","embeddable":true,"href":"https:\/\/lysinterfilter.com\/da\/wp-json\/wp\/v2\/product_brand?post=2346"},{"taxonomy":"product_cat","embeddable":true,"href":"https:\/\/lysinterfilter.com\/da\/wp-json\/wp\/v2\/product_cat?post=2346"},{"taxonomy":"product_tag","embeddable":true,"href":"https:\/\/lysinterfilter.com\/da\/wp-json\/wp\/v2\/product_tag?post=2346"}],"curies":[{"name":"wp","href":"https:\/\/api.w.org\/{rel}","templated":true}]}}