{"id":2335,"date":"2024-06-17T06:46:48","date_gmt":"2024-06-17T06:46:48","guid":{"rendered":"https:\/\/lysinterfilter.com\/?post_type=product&#038;p=2335"},"modified":"2026-02-02T10:10:58","modified_gmt":"2026-02-02T10:10:58","slug":"dual-layered-filters-for-pipette-tips","status":"publish","type":"product","link":"https:\/\/lysinterfilter.com\/da\/manufacturer\/dual-layered-filters-for-pipette-tips\/","title":{"rendered":"Dobbeltlags filterpipettespidser"},"content":{"rendered":"<div class=\"row\"  id=\"row-1086710141\">\n\n\t<div id=\"col-1592061362\" class=\"col small-12 large-12\"  >\n\t\t\t\t<div class=\"col-inner\"  >\n\t\t\t\n\t\t\t\n<h2>Produktdetaljer<\/h2>\n<h4>Indledning:<\/h4>\n<p>1) Filteret er fremstillet af UHMW-PE, behandlet af det unikke h\u00e5ndv\u00e6rk, som har hydrofobiciteten, der er i stand til at blokere krydskontaminering mellem pr\u00f8verne, reducere diverse skader.<\/p>\n<p>2) Fri DNase\/RNase, gratis PCR-h\u00e6mmere<br \/>\nGratis DNase\/RNase, Gratis PCR-h\u00e6mmere er det grundl\u00e6ggende krav til 4Tip\u00ae-filtre, kan bruges til de fleste forskellige teknologieksperimenter, inklusive PCR\/RNA\/DNA-ekstraktion, proteinanalyse, virusdetektor og blodpr\u00f8ver, ect.<br \/>\n3) Dobbelt-filter, dobbelt blokeringsevne<br \/>\nDual-filter er sammensat af to lag af forskellig porest\u00f8rrelse, porest\u00f8rrelsen p\u00e5 det \u00f8verste bl\u00e5 filter er 5um, porest\u00f8rrelsen p\u00e5 det nederste filter er 10um. Dual-filter med dobbelt blokerende evne, kan mere grundigt blokere partikler og molekyler.<\/p>\n\t<div id=\"text-1714587049\" class=\"text\">\n\t\t\n<h3><strong>Billeder:<\/strong><\/h3>\n\t\t\n<style>\n#text-1714587049 {\n  text-align: left;\n}\n<\/style>\n\t<\/div>\n\t\n\t<div class=\"img has-hover x md-x lg-x y md-y lg-y\" id=\"image_1123705895\">\n\t\t\t\t\t\t\t\t<div class=\"img-inner dark\" >\n\t\t\t<img loading=\"lazy\" decoding=\"async\" width=\"2048\" height=\"2048\" src=\"https:\/\/lysinterfilter.com\/wp-content\/uploads\/2024\/06\/PE106.jpg\" class=\"attachment-original size-original\" alt=\"\" srcset=\"https:\/\/lysinterfilter.com\/wp-content\/uploads\/2024\/06\/PE106.jpg 2048w, https:\/\/lysinterfilter.com\/wp-content\/uploads\/2024\/06\/PE106-300x300.jpg 300w, https:\/\/lysinterfilter.com\/wp-content\/uploads\/2024\/06\/PE106-1024x1024.jpg 1024w, https:\/\/lysinterfilter.com\/wp-content\/uploads\/2024\/06\/PE106-150x150.jpg 150w, https:\/\/lysinterfilter.com\/wp-content\/uploads\/2024\/06\/PE106-768x768.jpg 768w, https:\/\/lysinterfilter.com\/wp-content\/uploads\/2024\/06\/PE106-1536x1536.jpg 1536w, https:\/\/lysinterfilter.com\/wp-content\/uploads\/2024\/06\/PE106-12x12.jpg 12w, https:\/\/lysinterfilter.com\/wp-content\/uploads\/2024\/06\/PE106-600x600.jpg 600w, https:\/\/lysinterfilter.com\/wp-content\/uploads\/2024\/06\/PE106-100x100.jpg 100w\" sizes=\"auto, (max-width: 2048px) 100vw, 2048px\" \/>\t\t\t\t\t\t\n\t\t\t\t\t<\/div>\n\t\t\t\t\t\t\t\t\n<style>\n#image_1123705895 {\n  width: 100%;\n}\n<\/style>\n\t<\/div>\n\t\n\t<div id=\"text-2446894046\" class=\"text\">\n\t\t\n<h3><strong>Ordreoplysninger:<\/strong><\/h3>\n<div style=\"overflow: auto;\">\n<table border=\"\u201d1\u2033\" width=\"\u201d3000px\u201d\" align=\"\u201dcenter\u201d\">\n<tbody>\n<tr style=\"background-color: #f2f2f2;\">\n<th style=\"border: 1px solid #dddddd; padding: 8px;\">Kat.NR<\/th>\n<th style=\"border: 1px solid #dddddd; padding: 8px;\">Diameter (mm)<\/th>\n<th style=\"border: 1px solid #dddddd; padding: 8px;\">Tykkelse (mm)<\/th>\n<th style=\"border: 1px solid #dddddd; padding: 8px;\">Pore (\u03bcm)<\/th>\n<th style=\"border: 1px solid #dddddd; padding: 8px;\">Bruge<\/th>\n<th style=\"border: 1px solid #dddddd; padding: 8px;\">Pakke<\/th>\n<\/tr>\n<tr style=\"background-color: #f2f2f2;\">\n<td style=\"border: 1px solid #dddddd; padding: 8px;\">LY-DF10-18-35<\/td>\n<td style=\"border: 1px solid #dddddd; padding: 8px;\">1.8<\/td>\n<td style=\"border: 1px solid #dddddd; padding: 8px;\">3.5<\/td>\n<td style=\"border: 1px solid #dddddd; padding: 8px;\">10<\/td>\n<td style=\"border: 1px solid #dddddd; padding: 8px;\">10\u03bcl spidser<\/td>\n<td style=\"border: 1px solid #dddddd; padding: 8px;\">10.000 stk\/PK<\/td>\n<\/tr>\n<tr>\n<td style=\"border: 1px solid #dddddd; padding: 8px;\">LY-DF200-47-35<\/td>\n<td style=\"border: 1px solid #dddddd; padding: 8px;\">4.7<\/td>\n<td style=\"border: 1px solid #dddddd; padding: 8px;\">3.5<\/td>\n<td style=\"border: 1px solid #dddddd; padding: 8px;\">10<\/td>\n<td style=\"border: 1px solid #dddddd; padding: 8px;\">200\u03bcl spidser<\/td>\n<td style=\"border: 1px solid #dddddd; padding: 8px;\">100 stk\/\u00e6ske<\/td>\n<\/tr>\n<tr style=\"background-color: #f2f2f2;\">\n<td style=\"border: 1px solid #dddddd; padding: 8px;\">LY-DF1000-71-40<\/td>\n<td style=\"border: 1px solid #dddddd; padding: 8px;\">7.1<\/td>\n<td style=\"border: 1px solid #dddddd; padding: 8px;\">4<\/td>\n<td style=\"border: 1px solid #dddddd; padding: 8px;\">10<\/td>\n<td style=\"border: 1px solid #dddddd; padding: 8px;\">1000\u03bcl spidser<\/td>\n<td style=\"border: 1px solid #dddddd; padding: 8px;\">100 stk\/\u00e6ske<\/td>\n<\/tr>\n<tr>\n<td style=\"border: 1px solid #dddddd; padding: 8px;\">Tilpasset<\/td>\n<td style=\"border: 1px solid #dddddd; padding: 8px;\"><\/td>\n<td style=\"border: 1px solid #dddddd; padding: 8px;\"><\/td>\n<td style=\"border: 1px solid #dddddd; padding: 8px;\"><\/td>\n<td style=\"border: 1px solid #dddddd; padding: 8px;\"><\/td>\n<td style=\"border: 1px solid #dddddd; padding: 8px;\"><\/td>\n<\/tr>\n<\/tbody>\n<\/table>\n<\/div>\n\t\t\n<style>\n#text-2446894046 {\n  text-align: left;\n}\n<\/style>\n\t<\/div>\n\t\n\t\t<\/div>\n\t\t\t\t\t<\/div>\n\n\t\n\n\t<div id=\"col-828564615\" class=\"col small-12 large-12\"  >\n\t\t\t\t<div class=\"col-inner\"  >\n\t\t\t\n\t\t\t\n<h2>Anvendelse<\/h2>\n<p>A.Farmaceutisk industri<\/p>\n<p>(1) Stor infusion af vand, dekarbonisering af farmaceutiske mellemprodukter<\/p>\n<p>filtrering; g\u00e6ringsbouillon, oral v\u00e6ske<\/p>\n<p>(2) Pulver aktivt kul med affarvningsfilter (medicinsk v\u00e6ske<\/p>\n<p>glukose, antibiotika, syntetisk medicin, pr\u00e6parat, kinesisk urtemedicin<\/p>\n<p>v\u00e6ske osv.)<\/p>\n<p>(3) Injektionsv\u00e6ske<\/p>\n<p>(4)Injektionsluftfilter<\/p>\n<p>(5) Injektionsvaskeflaskevand<\/p>\n<p>(6) Medicinsk spiritusfiltrering<\/p>\n<p>B.Kemisk industri<\/p>\n<p>(1) Aluminiumhydroxidfiltrering og vask<\/p>\n<p>(2)Palladiumkatalysatorfiltrering og vask<\/p>\n<p>(3) Fosforfiltrering og vask<\/p>\n<p>(4) Zinkcarbonatfiltrering<\/p>\n<p>(5) Filtrering af natriumcarbonatopl\u00f8sning<\/p>\n<p>(6) Bariumsulfatfiltrering og vask<\/p>\n<p>(7)Cadmiumsulfidfiltrering og vask<\/p>\n<p>C.Kemisk fiber- og tekstilindustri<\/p>\n<p>(1) Syrebadsfiltrering<\/p>\n<p>(2)Svovl- og akrylsyrerensningsfiltrering<\/p>\n<p>(3) Silkevandspr\u00e6cisionsfiltrering<\/p>\n<p>D.Let industri og f\u00f8devareindustri<\/p>\n<p>(1) Sirupfiltrering<\/p>\n<p>(2) Drikfiltrering<\/p>\n<p>(3) Filtrering af vin og terpentin<\/p>\n<p>(4) Vegetabilsk olie pr\u00e6cisionsfiltrering<\/p>\n<p>(5) Filtrering af \u00e6terisk olie<\/p>\n<p>(6) Mineralvandsfiltrering<\/p>\n<p>E. Maskin- og olieindustri<\/p>\n<p>(1) Filtrering af pletteringsopl\u00f8sning<\/p>\n<p>(2) Forbr\u00e6ndingsmotorens rensev\u00e6ske pr\u00e6cisionsfiltrering<\/p>\n<p>(3) Filtrering af oliefeltvask<\/p>\n<p>(4) Ultrarent vandudstyr til elektrisk industri<\/p>\n<p>F. Spildevandsbehandling<\/p>\n<p>(1) Tung mental hydroxid spildevandsbehandling<\/p>\n<p>(2)Blandet tungmetaller spildevandsrensning<\/p>\n<p>(3)Kemisk spildevandsbehandling<\/p>\n<p>(4) Keramisk spildevandsbehandling<\/p>\n<p>(5)Aluminiumholdig spildevandsbehandling<\/p>\n<p>(6)Anden spildevandsbehandling<\/p>\n\t\t<\/div>\n\t\t\t\t\t<\/div>\n\n\t\n\n\t<div id=\"col-618265757\" class=\"col small-12 large-12\"  >\n\t\t\t\t<div class=\"col-inner\"  >\n\t\t\t\n\t\t\t\n<h2>Certificeringer<\/h2>\n\t<div class=\"img has-hover x md-x lg-x y md-y lg-y\" id=\"image_1679559231\">\n\t\t\t\t\t\t\t\t<div class=\"img-inner dark\" >\n\t\t\t<img loading=\"lazy\" decoding=\"async\" width=\"750\" height=\"450\" src=\"https:\/\/lysinterfilter.com\/wp-content\/uploads\/2024\/06\/Certifications.webp\" class=\"attachment-original size-original\" alt=\"\" srcset=\"https:\/\/lysinterfilter.com\/wp-content\/uploads\/2024\/06\/Certifications.webp 750w, https:\/\/lysinterfilter.com\/wp-content\/uploads\/2024\/06\/Certifications-300x180.webp 300w, https:\/\/lysinterfilter.com\/wp-content\/uploads\/2024\/06\/Certifications-18x12.webp 18w, https:\/\/lysinterfilter.com\/wp-content\/uploads\/2024\/06\/Certifications-600x360.webp 600w\" sizes=\"auto, (max-width: 750px) 100vw, 750px\" \/>\t\t\t\t\t\t\n\t\t\t\t\t<\/div>\n\t\t\t\t\t\t\t\t\n<style>\n#image_1679559231 {\n  width: 100%;\n}\n<\/style>\n\t<\/div>\n\t\n\t\t<\/div>\n\t\t\t\t\t<\/div>\n\n\t\n<\/div>","protected":false},"excerpt":{"rendered":"<ul>\n<li>MOQ:<span id=\"dr_show_hits_179\">1 PC<\/span><\/li>\n<li>Tilpasset: Accepteret<\/li>\n<li>Brand\uff1aOEM<\/li>\n<li>Leveringstid: Inden for 7 dage<\/li>\n<li>Certificering: CE; ISO 9001<\/li>\n<li>Send e-mail:<\/li>\n<li><a href=\"mailto:info@lysinterfilter.com\">info@lysinterfilter.com<\/a><\/li>\n<\/ul>","protected":false},"featured_media":2651,"template":"","meta":[],"product_brand":[],"product_cat":[41],"product_tag":[],"class_list":{"0":"post-2335","1":"product","2":"type-product","3":"status-publish","4":"has-post-thumbnail","6":"product_cat-laboratory-filter","8":"first","9":"instock","10":"shipping-taxable","11":"product-type-simple"},"yoast_head":"<!-- This site is optimized with the Yoast SEO plugin v27.2 - https:\/\/yoast.com\/product\/yoast-seo-wordpress\/ -->\n<title>Dual-Layered Filter Pipette Tips - Porous Plastic Filter Manufacturer China<\/title>\n<meta name=\"description\" content=\"Achieve precise and contamination-free liquid handling with our filter pipette tips. Engineered for accuracy and reliability, our tips ensure optimal performance in critical laboratory applications. Explore our range for consistent and dependable results\" \/>\n<meta name=\"robots\" content=\"index, follow, max-snippet:-1, max-image-preview:large, max-video-preview:-1\" \/>\n<link rel=\"canonical\" href=\"https:\/\/lysinterfilter.com\/da\/manufacturer\/dual-layered-filters-for-pipette-tips\/\" \/>\n<meta property=\"og:locale\" content=\"da_DK\" \/>\n<meta property=\"og:type\" content=\"article\" \/>\n<meta property=\"og:title\" content=\"Dual-Layered Filter Pipette Tips - Porous Plastic Filter Manufacturer China\" \/>\n<meta property=\"og:description\" content=\"Achieve precise and contamination-free liquid handling with our filter pipette tips. Engineered for accuracy and reliability, our tips ensure optimal performance in critical laboratory applications. Explore our range for consistent and dependable results\" \/>\n<meta property=\"og:url\" content=\"https:\/\/lysinterfilter.com\/da\/manufacturer\/dual-layered-filters-for-pipette-tips\/\" \/>\n<meta property=\"og:site_name\" content=\"Porous Plastic Filter Manufacturer China\" \/>\n<meta property=\"article:modified_time\" content=\"2026-02-02T10:10:58+00:00\" \/>\n<meta property=\"og:image\" content=\"https:\/\/lysinterfilter.com\/wp-content\/uploads\/2024\/06\/PE106.jpg\" \/>\n\t<meta property=\"og:image:width\" content=\"2048\" \/>\n\t<meta property=\"og:image:height\" content=\"2048\" \/>\n\t<meta property=\"og:image:type\" content=\"image\/jpeg\" \/>\n<meta name=\"twitter:card\" content=\"summary_large_image\" \/>\n<meta name=\"twitter:label1\" content=\"Estimeret l\u00e6setid\" \/>\n\t<meta name=\"twitter:data1\" content=\"2 minutter\" \/>\n<script type=\"application\/ld+json\" class=\"yoast-schema-graph\">{\"@context\":\"https:\/\/schema.org\",\"@graph\":[{\"@type\":\"WebPage\",\"@id\":\"https:\/\/lysinterfilter.com\/manufacturer\/dual-layered-filters-for-pipette-tips\/\",\"url\":\"https:\/\/lysinterfilter.com\/manufacturer\/dual-layered-filters-for-pipette-tips\/\",\"name\":\"Dual-Layered Filter Pipette Tips - Porous Plastic Filter Manufacturer China\",\"isPartOf\":{\"@id\":\"https:\/\/lysinterfilter.com\/#website\"},\"primaryImageOfPage\":{\"@id\":\"https:\/\/lysinterfilter.com\/manufacturer\/dual-layered-filters-for-pipette-tips\/#primaryimage\"},\"image\":{\"@id\":\"https:\/\/lysinterfilter.com\/manufacturer\/dual-layered-filters-for-pipette-tips\/#primaryimage\"},\"thumbnailUrl\":\"https:\/\/lysinterfilter.com\/wp-content\/uploads\/2024\/06\/PE106.jpg\",\"datePublished\":\"2024-06-17T06:46:48+00:00\",\"dateModified\":\"2026-02-02T10:10:58+00:00\",\"description\":\"Achieve precise and contamination-free liquid handling with our filter pipette tips. Engineered for accuracy and reliability, our tips ensure optimal performance in critical laboratory applications. Explore our range for consistent and dependable results\",\"breadcrumb\":{\"@id\":\"https:\/\/lysinterfilter.com\/manufacturer\/dual-layered-filters-for-pipette-tips\/#breadcrumb\"},\"inLanguage\":\"da-DK\",\"potentialAction\":[{\"@type\":\"ReadAction\",\"target\":[\"https:\/\/lysinterfilter.com\/manufacturer\/dual-layered-filters-for-pipette-tips\/\"]}]},{\"@type\":\"ImageObject\",\"inLanguage\":\"da-DK\",\"@id\":\"https:\/\/lysinterfilter.com\/manufacturer\/dual-layered-filters-for-pipette-tips\/#primaryimage\",\"url\":\"https:\/\/lysinterfilter.com\/wp-content\/uploads\/2024\/06\/PE106.jpg\",\"contentUrl\":\"https:\/\/lysinterfilter.com\/wp-content\/uploads\/2024\/06\/PE106.jpg\",\"width\":2048,\"height\":2048,\"caption\":\"{\\\"data\\\":{\\\"pictureId\\\":\\\"3e23cde36e964eb8ac7b2dfacdf48345\\\",\\\"appversion\\\":\\\"14.0.0\\\",\\\"stickerId\\\":\\\"\\\",\\\"filterId\\\":\\\"\\\",\\\"infoStickerId\\\":\\\"\\\",\\\"imageEffectId\\\":\\\"\\\",\\\"playId\\\":\\\"\\\",\\\"activityName\\\":\\\"\\\",\\\"os\\\":\\\"android\\\",\\\"product\\\":\\\"retouch\\\",\\\"originAppId\\\":\\\"2515\\\",\\\"exportType\\\":\\\"\\\",\\\"editType\\\":\\\"\\\",\\\"alias\\\":\\\"lDhRcyBRF1NbFUwkDveSXgIsD72ScMOJ7EzinENH+IxKMiXYuG9X8Rpbcm45P3Qov\/qO\/CERrNVnV+Qjbj1oXOA7aTQAPrZTTEt3ehaF0tM8CHXqNbSjWCyhhugszZURBXagG5DcPV+PRUGm+zS6Hf66qgHrEPEs2jNB1rlPLAPrS1FSm5VJsCI52UnpTB26JhdzuuueZaUICHLrFCQRaUGhqTs4cHj\/t\/ldvAw2NmnmNNBloLpmCsU+HixUhuLld\/8PqniGjY+0YCCnYKrIhcaTz\/2RlEm0yD\/q94rlwj8J+sWzgHTcRb0+QFSStmXwGLCjxfBHCZbeFTTe624bLw==\\\",\\\"enterFrom\\\":\\\"enter_launch\\\",\\\"capability_key\\\":[\\\"erase\\\"],\\\"capability_extra_v2\\\":{\\\"erase\\\":[{\\\"panel\\\":\\\"magic_eliminate\\\"}]},\\\"effect_type\\\":\\\"tool\\\",\\\"effect_id\\\":\\\"erase\\\"},\\\"source_type\\\":\\\"douyin_beauty_me\\\"}\"},{\"@type\":\"BreadcrumbList\",\"@id\":\"https:\/\/lysinterfilter.com\/manufacturer\/dual-layered-filters-for-pipette-tips\/#breadcrumb\",\"itemListElement\":[{\"@type\":\"ListItem\",\"position\":1,\"name\":\"Home\",\"item\":\"https:\/\/lysinterfilter.com\/\"},{\"@type\":\"ListItem\",\"position\":2,\"name\":\"Products\",\"item\":\"https:\/\/lysinterfilter.com\/shop\/\"},{\"@type\":\"ListItem\",\"position\":3,\"name\":\"Dual-Layered Filter Pipette Tips\"}]},{\"@type\":\"WebSite\",\"@id\":\"https:\/\/lysinterfilter.com\/#website\",\"url\":\"https:\/\/lysinterfilter.com\/\",\"name\":\"Porous Plastic Filter Manufacturer China\",\"description\":\"\",\"potentialAction\":[{\"@type\":\"SearchAction\",\"target\":{\"@type\":\"EntryPoint\",\"urlTemplate\":\"https:\/\/lysinterfilter.com\/?s={search_term_string}\"},\"query-input\":{\"@type\":\"PropertyValueSpecification\",\"valueRequired\":true,\"valueName\":\"search_term_string\"}}],\"inLanguage\":\"da-DK\"}]}<\/script>\n<!-- \/ Yoast SEO plugin. -->","yoast_head_json":{"title":"Dual-Layered Filter Pipette Tips - Porous Plastic Filter Manufacturer China","description":"Opn\u00e5 pr\u00e6cis og kontamineringsfri v\u00e6skeh\u00e5ndtering med vores filterpipettespidser. Konstrueret til n\u00f8jagtighed og p\u00e5lidelighed sikrer vores tip optimal ydeevne i kritiske laboratorieapplikationer. Udforsk vores udvalg for ensartede og p\u00e5lidelige resultater","robots":{"index":"index","follow":"follow","max-snippet":"max-snippet:-1","max-image-preview":"max-image-preview:large","max-video-preview":"max-video-preview:-1"},"canonical":"https:\/\/lysinterfilter.com\/da\/manufacturer\/dual-layered-filters-for-pipette-tips\/","og_locale":"da_DK","og_type":"article","og_title":"Dual-Layered Filter Pipette Tips - Porous Plastic Filter Manufacturer China","og_description":"Achieve precise and contamination-free liquid handling with our filter pipette tips. Engineered for accuracy and reliability, our tips ensure optimal performance in critical laboratory applications. Explore our range for consistent and dependable results","og_url":"https:\/\/lysinterfilter.com\/da\/manufacturer\/dual-layered-filters-for-pipette-tips\/","og_site_name":"Porous Plastic Filter Manufacturer China","article_modified_time":"2026-02-02T10:10:58+00:00","og_image":[{"width":2048,"height":2048,"url":"https:\/\/lysinterfilter.com\/wp-content\/uploads\/2024\/06\/PE106.jpg","type":"image\/jpeg"}],"twitter_card":"summary_large_image","twitter_misc":{"Estimeret l\u00e6setid":"2 minutter"},"schema":{"@context":"https:\/\/schema.org","@graph":[{"@type":"WebPage","@id":"https:\/\/lysinterfilter.com\/manufacturer\/dual-layered-filters-for-pipette-tips\/","url":"https:\/\/lysinterfilter.com\/manufacturer\/dual-layered-filters-for-pipette-tips\/","name":"Dual-Layered Filter Pipette Tips - Porous Plastic Filter Manufacturer China","isPartOf":{"@id":"https:\/\/lysinterfilter.com\/#website"},"primaryImageOfPage":{"@id":"https:\/\/lysinterfilter.com\/manufacturer\/dual-layered-filters-for-pipette-tips\/#primaryimage"},"image":{"@id":"https:\/\/lysinterfilter.com\/manufacturer\/dual-layered-filters-for-pipette-tips\/#primaryimage"},"thumbnailUrl":"https:\/\/lysinterfilter.com\/wp-content\/uploads\/2024\/06\/PE106.jpg","datePublished":"2024-06-17T06:46:48+00:00","dateModified":"2026-02-02T10:10:58+00:00","description":"Opn\u00e5 pr\u00e6cis og kontamineringsfri v\u00e6skeh\u00e5ndtering med vores filterpipettespidser. Konstrueret til n\u00f8jagtighed og p\u00e5lidelighed sikrer vores tip optimal ydeevne i kritiske laboratorieapplikationer. Udforsk vores udvalg for ensartede og p\u00e5lidelige resultater","breadcrumb":{"@id":"https:\/\/lysinterfilter.com\/manufacturer\/dual-layered-filters-for-pipette-tips\/#breadcrumb"},"inLanguage":"da-DK","potentialAction":[{"@type":"ReadAction","target":["https:\/\/lysinterfilter.com\/manufacturer\/dual-layered-filters-for-pipette-tips\/"]}]},{"@type":"ImageObject","inLanguage":"da-DK","@id":"https:\/\/lysinterfilter.com\/manufacturer\/dual-layered-filters-for-pipette-tips\/#primaryimage","url":"https:\/\/lysinterfilter.com\/wp-content\/uploads\/2024\/06\/PE106.jpg","contentUrl":"https:\/\/lysinterfilter.com\/wp-content\/uploads\/2024\/06\/PE106.jpg","width":2048,"height":2048,"caption":"{\"data\":{\"pictureId\":\"3e23cde36e964eb8ac7b2dfacdf48345\",\"appversion\":\"14.0.0\",\"stickerId\":\"\",\"filterId\":\"\",\"infoStickerId\":\"\",\"imageEffectId\":\"\",\"playId\":\"\",\"activityName\":\"\",\"os\":\"android\",\"product\":\"retouch\",\"originAppId\":\"2515\",\"exportType\":\"\",\"editType\":\"\",\"alias\":\"lDhRcyBRF1NbFUwkDveSXgIsD72ScMOJ7EzinENH+IxKMiXYuG9X8Rpbcm45P3Qov\/qO\/CERrNVnV+Qjbj1oXOA7aTQAPrZTTEt3ehaF0tM8CHXqNbSjWCyhhugszZURBXagG5DcPV+PRUGm+zS6Hf66qgHrEPEs2jNB1rlPLAPrS1FSm5VJsCI52UnpTB26JhdzuuueZaUICHLrFCQRaUGhqTs4cHj\/t\/ldvAw2NmnmNNBloLpmCsU+HixUhuLld\/8PqniGjY+0YCCnYKrIhcaTz\/2RlEm0yD\/q94rlwj8J+sWzgHTcRb0+QFSStmXwGLCjxfBHCZbeFTTe624bLw==\",\"enterFrom\":\"enter_launch\",\"capability_key\":[\"erase\"],\"capability_extra_v2\":{\"erase\":[{\"panel\":\"magic_eliminate\"}]},\"effect_type\":\"tool\",\"effect_id\":\"erase\"},\"source_type\":\"douyin_beauty_me\"}"},{"@type":"BreadcrumbList","@id":"https:\/\/lysinterfilter.com\/manufacturer\/dual-layered-filters-for-pipette-tips\/#breadcrumb","itemListElement":[{"@type":"ListItem","position":1,"name":"Home","item":"https:\/\/lysinterfilter.com\/"},{"@type":"ListItem","position":2,"name":"Products","item":"https:\/\/lysinterfilter.com\/shop\/"},{"@type":"ListItem","position":3,"name":"Dual-Layered Filter Pipette Tips"}]},{"@type":"WebSite","@id":"https:\/\/lysinterfilter.com\/#website","url":"https:\/\/lysinterfilter.com\/","name":"Porous Plastic Filter Manufacturer China","description":"","potentialAction":[{"@type":"SearchAction","target":{"@type":"EntryPoint","urlTemplate":"https:\/\/lysinterfilter.com\/?s={search_term_string}"},"query-input":{"@type":"PropertyValueSpecification","valueRequired":true,"valueName":"search_term_string"}}],"inLanguage":"da-DK"}]}},"_links":{"self":[{"href":"https:\/\/lysinterfilter.com\/da\/wp-json\/wp\/v2\/product\/2335","targetHints":{"allow":["GET"]}}],"collection":[{"href":"https:\/\/lysinterfilter.com\/da\/wp-json\/wp\/v2\/product"}],"about":[{"href":"https:\/\/lysinterfilter.com\/da\/wp-json\/wp\/v2\/types\/product"}],"wp:featuredmedia":[{"embeddable":true,"href":"https:\/\/lysinterfilter.com\/da\/wp-json\/wp\/v2\/media\/2651"}],"wp:attachment":[{"href":"https:\/\/lysinterfilter.com\/da\/wp-json\/wp\/v2\/media?parent=2335"}],"wp:term":[{"taxonomy":"product_brand","embeddable":true,"href":"https:\/\/lysinterfilter.com\/da\/wp-json\/wp\/v2\/product_brand?post=2335"},{"taxonomy":"product_cat","embeddable":true,"href":"https:\/\/lysinterfilter.com\/da\/wp-json\/wp\/v2\/product_cat?post=2335"},{"taxonomy":"product_tag","embeddable":true,"href":"https:\/\/lysinterfilter.com\/da\/wp-json\/wp\/v2\/product_tag?post=2335"}],"curies":[{"name":"wp","href":"https:\/\/api.w.org\/{rel}","templated":true}]}}