{"id":2077,"date":"2024-06-12T07:37:59","date_gmt":"2024-06-12T07:37:59","guid":{"rendered":"https:\/\/lysinterfilter.com\/?post_type=product&#038;p=2077"},"modified":"2026-03-02T02:12:22","modified_gmt":"2026-03-02T02:12:22","slug":"sintered-ptfe-filter","status":"publish","type":"product","link":"https:\/\/lysinterfilter.com\/da\/manufacturer\/sintered-ptfe-filter\/","title":{"rendered":"Sintret ptfe-filter"},"content":{"rendered":"<div class=\"row\"  id=\"row-1120533133\">\n\n\t<div id=\"col-610287582\" class=\"col small-12 large-12\"  >\n\t\t\t\t<div class=\"col-inner\"  >\n\t\t\t\n\t\t\t\n<h2>Produktdetaljer<\/h2>\n<h4><strong>Indledning:<\/strong><\/h4>\n<p>Det sintrede ptfe-filter er lavet af ultrah\u00f8jmolekyl\u00e6rt polytetrafluorethylen-r\u00e5materiale, som er sintret ved h\u00f8j temperatur og h\u00f8jt tryk. Overfladen af filterelementet er glat, h\u00f8j styrke, god sejhed, ingen pulver, der falder af og ekstremt stabil over for alle kemiske stoffer. Por\u00f8siteten af materialefilterelementet er s\u00e5 h\u00f8j som 50%, og porest\u00f8rrelsesfordelingen er ensartet. Filterelementet har evnen til at modst\u00e5 st\u00e6rk syre, st\u00e6rk alkali, kemisk korrosion, &quot;ozon&quot; og forskellige opl\u00f8sningsmidler, og kan modst\u00e5 h\u00f8je temperaturer op til 200 \u00b0 C. Det er meget udbredt i h\u00f8jtemperaturgas Og filtrering af medier som f.eks. kemiske v\u00e6sker.<\/p>\n<h4>\u00a0<strong>Fordel:<\/strong><\/h4>\n<p>Materiale: ultrah\u00f8jmolekyl\u00e6r polytetrafluorethylen<br \/>\nAnvendelse: Velegnet til st\u00e6rk syre, st\u00e6rk alkali, h\u00f8j temperatur, kemisk korrosion<br \/>\nAnvendelsesomr\u00e5de: universal til luft, vand, flydende medicin og olie<br \/>\nR\u00e5vandstryk: 7 (MPA)<br \/>\nArbejdstrykforskel: 5 (MPA)<br \/>\nFiltreringsn\u00f8jagtighed: 0,2-50 (um)<br \/>\nArbejdstemperatur: \u2264200\u00b0C (\u00b0C)<\/p>\n<h4><strong>Specifikation:\u00a0\u00a0<\/strong><\/h4>\n<p>Diameter: 10 20 25 30 35 40 45 50 60 (mm)<br \/>\nL\u00e6ngde: 5\u2033 10\u2033 20\u2033 30\u2033 40\u2033<br \/>\nFiltreringsn\u00f8jagtighed: 0,2um -50um<\/p>\n\t<div id=\"text-1124858292\" class=\"text\">\n\t\t\n<h3><strong>Billeder:<\/strong><\/h3>\n\t\t\n<style>\n#text-1124858292 {\n  text-align: left;\n}\n<\/style>\n\t<\/div>\n\t\n\t<div class=\"img has-hover x md-x lg-x y md-y lg-y\" id=\"image_1856486993\">\n\t\t\t\t\t\t\t\t<div class=\"img-inner dark\" >\n\t\t\t<img loading=\"lazy\" decoding=\"async\" width=\"1024\" height=\"600\" src=\"https:\/\/lysinterfilter.com\/wp-content\/uploads\/2026\/03\/99.jpg\" class=\"attachment-original size-original\" alt=\"\" srcset=\"https:\/\/lysinterfilter.com\/wp-content\/uploads\/2026\/03\/99.jpg 1024w, https:\/\/lysinterfilter.com\/wp-content\/uploads\/2026\/03\/99-300x176.jpg 300w, https:\/\/lysinterfilter.com\/wp-content\/uploads\/2026\/03\/99-768x450.jpg 768w, https:\/\/lysinterfilter.com\/wp-content\/uploads\/2026\/03\/99-18x12.jpg 18w, https:\/\/lysinterfilter.com\/wp-content\/uploads\/2026\/03\/99-600x352.jpg 600w\" sizes=\"auto, (max-width: 1024px) 100vw, 1024px\" \/>\t\t\t\t\t\t\n\t\t\t\t\t<\/div>\n\t\t\t\t\t\t\t\t\n<style>\n#image_1856486993 {\n  width: 100%;\n}\n<\/style>\n\t<\/div>\n\t\n\t\t<\/div>\n\t\t\t\t\t<\/div>\n\n\t\n\n\t<div id=\"col-429374258\" class=\"col small-12 large-12\"  >\n\t\t\t\t<div class=\"col-inner\"  >\n\t\t\t\n\t\t\t\n<h2>Anvendelse<\/h2>\n\t<div class=\"img has-hover x md-x lg-x y md-y lg-y\" id=\"image_900995779\">\n\t\t\t\t\t\t\t\t<div class=\"img-inner dark\" >\n\t\t\t<img loading=\"lazy\" decoding=\"async\" width=\"750\" height=\"350\" src=\"https:\/\/lysinterfilter.com\/wp-content\/uploads\/2024\/06\/Application.webp\" class=\"attachment-original size-original\" alt=\"\" srcset=\"https:\/\/lysinterfilter.com\/wp-content\/uploads\/2024\/06\/Application.webp 750w, https:\/\/lysinterfilter.com\/wp-content\/uploads\/2024\/06\/Application-300x140.webp 300w, https:\/\/lysinterfilter.com\/wp-content\/uploads\/2024\/06\/Application-18x8.webp 18w, https:\/\/lysinterfilter.com\/wp-content\/uploads\/2024\/06\/Application-600x280.webp 600w\" sizes=\"auto, (max-width: 750px) 100vw, 750px\" \/>\t\t\t\t\t\t\n\t\t\t\t\t<\/div>\n\t\t\t\t\t\t\t\t\n<style>\n#image_900995779 {\n  width: 100%;\n}\n<\/style>\n\t<\/div>\n\t\n<p>A.Farmaceutisk industri<\/p>\n<p>(1) Stor infusion af vand, dekarbonisering af farmaceutiske mellemprodukter<\/p>\n<p>filtrering; g\u00e6ringsbouillon, oral v\u00e6ske<\/p>\n<p>(2) Pulver aktivt kul med affarvningsfilter (medicinsk v\u00e6ske<\/p>\n<p>glukose, antibiotika, syntetisk medicin, pr\u00e6parat, kinesisk urtemedicin<\/p>\n<p>v\u00e6ske osv.)<\/p>\n<p>(3) Injektionsv\u00e6ske<\/p>\n<p>(4)Injektionsluftfilter<\/p>\n<p>(5) Injektionsvaskeflaskevand<\/p>\n<p>(6) Medicinsk spiritusfiltrering<\/p>\n<p>B.Kemisk industri<\/p>\n<p>(1) Aluminiumhydroxidfiltrering og vask<\/p>\n<p>(2)Palladiumkatalysatorfiltrering og vask<\/p>\n<p>(3) Fosforfiltrering og vask<\/p>\n<p>(4) Zinkcarbonatfiltrering<\/p>\n<p>(5) Filtrering af natriumcarbonatopl\u00f8sning<\/p>\n<p>(6) Bariumsulfatfiltrering og vask<\/p>\n<p>(7)Cadmiumsulfidfiltrering og vask<\/p>\n<p>C.Kemisk fiber- og tekstilindustri<\/p>\n<p>(1) Syrebadsfiltrering<\/p>\n<p>(2)Svovl- og akrylsyrerensningsfiltrering<\/p>\n<p>(3) Silkevandspr\u00e6cisionsfiltrering<\/p>\n<p>D.Let industri og f\u00f8devareindustri<\/p>\n<p>(1) Sirupfiltrering<\/p>\n<p>(2) Drikfiltrering<\/p>\n<p>(3) Filtrering af vin og terpentin<\/p>\n<p>(4) Vegetabilsk olie pr\u00e6cisionsfiltrering<\/p>\n<p>(5) Filtrering af \u00e6terisk olie<\/p>\n<p>(6) Mineralvandsfiltrering<\/p>\n<p>E. Maskin- og olieindustri<\/p>\n<p>(1) Filtrering af pletteringsopl\u00f8sning<\/p>\n<p>(2) Forbr\u00e6ndingsmotorens rensev\u00e6ske pr\u00e6cisionsfiltrering<\/p>\n<p>(3) Filtrering af oliefeltvask<\/p>\n<p>(4) Ultrarent vandudstyr til elektrisk industri<\/p>\n<p>F. Spildevandsbehandling<\/p>\n<p>(1) Tung mental hydroxid spildevandsbehandling<\/p>\n<p>(2)Blandet tungmetaller spildevandsrensning<\/p>\n<p>(3)Kemisk spildevandsbehandling<\/p>\n<p>(4) Keramisk spildevandsbehandling<\/p>\n<p>(5)Aluminiumholdig spildevandsbehandling<\/p>\n<p>(6)Anden spildevandsbehandling<\/p>\n\t\t<\/div>\n\t\t\t\t\t<\/div>\n\n\t\n\n\t<div id=\"col-678396131\" class=\"col small-12 large-12\"  >\n\t\t\t\t<div class=\"col-inner\"  >\n\t\t\t\n\t\t\t\n<h2>Certificeringer<\/h2>\n\t<div class=\"img has-hover x md-x lg-x y md-y lg-y\" id=\"image_1425952879\">\n\t\t\t\t\t\t\t\t<div class=\"img-inner dark\" >\n\t\t\t<img loading=\"lazy\" decoding=\"async\" width=\"750\" height=\"450\" src=\"https:\/\/lysinterfilter.com\/wp-content\/uploads\/2024\/06\/Certifications.webp\" class=\"attachment-original size-original\" alt=\"\" srcset=\"https:\/\/lysinterfilter.com\/wp-content\/uploads\/2024\/06\/Certifications.webp 750w, https:\/\/lysinterfilter.com\/wp-content\/uploads\/2024\/06\/Certifications-300x180.webp 300w, https:\/\/lysinterfilter.com\/wp-content\/uploads\/2024\/06\/Certifications-18x12.webp 18w, https:\/\/lysinterfilter.com\/wp-content\/uploads\/2024\/06\/Certifications-600x360.webp 600w\" sizes=\"auto, (max-width: 750px) 100vw, 750px\" \/>\t\t\t\t\t\t\n\t\t\t\t\t<\/div>\n\t\t\t\t\t\t\t\t\n<style>\n#image_1425952879 {\n  width: 100%;\n}\n<\/style>\n\t<\/div>\n\t\n\t\t<\/div>\n\t\t\t\t\t<\/div>\n\n\t\n<\/div>","protected":false},"excerpt":{"rendered":"<ul>\n<li>MOQ:<span id=\"dr_show_hits_179\">1 PC<\/span><\/li>\n<li>Tilpasset: Accepteret<\/li>\n<li>Brand\uff1aOEM<\/li>\n<li>Leveringstid: Inden for 7 dage<\/li>\n<li>Certificering: CE; ISO 9001<\/li>\n<li>Send e-mail:<\/li>\n<li><a href=\"mailto:info@lysinterfilter.com\">info@lysinterfilter.com<\/a><\/li>\n<\/ul>","protected":false},"featured_media":2667,"template":"","meta":[],"product_brand":[],"product_cat":[42],"product_tag":[],"class_list":{"0":"post-2077","1":"product","2":"type-product","3":"status-publish","4":"has-post-thumbnail","6":"product_cat-ptfe-sintered-filter-cartridges","8":"first","9":"instock","10":"shipping-taxable","11":"product-type-simple"},"yoast_head":"<!-- This site is optimized with the Yoast SEO plugin v27.2 - https:\/\/yoast.com\/product\/yoast-seo-wordpress\/ -->\n<title>Sintered ptfe filter - Porous Plastic Filter Manufacturer China<\/title>\n<meta name=\"description\" content=\"Experience superior filtration with our sintered PTFE filters. Engineered for exceptional chemical resistance and durability, these filters provide reliable performance in demanding applications. Choose our PTFE filters for high-quality, efficient filtration.\" \/>\n<meta name=\"robots\" content=\"index, follow, max-snippet:-1, max-image-preview:large, max-video-preview:-1\" \/>\n<link rel=\"canonical\" href=\"https:\/\/lysinterfilter.com\/da\/manufacturer\/sintered-ptfe-filter\/\" \/>\n<meta property=\"og:locale\" content=\"da_DK\" \/>\n<meta property=\"og:type\" content=\"article\" \/>\n<meta property=\"og:title\" content=\"Sintered ptfe filter - Porous Plastic Filter Manufacturer China\" \/>\n<meta property=\"og:description\" content=\"Experience superior filtration with our sintered PTFE filters. Engineered for exceptional chemical resistance and durability, these filters provide reliable performance in demanding applications. Choose our PTFE filters for high-quality, efficient filtration.\" \/>\n<meta property=\"og:url\" content=\"https:\/\/lysinterfilter.com\/da\/manufacturer\/sintered-ptfe-filter\/\" \/>\n<meta property=\"og:site_name\" content=\"Porous Plastic Filter Manufacturer China\" \/>\n<meta property=\"article:modified_time\" content=\"2026-03-02T02:12:22+00:00\" \/>\n<meta property=\"og:image\" content=\"https:\/\/lysinterfilter.com\/wp-content\/uploads\/2024\/06\/ptfe.jpg\" \/>\n\t<meta property=\"og:image:width\" content=\"1024\" \/>\n\t<meta property=\"og:image:height\" content=\"902\" \/>\n\t<meta property=\"og:image:type\" content=\"image\/jpeg\" \/>\n<meta name=\"twitter:card\" content=\"summary_large_image\" \/>\n<meta name=\"twitter:label1\" content=\"Estimeret l\u00e6setid\" \/>\n\t<meta name=\"twitter:data1\" content=\"2 minutter\" \/>\n<script type=\"application\/ld+json\" class=\"yoast-schema-graph\">{\"@context\":\"https:\/\/schema.org\",\"@graph\":[{\"@type\":\"WebPage\",\"@id\":\"https:\/\/lysinterfilter.com\/manufacturer\/sintered-ptfe-filter\/\",\"url\":\"https:\/\/lysinterfilter.com\/manufacturer\/sintered-ptfe-filter\/\",\"name\":\"Sintered ptfe filter - Porous Plastic Filter Manufacturer China\",\"isPartOf\":{\"@id\":\"https:\/\/lysinterfilter.com\/#website\"},\"primaryImageOfPage\":{\"@id\":\"https:\/\/lysinterfilter.com\/manufacturer\/sintered-ptfe-filter\/#primaryimage\"},\"image\":{\"@id\":\"https:\/\/lysinterfilter.com\/manufacturer\/sintered-ptfe-filter\/#primaryimage\"},\"thumbnailUrl\":\"https:\/\/lysinterfilter.com\/wp-content\/uploads\/2024\/06\/ptfe.jpg\",\"datePublished\":\"2024-06-12T07:37:59+00:00\",\"dateModified\":\"2026-03-02T02:12:22+00:00\",\"description\":\"Experience superior filtration with our sintered PTFE filters. Engineered for exceptional chemical resistance and durability, these filters provide reliable performance in demanding applications. Choose our PTFE filters for high-quality, efficient filtration.\",\"breadcrumb\":{\"@id\":\"https:\/\/lysinterfilter.com\/manufacturer\/sintered-ptfe-filter\/#breadcrumb\"},\"inLanguage\":\"da-DK\",\"potentialAction\":[{\"@type\":\"ReadAction\",\"target\":[\"https:\/\/lysinterfilter.com\/manufacturer\/sintered-ptfe-filter\/\"]}]},{\"@type\":\"ImageObject\",\"inLanguage\":\"da-DK\",\"@id\":\"https:\/\/lysinterfilter.com\/manufacturer\/sintered-ptfe-filter\/#primaryimage\",\"url\":\"https:\/\/lysinterfilter.com\/wp-content\/uploads\/2024\/06\/ptfe.jpg\",\"contentUrl\":\"https:\/\/lysinterfilter.com\/wp-content\/uploads\/2024\/06\/ptfe.jpg\",\"width\":1024,\"height\":902,\"caption\":\"{\\\"data\\\":{\\\"pictureId\\\":\\\"22286d90e45a479381e6d624e0c95c9c\\\",\\\"appversion\\\":\\\"14.0.0\\\",\\\"stickerId\\\":\\\"\\\",\\\"filterId\\\":\\\"\\\",\\\"infoStickerId\\\":\\\"\\\",\\\"imageEffectId\\\":\\\"\\\",\\\"playId\\\":\\\"\\\",\\\"activityName\\\":\\\"\\\",\\\"os\\\":\\\"android\\\",\\\"product\\\":\\\"retouch\\\",\\\"originAppId\\\":\\\"2515\\\",\\\"exportType\\\":\\\"\\\",\\\"editType\\\":\\\"\\\",\\\"alias\\\":\\\"VS9DpSw9gqS4Jpb71Fnap1XywdiFAjCz92KjNdO+SvFKIcu9JVK7iXVld0bAVUrNIghtAusIVBnNsSiVKCOjOrMRT5nprZJYp4gOyHIws\/5YwOb2sR4H44F11qv0U7iAKJPtuG1uT1e5kBinJa9vD2iBI4GDnY0Qbbfmeh9pX4Z31r29TXdpBQa+Lgw3NASVyWgjeSXlNaoBGp6huXp5s\/DiAy9xJn6y6U1b21MTXRv9NZar7I088WwPFl9yYdrs5u3nBFUZz3DfhON3+l0S35ps8sfI9XDMo0NXxAL0n\/RnrXgR6PCXmEKDZe204qigFvNIuUSQD9mCy\/fNLdMMHA==\\\",\\\"enterFrom\\\":\\\"enter_launch\\\",\\\"capability_key\\\":[\\\"erase\\\"],\\\"capability_extra_v2\\\":{\\\"erase\\\":[{\\\"panel\\\":\\\"eliminatePen\\\"}]},\\\"effect_type\\\":\\\"tool\\\",\\\"effect_id\\\":\\\"erase\\\"},\\\"source_type\\\":\\\"douyin_beauty_me\\\"}\"},{\"@type\":\"BreadcrumbList\",\"@id\":\"https:\/\/lysinterfilter.com\/manufacturer\/sintered-ptfe-filter\/#breadcrumb\",\"itemListElement\":[{\"@type\":\"ListItem\",\"position\":1,\"name\":\"Home\",\"item\":\"https:\/\/lysinterfilter.com\/\"},{\"@type\":\"ListItem\",\"position\":2,\"name\":\"Products\",\"item\":\"https:\/\/lysinterfilter.com\/shop\/\"},{\"@type\":\"ListItem\",\"position\":3,\"name\":\"Sintered ptfe filter\"}]},{\"@type\":\"WebSite\",\"@id\":\"https:\/\/lysinterfilter.com\/#website\",\"url\":\"https:\/\/lysinterfilter.com\/\",\"name\":\"Porous Plastic Filter Manufacturer China\",\"description\":\"\",\"potentialAction\":[{\"@type\":\"SearchAction\",\"target\":{\"@type\":\"EntryPoint\",\"urlTemplate\":\"https:\/\/lysinterfilter.com\/?s={search_term_string}\"},\"query-input\":{\"@type\":\"PropertyValueSpecification\",\"valueRequired\":true,\"valueName\":\"search_term_string\"}}],\"inLanguage\":\"da-DK\"}]}<\/script>\n<!-- \/ Yoast SEO plugin. -->","yoast_head_json":{"title":"Sintered ptfe filter - Porous Plastic Filter Manufacturer China","description":"Oplev overlegen filtrering med vores sintrede PTFE-filtre. Disse filtre er konstrueret til enest\u00e5ende kemisk resistens og holdbarhed og giver p\u00e5lidelig ydeevne i kr\u00e6vende applikationer. V\u00e6lg vores PTFE-filtre for effektiv filtrering af h\u00f8j kvalitet.","robots":{"index":"index","follow":"follow","max-snippet":"max-snippet:-1","max-image-preview":"max-image-preview:large","max-video-preview":"max-video-preview:-1"},"canonical":"https:\/\/lysinterfilter.com\/da\/manufacturer\/sintered-ptfe-filter\/","og_locale":"da_DK","og_type":"article","og_title":"Sintered ptfe filter - Porous Plastic Filter Manufacturer China","og_description":"Experience superior filtration with our sintered PTFE filters. Engineered for exceptional chemical resistance and durability, these filters provide reliable performance in demanding applications. Choose our PTFE filters for high-quality, efficient filtration.","og_url":"https:\/\/lysinterfilter.com\/da\/manufacturer\/sintered-ptfe-filter\/","og_site_name":"Porous Plastic Filter Manufacturer China","article_modified_time":"2026-03-02T02:12:22+00:00","og_image":[{"width":1024,"height":902,"url":"https:\/\/lysinterfilter.com\/wp-content\/uploads\/2024\/06\/ptfe.jpg","type":"image\/jpeg"}],"twitter_card":"summary_large_image","twitter_misc":{"Estimeret l\u00e6setid":"2 minutter"},"schema":{"@context":"https:\/\/schema.org","@graph":[{"@type":"WebPage","@id":"https:\/\/lysinterfilter.com\/manufacturer\/sintered-ptfe-filter\/","url":"https:\/\/lysinterfilter.com\/manufacturer\/sintered-ptfe-filter\/","name":"Sintered ptfe filter - Porous Plastic Filter Manufacturer China","isPartOf":{"@id":"https:\/\/lysinterfilter.com\/#website"},"primaryImageOfPage":{"@id":"https:\/\/lysinterfilter.com\/manufacturer\/sintered-ptfe-filter\/#primaryimage"},"image":{"@id":"https:\/\/lysinterfilter.com\/manufacturer\/sintered-ptfe-filter\/#primaryimage"},"thumbnailUrl":"https:\/\/lysinterfilter.com\/wp-content\/uploads\/2024\/06\/ptfe.jpg","datePublished":"2024-06-12T07:37:59+00:00","dateModified":"2026-03-02T02:12:22+00:00","description":"Oplev overlegen filtrering med vores sintrede PTFE-filtre. Disse filtre er konstrueret til enest\u00e5ende kemisk resistens og holdbarhed og giver p\u00e5lidelig ydeevne i kr\u00e6vende applikationer. V\u00e6lg vores PTFE-filtre for effektiv filtrering af h\u00f8j kvalitet.","breadcrumb":{"@id":"https:\/\/lysinterfilter.com\/manufacturer\/sintered-ptfe-filter\/#breadcrumb"},"inLanguage":"da-DK","potentialAction":[{"@type":"ReadAction","target":["https:\/\/lysinterfilter.com\/manufacturer\/sintered-ptfe-filter\/"]}]},{"@type":"ImageObject","inLanguage":"da-DK","@id":"https:\/\/lysinterfilter.com\/manufacturer\/sintered-ptfe-filter\/#primaryimage","url":"https:\/\/lysinterfilter.com\/wp-content\/uploads\/2024\/06\/ptfe.jpg","contentUrl":"https:\/\/lysinterfilter.com\/wp-content\/uploads\/2024\/06\/ptfe.jpg","width":1024,"height":902,"caption":"{\"data\":{\"pictureId\":\"22286d90e45a479381e6d624e0c95c9c\",\"appversion\":\"14.0.0\",\"stickerId\":\"\",\"filterId\":\"\",\"infoStickerId\":\"\",\"imageEffectId\":\"\",\"playId\":\"\",\"activityName\":\"\",\"os\":\"android\",\"product\":\"retouch\",\"originAppId\":\"2515\",\"exportType\":\"\",\"editType\":\"\",\"alias\":\"VS9DpSw9gqS4Jpb71Fnap1XywdiFAjCz92KjNdO+SvFKIcu9JVK7iXVld0bAVUrNIghtAusIVBnNsSiVKCOjOrMRT5nprZJYp4gOyHIws\/5YwOb2sR4H44F11qv0U7iAKJPtuG1uT1e5kBinJa9vD2iBI4GDnY0Qbbfmeh9pX4Z31r29TXdpBQa+Lgw3NASVyWgjeSXlNaoBGp6huXp5s\/DiAy9xJn6y6U1b21MTXRv9NZar7I088WwPFl9yYdrs5u3nBFUZz3DfhON3+l0S35ps8sfI9XDMo0NXxAL0n\/RnrXgR6PCXmEKDZe204qigFvNIuUSQD9mCy\/fNLdMMHA==\",\"enterFrom\":\"enter_launch\",\"capability_key\":[\"erase\"],\"capability_extra_v2\":{\"erase\":[{\"panel\":\"eliminatePen\"}]},\"effect_type\":\"tool\",\"effect_id\":\"erase\"},\"source_type\":\"douyin_beauty_me\"}"},{"@type":"BreadcrumbList","@id":"https:\/\/lysinterfilter.com\/manufacturer\/sintered-ptfe-filter\/#breadcrumb","itemListElement":[{"@type":"ListItem","position":1,"name":"Home","item":"https:\/\/lysinterfilter.com\/"},{"@type":"ListItem","position":2,"name":"Products","item":"https:\/\/lysinterfilter.com\/shop\/"},{"@type":"ListItem","position":3,"name":"Sintered ptfe filter"}]},{"@type":"WebSite","@id":"https:\/\/lysinterfilter.com\/#website","url":"https:\/\/lysinterfilter.com\/","name":"Porous Plastic Filter Manufacturer China","description":"","potentialAction":[{"@type":"SearchAction","target":{"@type":"EntryPoint","urlTemplate":"https:\/\/lysinterfilter.com\/?s={search_term_string}"},"query-input":{"@type":"PropertyValueSpecification","valueRequired":true,"valueName":"search_term_string"}}],"inLanguage":"da-DK"}]}},"_links":{"self":[{"href":"https:\/\/lysinterfilter.com\/da\/wp-json\/wp\/v2\/product\/2077","targetHints":{"allow":["GET"]}}],"collection":[{"href":"https:\/\/lysinterfilter.com\/da\/wp-json\/wp\/v2\/product"}],"about":[{"href":"https:\/\/lysinterfilter.com\/da\/wp-json\/wp\/v2\/types\/product"}],"wp:featuredmedia":[{"embeddable":true,"href":"https:\/\/lysinterfilter.com\/da\/wp-json\/wp\/v2\/media\/2667"}],"wp:attachment":[{"href":"https:\/\/lysinterfilter.com\/da\/wp-json\/wp\/v2\/media?parent=2077"}],"wp:term":[{"taxonomy":"product_brand","embeddable":true,"href":"https:\/\/lysinterfilter.com\/da\/wp-json\/wp\/v2\/product_brand?post=2077"},{"taxonomy":"product_cat","embeddable":true,"href":"https:\/\/lysinterfilter.com\/da\/wp-json\/wp\/v2\/product_cat?post=2077"},{"taxonomy":"product_tag","embeddable":true,"href":"https:\/\/lysinterfilter.com\/da\/wp-json\/wp\/v2\/product_tag?post=2077"}],"curies":[{"name":"wp","href":"https:\/\/api.w.org\/{rel}","templated":true}]}}