{"id":2029,"date":"2024-06-11T08:33:51","date_gmt":"2024-06-11T08:33:51","guid":{"rendered":"https:\/\/lysinterfilter.com\/?post_type=product&#038;p=2029"},"modified":"2026-02-28T05:54:36","modified_gmt":"2026-02-28T05:54:36","slug":"self-sealing-filters-2","status":"publish","type":"product","link":"https:\/\/lysinterfilter.com\/da\/manufacturer\/self-sealing-filters-2\/","title":{"rendered":"Selvt\u00e6ttende filtre til perifere venekatetre"},"content":{"rendered":"<div class=\"row\"  id=\"row-1494657650\">\n\n\t<div id=\"col-1964889607\" class=\"col small-12 large-12\"  >\n\t\t\t\t<div class=\"col-inner\"  >\n\t\t\t\n\t\t\t\n<h2>Produktdetaljer<\/h2>\n<h4><strong>Indledning:<\/strong><\/h4>\n<p>Intraven\u00f8s terapi med et perifert venekateter (PVC) er en udbredt indgivelsesvej i klinisk praksis, hvor enhver resterende luft b\u00f8r udelukkes fra kateterets indre. At udelukke luftbobler er kompliceret og tidskr\u00e6vende, hvilket normalt for\u00e5rsager medicinspild og jordforurening, hvis man bruger traditionel PVC. Medicin (is\u00e6r antibiotika) eksponeret i luften kan f\u00f8re til antibiotikaresistens og andre problemer.<\/p>\n<p>Selvforseglende filtre arbejder med perifere venekatetre for at forenkle udelukkelse af luftbobler, hvilket sikrer en engangs succesrate p\u00e5 n\u00e6sten 100% og effektivt forhindrer medicin i at spilde.<\/p>\n<h4>Funktioner:<\/h4>\n<p>Fremstillet af ultrarent UHMW-PE materiale, der undg\u00e5r forurenende medicin.<\/p>\n<p>H\u00f8jpr\u00e6cession tilpasning, der sikrer perfekt tilpasning mellem filtre og perifer venekatete<\/p>\n<div class=\"row row-small align-equal\"  id=\"row-475769626\">\n\n\t<div id=\"col-1478027056\" class=\"col medium-4 small-12 large-4\"  >\n\t\t\t\t<div class=\"col-inner box-shadow-1\"  >\n\t\t\t\n\t\t\t\n\t<div class=\"box has-hover   has-hover box-text-bottom\" >\n\n\t\t<div class=\"box-image\" >\n\t\t\t\t\t\t<div class=\"\" >\n\t\t\t\t<img loading=\"lazy\" decoding=\"async\" width=\"400\" height=\"210\" src=\"https:\/\/lysinterfilter.com\/wp-content\/uploads\/2024\/06\/88.webp\" class=\"attachment-original size-original\" alt=\"\" srcset=\"https:\/\/lysinterfilter.com\/wp-content\/uploads\/2024\/06\/88.webp 400w, https:\/\/lysinterfilter.com\/wp-content\/uploads\/2024\/06\/88-300x158.webp 300w, https:\/\/lysinterfilter.com\/wp-content\/uploads\/2024\/06\/88-18x9.webp 18w\" sizes=\"auto, (max-width: 400px) 100vw, 400px\" \/>\t\t\t\t\t\t\t\t\t\t\t<\/div>\n\t\t\t\t\t<\/div>\n\n\t\t<div class=\"box-text text-center\" >\n\t\t\t<div class=\"box-text-inner\">\n\t\t\t\t\n\t<div id=\"text-1882139615\" class=\"text\">\n\t\t\n<p>Typisk st\u00f8rrelse (til LY-CF36-45)<br \/>\n\t\t\n<style>\n#text-1882139615 {\n  text-align: left;\n}\n<\/style>\n\t<\/div>\n\t\n\t\t\t<\/div>\n\t\t<\/div>\n\t<\/div>\n\t\n\t\t<\/div>\n\t\t\t\t\n<style>\n#col-1478027056 > .col-inner {\n  padding: 10px 10px 10px 10px;\n}\n<\/style>\n\t<\/div>\n\n\t\n\n\t<div id=\"col-1328499647\" class=\"col medium-4 small-12 large-4\"  >\n\t\t\t\t<div class=\"col-inner box-shadow-1\"  >\n\t\t\t\n\t\t\t\n\t<div class=\"box has-hover   has-hover box-text-bottom\" >\n\n\t\t<div class=\"box-image\" >\n\t\t\t\t\t\t<div class=\"\" >\n\t\t\t\t<img loading=\"lazy\" decoding=\"async\" width=\"400\" height=\"210\" src=\"https:\/\/lysinterfilter.com\/wp-content\/uploads\/2024\/06\/89.webp\" class=\"attachment-original size-original\" alt=\"\" srcset=\"https:\/\/lysinterfilter.com\/wp-content\/uploads\/2024\/06\/89.webp 400w, https:\/\/lysinterfilter.com\/wp-content\/uploads\/2024\/06\/89-300x158.webp 300w, https:\/\/lysinterfilter.com\/wp-content\/uploads\/2024\/06\/89-18x9.webp 18w\" sizes=\"auto, (max-width: 400px) 100vw, 400px\" \/>\t\t\t\t\t\t\t\t\t\t\t<\/div>\n\t\t\t\t\t<\/div>\n\n\t\t<div class=\"box-text text-center\" >\n\t\t\t<div class=\"box-text-inner\">\n\t\t\t\t\n\t<div id=\"text-866047207\" class=\"text\">\n\t\t\n<p>Perifere venekatetre med selvforseglende filtre<br \/>\n\t\t\n<style>\n#text-866047207 {\n  text-align: left;\n}\n<\/style>\n\t<\/div>\n\t\n\t\t\t<\/div>\n\t\t<\/div>\n\t<\/div>\n\t\n\t\t<\/div>\n\t\t\t\t\n<style>\n#col-1328499647 > .col-inner {\n  padding: 10px 10px 10px 10px;\n}\n<\/style>\n\t<\/div>\n\n\t\n\n\t<div id=\"col-1407291\" class=\"col medium-4 small-12 large-4\"  >\n\t\t\t\t<div class=\"col-inner box-shadow-1\"  >\n\t\t\t\n\t\t\t\n\t<div class=\"box has-hover   has-hover box-text-bottom\" >\n\n\t\t<div class=\"box-image\" >\n\t\t\t\t\t\t<div class=\"\" >\n\t\t\t\t<img loading=\"lazy\" decoding=\"async\" width=\"400\" height=\"210\" src=\"https:\/\/lysinterfilter.com\/wp-content\/uploads\/2024\/06\/90.webp\" class=\"attachment-original size-original\" alt=\"\" srcset=\"https:\/\/lysinterfilter.com\/wp-content\/uploads\/2024\/06\/90.webp 400w, https:\/\/lysinterfilter.com\/wp-content\/uploads\/2024\/06\/90-300x158.webp 300w, https:\/\/lysinterfilter.com\/wp-content\/uploads\/2024\/06\/90-18x9.webp 18w\" sizes=\"auto, (max-width: 400px) 100vw, 400px\" \/>\t\t\t\t\t\t\t\t\t\t\t<\/div>\n\t\t\t\t\t<\/div>\n\n\t\t<div class=\"box-text text-center\" >\n\t\t\t<div class=\"box-text-inner\">\n\t\t\t\t\n\t<div id=\"text-2350129190\" class=\"text\">\n\t\t\n<p>Filtre til perifere venekatetre<br \/>\n\t\t\n<style>\n#text-2350129190 {\n  text-align: left;\n}\n<\/style>\n\t<\/div>\n\t\n\t\t\t<\/div>\n\t\t<\/div>\n\t<\/div>\n\t\n\t\t<\/div>\n\t\t\t\t\n<style>\n#col-1407291 > .col-inner {\n  padding: 10px 10px 10px 10px;\n}\n<\/style>\n\t<\/div>\n\n\t\n<\/div>\n<h3><strong>Ordreoplysninger:<\/strong><\/h3>\n<div style=\"overflow: auto;\">\n<div style=\"overflow: auto;\">\n<div style=\"overflow: auto;\">\n<div style=\"overflow: auto;\">\n<table border=\"\u201d1\u2033\" width=\"\u201d3000px\u201d\" align=\"\u201dcenter\u201d\">\n<tbody>\n<tr style=\"background-color: #f2f2f2;\">\n<th style=\"border: 1px solid #dddddd; padding: 8px;\">Kat. #<\/th>\n<th style=\"border: 1px solid #dddddd; padding: 8px;\">Diameter<\/th>\n<th style=\"border: 1px solid #dddddd; padding: 8px;\">Tykkelse<\/th>\n<th style=\"border: 1px solid #dddddd; padding: 8px;\">Brug<\/th>\n<th style=\"border: 1px solid #dddddd; padding: 8px;\">Antal.<\/th>\n<\/tr>\n<tr style=\"background-color: #f2f2f2;\">\n<td style=\"border: 1px solid #dddddd; padding: 8px;\">LY-CF36-45<\/td>\n<td style=\"border: 1px solid #dddddd; padding: 8px;\">3,6 mm<\/td>\n<td style=\"border: 1px solid #dddddd; padding: 8px;\">4,5 mm<\/td>\n<td style=\"border: 1px solid #dddddd; padding: 8px;\">Til perifere venekatetre<\/td>\n<td style=\"border: 1px solid #dddddd; padding: 8px;\">10.000 STK\/\u00c6ske<\/td>\n<\/tr>\n<tr>\n<td style=\"border: 1px solid #dddddd; padding: 8px;\">Tilpassede filtre<\/td>\n<\/tr>\n<\/tbody>\n<\/table>\n<\/div>\n<\/div>\n\t\t<\/div>\n\t\t\t\t\t<\/div>\n\n\t\n\n\t<div id=\"col-1737784548\" class=\"col small-12 large-12\"  >\n\t\t\t\t<div class=\"col-inner\"  >\n\t\t\t\n\t\t\t\n<h2>Anvendelse<\/h2>\n\t<div class=\"img has-hover x md-x lg-x y md-y lg-y\" id=\"image_1789603948\">\n\t\t\t\t\t\t\t\t<div class=\"img-inner dark\" >\n\t\t\t<img loading=\"lazy\" decoding=\"async\" width=\"750\" height=\"350\" src=\"https:\/\/lysinterfilter.com\/wp-content\/uploads\/2024\/06\/Application.webp\" class=\"attachment-original size-original\" alt=\"\" srcset=\"https:\/\/lysinterfilter.com\/wp-content\/uploads\/2024\/06\/Application.webp 750w, https:\/\/lysinterfilter.com\/wp-content\/uploads\/2024\/06\/Application-300x140.webp 300w, https:\/\/lysinterfilter.com\/wp-content\/uploads\/2024\/06\/Application-18x8.webp 18w, https:\/\/lysinterfilter.com\/wp-content\/uploads\/2024\/06\/Application-600x280.webp 600w\" sizes=\"auto, (max-width: 750px) 100vw, 750px\" \/>\t\t\t\t\t\t\n\t\t\t\t\t<\/div>\n\t\t\t\t\t\t\t\t\n<style>\n#image_1789603948 {\n  width: 100%;\n}\n<\/style>\n\t<\/div>\n\t\n<p>A.Farmaceutisk industri<\/p>\n<p>(1) Stor infusion af vand, dekarbonisering af farmaceutiske mellemprodukter<\/p>\n<p>filtrering; g\u00e6ringsbouillon, oral v\u00e6ske<\/p>\n<p>(2) Pulver aktivt kul med affarvningsfilter (medicinsk v\u00e6ske<\/p>\n<p>glukose, antibiotika, syntetisk medicin, pr\u00e6parat, kinesisk urtemedicin<\/p>\n<p>v\u00e6ske osv.)<\/p>\n<p>(3) Injektionsv\u00e6ske<\/p>\n<p>(4)Injektionsluftfilter<\/p>\n<p>(5) Injektionsvaskeflaskevand<\/p>\n<p>(6) Medicinsk spiritusfiltrering<\/p>\n<p>B.Kemisk industri<\/p>\n<p>(1) Aluminiumhydroxidfiltrering og vask<\/p>\n<p>(2)Palladiumkatalysatorfiltrering og vask<\/p>\n<p>(3) Fosforfiltrering og vask<\/p>\n<p>(4) Zinkcarbonatfiltrering<\/p>\n<p>(5) Filtrering af natriumcarbonatopl\u00f8sning<\/p>\n<p>(6) Bariumsulfatfiltrering og vask<\/p>\n<p>(7)Cadmiumsulfidfiltrering og vask<\/p>\n<p>C.Kemisk fiber- og tekstilindustri<\/p>\n<p>(1) Syrebadsfiltrering<\/p>\n<p>(2)Svovl- og akrylsyrerensningsfiltrering<\/p>\n<p>(3) Silkevandspr\u00e6cisionsfiltrering<\/p>\n<p>D.Let industri og f\u00f8devareindustri<\/p>\n<p>(1) Sirupfiltrering<\/p>\n<p>(2) Drikfiltrering<\/p>\n<p>(3) Filtrering af vin og terpentin<\/p>\n<p>(4) Vegetabilsk olie pr\u00e6cisionsfiltrering<\/p>\n<p>(5) Filtrering af \u00e6terisk olie<\/p>\n<p>(6) Mineralvandsfiltrering<\/p>\n<p>E. Maskin- og olieindustri<\/p>\n<p>(1) Filtrering af pletteringsopl\u00f8sning<\/p>\n<p>(2) Forbr\u00e6ndingsmotorens rensev\u00e6ske pr\u00e6cisionsfiltrering<\/p>\n<p>(3) Filtrering af oliefeltvask<\/p>\n<p>(4) Ultrarent vandudstyr til elektrisk industri<\/p>\n<p>F. Spildevandsbehandling<\/p>\n<p>(1) Tung mental hydroxid spildevandsbehandling<\/p>\n<p>(2)Blandet tungmetaller spildevandsrensning<\/p>\n<p>(3)Kemisk spildevandsbehandling<\/p>\n<p>(4) Keramisk spildevandsbehandling<\/p>\n<p>(5)Aluminiumholdig spildevandsbehandling<\/p>\n<p>(6)Anden spildevandsbehandling<\/p>\n\t\t<\/div>\n\t\t\t\t\t<\/div>\n\n\t\n\n\t<div id=\"col-1552608480\" class=\"col small-12 large-12\"  >\n\t\t\t\t<div class=\"col-inner\"  >\n\t\t\t\n\t\t\t\n<h2>Certificeringer<\/h2>\n\t<div class=\"img has-hover x md-x lg-x y md-y lg-y\" id=\"image_1430853438\">\n\t\t\t\t\t\t\t\t<div class=\"img-inner dark\" >\n\t\t\t<img loading=\"lazy\" decoding=\"async\" width=\"750\" height=\"450\" src=\"https:\/\/lysinterfilter.com\/wp-content\/uploads\/2024\/06\/Certifications.webp\" class=\"attachment-original size-original\" alt=\"\" srcset=\"https:\/\/lysinterfilter.com\/wp-content\/uploads\/2024\/06\/Certifications.webp 750w, https:\/\/lysinterfilter.com\/wp-content\/uploads\/2024\/06\/Certifications-300x180.webp 300w, https:\/\/lysinterfilter.com\/wp-content\/uploads\/2024\/06\/Certifications-18x12.webp 18w, https:\/\/lysinterfilter.com\/wp-content\/uploads\/2024\/06\/Certifications-600x360.webp 600w\" sizes=\"auto, (max-width: 750px) 100vw, 750px\" \/>\t\t\t\t\t\t\n\t\t\t\t\t<\/div>\n\t\t\t\t\t\t\t\t\n<style>\n#image_1430853438 {\n  width: 100%;\n}\n<\/style>\n\t<\/div>\n\t\n\t\t<\/div>\n\t\t\t\t\t<\/div>\n\n\t\n<\/div><\/div>\n<\/div>","protected":false},"excerpt":{"rendered":"<ul>\n<li>MOQ:<span id=\"dr_show_hits_179\">1 PC<\/span><\/li>\n<li>Tilpasset: Accepteret<\/li>\n<li>Brand\uff1aOEM<\/li>\n<li>Leveringstid: Inden for 7 dage<\/li>\n<li>Certificering: CE; ISO 9001<\/li>\n<li>Send e-mail:<\/li>\n<li><a href=\"mailto:info@lysinterfilter.com\">info@lysinterfilter.com<\/a><\/li>\n<\/ul>","protected":false},"featured_media":2689,"template":"","meta":[],"product_brand":[],"product_cat":[40],"product_tag":[],"class_list":{"0":"post-2029","1":"product","2":"type-product","3":"status-publish","4":"has-post-thumbnail","6":"product_cat-medical-filters","8":"first","9":"instock","10":"shipping-taxable","11":"product-type-simple"},"yoast_head":"<!-- This site is optimized with the Yoast SEO plugin v27.2 - https:\/\/yoast.com\/product\/yoast-seo-wordpress\/ -->\n<title>Self sealing Filters for Peripheral Venous Catheters - Porous Plastic Filter Manufacturer China<\/title>\n<meta name=\"description\" content=\"Experience hassle-free installation and exceptional filtration with our self sealing filters. Designed to provide airtight seals and dependable performance in various applications,\" \/>\n<meta name=\"robots\" content=\"index, follow, max-snippet:-1, max-image-preview:large, max-video-preview:-1\" \/>\n<link rel=\"canonical\" href=\"https:\/\/lysinterfilter.com\/da\/manufacturer\/self-sealing-filters-2\/\" \/>\n<meta property=\"og:locale\" content=\"da_DK\" \/>\n<meta property=\"og:type\" content=\"article\" \/>\n<meta property=\"og:title\" content=\"Self sealing Filters for Peripheral Venous Catheters - Porous Plastic Filter Manufacturer China\" \/>\n<meta property=\"og:description\" content=\"Experience hassle-free installation and exceptional filtration with our self sealing filters. Designed to provide airtight seals and dependable performance in various applications,\" \/>\n<meta property=\"og:url\" content=\"https:\/\/lysinterfilter.com\/da\/manufacturer\/self-sealing-filters-2\/\" \/>\n<meta property=\"og:site_name\" content=\"Porous Plastic Filter Manufacturer China\" \/>\n<meta property=\"article:modified_time\" content=\"2026-02-28T05:54:36+00:00\" \/>\n<meta property=\"og:image\" content=\"https:\/\/lysinterfilter.com\/wp-content\/uploads\/2024\/06\/sff.jpg\" \/>\n\t<meta property=\"og:image:width\" content=\"1024\" \/>\n\t<meta property=\"og:image:height\" content=\"902\" \/>\n\t<meta property=\"og:image:type\" content=\"image\/jpeg\" \/>\n<meta name=\"twitter:card\" content=\"summary_large_image\" \/>\n<meta name=\"twitter:label1\" content=\"Estimeret l\u00e6setid\" \/>\n\t<meta name=\"twitter:data1\" content=\"2 minutter\" \/>\n<script type=\"application\/ld+json\" class=\"yoast-schema-graph\">{\"@context\":\"https:\/\/schema.org\",\"@graph\":[{\"@type\":\"WebPage\",\"@id\":\"https:\/\/lysinterfilter.com\/manufacturer\/self-sealing-filters-2\/\",\"url\":\"https:\/\/lysinterfilter.com\/manufacturer\/self-sealing-filters-2\/\",\"name\":\"Self sealing Filters for Peripheral Venous Catheters - Porous Plastic Filter Manufacturer China\",\"isPartOf\":{\"@id\":\"https:\/\/lysinterfilter.com\/#website\"},\"primaryImageOfPage\":{\"@id\":\"https:\/\/lysinterfilter.com\/manufacturer\/self-sealing-filters-2\/#primaryimage\"},\"image\":{\"@id\":\"https:\/\/lysinterfilter.com\/manufacturer\/self-sealing-filters-2\/#primaryimage\"},\"thumbnailUrl\":\"https:\/\/lysinterfilter.com\/wp-content\/uploads\/2024\/06\/sff.jpg\",\"datePublished\":\"2024-06-11T08:33:51+00:00\",\"dateModified\":\"2026-02-28T05:54:36+00:00\",\"description\":\"Experience hassle-free installation and exceptional filtration with our self sealing filters. Designed to provide airtight seals and dependable performance in various applications,\",\"breadcrumb\":{\"@id\":\"https:\/\/lysinterfilter.com\/manufacturer\/self-sealing-filters-2\/#breadcrumb\"},\"inLanguage\":\"da-DK\",\"potentialAction\":[{\"@type\":\"ReadAction\",\"target\":[\"https:\/\/lysinterfilter.com\/manufacturer\/self-sealing-filters-2\/\"]}]},{\"@type\":\"ImageObject\",\"inLanguage\":\"da-DK\",\"@id\":\"https:\/\/lysinterfilter.com\/manufacturer\/self-sealing-filters-2\/#primaryimage\",\"url\":\"https:\/\/lysinterfilter.com\/wp-content\/uploads\/2024\/06\/sff.jpg\",\"contentUrl\":\"https:\/\/lysinterfilter.com\/wp-content\/uploads\/2024\/06\/sff.jpg\",\"width\":1024,\"height\":902,\"caption\":\"{\\\"data\\\":{\\\"pictureId\\\":\\\"07aa1dbd6f264504aa3904207b19366d\\\",\\\"appversion\\\":\\\"14.0.0\\\",\\\"stickerId\\\":\\\"\\\",\\\"filterId\\\":\\\"\\\",\\\"infoStickerId\\\":\\\"\\\",\\\"imageEffectId\\\":\\\"\\\",\\\"playId\\\":\\\"\\\",\\\"activityName\\\":\\\"\\\",\\\"os\\\":\\\"android\\\",\\\"product\\\":\\\"retouch\\\",\\\"originAppId\\\":\\\"2515\\\",\\\"exportType\\\":\\\"\\\",\\\"editType\\\":\\\"\\\",\\\"alias\\\":\\\"gD9Mt7s+EM4O1EuZ905uSWpypwZjFXqgLZuXhF2ff\/5yPqYjkrIeV4lx2uuvO6Tszl03Xr\/hE6nZnogyQm2gQ0sRMiE73LxLNxl+dX4kgBosX73YWirMvOCpeNeM\/mH0k4DLS\/Qg1jaaNmB\/C\/eepeXdGT4PWeENtvpgwB1sUFAEVT\/z0o3eTQE6r2golGAm4ln41OdyJ41oqQ1e0GeF2DC5kL4a0fFulHpSw29GqxlHC5N5Sa+6zkRWlSIvsN\/MfFVM4uPFmrAq7DJm9XnM\/fdS8EtME2o0JfircSAo8g9LMTuEsEUZabPdfHLansWN5RpEXEPjPs56ZZWGsldl5g==\\\",\\\"enterFrom\\\":\\\"enter_launch\\\",\\\"capability_key\\\":[\\\"erase\\\"],\\\"capability_extra_v2\\\":{\\\"erase\\\":[{\\\"panel\\\":\\\"magic_eliminate\\\"}]},\\\"effect_type\\\":\\\"tool\\\",\\\"effect_id\\\":\\\"erase\\\"},\\\"source_type\\\":\\\"douyin_beauty_me\\\"}\"},{\"@type\":\"BreadcrumbList\",\"@id\":\"https:\/\/lysinterfilter.com\/manufacturer\/self-sealing-filters-2\/#breadcrumb\",\"itemListElement\":[{\"@type\":\"ListItem\",\"position\":1,\"name\":\"Home\",\"item\":\"https:\/\/lysinterfilter.com\/\"},{\"@type\":\"ListItem\",\"position\":2,\"name\":\"Products\",\"item\":\"https:\/\/lysinterfilter.com\/shop\/\"},{\"@type\":\"ListItem\",\"position\":3,\"name\":\"Self sealing Filters for Peripheral Venous Catheters\"}]},{\"@type\":\"WebSite\",\"@id\":\"https:\/\/lysinterfilter.com\/#website\",\"url\":\"https:\/\/lysinterfilter.com\/\",\"name\":\"Porous Plastic Filter Manufacturer China\",\"description\":\"\",\"potentialAction\":[{\"@type\":\"SearchAction\",\"target\":{\"@type\":\"EntryPoint\",\"urlTemplate\":\"https:\/\/lysinterfilter.com\/?s={search_term_string}\"},\"query-input\":{\"@type\":\"PropertyValueSpecification\",\"valueRequired\":true,\"valueName\":\"search_term_string\"}}],\"inLanguage\":\"da-DK\"}]}<\/script>\n<!-- \/ Yoast SEO plugin. -->","yoast_head_json":{"title":"Self sealing Filters for Peripheral Venous Catheters - Porous Plastic Filter Manufacturer China","description":"Oplev problemfri installation og exceptionel filtrering med vores selvforseglende filtre. Designet til at give luftt\u00e6tte forseglinger og p\u00e5lidelig ydeevne i forskellige applikationer,","robots":{"index":"index","follow":"follow","max-snippet":"max-snippet:-1","max-image-preview":"max-image-preview:large","max-video-preview":"max-video-preview:-1"},"canonical":"https:\/\/lysinterfilter.com\/da\/manufacturer\/self-sealing-filters-2\/","og_locale":"da_DK","og_type":"article","og_title":"Self sealing Filters for Peripheral Venous Catheters - Porous Plastic Filter Manufacturer China","og_description":"Experience hassle-free installation and exceptional filtration with our self sealing filters. Designed to provide airtight seals and dependable performance in various applications,","og_url":"https:\/\/lysinterfilter.com\/da\/manufacturer\/self-sealing-filters-2\/","og_site_name":"Porous Plastic Filter Manufacturer China","article_modified_time":"2026-02-28T05:54:36+00:00","og_image":[{"width":1024,"height":902,"url":"https:\/\/lysinterfilter.com\/wp-content\/uploads\/2024\/06\/sff.jpg","type":"image\/jpeg"}],"twitter_card":"summary_large_image","twitter_misc":{"Estimeret l\u00e6setid":"2 minutter"},"schema":{"@context":"https:\/\/schema.org","@graph":[{"@type":"WebPage","@id":"https:\/\/lysinterfilter.com\/manufacturer\/self-sealing-filters-2\/","url":"https:\/\/lysinterfilter.com\/manufacturer\/self-sealing-filters-2\/","name":"Self sealing Filters for Peripheral Venous Catheters - Porous Plastic Filter Manufacturer China","isPartOf":{"@id":"https:\/\/lysinterfilter.com\/#website"},"primaryImageOfPage":{"@id":"https:\/\/lysinterfilter.com\/manufacturer\/self-sealing-filters-2\/#primaryimage"},"image":{"@id":"https:\/\/lysinterfilter.com\/manufacturer\/self-sealing-filters-2\/#primaryimage"},"thumbnailUrl":"https:\/\/lysinterfilter.com\/wp-content\/uploads\/2024\/06\/sff.jpg","datePublished":"2024-06-11T08:33:51+00:00","dateModified":"2026-02-28T05:54:36+00:00","description":"Oplev problemfri installation og exceptionel filtrering med vores selvforseglende filtre. Designet til at give luftt\u00e6tte forseglinger og p\u00e5lidelig ydeevne i forskellige applikationer,","breadcrumb":{"@id":"https:\/\/lysinterfilter.com\/manufacturer\/self-sealing-filters-2\/#breadcrumb"},"inLanguage":"da-DK","potentialAction":[{"@type":"ReadAction","target":["https:\/\/lysinterfilter.com\/manufacturer\/self-sealing-filters-2\/"]}]},{"@type":"ImageObject","inLanguage":"da-DK","@id":"https:\/\/lysinterfilter.com\/manufacturer\/self-sealing-filters-2\/#primaryimage","url":"https:\/\/lysinterfilter.com\/wp-content\/uploads\/2024\/06\/sff.jpg","contentUrl":"https:\/\/lysinterfilter.com\/wp-content\/uploads\/2024\/06\/sff.jpg","width":1024,"height":902,"caption":"{\"data\":{\"pictureId\":\"07aa1dbd6f264504aa3904207b19366d\",\"appversion\":\"14.0.0\",\"stickerId\":\"\",\"filterId\":\"\",\"infoStickerId\":\"\",\"imageEffectId\":\"\",\"playId\":\"\",\"activityName\":\"\",\"os\":\"android\",\"product\":\"retouch\",\"originAppId\":\"2515\",\"exportType\":\"\",\"editType\":\"\",\"alias\":\"gD9Mt7s+EM4O1EuZ905uSWpypwZjFXqgLZuXhF2ff\/5yPqYjkrIeV4lx2uuvO6Tszl03Xr\/hE6nZnogyQm2gQ0sRMiE73LxLNxl+dX4kgBosX73YWirMvOCpeNeM\/mH0k4DLS\/Qg1jaaNmB\/C\/eepeXdGT4PWeENtvpgwB1sUFAEVT\/z0o3eTQE6r2golGAm4ln41OdyJ41oqQ1e0GeF2DC5kL4a0fFulHpSw29GqxlHC5N5Sa+6zkRWlSIvsN\/MfFVM4uPFmrAq7DJm9XnM\/fdS8EtME2o0JfircSAo8g9LMTuEsEUZabPdfHLansWN5RpEXEPjPs56ZZWGsldl5g==\",\"enterFrom\":\"enter_launch\",\"capability_key\":[\"erase\"],\"capability_extra_v2\":{\"erase\":[{\"panel\":\"magic_eliminate\"}]},\"effect_type\":\"tool\",\"effect_id\":\"erase\"},\"source_type\":\"douyin_beauty_me\"}"},{"@type":"BreadcrumbList","@id":"https:\/\/lysinterfilter.com\/manufacturer\/self-sealing-filters-2\/#breadcrumb","itemListElement":[{"@type":"ListItem","position":1,"name":"Home","item":"https:\/\/lysinterfilter.com\/"},{"@type":"ListItem","position":2,"name":"Products","item":"https:\/\/lysinterfilter.com\/shop\/"},{"@type":"ListItem","position":3,"name":"Self sealing Filters for Peripheral Venous Catheters"}]},{"@type":"WebSite","@id":"https:\/\/lysinterfilter.com\/#website","url":"https:\/\/lysinterfilter.com\/","name":"Porous Plastic Filter Manufacturer China","description":"","potentialAction":[{"@type":"SearchAction","target":{"@type":"EntryPoint","urlTemplate":"https:\/\/lysinterfilter.com\/?s={search_term_string}"},"query-input":{"@type":"PropertyValueSpecification","valueRequired":true,"valueName":"search_term_string"}}],"inLanguage":"da-DK"}]}},"_links":{"self":[{"href":"https:\/\/lysinterfilter.com\/da\/wp-json\/wp\/v2\/product\/2029","targetHints":{"allow":["GET"]}}],"collection":[{"href":"https:\/\/lysinterfilter.com\/da\/wp-json\/wp\/v2\/product"}],"about":[{"href":"https:\/\/lysinterfilter.com\/da\/wp-json\/wp\/v2\/types\/product"}],"wp:featuredmedia":[{"embeddable":true,"href":"https:\/\/lysinterfilter.com\/da\/wp-json\/wp\/v2\/media\/2689"}],"wp:attachment":[{"href":"https:\/\/lysinterfilter.com\/da\/wp-json\/wp\/v2\/media?parent=2029"}],"wp:term":[{"taxonomy":"product_brand","embeddable":true,"href":"https:\/\/lysinterfilter.com\/da\/wp-json\/wp\/v2\/product_brand?post=2029"},{"taxonomy":"product_cat","embeddable":true,"href":"https:\/\/lysinterfilter.com\/da\/wp-json\/wp\/v2\/product_cat?post=2029"},{"taxonomy":"product_tag","embeddable":true,"href":"https:\/\/lysinterfilter.com\/da\/wp-json\/wp\/v2\/product_tag?post=2029"}],"curies":[{"name":"wp","href":"https:\/\/api.w.org\/{rel}","templated":true}]}}