{"id":2015,"date":"2024-06-11T07:53:04","date_gmt":"2024-06-11T07:53:04","guid":{"rendered":"https:\/\/lysinterfilter.com\/?post_type=product&#038;p=2015"},"modified":"2026-02-28T07:07:29","modified_gmt":"2026-02-28T07:07:29","slug":"self-sealing-filters-for-suction-canisters-liners","status":"publish","type":"product","link":"https:\/\/lysinterfilter.com\/da\/manufacturer\/self-sealing-filters-for-suction-canisters-liners\/","title":{"rendered":"Selvt\u00e6ttende filtre til sugebeholdere \/ liners"},"content":{"rendered":"<div class=\"row\"  id=\"row-689158130\">\n\n\t<div id=\"col-635718261\" class=\"col small-12 large-12\"  >\n\t\t\t\t<div class=\"col-inner\"  >\n\t\t\t\n\t\t\t\n<h2>Produktdetaljer<\/h2>\n<h3><strong>Indledning:<\/strong><\/h3>\n<p>Sugebeholdere \/ liners er blevet brugt i vid udstr\u00e6kning til bortskaffelse og behandling af affald p\u00e5 hospitaler. Luft udsuges frit gennem selvt\u00e6tnende filtre, s\u00e5 spildv\u00e6ske opsamles i sugebeholdere. N\u00e5r de er kommet i kontakt med affaldsv\u00e6ske, vil selvlukkende filtre blive forseglet med det samme (selvforseglende effekt) og forhindre spildv\u00e6ske i at spilde, hvilket beskytter medicinsk udstyr og omgivelser mod at blive kontamineret.<\/p>\n<h3><strong>Funktioner:\u00a0\u00a0<\/strong><\/h3>\n<p>Arbejdstryk &gt; 50 kPa, svarende til tryk p\u00e5 5-10 m vand<\/p>\n<p>Strenge kvalitetstest, der overholder medicinske krav<\/p>\n<div class=\"row row-small\"  id=\"row-119760021\">\n\n\t<div id=\"col-2130268981\" class=\"col medium-5 small-12 large-5\"  >\n\t\t\t\t<div class=\"col-inner\"  >\n\t\t\t\n\t\t\t\n\t<div class=\"box has-hover   has-hover box-text-bottom\" >\n\n\t\t<div class=\"box-image\" >\n\t\t\t\t\t\t<div class=\"\" >\n\t\t\t\t<img loading=\"lazy\" decoding=\"async\" width=\"300\" height=\"210\" src=\"https:\/\/lysinterfilter.com\/wp-content\/uploads\/2024\/06\/80.webp\" class=\"attachment-original size-original\" alt=\"\" srcset=\"https:\/\/lysinterfilter.com\/wp-content\/uploads\/2024\/06\/80.webp 300w, https:\/\/lysinterfilter.com\/wp-content\/uploads\/2024\/06\/80-18x12.webp 18w\" sizes=\"auto, (max-width: 300px) 100vw, 300px\" \/>\t\t\t\t\t\t\t\t\t\t\t<\/div>\n\t\t\t\t\t<\/div>\n\n\t\t<div class=\"box-text text-center\" >\n\t\t\t<div class=\"box-text-inner\">\n\t\t\t\t\n<p><strong>\u00a0 Typisk st\u00f8rrelse (til IPA252)<\/strong><\/p>\n\t\t\t<\/div>\n\t\t<\/div>\n\t<\/div>\n\t\n\t\t<\/div>\n\t\t\t\t\t<\/div>\n\n\t\n\n\t<div id=\"col-901669916\" class=\"col medium-7 small-12 large-7\"  >\n\t\t\t\t<div class=\"col-inner\"  >\n\t\t\t\n\t\t\t\n\t<div class=\"box has-hover   has-hover box-text-bottom\" >\n\n\t\t<div class=\"box-image\" >\n\t\t\t\t\t\t<div class=\"\" >\n\t\t\t\t<img loading=\"lazy\" decoding=\"async\" width=\"484\" height=\"210\" src=\"https:\/\/lysinterfilter.com\/wp-content\/uploads\/2024\/06\/81.webp\" class=\"attachment-original size-original\" alt=\"\" srcset=\"https:\/\/lysinterfilter.com\/wp-content\/uploads\/2024\/06\/81.webp 484w, https:\/\/lysinterfilter.com\/wp-content\/uploads\/2024\/06\/81-300x130.webp 300w, https:\/\/lysinterfilter.com\/wp-content\/uploads\/2024\/06\/81-18x8.webp 18w\" sizes=\"auto, (max-width: 484px) 100vw, 484px\" \/>\t\t\t\t\t\t\t\t\t\t\t<\/div>\n\t\t\t\t\t<\/div>\n\n\t\t<div class=\"box-text text-center\" >\n\t\t\t<div class=\"box-text-inner\">\n\t\t\t\t\n\t<div id=\"text-2147048742\" class=\"text\">\n\t\t\n<p>Typiske filtre til sugebeholdere: LY-IPA160-245-X, LY-IPA190-292-X, LY-IPA252, LY-IPA276 (fra venstre mod h\u00f8jre)<br \/>\n\t\t\n<style>\n#text-2147048742 {\n  text-align: left;\n}\n<\/style>\n\t<\/div>\n\t\n\t\t\t<\/div>\n\t\t<\/div>\n\t<\/div>\n\t\n\t\t<\/div>\n\t\t\t\t\t<\/div>\n\n\t\n<\/div>\n<h3><strong>Billeder:<\/strong><\/h3>\n\t<div class=\"img has-hover x md-x lg-x y md-y lg-y\" id=\"image_1851318239\">\n\t\t\t\t\t\t\t\t<div class=\"img-inner dark\" >\n\t\t\t<img loading=\"lazy\" decoding=\"async\" width=\"1024\" height=\"600\" src=\"https:\/\/lysinterfilter.com\/wp-content\/uploads\/2026\/02\/es4.jpg\" class=\"attachment-original size-original\" alt=\"\" srcset=\"https:\/\/lysinterfilter.com\/wp-content\/uploads\/2026\/02\/es4.jpg 1024w, https:\/\/lysinterfilter.com\/wp-content\/uploads\/2026\/02\/es4-300x176.jpg 300w, https:\/\/lysinterfilter.com\/wp-content\/uploads\/2026\/02\/es4-768x450.jpg 768w, https:\/\/lysinterfilter.com\/wp-content\/uploads\/2026\/02\/es4-18x12.jpg 18w, https:\/\/lysinterfilter.com\/wp-content\/uploads\/2026\/02\/es4-600x352.jpg 600w\" sizes=\"auto, (max-width: 1024px) 100vw, 1024px\" \/>\t\t\t\t\t\t\n\t\t\t\t\t<\/div>\n\t\t\t\t\t\t\t\t\n<style>\n#image_1851318239 {\n  width: 100%;\n}\n<\/style>\n\t<\/div>\n\t\n<h3><strong>Ordreoplysninger:<\/strong><\/h3>\n<div style=\"overflow: auto;\">\n\t\t<\/div>\n\t\t\t\t\t<\/div>\n\n\t\n\n\t<div id=\"col-199272918\" class=\"col small-12 large-12\"  >\n\t\t\t\t<div class=\"col-inner\"  >\n\t\t\t\n\t\t\t\n<p>Anvendelse<\/p>\n\t<div class=\"img has-hover x md-x lg-x y md-y lg-y\" id=\"image_340992177\">\n\t\t\t\t\t\t\t\t<div class=\"img-inner dark\" >\n\t\t\t<img loading=\"lazy\" decoding=\"async\" width=\"750\" height=\"350\" src=\"https:\/\/lysinterfilter.com\/wp-content\/uploads\/2024\/06\/Application.webp\" class=\"attachment-original size-original\" alt=\"\" srcset=\"https:\/\/lysinterfilter.com\/wp-content\/uploads\/2024\/06\/Application.webp 750w, https:\/\/lysinterfilter.com\/wp-content\/uploads\/2024\/06\/Application-300x140.webp 300w, https:\/\/lysinterfilter.com\/wp-content\/uploads\/2024\/06\/Application-18x8.webp 18w, https:\/\/lysinterfilter.com\/wp-content\/uploads\/2024\/06\/Application-600x280.webp 600w\" sizes=\"auto, (max-width: 750px) 100vw, 750px\" \/>\t\t\t\t\t\t\n\t\t\t\t\t<\/div>\n\t\t\t\t\t\t\t\t\n<style>\n#image_340992177 {\n  width: 100%;\n}\n<\/style>\n\t<\/div>\n\t\n<p>A.Pharmaceutical Industry\u00a0 \u00a0(1)Large infusion of water, pharmaceutical intermediates decarbonizationfiltration; fermentation broth, oral liquid\u00a0 \u00a0(2)Powder activated carbon with decolorization filter(medicinal liquidglucose,antibiotics,synthetic medicine,preparation,Chinese herbal medicineliquid,etd.)\u00a0 \u00a0(3)Injection liquid\u00a0 \u00a0(4)Injection air filter\u00a0 \u00a0(5)Injection washing bottle water\u00a0 \u00a0(6)Medical liquor filtrationB.Chemical Industry\u00a0 \u00a0(1)Aluminum hydroxide filtering and washing\u00a0 \u00a0(2)Palladium catalyst filtering and washing\u00a0 \u00a0(3)Phosphor filtering and washing\u00a0 \u00a0(4)Zinc carbonate filtering\u00a0 \u00a0(5)Sodium carbonate solution filtration\u00a0 \u00a0(6)Barium sulfate filtering and washing\u00a0 \u00a0(7)Cadmium sulfide filtering and washingC.Chemical fiber &amp; textile industry\u00a0 \u00a0(1)Acid bath filtration\u00a0 \u00a0(2)Sulfur and acrylic acid purification filtration\u00a0 \u00a0(3)Silk water precifion filtrationD.Light industry and food industry\u00a0 \u00a0(1)Syrup filtration\u00a0 \u00a0(2)Drink filtration\u00a0 \u00a0(3)Wine and white spirit filtration\u00a0 \u00a0(4)Vegetable oil precision filtration\u00a0 \u00a0(5)Essential oil filtration\u00a0 \u00a0(6)Mineral water filtrationE.Machinery and Oil industry\u00a0 \u00a0(1)Plating solution filtration\u00a0 \u00a0(2)Internal combustion engine cleaning fluid precision filtration\u00a0 \u00a0(3)Oil field washing filtration\u00a0 \u00a0(4)Electrical industry ultra-pure water equipmentF.Waste water treatment\u00a0 \u00a0(1)Heavy mental hydroxide waste water treatment\u00a0 \u00a0(2)Mix-ture heavy metals waste water treatment\u00a0 \u00a0(3)Chemical waste water treatment\u00a0 \u00a0(4)Ceramic waste water treatment\u00a0 \u00a0(5)Aluminum-containing waste water treatment\u00a0 \u00a0(6)Other waste water treatment\u00a0<\/p>\n\t\t<\/div>\n\t\t\t\t\t<\/div>\n\n\t\n\n\t<div id=\"col-1157757628\" class=\"col small-12 large-12\"  >\n\t\t\t\t<div class=\"col-inner\"  >\n\t\t\t\n\t\t\t\n<p>Certificeringer<\/p>\n\t<div class=\"img has-hover x md-x lg-x y md-y lg-y\" id=\"image_1377191917\">\n\t\t\t\t\t\t\t\t<div class=\"img-inner dark\" >\n\t\t\t<img loading=\"lazy\" decoding=\"async\" width=\"750\" height=\"450\" src=\"https:\/\/lysinterfilter.com\/wp-content\/uploads\/2024\/06\/Certifications.webp\" class=\"attachment-original size-original\" alt=\"\" srcset=\"https:\/\/lysinterfilter.com\/wp-content\/uploads\/2024\/06\/Certifications.webp 750w, https:\/\/lysinterfilter.com\/wp-content\/uploads\/2024\/06\/Certifications-300x180.webp 300w, https:\/\/lysinterfilter.com\/wp-content\/uploads\/2024\/06\/Certifications-18x12.webp 18w, https:\/\/lysinterfilter.com\/wp-content\/uploads\/2024\/06\/Certifications-600x360.webp 600w\" sizes=\"auto, (max-width: 750px) 100vw, 750px\" \/>\t\t\t\t\t\t\n\t\t\t\t\t<\/div>\n\t\t\t\t\t\t\t\t\n<style>\n#image_1377191917 {\n  width: 100%;\n}\n<\/style>\n\t<\/div>\n\t\n\t\t<\/div>\n\t\t\t\t\t<\/div>\n\n\t\n<\/div>\n<table border=\"\u201d1\u2033\" width=\"\u201d3000px\u201d\" align=\"\u201dcenter\u201d\">\n<tbody>\n<tr style=\"background-color: #f2f2f2;\">\n<th style=\"border: 1px solid #dddddd; padding: 8px;\">Kat.<\/th>\n<th style=\"border: 1px solid #dddddd; padding: 8px;\">OD<\/th>\n<th style=\"border: 1px solid #dddddd; padding: 8px;\">ID<\/th>\n<th style=\"border: 1px solid #dddddd; padding: 8px;\">H\u00f8jde<\/th>\n<th style=\"border: 1px solid #dddddd; padding: 8px;\">Kavitets diameter<\/th>\n<th style=\"border: 1px solid #dddddd; padding: 8px;\">Hulrumsdybde<\/th>\n<th style=\"border: 1px solid #dddddd; padding: 8px;\">Antal.<\/th>\n<\/tr>\n<tr style=\"background-color: #f2f2f2;\">\n<td style=\"border: 1px solid #dddddd; padding: 8px;\">LY-IPA160-245-X<\/td>\n<td style=\"border: 1px solid #dddddd; padding: 8px;\">16 mm<\/td>\n<td style=\"border: 1px solid #dddddd; padding: 8px;\">10 mm<\/td>\n<td style=\"border: 1px solid #dddddd; padding: 8px;\">25 mm<\/td>\n<td style=\"border: 1px solid #dddddd; padding: 8px;\">14,5 mm<\/td>\n<td style=\"border: 1px solid #dddddd; padding: 8px;\">21 mm<\/td>\n<td style=\"border: 1px solid #dddddd; padding: 8px;\">200 stk\/\u00e6ske<\/td>\n<\/tr>\n<tr>\n<td style=\"border: 1px solid #dddddd; padding: 8px;\">LY-IPA190-292-X<\/td>\n<td style=\"border: 1px solid #dddddd; padding: 8px;\">19 mm<\/td>\n<td style=\"border: 1px solid #dddddd; padding: 8px;\">15 mm<\/td>\n<td style=\"border: 1px solid #dddddd; padding: 8px;\">29 mm<\/td>\n<td style=\"border: 1px solid #dddddd; padding: 8px;\">15 mm<\/td>\n<td style=\"border: 1px solid #dddddd; padding: 8px;\">25 mm<\/td>\n<td style=\"border: 1px solid #dddddd; padding: 8px;\">100 stk\/\u00e6ske<\/td>\n<\/tr>\n<tr style=\"background-color: #f2f2f2;\">\n<td style=\"border: 1px solid #dddddd; padding: 8px;\">LY-IPA252<\/td>\n<td style=\"border: 1px solid #dddddd; padding: 8px;\">20 mm<\/td>\n<td style=\"border: 1px solid #dddddd; padding: 8px;\">13 mm<\/td>\n<td style=\"border: 1px solid #dddddd; padding: 8px;\">25 mm<\/td>\n<td style=\"border: 1px solid #dddddd; padding: 8px;\">18 mm<\/td>\n<td style=\"border: 1px solid #dddddd; padding: 8px;\">21 mm<\/td>\n<td style=\"border: 1px solid #dddddd; padding: 8px;\">100 stk\/\u00e6ske<\/td>\n<\/tr>\n<tr>\n<td style=\"border: 1px solid #dddddd; padding: 8px;\">LY-IPA276<\/td>\n<td style=\"border: 1px solid #dddddd; padding: 8px;\">16 mm<\/td>\n<td style=\"border: 1px solid #dddddd; padding: 8px;\">10 mm<\/td>\n<td style=\"border: 1px solid #dddddd; padding: 8px;\">25 mm<\/td>\n<td style=\"border: 1px solid #dddddd; padding: 8px;\">14 mm<\/td>\n<td style=\"border: 1px solid #dddddd; padding: 8px;\">21 mm<\/td>\n<td style=\"border: 1px solid #dddddd; padding: 8px;\">100 stk\/\u00e6ske<\/td>\n<\/tr>\n<\/tbody>\n<\/table>\n<\/div>","protected":false},"excerpt":{"rendered":"<ul>\n<li>MOQ:<span id=\"dr_show_hits_179\">1 PC<\/span><\/li>\n<li>Tilpasset: Accepteret<\/li>\n<li>Brand\uff1aOEM<\/li>\n<li>Leveringstid: Inden for 7 dage<\/li>\n<li>Certificering: CE; ISO 9001<\/li>\n<li>Send e-mail:<\/li>\n<li><a href=\"mailto:info@lysinterfilter.com\">info@lysinterfilter.com<\/a><\/li>\n<\/ul>","protected":false},"featured_media":2697,"template":"","meta":[],"product_brand":[],"product_cat":[40],"product_tag":[],"class_list":{"0":"post-2015","1":"product","2":"type-product","3":"status-publish","4":"has-post-thumbnail","6":"product_cat-medical-filters","8":"first","9":"instock","10":"shipping-taxable","11":"product-type-simple"},"yoast_head":"<!-- This site is optimized with the Yoast SEO plugin v27.2 - https:\/\/yoast.com\/product\/yoast-seo-wordpress\/ -->\n<title>Self-Sealing Filters for Suction Canisters \/ Liners - Porous Plastic Filter Manufacturer China<\/title>\n<meta name=\"description\" content=\"Enhance safety and efficiency with our self-sealing filters for suction canisters. Designed to provide airtight seals and superior filtration, Trust our advanced filters for optimal protection and convenience.\" \/>\n<meta name=\"robots\" content=\"index, follow, max-snippet:-1, max-image-preview:large, max-video-preview:-1\" \/>\n<link rel=\"canonical\" href=\"https:\/\/lysinterfilter.com\/da\/manufacturer\/self-sealing-filters-for-suction-canisters-liners\/\" \/>\n<meta property=\"og:locale\" content=\"da_DK\" \/>\n<meta property=\"og:type\" content=\"article\" \/>\n<meta property=\"og:title\" content=\"Self-Sealing Filters for Suction Canisters \/ Liners - Porous Plastic Filter Manufacturer China\" \/>\n<meta property=\"og:description\" content=\"Enhance safety and efficiency with our self-sealing filters for suction canisters. Designed to provide airtight seals and superior filtration, Trust our advanced filters for optimal protection and convenience.\" \/>\n<meta property=\"og:url\" content=\"https:\/\/lysinterfilter.com\/da\/manufacturer\/self-sealing-filters-for-suction-canisters-liners\/\" \/>\n<meta property=\"og:site_name\" content=\"Porous Plastic Filter Manufacturer China\" \/>\n<meta property=\"article:modified_time\" content=\"2026-02-28T07:07:29+00:00\" \/>\n<meta property=\"og:image\" content=\"https:\/\/lysinterfilter.com\/wp-content\/uploads\/2024\/06\/es.jpg\" \/>\n\t<meta property=\"og:image:width\" content=\"1024\" \/>\n\t<meta property=\"og:image:height\" content=\"902\" \/>\n\t<meta property=\"og:image:type\" content=\"image\/jpeg\" \/>\n<meta name=\"twitter:card\" content=\"summary_large_image\" \/>\n<meta name=\"twitter:label1\" content=\"Estimeret l\u00e6setid\" \/>\n\t<meta name=\"twitter:data1\" content=\"2 minutter\" \/>\n<script type=\"application\/ld+json\" class=\"yoast-schema-graph\">{\"@context\":\"https:\/\/schema.org\",\"@graph\":[{\"@type\":\"WebPage\",\"@id\":\"https:\/\/lysinterfilter.com\/manufacturer\/self-sealing-filters-for-suction-canisters-liners\/\",\"url\":\"https:\/\/lysinterfilter.com\/manufacturer\/self-sealing-filters-for-suction-canisters-liners\/\",\"name\":\"Self-Sealing Filters for Suction Canisters \/ Liners - Porous Plastic Filter Manufacturer China\",\"isPartOf\":{\"@id\":\"https:\/\/lysinterfilter.com\/#website\"},\"primaryImageOfPage\":{\"@id\":\"https:\/\/lysinterfilter.com\/manufacturer\/self-sealing-filters-for-suction-canisters-liners\/#primaryimage\"},\"image\":{\"@id\":\"https:\/\/lysinterfilter.com\/manufacturer\/self-sealing-filters-for-suction-canisters-liners\/#primaryimage\"},\"thumbnailUrl\":\"https:\/\/lysinterfilter.com\/wp-content\/uploads\/2024\/06\/es.jpg\",\"datePublished\":\"2024-06-11T07:53:04+00:00\",\"dateModified\":\"2026-02-28T07:07:29+00:00\",\"description\":\"Enhance safety and efficiency with our self-sealing filters for suction canisters. Designed to provide airtight seals and superior filtration, Trust our advanced filters for optimal protection and convenience.\",\"breadcrumb\":{\"@id\":\"https:\/\/lysinterfilter.com\/manufacturer\/self-sealing-filters-for-suction-canisters-liners\/#breadcrumb\"},\"inLanguage\":\"da-DK\",\"potentialAction\":[{\"@type\":\"ReadAction\",\"target\":[\"https:\/\/lysinterfilter.com\/manufacturer\/self-sealing-filters-for-suction-canisters-liners\/\"]}]},{\"@type\":\"ImageObject\",\"inLanguage\":\"da-DK\",\"@id\":\"https:\/\/lysinterfilter.com\/manufacturer\/self-sealing-filters-for-suction-canisters-liners\/#primaryimage\",\"url\":\"https:\/\/lysinterfilter.com\/wp-content\/uploads\/2024\/06\/es.jpg\",\"contentUrl\":\"https:\/\/lysinterfilter.com\/wp-content\/uploads\/2024\/06\/es.jpg\",\"width\":1024,\"height\":902,\"caption\":\"{\\\"data\\\":{\\\"pictureId\\\":\\\"4e1d849e8a0e46c59dc9e6fa3198593b\\\",\\\"appversion\\\":\\\"14.0.0\\\",\\\"stickerId\\\":\\\"\\\",\\\"filterId\\\":\\\"\\\",\\\"infoStickerId\\\":\\\"\\\",\\\"imageEffectId\\\":\\\"\\\",\\\"playId\\\":\\\"\\\",\\\"activityName\\\":\\\"\\\",\\\"os\\\":\\\"android\\\",\\\"product\\\":\\\"retouch\\\",\\\"originAppId\\\":\\\"2515\\\",\\\"exportType\\\":\\\"\\\",\\\"editType\\\":\\\"\\\",\\\"alias\\\":\\\"\\\",\\\"enterFrom\\\":\\\"enter_launch\\\",\\\"capability_key\\\":[\\\"erase\\\"],\\\"capability_extra_v2\\\":{\\\"erase\\\":[{\\\"panel\\\":\\\"eliminatePen\\\"}]},\\\"effect_type\\\":\\\"tool\\\",\\\"effect_id\\\":\\\"erase\\\"},\\\"source_type\\\":\\\"douyin_beauty_me\\\"}\"},{\"@type\":\"BreadcrumbList\",\"@id\":\"https:\/\/lysinterfilter.com\/manufacturer\/self-sealing-filters-for-suction-canisters-liners\/#breadcrumb\",\"itemListElement\":[{\"@type\":\"ListItem\",\"position\":1,\"name\":\"Home\",\"item\":\"https:\/\/lysinterfilter.com\/\"},{\"@type\":\"ListItem\",\"position\":2,\"name\":\"Products\",\"item\":\"https:\/\/lysinterfilter.com\/shop\/\"},{\"@type\":\"ListItem\",\"position\":3,\"name\":\"Self-Sealing Filters for Suction Canisters \/ Liners\"}]},{\"@type\":\"WebSite\",\"@id\":\"https:\/\/lysinterfilter.com\/#website\",\"url\":\"https:\/\/lysinterfilter.com\/\",\"name\":\"Porous Plastic Filter Manufacturer China\",\"description\":\"\",\"potentialAction\":[{\"@type\":\"SearchAction\",\"target\":{\"@type\":\"EntryPoint\",\"urlTemplate\":\"https:\/\/lysinterfilter.com\/?s={search_term_string}\"},\"query-input\":{\"@type\":\"PropertyValueSpecification\",\"valueRequired\":true,\"valueName\":\"search_term_string\"}}],\"inLanguage\":\"da-DK\"}]}<\/script>\n<!-- \/ Yoast SEO plugin. -->","yoast_head_json":{"title":"Self-Sealing Filters for Suction Canisters \/ Liners - Porous Plastic Filter Manufacturer China","description":"\u00d8g sikkerheden og effektiviteten med vores selvt\u00e6tnende filtre til sugebeholdere. Designet til at give luftt\u00e6tte forseglinger og overlegen filtrering, stol p\u00e5 vores avancerede filtre for optimal beskyttelse og bekvemmelighed.","robots":{"index":"index","follow":"follow","max-snippet":"max-snippet:-1","max-image-preview":"max-image-preview:large","max-video-preview":"max-video-preview:-1"},"canonical":"https:\/\/lysinterfilter.com\/da\/manufacturer\/self-sealing-filters-for-suction-canisters-liners\/","og_locale":"da_DK","og_type":"article","og_title":"Self-Sealing Filters for Suction Canisters \/ Liners - Porous Plastic Filter Manufacturer China","og_description":"Enhance safety and efficiency with our self-sealing filters for suction canisters. Designed to provide airtight seals and superior filtration, Trust our advanced filters for optimal protection and convenience.","og_url":"https:\/\/lysinterfilter.com\/da\/manufacturer\/self-sealing-filters-for-suction-canisters-liners\/","og_site_name":"Porous Plastic Filter Manufacturer China","article_modified_time":"2026-02-28T07:07:29+00:00","og_image":[{"width":1024,"height":902,"url":"https:\/\/lysinterfilter.com\/wp-content\/uploads\/2024\/06\/es.jpg","type":"image\/jpeg"}],"twitter_card":"summary_large_image","twitter_misc":{"Estimeret l\u00e6setid":"2 minutter"},"schema":{"@context":"https:\/\/schema.org","@graph":[{"@type":"WebPage","@id":"https:\/\/lysinterfilter.com\/manufacturer\/self-sealing-filters-for-suction-canisters-liners\/","url":"https:\/\/lysinterfilter.com\/manufacturer\/self-sealing-filters-for-suction-canisters-liners\/","name":"Self-Sealing Filters for Suction Canisters \/ Liners - Porous Plastic Filter Manufacturer China","isPartOf":{"@id":"https:\/\/lysinterfilter.com\/#website"},"primaryImageOfPage":{"@id":"https:\/\/lysinterfilter.com\/manufacturer\/self-sealing-filters-for-suction-canisters-liners\/#primaryimage"},"image":{"@id":"https:\/\/lysinterfilter.com\/manufacturer\/self-sealing-filters-for-suction-canisters-liners\/#primaryimage"},"thumbnailUrl":"https:\/\/lysinterfilter.com\/wp-content\/uploads\/2024\/06\/es.jpg","datePublished":"2024-06-11T07:53:04+00:00","dateModified":"2026-02-28T07:07:29+00:00","description":"\u00d8g sikkerheden og effektiviteten med vores selvt\u00e6tnende filtre til sugebeholdere. Designet til at give luftt\u00e6tte forseglinger og overlegen filtrering, stol p\u00e5 vores avancerede filtre for optimal beskyttelse og bekvemmelighed.","breadcrumb":{"@id":"https:\/\/lysinterfilter.com\/manufacturer\/self-sealing-filters-for-suction-canisters-liners\/#breadcrumb"},"inLanguage":"da-DK","potentialAction":[{"@type":"ReadAction","target":["https:\/\/lysinterfilter.com\/manufacturer\/self-sealing-filters-for-suction-canisters-liners\/"]}]},{"@type":"ImageObject","inLanguage":"da-DK","@id":"https:\/\/lysinterfilter.com\/manufacturer\/self-sealing-filters-for-suction-canisters-liners\/#primaryimage","url":"https:\/\/lysinterfilter.com\/wp-content\/uploads\/2024\/06\/es.jpg","contentUrl":"https:\/\/lysinterfilter.com\/wp-content\/uploads\/2024\/06\/es.jpg","width":1024,"height":902,"caption":"{\"data\":{\"pictureId\":\"4e1d849e8a0e46c59dc9e6fa3198593b\",\"appversion\":\"14.0.0\",\"stickerId\":\"\",\"filterId\":\"\",\"infoStickerId\":\"\",\"imageEffectId\":\"\",\"playId\":\"\",\"activityName\":\"\",\"os\":\"android\",\"product\":\"retouch\",\"originAppId\":\"2515\",\"exportType\":\"\",\"editType\":\"\",\"alias\":\"\",\"enterFrom\":\"enter_launch\",\"capability_key\":[\"erase\"],\"capability_extra_v2\":{\"erase\":[{\"panel\":\"eliminatePen\"}]},\"effect_type\":\"tool\",\"effect_id\":\"erase\"},\"source_type\":\"douyin_beauty_me\"}"},{"@type":"BreadcrumbList","@id":"https:\/\/lysinterfilter.com\/manufacturer\/self-sealing-filters-for-suction-canisters-liners\/#breadcrumb","itemListElement":[{"@type":"ListItem","position":1,"name":"Home","item":"https:\/\/lysinterfilter.com\/"},{"@type":"ListItem","position":2,"name":"Products","item":"https:\/\/lysinterfilter.com\/shop\/"},{"@type":"ListItem","position":3,"name":"Self-Sealing Filters for Suction Canisters \/ Liners"}]},{"@type":"WebSite","@id":"https:\/\/lysinterfilter.com\/#website","url":"https:\/\/lysinterfilter.com\/","name":"Porous Plastic Filter Manufacturer China","description":"","potentialAction":[{"@type":"SearchAction","target":{"@type":"EntryPoint","urlTemplate":"https:\/\/lysinterfilter.com\/?s={search_term_string}"},"query-input":{"@type":"PropertyValueSpecification","valueRequired":true,"valueName":"search_term_string"}}],"inLanguage":"da-DK"}]}},"_links":{"self":[{"href":"https:\/\/lysinterfilter.com\/da\/wp-json\/wp\/v2\/product\/2015","targetHints":{"allow":["GET"]}}],"collection":[{"href":"https:\/\/lysinterfilter.com\/da\/wp-json\/wp\/v2\/product"}],"about":[{"href":"https:\/\/lysinterfilter.com\/da\/wp-json\/wp\/v2\/types\/product"}],"wp:featuredmedia":[{"embeddable":true,"href":"https:\/\/lysinterfilter.com\/da\/wp-json\/wp\/v2\/media\/2697"}],"wp:attachment":[{"href":"https:\/\/lysinterfilter.com\/da\/wp-json\/wp\/v2\/media?parent=2015"}],"wp:term":[{"taxonomy":"product_brand","embeddable":true,"href":"https:\/\/lysinterfilter.com\/da\/wp-json\/wp\/v2\/product_brand?post=2015"},{"taxonomy":"product_cat","embeddable":true,"href":"https:\/\/lysinterfilter.com\/da\/wp-json\/wp\/v2\/product_cat?post=2015"},{"taxonomy":"product_tag","embeddable":true,"href":"https:\/\/lysinterfilter.com\/da\/wp-json\/wp\/v2\/product_tag?post=2015"}],"curies":[{"name":"wp","href":"https:\/\/api.w.org\/{rel}","templated":true}]}}