{"id":1897,"date":"2024-06-07T09:46:17","date_gmt":"2024-06-07T09:46:17","guid":{"rendered":"https:\/\/lysinterfilter.com\/?post_type=product&#038;p=1897"},"modified":"2026-02-28T10:33:23","modified_gmt":"2026-02-28T10:33:23","slug":"vacuum-feeder-filter-element","status":"publish","type":"product","link":"https:\/\/lysinterfilter.com\/da\/manufacturer\/vacuum-feeder-filter-element\/","title":{"rendered":"Vakuumf\u00f8der filterelement"},"content":{"rendered":"<div class=\"row\"  id=\"row-423504352\">\n\n\t<div id=\"col-546654812\" class=\"col small-12 large-12\"  >\n\t\t\t\t<div class=\"col-inner\"  >\n\t\t\t\n\t\t\t\n<h3><strong>PRODUKTBESKRIVELSE<\/strong><\/h3>\n<p>Det sintrede PE-vakuumf\u00f8derfilterelement er sintret med ultrah\u00f8jmolekyl\u00e6re polyethylen-r\u00e5materialer. Det er det<\/p>\n<p>sintret og dannet gennem videnskabelig formel. Det har en kompakt struktur, let v\u00e6gt, det kan modst\u00e5 h\u00f8jt filtreringstryk, og filterelementets porediameter er den samme indvendigt og udvendigt, og det er let at bl\u00e6se tilbage<\/p>\n<p>og fjern slagger, det har god korrosionsbestandighed over for syre og alkali opl\u00f8sningsmidler.<\/p>\n\t\t<\/div>\n\t\t\t\t\t<\/div>\n\n\t\n\n\t<div id=\"col-1184626093\" class=\"col small-12 large-12\"  >\n\t\t\t\t<div class=\"col-inner\"  >\n\t\t\t\n\t\t\t\n<h3><strong>PRODUKT YDELSE<\/strong><\/h3>\n<p>Det bruges hovedsageligt til st\u00f8vopfangning p\u00e5 fodermaskinen og sugemaskinen. Pr\u00e6cisionen kan v\u00e6lges<\/p>\n<p>fra 0,5 til 10\u03bcm, og filtreringseffekten er god. Der er rustfri st\u00e5lst\u00e6nger i midten af filterelementet<\/p>\n<p>af nogle specifikationer for at forbinde leddene p\u00e5 begge sider, hvilket g\u00f8r samlingerne i begge ender mere stabile. Ensartet pore<\/p>\n<p>st\u00f8rrelsesfordeling, st\u00e6rk syre- og alkaliresistens, gode mekaniske egenskaber, st\u00e6rk modstandsdygtighed over for organisk<\/p>\n<p>opl\u00f8sningsmiddelerosion, automatisk eller manuel rekylslaggefjernelsesmetode kan anvendes, faste partikler kan genvindes ved<\/p>\n<p>t\u00f8r slaggefjernelse, og filterelementet skal ikke udskiftes ofte. Fordele s\u00e5som lave omkostninger ved<\/p>\n<p>bruge.<\/p>\n\t\t<\/div>\n\t\t\t\t\t<\/div>\n\n\t\n\n\t<div id=\"col-724262074\" class=\"col small-12 large-12\"  >\n\t\t\t\t<div class=\"col-inner\"  >\n\t\t\t\n\t\t\t\n<h3><strong>SPECIFIKATIONER<\/strong><\/h3>\n<p>Pr\u00e6cisionsomr\u00e5de: 0,5-10\u03bcm<\/p>\n<p>L\u00e6ngdeomr\u00e5de: 120mm-200mm-300mm-400mm-500mm-600mm<\/p>\n<p>F\u00e6lles diameter: \u03c650 \u03c660<\/p>\n<p>Gevindforbindelsesspecifikation: M20-M22-M26-M30<\/p>\n<p>N\u00f8dder: Enkelt eller Dobbelt<\/p>\n<p>Arbejdstemperatur: PE\u226480\u00b0C<\/p>\n<p>Arbejdstryk: 0,1MPa-0,6MPa<\/p>\n\t\t<\/div>\n\t\t\t\t\t<\/div>\n\n\t\n\n\t<div id=\"col-815541633\" class=\"col small-12 large-12\"  >\n\t\t\t\t<div class=\"col-inner\"  >\n\t\t\t\n\t\t\t\n<h3><strong>Billeder:<\/strong><\/h3>\n\t<div class=\"img has-hover x md-x lg-x y md-y lg-y\" id=\"image_1925147645\">\n\t\t\t\t\t\t\t\t<div class=\"img-inner dark\" >\n\t\t\t<img loading=\"lazy\" decoding=\"async\" width=\"1024\" height=\"600\" src=\"https:\/\/lysinterfilter.com\/wp-content\/uploads\/2024\/06\/ve5.jpg\" class=\"attachment-original size-original\" alt=\"\" srcset=\"https:\/\/lysinterfilter.com\/wp-content\/uploads\/2024\/06\/ve5.jpg 1024w, https:\/\/lysinterfilter.com\/wp-content\/uploads\/2024\/06\/ve5-300x176.jpg 300w, https:\/\/lysinterfilter.com\/wp-content\/uploads\/2024\/06\/ve5-768x450.jpg 768w, https:\/\/lysinterfilter.com\/wp-content\/uploads\/2024\/06\/ve5-18x12.jpg 18w, https:\/\/lysinterfilter.com\/wp-content\/uploads\/2024\/06\/ve5-600x352.jpg 600w\" sizes=\"auto, (max-width: 1024px) 100vw, 1024px\" \/>\t\t\t\t\t\t\n\t\t\t\t\t<\/div>\n\t\t\t\t\t\t\t\t\n<style>\n#image_1925147645 {\n  width: 100%;\n}\n<\/style>\n\t<\/div>\n\t\n\t\t<\/div>\n\t\t\t\t\t<\/div>\n\n\t\n\n\t<div id=\"col-406604758\" class=\"col small-12 large-12\"  >\n\t\t\t\t<div class=\"col-inner\"  >\n\t\t\t\n\t\t\t\n<h3><strong>Specifikationer:<\/strong><\/h3>\n<p>N\u00f8jagtighed: 0,5-100\u03bcm<br \/>\nL\u00e6ngde: 120mm-200mm-300mm-400mm-500mm-600mm<br \/>\nDiameter: \u03a650\u03a660<br \/>\nGevindfittingsspecifikationer: M20-M22-M26-M30<br \/>\nM\u00f8trik: enkelt eller dobbelt m\u00f8trik<\/p>\n\t<div class=\"img has-hover x md-x lg-x y md-y lg-y\" id=\"image_776993429\">\n\t\t\t\t\t\t\t\t<div class=\"img-inner dark\" >\n\t\t\t<img loading=\"lazy\" decoding=\"async\" width=\"1024\" height=\"448\" src=\"https:\/\/lysinterfilter.com\/wp-content\/uploads\/2026\/02\/ve6.jpg\" class=\"attachment-original size-original\" alt=\"\" srcset=\"https:\/\/lysinterfilter.com\/wp-content\/uploads\/2026\/02\/ve6.jpg 1024w, https:\/\/lysinterfilter.com\/wp-content\/uploads\/2026\/02\/ve6-300x131.jpg 300w, https:\/\/lysinterfilter.com\/wp-content\/uploads\/2026\/02\/ve6-768x336.jpg 768w, https:\/\/lysinterfilter.com\/wp-content\/uploads\/2026\/02\/ve6-18x8.jpg 18w, https:\/\/lysinterfilter.com\/wp-content\/uploads\/2026\/02\/ve6-600x263.jpg 600w\" sizes=\"auto, (max-width: 1024px) 100vw, 1024px\" \/>\t\t\t\t\t\t\n\t\t\t\t\t<\/div>\n\t\t\t\t\t\t\t\t\n<style>\n#image_776993429 {\n  width: 100%;\n}\n<\/style>\n\t<\/div>\n\t\n<p><span style=\"color: #ed1c24;\"><strong>*Flere specifikationer og stilarter kan give ikke-standard tilpasning.<\/strong><\/span><\/p>\n\t\t<\/div>\n\t\t\t\t\t<\/div>\n\n\t\n\n\t<div id=\"col-1298740889\" class=\"col small-12 large-12\"  >\n\t\t\t\t<div class=\"col-inner\"  >\n\t\t\t\n\t\t\t\n<h3>Anvendelse<\/h3>\n\t<div class=\"img has-hover x md-x lg-x y md-y lg-y\" id=\"image_237738130\">\n\t\t\t\t\t\t\t\t<div class=\"img-inner dark\" >\n\t\t\t<img loading=\"lazy\" decoding=\"async\" width=\"750\" height=\"350\" src=\"https:\/\/lysinterfilter.com\/wp-content\/uploads\/2024\/06\/Application.webp\" class=\"attachment-original size-original\" alt=\"\" srcset=\"https:\/\/lysinterfilter.com\/wp-content\/uploads\/2024\/06\/Application.webp 750w, https:\/\/lysinterfilter.com\/wp-content\/uploads\/2024\/06\/Application-300x140.webp 300w, https:\/\/lysinterfilter.com\/wp-content\/uploads\/2024\/06\/Application-18x8.webp 18w, https:\/\/lysinterfilter.com\/wp-content\/uploads\/2024\/06\/Application-600x280.webp 600w\" sizes=\"auto, (max-width: 750px) 100vw, 750px\" \/>\t\t\t\t\t\t\n\t\t\t\t\t<\/div>\n\t\t\t\t\t\t\t\t\n<style>\n#image_237738130 {\n  width: 100%;\n}\n<\/style>\n\t<\/div>\n\t\n<p>A.Farmaceutisk industri<\/p>\n<p>(1) Stor infusion af vand, dekarbonisering af farmaceutiske mellemprodukter<\/p>\n<p>filtrering; g\u00e6ringsbouillon, oral v\u00e6ske<\/p>\n<p>(2) Pulver aktivt kul med affarvningsfilter (medicinsk v\u00e6ske<\/p>\n<p>glukose, antibiotika, syntetisk medicin, pr\u00e6parat, kinesisk urtemedicin<\/p>\n<p>v\u00e6ske osv.)<\/p>\n<p>(3) Injektionsv\u00e6ske<\/p>\n<p>(4)Injektionsluftfilter<\/p>\n<p>(5) Injektionsvaskeflaskevand<\/p>\n<p>(6) Medicinsk spiritusfiltrering<\/p>\n<p>B.Kemisk industri<\/p>\n<p>(1) Aluminiumhydroxidfiltrering og vask<\/p>\n<p>(2)Palladiumkatalysatorfiltrering og vask<\/p>\n<p>(3) Fosforfiltrering og vask<\/p>\n<p>(4) Zinkcarbonatfiltrering<\/p>\n<p>(5) Filtrering af natriumcarbonatopl\u00f8sning<\/p>\n<p>(6) Bariumsulfatfiltrering og vask<\/p>\n<p>(7)Cadmiumsulfidfiltrering og vask<\/p>\n<p>C.Kemisk fiber- og tekstilindustri<\/p>\n<p>(1) Syrebadsfiltrering<\/p>\n<p>(2)Svovl- og akrylsyrerensningsfiltrering<\/p>\n<p>(3) Silkevandspr\u00e6cisionsfiltrering<\/p>\n<p>D.Let industri og f\u00f8devareindustri<\/p>\n<p>(1) Sirupfiltrering<\/p>\n<p>(2) Drikfiltrering<\/p>\n<p>(3) Filtrering af vin og terpentin<\/p>\n<p>(4) Vegetabilsk olie pr\u00e6cisionsfiltrering<\/p>\n<p>(5) Filtrering af \u00e6terisk olie<\/p>\n<p>(6) Mineralvandsfiltrering<\/p>\n<p>E. Maskin- og olieindustri<\/p>\n<p>(1) Filtrering af pletteringsopl\u00f8sning<\/p>\n<p>(2) Forbr\u00e6ndingsmotorens rensev\u00e6ske pr\u00e6cisionsfiltrering<\/p>\n<p>(3) Filtrering af oliefeltvask<\/p>\n<p>(4) Ultrarent vandudstyr til elektrisk industri<\/p>\n<p>F. Spildevandsbehandling<\/p>\n<p>(1) Tung mental hydroxid spildevandsbehandling<\/p>\n<p>(2)Blandet tungmetaller spildevandsrensning<\/p>\n<p>(3)Kemisk spildevandsbehandling<\/p>\n<p>(4) Keramisk spildevandsbehandling<\/p>\n<p>(5)Aluminiumholdig spildevandsbehandling<\/p>\n<p>(6)Anden spildevandsbehandling<\/p>\n\t\t<\/div>\n\t\t\t\t\t<\/div>\n\n\t\n\n\t<div id=\"col-115868296\" class=\"col small-12 large-12\"  >\n\t\t\t\t<div class=\"col-inner\"  >\n\t\t\t\n\t\t\t\n<h3>Certificeringer<\/h3>\n\t<div class=\"img has-hover x md-x lg-x y md-y lg-y\" id=\"image_772930107\">\n\t\t\t\t\t\t\t\t<div class=\"img-inner dark\" >\n\t\t\t<img loading=\"lazy\" decoding=\"async\" width=\"750\" height=\"450\" src=\"https:\/\/lysinterfilter.com\/wp-content\/uploads\/2024\/06\/Certifications.webp\" class=\"attachment-original size-original\" alt=\"\" srcset=\"https:\/\/lysinterfilter.com\/wp-content\/uploads\/2024\/06\/Certifications.webp 750w, https:\/\/lysinterfilter.com\/wp-content\/uploads\/2024\/06\/Certifications-300x180.webp 300w, https:\/\/lysinterfilter.com\/wp-content\/uploads\/2024\/06\/Certifications-18x12.webp 18w, https:\/\/lysinterfilter.com\/wp-content\/uploads\/2024\/06\/Certifications-600x360.webp 600w\" sizes=\"auto, (max-width: 750px) 100vw, 750px\" \/>\t\t\t\t\t\t\n\t\t\t\t\t<\/div>\n\t\t\t\t\t\t\t\t\n<style>\n#image_772930107 {\n  width: 100%;\n}\n<\/style>\n\t<\/div>\n\t\n\t\t<\/div>\n\t\t\t\t\t<\/div>\n\n\t\n<\/div>","protected":false},"excerpt":{"rendered":"<ul>\n<li>MOQ:<span id=\"dr_show_hits_179\">1 PC<\/span><\/li>\n<li>Tilpasset: Accepteret<\/li>\n<li>Brand\uff1aOEM<\/li>\n<li>Leveringstid: Inden for 7 dage<\/li>\n<li>Certificering: CE; ISO 9001<\/li>\n<li>Send e-mail:<\/li>\n<li><a href=\"mailto:info@lysinterfilter.com\">info@lysinterfilter.com<\/a><\/li>\n<\/ul>","protected":false},"featured_media":2742,"template":"","meta":[],"product_brand":[],"product_cat":[15],"product_tag":[],"class_list":{"0":"post-1897","1":"product","2":"type-product","3":"status-publish","4":"has-post-thumbnail","6":"product_cat-pe-sintered-industrialapplication","8":"first","9":"instock","10":"shipping-taxable","11":"product-type-simple"},"yoast_head":"<!-- This site is optimized with the Yoast SEO plugin v27.2 - https:\/\/yoast.com\/product\/yoast-seo-wordpress\/ -->\n<title>Vacuum feeder filter element - Porous Plastic Filter Manufacturer China<\/title>\n<meta name=\"description\" content=\"Optimize your vacuum feeder system with our high-performance filter elements. Designed for efficient dust and contaminant removal, our vacuum feeder filters enhance system reliability and performance. Choose our durable and effective solutions for superior filtration in industrial and laboratory applications\" \/>\n<meta name=\"robots\" content=\"index, follow, max-snippet:-1, max-image-preview:large, max-video-preview:-1\" \/>\n<link rel=\"canonical\" href=\"https:\/\/lysinterfilter.com\/da\/manufacturer\/vacuum-feeder-filter-element\/\" \/>\n<meta property=\"og:locale\" content=\"da_DK\" \/>\n<meta property=\"og:type\" content=\"article\" \/>\n<meta property=\"og:title\" content=\"Vacuum feeder filter element - Porous Plastic Filter Manufacturer China\" \/>\n<meta property=\"og:description\" content=\"Optimize your vacuum feeder system with our high-performance filter elements. Designed for efficient dust and contaminant removal, our vacuum feeder filters enhance system reliability and performance. Choose our durable and effective solutions for superior filtration in industrial and laboratory applications\" \/>\n<meta property=\"og:url\" content=\"https:\/\/lysinterfilter.com\/da\/manufacturer\/vacuum-feeder-filter-element\/\" \/>\n<meta property=\"og:site_name\" content=\"Porous Plastic Filter Manufacturer China\" \/>\n<meta property=\"article:modified_time\" content=\"2026-02-28T10:33:23+00:00\" \/>\n<meta property=\"og:image\" content=\"https:\/\/lysinterfilter.com\/wp-content\/uploads\/2024\/06\/ve1.jpg\" \/>\n\t<meta property=\"og:image:width\" content=\"1024\" \/>\n\t<meta property=\"og:image:height\" content=\"902\" \/>\n\t<meta property=\"og:image:type\" content=\"image\/jpeg\" \/>\n<meta name=\"twitter:card\" content=\"summary_large_image\" \/>\n<meta name=\"twitter:label1\" content=\"Estimeret l\u00e6setid\" \/>\n\t<meta name=\"twitter:data1\" content=\"3 minutter\" \/>\n<script type=\"application\/ld+json\" class=\"yoast-schema-graph\">{\"@context\":\"https:\/\/schema.org\",\"@graph\":[{\"@type\":\"WebPage\",\"@id\":\"https:\/\/lysinterfilter.com\/manufacturer\/vacuum-feeder-filter-element\/\",\"url\":\"https:\/\/lysinterfilter.com\/manufacturer\/vacuum-feeder-filter-element\/\",\"name\":\"Vacuum feeder filter element - Porous Plastic Filter Manufacturer China\",\"isPartOf\":{\"@id\":\"https:\/\/lysinterfilter.com\/#website\"},\"primaryImageOfPage\":{\"@id\":\"https:\/\/lysinterfilter.com\/manufacturer\/vacuum-feeder-filter-element\/#primaryimage\"},\"image\":{\"@id\":\"https:\/\/lysinterfilter.com\/manufacturer\/vacuum-feeder-filter-element\/#primaryimage\"},\"thumbnailUrl\":\"https:\/\/lysinterfilter.com\/wp-content\/uploads\/2024\/06\/ve1.jpg\",\"datePublished\":\"2024-06-07T09:46:17+00:00\",\"dateModified\":\"2026-02-28T10:33:23+00:00\",\"description\":\"Optimize your vacuum feeder system with our high-performance filter elements. Designed for efficient dust and contaminant removal, our vacuum feeder filters enhance system reliability and performance. Choose our durable and effective solutions for superior filtration in industrial and laboratory applications\",\"breadcrumb\":{\"@id\":\"https:\/\/lysinterfilter.com\/manufacturer\/vacuum-feeder-filter-element\/#breadcrumb\"},\"inLanguage\":\"da-DK\",\"potentialAction\":[{\"@type\":\"ReadAction\",\"target\":[\"https:\/\/lysinterfilter.com\/manufacturer\/vacuum-feeder-filter-element\/\"]}]},{\"@type\":\"ImageObject\",\"inLanguage\":\"da-DK\",\"@id\":\"https:\/\/lysinterfilter.com\/manufacturer\/vacuum-feeder-filter-element\/#primaryimage\",\"url\":\"https:\/\/lysinterfilter.com\/wp-content\/uploads\/2024\/06\/ve1.jpg\",\"contentUrl\":\"https:\/\/lysinterfilter.com\/wp-content\/uploads\/2024\/06\/ve1.jpg\",\"width\":1024,\"height\":902,\"caption\":\"{\\\"data\\\":{\\\"AIGC\\\":{\\\"Label\\\":\\\"1\\\",\\\"ContentProducer\\\":\\\"00119144030008867405X210002\\\",\\\"ProduceID\\\":\\\"b4dd3a0b4b4248b98cd22e8fcc3a78eb\\\",\\\"ReservedCode1\\\":\\\"\\\",\\\"ContentPropagator\\\":\\\"00119144030008867405X220002\\\",\\\"PropagateID\\\":\\\"\\\",\\\"ReservedCode2\\\":\\\"\\\"},\\\"pictureId\\\":\\\"43ef3533430f4fad8540135cfb22bcb4\\\",\\\"appversion\\\":\\\"14.0.0\\\",\\\"stickerId\\\":\\\"\\\",\\\"filterId\\\":\\\"\\\",\\\"infoStickerId\\\":\\\"\\\",\\\"imageEffectId\\\":\\\"\\\",\\\"playId\\\":\\\"7525361529512938806\\\",\\\"activityName\\\":\\\"\\\",\\\"os\\\":\\\"android\\\",\\\"product\\\":\\\"retouch\\\",\\\"originAppId\\\":\\\"2515\\\",\\\"exportType\\\":\\\"\\\",\\\"editType\\\":\\\"\\\",\\\"alias\\\":\\\"UH6PcfMavpR0B26NWRK3F\/bQ5hx0SWHa9+7tRGt4j9lFa3tzOgpm6vRyDzzARKMaTuhSDA4F95ZeoBMf5OYDSB6fkxS2ghZ4e+58YF3xym67eA6ae3XaeThPez10lqimU\/NZTf159LsHKzXFIWxk\/oMKtPzy0LzK1vy50Y0UtQGgLLXwU9TQzgXQV4KGozudoUHd9jWPjADU7k95b8YfkwWj+EC2DfKQHAUiPyV\/xIVWV1G4nvR7\/DMvDfqw0gwMEXPvOtcYiecP+eTA7e1hgie04sKQ\/kW626LWYFSt9IeT3cG2v9jZKpRT8SFtMHai0hBy9kPwJtyUoJlOCWcZOQ==\\\",\\\"enterFrom\\\":\\\"enter_launch\\\",\\\"capability_key\\\":[\\\"playfunction\\\"],\\\"capability_extra_v2\\\":{\\\"playfunction\\\":[{\\\"resource_id\\\":\\\"7525361529512938806\\\",\\\"origin\\\":\\\"heycan\\\"}]},\\\"effect_type\\\":\\\"tool\\\",\\\"effect_id\\\":\\\"playfunction#7525361529512938806\\\"},\\\"source_type\\\":\\\"douyin_beauty_me\\\"}\"},{\"@type\":\"BreadcrumbList\",\"@id\":\"https:\/\/lysinterfilter.com\/manufacturer\/vacuum-feeder-filter-element\/#breadcrumb\",\"itemListElement\":[{\"@type\":\"ListItem\",\"position\":1,\"name\":\"Home\",\"item\":\"https:\/\/lysinterfilter.com\/\"},{\"@type\":\"ListItem\",\"position\":2,\"name\":\"Products\",\"item\":\"https:\/\/lysinterfilter.com\/shop\/\"},{\"@type\":\"ListItem\",\"position\":3,\"name\":\"Vacuum feeder filter element\"}]},{\"@type\":\"WebSite\",\"@id\":\"https:\/\/lysinterfilter.com\/#website\",\"url\":\"https:\/\/lysinterfilter.com\/\",\"name\":\"Porous Plastic Filter Manufacturer China\",\"description\":\"\",\"potentialAction\":[{\"@type\":\"SearchAction\",\"target\":{\"@type\":\"EntryPoint\",\"urlTemplate\":\"https:\/\/lysinterfilter.com\/?s={search_term_string}\"},\"query-input\":{\"@type\":\"PropertyValueSpecification\",\"valueRequired\":true,\"valueName\":\"search_term_string\"}}],\"inLanguage\":\"da-DK\"}]}<\/script>\n<!-- \/ Yoast SEO plugin. -->","yoast_head_json":{"title":"Vacuum feeder filter element - Porous Plastic Filter Manufacturer China","description":"Optimer dit vakuumf\u00f8dersystem med vores h\u00f8jtydende filterelementer. Vores vakuumf\u00f8derfiltre er designet til effektiv fjernelse af st\u00f8v og forurening og forbedrer systemets p\u00e5lidelighed og ydeevne. V\u00e6lg vores holdbare og effektive l\u00f8sninger til overlegen filtrering i industri- og laboratorieapplikationer","robots":{"index":"index","follow":"follow","max-snippet":"max-snippet:-1","max-image-preview":"max-image-preview:large","max-video-preview":"max-video-preview:-1"},"canonical":"https:\/\/lysinterfilter.com\/da\/manufacturer\/vacuum-feeder-filter-element\/","og_locale":"da_DK","og_type":"article","og_title":"Vacuum feeder filter element - Porous Plastic Filter Manufacturer China","og_description":"Optimize your vacuum feeder system with our high-performance filter elements. Designed for efficient dust and contaminant removal, our vacuum feeder filters enhance system reliability and performance. Choose our durable and effective solutions for superior filtration in industrial and laboratory applications","og_url":"https:\/\/lysinterfilter.com\/da\/manufacturer\/vacuum-feeder-filter-element\/","og_site_name":"Porous Plastic Filter Manufacturer China","article_modified_time":"2026-02-28T10:33:23+00:00","og_image":[{"width":1024,"height":902,"url":"https:\/\/lysinterfilter.com\/wp-content\/uploads\/2024\/06\/ve1.jpg","type":"image\/jpeg"}],"twitter_card":"summary_large_image","twitter_misc":{"Estimeret l\u00e6setid":"3 minutter"},"schema":{"@context":"https:\/\/schema.org","@graph":[{"@type":"WebPage","@id":"https:\/\/lysinterfilter.com\/manufacturer\/vacuum-feeder-filter-element\/","url":"https:\/\/lysinterfilter.com\/manufacturer\/vacuum-feeder-filter-element\/","name":"Vacuum feeder filter element - Porous Plastic Filter Manufacturer China","isPartOf":{"@id":"https:\/\/lysinterfilter.com\/#website"},"primaryImageOfPage":{"@id":"https:\/\/lysinterfilter.com\/manufacturer\/vacuum-feeder-filter-element\/#primaryimage"},"image":{"@id":"https:\/\/lysinterfilter.com\/manufacturer\/vacuum-feeder-filter-element\/#primaryimage"},"thumbnailUrl":"https:\/\/lysinterfilter.com\/wp-content\/uploads\/2024\/06\/ve1.jpg","datePublished":"2024-06-07T09:46:17+00:00","dateModified":"2026-02-28T10:33:23+00:00","description":"Optimer dit vakuumf\u00f8dersystem med vores h\u00f8jtydende filterelementer. Vores vakuumf\u00f8derfiltre er designet til effektiv fjernelse af st\u00f8v og forurening og forbedrer systemets p\u00e5lidelighed og ydeevne. V\u00e6lg vores holdbare og effektive l\u00f8sninger til overlegen filtrering i industri- og laboratorieapplikationer","breadcrumb":{"@id":"https:\/\/lysinterfilter.com\/manufacturer\/vacuum-feeder-filter-element\/#breadcrumb"},"inLanguage":"da-DK","potentialAction":[{"@type":"ReadAction","target":["https:\/\/lysinterfilter.com\/manufacturer\/vacuum-feeder-filter-element\/"]}]},{"@type":"ImageObject","inLanguage":"da-DK","@id":"https:\/\/lysinterfilter.com\/manufacturer\/vacuum-feeder-filter-element\/#primaryimage","url":"https:\/\/lysinterfilter.com\/wp-content\/uploads\/2024\/06\/ve1.jpg","contentUrl":"https:\/\/lysinterfilter.com\/wp-content\/uploads\/2024\/06\/ve1.jpg","width":1024,"height":902,"caption":"{\"data\":{\"AIGC\":{\"Label\":\"1\",\"ContentProducer\":\"00119144030008867405X210002\",\"ProduceID\":\"b4dd3a0b4b4248b98cd22e8fcc3a78eb\",\"ReservedCode1\":\"\",\"ContentPropagator\":\"00119144030008867405X220002\",\"PropagateID\":\"\",\"ReservedCode2\":\"\"},\"pictureId\":\"43ef3533430f4fad8540135cfb22bcb4\",\"appversion\":\"14.0.0\",\"stickerId\":\"\",\"filterId\":\"\",\"infoStickerId\":\"\",\"imageEffectId\":\"\",\"playId\":\"7525361529512938806\",\"activityName\":\"\",\"os\":\"android\",\"product\":\"retouch\",\"originAppId\":\"2515\",\"exportType\":\"\",\"editType\":\"\",\"alias\":\"UH6PcfMavpR0B26NWRK3F\/bQ5hx0SWHa9+7tRGt4j9lFa3tzOgpm6vRyDzzARKMaTuhSDA4F95ZeoBMf5OYDSB6fkxS2ghZ4e+58YF3xym67eA6ae3XaeThPez10lqimU\/NZTf159LsHKzXFIWxk\/oMKtPzy0LzK1vy50Y0UtQGgLLXwU9TQzgXQV4KGozudoUHd9jWPjADU7k95b8YfkwWj+EC2DfKQHAUiPyV\/xIVWV1G4nvR7\/DMvDfqw0gwMEXPvOtcYiecP+eTA7e1hgie04sKQ\/kW626LWYFSt9IeT3cG2v9jZKpRT8SFtMHai0hBy9kPwJtyUoJlOCWcZOQ==\",\"enterFrom\":\"enter_launch\",\"capability_key\":[\"playfunction\"],\"capability_extra_v2\":{\"playfunction\":[{\"resource_id\":\"7525361529512938806\",\"origin\":\"heycan\"}]},\"effect_type\":\"tool\",\"effect_id\":\"playfunction#7525361529512938806\"},\"source_type\":\"douyin_beauty_me\"}"},{"@type":"BreadcrumbList","@id":"https:\/\/lysinterfilter.com\/manufacturer\/vacuum-feeder-filter-element\/#breadcrumb","itemListElement":[{"@type":"ListItem","position":1,"name":"Home","item":"https:\/\/lysinterfilter.com\/"},{"@type":"ListItem","position":2,"name":"Products","item":"https:\/\/lysinterfilter.com\/shop\/"},{"@type":"ListItem","position":3,"name":"Vacuum feeder filter element"}]},{"@type":"WebSite","@id":"https:\/\/lysinterfilter.com\/#website","url":"https:\/\/lysinterfilter.com\/","name":"Porous Plastic Filter Manufacturer China","description":"","potentialAction":[{"@type":"SearchAction","target":{"@type":"EntryPoint","urlTemplate":"https:\/\/lysinterfilter.com\/?s={search_term_string}"},"query-input":{"@type":"PropertyValueSpecification","valueRequired":true,"valueName":"search_term_string"}}],"inLanguage":"da-DK"}]}},"_links":{"self":[{"href":"https:\/\/lysinterfilter.com\/da\/wp-json\/wp\/v2\/product\/1897","targetHints":{"allow":["GET"]}}],"collection":[{"href":"https:\/\/lysinterfilter.com\/da\/wp-json\/wp\/v2\/product"}],"about":[{"href":"https:\/\/lysinterfilter.com\/da\/wp-json\/wp\/v2\/types\/product"}],"wp:featuredmedia":[{"embeddable":true,"href":"https:\/\/lysinterfilter.com\/da\/wp-json\/wp\/v2\/media\/2742"}],"wp:attachment":[{"href":"https:\/\/lysinterfilter.com\/da\/wp-json\/wp\/v2\/media?parent=1897"}],"wp:term":[{"taxonomy":"product_brand","embeddable":true,"href":"https:\/\/lysinterfilter.com\/da\/wp-json\/wp\/v2\/product_brand?post=1897"},{"taxonomy":"product_cat","embeddable":true,"href":"https:\/\/lysinterfilter.com\/da\/wp-json\/wp\/v2\/product_cat?post=1897"},{"taxonomy":"product_tag","embeddable":true,"href":"https:\/\/lysinterfilter.com\/da\/wp-json\/wp\/v2\/product_tag?post=1897"}],"curies":[{"name":"wp","href":"https:\/\/api.w.org\/{rel}","templated":true}]}}